{"id":19657,"date":"2025-05-21T10:10:18","date_gmt":"2025-05-21T10:10:18","guid":{"rendered":"https:\/\/elfsight.com\/es\/?page_id=19657"},"modified":"2025-06-11T09:59:32","modified_gmt":"2025-06-11T09:59:32","slug":"webnode","status":"publish","type":"page","link":"https:\/\/elfsight.com\/es\/ada-compliance-widget\/webnode\/","title":{"rendered":"ADA Compliance &#8211; Webnode"},"content":{"rendered":"<div class=\"application-platform-content-item-description application-platform-content-item\" id=\"description\" data-nav-section=\"description\"> <h2>Integre el cumplimiento de la ADA en Webnode con un widget de Elfsight<\/h2> <p>El widget de cumplimiento de la ADA garantiza una experiencia intuitiva para visitantes de todas las capacidades al alinearse con los est\u00e1ndares clave de accesibilidad. Equipado con una gama de modos de accesibilidad asistida integrados, personaliza autom\u00e1ticamente su interfaz para ayudar a los usuarios con discapacidades visuales, de concentraci\u00f3n o motoras. No se requiere codificaci\u00f3n ni redise\u00f1os estructurales. Cada modo activa un conjunto cuidadosamente seleccionado de mejoras de accesibilidad para optimizar la accesibilidad del contenido y optimizar la interacci\u00f3n del usuario. <\/p><p>El widget tambi\u00e9n cuenta con un esc\u00e1ner inteligente de cumplimiento que identifica las brechas de accesibilidad en su sitio web y muestra los resultados directamente en la interfaz del widget. Puede descargar resultados detallados de auditor\u00eda y destacar su calificaci\u00f3n de accesibilidad para generar credibilidad y confianza. Con localizaci\u00f3n completa, facilita la participaci\u00f3n inclusiva de usuarios en diversos entornos ling\u00fc\u00edsticos y regionales. <\/p><p><strong>\u00a1Agregue el widget de la ADA a su sitio web de Webnode y refleje su compromiso con los est\u00e1ndares web inclusivos! <\/strong><\/p><\/div> <div class=\"application-platform-content-item-features application-platform-content-item\" id=\"features\" data-nav-section=\"features\"> <h2>A continuaci\u00f3n, encontrar\u00e1 las caracter\u00edsticas esenciales del widget:<\/h2><ul><li><b>Modos listos para usar para 8 escenarios de usuario.<\/b> Los usuarios con diversas discapacidades pueden encontrar un ajuste preestablecido perfecto para una experiencia de navegaci\u00f3n fluida y f\u00e1cil de usar.<\/li><li><b>Ajuste la configuraci\u00f3n del sitio web para mostrar el contenido.<\/b> El widget tiene configuraciones para mejorar la legibilidad del texto, la navegaci\u00f3n y los colores.<\/li><li><b>Comprobador de accesibilidad integrado.<\/b> Analice r\u00e1pidamente su sitio para detectar problemas de cumplimiento y mej\u00f3relo para una mejor accesibilidad.<\/li><li><b>Insignia de confianza con puntuaci\u00f3n de accesibilidad.<\/b> Publique los resultados de la auditor\u00eda en el widget para validar su compromiso continuo con los est\u00e1ndares.<\/li><li><b>Localizaci\u00f3n precisa.<\/b> El widget admite la localizaci\u00f3n y la traducci\u00f3n para 76 pa\u00edses, cumpliendo con los est\u00e1ndares de cumplimiento globales y las necesidades de accesibilidad. <\/li><\/ul><p><a href=\"#demo\">Simplemente revise todas las configuraciones del widget en el editor directamente en esta p\u00e1gina<\/a><\/p><\/div> <div class=\"application-platform-content-item-installation application-platform-content-item\" id=\"installation\" data-nav-section=\"installation\"> <h2>\u00bfC\u00f3mo integro el cumplimiento de la ADA en mi sitio web de Webnode?<\/h2><p>Aqu\u00ed tiene una gu\u00eda sencilla para tener el widget en su sitio web de Webnode. Solo le llevar\u00e1 un par de minutos y no requiere programaci\u00f3n.<\/p> <ol><li><strong>Crea su propio widget de cumplimiento de la ADA<\/strong><br> Comience con cualquier plantilla en el editor, trabaje con los elementos que desee y ajuste el widget a su estilo y configuraci\u00f3n preferidos.<\/li><li><strong>Obtenga el c\u00f3digo personal para integrar el widget<\/strong><br>Una vez que termine de crear el widget, recibir\u00e1 un c\u00f3digo HTML individual en su panel de control. Copie el c\u00f3digo que contiene toda la informaci\u00f3n sobre su configuraci\u00f3n. <\/li> <li><strong>Muestra el widget en tu sitio web de Webnode<\/strong><br> Define las \u00e1reas de tu sitio web donde deseas mostrar el cumplimiento de la ADA y pega el c\u00f3digo all\u00ed. Guarda los cambios. <\/li> <\/ol><p>\u00a1Listo! Ahora, comprueba c\u00f3mo funciona el widget en tu sitio web. <\/p><p>Si tienes alguna dificultad al integrar el widget en un sitio web, contacta con nuestro servicio de atenci\u00f3n al cliente. Estaremos encantados de mostrarte c\u00f3mo a\u00f1adir y gestionar tu soluci\u00f3n de accesibilidad. <\/p><\/div>","protected":false},"excerpt":{"rendered":"","protected":false},"author":9,"featured_media":0,"parent":19848,"menu_order":0,"comment_status":"closed","ping_status":"closed","template":"templates\/template-application-platform.php","meta":{"publish_to_discourse":"","publish_post_category":"","wpdc_auto_publish_overridden":"","wpdc_topic_tags":"","wpdc_pin_topic":"","wpdc_pin_until":"","discourse_post_id":"","discourse_permalink":"","wpdc_publishing_response":"","wpdc_publishing_error":"","footnotes":""},"class_list":["post-19657","page","type-page","status-publish","hentry"],"yoast_head":"<!-- This site is optimized with the Yoast SEO plugin v25.3.1 - https:\/\/yoast.com\/wordpress\/plugins\/seo\/ -->\n<title>Widget de cumplimiento de la ADA de Webnode: a\u00f1ade accesibilidad a tu sitio web [GRATIS]<\/title>\n<meta name=\"description\" content=\"A\u00f1ade un widget de cumplimiento de la ADA sin necesidad de c\u00f3digo a tu sitio web de Webnode. Prueba el editor en l\u00ednea de Elfsight para crear f\u00e1cilmente tu soluci\u00f3n personalizada.\" \/>\n<meta name=\"robots\" content=\"index, follow, max-snippet:-1, max-image-preview:large, max-video-preview:-1\" \/>\n<link rel=\"canonical\" href=\"https:\/\/elfsight.com\/es\/ada-compliance-widget\/webnode\/\" \/>\n<meta property=\"og:locale\" content=\"es_ES\" \/>\n<meta property=\"og:type\" content=\"article\" \/>\n<meta property=\"og:title\" content=\"Widget de cumplimiento de la ADA de Webnode: a\u00f1ade accesibilidad a tu sitio web [GRATIS]\" \/>\n<meta property=\"og:description\" content=\"A\u00f1ade un widget de cumplimiento de la ADA sin necesidad de c\u00f3digo a tu sitio web de Webnode. Prueba el editor en l\u00ednea de Elfsight para crear f\u00e1cilmente tu soluci\u00f3n personalizada.\" \/>\n<meta property=\"og:url\" content=\"https:\/\/elfsight.com\/es\/ada-compliance-widget\/webnode\/\" \/>\n<meta property=\"og:site_name\" content=\"Elfsight ES\" \/>\n<meta property=\"article:modified_time\" content=\"2025-06-11T09:59:32+00:00\" \/>\n<meta name=\"twitter:card\" content=\"summary_large_image\" \/>\n<meta name=\"twitter:label1\" content=\"Tiempo de lectura\" \/>\n\t<meta name=\"twitter:data1\" content=\"2 minutos\" \/>\n<!-- \/ Yoast SEO plugin. -->","yoast_head_json":{"title":"Widget de cumplimiento de la ADA de Webnode: a\u00f1ade accesibilidad a tu sitio web [GRATIS]","description":"A\u00f1ade un widget de cumplimiento de la ADA sin necesidad de c\u00f3digo a tu sitio web de Webnode. Prueba el editor en l\u00ednea de Elfsight para crear f\u00e1cilmente tu soluci\u00f3n personalizada.","robots":{"index":"index","follow":"follow","max-snippet":"max-snippet:-1","max-image-preview":"max-image-preview:large","max-video-preview":"max-video-preview:-1"},"canonical":"https:\/\/elfsight.com\/es\/ada-compliance-widget\/webnode\/","og_locale":"es_ES","og_type":"article","og_title":"Widget de cumplimiento de la ADA de Webnode: a\u00f1ade accesibilidad a tu sitio web [GRATIS]","og_description":"A\u00f1ade un widget de cumplimiento de la ADA sin necesidad de c\u00f3digo a tu sitio web de Webnode. Prueba el editor en l\u00ednea de Elfsight para crear f\u00e1cilmente tu soluci\u00f3n personalizada.","og_url":"https:\/\/elfsight.com\/es\/ada-compliance-widget\/webnode\/","og_site_name":"Elfsight ES","article_modified_time":"2025-06-11T09:59:32+00:00","twitter_card":"summary_large_image","twitter_misc":{"Tiempo de lectura":"2 minutos"},"schema":{"@context":"https:\/\/schema.org","@graph":[{"@type":"WebPage","@id":"https:\/\/elfsight.com\/es\/ada-compliance-widget\/webnode\/","url":"https:\/\/elfsight.com\/es\/ada-compliance-widget\/webnode\/","name":"Widget de cumplimiento de la ADA de Webnode: a\u00f1ade accesibilidad a tu sitio web [GRATIS]","isPartOf":{"@id":"https:\/\/elfsight.com\/es\/#website"},"datePublished":"2025-05-21T10:10:18+00:00","dateModified":"2025-06-11T09:59:32+00:00","description":"A\u00f1ade un widget de cumplimiento de la ADA sin necesidad de c\u00f3digo a tu sitio web de Webnode. Prueba el editor en l\u00ednea de Elfsight para crear f\u00e1cilmente tu soluci\u00f3n personalizada.","breadcrumb":{"@id":"https:\/\/elfsight.com\/es\/ada-compliance-widget\/webnode\/#breadcrumb"},"inLanguage":"es","potentialAction":[{"@type":"ReadAction","target":["https:\/\/elfsight.com\/es\/ada-compliance-widget\/webnode\/"]}]},{"@type":"BreadcrumbList","@id":"https:\/\/elfsight.com\/es\/ada-compliance-widget\/webnode\/#breadcrumb","itemListElement":[{"@type":"ListItem","position":1,"name":"Home","item":"https:\/\/elfsight.com\/es\/"},{"@type":"ListItem","position":2,"name":"Ada Compliance","item":"https:\/\/elfsight.com\/es\/ada-compliance-widget\/"},{"@type":"ListItem","position":3,"name":"ADA Compliance &#8211; Webnode"}]},{"@type":"WebSite","@id":"https:\/\/elfsight.com\/es\/#website","url":"https:\/\/elfsight.com\/es\/","name":"Elfsight ES","description":"Just another Elfsight Sites site","potentialAction":[{"@type":"SearchAction","target":{"@type":"EntryPoint","urlTemplate":"https:\/\/elfsight.com\/es\/?s={search_term_string}"},"query-input":{"@type":"PropertyValueSpecification","valueRequired":true,"valueName":"search_term_string"}}],"inLanguage":"es"}]}},"meta_box":{"industry":"","seo_heading":"","heading":"","description":"","cta_heading":"","cta_description":"","application":"19630","h1":"Widget de cumplimiento de la ADA para el sitio web de Webnode","h1_caption":"Haga que su sitio web Webnode cumpla con la ADA con un widget que modifica su contenido para adaptarse a las diversas necesidades de los usuarios: promueva el acceso inclusivo y demuestre su dedicaci\u00f3n a la accesibilidad web.","application_category":[],"applications_title":"","applications_request_title":"","applications_request_button_text":"","hero_text":"","hero_video":"","hero_video_schema_markup":"","selling_points_title":"","selling_points_caption":"","selling_points":[],"selling_points_cta_text":"","features_title":"","features":"","ed_cta_examples_text":"","ed_cta_examples_hidden":"","ed_cta_demo_text":"","ed_cta_demo_hidden":"","why_caption":"","why_editor_title":"","why_editor_text":"","why_team_title":"","why_team_text":"","why_service_title":"","why_service_text":"","template_catalog_visible":"","template_catalog_title":"","template_catalog_text":"","template_catalog_categories_visible":"","demo_title":"Cree su widget de cumplimiento de la ADA","demo_caption":"\u00a1Configure su ADA Compliance y agr\u00e9guelo a su sitio web Webnode gratis!","default_faq_hidden":"","app_template_category":[],"platform":"2302","template_public_id":"","codecanyon_url":"","codecanyon_item_id":"","codecanyon_price":"","pricing_caption":"","pricing_elfsight_apps_hide_column":"","pricing_elfsight_apps_url":"","pricing_codecanyon_price_caption":"","integration_category":[],"integration_request_title":"","integration_request_cta":"","integration_platform":"","integrations":[],"platform_category":[],"video_schema_markup":"","price":"desde $0 \/ mes","trial":"","benefits":[],"button_url":"#demo","button_target_blank":"0","button_nofollow":"","attributes":[{"name":"Instalaciones","content":"50,000 - 100,000","_state":"expanded"},{"name":"Sensible","content":"S\u00ed","_state":"expanded"},{"name":"Navegadores compatibles","content":"Firefox, Safari, Opera, Chrome, Edge","_state":"expanded"}],"tags":[],"tags_disable_links":"","hide_more_platforms":"","video_object":"","demo_hide_cta":"","demo_hide_cloud_options":"","pricing_title":"","pricing":[{"pricing_icon":"platform","pricing_title":"Elfsight Apps","pricing_title_caption":"Soluci\u00f3n digital multiplataforma que funciona en cualquier sitio","":"","pricing_price":"desde $0 \/ mes","pricing_price_caption":"Comienza con un plan gratuito","pricing_button_text":"A\u00f1adir al sitio web","pricing_button_url":"#demo"}],"related_apps_title":"","related_apps_hidden":"","author":"","image":[],"title":"","job":"","social_networks":[]},"_links":{"self":[{"href":"https:\/\/elfsight.com\/es\/wp-json\/wp\/v2\/pages\/19657","targetHints":{"allow":["GET"]}}],"collection":[{"href":"https:\/\/elfsight.com\/es\/wp-json\/wp\/v2\/pages"}],"about":[{"href":"https:\/\/elfsight.com\/es\/wp-json\/wp\/v2\/types\/page"}],"author":[{"embeddable":true,"href":"https:\/\/elfsight.com\/es\/wp-json\/wp\/v2\/users\/9"}],"replies":[{"embeddable":true,"href":"https:\/\/elfsight.com\/es\/wp-json\/wp\/v2\/comments?post=19657"}],"version-history":[{"count":1,"href":"https:\/\/elfsight.com\/es\/wp-json\/wp\/v2\/pages\/19657\/revisions"}],"predecessor-version":[{"id":19661,"href":"https:\/\/elfsight.com\/es\/wp-json\/wp\/v2\/pages\/19657\/revisions\/19661"}],"up":[{"embeddable":true,"href":"https:\/\/elfsight.com\/es\/wp-json\/wp\/v2\/pages\/19848"}],"wp:attachment":[{"href":"https:\/\/elfsight.com\/es\/wp-json\/wp\/v2\/media?parent=19657"}],"curies":[{"name":"wp","href":"https:\/\/api.w.org\/{rel}","templated":true}]}}