{"id":19654,"date":"2025-05-21T10:25:33","date_gmt":"2025-05-21T10:25:33","guid":{"rendered":"https:\/\/elfsight.com\/es\/?page_id=19654"},"modified":"2025-06-11T09:59:32","modified_gmt":"2025-06-11T09:59:32","slug":"drupal","status":"publish","type":"page","link":"https:\/\/elfsight.com\/es\/ada-compliance-widget\/drupal\/","title":{"rendered":"ADA Compliance &#8211; Drupal"},"content":{"rendered":"<div class=\"application-platform-content-item-description application-platform-content-item\" id=\"description\" data-nav-section=\"description\"> <h2>Integre el cumplimiento de la ADA en Drupal con un m\u00f3dulo Elfsight<\/h2> <p>El m\u00f3dulo de cumplimiento de la ADA garantiza una experiencia intuitiva para visitantes de todas las capacidades al alinearse con los est\u00e1ndares clave de accesibilidad. Equipado con una gama de modos de accesibilidad asistida integrados, personaliza din\u00e1micamente su interfaz para ayudar a los usuarios con discapacidades visuales, de concentraci\u00f3n o motoras. Funciona a la perfecci\u00f3n sin necesidad de c\u00f3digo personalizado ni cambios de dise\u00f1o. Cada modo aplica un conjunto de mejoras para que su contenido existente sea m\u00e1s accesible y las interacciones m\u00e1s c\u00f3modas. <\/p><p>El m\u00f3dulo tambi\u00e9n incluye un verificador de cumplimiento inteligente que analiza su sitio web en busca de problemas de accesibilidad y muestra los resultados de la auditor\u00eda directamente en el panel del m\u00f3dulo. Puede descargar un informe completo e incluso mostrar su puntuaci\u00f3n para generar credibilidad y confianza. Con la localizaci\u00f3n completa, ofrece una experiencia inclusiva a los usuarios en diferentes idiomas y regiones. <\/p><p><strong>\u00a1Agregue nuestro m\u00f3dulo de cumplimiento de la ADA a su sitio web Drupal y demuestre que la accesibilidad es parte de su est\u00e1ndar! <\/strong><\/p><\/div> <div class=\"application-platform-content-item-features application-platform-content-item\" id=\"features\" data-nav-section=\"features\"> <h2>A continuaci\u00f3n, se presentan las caracter\u00edsticas fundamentales del m\u00f3dulo:<\/h2><ul><li><b>Modos predefinidos para 8 escenarios de usuario.<\/b> Los usuarios con diversas discapacidades pueden encontrar un ajuste preestablecido perfecto para una experiencia de navegaci\u00f3n fluida y f\u00e1cil de usar.<\/li><li><b>Ajuste la configuraci\u00f3n del sitio web para mostrar el contenido.<\/b> El m\u00f3dulo incluye opciones de personalizaci\u00f3n para mejorar la claridad del texto, la navegaci\u00f3n del sitio y el contraste de color.<\/li><li><b>Comprobador de accesibilidad integrado.<\/b> Analice r\u00e1pidamente su sitio para detectar problemas de cumplimiento y mej\u00f3relo para una mejor accesibilidad.<\/li><li><b>Insignia de confianza con puntuaci\u00f3n de accesibilidad.<\/b> Publique los resultados de la auditor\u00eda dentro del m\u00f3dulo para validar su compromiso continuo con los est\u00e1ndares.<\/li><li><b>Localizaci\u00f3n precisa.<\/b> El m\u00f3dulo admite la localizaci\u00f3n y la traducci\u00f3n para 76 pa\u00edses, cumpliendo con los est\u00e1ndares de cumplimiento globales y las necesidades de accesibilidad. <\/li><\/ul><p><a href=\"#demo\">Prueba todas las funciones del m\u00f3dulo en el editor, directamente en esta p\u00e1gina<\/a><\/p><\/div> <div class=\"application-platform-content-item-installation application-platform-content-item\" id=\"installation\" data-nav-section=\"installation\"> <h2>\u00bfC\u00f3mo integrar el m\u00f3dulo de cumplimiento de la ADA en mi sitio web Drupal?<\/h2><p>Encuentra esta sencilla gu\u00eda para configurar el m\u00f3dulo en tu sitio web Drupal. Solo te llevar\u00e1 unos minutos y no requiere programaci\u00f3n.<\/p> <ol><li><strong>Crea tu m\u00f3dulo personalizado de cumplimiento de la ADA<\/strong><br> Comienza con cualquier plantilla en el editor, trabaja con sus elementos intuitivos y ajusta el m\u00f3dulo a tu dise\u00f1o y configuraci\u00f3n favoritos.<\/li><li><strong>Obt\u00e9n el c\u00f3digo personalizado para integrar el m\u00f3dulo<\/strong><br>Una vez que termines de crear el m\u00f3dulo, recibir\u00e1s un c\u00f3digo HTML individual en tu panel de control. Copia este c\u00f3digo, que contiene todos los detalles de tu configuraci\u00f3n. <\/li> <li><strong>Muestra el m\u00f3dulo en tu sitio web Drupal<\/strong><br> Define las \u00e1reas de tu sitio web donde quieres presentar la conformidad con la ADA y pega el c\u00f3digo all\u00ed. Guarda los cambios. <\/li> <\/ol><p>\u00a1Listo! Ahora, comprueba el rendimiento del m\u00f3dulo en tu sitio web. <\/p><p>Si tienes alguna dificultad al integrar el m\u00f3dulo en un sitio web, no dudes en contactar con nuestro centro de ayuda. Estaremos encantados de ayudarte a a\u00f1adir y administrar tu soluci\u00f3n de accesibilidad. <\/p><\/div>","protected":false},"excerpt":{"rendered":"","protected":false},"author":9,"featured_media":0,"parent":19848,"menu_order":0,"comment_status":"closed","ping_status":"closed","template":"templates\/template-application-platform.php","meta":{"publish_to_discourse":"","publish_post_category":"","wpdc_auto_publish_overridden":"","wpdc_topic_tags":"","wpdc_pin_topic":"","wpdc_pin_until":"","discourse_post_id":"","discourse_permalink":"","wpdc_publishing_response":"","wpdc_publishing_error":"","footnotes":""},"class_list":["post-19654","page","type-page","status-publish","hentry"],"yoast_head":"<!-- This site is optimized with the Yoast SEO plugin v25.3.1 - https:\/\/yoast.com\/wordpress\/plugins\/seo\/ -->\n<title>M\u00f3dulo de cumplimiento de ADA de Drupal: a\u00f1ada accesibilidad a su sitio web [GRATIS]<\/title>\n<meta name=\"description\" content=\"A\u00f1ade un m\u00f3dulo de cumplimiento de la ADA sin necesidad de c\u00f3digo a tu sitio web Drupal. Prueba el editor en l\u00ednea de Elfsight para generar f\u00e1cilmente tu soluci\u00f3n personalizada.\" \/>\n<meta name=\"robots\" content=\"index, follow, max-snippet:-1, max-image-preview:large, max-video-preview:-1\" \/>\n<link rel=\"canonical\" href=\"https:\/\/elfsight.com\/es\/ada-compliance-widget\/drupal\/\" \/>\n<meta property=\"og:locale\" content=\"es_ES\" \/>\n<meta property=\"og:type\" content=\"article\" \/>\n<meta property=\"og:title\" content=\"M\u00f3dulo de cumplimiento de ADA de Drupal: a\u00f1ada accesibilidad a su sitio web [GRATIS]\" \/>\n<meta property=\"og:description\" content=\"A\u00f1ade un m\u00f3dulo de cumplimiento de la ADA sin necesidad de c\u00f3digo a tu sitio web Drupal. Prueba el editor en l\u00ednea de Elfsight para generar f\u00e1cilmente tu soluci\u00f3n personalizada.\" \/>\n<meta property=\"og:url\" content=\"https:\/\/elfsight.com\/es\/ada-compliance-widget\/drupal\/\" \/>\n<meta property=\"og:site_name\" content=\"Elfsight ES\" \/>\n<meta property=\"article:modified_time\" content=\"2025-06-11T09:59:32+00:00\" \/>\n<meta name=\"twitter:card\" content=\"summary_large_image\" \/>\n<meta name=\"twitter:label1\" content=\"Tiempo de lectura\" \/>\n\t<meta name=\"twitter:data1\" content=\"3 minutos\" \/>\n<!-- \/ Yoast SEO plugin. -->","yoast_head_json":{"title":"M\u00f3dulo de cumplimiento de ADA de Drupal: a\u00f1ada accesibilidad a su sitio web [GRATIS]","description":"A\u00f1ade un m\u00f3dulo de cumplimiento de la ADA sin necesidad de c\u00f3digo a tu sitio web Drupal. Prueba el editor en l\u00ednea de Elfsight para generar f\u00e1cilmente tu soluci\u00f3n personalizada.","robots":{"index":"index","follow":"follow","max-snippet":"max-snippet:-1","max-image-preview":"max-image-preview:large","max-video-preview":"max-video-preview:-1"},"canonical":"https:\/\/elfsight.com\/es\/ada-compliance-widget\/drupal\/","og_locale":"es_ES","og_type":"article","og_title":"M\u00f3dulo de cumplimiento de ADA de Drupal: a\u00f1ada accesibilidad a su sitio web [GRATIS]","og_description":"A\u00f1ade un m\u00f3dulo de cumplimiento de la ADA sin necesidad de c\u00f3digo a tu sitio web Drupal. Prueba el editor en l\u00ednea de Elfsight para generar f\u00e1cilmente tu soluci\u00f3n personalizada.","og_url":"https:\/\/elfsight.com\/es\/ada-compliance-widget\/drupal\/","og_site_name":"Elfsight ES","article_modified_time":"2025-06-11T09:59:32+00:00","twitter_card":"summary_large_image","twitter_misc":{"Tiempo de lectura":"3 minutos"},"schema":{"@context":"https:\/\/schema.org","@graph":[{"@type":"WebPage","@id":"https:\/\/elfsight.com\/es\/ada-compliance-widget\/drupal\/","url":"https:\/\/elfsight.com\/es\/ada-compliance-widget\/drupal\/","name":"M\u00f3dulo de cumplimiento de ADA de Drupal: a\u00f1ada accesibilidad a su sitio web [GRATIS]","isPartOf":{"@id":"https:\/\/elfsight.com\/es\/#website"},"datePublished":"2025-05-21T10:25:33+00:00","dateModified":"2025-06-11T09:59:32+00:00","description":"A\u00f1ade un m\u00f3dulo de cumplimiento de la ADA sin necesidad de c\u00f3digo a tu sitio web Drupal. Prueba el editor en l\u00ednea de Elfsight para generar f\u00e1cilmente tu soluci\u00f3n personalizada.","breadcrumb":{"@id":"https:\/\/elfsight.com\/es\/ada-compliance-widget\/drupal\/#breadcrumb"},"inLanguage":"es","potentialAction":[{"@type":"ReadAction","target":["https:\/\/elfsight.com\/es\/ada-compliance-widget\/drupal\/"]}]},{"@type":"BreadcrumbList","@id":"https:\/\/elfsight.com\/es\/ada-compliance-widget\/drupal\/#breadcrumb","itemListElement":[{"@type":"ListItem","position":1,"name":"Home","item":"https:\/\/elfsight.com\/es\/"},{"@type":"ListItem","position":2,"name":"Ada Compliance","item":"https:\/\/elfsight.com\/es\/ada-compliance-widget\/"},{"@type":"ListItem","position":3,"name":"ADA Compliance &#8211; Drupal"}]},{"@type":"WebSite","@id":"https:\/\/elfsight.com\/es\/#website","url":"https:\/\/elfsight.com\/es\/","name":"Elfsight ES","description":"Just another Elfsight Sites site","potentialAction":[{"@type":"SearchAction","target":{"@type":"EntryPoint","urlTemplate":"https:\/\/elfsight.com\/es\/?s={search_term_string}"},"query-input":{"@type":"PropertyValueSpecification","valueRequired":true,"valueName":"search_term_string"}}],"inLanguage":"es"}]}},"meta_box":{"industry":"","seo_heading":"","heading":"","description":"","cta_heading":"","cta_description":"","application":"19630","h1":"M\u00f3dulo de cumplimiento de la ADA para sitios web de Drupal","h1_caption":"Haga que su sitio web Drupal cumpla con la normativa ADA con un m\u00f3dulo que adapta su contenido para todos los usuarios: mejore la inclusi\u00f3n de los usuarios y refuerce su compromiso de accesibilidad.","application_category":[],"applications_title":"","applications_request_title":"","applications_request_button_text":"","hero_text":"","hero_video":"","hero_video_schema_markup":"","selling_points_title":"","selling_points_caption":"","selling_points":[],"selling_points_cta_text":"","features_title":"","features":"","ed_cta_examples_text":"","ed_cta_examples_hidden":"","ed_cta_demo_text":"","ed_cta_demo_hidden":"","why_caption":"","why_editor_title":"","why_editor_text":"","why_team_title":"","why_team_text":"","why_service_title":"","why_service_text":"","template_catalog_visible":"","template_catalog_title":"","template_catalog_text":"","template_catalog_categories_visible":"","demo_title":"Cree su m\u00f3dulo de cumplimiento de la ADA","demo_caption":"\u00a1Configure su ADA Compliance y agr\u00e9guelo a su sitio web Drupal gratis!","default_faq_hidden":"","app_template_category":[],"platform":"2161","template_public_id":"","codecanyon_url":"","codecanyon_item_id":"","codecanyon_price":"","pricing_caption":"","pricing_elfsight_apps_hide_column":"","pricing_elfsight_apps_url":"","pricing_codecanyon_price_caption":"","integration_category":[],"integration_request_title":"","integration_request_cta":"","integration_platform":"","integrations":[],"platform_category":[],"video_schema_markup":"","price":"desde $0 \/ mes","trial":"","benefits":[],"button_url":"#demo","button_target_blank":"0","button_nofollow":"","attributes":[{"name":"Instalaciones","content":"50,000 - 100,000","_state":"expanded"},{"name":"Sensible","content":"S\u00ed","_state":"expanded"},{"name":"Navegadores compatibles","content":"Firefox, Safari, Opera, Chrome, Edge","_state":"expanded"}],"tags":[],"tags_disable_links":"","hide_more_platforms":"","video_object":"","demo_hide_cta":"","demo_hide_cloud_options":"","pricing_title":"","pricing":[{"pricing_icon":"platform","pricing_title":"Elfsight Apps","pricing_title_caption":"Versi\u00f3n multiplataforma que funciona en cualquier sitio web.","":"","pricing_price":"desde $0 \/ mes","pricing_price_caption":"Comienza con un plan gratuito","pricing_button_text":"A\u00f1adir al sitio web","pricing_button_url":"#demo"}],"related_apps_title":"","related_apps_hidden":"","author":"","image":[],"title":"","job":"","social_networks":[]},"_links":{"self":[{"href":"https:\/\/elfsight.com\/es\/wp-json\/wp\/v2\/pages\/19654","targetHints":{"allow":["GET"]}}],"collection":[{"href":"https:\/\/elfsight.com\/es\/wp-json\/wp\/v2\/pages"}],"about":[{"href":"https:\/\/elfsight.com\/es\/wp-json\/wp\/v2\/types\/page"}],"author":[{"embeddable":true,"href":"https:\/\/elfsight.com\/es\/wp-json\/wp\/v2\/users\/9"}],"replies":[{"embeddable":true,"href":"https:\/\/elfsight.com\/es\/wp-json\/wp\/v2\/comments?post=19654"}],"version-history":[{"count":1,"href":"https:\/\/elfsight.com\/es\/wp-json\/wp\/v2\/pages\/19654\/revisions"}],"predecessor-version":[{"id":19658,"href":"https:\/\/elfsight.com\/es\/wp-json\/wp\/v2\/pages\/19654\/revisions\/19658"}],"up":[{"embeddable":true,"href":"https:\/\/elfsight.com\/es\/wp-json\/wp\/v2\/pages\/19848"}],"wp:attachment":[{"href":"https:\/\/elfsight.com\/es\/wp-json\/wp\/v2\/media?parent=19654"}],"curies":[{"name":"wp","href":"https:\/\/api.w.org\/{rel}","templated":true}]}}