{"id":19648,"date":"2025-05-21T10:31:16","date_gmt":"2025-05-21T10:31:16","guid":{"rendered":"https:\/\/elfsight.com\/es\/?page_id=19648"},"modified":"2025-06-11T09:59:25","modified_gmt":"2025-06-11T09:59:25","slug":"prestashop","status":"publish","type":"page","link":"https:\/\/elfsight.com\/es\/ada-compliance-widget\/prestashop\/","title":{"rendered":"ADA Compliance &#8211; PrestaShop"},"content":{"rendered":"<div class=\"application-platform-content-item-description application-platform-content-item\" id=\"description\" data-nav-section=\"description\"> <h2>Integre el cumplimiento de la ADA en PrestaShop con un complemento de Elfsight<\/h2> <p>El complemento de cumplimiento de la ADA ayuda a garantizar que su sitio web sea f\u00e1cil de usar para todos, cumpliendo con las directrices de accesibilidad reconocidas. Con compatibilidad integrada con m\u00faltiples modos de asistencia, ajusta din\u00e1micamente su interfaz para adaptarse a usuarios con discapacidades visuales, de concentraci\u00f3n o motoras. No necesita codificaci\u00f3n ni redise\u00f1os adicionales. Cada ajuste preestablecido ofrece una combinaci\u00f3n bien dise\u00f1ada de mejoras de usabilidad para mejorar la accesibilidad de su contenido actual y la comodidad de la interacci\u00f3n del usuario. <\/p><p>El complemento tambi\u00e9n cuenta con un esc\u00e1ner de cumplimiento inteligente que identifica las brechas de accesibilidad en su sitio web y muestra los resultados directamente en la interfaz. Puede exportar un informe completo de accesibilidad y mostrar su puntuaci\u00f3n de cumplimiento p\u00fablicamente para generar credibilidad y confianza. Con la localizaci\u00f3n completa, ofrece una experiencia inclusiva a usuarios de diferentes idiomas y regiones. <\/p><p><strong>\u00a1Integre nuestro complemento ADA Compliance en su sitio web de PrestaShop para demostrar su compromiso con las mejores pr\u00e1cticas de accesibilidad! <\/strong><\/p><\/div> <div class=\"application-platform-content-item-features application-platform-content-item\" id=\"features\" data-nav-section=\"features\"> <h2>Estas son solo algunas de las diversas caracter\u00edsticas del complemento:<\/h2><ul><li><b>Modos listos para usar para 8 escenarios de usuario.<\/b> Las personas con diversas discapacidades pueden seleccionar un modo de accesibilidad ideal para explorar su sitio web con comodidad.<\/li><li><b>Modifique la configuraci\u00f3n del sitio web para mostrar el contenido.<\/b> El complemento incluye opciones de personalizaci\u00f3n para mejorar la claridad del texto, la navegaci\u00f3n del sitio y el contraste de color.<\/li><li><b>Comprobador de accesibilidad integrado.<\/b> Eval\u00fae f\u00e1cilmente su sitio web para identificar brechas y mejorarlo para una mejor accesibilidad.<\/li><li><b>Insignia de confianza con puntuaci\u00f3n de accesibilidad.<\/b> Publique los resultados de la auditor\u00eda en el complemento para validar su compromiso continuo con los est\u00e1ndares. <\/li><li><b>Localizaci\u00f3n precisa.<\/b> El complemento admite la localizaci\u00f3n y traducci\u00f3n para 76 pa\u00edses, cumpliendo con los est\u00e1ndares globales de cumplimiento y las necesidades de accesibilidad.<\/li><\/ul><p><a href=\"#demo\">El editor intuitivo te muestra c\u00f3mo funcionan las funciones y opciones directamente en esta p\u00e1gina<\/a><\/p><\/div> <div class=\"application-platform-content-item-installation application-platform-content-item\" id=\"installation\" data-nav-section=\"installation\"> <h2>\u00bfC\u00f3mo integro el cumplimiento de la ADA en mi sitio web de PrestaShop?<\/h2><p>Aqu\u00ed tienes una forma sencilla de tener el complemento en tu sitio web de PrestaShop. Solo te llevar\u00e1 unos minutos y no requiere programaci\u00f3n.<\/p> <ol><li><strong>Crea tu complemento personalizado de cumplimiento de la ADA<\/strong><br> Empieza con cualquier plantilla del editor, trabaja con los elementos que contiene y personaliza el complemento con el estilo y la configuraci\u00f3n que desees. <\/li><li><strong>Obt\u00e9n el c\u00f3digo personal para integrar el complemento<\/strong><br> En cuanto termines de crear el complemento, recibir\u00e1s un c\u00f3digo HTML individual en tu panel de control. Copia el c\u00f3digo que contiene toda la informaci\u00f3n sobre tus ajustes. <\/li> <li><strong>Muestra el complemento en tu sitio web de PrestaShop<\/strong><br> Define las \u00e1reas de tu sitio web donde deseas presentar el cumplimiento de la ADA y pega el c\u00f3digo all\u00ed. Guarda los cambios. <\/li> <\/ol><p>\u00a1Listo! Ahora, comprueba el rendimiento del complemento en tu sitio web. <\/p><p>Si tienes alg\u00fan inconveniente al integrar el complemento en un sitio web, ponte en contacto con nuestro servicio de atenci\u00f3n al cliente. Estaremos encantados de mostrarte c\u00f3mo a\u00f1adir y ajustar tu soluci\u00f3n de accesibilidad. <\/p><\/div>","protected":false},"excerpt":{"rendered":"","protected":false},"author":9,"featured_media":0,"parent":19848,"menu_order":0,"comment_status":"closed","ping_status":"closed","template":"templates\/template-application-platform.php","meta":{"publish_to_discourse":"","publish_post_category":"","wpdc_auto_publish_overridden":"","wpdc_topic_tags":"","wpdc_pin_topic":"","wpdc_pin_until":"","discourse_post_id":"","discourse_permalink":"","wpdc_publishing_response":"","wpdc_publishing_error":"","footnotes":""},"class_list":["post-19648","page","type-page","status-publish","hentry"],"yoast_head":"<!-- This site is optimized with the Yoast SEO plugin v25.3.1 - https:\/\/yoast.com\/wordpress\/plugins\/seo\/ -->\n<title>Complemento de cumplimiento de la ADA para PrestaShop: a\u00f1ade accesibilidad a tu sitio web [GRATIS]<\/title>\n<meta name=\"description\" content=\"A\u00f1ade un complemento de cumplimiento de la ADA a tu sitio web de PrestaShop. Usa el sencillo editor de Elfsight para crear f\u00e1cilmente tu soluci\u00f3n \u00fanica.\" \/>\n<meta name=\"robots\" content=\"index, follow, max-snippet:-1, max-image-preview:large, max-video-preview:-1\" \/>\n<link rel=\"canonical\" href=\"https:\/\/elfsight.com\/es\/ada-compliance-widget\/prestashop\/\" \/>\n<meta property=\"og:locale\" content=\"es_ES\" \/>\n<meta property=\"og:type\" content=\"article\" \/>\n<meta property=\"og:title\" content=\"Complemento de cumplimiento de la ADA para PrestaShop: a\u00f1ade accesibilidad a tu sitio web [GRATIS]\" \/>\n<meta property=\"og:description\" content=\"A\u00f1ade un complemento de cumplimiento de la ADA a tu sitio web de PrestaShop. Usa el sencillo editor de Elfsight para crear f\u00e1cilmente tu soluci\u00f3n \u00fanica.\" \/>\n<meta property=\"og:url\" content=\"https:\/\/elfsight.com\/es\/ada-compliance-widget\/prestashop\/\" \/>\n<meta property=\"og:site_name\" content=\"Elfsight ES\" \/>\n<meta property=\"article:modified_time\" content=\"2025-06-11T09:59:25+00:00\" \/>\n<meta name=\"twitter:card\" content=\"summary_large_image\" \/>\n<meta name=\"twitter:label1\" content=\"Tiempo de lectura\" \/>\n\t<meta name=\"twitter:data1\" content=\"2 minutos\" \/>\n<!-- \/ Yoast SEO plugin. -->","yoast_head_json":{"title":"Complemento de cumplimiento de la ADA para PrestaShop: a\u00f1ade accesibilidad a tu sitio web [GRATIS]","description":"A\u00f1ade un complemento de cumplimiento de la ADA a tu sitio web de PrestaShop. Usa el sencillo editor de Elfsight para crear f\u00e1cilmente tu soluci\u00f3n \u00fanica.","robots":{"index":"index","follow":"follow","max-snippet":"max-snippet:-1","max-image-preview":"max-image-preview:large","max-video-preview":"max-video-preview:-1"},"canonical":"https:\/\/elfsight.com\/es\/ada-compliance-widget\/prestashop\/","og_locale":"es_ES","og_type":"article","og_title":"Complemento de cumplimiento de la ADA para PrestaShop: a\u00f1ade accesibilidad a tu sitio web [GRATIS]","og_description":"A\u00f1ade un complemento de cumplimiento de la ADA a tu sitio web de PrestaShop. Usa el sencillo editor de Elfsight para crear f\u00e1cilmente tu soluci\u00f3n \u00fanica.","og_url":"https:\/\/elfsight.com\/es\/ada-compliance-widget\/prestashop\/","og_site_name":"Elfsight ES","article_modified_time":"2025-06-11T09:59:25+00:00","twitter_card":"summary_large_image","twitter_misc":{"Tiempo de lectura":"2 minutos"},"schema":{"@context":"https:\/\/schema.org","@graph":[{"@type":"WebPage","@id":"https:\/\/elfsight.com\/es\/ada-compliance-widget\/prestashop\/","url":"https:\/\/elfsight.com\/es\/ada-compliance-widget\/prestashop\/","name":"Complemento de cumplimiento de la ADA para PrestaShop: a\u00f1ade accesibilidad a tu sitio web [GRATIS]","isPartOf":{"@id":"https:\/\/elfsight.com\/es\/#website"},"datePublished":"2025-05-21T10:31:16+00:00","dateModified":"2025-06-11T09:59:25+00:00","description":"A\u00f1ade un complemento de cumplimiento de la ADA a tu sitio web de PrestaShop. Usa el sencillo editor de Elfsight para crear f\u00e1cilmente tu soluci\u00f3n \u00fanica.","breadcrumb":{"@id":"https:\/\/elfsight.com\/es\/ada-compliance-widget\/prestashop\/#breadcrumb"},"inLanguage":"es","potentialAction":[{"@type":"ReadAction","target":["https:\/\/elfsight.com\/es\/ada-compliance-widget\/prestashop\/"]}]},{"@type":"BreadcrumbList","@id":"https:\/\/elfsight.com\/es\/ada-compliance-widget\/prestashop\/#breadcrumb","itemListElement":[{"@type":"ListItem","position":1,"name":"Home","item":"https:\/\/elfsight.com\/es\/"},{"@type":"ListItem","position":2,"name":"Ada Compliance","item":"https:\/\/elfsight.com\/es\/ada-compliance-widget\/"},{"@type":"ListItem","position":3,"name":"ADA Compliance &#8211; PrestaShop"}]},{"@type":"WebSite","@id":"https:\/\/elfsight.com\/es\/#website","url":"https:\/\/elfsight.com\/es\/","name":"Elfsight ES","description":"Just another Elfsight Sites site","potentialAction":[{"@type":"SearchAction","target":{"@type":"EntryPoint","urlTemplate":"https:\/\/elfsight.com\/es\/?s={search_term_string}"},"query-input":{"@type":"PropertyValueSpecification","valueRequired":true,"valueName":"search_term_string"}}],"inLanguage":"es"}]}},"meta_box":{"industry":"","seo_heading":"","heading":"","description":"","cta_heading":"","cta_description":"","application":"19630","h1":"Complemento de cumplimiento de la ADA para sitios web de PrestaShop","h1_caption":"Haga que su sitio web PrestaShop cumpla con la norma ADA con un complemento que personaliza su contenido para usuarios de todas las capacidades: fortalezca la inclusi\u00f3n y destaque sus esfuerzos de accesibilidad.","application_category":[],"applications_title":"","applications_request_title":"","applications_request_button_text":"","hero_text":"","hero_video":"","hero_video_schema_markup":"","selling_points_title":"","selling_points_caption":"","selling_points":[],"selling_points_cta_text":"","features_title":"","features":"","ed_cta_examples_text":"","ed_cta_examples_hidden":"","ed_cta_demo_text":"","ed_cta_demo_hidden":"","why_caption":"","why_editor_title":"","why_editor_text":"","why_team_title":"","why_team_text":"","why_service_title":"","why_service_text":"","template_catalog_visible":"","template_catalog_title":"","template_catalog_text":"","template_catalog_categories_visible":"","demo_title":"Cree su complemento de cumplimiento de la ADA","demo_caption":"\u00a1Configura tu ADA Compliance y agr\u00e9galo a tu sitio web PrestaShop gratis!","default_faq_hidden":"","app_template_category":[],"platform":"2250","template_public_id":"","codecanyon_url":"","codecanyon_item_id":"","codecanyon_price":"","pricing_caption":"","pricing_elfsight_apps_hide_column":"","pricing_elfsight_apps_url":"","pricing_codecanyon_price_caption":"","integration_category":[],"integration_request_title":"","integration_request_cta":"","integration_platform":"","integrations":[],"platform_category":[],"video_schema_markup":"","price":"desde $0 \/ mes","trial":"","benefits":[],"button_url":"#demo","button_target_blank":"0","button_nofollow":"","attributes":[{"name":"Instalaciones","content":"50,000 - 100,000","_state":"expanded"},{"name":"Sensible","content":"S\u00ed","_state":"expanded"},{"name":"Navegadores compatibles","content":"Firefox, Safari, Opera, Chrome, Edge","_state":"expanded"}],"tags":[],"tags_disable_links":"","hide_more_platforms":"","video_object":"","demo_hide_cta":"","demo_hide_cloud_options":"","pricing_title":"","pricing":[{"pricing_icon":"platform","pricing_title":"Elfsight Apps","pricing_title_caption":"Soluci\u00f3n digital multiplataforma","":"","pricing_price":"desde $0 \/ mes","pricing_price_caption":"Comienza con un plan gratuito","pricing_button_text":"A\u00f1adir al sitio web","pricing_button_url":"#demo"}],"related_apps_title":"","related_apps_hidden":"","author":"","image":[],"title":"","job":"","social_networks":[]},"_links":{"self":[{"href":"https:\/\/elfsight.com\/es\/wp-json\/wp\/v2\/pages\/19648","targetHints":{"allow":["GET"]}}],"collection":[{"href":"https:\/\/elfsight.com\/es\/wp-json\/wp\/v2\/pages"}],"about":[{"href":"https:\/\/elfsight.com\/es\/wp-json\/wp\/v2\/types\/page"}],"author":[{"embeddable":true,"href":"https:\/\/elfsight.com\/es\/wp-json\/wp\/v2\/users\/9"}],"replies":[{"embeddable":true,"href":"https:\/\/elfsight.com\/es\/wp-json\/wp\/v2\/comments?post=19648"}],"version-history":[{"count":1,"href":"https:\/\/elfsight.com\/es\/wp-json\/wp\/v2\/pages\/19648\/revisions"}],"predecessor-version":[{"id":19652,"href":"https:\/\/elfsight.com\/es\/wp-json\/wp\/v2\/pages\/19648\/revisions\/19652"}],"up":[{"embeddable":true,"href":"https:\/\/elfsight.com\/es\/wp-json\/wp\/v2\/pages\/19848"}],"wp:attachment":[{"href":"https:\/\/elfsight.com\/es\/wp-json\/wp\/v2\/media?parent=19648"}],"curies":[{"name":"wp","href":"https:\/\/api.w.org\/{rel}","templated":true}]}}