{"id":19647,"date":"2025-05-21T10:38:37","date_gmt":"2025-05-21T10:38:37","guid":{"rendered":"https:\/\/elfsight.com\/es\/?page_id=19647"},"modified":"2025-06-11T09:59:25","modified_gmt":"2025-06-11T09:59:25","slug":"google-sites","status":"publish","type":"page","link":"https:\/\/elfsight.com\/es\/ada-compliance-widget\/google-sites\/","title":{"rendered":"ADA Compliance &#8211; Google Sites"},"content":{"rendered":"<div class=\"application-platform-content-item-description application-platform-content-item\" id=\"description\" data-nav-section=\"description\"> <h2>Integre el cumplimiento de la ADA en Google Sites con un widget de Elfsight<\/h2> <p>El widget de cumplimiento de la ADA ayuda a garantizar una navegaci\u00f3n fluida y usabilidad para un p\u00fablico diverso al cumplir con los principales est\u00e1ndares y pr\u00e1cticas recomendadas de accesibilidad web. Equipado con una gama de modos de accesibilidad asistida integrados, ajusta autom\u00e1ticamente su dise\u00f1o y contenido para ayudar a los usuarios con discapacidades visuales, de concentraci\u00f3n o motoras. Funciona a la perfecci\u00f3n sin necesidad de c\u00f3digo personalizado ni cambios de dise\u00f1o. Cada modo activa un conjunto cuidadosamente seleccionado de mejoras de accesibilidad para optimizar la accesibilidad de su contenido actual y mejorar la comodidad de la interacci\u00f3n del usuario. <\/p><p>El widget tambi\u00e9n cuenta con un esc\u00e1ner de cumplimiento inteligente que identifica las brechas de accesibilidad en su sitio web y muestra los resultados de la auditor\u00eda directamente en el panel del widget. Puede exportar un informe completo de accesibilidad y publicar su puntuaci\u00f3n de cumplimiento para generar credibilidad y confianza. Con una localizaci\u00f3n completa, facilita la participaci\u00f3n inclusiva de usuarios en diversos entornos ling\u00fc\u00edsticos y regionales. <\/p><p><strong>\u00a1Agrega el widget ADA a tu sitio web de Google Sites y refleja tu compromiso con los est\u00e1ndares web inclusivos! <\/strong><\/p><\/div> <div class=\"application-platform-content-item-features application-platform-content-item\" id=\"features\" data-nav-section=\"features\"> <h2>Estas son las caracter\u00edsticas b\u00e1sicas del widget:<\/h2><ul><li><b>Modos predefinidos para 8 escenarios de usuario.<\/b> Los usuarios con diversas discapacidades pueden encontrar el ajuste preestablecido perfecto para una experiencia de navegaci\u00f3n fluida e intuitiva.<\/li><li><b>Ajusta la configuraci\u00f3n del sitio web para mostrar el contenido.<\/b> El widget tiene ajustes para mejorar la legibilidad del texto, la navegaci\u00f3n y los colores.<\/li><li><b>Comprobador de accesibilidad integrado.<\/b> Analiza f\u00e1cilmente tu sitio web para detectar puntos d\u00e9biles y mejorarlo para una mejor accesibilidad.<\/li><li><b>Insignia de confianza con puntuaci\u00f3n de accesibilidad.<\/b> Publica los resultados de la auditor\u00eda en el widget para validar tu compromiso continuo con los est\u00e1ndares.<\/li><li><b>Localizaci\u00f3n precisa. El widget ofrece localizaci\u00f3n cultural e idiom\u00e1tica en 76 regiones para cumplir con las leyes de accesibilidad y su implementaci\u00f3n internacional. <\/li><\/ul><p><a href=\"#demo\">Usa el sencillo editor para descubrir c\u00f3mo funciona el widget<\/a><\/p><\/div> <div class=\"application-platform-content-item-installation application-platform-content-item\" id=\"installation\" data-nav-section=\"installation\"> <h2>\u00bfC\u00f3mo integrar el cumplimiento de la ADA en mi sitio web de Google Sites?<\/h2><p>Descubre esta sencilla forma de configurar el widget en tu sitio web de Google Sites. Solo te llevar\u00e1 unos minutos y no requiere programaci\u00f3n. <\/p> <ol><li><strong>Crea tu widget personalizado de cumplimiento de la ADA<\/strong><br> Empieza con cualquier plantilla del editor, trabaja con los elementos que contiene y personaliza el widget con el estilo y la configuraci\u00f3n que desees. <\/li><li><strong>Recibe el c\u00f3digo personal para integrar el widget<\/strong><br> Una vez creado el widget, recibir\u00e1s un c\u00f3digo HTML individual en tu panel de control. Copia este c\u00f3digo que contiene toda la informaci\u00f3n sobre tus ajustes. <\/li> <li><strong>Muestra el widget en tu sitio web de Google Sites<\/strong><br> Selecciona las \u00e1reas de tu sitio web donde deseas mostrar el cumplimiento de la ADA y pega el c\u00f3digo all\u00ed. Guarda los cambios. <\/li> <\/ol><p>\u00a1Listo! Ahora, comprueba el rendimiento del widget en tu sitio web. <\/p><p>Si tienes alg\u00fan problema al integrar el widget en tu sitio web, contacta con nuestro centro de ayuda. Estaremos encantados de ayudarte a a\u00f1adir y ajustar tu soluci\u00f3n de accesibilidad. <\/p><\/div>","protected":false},"excerpt":{"rendered":"","protected":false},"author":9,"featured_media":0,"parent":19848,"menu_order":0,"comment_status":"closed","ping_status":"closed","template":"templates\/template-application-platform.php","meta":{"publish_to_discourse":"","publish_post_category":"","wpdc_auto_publish_overridden":"","wpdc_topic_tags":"","wpdc_pin_topic":"","wpdc_pin_until":"","discourse_post_id":"","discourse_permalink":"","wpdc_publishing_response":"","wpdc_publishing_error":"","footnotes":""},"class_list":["post-19647","page","type-page","status-publish","hentry"],"yoast_head":"<!-- This site is optimized with the Yoast SEO plugin v25.3.1 - https:\/\/yoast.com\/wordpress\/plugins\/seo\/ -->\n<title>Widget de cumplimiento de la ADA de Google Sites: agregue accesibilidad a su sitio web [GRATIS]<\/title>\n<meta name=\"description\" content=\"A\u00f1ade un widget de cumplimiento de la ADA sin c\u00f3digo a tu sitio web de Google Sites. Prueba el editor intuitivo de Elfsight para crear f\u00e1cilmente tu soluci\u00f3n personalizada.\" \/>\n<meta name=\"robots\" content=\"index, follow, max-snippet:-1, max-image-preview:large, max-video-preview:-1\" \/>\n<link rel=\"canonical\" href=\"https:\/\/elfsight.com\/es\/ada-compliance-widget\/google-sites\/\" \/>\n<meta property=\"og:locale\" content=\"es_ES\" \/>\n<meta property=\"og:type\" content=\"article\" \/>\n<meta property=\"og:title\" content=\"Widget de cumplimiento de la ADA de Google Sites: agregue accesibilidad a su sitio web [GRATIS]\" \/>\n<meta property=\"og:description\" content=\"A\u00f1ade un widget de cumplimiento de la ADA sin c\u00f3digo a tu sitio web de Google Sites. Prueba el editor intuitivo de Elfsight para crear f\u00e1cilmente tu soluci\u00f3n personalizada.\" \/>\n<meta property=\"og:url\" content=\"https:\/\/elfsight.com\/es\/ada-compliance-widget\/google-sites\/\" \/>\n<meta property=\"og:site_name\" content=\"Elfsight ES\" \/>\n<meta property=\"article:modified_time\" content=\"2025-06-11T09:59:25+00:00\" \/>\n<meta name=\"twitter:card\" content=\"summary_large_image\" \/>\n<meta name=\"twitter:label1\" content=\"Tiempo de lectura\" \/>\n\t<meta name=\"twitter:data1\" content=\"3 minutos\" \/>\n<!-- \/ Yoast SEO plugin. -->","yoast_head_json":{"title":"Widget de cumplimiento de la ADA de Google Sites: agregue accesibilidad a su sitio web [GRATIS]","description":"A\u00f1ade un widget de cumplimiento de la ADA sin c\u00f3digo a tu sitio web de Google Sites. Prueba el editor intuitivo de Elfsight para crear f\u00e1cilmente tu soluci\u00f3n personalizada.","robots":{"index":"index","follow":"follow","max-snippet":"max-snippet:-1","max-image-preview":"max-image-preview:large","max-video-preview":"max-video-preview:-1"},"canonical":"https:\/\/elfsight.com\/es\/ada-compliance-widget\/google-sites\/","og_locale":"es_ES","og_type":"article","og_title":"Widget de cumplimiento de la ADA de Google Sites: agregue accesibilidad a su sitio web [GRATIS]","og_description":"A\u00f1ade un widget de cumplimiento de la ADA sin c\u00f3digo a tu sitio web de Google Sites. Prueba el editor intuitivo de Elfsight para crear f\u00e1cilmente tu soluci\u00f3n personalizada.","og_url":"https:\/\/elfsight.com\/es\/ada-compliance-widget\/google-sites\/","og_site_name":"Elfsight ES","article_modified_time":"2025-06-11T09:59:25+00:00","twitter_card":"summary_large_image","twitter_misc":{"Tiempo de lectura":"3 minutos"},"schema":{"@context":"https:\/\/schema.org","@graph":[{"@type":"WebPage","@id":"https:\/\/elfsight.com\/es\/ada-compliance-widget\/google-sites\/","url":"https:\/\/elfsight.com\/es\/ada-compliance-widget\/google-sites\/","name":"Widget de cumplimiento de la ADA de Google Sites: agregue accesibilidad a su sitio web [GRATIS]","isPartOf":{"@id":"https:\/\/elfsight.com\/es\/#website"},"datePublished":"2025-05-21T10:38:37+00:00","dateModified":"2025-06-11T09:59:25+00:00","description":"A\u00f1ade un widget de cumplimiento de la ADA sin c\u00f3digo a tu sitio web de Google Sites. Prueba el editor intuitivo de Elfsight para crear f\u00e1cilmente tu soluci\u00f3n personalizada.","breadcrumb":{"@id":"https:\/\/elfsight.com\/es\/ada-compliance-widget\/google-sites\/#breadcrumb"},"inLanguage":"es","potentialAction":[{"@type":"ReadAction","target":["https:\/\/elfsight.com\/es\/ada-compliance-widget\/google-sites\/"]}]},{"@type":"BreadcrumbList","@id":"https:\/\/elfsight.com\/es\/ada-compliance-widget\/google-sites\/#breadcrumb","itemListElement":[{"@type":"ListItem","position":1,"name":"Home","item":"https:\/\/elfsight.com\/es\/"},{"@type":"ListItem","position":2,"name":"Ada Compliance","item":"https:\/\/elfsight.com\/es\/ada-compliance-widget\/"},{"@type":"ListItem","position":3,"name":"ADA Compliance &#8211; Google Sites"}]},{"@type":"WebSite","@id":"https:\/\/elfsight.com\/es\/#website","url":"https:\/\/elfsight.com\/es\/","name":"Elfsight ES","description":"Just another Elfsight Sites site","potentialAction":[{"@type":"SearchAction","target":{"@type":"EntryPoint","urlTemplate":"https:\/\/elfsight.com\/es\/?s={search_term_string}"},"query-input":{"@type":"PropertyValueSpecification","valueRequired":true,"valueName":"search_term_string"}}],"inLanguage":"es"}]}},"meta_box":{"industry":"","seo_heading":"","heading":"","description":"","cta_heading":"","cta_description":"","application":"19630","h1":"Widget de cumplimiento de la ADA para sitios web de Google Sites","h1_caption":"Haga que su sitio web de Google Sites cumpla con la ADA con un widget que personaliza su contenido para usuarios de todas las capacidades: mejore la inclusi\u00f3n de los usuarios y refuerce su compromiso de accesibilidad.","application_category":[],"applications_title":"","applications_request_title":"","applications_request_button_text":"","hero_text":"","hero_video":"","hero_video_schema_markup":"","selling_points_title":"","selling_points_caption":"","selling_points":[],"selling_points_cta_text":"","features_title":"","features":"","ed_cta_examples_text":"","ed_cta_examples_hidden":"","ed_cta_demo_text":"","ed_cta_demo_hidden":"","why_caption":"","why_editor_title":"","why_editor_text":"","why_team_title":"","why_team_text":"","why_service_title":"","why_service_text":"","template_catalog_visible":"","template_catalog_title":"","template_catalog_text":"","template_catalog_categories_visible":"","demo_title":"Cree su widget de cumplimiento de la ADA","demo_caption":"\u00a1Configure su ADA Compliance y agr\u00e9guelo a su sitio web de Google Sites gratis!","default_faq_hidden":"","app_template_category":[],"platform":"67","template_public_id":"","codecanyon_url":"","codecanyon_item_id":"","codecanyon_price":"","pricing_caption":"","pricing_elfsight_apps_hide_column":"","pricing_elfsight_apps_url":"","pricing_codecanyon_price_caption":"","integration_category":[],"integration_request_title":"","integration_request_cta":"","integration_platform":"","integrations":[],"platform_category":[],"video_schema_markup":"","price":"desde $0 \/ mes","trial":"","benefits":[],"button_url":"#demo","button_target_blank":"0","button_nofollow":"","attributes":[{"name":"Instalaciones","content":"50,000 - 100,000","_state":"expanded"},{"name":"Sensible","content":"S\u00ed","_state":"expanded"},{"name":"Navegadores compatibles","content":"Firefox, Safari, Opera, Chrome, Edge","_state":"expanded"}],"tags":[],"tags_disable_links":"","hide_more_platforms":"","video_object":"","demo_hide_cta":"","demo_hide_cloud_options":"","pricing_title":"","pricing":[{"pricing_icon":"platform","pricing_title":"Elfsight Apps","pricing_title_caption":"Soluci\u00f3n digital multiplataforma","":"","pricing_price":"desde $0 \/ mes","pricing_price_caption":"Comienza con un plan gratuito","pricing_button_text":"A\u00f1adir al sitio web","pricing_button_url":"#demo"}],"related_apps_title":"","related_apps_hidden":"","author":"","image":[],"title":"","job":"","social_networks":[]},"_links":{"self":[{"href":"https:\/\/elfsight.com\/es\/wp-json\/wp\/v2\/pages\/19647","targetHints":{"allow":["GET"]}}],"collection":[{"href":"https:\/\/elfsight.com\/es\/wp-json\/wp\/v2\/pages"}],"about":[{"href":"https:\/\/elfsight.com\/es\/wp-json\/wp\/v2\/types\/page"}],"author":[{"embeddable":true,"href":"https:\/\/elfsight.com\/es\/wp-json\/wp\/v2\/users\/9"}],"replies":[{"embeddable":true,"href":"https:\/\/elfsight.com\/es\/wp-json\/wp\/v2\/comments?post=19647"}],"version-history":[{"count":1,"href":"https:\/\/elfsight.com\/es\/wp-json\/wp\/v2\/pages\/19647\/revisions"}],"predecessor-version":[{"id":19651,"href":"https:\/\/elfsight.com\/es\/wp-json\/wp\/v2\/pages\/19647\/revisions\/19651"}],"up":[{"embeddable":true,"href":"https:\/\/elfsight.com\/es\/wp-json\/wp\/v2\/pages\/19848"}],"wp:attachment":[{"href":"https:\/\/elfsight.com\/es\/wp-json\/wp\/v2\/media?parent=19647"}],"curies":[{"name":"wp","href":"https:\/\/api.w.org\/{rel}","templated":true}]}}