{"id":19563,"date":"2024-06-11T06:49:44","date_gmt":"2024-06-11T06:49:44","guid":{"rendered":"https:\/\/elfsight.com\/es\/?page_id=19563"},"modified":"2025-06-17T14:03:29","modified_gmt":"2025-06-17T14:03:29","slug":"shopify","status":"publish","type":"page","link":"https:\/\/elfsight.com\/es\/timeline-widget\/shopify\/","title":{"rendered":"Timeline &#8211; Shopify"},"content":{"rendered":"<div class=\"application-platform-content-item-description application-platform-content-item\" id=\"description\" data-nav-section=\"description\"><h2>Creador de l\u00ednea de tiempo para Shopify<\/h2> <p>Dise\u00f1a f\u00e1cilmente una l\u00ednea de tiempo din\u00e1mica e interactiva para tu tienda Shopify sin necesidad de codificaci\u00f3n. El creador Shopify Timeline de Elfsight te permite agregar marcadores de hitos personalizados que atraigan a tus visitantes. Ya sea que desee mostrar el recorrido de su empresa, realizar un seguimiento del desarrollo de su producto o mostrar hitos importantes del proyecto, esta herramienta simplifica la creaci\u00f3n de una l\u00ednea de tiempo que se adapte a sus necesidades.<\/p> <ul> <li><strong>Cree l\u00edneas de tiempo atractivas sin esfuerzo.<\/strong> <br>Construya una l\u00ednea de tiempo funcional en cuesti\u00f3n de minutos sin necesidad de habilidades t\u00e9cnicas. Comience a impresionar a sus visitantes de inmediato integrando una l\u00ednea de tiempo que d\u00e9 vida a sus hitos.<\/li> <li><strong>Posibilidades de personalizaci\u00f3n infinitas.<\/strong> <br>Adapte la apariencia de su l\u00ednea de tiempo seleccionando entre una variedad de plantillas, combinaciones de colores, fuentes y otros elementos de dise\u00f1o para crear una l\u00ednea de tiempo que coincida con la marca de su tienda.<\/li> <li><strong>Proceso de integraci\u00f3n perfecto.<\/strong> <br>Simplemente incruste el c\u00f3digo HTML en su Tienda Shopify para integrar tu l\u00ednea de tiempo. No se necesita ninguna configuraci\u00f3n compleja, solo un proceso r\u00e1pido y sencillo para que su cronograma est\u00e9 activo.<\/li> <li><strong>Atenci\u00f3n al cliente confiable.<\/strong> <br>Si necesita ayuda, nuestro equipo dedicado siempre est\u00e1 listo para ayudarlo. Nos aseguramos de que tu l\u00ednea de tiempo funcione perfectamente en tu sitio Shopify.<\/li> <\/ul> <p><b>\u00a1Empieza con la l\u00ednea de tiempo de Shopify de Elfsight para atraer a tus visitantes y resaltar tus hitos clave!<\/b><\/p> <\/div><div class=\"application-platform-content-item-features application-platform-content-item\" id=\"features\" data-nav-section=\"features\"><h2>Qu\u00e9 puedes hacer con la l\u00ednea de tiempo de Shopify<\/h2> <ul> <li><strong>Visualmente cautive a su audiencia.<\/strong><br>Presente su historial, los hitos del producto o su progreso de una manera visualmente rica e interactiva. Una l\u00ednea de tiempo proporciona una forma clara y atractiva de transmitir su contenido, lo que facilita que los visitantes comprendan su recorrido.<\/li> <li><strong>Realice un seguimiento de sus logros y eventos.<\/strong> <br>Utilice su l\u00ednea de tiempo para proporcionar una vista cronol\u00f3gica de eventos importantes, ya sea el crecimiento de su negocio o la evoluci\u00f3n de un producto. Ofrece a los visitantes una perspectiva clara de sus hitos y ayuda a mantenerlos interesados.<\/li> <li><strong>Enfatice los logros notables.<\/strong><br>Preste especial atenci\u00f3n a sus logros clave, ya sea el lanzamiento de un producto, la finalizaci\u00f3n de un proyecto u otros \u00e9xitos. Presente sus hitos importantes en un formato visualmente atractivo y organizado.<\/li> <\/ul> <p><a href=\"#demo\">Pruebe el editor para explorar todas las posibilidades.<\/a><\/p> <\/div><div class=\"application-platform-content-item-installation application-platform-content-item\" id=\"installation\" data-nav-section=\"installation\"><h2>C\u00f3mo insertar una l\u00ednea de tiempo en Shopify<\/h2> <p>Agregar la l\u00ednea de tiempo de Shopify a su sitio es r\u00e1pido y simple, que no requiere codificaci\u00f3n. Simplemente sigue estos sencillos pasos para poner tu l\u00ednea de tiempo en funcionamiento:<\/p> <ol> <li><b>Crea tu l\u00ednea de tiempo de Shopify personalizada<\/b><br> Elige una plantilla de nuestro editor y luego personal\u00edzala seg\u00fan tus necesidades. Personalice el dise\u00f1o, inserte hitos y modifique el dise\u00f1o para reflejar el estilo de su tienda.<\/li> <li><b>Obtenga su c\u00f3digo de inserci\u00f3n \u00fanico<\/b><br> Una vez que est\u00e9 satisfecho con su cronograma, recibir\u00e1 un c\u00f3digo HTML personalizado. Copie el c\u00f3digo para usarlo m\u00e1s adelante.<\/li> <li><b>Incruste el c\u00f3digo en su tienda Shopify<\/b><br> Pegue el c\u00f3digo HTML copiado en la secci\u00f3n correspondiente de su p\u00e1gina Shopify y guarde los cambios. \u00a1Su l\u00ednea de tiempo interactiva estar\u00e1 entonces activa!<\/li> <li><b>\u00a1Experimente su l\u00ednea de tiempo interactiva!<\/b><br> \u00a1Visite su sitio para ver su l\u00ednea de tiempo en acci\u00f3n y comience a atraer a sus visitantes con sus funciones din\u00e1micas e interactivas!<\/li> <\/ol> <p>Para obtener orientaci\u00f3n m\u00e1s detallada, consulte nuestro tutorial en <a href=\"https:\/\/elfsight.com\/blog\/how-to-embed-timeline-to-website\/\" target=\"_blank\" rel=\"noopener\">c\u00f3mo crear una l\u00ednea de tiempo personalizada en un sitio web<\/a>.<\/p> <\/div><div class=\"faq\" data-component=\"FAQ\"><div class=\"faq-item\">\r\n\t\t\t\t\t<div class=\"faq-item-question\">\r\n\t\t\t\t\t\t<h3 class=\"faq-item-question-text\">\u00bfEl widget de l\u00ednea de tiempo para Shopify es gratuito?<\/h3>\r\n\r\n\t\t\t\t\t\t<div class=\"faq-item-question-icon\"><\/div>\r\n\t\t\t\t\t<\/div>\r\n\r\n\t\t\t\t\t<div class=\"faq-item-answer\">\r\n\t\t\t\t\t\t<div class=\"faq-item-answer-text\">S\u00ed, Elfsight ofrece un plan de suscripci\u00f3n por niveles, que incluye una versi\u00f3n gratuita. Puedes usar el widget Shopify Timeline sin ning\u00fan costo, con acceso a funciones esenciales. Hay planes pagos disponibles para opciones de personalizaci\u00f3n adicionales.<\/div>\r\n\t\t\t\t\t<\/div>\r\n\t\t\t\t<\/div><div class=\"faq-item\">\r\n\t\t\t\t\t<div class=\"faq-item-question\">\r\n\t\t\t\t\t\t<h3 class=\"faq-item-question-text\">\u00bfNecesito experiencia en codificaci\u00f3n para usar el widget Timeline?<\/h3>\r\n\r\n\t\t\t\t\t\t<div class=\"faq-item-question-icon\"><\/div>\r\n\t\t\t\t\t<\/div>\r\n\r\n\t\t\t\t\t<div class=\"faq-item-answer\">\r\n\t\t\t\t\t\t<div class=\"faq-item-answer-text\">No, el creador Shopify Timeline de Elfsight no requiere ning\u00fan conocimiento de codificaci\u00f3n. Puedes crear y ajustar f\u00e1cilmente tu l\u00ednea de tiempo con nuestro editor intuitivo de arrastrar y soltar.<\/div>\r\n\t\t\t\t\t<\/div>\r\n\t\t\t\t<\/div><div class=\"faq-item\">\r\n\t\t\t\t\t<div class=\"faq-item-question\">\r\n\t\t\t\t\t\t<h3 class=\"faq-item-question-text\">\u00bfC\u00f3mo puedo agregar una l\u00ednea de tiempo interactiva a Shopify?<\/h3>\r\n\r\n\t\t\t\t\t\t<div class=\"faq-item-question-icon\"><\/div>\r\n\t\t\t\t\t<\/div>\r\n\r\n\t\t\t\t\t<div class=\"faq-item-answer\">\r\n\t\t\t\t\t\t<div class=\"faq-item-answer-text\">Simplemente elige una plantilla del editor, realiza las personalizaciones necesarias y luego incrusta la l\u00ednea de tiempo en tu tienda Shopify usando el c\u00f3digo HTML proporcionado.<\/div>\r\n\t\t\t\t\t<\/div>\r\n\t\t\t\t<\/div><div class=\"faq-item\">\r\n\t\t\t\t\t<div class=\"faq-item-question\">\r\n\t\t\t\t\t\t<h3 class=\"faq-item-question-text\">\u00bfQu\u00e9 tipos de l\u00edneas de tiempo puedo crear?<\/h3>\r\n\r\n\t\t\t\t\t\t<div class=\"faq-item-question-icon\"><\/div>\r\n\t\t\t\t\t<\/div>\r\n\r\n\t\t\t\t\t<div class=\"faq-item-answer\">\r\n\t\t\t\t\t\t<div class=\"faq-item-answer-text\"><p>Puedes crear una variedad de l\u00edneas de tiempo para tu tienda Shopify, que incluye:<\/p> <ul> <li><strong>Evoluci\u00f3n de la empresa<\/strong>: muestra la historia y el crecimiento de tu negocio, enfatizando los momentos y logros clave.<\/li> <li><strong>Desarrollo de producto<\/strong>: ilustra las etapas del desarrollo de tu producto desde el concepto hasta el lanzamiento, enfoc\u00e1ndote en cada paso importante.<\/li> <li><strong>Hitos del proyecto<\/strong>: realiza un seguimiento y muestra las diversas etapas de tus proyectos en curso o completados.<\/li> <li><strong>Cronolog\u00edas de eventos<\/strong>: cree una l\u00ednea de tiempo para eventos, lanzamientos de productos o campa\u00f1as de ventas, brindando a los visitantes todos los detalles clave en un solo lugar.<\/li> <\/ul> <\/div>\r\n\t\t\t\t\t<\/div>\r\n\t\t\t\t<\/div> <\/div>","protected":false},"excerpt":{"rendered":"","protected":false},"author":9,"featured_media":0,"parent":19500,"menu_order":0,"comment_status":"closed","ping_status":"closed","template":"templates\/template-application-platform.php","meta":{"publish_to_discourse":"","publish_post_category":"","wpdc_auto_publish_overridden":"","wpdc_topic_tags":"","wpdc_pin_topic":"","wpdc_pin_until":"","discourse_post_id":"","discourse_permalink":"","wpdc_publishing_response":"","wpdc_publishing_error":"","footnotes":""},"class_list":["post-19563","page","type-page","status-publish","hentry"],"yoast_head":"<!-- This site is optimized with the Yoast SEO plugin v25.3.1 - https:\/\/yoast.com\/wordpress\/plugins\/seo\/ -->\n<title>Widget de l\u00ednea de tiempo: crea una l\u00ednea de tiempo interactiva en tu tienda Shopify [GRATIS]<\/title>\n<meta name=\"description\" content=\"Agrega una l\u00ednea de tiempo personalizada a tu tienda Shopify. Muestra f\u00e1cilmente tu historia, tus hitos y el progreso de tu proyecto con un widget personalizable de Shopify Timeline.\" \/>\n<meta name=\"robots\" content=\"index, follow, max-snippet:-1, max-image-preview:large, max-video-preview:-1\" \/>\n<link rel=\"canonical\" href=\"https:\/\/elfsight.com\/es\/timeline-widget\/shopify\/\" \/>\n<meta property=\"og:locale\" content=\"es_ES\" \/>\n<meta property=\"og:type\" content=\"article\" \/>\n<meta property=\"og:title\" content=\"Widget de l\u00ednea de tiempo: crea una l\u00ednea de tiempo interactiva en tu tienda Shopify [GRATIS]\" \/>\n<meta property=\"og:description\" content=\"Agrega una l\u00ednea de tiempo personalizada a tu tienda Shopify. Muestra f\u00e1cilmente tu historia, tus hitos y el progreso de tu proyecto con un widget personalizable de Shopify Timeline.\" \/>\n<meta property=\"og:url\" content=\"https:\/\/elfsight.com\/es\/timeline-widget\/shopify\/\" \/>\n<meta property=\"og:site_name\" content=\"Elfsight ES\" \/>\n<meta property=\"article:modified_time\" content=\"2025-06-17T14:03:29+00:00\" \/>\n<meta name=\"twitter:card\" content=\"summary_large_image\" \/>\n<meta name=\"twitter:label1\" content=\"Tiempo de lectura\" \/>\n\t<meta name=\"twitter:data1\" content=\"4 minutos\" \/>\n<!-- \/ Yoast SEO plugin. -->","yoast_head_json":{"title":"Widget de l\u00ednea de tiempo: crea una l\u00ednea de tiempo interactiva en tu tienda Shopify [GRATIS]","description":"Agrega una l\u00ednea de tiempo personalizada a tu tienda Shopify. Muestra f\u00e1cilmente tu historia, tus hitos y el progreso de tu proyecto con un widget personalizable de Shopify Timeline.","robots":{"index":"index","follow":"follow","max-snippet":"max-snippet:-1","max-image-preview":"max-image-preview:large","max-video-preview":"max-video-preview:-1"},"canonical":"https:\/\/elfsight.com\/es\/timeline-widget\/shopify\/","og_locale":"es_ES","og_type":"article","og_title":"Widget de l\u00ednea de tiempo: crea una l\u00ednea de tiempo interactiva en tu tienda Shopify [GRATIS]","og_description":"Agrega una l\u00ednea de tiempo personalizada a tu tienda Shopify. Muestra f\u00e1cilmente tu historia, tus hitos y el progreso de tu proyecto con un widget personalizable de Shopify Timeline.","og_url":"https:\/\/elfsight.com\/es\/timeline-widget\/shopify\/","og_site_name":"Elfsight ES","article_modified_time":"2025-06-17T14:03:29+00:00","twitter_card":"summary_large_image","twitter_misc":{"Tiempo de lectura":"4 minutos"},"schema":{"@context":"https:\/\/schema.org","@graph":[{"@type":"WebPage","@id":"https:\/\/elfsight.com\/es\/timeline-widget\/shopify\/","url":"https:\/\/elfsight.com\/es\/timeline-widget\/shopify\/","name":"Widget de l\u00ednea de tiempo: crea una l\u00ednea de tiempo interactiva en tu tienda Shopify [GRATIS]","isPartOf":{"@id":"https:\/\/elfsight.com\/es\/#website"},"datePublished":"2024-06-11T06:49:44+00:00","dateModified":"2025-06-17T14:03:29+00:00","description":"Agrega una l\u00ednea de tiempo personalizada a tu tienda Shopify. Muestra f\u00e1cilmente tu historia, tus hitos y el progreso de tu proyecto con un widget personalizable de Shopify Timeline.","breadcrumb":{"@id":"https:\/\/elfsight.com\/es\/timeline-widget\/shopify\/#breadcrumb"},"inLanguage":"es","potentialAction":[{"@type":"ReadAction","target":["https:\/\/elfsight.com\/es\/timeline-widget\/shopify\/"]}]},{"@type":"BreadcrumbList","@id":"https:\/\/elfsight.com\/es\/timeline-widget\/shopify\/#breadcrumb","itemListElement":[{"@type":"ListItem","position":1,"name":"Home","item":"https:\/\/elfsight.com\/es\/"},{"@type":"ListItem","position":2,"name":"Timeline","item":"https:\/\/elfsight.com\/es\/timeline-widget\/"},{"@type":"ListItem","position":3,"name":"Timeline &#8211; Shopify"}]},{"@type":"WebSite","@id":"https:\/\/elfsight.com\/es\/#website","url":"https:\/\/elfsight.com\/es\/","name":"Elfsight ES","description":"Just another Elfsight Sites site","potentialAction":[{"@type":"SearchAction","target":{"@type":"EntryPoint","urlTemplate":"https:\/\/elfsight.com\/es\/?s={search_term_string}"},"query-input":{"@type":"PropertyValueSpecification","valueRequired":true,"valueName":"search_term_string"}}],"inLanguage":"es"}]}},"meta_box":{"industry":"","seo_heading":"","heading":"","description":"","cta_heading":"","cta_description":"","application":"19499","h1":"Complemento de l\u00ednea de tiempo para Shopify","h1_caption":"Crea una l\u00ednea hist\u00f3rica convincente para resaltar tu historia, hitos clave o eventos con una l\u00ednea de tiempo interactiva en Shopify.","application_category":[],"applications_title":"","applications_request_title":"","applications_request_button_text":"","hero_text":"","hero_video":"","hero_video_schema_markup":"","selling_points_title":"","selling_points_caption":"","selling_points":[],"selling_points_cta_text":"","features_title":"","features":"","ed_cta_examples_text":"","ed_cta_examples_hidden":"","ed_cta_demo_text":"","ed_cta_demo_hidden":"","why_caption":"","why_editor_title":"","why_editor_text":"","why_team_title":"","why_team_text":"","why_service_title":"","why_service_text":"","template_catalog_visible":"0","template_catalog_title":"","template_catalog_text":"","template_catalog_categories_visible":"","demo_title":"Crea tu aplicaci\u00f3n Shopify Timeline","demo_caption":"\u00a1Personaliza tu l\u00ednea de tiempo y agr\u00e9gala a tu sitio web con facilidad!","default_faq_hidden":"","app_template_category":[],"platform":"91","template_public_id":"","codecanyon_url":"","codecanyon_item_id":"","codecanyon_price":"","pricing_caption":"","pricing_elfsight_apps_hide_column":"","pricing_elfsight_apps_url":"","pricing_codecanyon_price_caption":"","integration_category":[],"integration_request_title":"","integration_request_cta":"","integration_platform":"","integrations":[],"platform_category":[],"video_schema_markup":"","price":"desde $0 \/ mes","trial":"","benefits":[],"button_url":"#demo","button_target_blank":"0","button_nofollow":"0","attributes":[{"name":"Instalaciones","content":"50,000 - 100,000","_state":"expanded"},{"name":"Sensible","content":"S\u00ed","_state":"expanded"},{"name":"Navegadores compatibles","content":"Firefox, Safari, Opera, Chrome, Edge","_state":"expanded"}],"tags":[],"tags_disable_links":"0","hide_more_platforms":"0","video_object":"","demo_hide_cta":"0","demo_hide_cloud_options":"0","pricing_title":"","pricing":[{"pricing_icon":"platform","pricing_title":"Elfsight Apps","pricing_title_caption":"Software multiplataforma que se adapta a cualquier sitio","pricing_price":"desde $0 \/ mes","pricing_price_caption":"comienza con un plan gratuito","pricing_button_text":"A\u00f1adir al sitio web","pricing_button_url":"#demo"}],"related_apps_title":"","related_apps_hidden":"0","author":"","image":[],"title":"","job":"","social_networks":[]},"_links":{"self":[{"href":"https:\/\/elfsight.com\/es\/wp-json\/wp\/v2\/pages\/19563","targetHints":{"allow":["GET"]}}],"collection":[{"href":"https:\/\/elfsight.com\/es\/wp-json\/wp\/v2\/pages"}],"about":[{"href":"https:\/\/elfsight.com\/es\/wp-json\/wp\/v2\/types\/page"}],"author":[{"embeddable":true,"href":"https:\/\/elfsight.com\/es\/wp-json\/wp\/v2\/users\/9"}],"replies":[{"embeddable":true,"href":"https:\/\/elfsight.com\/es\/wp-json\/wp\/v2\/comments?post=19563"}],"version-history":[{"count":1,"href":"https:\/\/elfsight.com\/es\/wp-json\/wp\/v2\/pages\/19563\/revisions"}],"predecessor-version":[{"id":19564,"href":"https:\/\/elfsight.com\/es\/wp-json\/wp\/v2\/pages\/19563\/revisions\/19564"}],"up":[{"embeddable":true,"href":"https:\/\/elfsight.com\/es\/wp-json\/wp\/v2\/pages\/19500"}],"wp:attachment":[{"href":"https:\/\/elfsight.com\/es\/wp-json\/wp\/v2\/media?parent=19563"}],"curies":[{"name":"wp","href":"https:\/\/api.w.org\/{rel}","templated":true}]}}