{"id":19558,"date":"2024-06-11T07:49:44","date_gmt":"2024-06-11T07:49:44","guid":{"rendered":"https:\/\/elfsight.com\/es\/?page_id=19558"},"modified":"2025-06-17T14:03:20","modified_gmt":"2025-06-17T14:03:20","slug":"squarespace","status":"publish","type":"page","link":"https:\/\/elfsight.com\/es\/timeline-widget\/squarespace\/","title":{"rendered":"Timeline &#8211; Squarespace"},"content":{"rendered":"<div class=\"application-platform-content-item-description application-platform-content-item\" id=\"description\" data-nav-section=\"description\"><h2>Complemento de l\u00ednea de tiempo de Squarespace<\/h2><p>Agregue una hoja de ruta interactiva a su p\u00e1gina web de Squarespace para mostrar eventos, logros o pasos de tareas. Mantenga a sus usuarios interesados \u200b\u200bcon una l\u00ednea de tiempo visualmente din\u00e1mica y flexible. El creador de l\u00edneas de tiempo de Squarespace de Elfsight le permite agregar marcadores de hitos personalizables que atraigan a sus clientes. Ya sea que est\u00e9 mostrando la historia de su empresa, monitoreando las fases del proyecto o demostrando el desarrollo de productos, este widget facilita la creaci\u00f3n de una hoja de ruta \u00fanica que se ajuste a sus objetivos. <\/p><ul><li><b>Cree l\u00edneas de tiempo interactivas sin c\u00f3digo<\/b><br>Cree una cronolog\u00eda completamente funcional en minutos, sin necesidad de experiencia t\u00e9cnica, y comience a atraer visitantes de inmediato. <\/li><li><b>Opciones de personalizaci\u00f3n avanzadas<\/b><br>Personalice el dise\u00f1o de su widget con una variedad de plantillas, tonos, fuentes y configuraciones flexibles para una experiencia \u00fanica y personalizada. <\/li><li><b>Proceso de inserci\u00f3n fluido<\/b><br>Integre f\u00e1cilmente su l\u00ednea de tiempo \u00fanica en su sitio web de Squarespace usando un sencillo c\u00f3digo HTML, sin complicaciones t\u00e9cnicas. <\/li><li><b>Atenci\u00f3n al cliente receptiva<\/b><br>Nuestro equipo de soporte dedicado siempre est\u00e1 disponible para ayudar con la configuraci\u00f3n, garantizando que su cronograma funcione sin problemas en su sitio. <\/li><\/ul><p><b>Pruebe la l\u00ednea de tiempo de Elfsight Squarespace para atraer visitantes y resaltar sus logros de una manera creativa y elegante. <\/b><\/p><\/div><div class=\"application-platform-content-item-features application-platform-content-item\" id=\"features\" data-nav-section=\"features\"><h2>Qu\u00e9 puedes hacer con Squarespace Timeline<\/h2><ul><li><strong>Atrae a los visitantes visualmente<\/strong><br>Atrae audiencias con una l\u00ednea de tiempo din\u00e1mica que te ayuda a presentar hitos en un formato sencillo. Una l\u00ednea de tiempo gr\u00e1fica ayuda a mostrar contenido en un formato simple que invita a los usuarios a descubrir. <\/li><li><strong>Muestre el progreso y los eventos<\/strong><br>Muestre los logros de su empresa y las etapas de las tareas en un orden temporal para mantener a sus visitantes interesados. Esto ayuda a los invitados a comprender su historia y los mantiene interesados \u200b\u200ben sus noticias. <\/li><li><strong>Destaca los logros clave<\/strong><br>Dale especial importancia a tus hitos m\u00e1s significativos. Resalte sus \u00e9xitos m\u00e1s importantes en un formato atractivo y f\u00e1cil de seguir. <\/li><\/ul><p><a href=\"#demo\">Consulte el editor para ver todas las funciones del complemento Timeline. <\/a><\/p><\/div><div class=\"application-platform-content-item-installation application-platform-content-item\" id=\"installation\" data-nav-section=\"installation\"> <h2>C\u00f3mo insertar una l\u00ednea de tiempo en Squarespace<\/h2><p>Agregar la l\u00ednea de tiempo de Squarespace a su p\u00e1gina web es simple y no es necesaria ninguna codificaci\u00f3n. Simplemente sigue estos claros pasos para comenzar: <\/p><ol><li><b>Crea tu l\u00ednea de tiempo personalizada de Squarespace<\/b><br>Comienza seleccionando una plantilla ajustable del editor y aj\u00fastala para adaptarla a tus necesidades. Refine la estructura, agregue hitos y modifique el dise\u00f1o para adaptarlo al estilo de su sitio. <\/li><li><b>Obtenga su c\u00f3digo de inserci\u00f3n \u00fanico<\/b><br>Una vez que haya finalizado la personalizaci\u00f3n de su l\u00ednea de tiempo, recibir\u00e1 un c\u00f3digo HTML personalizado. Copie este c\u00f3digo para su uso posterior. <\/li><li><b>Incrusta el c\u00f3digo en tu sitio web de Squarespace<\/b><br>Pega el c\u00f3digo HTML copiado en el \u00e1rea deseada de tu p\u00e1gina web de Squarespace y guarda los cambios. \u00a1Su interesante l\u00ednea de tiempo ahora estar\u00e1 disponible en su sitio web! <\/li><li><b>\u00a1Disfruta de tu nueva l\u00ednea de tiempo interactiva! <\/b><br>Visite su sitio para ver la l\u00ednea de tiempo en acci\u00f3n y comience a atraer visitantes de una manera visualmente atractiva. <\/li><\/ol><p>Para obtener m\u00e1s detalles, visita nuestra gu\u00eda completa sobre <a href=\"https:\/\/elfsight.com\/blog\/how-to-embed-timeline-to-website\/\" target=\"_blank\" rel=\"noopener\">c\u00f3mo crear una l\u00ednea de tiempo personalizada en un sitio web<\/a>.<\/p><\/div><div class=\"faq\" data-component=\"FAQ\"><div class=\"faq-item\">\r\n\t\t\t\t\t<div class=\"faq-item-question\">\r\n\t\t\t\t\t\t<h3 class=\"faq-item-question-text\">\u00bfEl widget de l\u00ednea de tiempo para Squarespace es gratuito? <\/h3>\r\n\r\n\t\t\t\t\t\t<div class=\"faq-item-question-icon\"><\/div>\r\n\t\t\t\t\t<\/div>\r\n\r\n\t\t\t\t\t<div class=\"faq-item-answer\">\r\n\t\t\t\t\t\t<div class=\"faq-item-answer-text\">S\u00ed, Elfsight ofrece un modelo de suscripci\u00f3n con un nivel gratuito. Acceda a las funciones b\u00e1sicas del widget Timeline sin costo, con planes premium disponibles para una mayor personalizaci\u00f3n. <\/div>\r\n\t\t\t\t\t<\/div>\r\n\t\t\t\t<\/div><div class=\"faq-item\">\r\n\t\t\t\t\t<div class=\"faq-item-question\">\r\n\t\t\t\t\t\t<h3 class=\"faq-item-question-text\">\u00bfNecesito alguna habilidad de codificaci\u00f3n para usar el widget L\u00ednea de tiempo? <\/h3>\r\n\r\n\t\t\t\t\t\t<div class=\"faq-item-question-icon\"><\/div>\r\n\t\t\t\t\t<\/div>\r\n\r\n\t\t\t\t\t<div class=\"faq-item-answer\">\r\n\t\t\t\t\t\t<div class=\"faq-item-answer-text\">No, el creador de L\u00ednea de tiempo de Squarespace de Elfsight no requiere experiencia en codificaci\u00f3n. Crea tu l\u00ednea de tiempo con el editor f\u00e1cil de usar. <\/div>\r\n\t\t\t\t\t<\/div>\r\n\t\t\t\t<\/div><div class=\"faq-item\">\r\n\t\t\t\t\t<div class=\"faq-item-question\">\r\n\t\t\t\t\t\t<h3 class=\"faq-item-question-text\">\u00bfC\u00f3mo puedo crear una l\u00ednea de tiempo interactiva para Squarespace? <\/h3>\r\n\r\n\t\t\t\t\t\t<div class=\"faq-item-question-icon\"><\/div>\r\n\t\t\t\t\t<\/div>\r\n\r\n\t\t\t\t\t<div class=\"faq-item-answer\">\r\n\t\t\t\t\t\t<div class=\"faq-item-answer-text\">Simplemente elige una plantilla del editor, aj\u00fastala seg\u00fan sea necesario e ins\u00e9rtala en tu sitio usando un c\u00f3digo \u00fanico. <\/div>\r\n\t\t\t\t\t<\/div>\r\n\t\t\t\t<\/div><div class=\"faq-item\">\r\n\t\t\t\t\t<div class=\"faq-item-question\">\r\n\t\t\t\t\t\t<h3 class=\"faq-item-question-text\">\u00bfQu\u00e9 tipos de cronogramas puedo crear? <\/h3>\r\n\r\n\t\t\t\t\t\t<div class=\"faq-item-question-icon\"><\/div>\r\n\t\t\t\t\t<\/div>\r\n\r\n\t\t\t\t\t<div class=\"faq-item-answer\">\r\n\t\t\t\t\t\t<div class=\"faq-item-answer-text\">Puedes crear una variedad de cronogramas: historial de la empresa, desarrollo de productos, cronograma de tareas, calendario de eventos y m\u00e1s. El widget Timeline de Elfsight es lo suficientemente flexible como para adaptarse a sus necesidades \u00fanicas.<\/div>\r\n\t\t\t\t\t<\/div>\r\n\t\t\t\t<\/div><\/div>","protected":false},"excerpt":{"rendered":"","protected":false},"author":9,"featured_media":0,"parent":19500,"menu_order":0,"comment_status":"closed","ping_status":"closed","template":"templates\/template-application-platform.php","meta":{"publish_to_discourse":"","publish_post_category":"","wpdc_auto_publish_overridden":"","wpdc_topic_tags":"","wpdc_pin_topic":"","wpdc_pin_until":"","discourse_post_id":"","discourse_permalink":"","wpdc_publishing_response":"","wpdc_publishing_error":"","footnotes":""},"class_list":["post-19558","page","type-page","status-publish","hentry"],"yoast_head":"<!-- This site is optimized with the Yoast SEO plugin v25.3.1 - https:\/\/yoast.com\/wordpress\/plugins\/seo\/ -->\n<title>Widget de l\u00ednea de tiempo de Squarespace: agregue una l\u00ednea de tiempo gratuita a su p\u00e1gina<\/title>\n<meta name=\"description\" content=\"Cree una cronolog\u00eda personalizada para su sitio. Presenta f\u00e1cilmente tu historia, marcadores y progreso con un widget de l\u00ednea de tiempo totalmente personalizable en Squarespace.\" \/>\n<meta name=\"robots\" content=\"index, follow, max-snippet:-1, max-image-preview:large, max-video-preview:-1\" \/>\n<link rel=\"canonical\" href=\"https:\/\/elfsight.com\/es\/timeline-widget\/squarespace\/\" \/>\n<meta property=\"og:locale\" content=\"es_ES\" \/>\n<meta property=\"og:type\" content=\"article\" \/>\n<meta property=\"og:title\" content=\"Widget de l\u00ednea de tiempo de Squarespace: agregue una l\u00ednea de tiempo gratuita a su p\u00e1gina\" \/>\n<meta property=\"og:description\" content=\"Cree una cronolog\u00eda personalizada para su sitio. Presenta f\u00e1cilmente tu historia, marcadores y progreso con un widget de l\u00ednea de tiempo totalmente personalizable en Squarespace.\" \/>\n<meta property=\"og:url\" content=\"https:\/\/elfsight.com\/es\/timeline-widget\/squarespace\/\" \/>\n<meta property=\"og:site_name\" content=\"Elfsight ES\" \/>\n<meta property=\"article:modified_time\" content=\"2025-06-17T14:03:20+00:00\" \/>\n<meta name=\"twitter:card\" content=\"summary_large_image\" \/>\n<meta name=\"twitter:label1\" content=\"Tiempo de lectura\" \/>\n\t<meta name=\"twitter:data1\" content=\"4 minutos\" \/>\n<!-- \/ Yoast SEO plugin. -->","yoast_head_json":{"title":"Widget de l\u00ednea de tiempo de Squarespace: agregue una l\u00ednea de tiempo gratuita a su p\u00e1gina","description":"Cree una cronolog\u00eda personalizada para su sitio. Presenta f\u00e1cilmente tu historia, marcadores y progreso con un widget de l\u00ednea de tiempo totalmente personalizable en Squarespace.","robots":{"index":"index","follow":"follow","max-snippet":"max-snippet:-1","max-image-preview":"max-image-preview:large","max-video-preview":"max-video-preview:-1"},"canonical":"https:\/\/elfsight.com\/es\/timeline-widget\/squarespace\/","og_locale":"es_ES","og_type":"article","og_title":"Widget de l\u00ednea de tiempo de Squarespace: agregue una l\u00ednea de tiempo gratuita a su p\u00e1gina","og_description":"Cree una cronolog\u00eda personalizada para su sitio. Presenta f\u00e1cilmente tu historia, marcadores y progreso con un widget de l\u00ednea de tiempo totalmente personalizable en Squarespace.","og_url":"https:\/\/elfsight.com\/es\/timeline-widget\/squarespace\/","og_site_name":"Elfsight ES","article_modified_time":"2025-06-17T14:03:20+00:00","twitter_card":"summary_large_image","twitter_misc":{"Tiempo de lectura":"4 minutos"},"schema":{"@context":"https:\/\/schema.org","@graph":[{"@type":"WebPage","@id":"https:\/\/elfsight.com\/es\/timeline-widget\/squarespace\/","url":"https:\/\/elfsight.com\/es\/timeline-widget\/squarespace\/","name":"Widget de l\u00ednea de tiempo de Squarespace: agregue una l\u00ednea de tiempo gratuita a su p\u00e1gina","isPartOf":{"@id":"https:\/\/elfsight.com\/es\/#website"},"datePublished":"2024-06-11T07:49:44+00:00","dateModified":"2025-06-17T14:03:20+00:00","description":"Cree una cronolog\u00eda personalizada para su sitio. Presenta f\u00e1cilmente tu historia, marcadores y progreso con un widget de l\u00ednea de tiempo totalmente personalizable en Squarespace.","breadcrumb":{"@id":"https:\/\/elfsight.com\/es\/timeline-widget\/squarespace\/#breadcrumb"},"inLanguage":"es","potentialAction":[{"@type":"ReadAction","target":["https:\/\/elfsight.com\/es\/timeline-widget\/squarespace\/"]}]},{"@type":"BreadcrumbList","@id":"https:\/\/elfsight.com\/es\/timeline-widget\/squarespace\/#breadcrumb","itemListElement":[{"@type":"ListItem","position":1,"name":"Home","item":"https:\/\/elfsight.com\/es\/"},{"@type":"ListItem","position":2,"name":"Timeline","item":"https:\/\/elfsight.com\/es\/timeline-widget\/"},{"@type":"ListItem","position":3,"name":"Timeline &#8211; Squarespace"}]},{"@type":"WebSite","@id":"https:\/\/elfsight.com\/es\/#website","url":"https:\/\/elfsight.com\/es\/","name":"Elfsight ES","description":"Just another Elfsight Sites site","potentialAction":[{"@type":"SearchAction","target":{"@type":"EntryPoint","urlTemplate":"https:\/\/elfsight.com\/es\/?s={search_term_string}"},"query-input":{"@type":"PropertyValueSpecification","valueRequired":true,"valueName":"search_term_string"}}],"inLanguage":"es"}]}},"meta_box":{"industry":"","seo_heading":"","heading":"","description":"","cta_heading":"","cta_description":"","application":"19499","h1":"Complemento de l\u00ednea de tiempo para Squarespace","h1_caption":"Muestre una atractiva l\u00ednea de tiempo de logros para mostrar su narrativa, logros de progreso o etapas con una hoja de ruta interactiva en Squarespace.","application_category":[],"applications_title":"","applications_request_title":"","applications_request_button_text":"","hero_text":"","hero_video":"","hero_video_schema_markup":"","selling_points_title":"","selling_points_caption":"","selling_points":[],"selling_points_cta_text":"","features_title":"","features":"","ed_cta_examples_text":"","ed_cta_examples_hidden":"","ed_cta_demo_text":"","ed_cta_demo_hidden":"","why_caption":"","why_editor_title":"","why_editor_text":"","why_team_title":"","why_team_text":"","why_service_title":"","why_service_text":"","template_catalog_visible":"0","template_catalog_title":"","template_catalog_text":"","template_catalog_categories_visible":"","demo_title":"Crea tu complemento de l\u00ednea de tiempo de Squarespace","demo_caption":"\u00a1Personaliza tu l\u00ednea de tiempo y agr\u00e9gala a tu sitio web con facilidad!","default_faq_hidden":"","app_template_category":[],"platform":"100","template_public_id":"","codecanyon_url":"","codecanyon_item_id":"","codecanyon_price":"","pricing_caption":"","pricing_elfsight_apps_hide_column":"","pricing_elfsight_apps_url":"","pricing_codecanyon_price_caption":"","integration_category":[],"integration_request_title":"","integration_request_cta":"","integration_platform":"","integrations":[],"platform_category":[],"video_schema_markup":"","price":"desde $0 \/ mes","trial":"","benefits":[],"button_url":"#demo","button_target_blank":"0","button_nofollow":"0","attributes":[{"name":"Instalaciones","content":"50,000 - 100,000","_state":"expanded"},{"name":"Sensible","content":"S\u00ed","_state":"expanded"},{"name":"Navegadores compatibles","content":"Firefox, Safari, Opera, Chrome, Edge","_state":"expanded"}],"tags":[],"tags_disable_links":"0","hide_more_platforms":"0","video_object":"","demo_hide_cta":"0","demo_hide_cloud_options":"0","pricing_title":"","pricing":[{"pricing_icon":"platform","pricing_title":"Elfsight Apps","pricing_title_caption":"Software multiplataforma que se adapta a cualquier sitio","pricing_price":"desde $0 \/ mes","pricing_price_caption":"comienza con un plan gratuito","pricing_button_text":"A\u00f1adir al sitio web","pricing_button_url":"#demo"}],"related_apps_title":"","related_apps_hidden":"0","author":"","image":[],"title":"","job":"","social_networks":[]},"_links":{"self":[{"href":"https:\/\/elfsight.com\/es\/wp-json\/wp\/v2\/pages\/19558","targetHints":{"allow":["GET"]}}],"collection":[{"href":"https:\/\/elfsight.com\/es\/wp-json\/wp\/v2\/pages"}],"about":[{"href":"https:\/\/elfsight.com\/es\/wp-json\/wp\/v2\/types\/page"}],"author":[{"embeddable":true,"href":"https:\/\/elfsight.com\/es\/wp-json\/wp\/v2\/users\/9"}],"replies":[{"embeddable":true,"href":"https:\/\/elfsight.com\/es\/wp-json\/wp\/v2\/comments?post=19558"}],"version-history":[{"count":1,"href":"https:\/\/elfsight.com\/es\/wp-json\/wp\/v2\/pages\/19558\/revisions"}],"predecessor-version":[{"id":19562,"href":"https:\/\/elfsight.com\/es\/wp-json\/wp\/v2\/pages\/19558\/revisions\/19562"}],"up":[{"embeddable":true,"href":"https:\/\/elfsight.com\/es\/wp-json\/wp\/v2\/pages\/19500"}],"wp:attachment":[{"href":"https:\/\/elfsight.com\/es\/wp-json\/wp\/v2\/media?parent=19558"}],"curies":[{"name":"wp","href":"https:\/\/api.w.org\/{rel}","templated":true}]}}