{"id":19557,"date":"2024-06-11T07:59:44","date_gmt":"2024-06-11T07:59:44","guid":{"rendered":"https:\/\/elfsight.com\/es\/?page_id=19557"},"modified":"2025-06-17T14:03:20","modified_gmt":"2025-06-17T14:03:20","slug":"wix","status":"publish","type":"page","link":"https:\/\/elfsight.com\/es\/timeline-widget\/wix\/","title":{"rendered":"Timeline &#8211; Wix"},"content":{"rendered":"<div class=\"application-platform-content-item-description application-platform-content-item\" id=\"description\" data-nav-section=\"description\"><h2>Creador de l\u00ednea de tiempo para Wix<\/h2><p><span style=\"font-weight: 400\">Crea una l\u00ednea de tiempo detallada e interactiva para tu sitio web Wix sin necesidad de codificaci\u00f3n. El creador de Wix Timeline de Elfsight te permite agregar pantallas de hitos personalizables que cautivan a tus usuarios. Ya sea que est\u00e9 compartiendo la historia de su empresa, rastreando las fases del proyecto o mostrando el desarrollo de productos, este widget facilita la creaci\u00f3n de una l\u00ednea de tiempo \u00fanica que se ajuste a sus necesidades.<\/span><\/p><ul><li><strong>Cree l\u00edneas de tiempo interactivas sin c\u00f3digo. <br \/><\/strong><span style=\"font-weight: 400\">Cree una l\u00ednea de tiempo completamente funcional en minutos, sin necesidad de conocimientos t\u00e9cnicos, y comience a atraer a sus visitantes de inmediato.<\/span><\/li><li><p><b>Opciones de personalizaci\u00f3n avanzadas<br \/><\/b><span style=\"font-weight: 400\">Personalice el dise\u00f1o y la disposici\u00f3n de su widget con una variedad de plantillas, colores, fuentes y configuraciones personalizables para lograr una apariencia \u00fanica y experiencia de marca.<\/span><\/p><\/li><li><p><b>Proceso de inserci\u00f3n fluido<br \/><\/b><span style=\"font-weight: 400\">Integre f\u00e1cilmente su l\u00ednea de tiempo personalizada en su sitio web Wix usando un c\u00f3digo HTML simple, sin complicaciones t\u00e9cnicas.<\/span><\/p><\/li><li><p><b>Atenci\u00f3n al cliente receptiva<br \/><\/b><span style=\"font-weight: 400\">Nuestro equipo de soporte dedicado siempre est\u00e1 disponible para ayudarlo con la configuraci\u00f3n, asegurando que su l\u00ednea de tiempo funcione perfectamente en su sitio.<\/span><\/p><\/li><\/ul><p><b>Pruebe la l\u00ednea de tiempo de Elfsight Wix para atraer visitantes y mostrar sus hitos con estilo.<\/b><\/p><p><\/div><br \/><div class=\"application-platform-content-item-features application-platform-content-item\" id=\"features\" data-nav-section=\"features\"><\/p><h2><b>Qu\u00e9 puedes hacer con Wix Timeline <\/b><\/h2><ul><li><b>Atrae a los visitantes visualmente<br \/><\/b>Capta la atenci\u00f3n de tus visitantes mostrando tu historial, hitos o progreso de una manera interactiva y atractiva. Una l\u00ednea de tiempo visual ayuda a presentar contenido en un formato simple y digerible que anima a los usuarios a explorar m\u00e1s a fondo.<\/li><li><b style=\"font-size: revert;color: inicial\">Muestre el progreso y los eventos<br \/><\/b>Desde los hitos de la empresa hasta el seguimiento de proyectos, utilice la l\u00ednea de tiempo para proporcionar una descripci\u00f3n cronol\u00f3gica de los eventos y etapas importantes. Esto ayuda a los visitantes a comprender su recorrido y los mantiene interesados \u200b\u200ben sus actualizaciones.<\/li><li><b style=\"font-size: revert;color: inicial\">Destaque los logros clave<br \/><\/b>Dale especial \u00e9nfasis a tus hitos, eventos o logros m\u00e1s importantes. Muestre sus historias de \u00e9xito en un formato atractivo y f\u00e1cil de seguir.<\/li><\/ul><p><a href=\"#demo\"><span style=\"font-weight: 400\">Pruebe el editor para tener una idea completa.<\/span><\/a><\/p><p><\/div><br \/><div class=\"application-platform-content-item-installation application-platform-content-item\" id=\"installation\" data-nav-section=\"installation\"><\/p><h2><b>C\u00f3mo para insertar una l\u00ednea de tiempo en Wix<\/b><\/h2><p><span style=\"font-weight: 400\">Agregar la l\u00ednea de tiempo de Wix a tu sitio web es simple y no requiere codificaci\u00f3n. Simplemente sigue estos sencillos pasos para comenzar:<\/span><\/p><ol><li><b>Crea tu Wix Timeline personalizada<\/b><b><br \/><\/b><span style=\"font-weight: 400\">Empieza eligiendo una plantilla de nuestro editor y personal\u00edzala seg\u00fan tus necesidades. Ajuste el dise\u00f1o, agregue hitos y ajuste el dise\u00f1o para que se ajuste al estilo de su sitio web.<\/span><\/li><li><b>Obtenga su c\u00f3digo de inserci\u00f3n \u00fanico<\/b><b><br \/><\/b><span style=\"font-weight: 400\">Una vez que haya terminado de personalizar su l\u00ednea de tiempo, recibir\u00e1 un c\u00f3digo HTML \u00fanico. Copia este c\u00f3digo para usarlo m\u00e1s adelante.<\/span><\/li><li><b>Incrusta el c\u00f3digo en tu sitio web Wix<\/b><b><br \/><\/b><span style=\"font-weight: 400\">Pega el c\u00f3digo HTML copiado en la secci\u00f3n deseada de tu p\u00e1gina Wix y guarda los cambios. \u00a1Su l\u00ednea de tiempo interactiva ahora estar\u00e1 disponible en su sitio web!<\/span><\/li><li style=\"font-weight: 400\"><b>\u00a1Disfrute de su nueva l\u00ednea de tiempo interactiva!<\/b><b><br \/><\/b><span style=\"font-weight: 400\">Visite su sitio para ver la l\u00ednea de tiempo en acci\u00f3n y comience a atraer visitantes de una manera visualmente din\u00e1mica.<\/span><\/li><li style=\"list-style-type: none\">\u00a0<\/li><\/ol><p><span style=\"font-weight: 400\">Para obtener instrucciones m\u00e1s detalladas, consulte nuestra gu\u00eda en <\/span><a href=\"https:\/\/elfsight.com\/blog\/how-to-embed-timeline-to-website\/\" target=\"_blank\" rel=\"noopener\"><span style=\"font-weight: 400\">c\u00f3mo agregar una l\u00ednea de tiempo en su sitio web<\/span><\/a><span style=\"font-weight: 400\">.<\/span><\/p><p><\/div><\/p><div class=\"faq\" data-component=\"FAQ\"><div class=\"faq-item\">\r\n\t\t\t\t\t<div class=\"faq-item-question\">\r\n\t\t\t\t\t\t<h3 class=\"faq-item-question-text\">\u00bfEl widget Timeline para Wix es gratuito?<\/h3>\r\n\r\n\t\t\t\t\t\t<div class=\"faq-item-question-icon\"><\/div>\r\n\t\t\t\t\t<\/div>\r\n\r\n\t\t\t\t\t<div class=\"faq-item-answer\">\r\n\t\t\t\t\t\t<div class=\"faq-item-answer-text\">S\u00ed, Elfsight ofrece un marco de suscripci\u00f3n multicapa que incluye un plan gratuito. Puede utilizar el widget Elfsight Timeline sin ning\u00fan costo y obtener acceso a todas las funciones esenciales. Para desbloquear a\u00fan m\u00e1s personalizaci\u00f3n, hay planes pagos disponibles.<\/div>\r\n\t\t\t\t\t<\/div>\r\n\t\t\t\t<\/div><div class=\"faq-item\">\r\n\t\t\t\t\t<div class=\"faq-item-question\">\r\n\t\t\t\t\t\t<h3 class=\"faq-item-question-text\">\u00bfNecesito alguna habilidad de codificaci\u00f3n para usar el widget Timeline?<\/h3>\r\n\r\n\t\t\t\t\t\t<div class=\"faq-item-question-icon\"><\/div>\r\n\t\t\t\t\t<\/div>\r\n\r\n\t\t\t\t\t<div class=\"faq-item-answer\">\r\n\t\t\t\t\t\t<div class=\"faq-item-answer-text\">No, el constructor Wix Timeline de Elfsight no requiere habilidades de codificaci\u00f3n. Puedes crear y personalizar tu l\u00ednea de tiempo con facilidad usando nuestro editor de arrastrar y soltar.<\/div>\r\n\t\t\t\t\t<\/div>\r\n\t\t\t\t<\/div><div class=\"faq-item\">\r\n\t\t\t\t\t<div class=\"faq-item-question\">\r\n\t\t\t\t\t\t<h3 class=\"faq-item-question-text\">\u00bfC\u00f3mo puedo crear una l\u00ednea de tiempo interactiva para Wix?<\/h3>\r\n\r\n\t\t\t\t\t\t<div class=\"faq-item-question-icon\"><\/div>\r\n\t\t\t\t\t<\/div>\r\n\r\n\t\t\t\t\t<div class=\"faq-item-answer\">\r\n\t\t\t\t\t\t<div class=\"faq-item-answer-text\">Simplemente selecciona una plantilla del editor, personal\u00edzala para que se ajuste a tus necesidades e incrusta la l\u00ednea de tiempo en tu sitio Wix usando un c\u00f3digo HTML \u00fanico.<\/div>\r\n\t\t\t\t\t<\/div>\r\n\t\t\t\t<\/div><div class=\"faq-item\">\r\n\t\t\t\t\t<div class=\"faq-item-question\">\r\n\t\t\t\t\t\t<h3 class=\"faq-item-question-text\">\u00bfQu\u00e9 tipos de l\u00edneas de tiempo puedo crear?<\/h3>\r\n\r\n\t\t\t\t\t\t<div class=\"faq-item-question-icon\"><\/div>\r\n\t\t\t\t\t<\/div>\r\n\r\n\t\t\t\t\t<div class=\"faq-item-answer\">\r\n\t\t\t\t\t\t<div class=\"faq-item-answer-text\"><p>Puedes crear una variedad de l\u00edneas de tiempo para tu sitio Wix, como:<\/p><ul><li><strong>Historia de la empresa<\/strong>: comparte la evoluci\u00f3n y el crecimiento de tu negocio, destacando los hitos y logros clave.<\/li><li><strong>Desarrollo de producto<\/strong>: muestra el progreso de tu producto desde el concepto hasta el lanzamiento, detallando cada etapa importante.<\/li><li><strong>Progreso del proyecto<\/strong>: realiza un seguimiento y muestra las diferentes fases y etapas de tus proyectos en curso o completados.<\/li><li><strong>Evento Horarios<\/strong>: presente cronogramas para eventos, conferencias o lanzamientos de productos, brindando a los visitantes toda la informaci\u00f3n necesaria en un solo lugar.<\/li><\/ul><\/div>\r\n\t\t\t\t\t<\/div>\r\n\t\t\t\t<\/div><\/div>","protected":false},"excerpt":{"rendered":"","protected":false},"author":9,"featured_media":0,"parent":19500,"menu_order":0,"comment_status":"closed","ping_status":"closed","template":"templates\/template-application-platform.php","meta":{"publish_to_discourse":"","publish_post_category":"","wpdc_auto_publish_overridden":"","wpdc_topic_tags":"","wpdc_pin_topic":"","wpdc_pin_until":"","discourse_post_id":"","discourse_permalink":"","wpdc_publishing_response":"","wpdc_publishing_error":"","footnotes":""},"class_list":["post-19557","page","type-page","status-publish","hentry"],"yoast_head":"<!-- This site is optimized with the Yoast SEO plugin v25.3.1 - https:\/\/yoast.com\/wordpress\/plugins\/seo\/ -->\n<title>Widget de l\u00ednea de tiempo: insertar l\u00ednea de historial en el sitio web de Wix [GRATIS]<\/title>\n<meta name=\"description\" content=\"Agrega una l\u00ednea de tiempo personalizada a tu sitio web Wix. Muestra f\u00e1cilmente tu historial, hitos y progreso del proyecto con un widget Wix Timeline totalmente personalizable.\" \/>\n<meta name=\"robots\" content=\"index, follow, max-snippet:-1, max-image-preview:large, max-video-preview:-1\" \/>\n<link rel=\"canonical\" href=\"https:\/\/elfsight.com\/es\/timeline-widget\/wix\/\" \/>\n<meta property=\"og:locale\" content=\"es_ES\" \/>\n<meta property=\"og:type\" content=\"article\" \/>\n<meta property=\"og:title\" content=\"Widget de l\u00ednea de tiempo: insertar l\u00ednea de historial en el sitio web de Wix [GRATIS]\" \/>\n<meta property=\"og:description\" content=\"Agrega una l\u00ednea de tiempo personalizada a tu sitio web Wix. Muestra f\u00e1cilmente tu historial, hitos y progreso del proyecto con un widget Wix Timeline totalmente personalizable.\" \/>\n<meta property=\"og:url\" content=\"https:\/\/elfsight.com\/es\/timeline-widget\/wix\/\" \/>\n<meta property=\"og:site_name\" content=\"Elfsight ES\" \/>\n<meta property=\"article:modified_time\" content=\"2025-06-17T14:03:20+00:00\" \/>\n<meta name=\"twitter:card\" content=\"summary_large_image\" \/>\n<meta name=\"twitter:label1\" content=\"Tiempo de lectura\" \/>\n\t<meta name=\"twitter:data1\" content=\"4 minutos\" \/>\n<!-- \/ Yoast SEO plugin. -->","yoast_head_json":{"title":"Widget de l\u00ednea de tiempo: insertar l\u00ednea de historial en el sitio web de Wix [GRATIS]","description":"Agrega una l\u00ednea de tiempo personalizada a tu sitio web Wix. Muestra f\u00e1cilmente tu historial, hitos y progreso del proyecto con un widget Wix Timeline totalmente personalizable.","robots":{"index":"index","follow":"follow","max-snippet":"max-snippet:-1","max-image-preview":"max-image-preview:large","max-video-preview":"max-video-preview:-1"},"canonical":"https:\/\/elfsight.com\/es\/timeline-widget\/wix\/","og_locale":"es_ES","og_type":"article","og_title":"Widget de l\u00ednea de tiempo: insertar l\u00ednea de historial en el sitio web de Wix [GRATIS]","og_description":"Agrega una l\u00ednea de tiempo personalizada a tu sitio web Wix. Muestra f\u00e1cilmente tu historial, hitos y progreso del proyecto con un widget Wix Timeline totalmente personalizable.","og_url":"https:\/\/elfsight.com\/es\/timeline-widget\/wix\/","og_site_name":"Elfsight ES","article_modified_time":"2025-06-17T14:03:20+00:00","twitter_card":"summary_large_image","twitter_misc":{"Tiempo de lectura":"4 minutos"},"schema":{"@context":"https:\/\/schema.org","@graph":[{"@type":"WebPage","@id":"https:\/\/elfsight.com\/es\/timeline-widget\/wix\/","url":"https:\/\/elfsight.com\/es\/timeline-widget\/wix\/","name":"Widget de l\u00ednea de tiempo: insertar l\u00ednea de historial en el sitio web de Wix [GRATIS]","isPartOf":{"@id":"https:\/\/elfsight.com\/es\/#website"},"datePublished":"2024-06-11T07:59:44+00:00","dateModified":"2025-06-17T14:03:20+00:00","description":"Agrega una l\u00ednea de tiempo personalizada a tu sitio web Wix. Muestra f\u00e1cilmente tu historial, hitos y progreso del proyecto con un widget Wix Timeline totalmente personalizable.","breadcrumb":{"@id":"https:\/\/elfsight.com\/es\/timeline-widget\/wix\/#breadcrumb"},"inLanguage":"es","potentialAction":[{"@type":"ReadAction","target":["https:\/\/elfsight.com\/es\/timeline-widget\/wix\/"]}]},{"@type":"BreadcrumbList","@id":"https:\/\/elfsight.com\/es\/timeline-widget\/wix\/#breadcrumb","itemListElement":[{"@type":"ListItem","position":1,"name":"Home","item":"https:\/\/elfsight.com\/es\/"},{"@type":"ListItem","position":2,"name":"Timeline","item":"https:\/\/elfsight.com\/es\/timeline-widget\/"},{"@type":"ListItem","position":3,"name":"Timeline &#8211; Wix"}]},{"@type":"WebSite","@id":"https:\/\/elfsight.com\/es\/#website","url":"https:\/\/elfsight.com\/es\/","name":"Elfsight ES","description":"Just another Elfsight Sites site","potentialAction":[{"@type":"SearchAction","target":{"@type":"EntryPoint","urlTemplate":"https:\/\/elfsight.com\/es\/?s={search_term_string}"},"query-input":{"@type":"PropertyValueSpecification","valueRequired":true,"valueName":"search_term_string"}}],"inLanguage":"es"}]}},"meta_box":{"industry":"","seo_heading":"","heading":"","description":"","cta_heading":"","cta_description":"","application":"19499","h1":"Aplicaci\u00f3n de l\u00ednea de tiempo para Wix","h1_caption":"Muestra una atractiva l\u00ednea de tiempo de eventos para mostrar tu historia, hitos del proyecto o eventos con una l\u00ednea de tiempo interactiva en Wix.","application_category":[],"applications_title":"","applications_request_title":"","applications_request_button_text":"","hero_text":"","hero_video":"","hero_video_schema_markup":"","selling_points_title":"","selling_points_caption":"","selling_points":[],"selling_points_cta_text":"","features_title":"","features":"","ed_cta_examples_text":"","ed_cta_examples_hidden":"","ed_cta_demo_text":"","ed_cta_demo_hidden":"","why_caption":"","why_editor_title":"","why_editor_text":"","why_team_title":"","why_team_text":"","why_service_title":"","why_service_text":"","template_catalog_visible":"0","template_catalog_title":"","template_catalog_text":"","template_catalog_categories_visible":"","demo_title":"Crea tu aplicaci\u00f3n Wix Timeline","demo_caption":"\u00a1Personaliza tu l\u00ednea de tiempo y agr\u00e9gala a tu sitio web con facilidad!","default_faq_hidden":"","app_template_category":[],"platform":"112","template_public_id":"","codecanyon_url":"","codecanyon_item_id":"","codecanyon_price":"","pricing_caption":"","pricing_elfsight_apps_hide_column":"","pricing_elfsight_apps_url":"","pricing_codecanyon_price_caption":"","integration_category":[],"integration_request_title":"","integration_request_cta":"","integration_platform":"","integrations":[],"platform_category":[],"video_schema_markup":"","price":"desde $0 \/ mes","trial":"","benefits":[],"button_url":"#demo","button_target_blank":"0","button_nofollow":"0","attributes":[{"name":"Instalaciones","content":"50,000 - 100,000","_state":"expanded"},{"name":"Sensible","content":"S\u00ed","_state":"expanded"},{"name":"Navegadores compatibles","content":"Firefox, Safari, Opera, Chrome, Edge","_state":"expanded"}],"tags":[],"tags_disable_links":"0","hide_more_platforms":"0","video_object":"","demo_hide_cta":"0","demo_hide_cloud_options":"0","pricing_title":"","pricing":[{"pricing_icon":"platform","pricing_title":"Elfsight Apps","pricing_title_caption":"Software multiplataforma que se adapta a cualquier sitio","pricing_price":"desde $0 \/ mes","pricing_price_caption":"comienza con un plan gratuito","pricing_button_text":"A\u00f1adir al sitio web","pricing_button_url":"#demo"}],"related_apps_title":"","related_apps_hidden":"0","author":"","image":[],"title":"","job":"","social_networks":[]},"_links":{"self":[{"href":"https:\/\/elfsight.com\/es\/wp-json\/wp\/v2\/pages\/19557","targetHints":{"allow":["GET"]}}],"collection":[{"href":"https:\/\/elfsight.com\/es\/wp-json\/wp\/v2\/pages"}],"about":[{"href":"https:\/\/elfsight.com\/es\/wp-json\/wp\/v2\/types\/page"}],"author":[{"embeddable":true,"href":"https:\/\/elfsight.com\/es\/wp-json\/wp\/v2\/users\/9"}],"replies":[{"embeddable":true,"href":"https:\/\/elfsight.com\/es\/wp-json\/wp\/v2\/comments?post=19557"}],"version-history":[{"count":1,"href":"https:\/\/elfsight.com\/es\/wp-json\/wp\/v2\/pages\/19557\/revisions"}],"predecessor-version":[{"id":19561,"href":"https:\/\/elfsight.com\/es\/wp-json\/wp\/v2\/pages\/19557\/revisions\/19561"}],"up":[{"embeddable":true,"href":"https:\/\/elfsight.com\/es\/wp-json\/wp\/v2\/pages\/19500"}],"wp:attachment":[{"href":"https:\/\/elfsight.com\/es\/wp-json\/wp\/v2\/media?parent=19557"}],"curies":[{"name":"wp","href":"https:\/\/api.w.org\/{rel}","templated":true}]}}