{"id":19556,"date":"2024-06-11T08:19:44","date_gmt":"2024-06-11T08:19:44","guid":{"rendered":"https:\/\/elfsight.com\/es\/?page_id=19556"},"modified":"2025-06-17T14:03:20","modified_gmt":"2025-06-17T14:03:20","slug":"html","status":"publish","type":"page","link":"https:\/\/elfsight.com\/es\/timeline-widget\/html\/","title":{"rendered":"Timeline &#8211; HTML"},"content":{"rendered":"<div class=\"application-platform-content-item-description application-platform-content-item\" id=\"description\" data-nav-section=\"description\"><h2>Widget de l\u00ednea de tiempo HTML<\/h2> <p>Mejore su p\u00e1gina web HTML agregando una l\u00ednea de tiempo interactiva para mostrar sus eventos, hitos o etapas de tareas clave. Mantenga a sus visitantes interesados \u200b\u200bcon un cronograma visualmente din\u00e1mico y flexible. El creador de l\u00ednea de tiempo HTML de Elfsight le permite agregar marcadores de hitos personalizables que cautivar\u00e1n a su audiencia. Ya sea que est\u00e9 mostrando la historia de su empresa, monitoreando las fases del proyecto o presentando el desarrollo de productos, este widget le permite crear una l\u00ednea de tiempo \u00fanica y funcional que se alinee con sus objetivos.<\/p> <ul> <li><b>Cree l\u00edneas de tiempo interactivas sin c\u00f3digo.<\/b><br> Cree una cronolog\u00eda completamente operativa en solo unos minutos, sin necesidad de experiencia t\u00e9cnica, y comience a atraer visitantes de inmediato.<\/li> <li><b>Opciones de personalizaci\u00f3n avanzadas.<\/b><br> Personalice el dise\u00f1o y dise\u00f1o utilizando plantillas, colores, fuentes y configuraciones flexibles para crear una experiencia de marca personalizada.<\/li> <li><b>Proceso de incrustaci\u00f3n fluido.<\/b><br> Integre f\u00e1cilmente su l\u00ednea de tiempo personalizada en su sitio web HTML usando un c\u00f3digo de incrustaci\u00f3n HTML simple, sin problemas t\u00e9cnicos.<\/li> <li><b>Atenci\u00f3n al cliente receptiva.<\/b><br> Nuestro equipo de soporte dedicado est\u00e1 siempre disponible para ayudarlo con la configuraci\u00f3n, garantizando que su l\u00ednea de tiempo funcione perfectamente en su sitio.<\/li> <\/ul> <p><b>Pruebe el widget HTML Timeline de Elfsight para atraer visitantes y resaltar sus logros de una forma visualmente din\u00e1mica.<\/b><\/p> <\/div><div class=\"application-platform-content-item-features application-platform-content-item\" id=\"features\" data-nav-section=\"features\"><h2>Qu\u00e9 puede hacer con HTML Timeline<\/h2> <ul> <li><strong>Atraiga a los visitantes visualmente.<\/strong><br> Atraiga a su audiencia con una l\u00ednea de tiempo din\u00e1mica que muestra sus hitos clave en un formato visual sencillo. Una l\u00ednea de tiempo gr\u00e1fica permite mostrar el contenido de una manera f\u00e1cilmente digerible, lo que anima a los usuarios a interactuar y explorar m\u00e1s.<\/li> <li><strong>Muestre el progreso y los eventos.<\/strong><br> Presente los hitos y las etapas del proyecto de su empresa en orden cronol\u00f3gico, manteniendo a sus visitantes interesados \u200b\u200be informados sobre su trabajo y logros en curso.<\/li> <li><strong>Destaque los logros clave.<\/strong><br> Ponga \u00e9nfasis en sus hitos o logros m\u00e1s importantes. Presente sus historias de \u00e9xito en un formato claro y f\u00e1cil de seguir que llame la atenci\u00f3n e invite a una mayor participaci\u00f3n.<\/li> <\/ul> <p><a href=\"#demo\">Consulte el editor para ver todas las funciones del widget L\u00ednea de tiempo.<\/a><\/p><\/div><div class=\"application-platform-content-item-installation application-platform-content-item\" id=\"installation\" data-nav-section=\"installation\"><h2>C\u00f3mo incrustar una l\u00ednea de tiempo en HTML<\/h2> <p>Agregar El widget de l\u00ednea de tiempo para su p\u00e1gina HTML es r\u00e1pido y f\u00e1cil, sin necesidad de conocimientos de codificaci\u00f3n. Simplemente siga estos sencillos pasos:<\/p> <ol> <li><b>Cree su l\u00ednea de tiempo HTML personalizada<\/b><br> Comience seleccionando una plantilla de nuestro editor y aj\u00fastela para adaptarla a sus necesidades. Modifique el dise\u00f1o, agregue hitos y modifique el dise\u00f1o para que coincida con el aspecto de su sitio web.<\/li> <li><b>Obtenga su c\u00f3digo de inserci\u00f3n \u00fanico<\/b><br> Despu\u00e9s de finalizar la personalizaci\u00f3n de su l\u00ednea de tiempo, recibir\u00e1 un c\u00f3digo HTML \u00fanico. Copie este c\u00f3digo para usarlo en el futuro.<\/li> <li><b>Incruste el c\u00f3digo en su p\u00e1gina HTML<\/b><br> Pegue el c\u00f3digo HTML copiado en la secci\u00f3n correspondiente de su p\u00e1gina web y guarde los cambios. \u00a1Su l\u00ednea de tiempo interactiva estar\u00e1 disponible!<\/li> <li><b>\u00a1Disfrute de su nueva l\u00ednea de tiempo interactiva!<\/b><br> \u00a1Visite su sitio para ver su l\u00ednea de tiempo en acci\u00f3n y comience a atraer visitantes de una manera interactiva y visualmente atractiva!<\/li> <\/ol> <p>Para obtener m\u00e1s detalles, visite nuestra gu\u00eda completa en <a href=\"https:\/\/elfsight.com\/blog\/how-to-embed-timeline-to-website\/\" target=\"_blank\" rel=\"noopener\">c\u00f3mo crear una l\u00ednea de tiempo personalizada en un sitio web<\/a>.<\/p><\/div><div class=\"faq\" data-component=\"FAQ\"><div class=\"faq-item\">\r\n\t\t\t\t\t<div class=\"faq-item-question\">\r\n\t\t\t\t\t\t<h3 class=\"faq-item-question-text\">\u00bfEl widget de l\u00ednea de tiempo para HTML es gratuito?<\/h3>\r\n\r\n\t\t\t\t\t\t<div class=\"faq-item-question-icon\"><\/div>\r\n\t\t\t\t\t<\/div>\r\n\r\n\t\t\t\t\t<div class=\"faq-item-answer\">\r\n\t\t\t\t\t\t<div class=\"faq-item-answer-text\">S\u00ed, Elfsight ofrece un modelo de suscripci\u00f3n con un plan gratuito. Acceda a las funciones b\u00e1sicas del widget de l\u00ednea de tiempo sin costo alguno, con opciones pagas disponibles para una mayor personalizaci\u00f3n.<\/div>\r\n\t\t\t\t\t<\/div>\r\n\t\t\t\t<\/div><div class=\"faq-item\">\r\n\t\t\t\t\t<div class=\"faq-item-question\">\r\n\t\t\t\t\t\t<h3 class=\"faq-item-question-text\">\u00bfNecesito alguna habilidad de codificaci\u00f3n para usar el widget de l\u00ednea de tiempo?<\/h3>\r\n\r\n\t\t\t\t\t\t<div class=\"faq-item-question-icon\"><\/div>\r\n\t\t\t\t\t<\/div>\r\n\r\n\t\t\t\t\t<div class=\"faq-item-answer\">\r\n\t\t\t\t\t\t<div class=\"faq-item-answer-text\">No, el creador de l\u00ednea de tiempo HTML de Elfsight no requiere experiencia en codificaci\u00f3n. Puedes crear y personalizar f\u00e1cilmente tu l\u00ednea de tiempo usando nuestro editor intuitivo.<\/div>\r\n\t\t\t\t\t<\/div>\r\n\t\t\t\t<\/div><div class=\"faq-item\">\r\n\t\t\t\t\t<div class=\"faq-item-question\">\r\n\t\t\t\t\t\t<h3 class=\"faq-item-question-text\">\u00bfC\u00f3mo puedo crear una l\u00ednea de tiempo interactiva para HTML?<\/h3>\r\n\r\n\t\t\t\t\t\t<div class=\"faq-item-question-icon\"><\/div>\r\n\t\t\t\t\t<\/div>\r\n\r\n\t\t\t\t\t<div class=\"faq-item-answer\">\r\n\t\t\t\t\t\t<div class=\"faq-item-answer-text\">Simplemente elige una plantilla del editor, aj\u00fastala seg\u00fan sea necesario e ins\u00e9rtala en tu sitio web usando un c\u00f3digo de inserci\u00f3n HTML \u00fanico.<\/div>\r\n\t\t\t\t\t<\/div>\r\n\t\t\t\t<\/div><div class=\"faq-item\">\r\n\t\t\t\t\t<div class=\"faq-item-question\">\r\n\t\t\t\t\t\t<h3 class=\"faq-item-question-text\">\u00bfQu\u00e9 tipos de l\u00edneas de tiempo puedo crear?<\/h3>\r\n\r\n\t\t\t\t\t\t<div class=\"faq-item-question-icon\"><\/div>\r\n\t\t\t\t\t<\/div>\r\n\r\n\t\t\t\t\t<div class=\"faq-item-answer\">\r\n\t\t\t\t\t\t<div class=\"faq-item-answer-text\"><p>Puedes crear una variedad de l\u00edneas de tiempo para tu sitio web HTML, como como:<\/p> <ul> <li><strong>Historia de la empresa<\/strong>: muestre la evoluci\u00f3n y el crecimiento de su negocio, destacando los logros e hitos clave.<\/li> <li><strong>Desarrollo de producto<\/strong>: muestre el recorrido de su producto desde la concepci\u00f3n hasta el lanzamiento, detallando cada paso importante.<\/li> <li><strong>Progreso del proyecto<\/strong>: realice un seguimiento y muestre las diferentes etapas de sus proyectos en curso o completados.<\/li> <li><strong>Programaciones de eventos<\/strong>: presente cronogramas para eventos, conferencias o lanzamientos de productos, lo que facilita a los visitantes encontrar toda la informaci\u00f3n necesaria en un solo lugar.<\/li> <\/ul> <\/div>\r\n\t\t\t\t\t<\/div>\r\n\t\t\t\t<\/div><\/div>","protected":false},"excerpt":{"rendered":"","protected":false},"author":9,"featured_media":0,"parent":19500,"menu_order":0,"comment_status":"closed","ping_status":"closed","template":"templates\/template-application-platform.php","meta":{"publish_to_discourse":"","publish_post_category":"","wpdc_auto_publish_overridden":"","wpdc_topic_tags":"","wpdc_pin_topic":"","wpdc_pin_until":"","discourse_post_id":"","discourse_permalink":"","wpdc_publishing_response":"","wpdc_publishing_error":"","footnotes":""},"class_list":["post-19556","page","type-page","status-publish","hentry"],"yoast_head":"<!-- This site is optimized with the Yoast SEO plugin v25.3.1 - https:\/\/yoast.com\/wordpress\/plugins\/seo\/ -->\n<title>Widget de l\u00ednea de tiempo: agregue una l\u00ednea de tiempo responsiva a su p\u00e1gina HTML<\/title>\n<meta name=\"description\" content=\"Mejore su sitio web HTML con una l\u00ednea de tiempo din\u00e1mica. Muestre sus hitos, progreso y eventos importantes con un widget totalmente personalizable de Elfsight.\" \/>\n<meta name=\"robots\" content=\"index, follow, max-snippet:-1, max-image-preview:large, max-video-preview:-1\" \/>\n<link rel=\"canonical\" href=\"https:\/\/elfsight.com\/es\/timeline-widget\/html\/\" \/>\n<meta property=\"og:locale\" content=\"es_ES\" \/>\n<meta property=\"og:type\" content=\"article\" \/>\n<meta property=\"og:title\" content=\"Widget de l\u00ednea de tiempo: agregue una l\u00ednea de tiempo responsiva a su p\u00e1gina HTML\" \/>\n<meta property=\"og:description\" content=\"Mejore su sitio web HTML con una l\u00ednea de tiempo din\u00e1mica. Muestre sus hitos, progreso y eventos importantes con un widget totalmente personalizable de Elfsight.\" \/>\n<meta property=\"og:url\" content=\"https:\/\/elfsight.com\/es\/timeline-widget\/html\/\" \/>\n<meta property=\"og:site_name\" content=\"Elfsight ES\" \/>\n<meta property=\"article:modified_time\" content=\"2025-06-17T14:03:20+00:00\" \/>\n<meta name=\"twitter:card\" content=\"summary_large_image\" \/>\n<meta name=\"twitter:label1\" content=\"Tiempo de lectura\" \/>\n\t<meta name=\"twitter:data1\" content=\"4 minutos\" \/>\n<!-- \/ Yoast SEO plugin. -->","yoast_head_json":{"title":"Widget de l\u00ednea de tiempo: agregue una l\u00ednea de tiempo responsiva a su p\u00e1gina HTML","description":"Mejore su sitio web HTML con una l\u00ednea de tiempo din\u00e1mica. Muestre sus hitos, progreso y eventos importantes con un widget totalmente personalizable de Elfsight.","robots":{"index":"index","follow":"follow","max-snippet":"max-snippet:-1","max-image-preview":"max-image-preview:large","max-video-preview":"max-video-preview:-1"},"canonical":"https:\/\/elfsight.com\/es\/timeline-widget\/html\/","og_locale":"es_ES","og_type":"article","og_title":"Widget de l\u00ednea de tiempo: agregue una l\u00ednea de tiempo responsiva a su p\u00e1gina HTML","og_description":"Mejore su sitio web HTML con una l\u00ednea de tiempo din\u00e1mica. Muestre sus hitos, progreso y eventos importantes con un widget totalmente personalizable de Elfsight.","og_url":"https:\/\/elfsight.com\/es\/timeline-widget\/html\/","og_site_name":"Elfsight ES","article_modified_time":"2025-06-17T14:03:20+00:00","twitter_card":"summary_large_image","twitter_misc":{"Tiempo de lectura":"4 minutos"},"schema":{"@context":"https:\/\/schema.org","@graph":[{"@type":"WebPage","@id":"https:\/\/elfsight.com\/es\/timeline-widget\/html\/","url":"https:\/\/elfsight.com\/es\/timeline-widget\/html\/","name":"Widget de l\u00ednea de tiempo: agregue una l\u00ednea de tiempo responsiva a su p\u00e1gina HTML","isPartOf":{"@id":"https:\/\/elfsight.com\/es\/#website"},"datePublished":"2024-06-11T08:19:44+00:00","dateModified":"2025-06-17T14:03:20+00:00","description":"Mejore su sitio web HTML con una l\u00ednea de tiempo din\u00e1mica. Muestre sus hitos, progreso y eventos importantes con un widget totalmente personalizable de Elfsight.","breadcrumb":{"@id":"https:\/\/elfsight.com\/es\/timeline-widget\/html\/#breadcrumb"},"inLanguage":"es","potentialAction":[{"@type":"ReadAction","target":["https:\/\/elfsight.com\/es\/timeline-widget\/html\/"]}]},{"@type":"BreadcrumbList","@id":"https:\/\/elfsight.com\/es\/timeline-widget\/html\/#breadcrumb","itemListElement":[{"@type":"ListItem","position":1,"name":"Home","item":"https:\/\/elfsight.com\/es\/"},{"@type":"ListItem","position":2,"name":"Timeline","item":"https:\/\/elfsight.com\/es\/timeline-widget\/"},{"@type":"ListItem","position":3,"name":"Timeline &#8211; HTML"}]},{"@type":"WebSite","@id":"https:\/\/elfsight.com\/es\/#website","url":"https:\/\/elfsight.com\/es\/","name":"Elfsight ES","description":"Just another Elfsight Sites site","potentialAction":[{"@type":"SearchAction","target":{"@type":"EntryPoint","urlTemplate":"https:\/\/elfsight.com\/es\/?s={search_term_string}"},"query-input":{"@type":"PropertyValueSpecification","valueRequired":true,"valueName":"search_term_string"}}],"inLanguage":"es"}]}},"meta_box":{"industry":"","seo_heading":"","heading":"","description":"","cta_heading":"","cta_description":"","application":"19499","h1":"Complemento de l\u00ednea de tiempo para HTML","h1_caption":"Cree una l\u00ednea de tiempo atractiva para mostrar los hitos y logros clave en su sitio web HTML. Muestre f\u00e1cilmente sus eventos clave en un formato interactivo y visualmente atractivo.","application_category":[],"applications_title":"","applications_request_title":"","applications_request_button_text":"","hero_text":"","hero_video":"","hero_video_schema_markup":"","selling_points_title":"","selling_points_caption":"","selling_points":[],"selling_points_cta_text":"","features_title":"","features":"","ed_cta_examples_text":"","ed_cta_examples_hidden":"","ed_cta_demo_text":"","ed_cta_demo_hidden":"","why_caption":"","why_editor_title":"","why_editor_text":"","why_team_title":"","why_team_text":"","why_service_title":"","why_service_text":"","template_catalog_visible":"0","template_catalog_title":"","template_catalog_text":"","template_catalog_categories_visible":"","demo_title":"Crea tu widget de l\u00ednea de tiempo HTML","demo_caption":"\u00a1Personaliza tu l\u00ednea de tiempo y agr\u00e9gala a tu sitio web con facilidad!","default_faq_hidden":"","app_template_category":[],"platform":"70","template_public_id":"","codecanyon_url":"","codecanyon_item_id":"","codecanyon_price":"","pricing_caption":"","pricing_elfsight_apps_hide_column":"","pricing_elfsight_apps_url":"","pricing_codecanyon_price_caption":"","integration_category":[],"integration_request_title":"","integration_request_cta":"","integration_platform":"","integrations":[],"platform_category":[],"video_schema_markup":"","price":"desde $0 \/ mes","trial":"","benefits":[],"button_url":"#demo","button_target_blank":"0","button_nofollow":"0","attributes":[{"name":"Instalaciones","content":"50,000 - 100,000","_state":"expanded"},{"name":"Sensible","content":"S\u00ed","_state":"expanded"},{"name":"Navegadores compatibles","content":"Firefox, Safari, Opera, Chrome, Edge","_state":"expanded"}],"tags":[],"tags_disable_links":"0","hide_more_platforms":"0","video_object":"","demo_hide_cta":"0","demo_hide_cloud_options":"0","pricing_title":"","pricing":[{"pricing_icon":"platform","pricing_title":"Elfsight Apps","pricing_title_caption":"Software multiplataforma que se adapta a cualquier sitio","pricing_price":"desde $0 \/ mes","pricing_price_caption":"comienza con un plan gratuito","pricing_button_text":"A\u00f1adir al sitio web","pricing_button_url":"#demo"}],"related_apps_title":"","related_apps_hidden":"0","author":"","image":[],"title":"","job":"","social_networks":[]},"_links":{"self":[{"href":"https:\/\/elfsight.com\/es\/wp-json\/wp\/v2\/pages\/19556","targetHints":{"allow":["GET"]}}],"collection":[{"href":"https:\/\/elfsight.com\/es\/wp-json\/wp\/v2\/pages"}],"about":[{"href":"https:\/\/elfsight.com\/es\/wp-json\/wp\/v2\/types\/page"}],"author":[{"embeddable":true,"href":"https:\/\/elfsight.com\/es\/wp-json\/wp\/v2\/users\/9"}],"replies":[{"embeddable":true,"href":"https:\/\/elfsight.com\/es\/wp-json\/wp\/v2\/comments?post=19556"}],"version-history":[{"count":1,"href":"https:\/\/elfsight.com\/es\/wp-json\/wp\/v2\/pages\/19556\/revisions"}],"predecessor-version":[{"id":19560,"href":"https:\/\/elfsight.com\/es\/wp-json\/wp\/v2\/pages\/19556\/revisions\/19560"}],"up":[{"embeddable":true,"href":"https:\/\/elfsight.com\/es\/wp-json\/wp\/v2\/pages\/19500"}],"wp:attachment":[{"href":"https:\/\/elfsight.com\/es\/wp-json\/wp\/v2\/media?parent=19556"}],"curies":[{"name":"wp","href":"https:\/\/api.w.org\/{rel}","templated":true}]}}