{"id":19555,"date":"2024-06-11T10:49:44","date_gmt":"2024-06-11T10:49:44","guid":{"rendered":"https:\/\/elfsight.com\/es\/?page_id=19555"},"modified":"2025-06-17T14:03:20","modified_gmt":"2025-06-17T14:03:20","slug":"wordpress","status":"publish","type":"page","link":"https:\/\/elfsight.com\/es\/timeline-widget\/wordpress\/","title":{"rendered":"Timeline &#8211; WordPress"},"content":{"rendered":"<div class=\"application-platform-content-item-description application-platform-content-item\" id=\"description\" data-nav-section=\"description\"><h2>Timeline Builder para WordPress<\/h2><p>Cree una l\u00ednea de tiempo interactiva para su p\u00e1gina web de WordPress sin necesidad de codificaci\u00f3n. El creador de l\u00ednea de tiempo de WordPress de Elfsight le permite agregar indicadores de hitos personalizables que capturen a sus clientes. Ya sea que est\u00e9 mostrando la historia de su empresa, rastreando las fases del proyecto o presentando el desarrollo de productos, este widget facilita la elaboraci\u00f3n de una hoja de ruta \u00fanica que se ajuste a sus objetivos. <\/p><ul><li><b>Cree cronogramas interactivos sin c\u00f3digo<\/b><br>Cree una hoja de ruta completamente funcional en minutos, sin necesidad de conocimientos de codificaci\u00f3n, y comience a interactuar con sus visitantes de inmediato. <\/li><li><b>Opciones de personalizaci\u00f3n avanzadas<\/b><br>Personalice el dise\u00f1o y la disposici\u00f3n de su widget utilizando una variedad de plantillas, fuentes, combinaciones de colores y configuraciones ajustables para dise\u00f1ar una experiencia \u00fanica y personalizada. <\/li><li><b>Proceso de integraci\u00f3n fluido<\/b><br>Integre f\u00e1cilmente su l\u00ednea de tiempo personalizada en su sitio web de WordPress utilizando un sencillo c\u00f3digo HTML, sin complicaciones t\u00e9cnicas.<\/li><li><b>Atenci\u00f3n al cliente receptiva<\/b><br>Nuestro confiable equipo de soporte siempre est\u00e1 listo para ayudarlo con la configuraci\u00f3n, garantizando que su l\u00ednea de tiempo funcione perfectamente en su sitio web.<\/li><\/ul><p><b>Pruebe la l\u00ednea de tiempo de WordPress de Elfsight para atraer visitantes y mostrar sus hitos. de una manera atractiva y elegante.<\/b><\/p><\/div><div class=\"application-platform-content-item-features application-platform-content-item\" id=\"features\" data-nav-section=\"features\"><h2>Qu\u00e9 puedes hacer con la l\u00ednea de tiempo de WordPress<\/h2><ul><li><strong>Atrae a los visitantes visualmente<\/strong><br>Llama la atenci\u00f3n de tus invitados revel\u00e1ndoles tu viaje, puntos de referencia o avances de una manera din\u00e1mica y atractiva. Una l\u00ednea de tiempo interactiva ayuda a organizar el contenido en un formato sencillo que anima a los usuarios a participar m\u00e1s. <\/li><li><strong>Muestre el progreso y los eventos<\/strong><br>Desde los marcadores de la empresa hasta el seguimiento del progreso, utilice la l\u00ednea de tiempo para proporcionar una descripci\u00f3n general ordenada en el tiempo de los eventos e hitos importantes. Esto ayuda a los usuarios a comprender su proceso y los mantiene involucrados en sus desarrollos. <\/li><li><strong>Destaca los logros clave<\/strong><br>Dale especial \u00e9nfasis a tus logros m\u00e1s destacados. Muestre sus logros m\u00e1s importantes en un formato atractivo y digerible. <\/li><\/ul><p><a href=\"#demo\">Consulta el editor para tener una idea completa.<\/a><\/p><\/div><div class=\"application-platform-content-item-installation application-platform-content-item\" id=\"installation\" data-nav-section=\"installation\"><h2>C\u00f3mo incrustar una l\u00ednea de tiempo en WordPress<\/h2><p>Agregar la l\u00ednea de tiempo de WordPress a tu p\u00e1gina web es f\u00e1cil y no requiere codificaci\u00f3n. Simplemente sigue estos pasos b\u00e1sicos para comenzar: <\/p><ol><li><b>Crea tu l\u00ednea de tiempo personalizada de WordPress<\/b><br>Comienza eligiendo un estilo de nuestro editor y personal\u00edzalo seg\u00fan tus preferencias. Ajuste el dise\u00f1o, agregue hitos y ajuste el dise\u00f1o para que se ajuste al estilo de su plataforma. <\/li><li><b>Obtenga su c\u00f3digo de inserci\u00f3n \u00fanico<\/b><br>Una vez que haya terminado de personalizar su l\u00ednea de tiempo, recibir\u00e1 un c\u00f3digo HTML distinto. Copie este c\u00f3digo para su uso posterior. <\/li><li><b>Incruste el c\u00f3digo en su sitio web de WordPress<\/b><br>Pegue el c\u00f3digo HTML copiado en la parte deseada de su p\u00e1gina de WordPress y guarde los cambios. \u00a1Su interesante l\u00ednea de tiempo ahora estar\u00e1 disponible en su sitio web! <\/li><li><b>\u00a1Disfruta de tu nueva l\u00ednea de tiempo interactiva! <\/b><br>Visite su sitio para ver la l\u00ednea de tiempo en acci\u00f3n y comience a interactuar con los visitantes de una manera visualmente atractiva de inmediato. <\/li><\/ol><p>Para obtener instrucciones m\u00e1s detalladas, consulte nuestro manual sobre <a href=\"https:\/\/elfsight.com\/blog\/how-to-embed-timeline-to-website\/\" target=\"_blank\" rel=\"noopener\">c\u00f3mo agregar una l\u00ednea de tiempo en su sitio web.<\/a><\/p><\/div><div class=\"faq\" data-component=\"FAQ\"><div class=\"faq-item\">\r\n\t\t\t\t\t<div class=\"faq-item-question\">\r\n\t\t\t\t\t\t<h3 class=\"faq-item-question-text\">\u00bfEs el widget de l\u00ednea de tiempo para WordPress? \u00bfgratis?<\/h3>\r\n\r\n\t\t\t\t\t\t<div class=\"faq-item-question-icon\"><\/div>\r\n\t\t\t\t\t<\/div>\r\n\r\n\t\t\t\t\t<div class=\"faq-item-answer\">\r\n\t\t\t\t\t\t<div class=\"faq-item-answer-text\">S\u00ed, Elfsight ofrece un modelo de suscripci\u00f3n con un nivel gratuito. Accede a las funciones b\u00e1sicas del widget Timeline sin coste alguno. Desbloquea m\u00e1s opciones con planes premium. <\/div>\r\n\t\t\t\t\t<\/div>\r\n\t\t\t\t<\/div><div class=\"faq-item\">\r\n\t\t\t\t\t<div class=\"faq-item-question\">\r\n\t\t\t\t\t\t<h3 class=\"faq-item-question-text\">\u00bfNecesito alguna habilidad de codificaci\u00f3n para usar el widget Timeline?<\/h3>\r\n\r\n\t\t\t\t\t\t<div class=\"faq-item-question-icon\"><\/div>\r\n\t\t\t\t\t<\/div>\r\n\r\n\t\t\t\t\t<div class=\"faq-item-answer\">\r\n\t\t\t\t\t\t<div class=\"faq-item-answer-text\">No, el complemento Timeline de WordPress de Elfsight no requiere ninguna habilidad de codificaci\u00f3n. Puedes personalizar tu l\u00ednea de tiempo sin ning\u00fan esfuerzo utilizando nuestro intuitivo editor de arrastrar y soltar. <\/div>\r\n\t\t\t\t\t<\/div>\r\n\t\t\t\t<\/div><div class=\"faq-item\">\r\n\t\t\t\t\t<div class=\"faq-item-question\">\r\n\t\t\t\t\t\t<h3 class=\"faq-item-question-text\">\u00bfC\u00f3mo puedo crear una l\u00ednea de tiempo interactiva para WordPress? <\/h3>\r\n\r\n\t\t\t\t\t\t<div class=\"faq-item-question-icon\"><\/div>\r\n\t\t\t\t\t<\/div>\r\n\r\n\t\t\t\t\t<div class=\"faq-item-answer\">\r\n\t\t\t\t\t\t<div class=\"faq-item-answer-text\">Simplemente elija una plantilla del editor, personal\u00edcela para que se ajuste a sus necesidades e inserte la l\u00ednea de tiempo en su sitio web de WordPress usando un c\u00f3digo HTML \u00fanico. <\/div>\r\n\t\t\t\t\t<\/div>\r\n\t\t\t\t<\/div><div class=\"faq-item\">\r\n\t\t\t\t\t<div class=\"faq-item-question\">\r\n\t\t\t\t\t\t<h3 class=\"faq-item-question-text\">\u00bfQu\u00e9 tipos de cronogramas puedo crear?<\/h3>\r\n\r\n\t\t\t\t\t\t<div class=\"faq-item-question-icon\"><\/div>\r\n\t\t\t\t\t<\/div>\r\n\r\n\t\t\t\t\t<div class=\"faq-item-answer\">\r\n\t\t\t\t\t\t<div class=\"faq-item-answer-text\">Puede crear una variedad de cronogramas: historial de la empresa, cronograma del proyecto, progreso del proyecto, cronogramas de eventos y m\u00e1s. El widget Elfsight Timeline es lo suficientemente flexible como para adaptarse a sus necesidades \u00fanicas. <\/div>\r\n\t\t\t\t\t<\/div>\r\n\t\t\t\t<\/div><\/div>","protected":false},"excerpt":{"rendered":"","protected":false},"author":9,"featured_media":0,"parent":19500,"menu_order":0,"comment_status":"closed","ping_status":"closed","template":"templates\/template-application-platform.php","meta":{"publish_to_discourse":"","publish_post_category":"","wpdc_auto_publish_overridden":"","wpdc_topic_tags":"","wpdc_pin_topic":"","wpdc_pin_until":"","discourse_post_id":"","discourse_permalink":"","wpdc_publishing_response":"","wpdc_publishing_error":"","footnotes":""},"class_list":["post-19555","page","type-page","status-publish","hentry"],"yoast_head":"<!-- This site is optimized with the Yoast SEO plugin v25.3.1 - https:\/\/yoast.com\/wordpress\/plugins\/seo\/ -->\n<title>Widget de l\u00ednea de tiempo: incrustar l\u00ednea de historial en el sitio web de WordPress [GRATIS]<\/title>\n<meta name=\"description\" content=\"Agregue una l\u00ednea de tiempo personalizada a su p\u00e1gina web. Revele f\u00e1cilmente su viaje, sus logros y sus pasos de progreso con un complemento de l\u00ednea de tiempo de WordPress totalmente personalizable.\" \/>\n<meta name=\"robots\" content=\"index, follow, max-snippet:-1, max-image-preview:large, max-video-preview:-1\" \/>\n<link rel=\"canonical\" href=\"https:\/\/elfsight.com\/es\/timeline-widget\/wordpress\/\" \/>\n<meta property=\"og:locale\" content=\"es_ES\" \/>\n<meta property=\"og:type\" content=\"article\" \/>\n<meta property=\"og:title\" content=\"Widget de l\u00ednea de tiempo: incrustar l\u00ednea de historial en el sitio web de WordPress [GRATIS]\" \/>\n<meta property=\"og:description\" content=\"Agregue una l\u00ednea de tiempo personalizada a su p\u00e1gina web. Revele f\u00e1cilmente su viaje, sus logros y sus pasos de progreso con un complemento de l\u00ednea de tiempo de WordPress totalmente personalizable.\" \/>\n<meta property=\"og:url\" content=\"https:\/\/elfsight.com\/es\/timeline-widget\/wordpress\/\" \/>\n<meta property=\"og:site_name\" content=\"Elfsight ES\" \/>\n<meta property=\"article:modified_time\" content=\"2025-06-17T14:03:20+00:00\" \/>\n<meta name=\"twitter:card\" content=\"summary_large_image\" \/>\n<meta name=\"twitter:label1\" content=\"Tiempo de lectura\" \/>\n\t<meta name=\"twitter:data1\" content=\"4 minutos\" \/>\n<!-- \/ Yoast SEO plugin. -->","yoast_head_json":{"title":"Widget de l\u00ednea de tiempo: incrustar l\u00ednea de historial en el sitio web de WordPress [GRATIS]","description":"Agregue una l\u00ednea de tiempo personalizada a su p\u00e1gina web. Revele f\u00e1cilmente su viaje, sus logros y sus pasos de progreso con un complemento de l\u00ednea de tiempo de WordPress totalmente personalizable.","robots":{"index":"index","follow":"follow","max-snippet":"max-snippet:-1","max-image-preview":"max-image-preview:large","max-video-preview":"max-video-preview:-1"},"canonical":"https:\/\/elfsight.com\/es\/timeline-widget\/wordpress\/","og_locale":"es_ES","og_type":"article","og_title":"Widget de l\u00ednea de tiempo: incrustar l\u00ednea de historial en el sitio web de WordPress [GRATIS]","og_description":"Agregue una l\u00ednea de tiempo personalizada a su p\u00e1gina web. Revele f\u00e1cilmente su viaje, sus logros y sus pasos de progreso con un complemento de l\u00ednea de tiempo de WordPress totalmente personalizable.","og_url":"https:\/\/elfsight.com\/es\/timeline-widget\/wordpress\/","og_site_name":"Elfsight ES","article_modified_time":"2025-06-17T14:03:20+00:00","twitter_card":"summary_large_image","twitter_misc":{"Tiempo de lectura":"4 minutos"},"schema":{"@context":"https:\/\/schema.org","@graph":[{"@type":"WebPage","@id":"https:\/\/elfsight.com\/es\/timeline-widget\/wordpress\/","url":"https:\/\/elfsight.com\/es\/timeline-widget\/wordpress\/","name":"Widget de l\u00ednea de tiempo: incrustar l\u00ednea de historial en el sitio web de WordPress [GRATIS]","isPartOf":{"@id":"https:\/\/elfsight.com\/es\/#website"},"datePublished":"2024-06-11T10:49:44+00:00","dateModified":"2025-06-17T14:03:20+00:00","description":"Agregue una l\u00ednea de tiempo personalizada a su p\u00e1gina web. Revele f\u00e1cilmente su viaje, sus logros y sus pasos de progreso con un complemento de l\u00ednea de tiempo de WordPress totalmente personalizable.","breadcrumb":{"@id":"https:\/\/elfsight.com\/es\/timeline-widget\/wordpress\/#breadcrumb"},"inLanguage":"es","potentialAction":[{"@type":"ReadAction","target":["https:\/\/elfsight.com\/es\/timeline-widget\/wordpress\/"]}]},{"@type":"BreadcrumbList","@id":"https:\/\/elfsight.com\/es\/timeline-widget\/wordpress\/#breadcrumb","itemListElement":[{"@type":"ListItem","position":1,"name":"Home","item":"https:\/\/elfsight.com\/es\/"},{"@type":"ListItem","position":2,"name":"Timeline","item":"https:\/\/elfsight.com\/es\/timeline-widget\/"},{"@type":"ListItem","position":3,"name":"Timeline &#8211; WordPress"}]},{"@type":"WebSite","@id":"https:\/\/elfsight.com\/es\/#website","url":"https:\/\/elfsight.com\/es\/","name":"Elfsight ES","description":"Just another Elfsight Sites site","potentialAction":[{"@type":"SearchAction","target":{"@type":"EntryPoint","urlTemplate":"https:\/\/elfsight.com\/es\/?s={search_term_string}"},"query-input":{"@type":"PropertyValueSpecification","valueRequired":true,"valueName":"search_term_string"}}],"inLanguage":"es"}]}},"meta_box":{"industry":"","seo_heading":"","heading":"","description":"","cta_heading":"","cta_description":"","application":"19499","h1":"Complemento de l\u00ednea de tiempo para WordPress","h1_caption":"Muestre una atractiva hoja de ruta de eventos para resaltar su viaje, marcadores de progreso o fases con un complemento de l\u00ednea de tiempo interactivo en su sitio web de WordPress.","application_category":[],"applications_title":"","applications_request_title":"","applications_request_button_text":"","hero_text":"","hero_video":"","hero_video_schema_markup":"","selling_points_title":"","selling_points_caption":"","selling_points":[],"selling_points_cta_text":"","features_title":"","features":"","ed_cta_examples_text":"","ed_cta_examples_hidden":"","ed_cta_demo_text":"","ed_cta_demo_hidden":"","why_caption":"","why_editor_title":"","why_editor_text":"","why_team_title":"","why_team_text":"","why_service_title":"","why_service_text":"","template_catalog_visible":"0","template_catalog_title":"","template_catalog_text":"","template_catalog_categories_visible":"","demo_title":"Crea tu complemento de l\u00ednea de tiempo de WordPress","demo_caption":"\u00a1Personaliza tu l\u00ednea de tiempo y agr\u00e9gala a tu sitio web con facilidad!","default_faq_hidden":"","app_template_category":[],"platform":"115","template_public_id":"","codecanyon_url":"","codecanyon_item_id":"","codecanyon_price":"","pricing_caption":"","pricing_elfsight_apps_hide_column":"","pricing_elfsight_apps_url":"","pricing_codecanyon_price_caption":"","integration_category":[],"integration_request_title":"","integration_request_cta":"","integration_platform":"","integrations":[],"platform_category":[],"video_schema_markup":"","price":"desde $0 \/ mes","trial":"","benefits":[],"button_url":"#demo","button_target_blank":"0","button_nofollow":"0","attributes":[{"name":"Instalaciones","content":"50,000 - 100,000","_state":"expanded"},{"name":"Sensible","content":"S\u00ed","_state":"expanded"},{"name":"Navegadores compatibles","content":"Firefox, Safari, Opera, Chrome, Edge","_state":"expanded"}],"tags":[],"tags_disable_links":"0","hide_more_platforms":"0","video_object":"","demo_hide_cta":"0","demo_hide_cloud_options":"0","pricing_title":"","pricing":[{"pricing_icon":"platform","pricing_title":"Elfsight Apps","pricing_title_caption":"Software multiplataforma que se adapta a cualquier sitio","pricing_price":"desde $0 \/ mes","pricing_price_caption":"comienza con un plan gratuito","pricing_button_text":"A\u00f1adir al sitio web","pricing_button_url":"#demo"}],"related_apps_title":"","related_apps_hidden":"0","author":"","image":[],"title":"","job":"","social_networks":[]},"_links":{"self":[{"href":"https:\/\/elfsight.com\/es\/wp-json\/wp\/v2\/pages\/19555","targetHints":{"allow":["GET"]}}],"collection":[{"href":"https:\/\/elfsight.com\/es\/wp-json\/wp\/v2\/pages"}],"about":[{"href":"https:\/\/elfsight.com\/es\/wp-json\/wp\/v2\/types\/page"}],"author":[{"embeddable":true,"href":"https:\/\/elfsight.com\/es\/wp-json\/wp\/v2\/users\/9"}],"replies":[{"embeddable":true,"href":"https:\/\/elfsight.com\/es\/wp-json\/wp\/v2\/comments?post=19555"}],"version-history":[{"count":1,"href":"https:\/\/elfsight.com\/es\/wp-json\/wp\/v2\/pages\/19555\/revisions"}],"predecessor-version":[{"id":19559,"href":"https:\/\/elfsight.com\/es\/wp-json\/wp\/v2\/pages\/19555\/revisions\/19559"}],"up":[{"embeddable":true,"href":"https:\/\/elfsight.com\/es\/wp-json\/wp\/v2\/pages\/19500"}],"wp:attachment":[{"href":"https:\/\/elfsight.com\/es\/wp-json\/wp\/v2\/media?parent=19555"}],"curies":[{"name":"wp","href":"https:\/\/api.w.org\/{rel}","templated":true}]}}