{"id":19550,"date":"2024-06-13T06:49:44","date_gmt":"2024-06-13T06:49:44","guid":{"rendered":"https:\/\/elfsight.com\/es\/?page_id=19550"},"modified":"2025-06-17T14:03:11","modified_gmt":"2025-06-17T14:03:11","slug":"webflow","status":"publish","type":"page","link":"https:\/\/elfsight.com\/es\/timeline-widget\/webflow\/","title":{"rendered":"Timeline &#8211; Webflow"},"content":{"rendered":"<div class=\"application-platform-content-item-description application-platform-content-item\" id=\"description\" data-nav-section=\"description\"><h2>Creador de l\u00ednea de tiempo para Webflow<\/h2><p>Agregue una l\u00ednea de tiempo cronol\u00f3gica interactiva a su sitio web de flujo web para resaltar eventos, marcadores o progresi\u00f3n del proyecto. El constructor Webflow Timeline de Elfsight le permite incluir marcadores de hitos personalizables que cautiven a su audiencia. Ya sea que est\u00e9 mostrando la historia de su empresa, monitoreando las fases del proyecto o destacando el desarrollo de productos, este widget facilita el dise\u00f1o de una l\u00ednea de tiempo \u00fanica que se ajuste a sus objetivos. <\/p><ul><li><b>Cree cronogramas interactivos sin c\u00f3digo<\/b><br>Cree una hoja de ruta interactiva funcional en minutos, sin necesidad de conocimientos de programaci\u00f3n, y comience a atraer a sus visitantes de inmediato. <\/li><li><b>Opciones de personalizaci\u00f3n avanzadas<\/b><br>Modifique el dise\u00f1o y la disposici\u00f3n de su widget con una variedad de estilos, colores, fuentes y configuraciones personalizables para crear una experiencia de marca. <\/li><li><b>Proceso de inserci\u00f3n fluido<\/b><br>Integre perfectamente su l\u00ednea de tiempo \u00fanica en su sitio web Webflow con un c\u00f3digo HTML simple, sin complicaciones t\u00e9cnicas. <\/li><li><b>Atenci\u00f3n al cliente receptiva<\/b><br>Nuestro equipo de soporte dedicado siempre est\u00e1 disponible para ayudarlo con la configuraci\u00f3n, garantizando que su l\u00ednea de tiempo funcione perfectamente en su sitio.<\/li><\/ul><p><b>Pruebe la l\u00ednea de tiempo de Elfsight Webflow para cautivar a su audiencia y mostrar sus hitos con estilo. <\/b><\/p><\/div><div class=\"application-platform-content-item-features application-platform-content-item\" id=\"features\" data-nav-section=\"features\"><h2>Qu\u00e9 puedes hacer con Webflow Timeline<\/h2><ul><li><strong>Atrae a los visitantes visualmente<\/strong><br>Capta la atenci\u00f3n de tus usuarios destacando tu viaje, tus logros o tu progreso de una manera interactiva e interesante. Una l\u00ednea de tiempo gr\u00e1fica ayuda a mostrar el contenido en un formato claro que anima a los espectadores a explorar. <\/li><li><strong>Muestre el progreso y los eventos<\/strong><br>Revele los logros de su empresa y las etapas del proyecto en un orden cronol\u00f3gico para mantener el inter\u00e9s de sus visitantes. Esto ayuda a los visitantes a seguir su historia y los mantiene involucrados en sus noticias. <\/li><li><strong>Destaca los logros clave<\/strong><br>Presta especial atenci\u00f3n a tus \u00e9xitos m\u00e1s importantes. Presenta tus victorias en un formato atractivo y claro. <\/li><\/ul><p><a href=\"#demo\">Explore el editor para comprender la idea completa. <\/a><\/p><\/div><div class=\"application-platform-content-item-installation application-platform-content-item\" id=\"installation\" data-nav-section=\"installation\"><h2>C\u00f3mo insertar una l\u00ednea de tiempo en Webflow<\/h2><p>Agregar la l\u00ednea de tiempo de Webflow a su sitio web es sencillo y no requiere codificaci\u00f3n. Simplemente siga estos sencillos pasos para comenzar: <\/p><ol><li><b>Cree su l\u00ednea de tiempo de flujo web personalizada<\/b><br>Elija una plantilla de nuestro editor y personal\u00edcela para que se ajuste a sus necesidades espec\u00edficas. Ajuste la apariencia, agregue hitos y modifique el dise\u00f1o para adaptarlo al estilo de su marca. <\/li><li><b>Reciba su c\u00f3digo de inserci\u00f3n \u00fanico<\/b><br>Despu\u00e9s de finalizar su l\u00ednea de tiempo, obtendr\u00e1 un c\u00f3digo HTML \u00fanico. Copie este c\u00f3digo para usarlo m\u00e1s adelante.<\/li><li><b>Incruste el c\u00f3digo en su sitio web de Webflow<\/b><br>Coloque el c\u00f3digo HTML en la parte apropiada de su sitio de Webflow y guarde los ajustes. \u00a1Su interesante l\u00ednea de tiempo ahora estar\u00e1 disponible en su sitio web! <\/li><li><b>\u00a1Disfruta de tu nueva l\u00ednea de tiempo interactiva! <\/b><br>Visite su sitio para ver la l\u00ednea de tiempo en acci\u00f3n e involucrar a los visitantes de forma interactiva.<\/li><\/ol><p>Para obtener m\u00e1s detalles, visite nuestra gu\u00eda paso a paso en <a href=\"https:\/\/elfsight.com\/blog\/how-to-embed-timeline-to-website\/\" target=\"_blank\" rel=\"noopener\">c\u00f3mo agregar una l\u00ednea de tiempo a su sitio web.<\/a><\/p><\/div><div class=\"faq\" data-component=\"FAQ\"><div class=\"faq-item\">\r\n\t\t\t\t\t<div class=\"faq-item-question\">\r\n\t\t\t\t\t\t<h3 class=\"faq-item-question-text\">\u00bfEl widget Timeline para Webflow es gratuito? <\/h3>\r\n\r\n\t\t\t\t\t\t<div class=\"faq-item-question-icon\"><\/div>\r\n\t\t\t\t\t<\/div>\r\n\r\n\t\t\t\t\t<div class=\"faq-item-answer\">\r\n\t\t\t\t\t\t<div class=\"faq-item-answer-text\">S\u00ed, Elfsight ofrece un marco de suscripci\u00f3n multicapa que incluye un plan sin costo. Puede utilizar el widget Elfsight Timeline sin ning\u00fan costo y obtener acceso a todas las funciones esenciales. Para desbloquear a\u00fan m\u00e1s personalizaci\u00f3n, hay planes pagos disponibles. <\/div>\r\n\t\t\t\t\t<\/div>\r\n\t\t\t\t<\/div><div class=\"faq-item\">\r\n\t\t\t\t\t<div class=\"faq-item-question\">\r\n\t\t\t\t\t\t<h3 class=\"faq-item-question-text\">\u00bfNecesito alguna habilidad de codificaci\u00f3n para usar el widget Timeline? <\/h3>\r\n\r\n\t\t\t\t\t\t<div class=\"faq-item-question-icon\"><\/div>\r\n\t\t\t\t\t<\/div>\r\n\r\n\t\t\t\t\t<div class=\"faq-item-answer\">\r\n\t\t\t\t\t\t<div class=\"faq-item-answer-text\">No, el constructor Webflow Timeline de Elfsight no requiere experiencia en codificaci\u00f3n. Utilice el editor de arrastrar y soltar para crear y personalizar su l\u00ednea de tiempo r\u00e1pidamente. <\/div>\r\n\t\t\t\t\t<\/div>\r\n\t\t\t\t<\/div><div class=\"faq-item\">\r\n\t\t\t\t\t<div class=\"faq-item-question\">\r\n\t\t\t\t\t\t<h3 class=\"faq-item-question-text\">\u00bfC\u00f3mo puedo crear una l\u00ednea de tiempo interactiva para Webflow? <\/h3>\r\n\r\n\t\t\t\t\t\t<div class=\"faq-item-question-icon\"><\/div>\r\n\t\t\t\t\t<\/div>\r\n\r\n\t\t\t\t\t<div class=\"faq-item-answer\">\r\n\t\t\t\t\t\t<div class=\"faq-item-answer-text\">Simplemente seleccione una plantilla del editor, personal\u00edcela e inserte la l\u00ednea de tiempo usando el c\u00f3digo HTML proporcionado. <\/div>\r\n\t\t\t\t\t<\/div>\r\n\t\t\t\t<\/div><div class=\"faq-item\">\r\n\t\t\t\t\t<div class=\"faq-item-question\">\r\n\t\t\t\t\t\t<h3 class=\"faq-item-question-text\">\u00bfQu\u00e9 tipos de l\u00edneas de tiempo puedo crear?<\/h3>\r\n\r\n\t\t\t\t\t\t<div class=\"faq-item-question-icon\"><\/div>\r\n\t\t\t\t\t<\/div>\r\n\r\n\t\t\t\t\t<div class=\"faq-item-answer\">\r\n\t\t\t\t\t\t<div class=\"faq-item-answer-text\">El widget L\u00ednea de tiempo de Elfsight es lo suficientemente flexible como para adaptarse a sus necesidades \u00fanicas. Puede crear diferentes cronogramas: hitos comerciales, desarrollo de productos, cronogramas de proyectos y mucho m\u00e1s. <\/div>\r\n\t\t\t\t\t<\/div>\r\n\t\t\t\t<\/div><\/div>","protected":false},"excerpt":{"rendered":"","protected":false},"author":9,"featured_media":0,"parent":19500,"menu_order":0,"comment_status":"closed","ping_status":"closed","template":"templates\/template-application-platform.php","meta":{"publish_to_discourse":"","publish_post_category":"","wpdc_auto_publish_overridden":"","wpdc_topic_tags":"","wpdc_pin_topic":"","wpdc_pin_until":"","discourse_post_id":"","discourse_permalink":"","wpdc_publishing_response":"","wpdc_publishing_error":"","footnotes":""},"class_list":["post-19550","page","type-page","status-publish","hentry"],"yoast_head":"<!-- This site is optimized with the Yoast SEO plugin v25.3.1 - https:\/\/yoast.com\/wordpress\/plugins\/seo\/ -->\n<title>Widget de l\u00ednea de tiempo: incrustar la l\u00ednea del historial en el sitio web de Webflow [GRATIS]<\/title>\n<meta name=\"description\" content=\"Agregue una l\u00ednea de tiempo personalizada a su flujo web. Muestre f\u00e1cilmente su historial, hitos y progresi\u00f3n de tareas con un widget de l\u00ednea de tiempo interactivo en Webflow.\" \/>\n<meta name=\"robots\" content=\"index, follow, max-snippet:-1, max-image-preview:large, max-video-preview:-1\" \/>\n<link rel=\"canonical\" href=\"https:\/\/elfsight.com\/es\/timeline-widget\/webflow\/\" \/>\n<meta property=\"og:locale\" content=\"es_ES\" \/>\n<meta property=\"og:type\" content=\"article\" \/>\n<meta property=\"og:title\" content=\"Widget de l\u00ednea de tiempo: incrustar la l\u00ednea del historial en el sitio web de Webflow [GRATIS]\" \/>\n<meta property=\"og:description\" content=\"Agregue una l\u00ednea de tiempo personalizada a su flujo web. Muestre f\u00e1cilmente su historial, hitos y progresi\u00f3n de tareas con un widget de l\u00ednea de tiempo interactivo en Webflow.\" \/>\n<meta property=\"og:url\" content=\"https:\/\/elfsight.com\/es\/timeline-widget\/webflow\/\" \/>\n<meta property=\"og:site_name\" content=\"Elfsight ES\" \/>\n<meta property=\"article:modified_time\" content=\"2025-06-17T14:03:11+00:00\" \/>\n<meta name=\"twitter:card\" content=\"summary_large_image\" \/>\n<meta name=\"twitter:label1\" content=\"Tiempo de lectura\" \/>\n\t<meta name=\"twitter:data1\" content=\"4 minutos\" \/>\n<!-- \/ Yoast SEO plugin. -->","yoast_head_json":{"title":"Widget de l\u00ednea de tiempo: incrustar la l\u00ednea del historial en el sitio web de Webflow [GRATIS]","description":"Agregue una l\u00ednea de tiempo personalizada a su flujo web. Muestre f\u00e1cilmente su historial, hitos y progresi\u00f3n de tareas con un widget de l\u00ednea de tiempo interactivo en Webflow.","robots":{"index":"index","follow":"follow","max-snippet":"max-snippet:-1","max-image-preview":"max-image-preview:large","max-video-preview":"max-video-preview:-1"},"canonical":"https:\/\/elfsight.com\/es\/timeline-widget\/webflow\/","og_locale":"es_ES","og_type":"article","og_title":"Widget de l\u00ednea de tiempo: incrustar la l\u00ednea del historial en el sitio web de Webflow [GRATIS]","og_description":"Agregue una l\u00ednea de tiempo personalizada a su flujo web. Muestre f\u00e1cilmente su historial, hitos y progresi\u00f3n de tareas con un widget de l\u00ednea de tiempo interactivo en Webflow.","og_url":"https:\/\/elfsight.com\/es\/timeline-widget\/webflow\/","og_site_name":"Elfsight ES","article_modified_time":"2025-06-17T14:03:11+00:00","twitter_card":"summary_large_image","twitter_misc":{"Tiempo de lectura":"4 minutos"},"schema":{"@context":"https:\/\/schema.org","@graph":[{"@type":"WebPage","@id":"https:\/\/elfsight.com\/es\/timeline-widget\/webflow\/","url":"https:\/\/elfsight.com\/es\/timeline-widget\/webflow\/","name":"Widget de l\u00ednea de tiempo: incrustar la l\u00ednea del historial en el sitio web de Webflow [GRATIS]","isPartOf":{"@id":"https:\/\/elfsight.com\/es\/#website"},"datePublished":"2024-06-13T06:49:44+00:00","dateModified":"2025-06-17T14:03:11+00:00","description":"Agregue una l\u00ednea de tiempo personalizada a su flujo web. Muestre f\u00e1cilmente su historial, hitos y progresi\u00f3n de tareas con un widget de l\u00ednea de tiempo interactivo en Webflow.","breadcrumb":{"@id":"https:\/\/elfsight.com\/es\/timeline-widget\/webflow\/#breadcrumb"},"inLanguage":"es","potentialAction":[{"@type":"ReadAction","target":["https:\/\/elfsight.com\/es\/timeline-widget\/webflow\/"]}]},{"@type":"BreadcrumbList","@id":"https:\/\/elfsight.com\/es\/timeline-widget\/webflow\/#breadcrumb","itemListElement":[{"@type":"ListItem","position":1,"name":"Home","item":"https:\/\/elfsight.com\/es\/"},{"@type":"ListItem","position":2,"name":"Timeline","item":"https:\/\/elfsight.com\/es\/timeline-widget\/"},{"@type":"ListItem","position":3,"name":"Timeline &#8211; Webflow"}]},{"@type":"WebSite","@id":"https:\/\/elfsight.com\/es\/#website","url":"https:\/\/elfsight.com\/es\/","name":"Elfsight ES","description":"Just another Elfsight Sites site","potentialAction":[{"@type":"SearchAction","target":{"@type":"EntryPoint","urlTemplate":"https:\/\/elfsight.com\/es\/?s={search_term_string}"},"query-input":{"@type":"PropertyValueSpecification","valueRequired":true,"valueName":"search_term_string"}}],"inLanguage":"es"}]}},"meta_box":{"industry":"","seo_heading":"","heading":"","description":"","cta_heading":"","cta_description":"","application":"19499","h1":"Complemento de l\u00ednea de tiempo para Webflow","h1_caption":"Muestre una l\u00ednea hist\u00f3rica atractiva para presentar su historia, los logros del proyecto o los pasos con un complemento de l\u00ednea de tiempo interactivo en Webflow.","application_category":[],"applications_title":"","applications_request_title":"","applications_request_button_text":"","hero_text":"","hero_video":"","hero_video_schema_markup":"","selling_points_title":"","selling_points_caption":"","selling_points":[],"selling_points_cta_text":"","features_title":"","features":"","ed_cta_examples_text":"","ed_cta_examples_hidden":"","ed_cta_demo_text":"","ed_cta_demo_hidden":"","why_caption":"","why_editor_title":"","why_editor_text":"","why_team_title":"","why_team_text":"","why_service_title":"","why_service_text":"","template_catalog_visible":"0","template_catalog_title":"","template_catalog_text":"","template_catalog_categories_visible":"","demo_title":"Crea tu complemento Webflow Timeline","demo_caption":"\u00a1Personaliza tu l\u00ednea de tiempo y agr\u00e9gala a tu sitio web con facilidad!","default_faq_hidden":"","app_template_category":[],"platform":"106","template_public_id":"","codecanyon_url":"","codecanyon_item_id":"","codecanyon_price":"","pricing_caption":"","pricing_elfsight_apps_hide_column":"","pricing_elfsight_apps_url":"","pricing_codecanyon_price_caption":"","integration_category":[],"integration_request_title":"","integration_request_cta":"","integration_platform":"","integrations":[],"platform_category":[],"video_schema_markup":"","price":"desde $0 \/ mes","trial":"","benefits":[],"button_url":"#demo","button_target_blank":"0","button_nofollow":"0","attributes":[{"name":"Instalaciones","content":"50,000 - 100,000","_state":"expanded"},{"name":"Sensible","content":"S\u00ed","_state":"expanded"},{"name":"Navegadores compatibles","content":"Firefox, Safari, Opera, Chrome, Edge","_state":"expanded"}],"tags":[],"tags_disable_links":"0","hide_more_platforms":"0","video_object":"","demo_hide_cta":"0","demo_hide_cloud_options":"0","pricing_title":"","pricing":[{"pricing_icon":"platform","pricing_title":"Elfsight Apps","pricing_title_caption":"Software multiplataforma que se adapta a cualquier sitio","pricing_price":"desde $0 \/ mes","pricing_price_caption":"comienza con un plan gratuito","pricing_button_text":"A\u00f1adir al sitio web","pricing_button_url":"#demo"}],"related_apps_title":"","related_apps_hidden":"0","author":"","image":[],"title":"","job":"","social_networks":[]},"_links":{"self":[{"href":"https:\/\/elfsight.com\/es\/wp-json\/wp\/v2\/pages\/19550","targetHints":{"allow":["GET"]}}],"collection":[{"href":"https:\/\/elfsight.com\/es\/wp-json\/wp\/v2\/pages"}],"about":[{"href":"https:\/\/elfsight.com\/es\/wp-json\/wp\/v2\/types\/page"}],"author":[{"embeddable":true,"href":"https:\/\/elfsight.com\/es\/wp-json\/wp\/v2\/users\/9"}],"replies":[{"embeddable":true,"href":"https:\/\/elfsight.com\/es\/wp-json\/wp\/v2\/comments?post=19550"}],"version-history":[{"count":1,"href":"https:\/\/elfsight.com\/es\/wp-json\/wp\/v2\/pages\/19550\/revisions"}],"predecessor-version":[{"id":19554,"href":"https:\/\/elfsight.com\/es\/wp-json\/wp\/v2\/pages\/19550\/revisions\/19554"}],"up":[{"embeddable":true,"href":"https:\/\/elfsight.com\/es\/wp-json\/wp\/v2\/pages\/19500"}],"wp:attachment":[{"href":"https:\/\/elfsight.com\/es\/wp-json\/wp\/v2\/media?parent=19550"}],"curies":[{"name":"wp","href":"https:\/\/api.w.org\/{rel}","templated":true}]}}