{"id":19547,"date":"2024-06-13T08:49:44","date_gmt":"2024-06-13T08:49:44","guid":{"rendered":"https:\/\/elfsight.com\/es\/?page_id=19547"},"modified":"2025-06-17T14:03:11","modified_gmt":"2025-06-17T14:03:11","slug":"iframe","status":"publish","type":"page","link":"https:\/\/elfsight.com\/es\/timeline-widget\/iframe\/","title":{"rendered":"Timeline &#8211; iFrame"},"content":{"rendered":"<div class=\"application-platform-content-item-description application-platform-content-item\" id=\"description\" data-nav-section=\"description\"><h2>iFrame Timeline Plugin<\/h2> <p>Impulse la participaci\u00f3n en su sitio web integrando una l\u00ednea de tiempo totalmente personalizable e interactiva. Con el complemento iFrame Timeline de Elfsight, puede mostrar sus hitos, etapas de proyecto o eventos clave sin esfuerzo. Ya sea que est\u00e9 compartiendo la historia de su empresa, rastreando el progreso del proyecto o mostrando el desarrollo de productos, este complemento simplifica la creaci\u00f3n de una l\u00ednea de tiempo que se ajuste a sus objetivos. \u00a1Y lo mejor de todo es que no se requieren habilidades de codificaci\u00f3n para comenzar!<\/p> <ul> <li><b>Crea l\u00edneas de tiempo din\u00e1micas sin necesidad de codificaci\u00f3n<\/b><br> Dise\u00f1e e implemente f\u00e1cilmente una l\u00ednea de tiempo completamente interactiva en solo unos minutos, sin necesidad de ning\u00fan conocimiento t\u00e9cnico.<\/li> <li><b>Amplias opciones de personalizaci\u00f3n<\/b><br> Adapte la apariencia de su l\u00ednea de tiempo con una amplia gama de plantillas, colores, fuentes y configuraciones para un dise\u00f1o personalizado.<\/li> <li><b>Inserci\u00f3n sin esfuerzo<\/b><br> Integre su l\u00ednea de tiempo personalizada en su sitio web compatible con iFrame con un simple c\u00f3digo de inserci\u00f3n HTML, \u00a1sin dolores de cabeza t\u00e9cnicos!<\/li> <li><b>Atenci\u00f3n al cliente receptiva<\/b><br> Nuestro equipo de soporte experto est\u00e1 disponible para ayudarlo en cada etapa de la configuraci\u00f3n, garantizando que su l\u00ednea de tiempo funcione perfectamente en su sitio.<\/li> <\/ul> <p><b>Pruebe iFrame Timeline de Elfsight para participar \u00a1Atrae a tus visitantes y resalta tus logros en un formato elegante y din\u00e1mico!<\/b><\/p> <\/div><div class=\"application-platform-content-item-features application-platform-content-item\" id=\"features\" data-nav-section=\"features\"><h2>Qu\u00e9 puedes hacer con la l\u00ednea de tiempo iFrame<\/h2> <ul> <li><strong>Atrae a los visitantes visualmente<\/strong><br> Cautiva a tu audiencia con una l\u00ednea de tiempo din\u00e1mica y visualmente atractiva que presenta tus hitos clave de una manera simple e interactiva. formato.<\/li> <li><strong>Muestre el progreso y los eventos<\/strong><br> Presente sus eventos o etapas del proyecto en orden cronol\u00f3gico, lo que facilita que los visitantes sigan su progreso y se mantengan interesados.<\/li> <li><strong>Enfatice los logros clave<\/strong><br> Resalte sus hitos m\u00e1s importantes en un dise\u00f1o limpio y f\u00e1cil de entender que llame la atenci\u00f3n y fomente una mayor interacci\u00f3n.<\/li> <\/ul> <p><a href=\"#demo\">Explore el editor para descubrir todas las funciones del widget iFrame Timeline.<\/a><\/p> <\/div><div class=\"application-platform-content-item-installation application-platform-content-item\" id=\"installation\" data-nav-section=\"installation\"><h2>C\u00f3mo incrustar una l\u00ednea de tiempo con iFrame<\/h2> <p>Integrar el widget iFrame Timeline en su sitio web es f\u00e1cil y no requiere conocimientos t\u00e9cnicos. Simplemente siga estos sencillos pasos:<\/p> <ol> <li><b>Cree su l\u00ednea de tiempo iFrame personalizada<\/b><br> Elija una plantilla del editor y personal\u00edcela para que se adapte al estilo y los requisitos de su sitio web. Agregue hitos y ajuste el dise\u00f1o para que se ajuste a su marca.<\/li> <li><b>Obtenga su c\u00f3digo de inserci\u00f3n \u00fanico<\/b><br> Una vez que haya terminado de personalizar su l\u00ednea de tiempo, recibir\u00e1 un c\u00f3digo de inserci\u00f3n HTML \u00fanico. Copie este c\u00f3digo para usarlo m\u00e1s tarde.<\/li> <li><b>Incruste el c\u00f3digo en su p\u00e1gina web<\/b><br> Pegue el c\u00f3digo HTML en la secci\u00f3n correspondiente de su p\u00e1gina web y guarde los cambios. \u00a1Tu l\u00ednea de tiempo estar\u00e1 activa y lista para atraer a tus visitantes!<\/li> <li><b>\u00a1Listo! \u00a1Disfruta de tu nueva l\u00ednea de tiempo interactiva!<\/b><br> \u00a1Visita tu sitio para ver la l\u00ednea de tiempo en acci\u00f3n y comienza a interactuar con tus visitantes de una manera atractiva y visualmente atractiva!<\/li> <\/ol> <p>Para obtener instrucciones detalladas, visita nuestra gu\u00eda completa sobre <a href=\"https:\/\/elfsight.com\/blog\/how-to-embed-timeline-to-website\/\" target=\"_blank\" rel=\"noopener\">c\u00f3mo crear e incrustar una l\u00ednea de tiempo en tu sitio web<\/a>.<\/p> <\/div><div class=\"faq\" data-component=\"FAQ\"> <div class=\"faq-item\">\r\n\t\t\t\t\t<div class=\"faq-item-question\">\r\n\t\t\t\t\t\t<h3 class=\"faq-item-question-text\">\u00bfEl widget Timeline para iFrame es gratuito?<\/h3>\r\n\r\n\t\t\t\t\t\t<div class=\"faq-item-question-icon\"><\/div>\r\n\t\t\t\t\t<\/div>\r\n\r\n\t\t\t\t\t<div class=\"faq-item-answer\">\r\n\t\t\t\t\t\t<div class=\"faq-item-answer-text\"> S\u00ed, Elfsight ofrece un modelo de suscripci\u00f3n con un plan gratuito. Puede acceder a las funciones b\u00e1sicas del widget iFrame Timeline sin costo, con m\u00e1s opciones de personalizaci\u00f3n disponibles a trav\u00e9s de planes premium. <\/div>\r\n\t\t\t\t\t<\/div>\r\n\t\t\t\t<\/div><div class=\"faq-item\">\r\n\t\t\t\t\t<div class=\"faq-item-question\">\r\n\t\t\t\t\t\t<h3 class=\"faq-item-question-text\">\u00bfNecesito habilidades de codificaci\u00f3n para usar el widget de l\u00ednea de tiempo?<\/h3>\r\n\r\n\t\t\t\t\t\t<div class=\"faq-item-question-icon\"><\/div>\r\n\t\t\t\t\t<\/div>\r\n\r\n\t\t\t\t\t<div class=\"faq-item-answer\">\r\n\t\t\t\t\t\t<div class=\"faq-item-answer-text\"> No, el constructor iFrame Timeline de Elfsight est\u00e1 dise\u00f1ado para ser f\u00e1cil de usar, por lo que no se requieren habilidades de codificaci\u00f3n. Simplemente use nuestro editor intuitivo para crear y personalizar su l\u00ednea de tiempo. <\/div>\r\n\t\t\t\t\t<\/div>\r\n\t\t\t\t<\/div><div class=\"faq-item\">\r\n\t\t\t\t\t<div class=\"faq-item-question\">\r\n\t\t\t\t\t\t<h3 class=\"faq-item-question-text\">\u00bfC\u00f3mo puedo crear una l\u00ednea de tiempo interactiva para iFrame?<\/h3>\r\n\r\n\t\t\t\t\t\t<div class=\"faq-item-question-icon\"><\/div>\r\n\t\t\t\t\t<\/div>\r\n\r\n\t\t\t\t\t<div class=\"faq-item-answer\">\r\n\t\t\t\t\t\t<div class=\"faq-item-answer-text\"> Seleccione una plantilla del editor, personal\u00edcela seg\u00fan sus necesidades e incruste la l\u00ednea de tiempo usando el c\u00f3digo HTML proporcionado. <\/div>\r\n\t\t\t\t\t<\/div>\r\n\t\t\t\t<\/div><div class=\"faq-item\">\r\n\t\t\t\t\t<div class=\"faq-item-question\">\r\n\t\t\t\t\t\t<h3 class=\"faq-item-question-text\">\u00bfQu\u00e9 tipos de cronogramas puedo crear?<\/h3>\r\n\r\n\t\t\t\t\t\t<div class=\"faq-item-question-icon\"><\/div>\r\n\t\t\t\t\t<\/div>\r\n\r\n\t\t\t\t\t<div class=\"faq-item-answer\">\r\n\t\t\t\t\t\t<div class=\"faq-item-answer-text\"> Puede crear varios tipos de cronogramas para su sitio web compatible con iFrame, como:<ul> <li><strong>Historial de la empresa<\/strong>: muestre el crecimiento y los hitos de su negocio.<\/li> <li><strong>Desarrollo de productos<\/strong>: presente el recorrido de su producto desde el inicio hasta el lanzamiento.<\/li> <li><strong>Progreso del proyecto<\/strong>: realice un seguimiento y muestre las etapas de sus proyectos en curso o completados.<\/li> <li><strong>Programaciones de eventos<\/strong>: resalte eventos importantes o lanzamientos en un formato de l\u00ednea de tiempo simple y f\u00e1cil de seguir.<\/li> <\/ul> <\/div>\r\n\t\t\t\t\t<\/div>\r\n\t\t\t\t<\/div> <\/div>","protected":false},"excerpt":{"rendered":"","protected":false},"author":9,"featured_media":0,"parent":19500,"menu_order":0,"comment_status":"closed","ping_status":"closed","template":"templates\/template-application-platform.php","meta":{"publish_to_discourse":"","publish_post_category":"","wpdc_auto_publish_overridden":"","wpdc_topic_tags":"","wpdc_pin_topic":"","wpdc_pin_until":"","discourse_post_id":"","discourse_permalink":"","wpdc_publishing_response":"","wpdc_publishing_error":"","footnotes":""},"class_list":["post-19547","page","type-page","status-publish","hentry"],"yoast_head":"<!-- This site is optimized with the Yoast SEO plugin v25.3.1 - https:\/\/yoast.com\/wordpress\/plugins\/seo\/ -->\n<title>Widget de l\u00ednea de tiempo: insertar la l\u00ednea del historial en el sitio web iFrame|Gratis<\/title>\n<meta name=\"description\" content=\"Agregue una l\u00ednea de tiempo responsiva a su sitio web iFrame. Muestre hitos, progreso y eventos clave en un formato din\u00e1mico con el complemento Timeline de Elfsight.\" \/>\n<meta name=\"robots\" content=\"index, follow, max-snippet:-1, max-image-preview:large, max-video-preview:-1\" \/>\n<link rel=\"canonical\" href=\"https:\/\/elfsight.com\/es\/timeline-widget\/iframe\/\" \/>\n<meta property=\"og:locale\" content=\"es_ES\" \/>\n<meta property=\"og:type\" content=\"article\" \/>\n<meta property=\"og:title\" content=\"Widget de l\u00ednea de tiempo: insertar la l\u00ednea del historial en el sitio web iFrame|Gratis\" \/>\n<meta property=\"og:description\" content=\"Agregue una l\u00ednea de tiempo responsiva a su sitio web iFrame. Muestre hitos, progreso y eventos clave en un formato din\u00e1mico con el complemento Timeline de Elfsight.\" \/>\n<meta property=\"og:url\" content=\"https:\/\/elfsight.com\/es\/timeline-widget\/iframe\/\" \/>\n<meta property=\"og:site_name\" content=\"Elfsight ES\" \/>\n<meta property=\"article:modified_time\" content=\"2025-06-17T14:03:11+00:00\" \/>\n<meta name=\"twitter:card\" content=\"summary_large_image\" \/>\n<meta name=\"twitter:label1\" content=\"Tiempo de lectura\" \/>\n\t<meta name=\"twitter:data1\" content=\"4 minutos\" \/>\n<!-- \/ Yoast SEO plugin. -->","yoast_head_json":{"title":"Widget de l\u00ednea de tiempo: insertar la l\u00ednea del historial en el sitio web iFrame|Gratis","description":"Agregue una l\u00ednea de tiempo responsiva a su sitio web iFrame. Muestre hitos, progreso y eventos clave en un formato din\u00e1mico con el complemento Timeline de Elfsight.","robots":{"index":"index","follow":"follow","max-snippet":"max-snippet:-1","max-image-preview":"max-image-preview:large","max-video-preview":"max-video-preview:-1"},"canonical":"https:\/\/elfsight.com\/es\/timeline-widget\/iframe\/","og_locale":"es_ES","og_type":"article","og_title":"Widget de l\u00ednea de tiempo: insertar la l\u00ednea del historial en el sitio web iFrame|Gratis","og_description":"Agregue una l\u00ednea de tiempo responsiva a su sitio web iFrame. Muestre hitos, progreso y eventos clave en un formato din\u00e1mico con el complemento Timeline de Elfsight.","og_url":"https:\/\/elfsight.com\/es\/timeline-widget\/iframe\/","og_site_name":"Elfsight ES","article_modified_time":"2025-06-17T14:03:11+00:00","twitter_card":"summary_large_image","twitter_misc":{"Tiempo de lectura":"4 minutos"},"schema":{"@context":"https:\/\/schema.org","@graph":[{"@type":"WebPage","@id":"https:\/\/elfsight.com\/es\/timeline-widget\/iframe\/","url":"https:\/\/elfsight.com\/es\/timeline-widget\/iframe\/","name":"Widget de l\u00ednea de tiempo: insertar la l\u00ednea del historial en el sitio web iFrame|Gratis","isPartOf":{"@id":"https:\/\/elfsight.com\/es\/#website"},"datePublished":"2024-06-13T08:49:44+00:00","dateModified":"2025-06-17T14:03:11+00:00","description":"Agregue una l\u00ednea de tiempo responsiva a su sitio web iFrame. Muestre hitos, progreso y eventos clave en un formato din\u00e1mico con el complemento Timeline de Elfsight.","breadcrumb":{"@id":"https:\/\/elfsight.com\/es\/timeline-widget\/iframe\/#breadcrumb"},"inLanguage":"es","potentialAction":[{"@type":"ReadAction","target":["https:\/\/elfsight.com\/es\/timeline-widget\/iframe\/"]}]},{"@type":"BreadcrumbList","@id":"https:\/\/elfsight.com\/es\/timeline-widget\/iframe\/#breadcrumb","itemListElement":[{"@type":"ListItem","position":1,"name":"Home","item":"https:\/\/elfsight.com\/es\/"},{"@type":"ListItem","position":2,"name":"Timeline","item":"https:\/\/elfsight.com\/es\/timeline-widget\/"},{"@type":"ListItem","position":3,"name":"Timeline &#8211; iFrame"}]},{"@type":"WebSite","@id":"https:\/\/elfsight.com\/es\/#website","url":"https:\/\/elfsight.com\/es\/","name":"Elfsight ES","description":"Just another Elfsight Sites site","potentialAction":[{"@type":"SearchAction","target":{"@type":"EntryPoint","urlTemplate":"https:\/\/elfsight.com\/es\/?s={search_term_string}"},"query-input":{"@type":"PropertyValueSpecification","valueRequired":true,"valueName":"search_term_string"}}],"inLanguage":"es"}]}},"meta_box":{"industry":"","seo_heading":"","heading":"","description":"","cta_heading":"","cta_description":"","application":"19499","h1":"Complemento de l\u00ednea de tiempo para iFrame","h1_caption":"Muestre una l\u00ednea de tiempo interactiva y atractiva de eventos para resaltar hitos clave, etapas de proyectos o l\u00edneas hist\u00f3ricas en su sitio web iFrame.","application_category":[],"applications_title":"","applications_request_title":"","applications_request_button_text":"","hero_text":"","hero_video":"","hero_video_schema_markup":"","selling_points_title":"","selling_points_caption":"","selling_points":[],"selling_points_cta_text":"","features_title":"","features":"","ed_cta_examples_text":"","ed_cta_examples_hidden":"","ed_cta_demo_text":"","ed_cta_demo_hidden":"","why_caption":"","why_editor_title":"","why_editor_text":"","why_team_title":"","why_team_text":"","why_service_title":"","why_service_text":"","template_catalog_visible":"0","template_catalog_title":"","template_catalog_text":"","template_catalog_categories_visible":"","demo_title":"Crea tu complemento iFrame Timeline","demo_caption":"\u00a1Personaliza tu l\u00ednea de tiempo y agr\u00e9gala a tu sitio web con facilidad!","default_faq_hidden":"","app_template_category":[],"platform":"2192","template_public_id":"","codecanyon_url":"","codecanyon_item_id":"","codecanyon_price":"","pricing_caption":"","pricing_elfsight_apps_hide_column":"","pricing_elfsight_apps_url":"","pricing_codecanyon_price_caption":"","integration_category":[],"integration_request_title":"","integration_request_cta":"","integration_platform":"","integrations":[],"platform_category":[],"video_schema_markup":"","price":"desde $0 \/ mes","trial":"","benefits":[],"button_url":"#demo","button_target_blank":"0","button_nofollow":"0","attributes":[{"name":"Instalaciones","content":"50,000 - 100,000","_state":"expanded"},{"name":"Sensible","content":"S\u00ed","_state":"expanded"},{"name":"Navegadores compatibles","content":"Firefox, Safari, Opera, Chrome, Edge","_state":"expanded"}],"tags":[],"tags_disable_links":"0","hide_more_platforms":"0","video_object":"","demo_hide_cta":"0","demo_hide_cloud_options":"0","pricing_title":"","pricing":[{"pricing_icon":"platform","pricing_title":"Elfsight Apps","pricing_title_caption":"Software multiplataforma que se adapta a cualquier sitio","pricing_price":"desde $0 \/ mes","pricing_price_caption":"comienza con un plan gratuito","pricing_button_text":"A\u00f1adir al sitio web","pricing_button_url":"#demo"}],"related_apps_title":"","related_apps_hidden":"0","author":"","image":[],"title":"","job":"","social_networks":[]},"_links":{"self":[{"href":"https:\/\/elfsight.com\/es\/wp-json\/wp\/v2\/pages\/19547","targetHints":{"allow":["GET"]}}],"collection":[{"href":"https:\/\/elfsight.com\/es\/wp-json\/wp\/v2\/pages"}],"about":[{"href":"https:\/\/elfsight.com\/es\/wp-json\/wp\/v2\/types\/page"}],"author":[{"embeddable":true,"href":"https:\/\/elfsight.com\/es\/wp-json\/wp\/v2\/users\/9"}],"replies":[{"embeddable":true,"href":"https:\/\/elfsight.com\/es\/wp-json\/wp\/v2\/comments?post=19547"}],"version-history":[{"count":1,"href":"https:\/\/elfsight.com\/es\/wp-json\/wp\/v2\/pages\/19547\/revisions"}],"predecessor-version":[{"id":19551,"href":"https:\/\/elfsight.com\/es\/wp-json\/wp\/v2\/pages\/19547\/revisions\/19551"}],"up":[{"embeddable":true,"href":"https:\/\/elfsight.com\/es\/wp-json\/wp\/v2\/pages\/19500"}],"wp:attachment":[{"href":"https:\/\/elfsight.com\/es\/wp-json\/wp\/v2\/media?parent=19547"}],"curies":[{"name":"wp","href":"https:\/\/api.w.org\/{rel}","templated":true}]}}