{"id":19542,"date":"2024-06-13T08:49:44","date_gmt":"2024-06-13T08:49:44","guid":{"rendered":"https:\/\/elfsight.com\/es\/?page_id=19542"},"modified":"2025-06-17T14:03:03","modified_gmt":"2025-06-17T14:03:03","slug":"joomla","status":"publish","type":"page","link":"https:\/\/elfsight.com\/es\/timeline-widget\/joomla\/","title":{"rendered":"Timeline &#8211; Joomla"},"content":{"rendered":"<div class=\"application-platform-content-item-description application-platform-content-item\" id=\"description\" data-nav-section=\"description\"><h2>Complemento de l\u00ednea de tiempo de Joomla<\/h2> <p>Mejore su sitio web Joomla agregando una l\u00ednea de tiempo din\u00e1mica y personalizable. Con el complemento Timeline de Elfsight, puede mostrar sin esfuerzo sus hitos, eventos importantes o etapas del proyecto en un formato visualmente atractivo. Ya sea que est\u00e9 mostrando la historia de su empresa, detallando las fases del proyecto o destacando el desarrollo de productos, este complemento proporciona una forma sencilla de crear una hoja de ruta interactiva sin necesidad de conocimientos de codificaci\u00f3n.<\/p> <ul> <li><b>Cree l\u00edneas de tiempo interactivas sin codificaci\u00f3n<\/b><br> Dise\u00f1e y lance una l\u00ednea de tiempo completamente funcional en solo unos minutos; no se necesitan conocimientos t\u00e9cnicos, lo que le permitir\u00e1 comenzar a atraer a sus visitantes de inmediato.<\/li> <li><b>Opciones de personalizaci\u00f3n avanzadas<\/b><br> Personalice su Dise\u00f1o y distribuci\u00f3n de la l\u00ednea de tiempo con una variedad de plantillas, combinaciones de colores, fuentes y configuraciones que se adaptan al estilo de su marca.<\/li> <li><b>Proceso de incrustaci\u00f3n fluido<\/b><br> Incruste su l\u00ednea de tiempo sin esfuerzo en su sitio Joomla con un simple c\u00f3digo de inserci\u00f3n HTML, sin complicaciones t\u00e9cnicas.<\/li> <li><b>Atenci\u00f3n al cliente receptiva<\/b><br> Nuestro equipo de soporte dedicado siempre est\u00e1 listo para ayudarlo con la configuraci\u00f3n, garantizando que su l\u00ednea de tiempo funcione perfectamente. su sitio Joomla.<\/li> <\/ul> <p><b>\u00a1Empiece a utilizar el widget Joomla Timeline de Elfsight hoy mismo para cautivar a sus visitantes y mostrar sus logros de forma interactiva!<\/b><\/p> <\/div><div class=\"application-platform-content-item-features application-platform-content-item\" id=\"features\" data-nav-section=\"features\"><h2>Caracter\u00edsticas del complemento Joomla Timeline<\/h2> <ul> <li><strong>Atraiga a sus visitantes visualmente<\/strong><br> Llame la atenci\u00f3n sobre sus hitos y eventos con una l\u00ednea de tiempo din\u00e1mica y visualmente atractiva que invite a su audiencia a explorar su contenido m\u00e1s a fondo.<\/li> <li><strong>Muestre su progreso y eventos<\/strong><br> Muestre sus hitos o etapas del proyecto en un orden cronol\u00f3gico claro, ayudando a sus visitantes a seguir su desarrollo y mantenerse interesados \u200b\u200ben su contenido.<\/li> <li><strong>Destaque los logros clave<\/strong><br> D\u00e9 especial \u00e9nfasis a sus hitos m\u00e1s importantes, present\u00e1ndolos visualmente. formato f\u00e1cil de seguir que capta la atenci\u00f3n y fomenta la interacci\u00f3n.<\/li> <\/ul> <p><a href=\"#demo\">Explore el editor para experimentar todas las funciones del widget L\u00ednea de tiempo de primera mano.<\/a><\/p> <\/div><div class=\"application-platform-content-item-installation application-platform-content-item\" id=\"installation\" data-nav-section=\"installation\"><h2>C\u00f3mo incrustar una l\u00ednea de tiempo en Joomla<\/h2> <p>Agregar una l\u00ednea de tiempo a su El sitio web Joomla es r\u00e1pido y sencillo. Simplemente siga estos sencillos pasos para comenzar:<\/p> <ol> <li><b>Cree su l\u00ednea de tiempo personalizada en Joomla<\/b><br> Elija una plantilla de nuestro editor y luego personal\u00edcela para que coincida con el dise\u00f1o de su sitio web. Personalice el dise\u00f1o, agregue hitos y ajuste la configuraci\u00f3n para satisfacer sus necesidades.<\/li> <li><b>Obtenga su c\u00f3digo de inserci\u00f3n \u00fanico<\/b><br> Una vez que haya personalizado su l\u00ednea de tiempo, recibir\u00e1 un c\u00f3digo HTML \u00fanico. Copie este c\u00f3digo para usarlo m\u00e1s tarde.<\/li> <li><b>Incruste el c\u00f3digo en su sitio Joomla<\/b><br> Pegue el c\u00f3digo HTML en la secci\u00f3n correspondiente de su p\u00e1gina Joomla y guarde los cambios. \u00a1Su l\u00ednea de tiempo interactiva ahora estar\u00e1 disponible en su sitio web!<\/li> <li><b>\u00a1Listo! \u00a1Disfruta de tu nueva l\u00ednea de tiempo!<\/b><br> Visita tu sitio para ver la l\u00ednea de tiempo en acci\u00f3n y comienza a atraer visitantes con una l\u00ednea de tiempo visualmente atractiva.<\/li> <\/ol> <p>Para obtener instrucciones m\u00e1s detalladas, consulta nuestra gu\u00eda completa en <a href=\"https:\/\/elfsight.com\/blog\/how-to-embed-timeline-to-website\/\" target=\"_blank\" rel=\"noopener\">c\u00f3mo agregar una l\u00ednea de tiempo a tu Joomla site<\/a>.<\/p> <\/div><div class=\"faq\" data-component=\"FAQ\"> <div class=\"faq-item\">\r\n\t\t\t\t\t<div class=\"faq-item-question\">\r\n\t\t\t\t\t\t<h3 class=\"faq-item-question-text\">\u00bfEl widget Timeline para Joomla es gratuito?<\/h3>\r\n\r\n\t\t\t\t\t\t<div class=\"faq-item-question-icon\"><\/div>\r\n\t\t\t\t\t<\/div>\r\n\r\n\t\t\t\t\t<div class=\"faq-item-answer\">\r\n\t\t\t\t\t\t<div class=\"faq-item-answer-text\"> S\u00ed, Elfsight ofrece un modelo de suscripci\u00f3n de varios niveles, que incluye un plan gratuito. Puede acceder a las funciones principales del widget Joomla Timeline sin costo, con opciones de personalizaci\u00f3n adicionales disponibles a trav\u00e9s de planes premium. <\/div>\r\n\t\t\t\t\t<\/div>\r\n\t\t\t\t<\/div><div class=\"faq-item\">\r\n\t\t\t\t\t<div class=\"faq-item-question\">\r\n\t\t\t\t\t\t<h3 class=\"faq-item-question-text\">\u00bfNecesito habilidades de codificaci\u00f3n para usar el widget Timeline?<\/h3>\r\n\r\n\t\t\t\t\t\t<div class=\"faq-item-question-icon\"><\/div>\r\n\t\t\t\t\t<\/div>\r\n\r\n\t\t\t\t\t<div class=\"faq-item-answer\">\r\n\t\t\t\t\t\t<div class=\"faq-item-answer-text\"> No, el constructor Joomla Timeline de Elfsight est\u00e1 dise\u00f1ado para facilitar su uso. No necesita ninguna experiencia en codificaci\u00f3n; simplemente use nuestro editor f\u00e1cil de usar para crear y personalizar su l\u00ednea de tiempo. <\/div>\r\n\t\t\t\t\t<\/div>\r\n\t\t\t\t<\/div><div class=\"faq-item\">\r\n\t\t\t\t\t<div class=\"faq-item-question\">\r\n\t\t\t\t\t\t<h3 class=\"faq-item-question-text\">\u00bfC\u00f3mo puedo crear una l\u00ednea de tiempo interactiva para Joomla?<\/h3>\r\n\r\n\t\t\t\t\t\t<div class=\"faq-item-question-icon\"><\/div>\r\n\t\t\t\t\t<\/div>\r\n\r\n\t\t\t\t\t<div class=\"faq-item-answer\">\r\n\t\t\t\t\t\t<div class=\"faq-item-answer-text\"> Simplemente elija una plantilla del editor, personal\u00edcela seg\u00fan sea necesario e incr\u00fastela usando el c\u00f3digo HTML proporcionado. <\/div>\r\n\t\t\t\t\t<\/div>\r\n\t\t\t\t<\/div><div class=\"faq-item\">\r\n\t\t\t\t\t<div class=\"faq-item-question\">\r\n\t\t\t\t\t\t<h3 class=\"faq-item-question-text\">\u00bfQu\u00e9 tipos de l\u00edneas de tiempo puedo crear?<\/h3>\r\n\r\n\t\t\t\t\t\t<div class=\"faq-item-question-icon\"><\/div>\r\n\t\t\t\t\t<\/div>\r\n\r\n\t\t\t\t\t<div class=\"faq-item-answer\">\r\n\t\t\t\t\t\t<div class=\"faq-item-answer-text\"> Puede crear varias l\u00edneas de tiempo para su sitio web Joomla, como:<ul> <li><strong>Historia de la empresa<\/strong>: muestre los hitos y el crecimiento de su empresa.<\/li> <li><strong>Desarrollo de producto<\/strong>: muestre el recorrido de su producto desde el concepto hasta el lanzamiento.<\/li> <li><strong>Progreso del proyecto<\/strong>: realice un seguimiento y visualice las etapas de su proceso en curso o completado. proyectos.<\/li> <li><strong>Programaciones de eventos<\/strong>: presente cronogramas de eventos, lanzamientos de productos u horarios de conferencias en un formato simple e interactivo.<\/li> <\/ul> <\/div>\r\n\t\t\t\t\t<\/div>\r\n\t\t\t\t<\/div> <\/div>","protected":false},"excerpt":{"rendered":"","protected":false},"author":9,"featured_media":0,"parent":19500,"menu_order":0,"comment_status":"closed","ping_status":"closed","template":"templates\/template-application-platform.php","meta":{"publish_to_discourse":"","publish_post_category":"","wpdc_auto_publish_overridden":"","wpdc_topic_tags":"","wpdc_pin_topic":"","wpdc_pin_until":"","discourse_post_id":"","discourse_permalink":"","wpdc_publishing_response":"","wpdc_publishing_error":"","footnotes":""},"class_list":["post-19542","page","type-page","status-publish","hentry"],"yoast_head":"<!-- This site is optimized with the Yoast SEO plugin v25.3.1 - https:\/\/yoast.com\/wordpress\/plugins\/seo\/ -->\n<title>Widget de l\u00ednea de tiempo: incrustar l\u00ednea de historial en el sitio web Joomla [GRATIS]<\/title>\n<meta name=\"description\" content=\"Est\u00e9n atentos a nuestros pr\u00f3ximos complementos y widgets de Joomla. Vea todas las funciones del complemento Joomla Timeline que puede agregar al sitio web.\" \/>\n<meta name=\"robots\" content=\"index, follow, max-snippet:-1, max-image-preview:large, max-video-preview:-1\" \/>\n<link rel=\"canonical\" href=\"https:\/\/elfsight.com\/es\/timeline-widget\/joomla\/\" \/>\n<meta property=\"og:locale\" content=\"es_ES\" \/>\n<meta property=\"og:type\" content=\"article\" \/>\n<meta property=\"og:title\" content=\"Widget de l\u00ednea de tiempo: incrustar l\u00ednea de historial en el sitio web Joomla [GRATIS]\" \/>\n<meta property=\"og:description\" content=\"Est\u00e9n atentos a nuestros pr\u00f3ximos complementos y widgets de Joomla. Vea todas las funciones del complemento Joomla Timeline que puede agregar al sitio web.\" \/>\n<meta property=\"og:url\" content=\"https:\/\/elfsight.com\/es\/timeline-widget\/joomla\/\" \/>\n<meta property=\"og:site_name\" content=\"Elfsight ES\" \/>\n<meta property=\"article:modified_time\" content=\"2025-06-17T14:03:03+00:00\" \/>\n<meta name=\"twitter:card\" content=\"summary_large_image\" \/>\n<meta name=\"twitter:label1\" content=\"Tiempo de lectura\" \/>\n\t<meta name=\"twitter:data1\" content=\"4 minutos\" \/>\n<!-- \/ Yoast SEO plugin. -->","yoast_head_json":{"title":"Widget de l\u00ednea de tiempo: incrustar l\u00ednea de historial en el sitio web Joomla [GRATIS]","description":"Est\u00e9n atentos a nuestros pr\u00f3ximos complementos y widgets de Joomla. Vea todas las funciones del complemento Joomla Timeline que puede agregar al sitio web.","robots":{"index":"index","follow":"follow","max-snippet":"max-snippet:-1","max-image-preview":"max-image-preview:large","max-video-preview":"max-video-preview:-1"},"canonical":"https:\/\/elfsight.com\/es\/timeline-widget\/joomla\/","og_locale":"es_ES","og_type":"article","og_title":"Widget de l\u00ednea de tiempo: incrustar l\u00ednea de historial en el sitio web Joomla [GRATIS]","og_description":"Est\u00e9n atentos a nuestros pr\u00f3ximos complementos y widgets de Joomla. Vea todas las funciones del complemento Joomla Timeline que puede agregar al sitio web.","og_url":"https:\/\/elfsight.com\/es\/timeline-widget\/joomla\/","og_site_name":"Elfsight ES","article_modified_time":"2025-06-17T14:03:03+00:00","twitter_card":"summary_large_image","twitter_misc":{"Tiempo de lectura":"4 minutos"},"schema":{"@context":"https:\/\/schema.org","@graph":[{"@type":"WebPage","@id":"https:\/\/elfsight.com\/es\/timeline-widget\/joomla\/","url":"https:\/\/elfsight.com\/es\/timeline-widget\/joomla\/","name":"Widget de l\u00ednea de tiempo: incrustar l\u00ednea de historial en el sitio web Joomla [GRATIS]","isPartOf":{"@id":"https:\/\/elfsight.com\/es\/#website"},"datePublished":"2024-06-13T08:49:44+00:00","dateModified":"2025-06-17T14:03:03+00:00","description":"Est\u00e9n atentos a nuestros pr\u00f3ximos complementos y widgets de Joomla. Vea todas las funciones del complemento Joomla Timeline que puede agregar al sitio web.","breadcrumb":{"@id":"https:\/\/elfsight.com\/es\/timeline-widget\/joomla\/#breadcrumb"},"inLanguage":"es","potentialAction":[{"@type":"ReadAction","target":["https:\/\/elfsight.com\/es\/timeline-widget\/joomla\/"]}]},{"@type":"BreadcrumbList","@id":"https:\/\/elfsight.com\/es\/timeline-widget\/joomla\/#breadcrumb","itemListElement":[{"@type":"ListItem","position":1,"name":"Home","item":"https:\/\/elfsight.com\/es\/"},{"@type":"ListItem","position":2,"name":"Timeline","item":"https:\/\/elfsight.com\/es\/timeline-widget\/"},{"@type":"ListItem","position":3,"name":"Timeline &#8211; Joomla"}]},{"@type":"WebSite","@id":"https:\/\/elfsight.com\/es\/#website","url":"https:\/\/elfsight.com\/es\/","name":"Elfsight ES","description":"Just another Elfsight Sites site","potentialAction":[{"@type":"SearchAction","target":{"@type":"EntryPoint","urlTemplate":"https:\/\/elfsight.com\/es\/?s={search_term_string}"},"query-input":{"@type":"PropertyValueSpecification","valueRequired":true,"valueName":"search_term_string"}}],"inLanguage":"es"}]}},"meta_box":{"industry":"","seo_heading":"","heading":"","description":"","cta_heading":"","cta_description":"","application":"19499","h1":"Complemento de l\u00ednea de tiempo para Joomla","h1_caption":"Muestre una l\u00ednea de tiempo visualmente atractiva de eventos en su sitio web Joomla para resaltar hitos y logros clave.","application_category":[],"applications_title":"","applications_request_title":"","applications_request_button_text":"","hero_text":"","hero_video":"","hero_video_schema_markup":"","selling_points_title":"","selling_points_caption":"","selling_points":[],"selling_points_cta_text":"","features_title":"","features":"","ed_cta_examples_text":"","ed_cta_examples_hidden":"","ed_cta_demo_text":"","ed_cta_demo_hidden":"","why_caption":"","why_editor_title":"","why_editor_text":"","why_team_title":"","why_team_text":"","why_service_title":"","why_service_text":"","template_catalog_visible":"0","template_catalog_title":"","template_catalog_text":"","template_catalog_categories_visible":"","demo_title":"Crea tu complemento Joomla Timeline","demo_caption":"\u00a1Personaliza tu l\u00ednea de tiempo y agr\u00e9gala a tu sitio web con facilidad!","default_faq_hidden":"","app_template_category":[],"platform":"73","template_public_id":"","codecanyon_url":"","codecanyon_item_id":"","codecanyon_price":"","pricing_caption":"","pricing_elfsight_apps_hide_column":"","pricing_elfsight_apps_url":"","pricing_codecanyon_price_caption":"","integration_category":[],"integration_request_title":"","integration_request_cta":"","integration_platform":"","integrations":[],"platform_category":[],"video_schema_markup":"","price":"desde $0 \/ mes","trial":"","benefits":[],"button_url":"#demo","button_target_blank":"0","button_nofollow":"0","attributes":[{"name":"Instalaciones","content":"50,000 - 100,000","_state":"expanded"},{"name":"Sensible","content":"S\u00ed","_state":"expanded"},{"name":"Navegadores compatibles","content":"Firefox, Safari, Opera, Chrome, Edge","_state":"expanded"}],"tags":[],"tags_disable_links":"0","hide_more_platforms":"0","video_object":"","demo_hide_cta":"0","demo_hide_cloud_options":"0","pricing_title":"","pricing":[{"pricing_icon":"platform","pricing_title":"Elfsight Apps","pricing_title_caption":"Software multiplataforma que se adapta a cualquier sitio","pricing_price":"desde $0 \/ mes","pricing_price_caption":"comienza con un plan gratuito","pricing_button_text":"A\u00f1adir al sitio web","pricing_button_url":"#demo"}],"related_apps_title":"","related_apps_hidden":"0","author":"","image":[],"title":"","job":"","social_networks":[]},"_links":{"self":[{"href":"https:\/\/elfsight.com\/es\/wp-json\/wp\/v2\/pages\/19542","targetHints":{"allow":["GET"]}}],"collection":[{"href":"https:\/\/elfsight.com\/es\/wp-json\/wp\/v2\/pages"}],"about":[{"href":"https:\/\/elfsight.com\/es\/wp-json\/wp\/v2\/types\/page"}],"author":[{"embeddable":true,"href":"https:\/\/elfsight.com\/es\/wp-json\/wp\/v2\/users\/9"}],"replies":[{"embeddable":true,"href":"https:\/\/elfsight.com\/es\/wp-json\/wp\/v2\/comments?post=19542"}],"version-history":[{"count":1,"href":"https:\/\/elfsight.com\/es\/wp-json\/wp\/v2\/pages\/19542\/revisions"}],"predecessor-version":[{"id":19546,"href":"https:\/\/elfsight.com\/es\/wp-json\/wp\/v2\/pages\/19542\/revisions\/19546"}],"up":[{"embeddable":true,"href":"https:\/\/elfsight.com\/es\/wp-json\/wp\/v2\/pages\/19500"}],"wp:attachment":[{"href":"https:\/\/elfsight.com\/es\/wp-json\/wp\/v2\/media?parent=19542"}],"curies":[{"name":"wp","href":"https:\/\/api.w.org\/{rel}","templated":true}]}}