{"id":19540,"date":"2025-03-10T15:10:24","date_gmt":"2025-03-10T15:10:24","guid":{"rendered":"https:\/\/elfsight.com\/es\/?page_id=19540"},"modified":"2025-06-17T14:03:03","modified_gmt":"2025-06-17T14:03:03","slug":"bigcommerce","status":"publish","type":"page","link":"https:\/\/elfsight.com\/es\/timeline-widget\/bigcommerce\/","title":{"rendered":"Timeline &#8211; BigCommerce"},"content":{"rendered":"<div class=\"application-platform-content-item-description application-platform-content-item\" id=\"description\" data-nav-section=\"description\"><h2>Aplicaci\u00f3n BigCommerce Timeline<\/h2> <p>Mejore su tienda BigCommerce con una l\u00ednea de tiempo interactiva que ayuda a mostrar hitos importantes, eventos clave y etapas de su trayectoria empresarial. Involucre a sus clientes con una l\u00ednea de tiempo visualmente din\u00e1mica e interactiva. El creador de l\u00ednea de tiempo de Elfsight BigCommerce le permite personalizar marcadores de hitos para crear una experiencia cautivadora. Ya sea que est\u00e9 destacando la historia de su empresa, rastreando el desarrollo de productos o mostrando logros comerciales clave, este widget le permite crear una l\u00ednea de tiempo flexible adaptada a sus objetivos \u00fanicos.<\/p> <ul> <li><b>Cree l\u00edneas de tiempo interactivas sin necesidad de codificaci\u00f3n.<\/b><br> Cree una l\u00ednea de tiempo completamente funcional en minutos, sin necesidad de habilidades t\u00e9cnicas, y comience a cautivar a sus visitantes al instante.<\/li> <li><b>Opciones integrales de personalizaci\u00f3n.<\/b><br> Personalice su El dise\u00f1o, la disposici\u00f3n, los colores, las fuentes y la configuraci\u00f3n de la l\u00ednea de tiempo se alinean perfectamente con la est\u00e9tica de su marca y el dise\u00f1o de la tienda.<\/li> <li><b>Proceso de integraci\u00f3n sencillo.<\/b><br> Agregue r\u00e1pidamente su l\u00ednea de tiempo personalizada a su tienda BigCommerce con un simple c\u00f3digo HTML para insertar, sin necesidad de conocimientos de codificaci\u00f3n.<\/li> <li><b>Atenci\u00f3n al cliente dedicada.<\/b><br> Nuestro equipo siempre est\u00e1 disponible para ayudarlo con el proceso de configuraci\u00f3n, garantizando que su l\u00ednea de tiempo funcione sin problemas en su tienda.<\/li> <\/ul> <p><b>\u00a1Pruebe el widget L\u00ednea de tiempo de BigCommerce de Elfsight y presente sus hitos de una manera visualmente atractiva!<\/b><\/p><\/div><div class=\"application-platform-content-item-features application-platform-content-item\" id=\"features\" data-nav-section=\"features\"><h2>Qu\u00e9 puede hacer con la l\u00ednea de tiempo de BigCommerce<\/h2> <ul> <li><strong>Involucre visualmente a su audiencia.<\/strong><br> Atraiga y retenga visitantes mostrando su hitos clave en un formato gr\u00e1fico claro. Una l\u00ednea de tiempo visual simplifica su contenido y anima a los usuarios a explorar m\u00e1s.<\/li> <li><strong>Muestre el progreso y los eventos.<\/strong><br> Presente cronol\u00f3gicamente los hitos de su negocio, las etapas del producto o los eventos importantes, manteniendo a sus visitantes informados e interesados \u200b\u200ben sus desarrollos.<\/li> <li><strong>Enfatice sus logros clave.<\/strong><br> Resalte sus hitos m\u00e1s importantes con un dise\u00f1o limpio y organizado que sea f\u00e1cil de seguir e interactuar para sus visitantes.<\/li> <\/ul> <p><a href=\"#demo\">Explore el editor para descubrir todas las potentes funciones del widget de l\u00ednea de tiempo.<\/a><\/p><\/div><div class=\"application-platform-content-item-installation application-platform-content-item\" id=\"installation\" data-nav-section=\"installation\"><h2>C\u00f3mo incrustar una l\u00ednea de tiempo en BigCommerce<\/h2> <p>Agregar el widget de l\u00ednea de tiempo a su tienda BigCommerce es r\u00e1pido y sencillo, y no requiere conocimientos de codificaci\u00f3n. Simplemente siga estos sencillos pasos:<\/p> <ol> <li><b>Personalice su l\u00ednea de tiempo de BigCommerce<\/b><br> Seleccione una plantilla del editor y luego aj\u00fastela para que se ajuste a sus necesidades. Personalice el dise\u00f1o, agregue marcadores de hitos y modifique el dise\u00f1o para que coincida con el estilo de su tienda.<\/li> <li><b>Copia tu c\u00f3digo para insertar<\/b><br> Una vez que hayas terminado de personalizar tu l\u00ednea de tiempo, recibir\u00e1s un c\u00f3digo para insertar HTML \u00fanico. Copie este c\u00f3digo para usarlo en el futuro.<\/li> <li><b>Inserte el c\u00f3digo en su p\u00e1gina de BigCommerce<\/b><br> Pegue el c\u00f3digo HTML para insertar en la secci\u00f3n correspondiente de su p\u00e1gina web y guarde los cambios. \u00a1Tu l\u00ednea de tiempo ahora estar\u00e1 disponible!<\/li> <li><b>\u00a1Disfruta de tu l\u00ednea de tiempo interactiva!<\/b><br> Visita tu tienda para ver la l\u00ednea de tiempo en acci\u00f3n y comienza a atraer a tus clientes con una experiencia interactiva y visualmente cautivadora.<\/li> <\/ol> <p>Para obtener instrucciones m\u00e1s detalladas, consulta nuestra gu\u00eda completa en <a href=\"https:\/\/elfsight.com\/blog\/how-to-embed-timeline-to-website\/\" target=\"_blank\" rel=\"noopener\">c\u00f3mo agregar una l\u00ednea de tiempo a su sitio web<\/a>.<\/p><\/div><div class=\"faq\" data-component=\"FAQ\"><div class=\"faq-item\">\r\n\t\t\t\t\t<div class=\"faq-item-question\">\r\n\t\t\t\t\t\t<h3 class=\"faq-item-question-text\">\u00bfEl widget de l\u00ednea de tiempo para BigCommerce es gratuito?<\/h3>\r\n\r\n\t\t\t\t\t\t<div class=\"faq-item-question-icon\"><\/div>\r\n\t\t\t\t\t<\/div>\r\n\r\n\t\t\t\t\t<div class=\"faq-item-answer\">\r\n\t\t\t\t\t\t<div class=\"faq-item-answer-text\">S\u00ed, Elfsight ofrece un modelo de suscripci\u00f3n que incluye un nivel gratuito. Puede acceder a la funcionalidad b\u00e1sica del widget Timeline sin ning\u00fan costo, con planes premium disponibles para m\u00e1s opciones de personalizaci\u00f3n.<\/div>\r\n\t\t\t\t\t<\/div>\r\n\t\t\t\t<\/div><div class=\"faq-item\">\r\n\t\t\t\t\t<div class=\"faq-item-question\">\r\n\t\t\t\t\t\t<h3 class=\"faq-item-question-text\">\u00bfNecesito conocimientos de codificaci\u00f3n para usar el widget Timeline?<\/h3>\r\n\r\n\t\t\t\t\t\t<div class=\"faq-item-question-icon\"><\/div>\r\n\t\t\t\t\t<\/div>\r\n\r\n\t\t\t\t\t<div class=\"faq-item-answer\">\r\n\t\t\t\t\t\t<div class=\"faq-item-answer-text\">No, el widget Timeline de BigCommerce no requiere conocimientos de codificaci\u00f3n. Puedes crear y personalizar f\u00e1cilmente tu l\u00ednea de tiempo usando nuestro editor intuitivo.<\/div>\r\n\t\t\t\t\t<\/div>\r\n\t\t\t\t<\/div><div class=\"faq-item\">\r\n\t\t\t\t\t<div class=\"faq-item-question\">\r\n\t\t\t\t\t\t<h3 class=\"faq-item-question-text\">\u00bfC\u00f3mo creo una l\u00ednea de tiempo interactiva para BigCommerce?<\/h3>\r\n\r\n\t\t\t\t\t\t<div class=\"faq-item-question-icon\"><\/div>\r\n\t\t\t\t\t<\/div>\r\n\r\n\t\t\t\t\t<div class=\"faq-item-answer\">\r\n\t\t\t\t\t\t<div class=\"faq-item-answer-text\">Simplemente elige una plantilla del editor, aj\u00fastala a tus necesidades e ins\u00e9rtala en tu tienda usando el c\u00f3digo de inserci\u00f3n HTML proporcionado.<\/div>\r\n\t\t\t\t\t<\/div>\r\n\t\t\t\t<\/div><div class=\"faq-item\">\r\n\t\t\t\t\t<div class=\"faq-item-question\">\r\n\t\t\t\t\t\t<h3 class=\"faq-item-question-text\">\u00bfQu\u00e9 tipos de l\u00edneas de tiempo puedo crear?<\/h3>\r\n\r\n\t\t\t\t\t\t<div class=\"faq-item-question-icon\"><\/div>\r\n\t\t\t\t\t<\/div>\r\n\r\n\t\t\t\t\t<div class=\"faq-item-answer\">\r\n\t\t\t\t\t\t<div class=\"faq-item-answer-text\"><p>Con el widget de l\u00ednea de tiempo de BigCommerce, puedes crear varios tipos de l\u00edneas de tiempo para su tienda, que incluye:<\/p> <ul> <li><strong>Hitos de la empresa:<\/strong> muestre la evoluci\u00f3n de su negocio, mostrando los logros y el crecimiento clave.<\/li> <li><strong>Desarrollo de productos:<\/strong> realice un seguimiento y presente el recorrido de su producto desde el concepto hasta el lanzamiento, marcando hitos importantes a lo largo del camino.<\/li> <li><strong>Progreso del proyecto:<\/strong> muestre las diferentes etapas de los proyectos en curso o completados, manteniendo a los clientes actualizados.<\/li> <li><strong>Evento Cronogramas:<\/strong> organice y presente cronogramas para eventos especiales, promociones o lanzamientos para mantener informados a sus visitantes.<\/li> <\/ul><\/div>\r\n\t\t\t\t\t<\/div>\r\n\t\t\t\t<\/div><\/div>","protected":false},"excerpt":{"rendered":"","protected":false},"author":9,"featured_media":0,"parent":19500,"menu_order":0,"comment_status":"closed","ping_status":"closed","template":"templates\/template-application-platform.php","meta":{"publish_to_discourse":"","publish_post_category":"","wpdc_auto_publish_overridden":"","wpdc_topic_tags":"","wpdc_pin_topic":"","wpdc_pin_until":"","discourse_post_id":"","discourse_permalink":"","wpdc_publishing_response":"","wpdc_publishing_error":"","footnotes":""},"class_list":["post-19540","page","type-page","status-publish","hentry"],"yoast_head":"<!-- This site is optimized with the Yoast SEO plugin v25.3.1 - https:\/\/yoast.com\/wordpress\/plugins\/seo\/ -->\n<title>Widget de l\u00ednea de tiempo: agregue una l\u00ednea de tiempo personalizada a la tienda BigCommerce (gratis)<\/title>\n<meta name=\"description\" content=\"Mejore su sitio web de BigCommerce con una l\u00ednea de tiempo interactiva. Muestre sus hitos, eventos y progreso con la aplicaci\u00f3n totalmente personalizable de Elfsight.\" \/>\n<meta name=\"robots\" content=\"index, follow, max-snippet:-1, max-image-preview:large, max-video-preview:-1\" \/>\n<link rel=\"canonical\" href=\"https:\/\/elfsight.com\/es\/timeline-widget\/bigcommerce\/\" \/>\n<meta property=\"og:locale\" content=\"es_ES\" \/>\n<meta property=\"og:type\" content=\"article\" \/>\n<meta property=\"og:title\" content=\"Widget de l\u00ednea de tiempo: agregue una l\u00ednea de tiempo personalizada a la tienda BigCommerce (gratis)\" \/>\n<meta property=\"og:description\" content=\"Mejore su sitio web de BigCommerce con una l\u00ednea de tiempo interactiva. Muestre sus hitos, eventos y progreso con la aplicaci\u00f3n totalmente personalizable de Elfsight.\" \/>\n<meta property=\"og:url\" content=\"https:\/\/elfsight.com\/es\/timeline-widget\/bigcommerce\/\" \/>\n<meta property=\"og:site_name\" content=\"Elfsight ES\" \/>\n<meta property=\"article:modified_time\" content=\"2025-06-17T14:03:03+00:00\" \/>\n<meta name=\"twitter:card\" content=\"summary_large_image\" \/>\n<meta name=\"twitter:label1\" content=\"Tiempo de lectura\" \/>\n\t<meta name=\"twitter:data1\" content=\"4 minutos\" \/>\n<!-- \/ Yoast SEO plugin. -->","yoast_head_json":{"title":"Widget de l\u00ednea de tiempo: agregue una l\u00ednea de tiempo personalizada a la tienda BigCommerce (gratis)","description":"Mejore su sitio web de BigCommerce con una l\u00ednea de tiempo interactiva. Muestre sus hitos, eventos y progreso con la aplicaci\u00f3n totalmente personalizable de Elfsight.","robots":{"index":"index","follow":"follow","max-snippet":"max-snippet:-1","max-image-preview":"max-image-preview:large","max-video-preview":"max-video-preview:-1"},"canonical":"https:\/\/elfsight.com\/es\/timeline-widget\/bigcommerce\/","og_locale":"es_ES","og_type":"article","og_title":"Widget de l\u00ednea de tiempo: agregue una l\u00ednea de tiempo personalizada a la tienda BigCommerce (gratis)","og_description":"Mejore su sitio web de BigCommerce con una l\u00ednea de tiempo interactiva. Muestre sus hitos, eventos y progreso con la aplicaci\u00f3n totalmente personalizable de Elfsight.","og_url":"https:\/\/elfsight.com\/es\/timeline-widget\/bigcommerce\/","og_site_name":"Elfsight ES","article_modified_time":"2025-06-17T14:03:03+00:00","twitter_card":"summary_large_image","twitter_misc":{"Tiempo de lectura":"4 minutos"},"schema":{"@context":"https:\/\/schema.org","@graph":[{"@type":"WebPage","@id":"https:\/\/elfsight.com\/es\/timeline-widget\/bigcommerce\/","url":"https:\/\/elfsight.com\/es\/timeline-widget\/bigcommerce\/","name":"Widget de l\u00ednea de tiempo: agregue una l\u00ednea de tiempo personalizada a la tienda BigCommerce (gratis)","isPartOf":{"@id":"https:\/\/elfsight.com\/es\/#website"},"datePublished":"2025-03-10T15:10:24+00:00","dateModified":"2025-06-17T14:03:03+00:00","description":"Mejore su sitio web de BigCommerce con una l\u00ednea de tiempo interactiva. Muestre sus hitos, eventos y progreso con la aplicaci\u00f3n totalmente personalizable de Elfsight.","breadcrumb":{"@id":"https:\/\/elfsight.com\/es\/timeline-widget\/bigcommerce\/#breadcrumb"},"inLanguage":"es","potentialAction":[{"@type":"ReadAction","target":["https:\/\/elfsight.com\/es\/timeline-widget\/bigcommerce\/"]}]},{"@type":"BreadcrumbList","@id":"https:\/\/elfsight.com\/es\/timeline-widget\/bigcommerce\/#breadcrumb","itemListElement":[{"@type":"ListItem","position":1,"name":"Home","item":"https:\/\/elfsight.com\/es\/"},{"@type":"ListItem","position":2,"name":"Timeline","item":"https:\/\/elfsight.com\/es\/timeline-widget\/"},{"@type":"ListItem","position":3,"name":"Timeline &#8211; BigCommerce"}]},{"@type":"WebSite","@id":"https:\/\/elfsight.com\/es\/#website","url":"https:\/\/elfsight.com\/es\/","name":"Elfsight ES","description":"Just another Elfsight Sites site","potentialAction":[{"@type":"SearchAction","target":{"@type":"EntryPoint","urlTemplate":"https:\/\/elfsight.com\/es\/?s={search_term_string}"},"query-input":{"@type":"PropertyValueSpecification","valueRequired":true,"valueName":"search_term_string"}}],"inLanguage":"es"}]}},"meta_box":{"industry":"","seo_heading":"","heading":"","description":"","cta_heading":"","cta_description":"","application":"19499","h1":"Aplicaci\u00f3n de l\u00ednea de tiempo para BigCommerce","h1_caption":"Muestre hitos, logros y eventos clave importantes en su tienda BigCommerce en un formato atractivo y visualmente interactivo con la aplicaci\u00f3n Timeline.","application_category":[],"applications_title":"","applications_request_title":"","applications_request_button_text":"","hero_text":"","hero_video":"","hero_video_schema_markup":"","selling_points_title":"","selling_points_caption":"","selling_points":[],"selling_points_cta_text":"","features_title":"","features":"","ed_cta_examples_text":"","ed_cta_examples_hidden":"","ed_cta_demo_text":"","ed_cta_demo_hidden":"","why_caption":"","why_editor_title":"","why_editor_text":"","why_team_title":"","why_team_text":"","why_service_title":"","why_service_text":"","template_catalog_visible":"","template_catalog_title":"","template_catalog_text":"","template_catalog_categories_visible":"","demo_title":"Crea tu aplicaci\u00f3n de l\u00ednea de tiempo de BigCommerce","demo_caption":"\u00a1Personaliza tu l\u00ednea de tiempo y agr\u00e9gala a tu sitio web con facilidad!","default_faq_hidden":"","app_template_category":[],"platform":"33","template_public_id":"","codecanyon_url":"","codecanyon_item_id":"","codecanyon_price":"","pricing_caption":"","pricing_elfsight_apps_hide_column":"","pricing_elfsight_apps_url":"","pricing_codecanyon_price_caption":"","integration_category":[],"integration_request_title":"","integration_request_cta":"","integration_platform":"","integrations":[],"platform_category":[],"video_schema_markup":"","price":"desde $0 \/ mes","trial":"","benefits":[],"button_url":"#demo","button_target_blank":"0","button_nofollow":"0","attributes":[{"name":"Instalaciones","content":"50,000 - 100,000","_state":"expanded"},{"name":"Sensible","content":"S\u00ed","_state":"expanded"},{"name":"Navegadores compatibles","content":"Firefox, Safari, Opera, Chrome, Edge","_state":"expanded"}],"tags":[],"tags_disable_links":"","hide_more_platforms":"","video_object":"","demo_hide_cta":"0","demo_hide_cloud_options":"","pricing_title":"","pricing":[{"pricing_icon":"platform","pricing_title":"Elfsight Apps","pricing_title_caption":"Software multiplataforma que se adapta a cualquier sitio","pricing_price":"desde $0 \/ mes","pricing_price_caption":"comienza con un plan gratuito","pricing_benefits":"[object Object],[object Object],[object Object],[object Object]","pricing_button_text":"A\u00f1adir al sitio web","pricing_button_url":"#demo"}],"related_apps_title":"","related_apps_hidden":"","author":"","image":[],"title":"","job":"","social_networks":[]},"_links":{"self":[{"href":"https:\/\/elfsight.com\/es\/wp-json\/wp\/v2\/pages\/19540","targetHints":{"allow":["GET"]}}],"collection":[{"href":"https:\/\/elfsight.com\/es\/wp-json\/wp\/v2\/pages"}],"about":[{"href":"https:\/\/elfsight.com\/es\/wp-json\/wp\/v2\/types\/page"}],"author":[{"embeddable":true,"href":"https:\/\/elfsight.com\/es\/wp-json\/wp\/v2\/users\/9"}],"replies":[{"embeddable":true,"href":"https:\/\/elfsight.com\/es\/wp-json\/wp\/v2\/comments?post=19540"}],"version-history":[{"count":1,"href":"https:\/\/elfsight.com\/es\/wp-json\/wp\/v2\/pages\/19540\/revisions"}],"predecessor-version":[{"id":19544,"href":"https:\/\/elfsight.com\/es\/wp-json\/wp\/v2\/pages\/19540\/revisions\/19544"}],"up":[{"embeddable":true,"href":"https:\/\/elfsight.com\/es\/wp-json\/wp\/v2\/pages\/19500"}],"wp:attachment":[{"href":"https:\/\/elfsight.com\/es\/wp-json\/wp\/v2\/media?parent=19540"}],"curies":[{"name":"wp","href":"https:\/\/api.w.org\/{rel}","templated":true}]}}