{"id":19539,"date":"2025-03-10T15:42:43","date_gmt":"2025-03-10T15:42:43","guid":{"rendered":"https:\/\/elfsight.com\/es\/?page_id=19539"},"modified":"2025-06-17T14:03:03","modified_gmt":"2025-06-17T14:03:03","slug":"blogger","status":"publish","type":"page","link":"https:\/\/elfsight.com\/es\/timeline-widget\/blogger\/","title":{"rendered":"Timeline &#8211; Blogger"},"content":{"rendered":"<div class=\"application-platform-content-item-description application-platform-content-item\" id=\"description\" data-nav-section=\"description\"><h2>Widget de l\u00ednea de tiempo de Blogger<\/h2> <p>Impulse su sitio web de Blogger agregando una l\u00ednea de tiempo interactiva que resalte sus hitos, eventos clave o etapas en sus proyectos. Atraiga a sus visitantes con una l\u00ednea de tiempo interactiva y visualmente atractiva. El creador de l\u00ednea de tiempo de Elfsight Blogger facilita la adici\u00f3n de marcadores de hitos personalizados que capten la atenci\u00f3n. Ya sea que est\u00e9 mostrando el historial de su empresa, el proceso de desarrollo de productos o los principales hitos comerciales, este widget le permite crear una l\u00ednea de tiempo personalizada adaptada a sus objetivos.<\/p> <ul> <li><b>Cree l\u00edneas de tiempo interactivas sin codificaci\u00f3n.<\/b><br> Cree una l\u00ednea de tiempo completamente funcional en minutos, sin necesidad de experiencia t\u00e9cnica, y comience a atraer a su audiencia al instante.<\/li> <li><b>Opciones de personalizaci\u00f3n avanzadas.<\/b><br> Personalice el dise\u00f1o, la disposici\u00f3n, las fuentes y los colores de su l\u00ednea de tiempo. y m\u00e1s para que coincida con la apariencia de su sitio web.<\/li> <li><b>Proceso de inserci\u00f3n fluido.<\/b><br> Agregue f\u00e1cilmente su l\u00ednea de tiempo personalizada a su sitio web de Blogger con un simple c\u00f3digo HTML para insertar, sin necesidad de conocimientos de codificaci\u00f3n.<\/li> <li><b>Atenci\u00f3n al cliente receptiva.<\/b><br> Nuestro equipo de soporte dedicado siempre est\u00e1 listo para ayudarlo a configurar su l\u00ednea de tiempo, asegur\u00e1ndose de que funcione perfectamente en su sitio web.<\/li> <\/ul> <p><b>\u00a1Pruebe el widget Timeline de Blogger de Elfsight y muestre sus hitos clave de una manera din\u00e1mica y atractiva!<\/b><\/p><\/div><div class=\"application-platform-content-item-features application-platform-content-item\" id=\"features\" data-nav-section=\"features\"><h2>Qu\u00e9 puede hacer con el Timeline de Blogger<\/h2> <ul> <li><strong>Atraiga a los visitantes visualmente.<\/strong><br> Capte la atenci\u00f3n de su audiencia con una atractiva l\u00ednea de tiempo que muestra sus hitos en un formato gr\u00e1fico claro. Esto ayuda a los visitantes a digerir f\u00e1cilmente su contenido y los anima a explorar m\u00e1s.<\/li> <li><strong>Muestre su progreso y eventos.<\/strong><br> Presente los logros de su negocio y las etapas del proyecto en orden cronol\u00f3gico, manteniendo a sus visitantes informados e interesados \u200b\u200ben su viaje.<\/li> <li><strong>Destaque los logros clave.<\/strong><br> Enfatice sus hitos importantes e historias de \u00e9xito con un dise\u00f1o limpio y f\u00e1cil de seguir que llame la atenci\u00f3n e invite a una mayor participaci\u00f3n.<\/li> <\/ul> <p><a href=\"#demo\">Pruebe el editor de l\u00ednea de tiempo para descubrir todas las funciones que ofrece.<\/a><\/p><\/div><div class=\"application-platform-content-item-installation application-platform-content-item\" id=\"installation\" data-nav-section=\"installation\"><h2>C\u00f3mo incrustar una l\u00ednea de tiempo en Blogger<\/h2> <p>Agregar un widget de l\u00ednea de tiempo a su sitio web de Blogger es r\u00e1pido y f\u00e1cil, y no requiere conocimientos de codificaci\u00f3n. Simplemente sigue estos sencillos pasos:<\/p> <ol> <li><b>Personaliza tu l\u00ednea de tiempo de Blogger<\/b><br> Elige una plantilla del editor y luego aj\u00fastala para que se ajuste a tus necesidades. Personalice el dise\u00f1o, agregue hitos y modifique el dise\u00f1o para que coincida con el estilo de su blog.<\/li> <li><b>Obtenga su c\u00f3digo para insertar<\/b><br> Una vez que personalice su l\u00ednea de tiempo, recibir\u00e1 un c\u00f3digo para insertar HTML \u00fanico. Copie este c\u00f3digo para usarlo m\u00e1s adelante.<\/li> <li><b>Incruste el c\u00f3digo en su sitio de Blogger<\/b><br> Pegue el c\u00f3digo HTML en la secci\u00f3n correspondiente de su publicaci\u00f3n o p\u00e1gina de Blogger y guarde los cambios. \u00a1Tu l\u00ednea de tiempo interactiva estar\u00e1 disponible!<\/li> <li><b>\u00a1Disfruta tu l\u00ednea de tiempo interactiva!<\/b><br> Visita tu blog para ver la l\u00ednea de tiempo en acci\u00f3n e involucra a tus visitantes con una caracter\u00edstica interactiva y visualmente atractiva.<\/li> <\/ol> <p>Para obtener orientaci\u00f3n m\u00e1s detallada, consulta nuestra gu\u00eda completa en <a href=\"https:\/\/elfsight.com\/blog\/how-to-embed-timeline-to-website\/\" target=\"_blank\" rel=\"noopener\">c\u00f3mo agregar una l\u00ednea de tiempo a su sitio web<\/a>.<\/p><\/div><div class=\"faq\" data-component=\"FAQ\"><div class=\"faq-item\">\r\n\t\t\t\t\t<div class=\"faq-item-question\">\r\n\t\t\t\t\t\t<h3 class=\"faq-item-question-text\">\u00bfEl widget de l\u00ednea de tiempo para Blogger es gratuito?<\/h3>\r\n\r\n\t\t\t\t\t\t<div class=\"faq-item-question-icon\"><\/div>\r\n\t\t\t\t\t<\/div>\r\n\r\n\t\t\t\t\t<div class=\"faq-item-answer\">\r\n\t\t\t\t\t\t<div class=\"faq-item-answer-text\">S\u00ed, Elfsight ofrece un plan gratuito como parte de su modelo de suscripci\u00f3n. Puede utilizar las funciones b\u00e1sicas del widget de l\u00ednea de tiempo sin costo alguno, con opciones adicionales disponibles para una mayor personalizaci\u00f3n.<\/div>\r\n\t\t\t\t\t<\/div>\r\n\t\t\t\t<\/div><div class=\"faq-item\">\r\n\t\t\t\t\t<div class=\"faq-item-question\">\r\n\t\t\t\t\t\t<h3 class=\"faq-item-question-text\">\u00bfNecesito habilidades de codificaci\u00f3n para usar el widget de l\u00ednea de tiempo?<\/h3>\r\n\r\n\t\t\t\t\t\t<div class=\"faq-item-question-icon\"><\/div>\r\n\t\t\t\t\t<\/div>\r\n\r\n\t\t\t\t\t<div class=\"faq-item-answer\">\r\n\t\t\t\t\t\t<div class=\"faq-item-answer-text\">No, el widget de l\u00ednea de tiempo de Blogger no requiere experiencia en codificaci\u00f3n. Puedes personalizar y crear f\u00e1cilmente tu l\u00ednea de tiempo usando el editor f\u00e1cil de usar.<\/div>\r\n\t\t\t\t\t<\/div>\r\n\t\t\t\t<\/div><div class=\"faq-item\">\r\n\t\t\t\t\t<div class=\"faq-item-question\">\r\n\t\t\t\t\t\t<h3 class=\"faq-item-question-text\">\u00bfC\u00f3mo creo una l\u00ednea de tiempo interactiva para Blogger?<\/h3>\r\n\r\n\t\t\t\t\t\t<div class=\"faq-item-question-icon\"><\/div>\r\n\t\t\t\t\t<\/div>\r\n\r\n\t\t\t\t\t<div class=\"faq-item-answer\">\r\n\t\t\t\t\t\t<div class=\"faq-item-answer-text\">Simplemente elige una plantilla del editor, haz los ajustes necesarios e ins\u00e9rtala en tu blog usando el c\u00f3digo HTML para insertar proporcionado.<\/div>\r\n\t\t\t\t\t<\/div>\r\n\t\t\t\t<\/div><div class=\"faq-item\">\r\n\t\t\t\t\t<div class=\"faq-item-question\">\r\n\t\t\t\t\t\t<h3 class=\"faq-item-question-text\">\u00bfQu\u00e9 tipos de l\u00edneas de tiempo puedo crear para Blogger?<\/h3>\r\n\r\n\t\t\t\t\t\t<div class=\"faq-item-question-icon\"><\/div>\r\n\t\t\t\t\t<\/div>\r\n\r\n\t\t\t\t\t<div class=\"faq-item-answer\">\r\n\t\t\t\t\t\t<div class=\"faq-item-answer-text\"><p>Con el widget de l\u00ednea de tiempo de Blogger, puedes crear varios tipos de l\u00edneas de tiempo, como:<\/p> <ul> <li><strong>Historial de la empresa:<\/strong> muestra la historia y el crecimiento de su negocio, destacando hitos y eventos importantes.<\/li> <li><strong>Desarrollo de productos:<\/strong> muestra el desarrollo de su producto desde el concepto hasta el lanzamiento, enfatizando cada paso clave.<\/li> <li><strong>Progreso del proyecto:<\/strong> realiza un seguimiento y muestra las etapas de los proyectos en curso o completados, manteniendo a su audiencia informada sobre el progreso.<\/li> <li><strong>Programaciones de eventos:<\/strong> presenta cronogramas para pr\u00f3ximos eventos o lanzamientos, lo que ayuda a los visitantes a mantenerse actualizados con fechas y detalles clave.<\/li> <\/ul><\/div>\r\n\t\t\t\t\t<\/div>\r\n\t\t\t\t<\/div><\/div><p><\/p>","protected":false},"excerpt":{"rendered":"","protected":false},"author":9,"featured_media":0,"parent":19500,"menu_order":0,"comment_status":"closed","ping_status":"closed","template":"templates\/template-application-platform.php","meta":{"publish_to_discourse":"","publish_post_category":"","wpdc_auto_publish_overridden":"","wpdc_topic_tags":"","wpdc_pin_topic":"","wpdc_pin_until":"","discourse_post_id":"","discourse_permalink":"","wpdc_publishing_response":"","wpdc_publishing_error":"","footnotes":""},"class_list":["post-19539","page","type-page","status-publish","hentry"],"yoast_head":"<!-- This site is optimized with the Yoast SEO plugin v25.3.1 - https:\/\/yoast.com\/wordpress\/plugins\/seo\/ -->\n<title>L\u00ednea de tiempo de Blogger: agregue una l\u00ednea de tiempo interactiva a su sitio web|Gratis<\/title>\n<meta name=\"description\" content=\"Cree una hoja de ruta din\u00e1mica en su sitio web de Blogger. Muestre eventos clave, hitos y logros con un widget de l\u00ednea de tiempo personalizable de Elfsight.\" \/>\n<meta name=\"robots\" content=\"index, follow, max-snippet:-1, max-image-preview:large, max-video-preview:-1\" \/>\n<link rel=\"canonical\" href=\"https:\/\/elfsight.com\/es\/timeline-widget\/blogger\/\" \/>\n<meta property=\"og:locale\" content=\"es_ES\" \/>\n<meta property=\"og:type\" content=\"article\" \/>\n<meta property=\"og:title\" content=\"L\u00ednea de tiempo de Blogger: agregue una l\u00ednea de tiempo interactiva a su sitio web|Gratis\" \/>\n<meta property=\"og:description\" content=\"Cree una hoja de ruta din\u00e1mica en su sitio web de Blogger. Muestre eventos clave, hitos y logros con un widget de l\u00ednea de tiempo personalizable de Elfsight.\" \/>\n<meta property=\"og:url\" content=\"https:\/\/elfsight.com\/es\/timeline-widget\/blogger\/\" \/>\n<meta property=\"og:site_name\" content=\"Elfsight ES\" \/>\n<meta property=\"article:modified_time\" content=\"2025-06-17T14:03:03+00:00\" \/>\n<meta name=\"twitter:card\" content=\"summary_large_image\" \/>\n<meta name=\"twitter:label1\" content=\"Tiempo de lectura\" \/>\n\t<meta name=\"twitter:data1\" content=\"5 minutos\" \/>\n<!-- \/ Yoast SEO plugin. -->","yoast_head_json":{"title":"L\u00ednea de tiempo de Blogger: agregue una l\u00ednea de tiempo interactiva a su sitio web|Gratis","description":"Cree una hoja de ruta din\u00e1mica en su sitio web de Blogger. Muestre eventos clave, hitos y logros con un widget de l\u00ednea de tiempo personalizable de Elfsight.","robots":{"index":"index","follow":"follow","max-snippet":"max-snippet:-1","max-image-preview":"max-image-preview:large","max-video-preview":"max-video-preview:-1"},"canonical":"https:\/\/elfsight.com\/es\/timeline-widget\/blogger\/","og_locale":"es_ES","og_type":"article","og_title":"L\u00ednea de tiempo de Blogger: agregue una l\u00ednea de tiempo interactiva a su sitio web|Gratis","og_description":"Cree una hoja de ruta din\u00e1mica en su sitio web de Blogger. Muestre eventos clave, hitos y logros con un widget de l\u00ednea de tiempo personalizable de Elfsight.","og_url":"https:\/\/elfsight.com\/es\/timeline-widget\/blogger\/","og_site_name":"Elfsight ES","article_modified_time":"2025-06-17T14:03:03+00:00","twitter_card":"summary_large_image","twitter_misc":{"Tiempo de lectura":"5 minutos"},"schema":{"@context":"https:\/\/schema.org","@graph":[{"@type":"WebPage","@id":"https:\/\/elfsight.com\/es\/timeline-widget\/blogger\/","url":"https:\/\/elfsight.com\/es\/timeline-widget\/blogger\/","name":"L\u00ednea de tiempo de Blogger: agregue una l\u00ednea de tiempo interactiva a su sitio web|Gratis","isPartOf":{"@id":"https:\/\/elfsight.com\/es\/#website"},"datePublished":"2025-03-10T15:42:43+00:00","dateModified":"2025-06-17T14:03:03+00:00","description":"Cree una hoja de ruta din\u00e1mica en su sitio web de Blogger. Muestre eventos clave, hitos y logros con un widget de l\u00ednea de tiempo personalizable de Elfsight.","breadcrumb":{"@id":"https:\/\/elfsight.com\/es\/timeline-widget\/blogger\/#breadcrumb"},"inLanguage":"es","potentialAction":[{"@type":"ReadAction","target":["https:\/\/elfsight.com\/es\/timeline-widget\/blogger\/"]}]},{"@type":"BreadcrumbList","@id":"https:\/\/elfsight.com\/es\/timeline-widget\/blogger\/#breadcrumb","itemListElement":[{"@type":"ListItem","position":1,"name":"Home","item":"https:\/\/elfsight.com\/es\/"},{"@type":"ListItem","position":2,"name":"Timeline","item":"https:\/\/elfsight.com\/es\/timeline-widget\/"},{"@type":"ListItem","position":3,"name":"Timeline &#8211; Blogger"}]},{"@type":"WebSite","@id":"https:\/\/elfsight.com\/es\/#website","url":"https:\/\/elfsight.com\/es\/","name":"Elfsight ES","description":"Just another Elfsight Sites site","potentialAction":[{"@type":"SearchAction","target":{"@type":"EntryPoint","urlTemplate":"https:\/\/elfsight.com\/es\/?s={search_term_string}"},"query-input":{"@type":"PropertyValueSpecification","valueRequired":true,"valueName":"search_term_string"}}],"inLanguage":"es"}]}},"meta_box":{"industry":"","seo_heading":"","heading":"","description":"","cta_heading":"","cta_description":"","application":"19499","h1":"Widget de l\u00ednea de tiempo para Blogger","h1_caption":"Muestre una l\u00ednea de tiempo interactiva de eventos para resaltar hitos y eventos clave en su sitio de Blogger. Presente su historia y su progreso en un formato visual atractivo.","application_category":[],"applications_title":"","applications_request_title":"","applications_request_button_text":"","hero_text":"","hero_video":"","hero_video_schema_markup":"","selling_points_title":"","selling_points_caption":"","selling_points":[],"selling_points_cta_text":"","features_title":"","features":"","ed_cta_examples_text":"","ed_cta_examples_hidden":"","ed_cta_demo_text":"","ed_cta_demo_hidden":"","why_caption":"","why_editor_title":"","why_editor_text":"","why_team_title":"","why_team_text":"","why_service_title":"","why_service_text":"","template_catalog_visible":"","template_catalog_title":"","template_catalog_text":"","template_catalog_categories_visible":"","demo_title":"Crea tu widget de l\u00ednea de tiempo de Blogger","demo_caption":"\u00a1Personaliza tu l\u00ednea de tiempo y agr\u00e9gala a tu sitio web con facilidad!","default_faq_hidden":"","app_template_category":[],"platform":"39","template_public_id":"","codecanyon_url":"","codecanyon_item_id":"","codecanyon_price":"","pricing_caption":"","pricing_elfsight_apps_hide_column":"","pricing_elfsight_apps_url":"","pricing_codecanyon_price_caption":"","integration_category":[],"integration_request_title":"","integration_request_cta":"","integration_platform":"","integrations":[],"platform_category":[],"video_schema_markup":"","price":"desde $0 \/ mes","trial":"","benefits":[],"button_url":"#demo","button_target_blank":"0","button_nofollow":"0","attributes":[{"name":"Instalaciones","content":"50,000 - 100,000","_state":"expanded"},{"name":"Sensible","content":"S\u00ed","_state":"expanded"},{"name":"Navegadores compatibles","content":"Firefox, Safari, Opera, Chrome, Edge","_state":"expanded"}],"tags":[],"tags_disable_links":"","hide_more_platforms":"","video_object":"","demo_hide_cta":"0","demo_hide_cloud_options":"","pricing_title":"","pricing":[{"pricing_icon":"platform","pricing_title":"Elfsight Apps","pricing_title_caption":"Software multiplataforma que se adapta a cualquier sitio","pricing_price":"desde $0 \/ mes","pricing_price_caption":"comienza con un plan gratuito","pricing_benefits":"[object Object],[object Object],[object Object],[object Object]","pricing_button_text":"A\u00f1adir al sitio web","pricing_button_url":"#demo"}],"related_apps_title":"","related_apps_hidden":"","author":"","image":[],"title":"","job":"","social_networks":[]},"_links":{"self":[{"href":"https:\/\/elfsight.com\/es\/wp-json\/wp\/v2\/pages\/19539","targetHints":{"allow":["GET"]}}],"collection":[{"href":"https:\/\/elfsight.com\/es\/wp-json\/wp\/v2\/pages"}],"about":[{"href":"https:\/\/elfsight.com\/es\/wp-json\/wp\/v2\/types\/page"}],"author":[{"embeddable":true,"href":"https:\/\/elfsight.com\/es\/wp-json\/wp\/v2\/users\/9"}],"replies":[{"embeddable":true,"href":"https:\/\/elfsight.com\/es\/wp-json\/wp\/v2\/comments?post=19539"}],"version-history":[{"count":1,"href":"https:\/\/elfsight.com\/es\/wp-json\/wp\/v2\/pages\/19539\/revisions"}],"predecessor-version":[{"id":19543,"href":"https:\/\/elfsight.com\/es\/wp-json\/wp\/v2\/pages\/19539\/revisions\/19543"}],"up":[{"embeddable":true,"href":"https:\/\/elfsight.com\/es\/wp-json\/wp\/v2\/pages\/19500"}],"wp:attachment":[{"href":"https:\/\/elfsight.com\/es\/wp-json\/wp\/v2\/media?parent=19539"}],"curies":[{"name":"wp","href":"https:\/\/api.w.org\/{rel}","templated":true}]}}