{"id":19532,"date":"2025-03-11T05:32:09","date_gmt":"2025-03-11T05:32:09","guid":{"rendered":"https:\/\/elfsight.com\/es\/?page_id=19532"},"modified":"2025-06-17T14:02:54","modified_gmt":"2025-06-17T14:02:54","slug":"jimdo","status":"publish","type":"page","link":"https:\/\/elfsight.com\/es\/timeline-widget\/jimdo\/","title":{"rendered":"Timeline &#8211; Jimdo"},"content":{"rendered":"<div class=\"application-platform-content-item-description application-platform-content-item\" id=\"description\" data-nav-section=\"description\"><h2>Complemento de l\u00ednea de tiempo de Jimdo<\/h2> <p>Transforma tu sitio web Jimdo con una l\u00ednea de tiempo interactiva y visualmente atractiva que muestra tus hitos, eventos clave o etapas del proyecto. Con el widget L\u00ednea de tiempo de Elfsight, puede crear f\u00e1cilmente una l\u00ednea de tiempo din\u00e1mica y totalmente personalizable que no requiere conocimientos de codificaci\u00f3n. Ya sea que est\u00e9 mostrando la historia de su negocio, rastreando las fases de un proyecto o destacando el desarrollo de un producto, este complemento le permite crear una l\u00ednea de tiempo \u00fanica que se ajuste a sus necesidades y ayude a cautivar a sus visitantes.<\/p> <ul> <li><b>Cree l\u00edneas de tiempo interactivas sin c\u00f3digo<\/b><br> Dise\u00f1e y lance una l\u00ednea de tiempo completamente funcional en solo unos minutos, sin necesidad de experiencia en programaci\u00f3n. Comience a atraer a sus visitantes de inmediato con una experiencia interactiva y din\u00e1mica.<\/li> <li><b>Opciones de personalizaci\u00f3n avanzadas<\/b><br> Personalice cada aspecto de su l\u00ednea de tiempo, incluidos dise\u00f1os, colores, fuentes y configuraciones, para asegurarse de que coincida con la apariencia de su sitio web.<\/li> <li><b>Proceso de incrustaci\u00f3n fluido<\/b><br> Incruste su l\u00ednea de tiempo personalizada en su sitio web Jimdo usando un c\u00f3digo de inserci\u00f3n HTML simple, sin desaf\u00edos t\u00e9cnicos involucrados.<\/li> <li><b>Atenci\u00f3n al cliente receptiva<\/b><br> Nuestro equipo de soporte dedicado est\u00e1 disponible para ayudarlo con la configuraci\u00f3n, garantizando que su l\u00ednea de tiempo funcione sin problemas en su sitio.<\/li> <\/ul> <p><b>\u00a1Empiece a usar el widget de l\u00ednea de tiempo de Elfsight para atraer a sus visitantes y mostrar sus hitos importantes de una manera visualmente atractiva!<\/b><\/p> <\/div><div class=\"application-platform-content-item-features application-platform-content-item\" id=\"features\" data-nav-section=\"features\"><h2>Qu\u00e9 puedes hacer con Jimdo Timeline<\/h2> <ul> <li><strong>Atrae visualmente a tu audiencia<\/strong><br> Capta la atenci\u00f3n de tus visitantes presentando tu l\u00ednea de tiempo e hitos en un formato din\u00e1mico e interactivo que fomenta la exploraci\u00f3n y la participaci\u00f3n.<\/li> <li><strong>Muestra el progreso y los eventos<\/strong><br> Muestra tus hitos clave o etapas del proyecto en orden cronol\u00f3gico, lo que facilita que tus visitantes sigan tu viaje y se mantengan informados. tu progreso.<\/li> <li><strong>Destaca los logros clave<\/strong><br> Da especial \u00e9nfasis a tus logros o hitos m\u00e1s significativos, mostr\u00e1ndolos en un formato claro y visualmente atractivo que llame la atenci\u00f3n.<\/li> <\/ul> <p><a href=\"#demo\">Prueba el editor para experimentar la funcionalidad completa del widget de l\u00ednea de tiempo.<\/a><\/p> <\/div><div class=\"application-platform-content-item-installation application-platform-content-item\" id=\"installation\" data-nav-section=\"installation\"><h2>C\u00f3mo insertar una l\u00ednea de tiempo en Jimdo<\/h2> <p>Agregar una l\u00ednea de tiempo a tu sitio Jimdo es r\u00e1pido y sencillo, y no requiere conocimientos de codificaci\u00f3n. Simplemente sigue estos pasos:<\/p> <ol> <li><b>Crea tu l\u00ednea de tiempo personalizada<\/b><br> Elige un dise\u00f1o del editor y personal\u00edzalo para que coincida con el tema de tu sitio. Puede ajustar el dise\u00f1o, los colores y las fuentes para adaptarlos a su marca.<\/li> <li><b>Obtenga su c\u00f3digo de inserci\u00f3n \u00fanico<\/b><br> Una vez que haya personalizado su l\u00ednea de tiempo, recibir\u00e1 un c\u00f3digo HTML \u00fanico. Copia este c\u00f3digo para usarlo m\u00e1s tarde.<\/li> <li><b>Incrusta el c\u00f3digo en tu sitio Jimdo<\/b><br> Pega el c\u00f3digo para insertar en la secci\u00f3n correspondiente de tu sitio web Jimdo y guarda los cambios. \u00a1Su l\u00ednea de tiempo interactiva estar\u00e1 disponible!<\/li> <li><b>\u00a1Disfrute de su l\u00ednea de tiempo interactiva!<\/b><br> Vaya a su sitio web y vea su l\u00ednea de tiempo en acci\u00f3n, cautivando a sus visitantes de una manera visualmente din\u00e1mica.<\/li> <\/ol> <p>Para obtener instrucciones m\u00e1s detalladas, consulte nuestra gu\u00eda en <a href=\"https:\/\/elfsight.com\/blog\/how-to-embed-timeline-to-website\/\" target=\"_blank\" rel=\"noopener\">c\u00f3mo a\u00f1adir una l\u00ednea de tiempo a tu sitio web<\/a>.<\/p> <\/div><div class=\"faq\" data-component=\"FAQ\"><div class=\"faq-item\">\r\n\t\t\t\t\t<div class=\"faq-item-question\">\r\n\t\t\t\t\t\t<h3 class=\"faq-item-question-text\">\u00bfEl widget de l\u00ednea de tiempo para Jimdo es gratuito?<\/h3>\r\n\r\n\t\t\t\t\t\t<div class=\"faq-item-question-icon\"><\/div>\r\n\t\t\t\t\t<\/div>\r\n\r\n\t\t\t\t\t<div class=\"faq-item-answer\">\r\n\t\t\t\t\t\t<div class=\"faq-item-answer-text\">S\u00ed, Elfsight ofrece un plan gratuito para el widget de l\u00ednea de tiempo, que te da acceso a funciones b\u00e1sicas. Para personalizaci\u00f3n adicional y opciones avanzadas, puedes actualizar a un plan pago.<\/div>\r\n\t\t\t\t\t<\/div>\r\n\t\t\t\t<\/div><div class=\"faq-item\">\r\n\t\t\t\t\t<div class=\"faq-item-question\">\r\n\t\t\t\t\t\t<h3 class=\"faq-item-question-text\">\u00bfNecesito habilidades de codificaci\u00f3n para usar el widget Timeline?<\/h3>\r\n\r\n\t\t\t\t\t\t<div class=\"faq-item-question-icon\"><\/div>\r\n\t\t\t\t\t<\/div>\r\n\r\n\t\t\t\t\t<div class=\"faq-item-answer\">\r\n\t\t\t\t\t\t<div class=\"faq-item-answer-text\">No, el complemento Timeline de Elfsight para Jimdo no requiere conocimientos de codificaci\u00f3n. Puedes personalizar e incrustar f\u00e1cilmente tu l\u00ednea de tiempo usando nuestro editor intuitivo.<\/div>\r\n\t\t\t\t\t<\/div>\r\n\t\t\t\t<\/div><div class=\"faq-item\">\r\n\t\t\t\t\t<div class=\"faq-item-question\">\r\n\t\t\t\t\t\t<h3 class=\"faq-item-question-text\">\u00bfC\u00f3mo puedo crear una l\u00ednea de tiempo interactiva para Jimdo?<\/h3>\r\n\r\n\t\t\t\t\t\t<div class=\"faq-item-question-icon\"><\/div>\r\n\t\t\t\t\t<\/div>\r\n\r\n\t\t\t\t\t<div class=\"faq-item-answer\">\r\n\t\t\t\t\t\t<div class=\"faq-item-answer-text\">Elige una plantilla del editor, personal\u00edzala seg\u00fan tus necesidades y luego incrusta el c\u00f3digo HTML proporcionado en tu sitio web Jimdo.<\/div>\r\n\t\t\t\t\t<\/div>\r\n\t\t\t\t<\/div><div class=\"faq-item\">\r\n\t\t\t\t\t<div class=\"faq-item-question\">\r\n\t\t\t\t\t\t<h3 class=\"faq-item-question-text\">\u00bfQu\u00e9 tipos de l\u00edneas de tiempo puedo crear?<\/h3>\r\n\r\n\t\t\t\t\t\t<div class=\"faq-item-question-icon\"><\/div>\r\n\t\t\t\t\t<\/div>\r\n\r\n\t\t\t\t\t<div class=\"faq-item-answer\">\r\n\t\t\t\t\t\t<div class=\"faq-item-answer-text\">Puedes crear varios tipos de l\u00edneas de tiempo para tu sitio Jimdo, como como:<ul> <li><strong>Historial de la empresa<\/strong>: muestre la evoluci\u00f3n de su negocio y los hitos clave.<\/li> <li><strong>Cronolog\u00eda del proyecto<\/strong>: muestre las etapas y el progreso de sus proyectos en curso o completados.<\/li> <li><strong>Desarrollo de productos<\/strong>: ilustre el recorrido de su producto desde el concepto hasta el lanzamiento.<\/li> <li><strong>Programaciones de eventos<\/strong>: presente cronogramas para eventos, conferencias o lanzamientos de productos en un formato f\u00e1cil de entender.<\/li> <\/ul> <\/div>\r\n\t\t\t\t\t<\/div>\r\n\t\t\t\t<\/div> <\/div>","protected":false},"excerpt":{"rendered":"","protected":false},"author":9,"featured_media":0,"parent":19500,"menu_order":0,"comment_status":"closed","ping_status":"closed","template":"templates\/template-application-platform.php","meta":{"publish_to_discourse":"","publish_post_category":"","wpdc_auto_publish_overridden":"","wpdc_topic_tags":"","wpdc_pin_topic":"","wpdc_pin_until":"","discourse_post_id":"","discourse_permalink":"","wpdc_publishing_response":"","wpdc_publishing_error":"","footnotes":""},"class_list":["post-19532","page","type-page","status-publish","hentry"],"yoast_head":"<!-- This site is optimized with the Yoast SEO plugin v25.3.1 - https:\/\/yoast.com\/wordpress\/plugins\/seo\/ -->\n<title>Widget de l\u00ednea de tiempo: agregue una l\u00ednea de historial interactiva a Jimdo (gratis)<\/title>\n<meta name=\"description\" content=\"Mejora tu sitio web Jimdo con una l\u00ednea de tiempo personalizable. Muestre hitos, eventos y progreso con el widget de l\u00ednea de tiempo f\u00e1cil de usar de Elfsight.\" \/>\n<meta name=\"robots\" content=\"index, follow, max-snippet:-1, max-image-preview:large, max-video-preview:-1\" \/>\n<link rel=\"canonical\" href=\"https:\/\/elfsight.com\/es\/timeline-widget\/jimdo\/\" \/>\n<meta property=\"og:locale\" content=\"es_ES\" \/>\n<meta property=\"og:type\" content=\"article\" \/>\n<meta property=\"og:title\" content=\"Widget de l\u00ednea de tiempo: agregue una l\u00ednea de historial interactiva a Jimdo (gratis)\" \/>\n<meta property=\"og:description\" content=\"Mejora tu sitio web Jimdo con una l\u00ednea de tiempo personalizable. Muestre hitos, eventos y progreso con el widget de l\u00ednea de tiempo f\u00e1cil de usar de Elfsight.\" \/>\n<meta property=\"og:url\" content=\"https:\/\/elfsight.com\/es\/timeline-widget\/jimdo\/\" \/>\n<meta property=\"og:site_name\" content=\"Elfsight ES\" \/>\n<meta property=\"article:modified_time\" content=\"2025-06-17T14:02:54+00:00\" \/>\n<meta name=\"twitter:card\" content=\"summary_large_image\" \/>\n<meta name=\"twitter:label1\" content=\"Tiempo de lectura\" \/>\n\t<meta name=\"twitter:data1\" content=\"4 minutos\" \/>\n<!-- \/ Yoast SEO plugin. -->","yoast_head_json":{"title":"Widget de l\u00ednea de tiempo: agregue una l\u00ednea de historial interactiva a Jimdo (gratis)","description":"Mejora tu sitio web Jimdo con una l\u00ednea de tiempo personalizable. Muestre hitos, eventos y progreso con el widget de l\u00ednea de tiempo f\u00e1cil de usar de Elfsight.","robots":{"index":"index","follow":"follow","max-snippet":"max-snippet:-1","max-image-preview":"max-image-preview:large","max-video-preview":"max-video-preview:-1"},"canonical":"https:\/\/elfsight.com\/es\/timeline-widget\/jimdo\/","og_locale":"es_ES","og_type":"article","og_title":"Widget de l\u00ednea de tiempo: agregue una l\u00ednea de historial interactiva a Jimdo (gratis)","og_description":"Mejora tu sitio web Jimdo con una l\u00ednea de tiempo personalizable. Muestre hitos, eventos y progreso con el widget de l\u00ednea de tiempo f\u00e1cil de usar de Elfsight.","og_url":"https:\/\/elfsight.com\/es\/timeline-widget\/jimdo\/","og_site_name":"Elfsight ES","article_modified_time":"2025-06-17T14:02:54+00:00","twitter_card":"summary_large_image","twitter_misc":{"Tiempo de lectura":"4 minutos"},"schema":{"@context":"https:\/\/schema.org","@graph":[{"@type":"WebPage","@id":"https:\/\/elfsight.com\/es\/timeline-widget\/jimdo\/","url":"https:\/\/elfsight.com\/es\/timeline-widget\/jimdo\/","name":"Widget de l\u00ednea de tiempo: agregue una l\u00ednea de historial interactiva a Jimdo (gratis)","isPartOf":{"@id":"https:\/\/elfsight.com\/es\/#website"},"datePublished":"2025-03-11T05:32:09+00:00","dateModified":"2025-06-17T14:02:54+00:00","description":"Mejora tu sitio web Jimdo con una l\u00ednea de tiempo personalizable. Muestre hitos, eventos y progreso con el widget de l\u00ednea de tiempo f\u00e1cil de usar de Elfsight.","breadcrumb":{"@id":"https:\/\/elfsight.com\/es\/timeline-widget\/jimdo\/#breadcrumb"},"inLanguage":"es","potentialAction":[{"@type":"ReadAction","target":["https:\/\/elfsight.com\/es\/timeline-widget\/jimdo\/"]}]},{"@type":"BreadcrumbList","@id":"https:\/\/elfsight.com\/es\/timeline-widget\/jimdo\/#breadcrumb","itemListElement":[{"@type":"ListItem","position":1,"name":"Home","item":"https:\/\/elfsight.com\/es\/"},{"@type":"ListItem","position":2,"name":"Timeline","item":"https:\/\/elfsight.com\/es\/timeline-widget\/"},{"@type":"ListItem","position":3,"name":"Timeline &#8211; Jimdo"}]},{"@type":"WebSite","@id":"https:\/\/elfsight.com\/es\/#website","url":"https:\/\/elfsight.com\/es\/","name":"Elfsight ES","description":"Just another Elfsight Sites site","potentialAction":[{"@type":"SearchAction","target":{"@type":"EntryPoint","urlTemplate":"https:\/\/elfsight.com\/es\/?s={search_term_string}"},"query-input":{"@type":"PropertyValueSpecification","valueRequired":true,"valueName":"search_term_string"}}],"inLanguage":"es"}]}},"meta_box":{"industry":"","seo_heading":"","heading":"","description":"","cta_heading":"","cta_description":"","application":"19499","h1":"Widget de l\u00ednea de tiempo para Jimdo","h1_caption":"Muestre una l\u00ednea de tiempo de eventos para narrar su historia, mostrar el progreso del proyecto o hitos clave de una manera visualmente atractiva.","application_category":[],"applications_title":"","applications_request_title":"","applications_request_button_text":"","hero_text":"","hero_video":"","hero_video_schema_markup":"","selling_points_title":"","selling_points_caption":"","selling_points":[],"selling_points_cta_text":"","features_title":"","features":"","ed_cta_examples_text":"","ed_cta_examples_hidden":"","ed_cta_demo_text":"","ed_cta_demo_hidden":"","why_caption":"","why_editor_title":"","why_editor_text":"","why_team_title":"","why_team_text":"","why_service_title":"","why_service_text":"","template_catalog_visible":"","template_catalog_title":"","template_catalog_text":"","template_catalog_categories_visible":"","demo_title":"Crea tu widget de l\u00ednea de tiempo Jimdo","demo_caption":"\u00a1Personaliza tu l\u00ednea de tiempo y agr\u00e9gala a tu sitio web con facilidad!","default_faq_hidden":"","app_template_category":[],"platform":"2198","template_public_id":"","codecanyon_url":"","codecanyon_item_id":"","codecanyon_price":"","pricing_caption":"","pricing_elfsight_apps_hide_column":"","pricing_elfsight_apps_url":"","pricing_codecanyon_price_caption":"","integration_category":[],"integration_request_title":"","integration_request_cta":"","integration_platform":"","integrations":[],"platform_category":[],"video_schema_markup":"","price":"desde $0 \/ mes","trial":"","benefits":[],"button_url":"#demo","button_target_blank":"0","button_nofollow":"0","attributes":[{"name":"Instalaciones","content":"50,000 - 100,000","_state":"expanded"},{"name":"Sensible","content":"S\u00ed","_state":"expanded"},{"name":"Navegadores compatibles","content":"Firefox, Safari, Opera, Chrome, Edge","_state":"expanded"}],"tags":[],"tags_disable_links":"","hide_more_platforms":"","video_object":"","demo_hide_cta":"0","demo_hide_cloud_options":"","pricing_title":"","pricing":[{"pricing_icon":"platform","pricing_title":"Elfsight Apps","pricing_title_caption":"Software multiplataforma que se adapta a cualquier sitio","pricing_price":"desde $0 \/ mes","pricing_price_caption":"comienza con un plan gratuito","pricing_benefits":"[object Object],[object Object],[object Object],[object Object]","pricing_button_text":"A\u00f1adir al sitio web","pricing_button_url":"#demo"}],"related_apps_title":"","related_apps_hidden":"","author":"","image":[],"title":"","job":"","social_networks":[]},"_links":{"self":[{"href":"https:\/\/elfsight.com\/es\/wp-json\/wp\/v2\/pages\/19532","targetHints":{"allow":["GET"]}}],"collection":[{"href":"https:\/\/elfsight.com\/es\/wp-json\/wp\/v2\/pages"}],"about":[{"href":"https:\/\/elfsight.com\/es\/wp-json\/wp\/v2\/types\/page"}],"author":[{"embeddable":true,"href":"https:\/\/elfsight.com\/es\/wp-json\/wp\/v2\/users\/9"}],"replies":[{"embeddable":true,"href":"https:\/\/elfsight.com\/es\/wp-json\/wp\/v2\/comments?post=19532"}],"version-history":[{"count":1,"href":"https:\/\/elfsight.com\/es\/wp-json\/wp\/v2\/pages\/19532\/revisions"}],"predecessor-version":[{"id":19536,"href":"https:\/\/elfsight.com\/es\/wp-json\/wp\/v2\/pages\/19532\/revisions\/19536"}],"up":[{"embeddable":true,"href":"https:\/\/elfsight.com\/es\/wp-json\/wp\/v2\/pages\/19500"}],"wp:attachment":[{"href":"https:\/\/elfsight.com\/es\/wp-json\/wp\/v2\/media?parent=19532"}],"curies":[{"name":"wp","href":"https:\/\/api.w.org\/{rel}","templated":true}]}}