{"id":19526,"date":"2025-03-11T06:16:15","date_gmt":"2025-03-11T06:16:15","guid":{"rendered":"https:\/\/elfsight.com\/es\/?page_id=19526"},"modified":"2025-06-17T14:02:46","modified_gmt":"2025-06-17T14:02:46","slug":"magento","status":"publish","type":"page","link":"https:\/\/elfsight.com\/es\/timeline-widget\/magento\/","title":{"rendered":"Timeline &#8211; Magento"},"content":{"rendered":"<div class=\"application-platform-content-item-description application-platform-content-item\" id=\"description\" data-nav-section=\"description\"><h2>Magento Timeline Builder<\/h2> <p>Mejore su tienda Magento con una l\u00ednea de tiempo interactiva y visualmente atractiva para mostrar sus hitos, logros o etapas clave del proyecto. Con el widget Timeline de Elfsight para Magento, puede crear f\u00e1cilmente una l\u00ednea de tiempo responsiva y totalmente personalizable que se alinee perfectamente con la marca de su tienda, sin necesidad de conocimientos de codificaci\u00f3n. Ya sea que desee mostrar la historia de su empresa, realizar un seguimiento del desarrollo de productos o resaltar eventos especiales, este complemento le permite crear una experiencia \u00fanica y atractiva para sus visitantes.<\/p> <ul> <li><b>Cree l\u00edneas de tiempo interactivas sin c\u00f3digo<\/b><br> Cree una l\u00ednea de tiempo interactiva y completamente funcional en minutos, sin necesidad de experiencia t\u00e9cnica. Comience a atraer a sus clientes de inmediato con una experiencia visual din\u00e1mica.<\/li> <li><b>Opciones de personalizaci\u00f3n avanzadas<\/b><br> Modifique el dise\u00f1o, la disposici\u00f3n, los colores, las fuentes y m\u00e1s para garantizar que su l\u00ednea de tiempo complemente la apariencia de su tienda.<\/li> <li><b>Proceso de inserci\u00f3n fluido<\/b><br> Incorpore f\u00e1cilmente su l\u00ednea de tiempo en su tienda Magento usando un c\u00f3digo de inserci\u00f3n HTML simple, sin desaf\u00edos t\u00e9cnicos.<\/li> <li><b>Cliente receptivo soporte<\/b><br> Nuestro equipo de soporte dedicado siempre est\u00e1 disponible para guiarlo a trav\u00e9s de la configuraci\u00f3n, asegurando que su l\u00ednea de tiempo funcione sin problemas en su sitio.<\/li> <\/ul> <p><b>Pruebe el widget L\u00ednea de tiempo de Elfsight para atraer a sus visitantes mostrando sus hitos y logros de una manera visualmente din\u00e1mica.<\/b><\/p> <\/div><div class=\"application-platform-content-item-features application-platform-content-item\" id=\"features\" data-nav-section=\"features\"><h2>Qu\u00e9 puede hacer con la l\u00ednea de tiempo de Magento<\/h2> <ul> <li><strong>Atraiga a los visitantes visualmente<\/strong><br> Cautive a su audiencia con una l\u00ednea de tiempo interactiva que muestra sus hitos clave, lanzamientos de productos y logros de la empresa. Una l\u00ednea de tiempo visual ayuda a los usuarios a seguir f\u00e1cilmente su recorrido y mantenerse interesados.<\/li> <li><strong>Muestre el progreso y los hitos<\/strong><br> Muestre sus hitos, etapas de desarrollo de productos y eventos importantes en orden cronol\u00f3gico. Esto ayuda a los visitantes a comprender su proceso y los mantiene interesados \u200b\u200ben el crecimiento de su tienda.<\/li> <li><strong>Destaque los logros clave<\/strong><br> Enfatice sus hitos, logros o eventos m\u00e1s importantes con un dise\u00f1o de l\u00ednea de tiempo que llame la atenci\u00f3n y que invite a una mayor exploraci\u00f3n.<\/li> <\/ul> <p><a href=\"#demo\">Pruebe el editor ahora para explorar todas las funciones del widget de l\u00ednea de tiempo.<\/a><\/p> <\/div><div class=\"application-platform-content-item-installation application-platform-content-item\" id=\"installation\" data-nav-section=\"installation\"><h2>C\u00f3mo incrustar una l\u00ednea de tiempo en Magento<\/h2> <p>Agregar la extensi\u00f3n Timeline a su tienda Magento es simple y no requiere conocimientos de codificaci\u00f3n. Simplemente sigue estos sencillos pasos:<\/p> <ol> <li><b>Crea tu l\u00ednea de tiempo de Magento personalizada<\/b><br> Selecciona una plantilla del editor y personal\u00edzala seg\u00fan el dise\u00f1o y la marca de tu tienda. Modifique el dise\u00f1o, agregue hitos y ajuste la apariencia para adaptarla a sus necesidades.<\/li> <li><b>Obtenga su c\u00f3digo de inserci\u00f3n \u00fanico<\/b><br> Una vez que est\u00e9 satisfecho con el dise\u00f1o de su l\u00ednea de tiempo, recibir\u00e1 un c\u00f3digo de inserci\u00f3n HTML \u00fanico. Copie este c\u00f3digo para usarlo m\u00e1s adelante.<\/li> <li><b>Incruste el c\u00f3digo en su tienda Magento<\/b><br> Pegue el c\u00f3digo HTML copiado en la secci\u00f3n correspondiente de su sitio web Magento. \u00a1Guarde los cambios y su l\u00ednea de tiempo interactiva estar\u00e1 disponible!<\/li> <li><b>\u00a1Disfrute de su nueva l\u00ednea de tiempo interactiva!<\/b><br> \u00a1Visite su tienda para ver su l\u00ednea de tiempo en acci\u00f3n y comience a atraer a los clientes con una experiencia visualmente atractiva!<\/li> <\/ol> <p>Para obtener instrucciones m\u00e1s detalladas, consulte nuestra gu\u00eda completa en <a href=\"https:\/\/elfsight.com\/blog\/how-to-embed-timeline-to-website\/\" target=\"_blank\" rel=\"noopener\">c\u00f3mo agregar una l\u00ednea de tiempo a su sitio web<\/a>.<\/p> <\/div><div class=\"faq\" data-component=\"FAQ\"><div class=\"faq-item\">\r\n\t\t\t\t\t<div class=\"faq-item-question\">\r\n\t\t\t\t\t\t<h3 class=\"faq-item-question-text\">\u00bfLa extensi\u00f3n Timeline para Magento es gratuita?<\/h3>\r\n\r\n\t\t\t\t\t\t<div class=\"faq-item-question-icon\"><\/div>\r\n\t\t\t\t\t<\/div>\r\n\r\n\t\t\t\t\t<div class=\"faq-item-answer\">\r\n\t\t\t\t\t\t<div class=\"faq-item-answer-text\">S\u00ed, Elfsight ofrece un modelo de suscripci\u00f3n de varios niveles, incluido un plan gratuito. Puede acceder a las funciones esenciales del widget Timeline sin costo, con opciones de personalizaci\u00f3n adicionales disponibles en planes pagos.<\/div>\r\n\t\t\t\t\t<\/div>\r\n\t\t\t\t<\/div><div class=\"faq-item\">\r\n\t\t\t\t\t<div class=\"faq-item-question\">\r\n\t\t\t\t\t\t<h3 class=\"faq-item-question-text\">\u00bfNecesito habilidades de codificaci\u00f3n para usar el widget Timeline para Magento?<\/h3>\r\n\r\n\t\t\t\t\t\t<div class=\"faq-item-question-icon\"><\/div>\r\n\t\t\t\t\t<\/div>\r\n\r\n\t\t\t\t\t<div class=\"faq-item-answer\">\r\n\t\t\t\t\t\t<div class=\"faq-item-answer-text\">No, el constructor Magento Timeline de Elfsight no requiere experiencia en codificaci\u00f3n. Puede crear, personalizar e incrustar f\u00e1cilmente su l\u00ednea de tiempo utilizando nuestro editor intuitivo.<\/div>\r\n\t\t\t\t\t<\/div>\r\n\t\t\t\t<\/div><div class=\"faq-item\">\r\n\t\t\t\t\t<div class=\"faq-item-question\">\r\n\t\t\t\t\t\t<h3 class=\"faq-item-question-text\">\u00bfC\u00f3mo puedo crear una l\u00ednea de tiempo interactiva para Magento?<\/h3>\r\n\r\n\t\t\t\t\t\t<div class=\"faq-item-question-icon\"><\/div>\r\n\t\t\t\t\t<\/div>\r\n\r\n\t\t\t\t\t<div class=\"faq-item-answer\">\r\n\t\t\t\t\t\t<div class=\"faq-item-answer-text\">Simplemente elija una plantilla del editor, personal\u00edcela seg\u00fan sea necesario y luego incruste el c\u00f3digo HTML proporcionado en su tienda Magento.<\/div>\r\n\t\t\t\t\t<\/div>\r\n\t\t\t\t<\/div><div class=\"faq-item\">\r\n\t\t\t\t\t<div class=\"faq-item-question\">\r\n\t\t\t\t\t\t<h3 class=\"faq-item-question-text\">\u00bfQu\u00e9 tipos de l\u00edneas de tiempo puedo crear para Magento?<\/h3>\r\n\r\n\t\t\t\t\t\t<div class=\"faq-item-question-icon\"><\/div>\r\n\t\t\t\t\t<\/div>\r\n\r\n\t\t\t\t\t<div class=\"faq-item-answer\">\r\n\t\t\t\t\t\t<div class=\"faq-item-answer-text\">Puede crear una variedad de l\u00edneas de tiempo que se adapten a sus necesidades, incluyendo:<ul> <li><strong>Historia de la empresa<\/strong>: muestre el crecimiento y la evoluci\u00f3n de su empresa a lo largo del tiempo.<\/li> <li><strong>Desarrollo de productos<\/strong>: resalte el recorrido de su producto desde la concepci\u00f3n hasta el lanzamiento.<\/li> <li><strong>Cronograma del proyecto<\/strong>: realice un seguimiento de las etapas de los proyectos en curso o completados.<\/li> <li><strong>Programaciones de eventos<\/strong>: muestre eventos clave como lanzamientos de productos, ventas o aniversarios de tiendas.<\/li> <\/ul> <\/div>\r\n\t\t\t\t\t<\/div>\r\n\t\t\t\t<\/div> <\/div>","protected":false},"excerpt":{"rendered":"","protected":false},"author":9,"featured_media":0,"parent":19500,"menu_order":0,"comment_status":"closed","ping_status":"closed","template":"templates\/template-application-platform.php","meta":{"publish_to_discourse":"","publish_post_category":"","wpdc_auto_publish_overridden":"","wpdc_topic_tags":"","wpdc_pin_topic":"","wpdc_pin_until":"","discourse_post_id":"","discourse_permalink":"","wpdc_publishing_response":"","wpdc_publishing_error":"","footnotes":""},"class_list":["post-19526","page","type-page","status-publish","hentry"],"yoast_head":"<!-- This site is optimized with the Yoast SEO plugin v25.3.1 - https:\/\/yoast.com\/wordpress\/plugins\/seo\/ -->\n<title>Widget de l\u00ednea de tiempo: agregue una l\u00ednea de tiempo din\u00e1mica a su tienda Magento<\/title>\n<meta name=\"description\" content=\"Mejore su tienda con una l\u00ednea de tiempo interactiva. Muestre hitos, lanzamientos de productos o eventos clave f\u00e1cilmente utilizando el widget Timeline de Elfsight para Magento.\" \/>\n<meta name=\"robots\" content=\"index, follow, max-snippet:-1, max-image-preview:large, max-video-preview:-1\" \/>\n<link rel=\"canonical\" href=\"https:\/\/elfsight.com\/es\/timeline-widget\/magento\/\" \/>\n<meta property=\"og:locale\" content=\"es_ES\" \/>\n<meta property=\"og:type\" content=\"article\" \/>\n<meta property=\"og:title\" content=\"Widget de l\u00ednea de tiempo: agregue una l\u00ednea de tiempo din\u00e1mica a su tienda Magento\" \/>\n<meta property=\"og:description\" content=\"Mejore su tienda con una l\u00ednea de tiempo interactiva. Muestre hitos, lanzamientos de productos o eventos clave f\u00e1cilmente utilizando el widget Timeline de Elfsight para Magento.\" \/>\n<meta property=\"og:url\" content=\"https:\/\/elfsight.com\/es\/timeline-widget\/magento\/\" \/>\n<meta property=\"og:site_name\" content=\"Elfsight ES\" \/>\n<meta property=\"article:modified_time\" content=\"2025-06-17T14:02:46+00:00\" \/>\n<meta name=\"twitter:card\" content=\"summary_large_image\" \/>\n<meta name=\"twitter:label1\" content=\"Tiempo de lectura\" \/>\n\t<meta name=\"twitter:data1\" content=\"4 minutos\" \/>\n<!-- \/ Yoast SEO plugin. -->","yoast_head_json":{"title":"Widget de l\u00ednea de tiempo: agregue una l\u00ednea de tiempo din\u00e1mica a su tienda Magento","description":"Mejore su tienda con una l\u00ednea de tiempo interactiva. Muestre hitos, lanzamientos de productos o eventos clave f\u00e1cilmente utilizando el widget Timeline de Elfsight para Magento.","robots":{"index":"index","follow":"follow","max-snippet":"max-snippet:-1","max-image-preview":"max-image-preview:large","max-video-preview":"max-video-preview:-1"},"canonical":"https:\/\/elfsight.com\/es\/timeline-widget\/magento\/","og_locale":"es_ES","og_type":"article","og_title":"Widget de l\u00ednea de tiempo: agregue una l\u00ednea de tiempo din\u00e1mica a su tienda Magento","og_description":"Mejore su tienda con una l\u00ednea de tiempo interactiva. Muestre hitos, lanzamientos de productos o eventos clave f\u00e1cilmente utilizando el widget Timeline de Elfsight para Magento.","og_url":"https:\/\/elfsight.com\/es\/timeline-widget\/magento\/","og_site_name":"Elfsight ES","article_modified_time":"2025-06-17T14:02:46+00:00","twitter_card":"summary_large_image","twitter_misc":{"Tiempo de lectura":"4 minutos"},"schema":{"@context":"https:\/\/schema.org","@graph":[{"@type":"WebPage","@id":"https:\/\/elfsight.com\/es\/timeline-widget\/magento\/","url":"https:\/\/elfsight.com\/es\/timeline-widget\/magento\/","name":"Widget de l\u00ednea de tiempo: agregue una l\u00ednea de tiempo din\u00e1mica a su tienda Magento","isPartOf":{"@id":"https:\/\/elfsight.com\/es\/#website"},"datePublished":"2025-03-11T06:16:15+00:00","dateModified":"2025-06-17T14:02:46+00:00","description":"Mejore su tienda con una l\u00ednea de tiempo interactiva. Muestre hitos, lanzamientos de productos o eventos clave f\u00e1cilmente utilizando el widget Timeline de Elfsight para Magento.","breadcrumb":{"@id":"https:\/\/elfsight.com\/es\/timeline-widget\/magento\/#breadcrumb"},"inLanguage":"es","potentialAction":[{"@type":"ReadAction","target":["https:\/\/elfsight.com\/es\/timeline-widget\/magento\/"]}]},{"@type":"BreadcrumbList","@id":"https:\/\/elfsight.com\/es\/timeline-widget\/magento\/#breadcrumb","itemListElement":[{"@type":"ListItem","position":1,"name":"Home","item":"https:\/\/elfsight.com\/es\/"},{"@type":"ListItem","position":2,"name":"Timeline","item":"https:\/\/elfsight.com\/es\/timeline-widget\/"},{"@type":"ListItem","position":3,"name":"Timeline &#8211; Magento"}]},{"@type":"WebSite","@id":"https:\/\/elfsight.com\/es\/#website","url":"https:\/\/elfsight.com\/es\/","name":"Elfsight ES","description":"Just another Elfsight Sites site","potentialAction":[{"@type":"SearchAction","target":{"@type":"EntryPoint","urlTemplate":"https:\/\/elfsight.com\/es\/?s={search_term_string}"},"query-input":{"@type":"PropertyValueSpecification","valueRequired":true,"valueName":"search_term_string"}}],"inLanguage":"es"}]}},"meta_box":{"industry":"","seo_heading":"","heading":"","description":"","cta_heading":"","cta_description":"","application":"19499","h1":"Extensi\u00f3n de l\u00ednea de tiempo para Magento","h1_caption":"Muestre una atractiva hoja de ruta de logros para mostrar su recorrido, hitos clave o etapas del proyecto con una l\u00ednea de tiempo interactiva en su p\u00e1gina web de Magento.","application_category":[],"applications_title":"","applications_request_title":"","applications_request_button_text":"","hero_text":"","hero_video":"","hero_video_schema_markup":"","selling_points_title":"","selling_points_caption":"","selling_points":[],"selling_points_cta_text":"","features_title":"","features":"","ed_cta_examples_text":"","ed_cta_examples_hidden":"","ed_cta_demo_text":"","ed_cta_demo_hidden":"","why_caption":"","why_editor_title":"","why_editor_text":"","why_team_title":"","why_team_text":"","why_service_title":"","why_service_text":"","template_catalog_visible":"","template_catalog_title":"","template_catalog_text":"","template_catalog_categories_visible":"","demo_title":"Crea tu extensi\u00f3n Magento Timeline","demo_caption":"\u00a1Personaliza tu l\u00ednea de tiempo y agr\u00e9gala a tu sitio web con facilidad!","default_faq_hidden":"","app_template_category":[],"platform":"82","template_public_id":"","codecanyon_url":"","codecanyon_item_id":"","codecanyon_price":"","pricing_caption":"","pricing_elfsight_apps_hide_column":"","pricing_elfsight_apps_url":"","pricing_codecanyon_price_caption":"","integration_category":[],"integration_request_title":"","integration_request_cta":"","integration_platform":"","integrations":[],"platform_category":[],"video_schema_markup":"","price":"desde $0 \/ mes","trial":"","benefits":[],"button_url":"#demo","button_target_blank":"0","button_nofollow":"0","attributes":[{"name":"Instalaciones","content":"50,000 - 100,000","_state":"expanded"},{"name":"Sensible","content":"S\u00ed","_state":"expanded"},{"name":"Navegadores compatibles","content":"Firefox, Safari, Opera, Chrome, Edge","_state":"expanded"}],"tags":[],"tags_disable_links":"","hide_more_platforms":"","video_object":"","demo_hide_cta":"0","demo_hide_cloud_options":"","pricing_title":"","pricing":[{"pricing_icon":"platform","pricing_title":"Elfsight Apps","pricing_title_caption":"Software multiplataforma que se adapta a cualquier sitio","pricing_price":"desde $0 \/ mes","pricing_price_caption":"comienza con un plan gratuito","pricing_benefits":"[object Object],[object Object],[object Object],[object Object]","pricing_button_text":"A\u00f1adir al sitio web","pricing_button_url":"#demo"}],"related_apps_title":"","related_apps_hidden":"","author":"","image":[],"title":"","job":"","social_networks":[]},"_links":{"self":[{"href":"https:\/\/elfsight.com\/es\/wp-json\/wp\/v2\/pages\/19526","targetHints":{"allow":["GET"]}}],"collection":[{"href":"https:\/\/elfsight.com\/es\/wp-json\/wp\/v2\/pages"}],"about":[{"href":"https:\/\/elfsight.com\/es\/wp-json\/wp\/v2\/types\/page"}],"author":[{"embeddable":true,"href":"https:\/\/elfsight.com\/es\/wp-json\/wp\/v2\/users\/9"}],"replies":[{"embeddable":true,"href":"https:\/\/elfsight.com\/es\/wp-json\/wp\/v2\/comments?post=19526"}],"version-history":[{"count":1,"href":"https:\/\/elfsight.com\/es\/wp-json\/wp\/v2\/pages\/19526\/revisions"}],"predecessor-version":[{"id":19530,"href":"https:\/\/elfsight.com\/es\/wp-json\/wp\/v2\/pages\/19526\/revisions\/19530"}],"up":[{"embeddable":true,"href":"https:\/\/elfsight.com\/es\/wp-json\/wp\/v2\/pages\/19500"}],"wp:attachment":[{"href":"https:\/\/elfsight.com\/es\/wp-json\/wp\/v2\/media?parent=19526"}],"curies":[{"name":"wp","href":"https:\/\/api.w.org\/{rel}","templated":true}]}}