{"id":19525,"date":"2025-03-11T08:35:12","date_gmt":"2025-03-11T08:35:12","guid":{"rendered":"https:\/\/elfsight.com\/es\/?page_id=19525"},"modified":"2025-06-17T14:02:46","modified_gmt":"2025-06-17T14:02:46","slug":"woocommerce","status":"publish","type":"page","link":"https:\/\/elfsight.com\/es\/timeline-widget\/woocommerce\/","title":{"rendered":"Timeline -WooCommerce"},"content":{"rendered":"<div class=\"application-platform-content-item-description application-platform-content-item\" id=\"description\" data-nav-section=\"description\"><h2>Complemento de l\u00ednea de tiempo de WooCommerce<\/h2> <p>\u00a1Mejora tu tienda WooCommerce con el widget de l\u00ednea de tiempo de Elfsight! Cree una l\u00ednea de tiempo responsiva para mostrar los hitos del producto, la historia de la empresa, el desarrollo de proyectos o eventos importantes. No se requiere codificaci\u00f3n: simplemente use nuestro editor f\u00e1cil de usar para personalizar la l\u00ednea de tiempo, incrustarla en su sitio WooCommerce y comenzar a atraer a sus visitantes de una manera creativa y atractiva.<\/p> <ul> <li><b>Cree l\u00edneas de tiempo interactivas sin c\u00f3digo<\/b><br> Cree una l\u00ednea de tiempo visualmente din\u00e1mica y completamente funcional en minutos, sin necesidad de experiencia t\u00e9cnica. \u00a1Empiece a cautivar a sus clientes de inmediato!<\/li> <li><b>Opciones de personalizaci\u00f3n avanzadas<\/b><br> Personalice el dise\u00f1o de la l\u00ednea de tiempo con varias plantillas, combinaciones de colores, fuentes y m\u00e1s, asegur\u00e1ndose de que se ajuste a la marca y el estilo de su tienda.<\/li> <li><b>Proceso de incrustaci\u00f3n fluido<\/b><br> Incruste su l\u00ednea de tiempo personalizada en su tienda WooCommerce sin problemas utilizando un c\u00f3digo HTML simple, sin necesidad de conocimientos de codificaci\u00f3n.<\/li> <li><b>Atenci\u00f3n al cliente receptiva<\/b><br> Nuestro equipo de soporte dedicado est\u00e1 disponible para ayudarlo a configurar y personalizar su l\u00ednea de tiempo, garantizando que funcione perfectamente en su sitio WooCommerce.<\/li> <\/ul> <p><b>Pruebe el widget L\u00ednea de tiempo de Elfsight hoy y muestre sus hitos clave de una manera visualmente atractiva.<\/b><\/p> <\/div><div class=\"application-platform-content-item-features application-platform-content-item\" id=\"features\" data-nav-section=\"features\"><h2>Qu\u00e9 puede hacer con la l\u00ednea de tiempo de WooCommerce<\/h2> <ul> <li><strong>Atraiga a los visitantes visualmente<\/strong><br> Presente sus hitos, eventos o recorridos de productos en un formato de l\u00ednea de tiempo din\u00e1mico que cautive a sus clientes y los anime a explorar m\u00e1s.<\/li> <li><strong>Muestre los hitos y el progreso<\/strong><br> Resalte los hitos o etapas m\u00e1s importantes en el ciclo de vida de su producto. Muestre el progreso de sus proyectos o el desarrollo de su empresa de una manera clara y convincente.<\/li> <li><strong>Destaque los logros clave<\/strong><br> Llame la atenci\u00f3n sobre sus logros, lanzamientos de productos o hitos comerciales m\u00e1s importantes en un formato atractivo y f\u00e1cil de seguir.<\/li> <\/ul> <p><a href=\"#demo\">Pruebe el editor para explorar todas las funciones del widget de l\u00ednea de tiempo.<\/a><\/p> <\/div><div class=\"application-platform-content-item-installation application-platform-content-item\" id=\"installation\" data-nav-section=\"installation\"><h2>C\u00f3mo incrustar una l\u00ednea de tiempo en WooCommerce<\/h2> <p>Agregar el widget de l\u00ednea de tiempo a su tienda WooCommerce es r\u00e1pido y simple, y no se requieren habilidades de codificaci\u00f3n. Simplemente sigue estos sencillos pasos:<\/p> <ol> <li><b>Crea tu l\u00ednea de tiempo personalizada de WooCommerce<\/b><br> Comienza seleccionando una plantilla del editor y personal\u00edzala seg\u00fan las necesidades de tu tienda. Ajuste el dise\u00f1o, la disposici\u00f3n y agregue hitos que coincidan con su marca.<\/li> <li><b>Obtenga su c\u00f3digo de inserci\u00f3n \u00fanico<\/b><br> Una vez que su l\u00ednea de tiempo est\u00e9 lista, copie el c\u00f3digo de inserci\u00f3n HTML generado por nuestro editor.<\/li> <li><b>Incorpore el c\u00f3digo en su tienda WooCommerce<\/b><br> Pegue el c\u00f3digo de inserci\u00f3n en la secci\u00f3n correspondiente de su p\u00e1gina WooCommerce y guarde los cambios. \u00a1Tu l\u00ednea de tiempo ya estar\u00e1 disponible!<\/li> <li><b>\u00a1Disfruta de tu nueva l\u00ednea de tiempo interactiva!<\/b><br> Visita tu tienda para ver la l\u00ednea de tiempo en acci\u00f3n y comienza a atraer a tus clientes con una experiencia visualmente atractiva.<\/li> <\/ol> <p>Para obtener instrucciones detalladas, consulta nuestra gu\u00eda en <a href=\"https:\/\/elfsight.com\/blog\/how-to-embed-timeline-to-website\/\" target=\"_blank\" rel=\"noopener\">c\u00f3mo agregar una l\u00ednea de tiempo a su sitio<\/a>.<\/p> <\/div><div class=\"faq\" data-component=\"FAQ\"><div class=\"faq-item\">\r\n\t\t\t\t\t<div class=\"faq-item-question\">\r\n\t\t\t\t\t\t<h3 class=\"faq-item-question-text\">\u00bfEl complemento de l\u00ednea de tiempo para WooCommerce es gratuito?<\/h3>\r\n\r\n\t\t\t\t\t\t<div class=\"faq-item-question-icon\"><\/div>\r\n\t\t\t\t\t<\/div>\r\n\r\n\t\t\t\t\t<div class=\"faq-item-answer\">\r\n\t\t\t\t\t\t<div class=\"faq-item-answer-text\">S\u00ed, Elfsight ofrece un plan gratuito con acceso a funciones b\u00e1sicas. Puede usar el widget Timeline sin costo y hay opciones pagas disponibles para personalizaci\u00f3n y funcionalidad adicionales.<\/div>\r\n\t\t\t\t\t<\/div>\r\n\t\t\t\t<\/div><div class=\"faq-item\">\r\n\t\t\t\t\t<div class=\"faq-item-question\">\r\n\t\t\t\t\t\t<h3 class=\"faq-item-question-text\">\u00bfNecesito alguna habilidad de codificaci\u00f3n para usar el complemento Timeline para WooCommerce?<\/h3>\r\n\r\n\t\t\t\t\t\t<div class=\"faq-item-question-icon\"><\/div>\r\n\t\t\t\t\t<\/div>\r\n\r\n\t\t\t\t\t<div class=\"faq-item-answer\">\r\n\t\t\t\t\t\t<div class=\"faq-item-answer-text\">No, el widget Timeline de Elfsight para WooCommerce est\u00e1 dise\u00f1ado para ser f\u00e1cil de usar y no requiere habilidades de codificaci\u00f3n. Simplemente personalice e incruste el widget usando nuestro editor intuitivo.<\/div>\r\n\t\t\t\t\t<\/div>\r\n\t\t\t\t<\/div><div class=\"faq-item\">\r\n\t\t\t\t\t<div class=\"faq-item-question\">\r\n\t\t\t\t\t\t<h3 class=\"faq-item-question-text\">\u00bfC\u00f3mo puedo crear una l\u00ednea de tiempo interactiva para WooCommerce?<\/h3>\r\n\r\n\t\t\t\t\t\t<div class=\"faq-item-question-icon\"><\/div>\r\n\t\t\t\t\t<\/div>\r\n\r\n\t\t\t\t\t<div class=\"faq-item-answer\">\r\n\t\t\t\t\t\t<div class=\"faq-item-answer-text\">Elija una plantilla del editor, personal\u00edcela seg\u00fan sus necesidades e incruste el c\u00f3digo HTML en su sitio web WooCommerce. \u00a1Es r\u00e1pido y f\u00e1cil!<\/div>\r\n\t\t\t\t\t<\/div>\r\n\t\t\t\t<\/div><div class=\"faq-item\">\r\n\t\t\t\t\t<div class=\"faq-item-question\">\r\n\t\t\t\t\t\t<h3 class=\"faq-item-question-text\">\u00bfQu\u00e9 tipos de cronogramas puedo crear para WooCommerce?<\/h3>\r\n\r\n\t\t\t\t\t\t<div class=\"faq-item-question-icon\"><\/div>\r\n\t\t\t\t\t<\/div>\r\n\r\n\t\t\t\t\t<div class=\"faq-item-answer\">\r\n\t\t\t\t\t\t<div class=\"faq-item-answer-text\">Puedes crear varios tipos de cronogramas con el widget de Elfsight:<ul> <li><strong>Viaje del producto<\/strong>: muestra los hitos y las etapas clave en el desarrollo de tus productos.<\/li> <li><strong>Crecimiento de la empresa<\/strong>: realiza un seguimiento del crecimiento y los logros de tu empresa a lo largo del tiempo.<\/li> <li><strong>Cronolog\u00edas de eventos<\/strong>: presenta eventos importantes, ventas o lanzamientos de productos en orden cronol\u00f3gico.<\/li> <li><strong>Cronolog\u00eda del proyecto<\/strong>: muestra las fases de un proyecto, desde el inicio hasta su finalizaci\u00f3n, con hitos importantes a lo largo del camino.<\/li> <\/ul> <\/div>\r\n\t\t\t\t\t<\/div>\r\n\t\t\t\t<\/div> <\/div>","protected":false},"excerpt":{"rendered":"","protected":false},"author":9,"featured_media":0,"parent":19500,"menu_order":0,"comment_status":"closed","ping_status":"closed","template":"templates\/template-application-platform.php","meta":{"publish_to_discourse":"","publish_post_category":"","wpdc_auto_publish_overridden":"","wpdc_topic_tags":"","wpdc_pin_topic":"","wpdc_pin_until":"","discourse_post_id":"","discourse_permalink":"","wpdc_publishing_response":"","wpdc_publishing_error":"","footnotes":""},"class_list":["post-19525","page","type-page","status-publish","hentry"],"yoast_head":"<!-- This site is optimized with the Yoast SEO plugin v25.3.1 - https:\/\/yoast.com\/wordpress\/plugins\/seo\/ -->\n<title>Widget de l\u00ednea de tiempo: agregue una l\u00ednea de tiempo interactiva a WooCommerce|Gratis<\/title>\n<meta name=\"description\" content=\"Agregue una hoja de ruta personalizada a su tienda. Muestre su historia, eventos clave e hitos de una manera visualmente atractiva con el complemento Timeline para WooCommerce.\" \/>\n<meta name=\"robots\" content=\"index, follow, max-snippet:-1, max-image-preview:large, max-video-preview:-1\" \/>\n<link rel=\"canonical\" href=\"https:\/\/elfsight.com\/es\/timeline-widget\/woocommerce\/\" \/>\n<meta property=\"og:locale\" content=\"es_ES\" \/>\n<meta property=\"og:type\" content=\"article\" \/>\n<meta property=\"og:title\" content=\"Widget de l\u00ednea de tiempo: agregue una l\u00ednea de tiempo interactiva a WooCommerce|Gratis\" \/>\n<meta property=\"og:description\" content=\"Agregue una hoja de ruta personalizada a su tienda. Muestre su historia, eventos clave e hitos de una manera visualmente atractiva con el complemento Timeline para WooCommerce.\" \/>\n<meta property=\"og:url\" content=\"https:\/\/elfsight.com\/es\/timeline-widget\/woocommerce\/\" \/>\n<meta property=\"og:site_name\" content=\"Elfsight ES\" \/>\n<meta property=\"article:modified_time\" content=\"2025-06-17T14:02:46+00:00\" \/>\n<meta name=\"twitter:card\" content=\"summary_large_image\" \/>\n<meta name=\"twitter:label1\" content=\"Tiempo de lectura\" \/>\n\t<meta name=\"twitter:data1\" content=\"4 minutos\" \/>\n<!-- \/ Yoast SEO plugin. -->","yoast_head_json":{"title":"Widget de l\u00ednea de tiempo: agregue una l\u00ednea de tiempo interactiva a WooCommerce|Gratis","description":"Agregue una hoja de ruta personalizada a su tienda. Muestre su historia, eventos clave e hitos de una manera visualmente atractiva con el complemento Timeline para WooCommerce.","robots":{"index":"index","follow":"follow","max-snippet":"max-snippet:-1","max-image-preview":"max-image-preview:large","max-video-preview":"max-video-preview:-1"},"canonical":"https:\/\/elfsight.com\/es\/timeline-widget\/woocommerce\/","og_locale":"es_ES","og_type":"article","og_title":"Widget de l\u00ednea de tiempo: agregue una l\u00ednea de tiempo interactiva a WooCommerce|Gratis","og_description":"Agregue una hoja de ruta personalizada a su tienda. Muestre su historia, eventos clave e hitos de una manera visualmente atractiva con el complemento Timeline para WooCommerce.","og_url":"https:\/\/elfsight.com\/es\/timeline-widget\/woocommerce\/","og_site_name":"Elfsight ES","article_modified_time":"2025-06-17T14:02:46+00:00","twitter_card":"summary_large_image","twitter_misc":{"Tiempo de lectura":"4 minutos"},"schema":{"@context":"https:\/\/schema.org","@graph":[{"@type":"WebPage","@id":"https:\/\/elfsight.com\/es\/timeline-widget\/woocommerce\/","url":"https:\/\/elfsight.com\/es\/timeline-widget\/woocommerce\/","name":"Widget de l\u00ednea de tiempo: agregue una l\u00ednea de tiempo interactiva a WooCommerce|Gratis","isPartOf":{"@id":"https:\/\/elfsight.com\/es\/#website"},"datePublished":"2025-03-11T08:35:12+00:00","dateModified":"2025-06-17T14:02:46+00:00","description":"Agregue una hoja de ruta personalizada a su tienda. Muestre su historia, eventos clave e hitos de una manera visualmente atractiva con el complemento Timeline para WooCommerce.","breadcrumb":{"@id":"https:\/\/elfsight.com\/es\/timeline-widget\/woocommerce\/#breadcrumb"},"inLanguage":"es","potentialAction":[{"@type":"ReadAction","target":["https:\/\/elfsight.com\/es\/timeline-widget\/woocommerce\/"]}]},{"@type":"BreadcrumbList","@id":"https:\/\/elfsight.com\/es\/timeline-widget\/woocommerce\/#breadcrumb","itemListElement":[{"@type":"ListItem","position":1,"name":"Home","item":"https:\/\/elfsight.com\/es\/"},{"@type":"ListItem","position":2,"name":"Timeline","item":"https:\/\/elfsight.com\/es\/timeline-widget\/"},{"@type":"ListItem","position":3,"name":"Timeline -WooCommerce"}]},{"@type":"WebSite","@id":"https:\/\/elfsight.com\/es\/#website","url":"https:\/\/elfsight.com\/es\/","name":"Elfsight ES","description":"Just another Elfsight Sites site","potentialAction":[{"@type":"SearchAction","target":{"@type":"EntryPoint","urlTemplate":"https:\/\/elfsight.com\/es\/?s={search_term_string}"},"query-input":{"@type":"PropertyValueSpecification","valueRequired":true,"valueName":"search_term_string"}}],"inLanguage":"es"}]}},"meta_box":{"industry":"","seo_heading":"","heading":"","description":"","cta_heading":"","cta_description":"","application":"19499","h1":"Complemento de l\u00ednea de tiempo para WooCommerce","h1_caption":"Muestre una atractiva hoja de ruta de eventos para revelar su historia, hitos de desarrollo o etapas con una l\u00ednea de tiempo interactiva para WooCommerce.","application_category":[],"applications_title":"","applications_request_title":"","applications_request_button_text":"","hero_text":"","hero_video":"","hero_video_schema_markup":"","selling_points_title":"","selling_points_caption":"","selling_points":[],"selling_points_cta_text":"","features_title":"","features":"","ed_cta_examples_text":"","ed_cta_examples_hidden":"","ed_cta_demo_text":"","ed_cta_demo_hidden":"","why_caption":"","why_editor_title":"","why_editor_text":"","why_team_title":"","why_team_text":"","why_service_title":"","why_service_text":"","template_catalog_visible":"","template_catalog_title":"","template_catalog_text":"","template_catalog_categories_visible":"","demo_title":"Crea tu complemento de l\u00ednea de tiempo de WooCommerce","demo_caption":"\u00a1Personaliza tu l\u00ednea de tiempo y agr\u00e9gala a tu sitio web con facilidad!","default_faq_hidden":"","app_template_category":[],"platform":"2311","template_public_id":"","codecanyon_url":"","codecanyon_item_id":"","codecanyon_price":"","pricing_caption":"","pricing_elfsight_apps_hide_column":"","pricing_elfsight_apps_url":"","pricing_codecanyon_price_caption":"","integration_category":[],"integration_request_title":"","integration_request_cta":"","integration_platform":"","integrations":[],"platform_category":[],"video_schema_markup":"","price":"desde $0 \/ mes","trial":"","benefits":[],"button_url":"#demo","button_target_blank":"0","button_nofollow":"0","attributes":[{"name":"Instalaciones","content":"50,000 - 100,000","_state":"expanded"},{"name":"Sensible","content":"S\u00ed","_state":"expanded"},{"name":"Navegadores compatibles","content":"Firefox, Safari, Opera, Chrome, Edge","_state":"expanded"}],"tags":[],"tags_disable_links":"","hide_more_platforms":"","video_object":"","demo_hide_cta":"0","demo_hide_cloud_options":"","pricing_title":"","pricing":[{"pricing_icon":"platform","pricing_title":"Elfsight Apps","pricing_title_caption":"Software multiplataforma que se adapta a cualquier sitio","pricing_price":"desde $0 \/ mes","pricing_price_caption":"comienza con un plan gratuito","pricing_benefits":"[object Object],[object Object],[object Object],[object Object]","pricing_button_text":"A\u00f1adir al sitio web","pricing_button_url":"#demo"}],"related_apps_title":"","related_apps_hidden":"","author":"","image":[],"title":"","job":"","social_networks":[]},"_links":{"self":[{"href":"https:\/\/elfsight.com\/es\/wp-json\/wp\/v2\/pages\/19525","targetHints":{"allow":["GET"]}}],"collection":[{"href":"https:\/\/elfsight.com\/es\/wp-json\/wp\/v2\/pages"}],"about":[{"href":"https:\/\/elfsight.com\/es\/wp-json\/wp\/v2\/types\/page"}],"author":[{"embeddable":true,"href":"https:\/\/elfsight.com\/es\/wp-json\/wp\/v2\/users\/9"}],"replies":[{"embeddable":true,"href":"https:\/\/elfsight.com\/es\/wp-json\/wp\/v2\/comments?post=19525"}],"version-history":[{"count":1,"href":"https:\/\/elfsight.com\/es\/wp-json\/wp\/v2\/pages\/19525\/revisions"}],"predecessor-version":[{"id":19529,"href":"https:\/\/elfsight.com\/es\/wp-json\/wp\/v2\/pages\/19525\/revisions\/19529"}],"up":[{"embeddable":true,"href":"https:\/\/elfsight.com\/es\/wp-json\/wp\/v2\/pages\/19500"}],"wp:attachment":[{"href":"https:\/\/elfsight.com\/es\/wp-json\/wp\/v2\/media?parent=19525"}],"curies":[{"name":"wp","href":"https:\/\/api.w.org\/{rel}","templated":true}]}}