{"id":19523,"date":"2025-03-12T08:34:08","date_gmt":"2025-03-12T08:34:08","guid":{"rendered":"https:\/\/elfsight.com\/es\/?page_id=19523"},"modified":"2025-06-17T14:02:46","modified_gmt":"2025-06-17T14:02:46","slug":"facebook","status":"publish","type":"page","link":"https:\/\/elfsight.com\/es\/timeline-widget\/facebook\/","title":{"rendered":"Timeline &#8211; Facebook"},"content":{"rendered":"<div class=\"application-platform-content-item-description application-platform-content-item\" id=\"description\" data-nav-section=\"description\"><h2>Creador de l\u00ednea de tiempo para p\u00e1ginas de Facebook<\/h2><p>Agregue una l\u00ednea de tiempo interactiva a sus p\u00e1ginas de Facebook para resaltar hitos, eventos o etapas de tareas, sin necesidad de codificaci\u00f3n. El widget Timeline de Elfsight le permite incorporar puntos personalizables que atraigan a su audiencia. Ya sea que est\u00e9 compartiendo la historia de su marca, rastreando las fases del proyecto o destacando los hitos del producto, este widget simplifica el dise\u00f1o de una l\u00ednea de tiempo adaptada a sus objetivos.<\/p><ul><li><b>Cree l\u00edneas de tiempo interactivas sin c\u00f3digo<\/b><br>Cree una l\u00ednea de tiempo completamente funcional en minutos, sin necesidad de experiencia t\u00e9cnica, y comience a cautivar a sus visitantes de inmediato.<\/li><li><b>Opciones de personalizaci\u00f3n avanzadas<\/b><br>Ajuste el dise\u00f1o y la disposici\u00f3n de su l\u00ednea de tiempo con varias funciones personalizables. plantillas, colores, fuentes y configuraciones para una experiencia \u00fanica y atractiva.<\/li><li><b>Proceso de incrustaci\u00f3n fluido<\/b><br>Integre f\u00e1cilmente su l\u00ednea de tiempo en sus p\u00e1ginas de Facebook utilizando un c\u00f3digo HTML simple, sin problemas t\u00e9cnicos.<\/li><li><b>Atenci\u00f3n al cliente receptiva<\/b><br>Nuestro equipo de soporte dedicado est\u00e1 disponible para ayudarlo con la configuraci\u00f3n, garantizando que su l\u00ednea de tiempo funcione perfectamente en su p\u00e1gina.<\/li><\/ul><p><b>Pruebe el \u00a1Elfsight Timeline para atraer a tu audiencia y mostrar tus hitos de una manera visualmente atractiva!<\/b><\/p><\/div><div class=\"application-platform-content-item-features application-platform-content-item\" id=\"features\" data-nav-section=\"features\"><h2>Qu\u00e9 puedes hacer con la l\u00ednea de tiempo de las p\u00e1ginas de Facebook<\/h2><ul><li><strong>Atrae a los visitantes visualmente<\/strong><br>Capta la atenci\u00f3n de tu audiencia con una l\u00ednea de tiempo din\u00e1mica e interactiva que presenta los hitos en un formato f\u00e1cil de entender. Una l\u00ednea de tiempo visual mantiene a los visitantes interesados \u200b\u200by los anima a explorar su historia m\u00e1s a fondo.<\/li><li><strong>Muestre el progreso y los eventos<\/strong><br>Utilice la l\u00ednea de tiempo para presentar eventos en orden cronol\u00f3gico, ayudando a los visitantes a seguir su viaje. Esto mantiene a su audiencia interesada e informada sobre sus \u00faltimos desarrollos.<\/li><li><strong>Destaque los logros clave<\/strong><br>C\u00e9ntrese en sus hitos m\u00e1s importantes. Muestre sus principales logros en un formato atractivo y claro que resuene en su audiencia.<\/li><\/ul><p><a href=\"#demo\">Consulte el editor para ver todo el potencial.<\/a><\/p><\/div><div class=\"application-platform-content-item-installation application-platform-content-item\" id=\"installation\" data-nav-section=\"installation\"> <h2>C\u00f3mo insertar una l\u00ednea de tiempo en p\u00e1ginas de Facebook<\/h2><p>Agregar la l\u00ednea de tiempo a sus p\u00e1ginas de Facebook es simple y no requiere ninguna codificaci\u00f3n. Simplemente siga estos sencillos pasos para comenzar:<\/p><ol><li><b>Cree su l\u00ednea de tiempo personalizada<\/b><br>Comience seleccionando una plantilla de nuestro editor y personal\u00edcela para satisfacer sus necesidades.<\/li><li><b>Obtenga su c\u00f3digo de inserci\u00f3n \u00fanico<\/b><br>Una vez que su l\u00ednea de tiempo est\u00e9 personalizada, recibir\u00e1 un c\u00f3digo HTML personalizado. Copie este c\u00f3digo para usarlo m\u00e1s adelante.<\/li><li><b>Incruste el c\u00f3digo en su p\u00e1gina<\/b><br>Inserte el c\u00f3digo HTML en la secci\u00f3n correspondiente de su p\u00e1gina y guarde los cambios. \u00a1Tu l\u00ednea de tiempo estar\u00e1 disponible!<\/li><li><b>\u00a1Disfruta de tu nueva l\u00ednea de tiempo interactiva!<\/b><br>\u00a1Visita tu p\u00e1gina para ver la l\u00ednea de tiempo en acci\u00f3n e involucra a tu audiencia con tu historia!<\/li><\/ol><p>Para obtener instrucciones m\u00e1s detalladas, consulta nuestra gu\u00eda en <a href=\"https:\/\/elfsight.com\/blog\/how-to-embed-timeline-to-website\/\">c\u00f3mo agregar una l\u00ednea de tiempo a tu page.<\/a><\/p><\/div><div class=\"faq\" data-component=\"FAQ\"><div class=\"faq-item\">\r\n\t\t\t\t\t<div class=\"faq-item-question\">\r\n\t\t\t\t\t\t<h3 class=\"faq-item-question-text\">\u00bfEl widget de l\u00ednea de tiempo para p\u00e1ginas de Facebook es gratuito? <\/h3>\r\n\r\n\t\t\t\t\t\t<div class=\"faq-item-question-icon\"><\/div>\r\n\t\t\t\t\t<\/div>\r\n\r\n\t\t\t\t\t<div class=\"faq-item-answer\">\r\n\t\t\t\t\t\t<div class=\"faq-item-answer-text\">S\u00ed, Elfsight ofrece un modelo de suscripci\u00f3n con un plan gratuito disponible. Puede utilizar el widget de l\u00ednea de tiempo para p\u00e1ginas de Facebook sin costo alguno, obteniendo acceso a todas las funciones esenciales. Para desbloquear funciones m\u00e1s avanzadas, hay planes premium disponibles. <\/div>\r\n\t\t\t\t\t<\/div>\r\n\t\t\t\t<\/div><div class=\"faq-item\">\r\n\t\t\t\t\t<div class=\"faq-item-question\">\r\n\t\t\t\t\t\t<h3 class=\"faq-item-question-text\">\u00bfNecesito alguna habilidad de codificaci\u00f3n para usar el widget de l\u00ednea de tiempo? <\/h3>\r\n\r\n\t\t\t\t\t\t<div class=\"faq-item-question-icon\"><\/div>\r\n\t\t\t\t\t<\/div>\r\n\r\n\t\t\t\t\t<div class=\"faq-item-answer\">\r\n\t\t\t\t\t\t<div class=\"faq-item-answer-text\">No se requieren habilidades de codificaci\u00f3n. El widget L\u00ednea de tiempo de Elfsight le permite crear, personalizar e incrustar una l\u00ednea de tiempo con un editor f\u00e1cil de usar.<\/div>\r\n\t\t\t\t\t<\/div>\r\n\t\t\t\t<\/div><div class=\"faq-item\">\r\n\t\t\t\t\t<div class=\"faq-item-question\">\r\n\t\t\t\t\t\t<h3 class=\"faq-item-question-text\">\u00bfC\u00f3mo puedo crear una l\u00ednea de tiempo interactiva para p\u00e1ginas de Facebook? <\/h3>\r\n\r\n\t\t\t\t\t\t<div class=\"faq-item-question-icon\"><\/div>\r\n\t\t\t\t\t<\/div>\r\n\r\n\t\t\t\t\t<div class=\"faq-item-answer\">\r\n\t\t\t\t\t\t<div class=\"faq-item-answer-text\">Simplemente elija una plantilla del editor, personal\u00edcela con su contenido e incr\u00fastela en su p\u00e1gina de Facebook usando el c\u00f3digo HTML exclusivo proporcionado. <\/div>\r\n\t\t\t\t\t<\/div>\r\n\t\t\t\t<\/div><div class=\"faq-item\">\r\n\t\t\t\t\t<div class=\"faq-item-question\">\r\n\t\t\t\t\t\t<h3 class=\"faq-item-question-text\">\u00bfQu\u00e9 tipos de cronogramas puedo crear? <\/h3>\r\n\r\n\t\t\t\t\t\t<div class=\"faq-item-question-icon\"><\/div>\r\n\t\t\t\t\t<\/div>\r\n\r\n\t\t\t\t\t<div class=\"faq-item-answer\">\r\n\t\t\t\t\t\t<div class=\"faq-item-answer-text\">Puedes crear una amplia gama de cronogramas: historial de la empresa, desarrollo de productos, progreso del proyecto, cronogramas de eventos y m\u00e1s. El widget Timeline de Elfsight es vers\u00e1til y puede adaptarse a sus necesidades espec\u00edficas. <\/div>\r\n\t\t\t\t\t<\/div>\r\n\t\t\t\t<\/div><\/div><p><\/p>","protected":false},"excerpt":{"rendered":"","protected":false},"author":9,"featured_media":0,"parent":19500,"menu_order":0,"comment_status":"closed","ping_status":"closed","template":"templates\/template-application-platform.php","meta":{"publish_to_discourse":"","publish_post_category":"","wpdc_auto_publish_overridden":"","wpdc_topic_tags":"","wpdc_pin_topic":"","wpdc_pin_until":"","discourse_post_id":"","discourse_permalink":"","wpdc_publishing_response":"","wpdc_publishing_error":"","footnotes":""},"class_list":["post-19523","page","type-page","status-publish","hentry"],"yoast_head":"<!-- This site is optimized with the Yoast SEO plugin v25.3.1 - https:\/\/yoast.com\/wordpress\/plugins\/seo\/ -->\n<title>Widget de l\u00ednea de tiempo: agregue una l\u00ednea de tiempo interactiva a las p\u00e1ginas de Facebook<\/title>\n<meta name=\"description\" content=\"Cree una l\u00ednea de tiempo personalizada en p\u00e1ginas de Facebook con el widget de l\u00ednea de tiempo de Efsight. Muestre eventos, hitos y logros clave, sin necesidad de codificaci\u00f3n.\" \/>\n<meta name=\"robots\" content=\"index, follow, max-snippet:-1, max-image-preview:large, max-video-preview:-1\" \/>\n<link rel=\"canonical\" href=\"https:\/\/elfsight.com\/es\/timeline-widget\/facebook\/\" \/>\n<meta property=\"og:locale\" content=\"es_ES\" \/>\n<meta property=\"og:type\" content=\"article\" \/>\n<meta property=\"og:title\" content=\"Widget de l\u00ednea de tiempo: agregue una l\u00ednea de tiempo interactiva a las p\u00e1ginas de Facebook\" \/>\n<meta property=\"og:description\" content=\"Cree una l\u00ednea de tiempo personalizada en p\u00e1ginas de Facebook con el widget de l\u00ednea de tiempo de Efsight. Muestre eventos, hitos y logros clave, sin necesidad de codificaci\u00f3n.\" \/>\n<meta property=\"og:url\" content=\"https:\/\/elfsight.com\/es\/timeline-widget\/facebook\/\" \/>\n<meta property=\"og:site_name\" content=\"Elfsight ES\" \/>\n<meta property=\"article:modified_time\" content=\"2025-06-17T14:02:46+00:00\" \/>\n<meta name=\"twitter:card\" content=\"summary_large_image\" \/>\n<meta name=\"twitter:label1\" content=\"Tiempo de lectura\" \/>\n\t<meta name=\"twitter:data1\" content=\"4 minutos\" \/>\n<!-- \/ Yoast SEO plugin. -->","yoast_head_json":{"title":"Widget de l\u00ednea de tiempo: agregue una l\u00ednea de tiempo interactiva a las p\u00e1ginas de Facebook","description":"Cree una l\u00ednea de tiempo personalizada en p\u00e1ginas de Facebook con el widget de l\u00ednea de tiempo de Efsight. Muestre eventos, hitos y logros clave, sin necesidad de codificaci\u00f3n.","robots":{"index":"index","follow":"follow","max-snippet":"max-snippet:-1","max-image-preview":"max-image-preview:large","max-video-preview":"max-video-preview:-1"},"canonical":"https:\/\/elfsight.com\/es\/timeline-widget\/facebook\/","og_locale":"es_ES","og_type":"article","og_title":"Widget de l\u00ednea de tiempo: agregue una l\u00ednea de tiempo interactiva a las p\u00e1ginas de Facebook","og_description":"Cree una l\u00ednea de tiempo personalizada en p\u00e1ginas de Facebook con el widget de l\u00ednea de tiempo de Efsight. Muestre eventos, hitos y logros clave, sin necesidad de codificaci\u00f3n.","og_url":"https:\/\/elfsight.com\/es\/timeline-widget\/facebook\/","og_site_name":"Elfsight ES","article_modified_time":"2025-06-17T14:02:46+00:00","twitter_card":"summary_large_image","twitter_misc":{"Tiempo de lectura":"4 minutos"},"schema":{"@context":"https:\/\/schema.org","@graph":[{"@type":"WebPage","@id":"https:\/\/elfsight.com\/es\/timeline-widget\/facebook\/","url":"https:\/\/elfsight.com\/es\/timeline-widget\/facebook\/","name":"Widget de l\u00ednea de tiempo: agregue una l\u00ednea de tiempo interactiva a las p\u00e1ginas de Facebook","isPartOf":{"@id":"https:\/\/elfsight.com\/es\/#website"},"datePublished":"2025-03-12T08:34:08+00:00","dateModified":"2025-06-17T14:02:46+00:00","description":"Cree una l\u00ednea de tiempo personalizada en p\u00e1ginas de Facebook con el widget de l\u00ednea de tiempo de Efsight. Muestre eventos, hitos y logros clave, sin necesidad de codificaci\u00f3n.","breadcrumb":{"@id":"https:\/\/elfsight.com\/es\/timeline-widget\/facebook\/#breadcrumb"},"inLanguage":"es","potentialAction":[{"@type":"ReadAction","target":["https:\/\/elfsight.com\/es\/timeline-widget\/facebook\/"]}]},{"@type":"BreadcrumbList","@id":"https:\/\/elfsight.com\/es\/timeline-widget\/facebook\/#breadcrumb","itemListElement":[{"@type":"ListItem","position":1,"name":"Home","item":"https:\/\/elfsight.com\/es\/"},{"@type":"ListItem","position":2,"name":"Timeline","item":"https:\/\/elfsight.com\/es\/timeline-widget\/"},{"@type":"ListItem","position":3,"name":"Timeline &#8211; Facebook"}]},{"@type":"WebSite","@id":"https:\/\/elfsight.com\/es\/#website","url":"https:\/\/elfsight.com\/es\/","name":"Elfsight ES","description":"Just another Elfsight Sites site","potentialAction":[{"@type":"SearchAction","target":{"@type":"EntryPoint","urlTemplate":"https:\/\/elfsight.com\/es\/?s={search_term_string}"},"query-input":{"@type":"PropertyValueSpecification","valueRequired":true,"valueName":"search_term_string"}}],"inLanguage":"es"}]}},"meta_box":{"industry":"","seo_heading":"","heading":"","description":"","cta_heading":"","cta_description":"","application":"19499","h1":"Widget de l\u00ednea de tiempo para p\u00e1ginas de Facebook","h1_caption":"Muestre una cronolog\u00eda atractiva de hitos para narrar su historia, mostrar su progreso o eventos con una l\u00ednea de tiempo interactiva en las p\u00e1ginas de Facebook.","application_category":[],"applications_title":"","applications_request_title":"","applications_request_button_text":"","hero_text":"","hero_video":"","hero_video_schema_markup":"","selling_points_title":"","selling_points_caption":"","selling_points":[],"selling_points_cta_text":"","features_title":"","features":"","ed_cta_examples_text":"","ed_cta_examples_hidden":"","ed_cta_demo_text":"","ed_cta_demo_hidden":"","why_caption":"","why_editor_title":"","why_editor_text":"","why_team_title":"","why_team_text":"","why_service_title":"","why_service_text":"","template_catalog_visible":"","template_catalog_title":"","template_catalog_text":"","template_catalog_categories_visible":"","demo_title":"Crea tu widget de l\u00ednea de tiempo de p\u00e1ginas de Facebook","demo_caption":"\u00a1Personaliza tu l\u00ednea de tiempo y agr\u00e9gala a tu sitio web con facilidad!","default_faq_hidden":"","app_template_category":[],"platform":"64","template_public_id":"","codecanyon_url":"","codecanyon_item_id":"","codecanyon_price":"","pricing_caption":"","pricing_elfsight_apps_hide_column":"","pricing_elfsight_apps_url":"","pricing_codecanyon_price_caption":"","integration_category":[],"integration_request_title":"","integration_request_cta":"","integration_platform":"","integrations":[],"platform_category":[],"video_schema_markup":"","price":"desde $0 \/ mes","trial":"","benefits":[],"button_url":"#demo","button_target_blank":"0","button_nofollow":"0","attributes":[{"name":"Instalaciones","content":"50,000 - 100,000","_state":"expanded"},{"name":"Sensible","content":"S\u00ed","_state":"expanded"},{"name":"Navegadores compatibles","content":"Firefox, Safari, Opera, Chrome, Edge","_state":"expanded"}],"tags":[],"tags_disable_links":"","hide_more_platforms":"","video_object":"","demo_hide_cta":"0","demo_hide_cloud_options":"","pricing_title":"","pricing":[{"pricing_icon":"platform","pricing_title":"Elfsight Apps","pricing_title_caption":"Software multiplataforma que se adapta a cualquier sitio","pricing_price":"desde $0 \/ mes","pricing_price_caption":"comienza con un plan gratuito","pricing_benefits":"[object Object],[object Object],[object Object],[object Object]","pricing_button_text":"A\u00f1adir al sitio web","pricing_button_url":"#demo"}],"related_apps_title":"","related_apps_hidden":"","author":"","image":[],"title":"","job":"","social_networks":[]},"_links":{"self":[{"href":"https:\/\/elfsight.com\/es\/wp-json\/wp\/v2\/pages\/19523","targetHints":{"allow":["GET"]}}],"collection":[{"href":"https:\/\/elfsight.com\/es\/wp-json\/wp\/v2\/pages"}],"about":[{"href":"https:\/\/elfsight.com\/es\/wp-json\/wp\/v2\/types\/page"}],"author":[{"embeddable":true,"href":"https:\/\/elfsight.com\/es\/wp-json\/wp\/v2\/users\/9"}],"replies":[{"embeddable":true,"href":"https:\/\/elfsight.com\/es\/wp-json\/wp\/v2\/comments?post=19523"}],"version-history":[{"count":1,"href":"https:\/\/elfsight.com\/es\/wp-json\/wp\/v2\/pages\/19523\/revisions"}],"predecessor-version":[{"id":19527,"href":"https:\/\/elfsight.com\/es\/wp-json\/wp\/v2\/pages\/19523\/revisions\/19527"}],"up":[{"embeddable":true,"href":"https:\/\/elfsight.com\/es\/wp-json\/wp\/v2\/pages\/19500"}],"wp:attachment":[{"href":"https:\/\/elfsight.com\/es\/wp-json\/wp\/v2\/media?parent=19523"}],"curies":[{"name":"wp","href":"https:\/\/api.w.org\/{rel}","templated":true}]}}