{"id":195,"date":"2021-04-20T08:17:32","date_gmt":"2021-04-20T08:17:32","guid":{"rendered":"https:\/\/elfsight.com\/es\/?page_id=195"},"modified":"2023-06-05T16:25:50","modified_gmt":"2023-06-05T16:25:50","slug":"facebook-page-widgets","status":"publish","type":"page","link":"https:\/\/elfsight.com\/es\/facebook-page-widgets\/","title":{"rendered":"Facebook Page widgets"},"content":{"rendered":"\n<h2>La mejor soluci\u00f3n para personalizar su Facebook Tab.<\/h2>\n\n<figure class=\"browser-frame\">\n<img decoding=\"async\" alt=\"the best free facebook page widgets for your website\" src=\"https:\/\/elfsight.com\/wp-content\/uploads\/2020\/08\/platform-image-facebook-page.jpg\">\n<\/figure>\n\n<p>Nuestro equipo tiene una amplia experiencia creando widgets altamente eficientes y compatibles. Ayudamos a muchos negocios alrededor del mundo a desempe\u00f1ar las tareas de sus compa\u00f1\u00edas de una forma eficaz.<\/p>\n<p>Incrementando su nivel de ventas, mostrando comentarios de sus clientes, incrementando su nivel de confiabilidad y m\u00e1s. Nuestros widgets se adaptan tanto a su sitio web como a un a una pesta\u00f1a de Facebook.\n<\/p>\n\n<h2>\u00bfQu\u00e9 hace a los plugins de Elfsight uno entre los mejores?<\/h2>\n<p>De un vistazo a sus caracter\u00edsticas:<\/p>\n<ul>\n<li>Instalaci\u00f3n y soporte gratuitos;<\/li>\n<li>Altamente adaptativos a todos los tama\u00f1os en pantalla;<\/li>\n<li>Diversas configuraciones de usuario en las plantillas;<\/li>\n<li>Soluciones SaaS para una \u00f3ptima velocidad de carga;<\/li>\n<li>Actualizaciones autom\u00e1ticas constantes;<\/li>\n<li>Soporte profesional a cualquier consulta.<\/li>\n<\/ul>\n<p>Compruebe todas las ventajas de los plugins Elfsight utilizando su versi\u00f3n gratuita o adquiera la versi\u00f3n completa con un 20% de descuento.<\/p>\n\n<h2>\u00bfC\u00f3mo insertar su widget a Facebook page?<\/h2>\n<p>Consulte las instrucciones detalladas sobre c\u00f3mo agregar su plugin a Facebook Tab. <\/p>\n<ol>\n<li>Elija su widget y personalicelo en el panel;<\/li>\n<li>Copie el c\u00f3digo \u00fanico generado para su widget;<\/li>\n<li>Inserte el c\u00f3digo en la pesta\u00f1a de la p\u00e1gina comercial de Facebook;<\/li>\n<li>\u00a1La integraci\u00f3n se habr\u00e1 logrado con \u00e9xito!<\/li>\n<\/ol>\n<p>\u00bfTiene alg\u00fan problema con su configuraci\u00f3n? Lea nuestra gu\u00eda:\n <a href=\"https:\/\/elfsight.com\/blog\/how-to-add-custom-tab-to-facebook-page\/\">Facebook Custom Tab<\/a>.<\/p>\n","protected":false},"excerpt":{"rendered":"La mejor soluci\u00f3n para personalizar su Facebook Tab. Nuestro equipo tiene una amplia experiencia creando widgets altamente eficientes y compatibles. Ayudamos a muchos negocios alrededor del mundo a desempe\u00f1ar las tareas de sus compa\u00f1\u00edas de una forma eficaz. Incrementando su nivel de ventas, mostrando comentarios de sus clientes, incrementando su&#8230;","protected":false},"author":13,"featured_media":0,"parent":0,"menu_order":0,"comment_status":"closed","ping_status":"closed","template":"templates\/template-platform.php","meta":{"publish_to_discourse":"","publish_post_category":"","wpdc_auto_publish_overridden":"","wpdc_topic_tags":"","wpdc_pin_topic":"","wpdc_pin_until":"","discourse_post_id":"","discourse_permalink":"","wpdc_publishing_response":"","wpdc_publishing_error":"","footnotes":""},"class_list":["post-195","page","type-page","status-publish","hentry"],"yoast_head":"<!-- This site is optimized with the Yoast SEO plugin v25.3.1 - https:\/\/yoast.com\/wordpress\/plugins\/seo\/ -->\n<title>+70 widgets gratuitos para Facebook Page Tab (r\u00e1pidos y sencillos) [2025]<\/title>\n<meta name=\"description\" content=\"Una biblioteca de los mejores widgets gratuitos para Facebook Business Page Tab. Compatibles con todas las versiones de Facebook.\" \/>\n<meta name=\"robots\" content=\"index, follow, max-snippet:-1, max-image-preview:large, max-video-preview:-1\" \/>\n<link rel=\"canonical\" href=\"https:\/\/elfsight.com\/es\/facebook-page-widgets\/\" \/>\n<meta property=\"og:locale\" content=\"es_ES\" \/>\n<meta property=\"og:type\" content=\"article\" \/>\n<meta property=\"og:title\" content=\"+70 widgets gratuitos para Facebook Page Tab (r\u00e1pidos y sencillos) [2025]\" \/>\n<meta property=\"og:description\" content=\"Una biblioteca de los mejores widgets gratuitos para Facebook Business Page Tab. Compatibles con todas las versiones de Facebook.\" \/>\n<meta property=\"og:url\" content=\"https:\/\/elfsight.com\/es\/facebook-page-widgets\/\" \/>\n<meta property=\"og:site_name\" content=\"Elfsight ES\" \/>\n<meta property=\"article:modified_time\" content=\"2023-06-05T16:25:50+00:00\" \/>\n<meta property=\"og:image\" content=\"https:\/\/elfsight.com\/wp-content\/uploads\/2020\/08\/platform-image-facebook-page.jpg\" \/>\n<meta name=\"twitter:card\" content=\"summary_large_image\" \/>\n<meta name=\"twitter:label1\" content=\"Tiempo de lectura\" \/>\n\t<meta name=\"twitter:data1\" content=\"2 minutos\" \/>\n<!-- \/ Yoast SEO plugin. -->","yoast_head_json":{"title":"+70 widgets gratuitos para Facebook Page Tab (r\u00e1pidos y sencillos) [2025]","description":"Una biblioteca de los mejores widgets gratuitos para Facebook Business Page Tab. Compatibles con todas las versiones de Facebook.","robots":{"index":"index","follow":"follow","max-snippet":"max-snippet:-1","max-image-preview":"max-image-preview:large","max-video-preview":"max-video-preview:-1"},"canonical":"https:\/\/elfsight.com\/es\/facebook-page-widgets\/","og_locale":"es_ES","og_type":"article","og_title":"+70 widgets gratuitos para Facebook Page Tab (r\u00e1pidos y sencillos) [2025]","og_description":"Una biblioteca de los mejores widgets gratuitos para Facebook Business Page Tab. Compatibles con todas las versiones de Facebook.","og_url":"https:\/\/elfsight.com\/es\/facebook-page-widgets\/","og_site_name":"Elfsight ES","article_modified_time":"2023-06-05T16:25:50+00:00","og_image":[{"url":"https:\/\/elfsight.com\/wp-content\/uploads\/2020\/08\/platform-image-facebook-page.jpg","type":"","width":"","height":""}],"twitter_card":"summary_large_image","twitter_misc":{"Tiempo de lectura":"2 minutos"},"schema":{"@context":"https:\/\/schema.org","@graph":[{"@type":"WebPage","@id":"https:\/\/elfsight.com\/es\/facebook-page-widgets\/","url":"https:\/\/elfsight.com\/es\/facebook-page-widgets\/","name":"+70 widgets gratuitos para Facebook Page Tab (r\u00e1pidos y sencillos) [2025]","isPartOf":{"@id":"https:\/\/elfsight.com\/es\/#website"},"primaryImageOfPage":{"@id":"https:\/\/elfsight.com\/es\/facebook-page-widgets\/#primaryimage"},"image":{"@id":"https:\/\/elfsight.com\/es\/facebook-page-widgets\/#primaryimage"},"thumbnailUrl":"https:\/\/elfsight.com\/wp-content\/uploads\/2020\/08\/platform-image-facebook-page.jpg","datePublished":"2021-04-20T08:17:32+00:00","dateModified":"2023-06-05T16:25:50+00:00","description":"Una biblioteca de los mejores widgets gratuitos para Facebook Business Page Tab. Compatibles con todas las versiones de Facebook.","breadcrumb":{"@id":"https:\/\/elfsight.com\/es\/facebook-page-widgets\/#breadcrumb"},"inLanguage":"es","potentialAction":[{"@type":"ReadAction","target":["https:\/\/elfsight.com\/es\/facebook-page-widgets\/"]}]},{"@type":"ImageObject","inLanguage":"es","@id":"https:\/\/elfsight.com\/es\/facebook-page-widgets\/#primaryimage","url":"https:\/\/elfsight.com\/wp-content\/uploads\/2020\/08\/platform-image-facebook-page.jpg","contentUrl":"https:\/\/elfsight.com\/wp-content\/uploads\/2020\/08\/platform-image-facebook-page.jpg"},{"@type":"BreadcrumbList","@id":"https:\/\/elfsight.com\/es\/facebook-page-widgets\/#breadcrumb","itemListElement":[{"@type":"ListItem","position":1,"name":"Home","item":"https:\/\/elfsight.com\/es\/"},{"@type":"ListItem","position":2,"name":"Facebook Page widgets"}]},{"@type":"WebSite","@id":"https:\/\/elfsight.com\/es\/#website","url":"https:\/\/elfsight.com\/es\/","name":"Elfsight ES","description":"Just another Elfsight Sites site","potentialAction":[{"@type":"SearchAction","target":{"@type":"EntryPoint","urlTemplate":"https:\/\/elfsight.com\/es\/?s={search_term_string}"},"query-input":{"@type":"PropertyValueSpecification","valueRequired":true,"valueName":"search_term_string"}}],"inLanguage":"es"}]}},"meta_box":{"industry":"","seo_heading":"","heading":"","description":"","cta_heading":"","cta_description":"","application":"","h1":"Los mejores widgets para Facebook Page","h1_caption":"Una biblioteca de los mejores plugins gratuitos para Facebook Business Pages. Ayuda con la instalaci\u00f3n y configuraci\u00f3n para la creaci\u00f3n de widgets \u00fanicos.","application_category":[],"applications_title":"Explore la lista de los mejores plugins gratuitos para Facebook.","applications_request_title":"\u00bfNo encuentra el widget indicado?","applications_request_button_text":"Solicite un widget","hero_text":"","hero_video":"","hero_video_schema_markup":"","selling_points_title":"","selling_points_caption":"","selling_points":[],"selling_points_cta_text":"","features_title":"","features":"","ed_cta_examples_text":"","ed_cta_examples_hidden":"","ed_cta_demo_text":"","ed_cta_demo_hidden":"","why_caption":"","why_editor_title":"","why_editor_text":"","why_team_title":"","why_team_text":"","why_service_title":"","why_service_text":"","template_catalog_visible":"","template_catalog_title":"","template_catalog_text":"","template_catalog_categories_visible":"","demo_title":"","demo_caption":"","default_faq_hidden":"","app_template_category":[],"platform":"64","template_public_id":"","codecanyon_url":"","codecanyon_item_id":"","codecanyon_price":"","pricing_caption":"","pricing_elfsight_apps_hide_column":"","pricing_elfsight_apps_url":"","pricing_codecanyon_price_caption":"","integration_category":[],"integration_request_title":"","integration_request_cta":"","integration_platform":"","integrations":[],"platform_category":[],"video_schema_markup":"","price":"","trial":"","benefits":[],"button_url":"","button_target_blank":"","button_nofollow":"","attributes":[],"tags":[],"tags_disable_links":"","hide_more_platforms":"","video_object":"","demo_hide_cta":"","demo_hide_cloud_options":"","pricing_title":"","pricing":[],"related_apps_title":"","related_apps_hidden":"","author":"","image":[],"title":"","job":"","social_networks":[]},"_links":{"self":[{"href":"https:\/\/elfsight.com\/es\/wp-json\/wp\/v2\/pages\/195","targetHints":{"allow":["GET"]}}],"collection":[{"href":"https:\/\/elfsight.com\/es\/wp-json\/wp\/v2\/pages"}],"about":[{"href":"https:\/\/elfsight.com\/es\/wp-json\/wp\/v2\/types\/page"}],"author":[{"embeddable":true,"href":"https:\/\/elfsight.com\/es\/wp-json\/wp\/v2\/users\/13"}],"replies":[{"embeddable":true,"href":"https:\/\/elfsight.com\/es\/wp-json\/wp\/v2\/comments?post=195"}],"version-history":[{"count":7,"href":"https:\/\/elfsight.com\/es\/wp-json\/wp\/v2\/pages\/195\/revisions"}],"predecessor-version":[{"id":4695,"href":"https:\/\/elfsight.com\/es\/wp-json\/wp\/v2\/pages\/195\/revisions\/4695"}],"wp:attachment":[{"href":"https:\/\/elfsight.com\/es\/wp-json\/wp\/v2\/media?parent=195"}],"curies":[{"name":"wp","href":"https:\/\/api.w.org\/{rel}","templated":true}]}}