{"id":19489,"date":"2024-12-19T14:06:12","date_gmt":"2024-12-19T14:06:12","guid":{"rendered":"https:\/\/elfsight.com\/es\/?page_id=19489"},"modified":"2025-09-18T14:19:55","modified_gmt":"2025-09-18T14:19:55","slug":"shopify","status":"publish","type":"page","link":"https:\/\/elfsight.com\/es\/announcement-bar-widget\/shopify\/","title":{"rendered":"Announcement Bar &#8211; Shopify"},"content":{"rendered":"<div class=\"application-platform-content-item-description application-platform-content-item\" id=\"description\" data-nav-section=\"description\"> <p>La aplicaci\u00f3n Barra de anuncios ayuda a las empresas a comunicar claramente notificaciones, promociones y alertas importantes a los visitantes. Es perfecto para informar a los clientes sobre ofertas especiales, lanzamientos de productos o informaci\u00f3n importante, como actualizaciones de env\u00edo.<\/p><p>Mejore la interacci\u00f3n animando a los visitantes a tomar medidas, ya sea para realizar una compra o recibir un cup\u00f3n. Con la configuraci\u00f3n sin c\u00f3digo, la aplicaci\u00f3n se integra perfectamente en su sitio web. Es totalmente personalizable, por lo que puede elegir f\u00e1cilmente el estilo que mejor se adapte a su marca.<\/p><p><b>Dise\u00f1e su barra de anuncios personalizada para obtener una representaci\u00f3n m\u00e1s s\u00f3lida de los mensajes importantes de su empresa.<\/b><\/p><\/div> <div class=\"application-platform-content-item-features application-platform-content-item\" id=\"features\" data-nav-section=\"features\"> <h2>Caracter\u00edsticas de la aplicaci\u00f3n de la barra de anuncios<\/h2> <p>La La aplicaci\u00f3n Shopify Announcement Bar de Elfsight est\u00e1 dise\u00f1ada para aumentar el conocimiento del cliente mostrando notificaciones din\u00e1micas. A continuaci\u00f3n se muestra una lista completa de las caracter\u00edsticas clave de la aplicaci\u00f3n:<\/p><ul><li><b>Configuraci\u00f3n r\u00e1pida y sencilla.<\/b> Puede instalar la aplicaci\u00f3n en su sitio web r\u00e1pidamente y sin esfuerzo, ya que no requiere experiencia t\u00e9cnica ni habilidades de codificaci\u00f3n.<\/li><li><b>Llamativo pero discreto.<\/b> Las opciones de dise\u00f1o personalizables le permiten crear anuncios impactantes que llaman la atenci\u00f3n y garantizan una experiencia de usuario fluida.<\/li><li><b>Aumente las ventas de productos m\u00e1s importantes. Productos.<\/b> Utilice la barra de anuncios para promocionar descuentos, ofertas especiales u ofertas, llamando la atenci\u00f3n de manera efectiva sobre productos espec\u00edficos.<\/li><li><b>Destaque noticias y actualizaciones.<\/b> Comparta informaci\u00f3n sobre nuevos lanzamientos, actualizaciones de productos o pr\u00f3ximos lanzamientos y mantenga a sus visitantes interesados \u200b\u200bcon contenido relevante.<\/li><li><b>Coherencia de marca.<\/b> Personalice cada aspecto de la barra de anuncios para que coincida perfectamente con su dise\u00f1o y marca. Sitio web.<\/li><li><b>Dise\u00f1o personalizable.<\/b> Personalice los elementos de dise\u00f1o, incluidos colores, fuentes y dise\u00f1o, para reflejar su estilo \u00fanico.<\/li><\/ul><p><a href=\"#demo\">Pruebe la demostraci\u00f3n gratuita para ver c\u00f3mo funciona la aplicaci\u00f3n Barra de anuncios<\/a><\/p><\/div> <div class=\"application-platform-content-item-installation application-platform-content-item\" id=\"installation\" data-nav-section=\"installation\"> <h2>\u00bfC\u00f3mo agrego una barra de anuncios a mi sitio web de Shopify?<\/h2><div class=\"\u201cvideo-container\u201d\">\n<iframe width=\"720\" height=\"405\" src=\"https:\/\/www.youtube.com\/embed\/Y--tZGZ7rAw?si=gmT9v-VTJ7ZvLHIP\" frameborder=\"0\" allowfullscreen=\"\"><\/iframe>\n<\/div><p>Para insertar la aplicaci\u00f3n de la barra de anuncios en su sitio web, siga estos pasos r\u00e1pidos:<\/p> <ol><li>Inicie el editor de la aplicaci\u00f3n y seleccione una plantilla que coincida con el estilo de su sitio.<\/li><li>Personalice la aplicaci\u00f3n cambiando su mensaje, acci\u00f3n e im\u00e1genes, bot\u00f3n, posici\u00f3n en la p\u00e1gina, etc. <\/li><li>Guardar Sus cambios y copie el c\u00f3digo HTML generado. Inserta el c\u00f3digo en el CMS de tu sitio web y actualiza la p\u00e1gina.<\/li><\/ol>\u00a1Listo! \u00a1Tu aplicaci\u00f3n de la barra de anuncios de Shopify ya est\u00e1 activa!<p>Para obtener instrucciones detalladas, consulta nuestro art\u00edculo sobre <a href=\"https:\/\/elfsight.com\/blog\/how-to-add-announcement-bar-in-shopify\/\" target=\"_blank\" rel=\"noopener\">c\u00f3mo agregar la aplicaci\u00f3n de la barra de anuncios a Shopify<\/a>.<\/p><p>Si encuentras alg\u00fan problema, simplemente comun\u00edcate con nuestro equipo de atenci\u00f3n al cliente. Estaremos encantados de ayudarte a instalar y personalizar tu aplicaci\u00f3n Barra de anuncios.<\/p><\/div> <h2>Preguntas frecuentes<\/h2><div class=\"faq\" data-component=\"FAQ\"><div class=\"faq-item\">\r\n\t\t\t\t\t<div class=\"faq-item-question\">\r\n\t\t\t\t\t\t<h3 class=\"faq-item-question-text\">\u00bfLa aplicaci\u00f3n Barra de anuncios de Shopify es de uso gratuito?<\/h3>\r\n\r\n\t\t\t\t\t\t<div class=\"faq-item-question-icon\"><\/div>\r\n\t\t\t\t\t<\/div>\r\n\r\n\t\t\t\t\t<div class=\"faq-item-answer\">\r\n\t\t\t\t\t\t<div class=\"faq-item-answer-text\">S\u00ed, hay una opci\u00f3n gratuita disponible que proporciona herramientas b\u00e1sicas. Es adecuado para sitios web peque\u00f1os, empresas con recursos limitados o para realizar pruebas. Los planes pagos est\u00e1n disponibles por tan solo $5 por mes y ofrecen beneficios adicionales.<\/div>\r\n\t\t\t\t\t<\/div>\r\n\t\t\t\t<\/div><div class=\"faq-item\">\r\n\t\t\t\t\t<div class=\"faq-item-question\">\r\n\t\t\t\t\t\t<h3 class=\"faq-item-question-text\">\u00bfQu\u00e9 tipos de aplicaciones de la barra de anuncios puedo agregar a mi sitio?<\/h3>\r\n\r\n\t\t\t\t\t\t<div class=\"faq-item-question-icon\"><\/div>\r\n\t\t\t\t\t<\/div>\r\n\r\n\t\t\t\t\t<div class=\"faq-item-answer\">\r\n\t\t\t\t\t\t<div class=\"faq-item-answer-text\">Algunos ejemplos de barras de anuncios de Shopify incluyen aplicaciones que promueven ofertas de env\u00edo gratis, anuncian actualizaciones o indican una pr\u00f3xima venta. Estas barras pueden ser est\u00e1ticas para una visualizaci\u00f3n ininterrumpida o tener capacidades de desplazamiento para permanecer visibles en todo momento.<\/div>\r\n\t\t\t\t\t<\/div>\r\n\t\t\t\t<\/div><div class=\"faq-item\">\r\n\t\t\t\t\t<div class=\"faq-item-question\">\r\n\t\t\t\t\t\t<h3 class=\"faq-item-question-text\">\u00bfC\u00f3mo edito la aplicaci\u00f3n de la barra de anuncios en el sitio web de Shopify?<\/h3>\r\n\r\n\t\t\t\t\t\t<div class=\"faq-item-question-icon\"><\/div>\r\n\t\t\t\t\t<\/div>\r\n\r\n\t\t\t\t\t<div class=\"faq-item-answer\">\r\n\t\t\t\t\t\t<div class=\"faq-item-answer-text\">Editar la aplicaci\u00f3n de la barra de anuncios es intuitivo con el editor accesible de Elfsight. Puede personalizar el contenido, el dise\u00f1o y la ubicaci\u00f3n para que coincidan con el aspecto general de su sitio web. Las funciones adicionales, como las herramientas de orientaci\u00f3n, le permiten personalizar la barra para llegar de manera efectiva a su audiencia.<\/div>\r\n\t\t\t\t\t<\/div>\r\n\t\t\t\t<\/div><div class=\"faq-item\">\r\n\t\t\t\t\t<div class=\"faq-item-question\">\r\n\t\t\t\t\t\t<h3 class=\"faq-item-question-text\">\u00bfQu\u00e9 otras aplicaciones puedo usar para mejorar la participaci\u00f3n de la audiencia?<\/h3>\r\n\r\n\t\t\t\t\t\t<div class=\"faq-item-question-icon\"><\/div>\r\n\t\t\t\t\t<\/div>\r\n\r\n\t\t\t\t\t<div class=\"faq-item-answer\">\r\n\t\t\t\t\t\t<div class=\"faq-item-answer-text\"><p>Puede crear un <a href=\"https:\/\/elfsight.com\/sales-notification-widget\/shopify\/\" rel=\"noopener\">Agregue una aplicaci\u00f3n de notificaci\u00f3n de ventas<\/a> para mostrar informaci\u00f3n sobre compras recientes, lo cual es \u00fatil para generar confianza en el cliente. La <a href=\"https:\/\/elfsight.com\/popup-widget\/shopify\/\" rel=\"noopener\">aplicaci\u00f3n emergente<\/a> es ideal para promocionar ofertas y animar a los visitantes a actuar. La <a href=\"https:\/\/elfsight.com\/banner-widget\/shopify\/\" rel=\"noopener\">Banner App<\/a> destaca eventos especiales, asegurando la visibilidad de informaci\u00f3n importante.<\/div>\r\n\t\t\t\t\t<\/div>\r\n\t\t\t\t<\/div><\/div>","protected":false},"excerpt":{"rendered":"Preguntas frecuentes","protected":false},"author":9,"featured_media":0,"parent":4927,"menu_order":0,"comment_status":"closed","ping_status":"closed","template":"templates\/template-application-platform.php","meta":{"publish_to_discourse":"","publish_post_category":"","wpdc_auto_publish_overridden":"","wpdc_topic_tags":"","wpdc_pin_topic":"","wpdc_pin_until":"","discourse_post_id":"","discourse_permalink":"","wpdc_publishing_response":"","wpdc_publishing_error":"","footnotes":""},"class_list":["post-19489","page","type-page","status-publish","hentry"],"yoast_head":"<!-- This site is optimized with the Yoast SEO plugin v25.3.1 - https:\/\/yoast.com\/wordpress\/plugins\/seo\/ -->\n<title>La mejor aplicaci\u00f3n de barra de anuncios para Shopify: agr\u00e9guela a su sitio web<\/title>\n<meta name=\"description\" content=\"Aumente la participaci\u00f3n con la aplicaci\u00f3n Elfsight Announcement Bar para Shopify, f\u00e1cil de usar. Resalte las alertas urgentes y motive a los visitantes a actuar.\" \/>\n<meta name=\"robots\" content=\"index, follow, max-snippet:-1, max-image-preview:large, max-video-preview:-1\" \/>\n<link rel=\"canonical\" href=\"https:\/\/elfsight.com\/es\/announcement-bar-widget\/shopify\/\" \/>\n<meta property=\"og:locale\" content=\"es_ES\" \/>\n<meta property=\"og:type\" content=\"article\" \/>\n<meta property=\"og:title\" content=\"La mejor aplicaci\u00f3n de barra de anuncios para Shopify: agr\u00e9guela a su sitio web\" \/>\n<meta property=\"og:description\" content=\"Aumente la participaci\u00f3n con la aplicaci\u00f3n Elfsight Announcement Bar para Shopify, f\u00e1cil de usar. Resalte las alertas urgentes y motive a los visitantes a actuar.\" \/>\n<meta property=\"og:url\" content=\"https:\/\/elfsight.com\/es\/announcement-bar-widget\/shopify\/\" \/>\n<meta property=\"og:site_name\" content=\"Elfsight ES\" \/>\n<meta property=\"article:modified_time\" content=\"2025-09-18T14:19:55+00:00\" \/>\n<meta name=\"twitter:card\" content=\"summary_large_image\" \/>\n<meta name=\"twitter:label1\" content=\"Tiempo de lectura\" \/>\n\t<meta name=\"twitter:data1\" content=\"4 minutos\" \/>\n<!-- \/ Yoast SEO plugin. -->","yoast_head_json":{"title":"La mejor aplicaci\u00f3n de barra de anuncios para Shopify: agr\u00e9guela a su sitio web","description":"Aumente la participaci\u00f3n con la aplicaci\u00f3n Elfsight Announcement Bar para Shopify, f\u00e1cil de usar. Resalte las alertas urgentes y motive a los visitantes a actuar.","robots":{"index":"index","follow":"follow","max-snippet":"max-snippet:-1","max-image-preview":"max-image-preview:large","max-video-preview":"max-video-preview:-1"},"canonical":"https:\/\/elfsight.com\/es\/announcement-bar-widget\/shopify\/","og_locale":"es_ES","og_type":"article","og_title":"La mejor aplicaci\u00f3n de barra de anuncios para Shopify: agr\u00e9guela a su sitio web","og_description":"Aumente la participaci\u00f3n con la aplicaci\u00f3n Elfsight Announcement Bar para Shopify, f\u00e1cil de usar. Resalte las alertas urgentes y motive a los visitantes a actuar.","og_url":"https:\/\/elfsight.com\/es\/announcement-bar-widget\/shopify\/","og_site_name":"Elfsight ES","article_modified_time":"2025-09-18T14:19:55+00:00","twitter_card":"summary_large_image","twitter_misc":{"Tiempo de lectura":"4 minutos"},"schema":{"@context":"https:\/\/schema.org","@graph":[{"@type":"WebPage","@id":"https:\/\/elfsight.com\/es\/announcement-bar-widget\/shopify\/","url":"https:\/\/elfsight.com\/es\/announcement-bar-widget\/shopify\/","name":"La mejor aplicaci\u00f3n de barra de anuncios para Shopify: agr\u00e9guela a su sitio web","isPartOf":{"@id":"https:\/\/elfsight.com\/es\/#website"},"datePublished":"2024-12-19T14:06:12+00:00","dateModified":"2025-09-18T14:19:55+00:00","description":"Aumente la participaci\u00f3n con la aplicaci\u00f3n Elfsight Announcement Bar para Shopify, f\u00e1cil de usar. Resalte las alertas urgentes y motive a los visitantes a actuar.","breadcrumb":{"@id":"https:\/\/elfsight.com\/es\/announcement-bar-widget\/shopify\/#breadcrumb"},"inLanguage":"es","potentialAction":[{"@type":"ReadAction","target":["https:\/\/elfsight.com\/es\/announcement-bar-widget\/shopify\/"]}]},{"@type":"BreadcrumbList","@id":"https:\/\/elfsight.com\/es\/announcement-bar-widget\/shopify\/#breadcrumb","itemListElement":[{"@type":"ListItem","position":1,"name":"Home","item":"https:\/\/elfsight.com\/es\/"},{"@type":"ListItem","position":2,"name":"Announcement Bar","item":"https:\/\/elfsight.com\/es\/announcement-bar-widget\/"},{"@type":"ListItem","position":3,"name":"Announcement Bar &#8211; Shopify"}]},{"@type":"WebSite","@id":"https:\/\/elfsight.com\/es\/#website","url":"https:\/\/elfsight.com\/es\/","name":"Elfsight ES","description":"Just another Elfsight Sites site","potentialAction":[{"@type":"SearchAction","target":{"@type":"EntryPoint","urlTemplate":"https:\/\/elfsight.com\/es\/?s={search_term_string}"},"query-input":{"@type":"PropertyValueSpecification","valueRequired":true,"valueName":"search_term_string"}}],"inLanguage":"es"}]}},"meta_box":{"industry":"","seo_heading":"","heading":"","description":"","cta_heading":"","cta_description":"","application":"4885","h1":"Aplicaci\u00f3n de barra de anuncios de Shopify","h1_caption":"Agrega la aplicaci\u00f3n Barra de anuncios a tu sitio Shopify para resaltar actualizaciones importantes en tiempo real para aumentar la confianza y el compromiso del cliente.","application_category":[],"applications_title":"","applications_request_title":"","applications_request_button_text":"","hero_text":"","hero_video":"","hero_video_schema_markup":"","selling_points_title":"","selling_points_caption":"","selling_points":[],"selling_points_cta_text":"","features_title":"","features":"","ed_cta_examples_text":"","ed_cta_examples_hidden":"","ed_cta_demo_text":"","ed_cta_demo_hidden":"","why_caption":"","why_editor_title":"","why_editor_text":"","why_team_title":"","why_team_text":"","why_service_title":"","why_service_text":"","template_catalog_visible":"0","template_catalog_title":"","template_catalog_text":"","template_catalog_categories_visible":"","demo_title":"Crea una aplicaci\u00f3n de barra de anuncios de Shopify","demo_caption":"Crea tu aplicaci\u00f3n Barra de anuncios y agr\u00e9gala a tu sitio web de Shopify de forma gratuita.","default_faq_hidden":"","app_template_category":[],"platform":"91","template_public_id":"","codecanyon_url":"","codecanyon_item_id":"","codecanyon_price":"","pricing_caption":"","pricing_elfsight_apps_hide_column":"","pricing_elfsight_apps_url":"","pricing_codecanyon_price_caption":"","integration_category":[],"integration_request_title":"","integration_request_cta":"","integration_platform":"","integrations":[],"platform_category":[],"video_schema_markup":"","price":"","trial":"","benefits":[{"text":"Servicio de instalaci\u00f3n gratuito"},{"text":"Servicio al cliente competente"},{"text":"Garant\u00eda de devoluci\u00f3n de dinero de 14 d\u00edas"},{"text":"Desarrollo continuo"}],"button_url":"#demo","button_target_blank":"0","button_nofollow":"0","attributes":[{"name":"Instalado","content":"1,000 - 5,000","_state":"expanded"},{"name":"Sensible","content":"S\u00ed","_state":"expanded"},{"name":"Navegadores compatibles","content":"Firefox, Safari, Opera, Chrome, Edge","_state":"expanded"}],"tags":[],"tags_disable_links":"0","hide_more_platforms":"0","video_object":"","demo_hide_cta":"0","demo_hide_cloud_options":"0","pricing_title":"","pricing":[{"pricing_icon":"platform","pricing_title":"Elfsight Apps","pricing_title_caption":"Versi\u00f3n multiplataforma ","pricing_price":"Desde $0\/mes","pricing_price_caption":"Comience con un plan gratuito","pricing_button_text":"A\u00f1adir al sitio web","pricing_button_url":"#demo"}],"related_apps_title":"","related_apps_hidden":"0","author":"","image":[],"title":"","job":"","social_networks":[]},"_links":{"self":[{"href":"https:\/\/elfsight.com\/es\/wp-json\/wp\/v2\/pages\/19489","targetHints":{"allow":["GET"]}}],"collection":[{"href":"https:\/\/elfsight.com\/es\/wp-json\/wp\/v2\/pages"}],"about":[{"href":"https:\/\/elfsight.com\/es\/wp-json\/wp\/v2\/types\/page"}],"author":[{"embeddable":true,"href":"https:\/\/elfsight.com\/es\/wp-json\/wp\/v2\/users\/9"}],"replies":[{"embeddable":true,"href":"https:\/\/elfsight.com\/es\/wp-json\/wp\/v2\/comments?post=19489"}],"version-history":[{"count":2,"href":"https:\/\/elfsight.com\/es\/wp-json\/wp\/v2\/pages\/19489\/revisions"}],"predecessor-version":[{"id":19954,"href":"https:\/\/elfsight.com\/es\/wp-json\/wp\/v2\/pages\/19489\/revisions\/19954"}],"up":[{"embeddable":true,"href":"https:\/\/elfsight.com\/es\/wp-json\/wp\/v2\/pages\/4927"}],"wp:attachment":[{"href":"https:\/\/elfsight.com\/es\/wp-json\/wp\/v2\/media?parent=19489"}],"curies":[{"name":"wp","href":"https:\/\/api.w.org\/{rel}","templated":true}]}}