{"id":19488,"date":"2024-12-20T08:05:42","date_gmt":"2024-12-20T08:05:42","guid":{"rendered":"https:\/\/elfsight.com\/es\/?page_id=19488"},"modified":"2025-09-19T11:04:22","modified_gmt":"2025-09-19T11:04:22","slug":"squarespace","status":"publish","type":"page","link":"https:\/\/elfsight.com\/es\/announcement-bar-widget\/squarespace\/","title":{"rendered":"Announcement Bar &#8211; Squarespace"},"content":{"rendered":"<div class=\"application-platform-content-item-description application-platform-content-item\" id=\"description\" data-nav-section=\"description\"> <p>El complemento Barra de anuncios ayuda a las empresas a mostrar mensajes importantes a los visitantes de una manera destacada y llamativa. Es perfecto para informar a los clientes sobre ofertas exclusivas, pr\u00f3ximas ofertas especiales o detalles urgentes como actualizaciones de env\u00edo. <p>Mejore la participaci\u00f3n animando a los visitantes a realizar una acci\u00f3n, ya sea realizar una compra o registrarse para una promoci\u00f3n. Con la configuraci\u00f3n sin c\u00f3digo, el complemento se integra perfectamente en su sitio web. Es totalmente personalizable, por lo que puedes elegir f\u00e1cilmente el estilo que mejor se adapte a tu marca.<\/p><p><b>Mejora la visibilidad de tus mensajes clave para aumentar la confianza del cliente con la barra de anuncios.<\/b><\/p><\/div> <div class=\"application-platform-content-item-features application-platform-content-item\" id=\"features\" data-nav-section=\"features\"> <h2>Caracter\u00edsticas del complemento de la barra de anuncios<\/h2> <p> El complemento de la barra de anuncios de Elfsight est\u00e1 dise\u00f1ado para aumentar la efectividad de la publicidad al presentar notificaciones din\u00e1micas de actualizaciones importantes. A continuaci\u00f3n se muestra una lista detallada de las caracter\u00edsticas clave del complemento:<\/p><ul><li><b>Configuraci\u00f3n r\u00e1pida y sencilla.<\/b> Configuraci\u00f3n sin esfuerzo y f\u00e1cil integraci\u00f3n, lo que le permite implementar la aplicaci\u00f3n en su sitio web sin ning\u00fan conocimiento t\u00e9cnico.<\/li><li><b>Llamativo pero no intrusivo.<\/b> Las opciones de dise\u00f1o personalizables le permiten crear anuncios impactantes manteniendo una experiencia f\u00e1cil de usar.<\/li><li><b>Aumentar las ventas de productos clave.<\/b> Beneficios Utilice la barra de anuncios para mostrar ofertas y promociones exclusivas, llamando efectivamente la atenci\u00f3n sobre art\u00edculos espec\u00edficos.<\/li><li><b>Destaque noticias y actualizaciones.<\/b> Muestre nuevos lanzamientos, adiciones o actualizaciones de productos existentes y mantenga a sus visitantes interesados \u200b\u200bcon contenido nuevo y relevante.<\/li><li><b>Consistencia de marca.<\/b> Totalmente personalizable para que coincida con la apariencia de su sitio web, creando una experiencia fluida y cohesiva para su audiencia. <\/li><li><b>Dise\u00f1o personalizable.<\/b> Personalice f\u00e1cilmente plantillas, colores y contenido para adaptarlos a la identidad de su marca y mantener una apariencia profesional.<\/li><\/ul><p><a href=\"#demo\">Pruebe el editor en l\u00ednea para ver c\u00f3mo funciona el complemento<\/a><\/p><\/div> <div class=\"application-platform-content-item-installation application-platform-content-item\" id=\"installation\" data-nav-section=\"installation\"> <h2>\u00bfC\u00f3mo agregar una barra de anuncios en Squarespace?<\/h2><div class=\"video-container\">\n<iframe width=\"720\" height=\"405\" src=\"https:\/\/www.youtube.com\/embed\/Y3tGoL_JO9U?si=4dTRB5A2RSdYtupt\" frameborder=\"0\" allowfullscreen=\"\"><\/iframe>\n<\/div><p>Para colocar el complemento de la barra de anuncios en su sitio web, siga estos sencillos pasos:<\/p> <ol><li>Inicie el editor del complemento y seleccione una plantilla que coincida con el estilo de su sitio.<\/li><li>Personalice el complemento actualizando su mensaje, acci\u00f3n y elementos visuales, bot\u00f3n, posici\u00f3n en la p\u00e1gina, etc.<\/li><li>Mantenga su Realice cambios y copie el c\u00f3digo HTML proporcionado. Coloca el c\u00f3digo en el editor de tu sitio web y aplica los cambios.<\/li><\/ol><p>\u00a1Entendido! \u00a1Tu complemento de la barra de anuncios de Squarespace ya est\u00e1 activo!<\/p><p>Para obtener instrucciones detalladas, consulta nuestro art\u00edculo sobre <a href=\"https:\/\/elfsight.com\/blog\/how-to-add-announcement-bar-on-squarespace\/\" target=\"_blank\" rel=\"noopener\">c\u00f3mo agregar el complemento de la barra de anuncios a Squarespace<\/a>.<\/p><p>Si tienes alg\u00fan problema para insertar el complemento en tu sitio web, Simplemente comun\u00edquese con nuestro equipo de atenci\u00f3n al cliente. Estaremos encantados de ayudarte a agregar y personalizar tu complemento de la barra de anuncios.<\/p><\/div><h2>Preguntas frecuentes<\/h2><div class=\"faq\" data-component=\"FAQ\"><div class=\"faq-item\">\r\n\t\t\t\t\t<div class=\"faq-item-question\">\r\n\t\t\t\t\t\t<h3 class=\"faq-item-question-text\">\u00bfEl complemento de la barra de anuncios de Squarespace es de uso gratuito?<\/h3>\r\n\r\n\t\t\t\t\t\t<div class=\"faq-item-question-icon\"><\/div>\r\n\t\t\t\t\t<\/div>\r\n\r\n\t\t\t\t\t<div class=\"faq-item-answer\">\r\n\t\t\t\t\t\t<div class=\"faq-item-answer-text\">S\u00ed, existe un plan gratuito que ofrece funciones principales, ideal para sitios web m\u00e1s peque\u00f1os o con fines de prueba. Los planes pagos comienzan en $5 por mes y desbloquean funciones adicionales.<\/div>\r\n\t\t\t\t\t<\/div>\r\n\t\t\t\t<\/div><div class=\"faq-item\">\r\n\t\t\t\t\t<div class=\"faq-item-question\">\r\n\t\t\t\t\t\t<h3 class=\"faq-item-question-text\">\u00bfQu\u00e9 tipos de complementos de barra de anuncios puedo agregar a mi sitio web?<\/h3>\r\n\r\n\t\t\t\t\t\t<div class=\"faq-item-question-icon\"><\/div>\r\n\t\t\t\t\t<\/div>\r\n\r\n\t\t\t\t\t<div class=\"faq-item-answer\">\r\n\t\t\t\t\t\t<div class=\"faq-item-answer-text\">Puedes agregar diferentes tipos de barras de anuncios, como por ejemplo: Por ejemplo, aquellos que anuncian env\u00edo gratuito, muestran actualizaciones importantes o promocionan las ventas actuales. Las barras pueden ser est\u00e1ticas para garantizar una visibilidad constante o flotantes para permanecer enfocadas en todo momento.<\/div>\r\n\t\t\t\t\t<\/div>\r\n\t\t\t\t<\/div><div class=\"faq-item\">\r\n\t\t\t\t\t<div class=\"faq-item-question\">\r\n\t\t\t\t\t\t<h3 class=\"faq-item-question-text\">\u00bfC\u00f3mo edito la barra de anuncios en Squarespace?<\/h3>\r\n\r\n\t\t\t\t\t\t<div class=\"faq-item-question-icon\"><\/div>\r\n\t\t\t\t\t<\/div>\r\n\r\n\t\t\t\t\t<div class=\"faq-item-answer\">\r\n\t\t\t\t\t\t<div class=\"faq-item-answer-text\">El complemento de la barra de anuncios se puede editar f\u00e1cilmente usando el editor intuitivo de Elfsight. Puede personalizar el texto, el dise\u00f1o y la posici\u00f3n para que coincidan con la apariencia de su sitio web. Al usar funciones como la programaci\u00f3n, puedes programar la barra para que aparezca para lograr el m\u00e1ximo impacto.<\/div>\r\n\t\t\t\t\t<\/div>\r\n\t\t\t\t<\/div><div class=\"faq-item\">\r\n\t\t\t\t\t<div class=\"faq-item-question\">\r\n\t\t\t\t\t\t<h3 class=\"faq-item-question-text\">\u00bfQu\u00e9 otros complementos puedo usar para mejorar la participaci\u00f3n de la audiencia?<\/h3>\r\n\r\n\t\t\t\t\t\t<div class=\"faq-item-question-icon\"><\/div>\r\n\t\t\t\t\t<\/div>\r\n\r\n\t\t\t\t\t<div class=\"faq-item-answer\">\r\n\t\t\t\t\t\t<div class=\"faq-item-answer-text\">Puedes usar un <a href=\"https:\/\/elfsight.com\/sales-notification-widget\/squarespace\/\" rel=\"noopener\">Agregue un widget de notificaci\u00f3n de ventas<\/a> para mostrar las promociones de los clientes y aumentar la confianza. El <a href=\"https:\/\/elfsight.com\/popup-widget\/squarespace\/\" rel=\"noopener\">Popup Widget<\/a> es una excelente herramienta para recopilar clientes potenciales y animar a los usuarios a explorar sus ofertas. El <a href=\"https:\/\/elfsight.com\/banner-widget\/squarespace\/\" rel=\"noopener\">Banner Widget<\/a> te ayuda a resaltar informaci\u00f3n importante y garantizar que tu audiencia la note.<\/div>\r\n\t\t\t\t\t<\/div>\r\n\t\t\t\t<\/div><\/div>","protected":false},"excerpt":{"rendered":"Preguntas frecuentes","protected":false},"author":9,"featured_media":0,"parent":4927,"menu_order":0,"comment_status":"closed","ping_status":"closed","template":"templates\/template-application-platform.php","meta":{"publish_to_discourse":"","publish_post_category":"","wpdc_auto_publish_overridden":"","wpdc_topic_tags":"","wpdc_pin_topic":"","wpdc_pin_until":"","discourse_post_id":"","discourse_permalink":"","wpdc_publishing_response":"","wpdc_publishing_error":"","footnotes":""},"class_list":["post-19488","page","type-page","status-publish","hentry"],"yoast_head":"<!-- This site is optimized with the Yoast SEO plugin v25.3.1 - https:\/\/yoast.com\/wordpress\/plugins\/seo\/ -->\n<title>Complemento de la barra de anuncios de Squarespace: agregar al sitio<\/title>\n<meta name=\"description\" content=\"Mejore la interacci\u00f3n con el complemento de la barra de anuncios de Elfsight sin c\u00f3digo. Presente mensajes clave para captar la atenci\u00f3n de los visitantes y animarlos a actuar.\" \/>\n<meta name=\"robots\" content=\"index, follow, max-snippet:-1, max-image-preview:large, max-video-preview:-1\" \/>\n<link rel=\"canonical\" href=\"https:\/\/elfsight.com\/es\/announcement-bar-widget\/squarespace\/\" \/>\n<meta property=\"og:locale\" content=\"es_ES\" \/>\n<meta property=\"og:type\" content=\"article\" \/>\n<meta property=\"og:title\" content=\"Complemento de la barra de anuncios de Squarespace: agregar al sitio\" \/>\n<meta property=\"og:description\" content=\"Mejore la interacci\u00f3n con el complemento de la barra de anuncios de Elfsight sin c\u00f3digo. Presente mensajes clave para captar la atenci\u00f3n de los visitantes y animarlos a actuar.\" \/>\n<meta property=\"og:url\" content=\"https:\/\/elfsight.com\/es\/announcement-bar-widget\/squarespace\/\" \/>\n<meta property=\"og:site_name\" content=\"Elfsight ES\" \/>\n<meta property=\"article:modified_time\" content=\"2025-09-19T11:04:22+00:00\" \/>\n<meta name=\"twitter:card\" content=\"summary_large_image\" \/>\n<meta name=\"twitter:label1\" content=\"Tiempo de lectura\" \/>\n\t<meta name=\"twitter:data1\" content=\"4 minutos\" \/>\n<!-- \/ Yoast SEO plugin. -->","yoast_head_json":{"title":"Complemento de la barra de anuncios de Squarespace: agregar al sitio","description":"Mejore la interacci\u00f3n con el complemento de la barra de anuncios de Elfsight sin c\u00f3digo. Presente mensajes clave para captar la atenci\u00f3n de los visitantes y animarlos a actuar.","robots":{"index":"index","follow":"follow","max-snippet":"max-snippet:-1","max-image-preview":"max-image-preview:large","max-video-preview":"max-video-preview:-1"},"canonical":"https:\/\/elfsight.com\/es\/announcement-bar-widget\/squarespace\/","og_locale":"es_ES","og_type":"article","og_title":"Complemento de la barra de anuncios de Squarespace: agregar al sitio","og_description":"Mejore la interacci\u00f3n con el complemento de la barra de anuncios de Elfsight sin c\u00f3digo. Presente mensajes clave para captar la atenci\u00f3n de los visitantes y animarlos a actuar.","og_url":"https:\/\/elfsight.com\/es\/announcement-bar-widget\/squarespace\/","og_site_name":"Elfsight ES","article_modified_time":"2025-09-19T11:04:22+00:00","twitter_card":"summary_large_image","twitter_misc":{"Tiempo de lectura":"4 minutos"},"schema":{"@context":"https:\/\/schema.org","@graph":[{"@type":"WebPage","@id":"https:\/\/elfsight.com\/es\/announcement-bar-widget\/squarespace\/","url":"https:\/\/elfsight.com\/es\/announcement-bar-widget\/squarespace\/","name":"Complemento de la barra de anuncios de Squarespace: agregar al sitio","isPartOf":{"@id":"https:\/\/elfsight.com\/es\/#website"},"datePublished":"2024-12-20T08:05:42+00:00","dateModified":"2025-09-19T11:04:22+00:00","description":"Mejore la interacci\u00f3n con el complemento de la barra de anuncios de Elfsight sin c\u00f3digo. Presente mensajes clave para captar la atenci\u00f3n de los visitantes y animarlos a actuar.","breadcrumb":{"@id":"https:\/\/elfsight.com\/es\/announcement-bar-widget\/squarespace\/#breadcrumb"},"inLanguage":"es","potentialAction":[{"@type":"ReadAction","target":["https:\/\/elfsight.com\/es\/announcement-bar-widget\/squarespace\/"]}]},{"@type":"BreadcrumbList","@id":"https:\/\/elfsight.com\/es\/announcement-bar-widget\/squarespace\/#breadcrumb","itemListElement":[{"@type":"ListItem","position":1,"name":"Home","item":"https:\/\/elfsight.com\/es\/"},{"@type":"ListItem","position":2,"name":"Announcement Bar","item":"https:\/\/elfsight.com\/es\/announcement-bar-widget\/"},{"@type":"ListItem","position":3,"name":"Announcement Bar &#8211; Squarespace"}]},{"@type":"WebSite","@id":"https:\/\/elfsight.com\/es\/#website","url":"https:\/\/elfsight.com\/es\/","name":"Elfsight ES","description":"Just another Elfsight Sites site","potentialAction":[{"@type":"SearchAction","target":{"@type":"EntryPoint","urlTemplate":"https:\/\/elfsight.com\/es\/?s={search_term_string}"},"query-input":{"@type":"PropertyValueSpecification","valueRequired":true,"valueName":"search_term_string"}}],"inLanguage":"es"}]}},"meta_box":{"industry":"","seo_heading":"","heading":"","description":"","cta_heading":"","cta_description":"","application":"4885","h1":"Complemento de barra de anuncios de Squarespace","h1_caption":"Agregue el complemento de la barra de anuncios a su sitio web de Squarespace para resaltar actualizaciones importantes en tiempo real y aumentar la confianza y el compromiso de los clientes.","application_category":[],"applications_title":"","applications_request_title":"","applications_request_button_text":"","hero_text":"","hero_video":"","hero_video_schema_markup":"","selling_points_title":"","selling_points_caption":"","selling_points":[],"selling_points_cta_text":"","features_title":"","features":"","ed_cta_examples_text":"","ed_cta_examples_hidden":"","ed_cta_demo_text":"","ed_cta_demo_hidden":"","why_caption":"","why_editor_title":"","why_editor_text":"","why_team_title":"","why_team_text":"","why_service_title":"","why_service_text":"","template_catalog_visible":"0","template_catalog_title":"","template_catalog_text":"","template_catalog_categories_visible":"","demo_title":"Crear un complemento de barra de anuncios de Squarespace","demo_caption":"Crea el complemento de barra de anuncios de tu sitio web de Squarespace de forma gratuita.","default_faq_hidden":"","app_template_category":[],"platform":"100","template_public_id":"","codecanyon_url":"","codecanyon_item_id":"","codecanyon_price":"","pricing_caption":"","pricing_elfsight_apps_hide_column":"","pricing_elfsight_apps_url":"","pricing_codecanyon_price_caption":"","integration_category":[],"integration_request_title":"","integration_request_cta":"","integration_platform":"","integrations":[],"platform_category":[],"video_schema_markup":"","price":"","trial":"","benefits":[{"text":"Servicio de instalaci\u00f3n gratuito"},{"text":"Atenci\u00f3n al cliente experimentada"},{"text":"Garant\u00eda de devoluci\u00f3n de dinero de 14 d\u00edas"},{"text":"Mejoras gratuitas continuas"}],"button_url":"#demo","button_target_blank":"0","button_nofollow":"0","attributes":[{"name":"Instalado","content":"1,000 - 5,000","_state":"expanded"},{"name":"Sensible","content":"S\u00ed","_state":"expanded"},{"name":"Navegadores compatibles","content":"Firefox, Safari, Opera, Chrome, Edge","_state":"expanded"}],"tags":[],"tags_disable_links":"0","hide_more_platforms":"0","video_object":"","demo_hide_cta":"0","demo_hide_cloud_options":"0","pricing_title":"","pricing":[{"pricing_icon":"platform","pricing_title":"Elfsight Apps","pricing_title_caption":"Versi\u00f3n independiente de plataforma ","pricing_price":"Desde $0\/mes","pricing_price_caption":"Comience con un plan gratuito","pricing_button_text":"A\u00f1adir al sitio web","pricing_button_url":"#demo"}],"related_apps_title":"","related_apps_hidden":"0","author":"","image":[],"title":"","job":"","social_networks":[]},"_links":{"self":[{"href":"https:\/\/elfsight.com\/es\/wp-json\/wp\/v2\/pages\/19488","targetHints":{"allow":["GET"]}}],"collection":[{"href":"https:\/\/elfsight.com\/es\/wp-json\/wp\/v2\/pages"}],"about":[{"href":"https:\/\/elfsight.com\/es\/wp-json\/wp\/v2\/types\/page"}],"author":[{"embeddable":true,"href":"https:\/\/elfsight.com\/es\/wp-json\/wp\/v2\/users\/9"}],"replies":[{"embeddable":true,"href":"https:\/\/elfsight.com\/es\/wp-json\/wp\/v2\/comments?post=19488"}],"version-history":[{"count":2,"href":"https:\/\/elfsight.com\/es\/wp-json\/wp\/v2\/pages\/19488\/revisions"}],"predecessor-version":[{"id":19956,"href":"https:\/\/elfsight.com\/es\/wp-json\/wp\/v2\/pages\/19488\/revisions\/19956"}],"up":[{"embeddable":true,"href":"https:\/\/elfsight.com\/es\/wp-json\/wp\/v2\/pages\/4927"}],"wp:attachment":[{"href":"https:\/\/elfsight.com\/es\/wp-json\/wp\/v2\/media?parent=19488"}],"curies":[{"name":"wp","href":"https:\/\/api.w.org\/{rel}","templated":true}]}}