{"id":19487,"date":"2024-12-20T08:22:48","date_gmt":"2024-12-20T08:22:48","guid":{"rendered":"https:\/\/elfsight.com\/es\/?page_id=19487"},"modified":"2025-09-23T09:05:51","modified_gmt":"2025-09-23T09:05:51","slug":"wix","status":"publish","type":"page","link":"https:\/\/elfsight.com\/es\/announcement-bar-widget\/wix\/","title":{"rendered":"Announcement Bar &#8211; Wix"},"content":{"rendered":"<div class=\"application-platform-content-item-description application-platform-content-item\" id=\"description\" data-nav-section=\"description\"> <p>La aplicaci\u00f3n Barra de anuncios ayuda a las empresas a compartir notificaciones importantes con los visitantes de una manera destacada y que llame la atenci\u00f3n. Es excelente para informar a los clientes sobre nuevas ofertas, pr\u00f3ximas ventas o detalles urgentes como el estado del env\u00edo. <\/p><p>Aumente la participaci\u00f3n animando a los visitantes a realizar alguna acci\u00f3n, ya sea realizar una compra o leer una actualizaci\u00f3n. Con la configuraci\u00f3n sin c\u00f3digo, la aplicaci\u00f3n se integra perfectamente en su sitio web. Es completamente personalizable, por lo que puedes elegir f\u00e1cilmente el estilo que mejor se adapte a tu marca.<\/p><p><b>Crea una barra de anuncios de Wix personalizada para resaltar mejor las notificaciones importantes de tu empresa.<\/b><\/p><\/div> <div class=\"application-platform-content-item-features application-platform-content-item\" id=\"features\" data-nav-section=\"features\"> <h2>Caracter\u00edsticas de la aplicaci\u00f3n de la barra de anuncios<\/h2> <p>La La aplicaci\u00f3n Barra de anuncios de Elfsight est\u00e1 dise\u00f1ada para aumentar la participaci\u00f3n del usuario mostrando notificaciones din\u00e1micas de noticias importantes. Esta herramienta vers\u00e1til no s\u00f3lo genera confianza al mostrar informaci\u00f3n importante, sino que tambi\u00e9n anima a los visitantes a actuar con alertas espec\u00edficas. A continuaci\u00f3n se muestra una lista completa de las caracter\u00edsticas clave de la aplicaci\u00f3n:<\/p><ul><li><b>Configuraci\u00f3n r\u00e1pida y sencilla.<\/b> Configuraci\u00f3n sencilla y no t\u00e9cnica que permite una implementaci\u00f3n r\u00e1pida en su sitio web.<\/li><li><b>Llamativo pero no intrusivo.<\/b> Las opciones de visibilidad personalizables le permiten crear anuncios impactantes al mismo tiempo que garantizan una experiencia perfecta.<\/li><li><b>Aumente las ventas de productos clave.<\/b> Promocione ofertas exclusivas directamente desde la aplicaci\u00f3n Barra de anuncios para aumentar las conversiones en categor\u00edas de productos espec\u00edficas.<\/li><li><b>Destaque noticias y actualizaciones.<\/b> Anuncie nuevos lanzamientos o actualizaciones de productos existentes y mantenga a los visitantes informados con contenido nuevo y relevante.<\/li><li><b>Coherencia de marca.<\/b> Opciones de personalizaci\u00f3n completas para adaptarse perfectamente a la apariencia de su sitio web y garantizar una experiencia de usuario coherente y fluida. aseg\u00farese.<\/li><li><b>Dise\u00f1o personalizable.<\/b> Plantillas, fuentes y dise\u00f1os totalmente personalizables que se adaptan a su identidad de marca \u00fanica.<\/li><\/ul><p><a href=\"#demo\">Consulte el sencillo editor para ver c\u00f3mo funciona la aplicaci\u00f3n<\/a><\/p><\/div> <div class=\"application-platform-content-item-installation application-platform-content-item\" id=\"installation\" data-nav-section=\"installation\"> <h2>C\u00f3mo agregar \u00bfC\u00f3mo agrego una barra de anuncios en Wix?<\/h2><div class=\"video-container\">\n<iframe width=\"720\" height=\"405\" src=\"https:\/\/www.youtube.com\/embed\/BolIySu9bo4?si=BiBE5_ztnDgBHMIi\" frameborder=\"0\" allowfullscreen=\"\"><\/iframe>\n<\/div><p>Para colocar la aplicaci\u00f3n de la barra de anuncios en tu sitio web, sigue estos pasos r\u00e1pidos:<\/p> <ol><li>Inicia el editor de aplicaciones y selecciona una plantilla que coincida con el estilo de tu sitio.<\/li><li>Personaliza la aplicaci\u00f3n cambiando su mensaje, acci\u00f3n e im\u00e1genes, bot\u00f3n, posici\u00f3n en la p\u00e1gina, etc.<\/li><li>Guarda tus cambios y copia el fragmento HTML generado. Pega el c\u00f3digo en el editor de tu sitio web y aplica los cambios.<\/li><\/ol><p>\u00a1Entendido! \u00a1Tu aplicaci\u00f3n Wix Announcement Bar ya est\u00e1 activa!<\/p><p>Para obtener instrucciones detalladas, consulta nuestro art\u00edculo sobre <a href=\"https:\/\/elfsight.com\/blog\/how-to-add-announcement-bar-in-wix\/\" target=\"_blank\" rel=\"noopener\">c\u00f3mo agregar la aplicaci\u00f3n Announcement Bar a Wix<\/a>.<\/p><p>Si tienes problemas para insertar la aplicaci\u00f3n en un sitio web, aseg\u00farate de hacerlo P\u00f3ngase en contacto con nuestro equipo de atenci\u00f3n al cliente. Estaremos encantados de ayudarte a agregar y personalizar tu barra de anuncios.<\/p><\/div> <h2>Preguntas frecuentes<\/h2><div class=\"faq\" data-component=\"FAQ\"><div class=\"faq-item\">\r\n\t\t\t\t\t<div class=\"faq-item-question\">\r\n\t\t\t\t\t\t<h3 class=\"faq-item-question-text\">\u00bfLa aplicaci\u00f3n de la barra de anuncios de Wix es de uso gratuito?<\/h3>\r\n\r\n\t\t\t\t\t\t<div class=\"faq-item-question-icon\"><\/div>\r\n\t\t\t\t\t<\/div>\r\n\r\n\t\t\t\t\t<div class=\"faq-item-answer\">\r\n\t\t\t\t\t\t<div class=\"faq-item-answer-text\">S\u00ed, hay un plan gratuito disponible que ofrece funciones b\u00e1sicas perfectas para sitios web compactos o para pruebas. Los planes pagos comienzan en $5 por mes y ofrecen funciones adicionales.<\/div>\r\n\t\t\t\t\t<\/div>\r\n\t\t\t\t<\/div><div class=\"faq-item\">\r\n\t\t\t\t\t<div class=\"faq-item-question\">\r\n\t\t\t\t\t\t<h3 class=\"faq-item-question-text\">\u00bfQu\u00e9 tipos de aplicaciones de barra de anuncios puedo agregar a mi sitio web?<\/h3>\r\n\r\n\t\t\t\t\t\t<div class=\"faq-item-question-icon\"><\/div>\r\n\t\t\t\t\t<\/div>\r\n\r\n\t\t\t\t\t<div class=\"faq-item-answer\">\r\n\t\t\t\t\t\t<div class=\"faq-item-answer-text\">Puedes crear diferentes barras de anuncios, como: B. aquellos que informan sobre ofertas de env\u00edo gratuito, anuncian novedades o destacan una venta en curso. Estas barras pueden ser est\u00e1ticas para una visualizaci\u00f3n ininterrumpida o tener capacidades de desplazamiento para estar visibles en todo momento.<\/div>\r\n\t\t\t\t\t<\/div>\r\n\t\t\t\t<\/div><div class=\"faq-item\">\r\n\t\t\t\t\t<div class=\"faq-item-question\">\r\n\t\t\t\t\t\t<h3 class=\"faq-item-question-text\">\u00bfC\u00f3mo edito la aplicaci\u00f3n Barra de anuncios en el sitio web de Wix?<\/h3>\r\n\r\n\t\t\t\t\t\t<div class=\"faq-item-question-icon\"><\/div>\r\n\t\t\t\t\t<\/div>\r\n\r\n\t\t\t\t\t<div class=\"faq-item-answer\">\r\n\t\t\t\t\t\t<div class=\"faq-item-answer-text\">Editar la aplicaci\u00f3n Barra de anuncios es intuitivo con el editor accesible. Puede personalizar el contenido, los colores y la ubicaci\u00f3n para que se ajusten a su tema general. Las funciones adicionales, como las opciones de visibilidad, te permiten personalizar la barra para llegar a tu audiencia.<\/div>\r\n\t\t\t\t\t<\/div>\r\n\t\t\t\t<\/div><div class=\"faq-item\">\r\n\t\t\t\t\t<div class=\"faq-item-question\">\r\n\t\t\t\t\t\t<h3 class=\"faq-item-question-text\">\u00bfQu\u00e9 otras aplicaciones puedo usar para mejorar la participaci\u00f3n de la audiencia?<\/h3>\r\n\r\n\t\t\t\t\t\t<div class=\"faq-item-question-icon\"><\/div>\r\n\t\t\t\t\t<\/div>\r\n\r\n\t\t\t\t\t<div class=\"faq-item-answer\">\r\n\t\t\t\t\t\t<div class=\"faq-item-answer-text\">Puedes agregar un <a href=\"https:\/\/elfsight.com\/sales-notification-widget\/wix\/\">widget de notificaci\u00f3n de ventas<\/a> para mostrar las compras en tiempo real. y as\u00ed aumentar la credibilidad. El <a href=\"https:\/\/elfsight.com\/popup-widget\/wix\/\" rel=\"noopener\">Popup Widget<\/a> es perfecto para captar clientes potenciales y animar a los visitantes a explorar sus ofertas. El <a href=\"https:\/\/elfsight.com\/banner-widget\/wix\/\">widget de banner<\/a> resalta las actualizaciones importantes, asegurando que la informaci\u00f3n importante est\u00e9 resaltada.<\/div>\r\n\t\t\t\t\t<\/div>\r\n\t\t\t\t<\/div><\/div>","protected":false},"excerpt":{"rendered":"Preguntas frecuentes","protected":false},"author":9,"featured_media":0,"parent":4927,"menu_order":0,"comment_status":"closed","ping_status":"closed","template":"templates\/template-application-platform.php","meta":{"publish_to_discourse":"","publish_post_category":"","wpdc_auto_publish_overridden":"","wpdc_topic_tags":"","wpdc_pin_topic":"","wpdc_pin_until":"","discourse_post_id":"","discourse_permalink":"","wpdc_publishing_response":"","wpdc_publishing_error":"","footnotes":""},"class_list":["post-19487","page","type-page","status-publish","hentry"],"yoast_head":"<!-- This site is optimized with the Yoast SEO plugin v25.3.1 - https:\/\/yoast.com\/wordpress\/plugins\/seo\/ -->\n<title>Aplicaci\u00f3n Wix Announcement Bar: agrega notificaciones a tu sitio web<\/title>\n<meta name=\"description\" content=\"Aumente la participaci\u00f3n con la aplicaci\u00f3n Elfsight Announcement Bar sin c\u00f3digo. Muestre actualizaciones importantes para captar la atenci\u00f3n de los visitantes e incitarlos a actuar.\" \/>\n<meta name=\"robots\" content=\"index, follow, max-snippet:-1, max-image-preview:large, max-video-preview:-1\" \/>\n<link rel=\"canonical\" href=\"https:\/\/elfsight.com\/es\/announcement-bar-widget\/wix\/\" \/>\n<meta property=\"og:locale\" content=\"es_ES\" \/>\n<meta property=\"og:type\" content=\"article\" \/>\n<meta property=\"og:title\" content=\"Aplicaci\u00f3n Wix Announcement Bar: agrega notificaciones a tu sitio web\" \/>\n<meta property=\"og:description\" content=\"Aumente la participaci\u00f3n con la aplicaci\u00f3n Elfsight Announcement Bar sin c\u00f3digo. Muestre actualizaciones importantes para captar la atenci\u00f3n de los visitantes e incitarlos a actuar.\" \/>\n<meta property=\"og:url\" content=\"https:\/\/elfsight.com\/es\/announcement-bar-widget\/wix\/\" \/>\n<meta property=\"og:site_name\" content=\"Elfsight ES\" \/>\n<meta property=\"article:modified_time\" content=\"2025-09-23T09:05:51+00:00\" \/>\n<meta name=\"twitter:card\" content=\"summary_large_image\" \/>\n<meta name=\"twitter:label1\" content=\"Tiempo de lectura\" \/>\n\t<meta name=\"twitter:data1\" content=\"4 minutos\" \/>\n<!-- \/ Yoast SEO plugin. -->","yoast_head_json":{"title":"Aplicaci\u00f3n Wix Announcement Bar: agrega notificaciones a tu sitio web","description":"Aumente la participaci\u00f3n con la aplicaci\u00f3n Elfsight Announcement Bar sin c\u00f3digo. Muestre actualizaciones importantes para captar la atenci\u00f3n de los visitantes e incitarlos a actuar.","robots":{"index":"index","follow":"follow","max-snippet":"max-snippet:-1","max-image-preview":"max-image-preview:large","max-video-preview":"max-video-preview:-1"},"canonical":"https:\/\/elfsight.com\/es\/announcement-bar-widget\/wix\/","og_locale":"es_ES","og_type":"article","og_title":"Aplicaci\u00f3n Wix Announcement Bar: agrega notificaciones a tu sitio web","og_description":"Aumente la participaci\u00f3n con la aplicaci\u00f3n Elfsight Announcement Bar sin c\u00f3digo. Muestre actualizaciones importantes para captar la atenci\u00f3n de los visitantes e incitarlos a actuar.","og_url":"https:\/\/elfsight.com\/es\/announcement-bar-widget\/wix\/","og_site_name":"Elfsight ES","article_modified_time":"2025-09-23T09:05:51+00:00","twitter_card":"summary_large_image","twitter_misc":{"Tiempo de lectura":"4 minutos"},"schema":{"@context":"https:\/\/schema.org","@graph":[{"@type":"WebPage","@id":"https:\/\/elfsight.com\/es\/announcement-bar-widget\/wix\/","url":"https:\/\/elfsight.com\/es\/announcement-bar-widget\/wix\/","name":"Aplicaci\u00f3n Wix Announcement Bar: agrega notificaciones a tu sitio web","isPartOf":{"@id":"https:\/\/elfsight.com\/es\/#website"},"datePublished":"2024-12-20T08:22:48+00:00","dateModified":"2025-09-23T09:05:51+00:00","description":"Aumente la participaci\u00f3n con la aplicaci\u00f3n Elfsight Announcement Bar sin c\u00f3digo. Muestre actualizaciones importantes para captar la atenci\u00f3n de los visitantes e incitarlos a actuar.","breadcrumb":{"@id":"https:\/\/elfsight.com\/es\/announcement-bar-widget\/wix\/#breadcrumb"},"inLanguage":"es","potentialAction":[{"@type":"ReadAction","target":["https:\/\/elfsight.com\/es\/announcement-bar-widget\/wix\/"]}]},{"@type":"BreadcrumbList","@id":"https:\/\/elfsight.com\/es\/announcement-bar-widget\/wix\/#breadcrumb","itemListElement":[{"@type":"ListItem","position":1,"name":"Home","item":"https:\/\/elfsight.com\/es\/"},{"@type":"ListItem","position":2,"name":"Announcement Bar","item":"https:\/\/elfsight.com\/es\/announcement-bar-widget\/"},{"@type":"ListItem","position":3,"name":"Announcement Bar &#8211; Wix"}]},{"@type":"WebSite","@id":"https:\/\/elfsight.com\/es\/#website","url":"https:\/\/elfsight.com\/es\/","name":"Elfsight ES","description":"Just another Elfsight Sites site","potentialAction":[{"@type":"SearchAction","target":{"@type":"EntryPoint","urlTemplate":"https:\/\/elfsight.com\/es\/?s={search_term_string}"},"query-input":{"@type":"PropertyValueSpecification","valueRequired":true,"valueName":"search_term_string"}}],"inLanguage":"es"}]}},"meta_box":{"industry":"","seo_heading":"","heading":"","description":"","cta_heading":"","cta_description":"","application":"4885","h1":"Aplicaci\u00f3n de barra de anuncios de Wix","h1_caption":"Agrega la aplicaci\u00f3n Barra de anuncios a tu sitio web Wix para resaltar actualizaciones importantes en tiempo real para aumentar la confianza y el compromiso del cliente.","application_category":[],"applications_title":"","applications_request_title":"","applications_request_button_text":"","hero_text":"","hero_video":"","hero_video_schema_markup":"","selling_points_title":"","selling_points_caption":"","selling_points":[],"selling_points_cta_text":"","features_title":"","features":"","ed_cta_examples_text":"","ed_cta_examples_hidden":"","ed_cta_demo_text":"","ed_cta_demo_hidden":"","why_caption":"","why_editor_title":"","why_editor_text":"","why_team_title":"","why_team_text":"","why_service_title":"","why_service_text":"","template_catalog_visible":"0","template_catalog_title":"","template_catalog_text":"","template_catalog_categories_visible":"","demo_title":"Crea una aplicaci\u00f3n de barra de anuncios de Wix","demo_caption":"Dise\u00f1a tu aplicaci\u00f3n Barra de anuncios para tu sitio web Wix de forma gratuita.","default_faq_hidden":"","app_template_category":[],"platform":"112","template_public_id":"","codecanyon_url":"","codecanyon_item_id":"","codecanyon_price":"","pricing_caption":"","pricing_elfsight_apps_hide_column":"","pricing_elfsight_apps_url":"","pricing_codecanyon_price_caption":"","integration_category":[],"integration_request_title":"","integration_request_cta":"","integration_platform":"","integrations":[],"platform_category":[],"video_schema_markup":"","price":"","trial":"","benefits":[{"text":"Soporte de instalaci\u00f3n gratuito"},{"text":"Servicio al cliente competente"},{"text":"Garant\u00eda de devoluci\u00f3n de dinero de 14 d\u00edas"},{"text":"Mejoras gratuitas de por vida"}],"button_url":"#demo","button_target_blank":"0","button_nofollow":"0","attributes":[{"name":"Instalado","content":"1,000 - 5,000","_state":"expanded"},{"name":"Sensible","content":"S\u00ed","_state":"expanded"},{"name":"Navegadores compatibles","content":"Firefox, Safari, Opera, Chrome, Edge","_state":"expanded"}],"tags":[],"tags_disable_links":"0","hide_more_platforms":"0","video_object":"","demo_hide_cta":"0","demo_hide_cloud_options":"0","pricing_title":"","pricing":[{"pricing_icon":"platform","pricing_title":"Elfsight Apps","pricing_title_caption":"Versi\u00f3n multiplataforma","pricing_price":"Desde $0\/mes","pricing_price_caption":"Comience con un plan gratuito","pricing_button_text":"A\u00f1adir al sitio web","pricing_button_url":"#demo"}],"related_apps_title":"","related_apps_hidden":"0","author":"","image":[],"title":"","job":"","social_networks":[]},"_links":{"self":[{"href":"https:\/\/elfsight.com\/es\/wp-json\/wp\/v2\/pages\/19487","targetHints":{"allow":["GET"]}}],"collection":[{"href":"https:\/\/elfsight.com\/es\/wp-json\/wp\/v2\/pages"}],"about":[{"href":"https:\/\/elfsight.com\/es\/wp-json\/wp\/v2\/types\/page"}],"author":[{"embeddable":true,"href":"https:\/\/elfsight.com\/es\/wp-json\/wp\/v2\/users\/9"}],"replies":[{"embeddable":true,"href":"https:\/\/elfsight.com\/es\/wp-json\/wp\/v2\/comments?post=19487"}],"version-history":[{"count":3,"href":"https:\/\/elfsight.com\/es\/wp-json\/wp\/v2\/pages\/19487\/revisions"}],"predecessor-version":[{"id":19958,"href":"https:\/\/elfsight.com\/es\/wp-json\/wp\/v2\/pages\/19487\/revisions\/19958"}],"up":[{"embeddable":true,"href":"https:\/\/elfsight.com\/es\/wp-json\/wp\/v2\/pages\/4927"}],"wp:attachment":[{"href":"https:\/\/elfsight.com\/es\/wp-json\/wp\/v2\/media?parent=19487"}],"curies":[{"name":"wp","href":"https:\/\/api.w.org\/{rel}","templated":true}]}}