{"id":19480,"date":"2024-12-20T11:29:21","date_gmt":"2024-12-20T11:29:21","guid":{"rendered":"https:\/\/elfsight.com\/es\/?page_id=19480"},"modified":"2025-10-23T14:18:41","modified_gmt":"2025-10-23T14:18:41","slug":"wordpress","status":"publish","type":"page","link":"https:\/\/elfsight.com\/es\/announcement-bar-widget\/wordpress\/","title":{"rendered":"Announcement Bar &#8211; WordPress"},"content":{"rendered":"<div class=\"application-platform-content-item-description application-platform-content-item\" id=\"description\" data-nav-section=\"description\"> <p>El complemento de la barra de anuncios ayuda a las empresas a compartir informaci\u00f3n importante con los visitantes de una manera clara. Es excelente para informar a los clientes sobre nuevas ofertas, eventos comerciales o detalles importantes como actualizaciones de env\u00edo.<\/p><p>Aumente la participaci\u00f3n alentando a los visitantes a tomar medidas, ya sea realizando una compra o suscribi\u00e9ndose a una promoci\u00f3n. Con la configuraci\u00f3n sin c\u00f3digo, el complemento se adapta perfectamente a su sitio web. Es totalmente personalizable, por lo que puedes elegir f\u00e1cilmente el estilo que mejor se adapte a tu marca.<\/p><p><b>Aumenta la visibilidad de tus actualizaciones y promociones m\u00e1s importantes para generar lealtad a la marca con la barra de anuncios.<\/b><\/p><\/div> <div class=\"application-platform-content-item-features application-platform-content-item\" id=\"features\" data-nav-section=\"features\"> <h2>Caracter\u00edsticas del complemento de la barra de anuncios<\/h2> <p>Esta El complemento de la barra de anuncios de WordPress de Elfsight est\u00e1 dise\u00f1ado para mejorar la interacci\u00f3n con el cliente mostrando notificaciones din\u00e1micas sobre actualizaciones importantes. Esta herramienta flexible no s\u00f3lo genera confianza al transmitir informaci\u00f3n importante, sino que tambi\u00e9n anima a los visitantes a actuar con alertas espec\u00edficas. A continuaci\u00f3n se muestra una lista detallada de las caracter\u00edsticas clave del complemento:<\/p><ul><li><b>Configuraci\u00f3n r\u00e1pida y sencilla.<\/b> Configuraci\u00f3n sencilla sin necesidad de conocimientos t\u00e9cnicos, lo que permite una implementaci\u00f3n f\u00e1cil y r\u00e1pida en su sitio web.<\/li><li><b>Llamativo pero no intrusivo.<\/b> Las opciones de dise\u00f1o personalizables le permiten crear anuncios impactantes al mismo tiempo que garantizan una experiencia perfecta.<\/li><li><b>Aumente las ventas de productos clave.<\/b> Presente ofertas especiales directamente a trav\u00e9s de la barra de anuncios para captar la atenci\u00f3n y aumentar las conversiones de productos espec\u00edficos.<\/li><li><b>Destaque noticias y actualizaciones.<\/b> Muestre lanzamientos de nuevos productos o adiciones a ofertas existentes para mantener a los visitantes interesados \u200b\u200bcon contenido nuevo y oportuno.<\/li><li><b>Coherencia de marca.<\/b> Opciones de personalizaci\u00f3n completas para personalizar la apariencia de su sitio web y brindar una experiencia impecable y coherente. aseg\u00farese.<\/li><li><b>Dise\u00f1o personalizable.<\/b> Dise\u00f1os y estilos totalmente personalizables para que pueda reflejar la identidad de su marca a la perfecci\u00f3n.<\/li><\/ul><p><a href=\"#demo\">Pruebe el editor f\u00e1cil de usar para ver c\u00f3mo funciona el complemento<\/a><\/p><\/div> <div class=\"application-platform-content-item-installation application-platform-content-item\" id=\"installation\" data-nav-section=\"installation\"> <h2>C\u00f3mo agregar \u00bfC\u00f3mo agrego una barra de anuncios en WordPress?<\/h2><div class=\"video-container\">\n<iframe width=\"720\" height=\"405\" src=\"https:\/\/www.youtube.com\/embed\/pGqhUWVLpNM?si=r8fQYbUck2N6mAJQ\" frameborder=\"0\" allowfullscreen=\"\"><\/iframe>\n<\/div><p>Para incrustar el complemento de la barra de anuncios en su sitio web, siga estos sencillos pasos:<\/p> <ol><li>Inicie el editor del complemento y seleccione una plantilla que coincida con el estilo de su sitio web.<\/li><li>Cambie el complemento actualizando su mensaje, acci\u00f3n y elementos visuales, bot\u00f3n, posici\u00f3n en la p\u00e1gina, etc.<\/li><li>Conserve sus cambios y copie el fragmento HTML proporcionado. Pega el c\u00f3digo en el CMS de tu sitio web y realiza los cambios.<\/li><\/ol><p>\u00a1Entendido! \u00a1Su complemento de la barra de anuncios para WordPress ya est\u00e1 activo!<\/p><p>Si tiene alguna dificultad para insertar el complemento en un sitio web, simplemente comun\u00edquese con nuestro servicio de atenci\u00f3n al cliente. Estaremos encantados de ayudarle a agregar y administrar su barra de anuncios.<\/p><\/div> <h2>Preguntas frecuentes<\/h2><div class=\"faq\" data-component=\"FAQ\"><div class=\"faq-item\">\r\n\t\t\t\t\t<div class=\"faq-item-question\">\r\n\t\t\t\t\t\t<h3 class=\"faq-item-question-text\"><\/h3>\r\n\r\n\t\t\t\t\t\t<div class=\"faq-item-question-icon\"><\/div>\r\n\t\t\t\t\t<\/div>\r\n\r\n\t\t\t\t\t<div class=\"faq-item-answer\">\r\n\t\t\t\t\t\t<div class=\"faq-item-answer-text\">S\u00ed, hay una opci\u00f3n gratuita disponible que proporciona una funcionalidad b\u00e1sica perfecta para sitios web peque\u00f1os o para realizar pruebas. Los planes pagos est\u00e1n disponibles por solo $5 por mes e incluyen funciones adicionales.<\/div>\r\n\t\t\t\t\t<\/div>\r\n\t\t\t\t<\/div><div class=\"faq-item\">\r\n\t\t\t\t\t<div class=\"faq-item-question\">\r\n\t\t\t\t\t\t<h3 class=\"faq-item-question-text\"><\/h3>\r\n\r\n\t\t\t\t\t\t<div class=\"faq-item-question-icon\"><\/div>\r\n\t\t\t\t\t<\/div>\r\n\r\n\t\t\t\t\t<div class=\"faq-item-answer\">\r\n\t\t\t\t\t\t<div class=\"faq-item-answer-text\">Puedes agregar diferentes barras de anuncios a WordPress, como por ejemplo: B. aquellos que informan sobre ofertas de env\u00edo gratuito, muestran novedades o destacan una venta en curso. Estas barras pueden ser est\u00e1ticas para permitir una visualizaci\u00f3n ininterrumpida o moverse para garantizar una visibilidad constante.<\/div>\r\n\t\t\t\t\t<\/div>\r\n\t\t\t\t<\/div><div class=\"faq-item\">\r\n\t\t\t\t\t<div class=\"faq-item-question\">\r\n\t\t\t\t\t\t<h3 class=\"faq-item-question-text\"><\/h3>\r\n\r\n\t\t\t\t\t\t<div class=\"faq-item-question-icon\"><\/div>\r\n\t\t\t\t\t<\/div>\r\n\r\n\t\t\t\t\t<div class=\"faq-item-answer\">\r\n\t\t\t\t\t\t<div class=\"faq-item-answer-text\">La edici\u00f3n del complemento de la barra de anuncios es intuitiva con el editor accesible de Elfsight. Puede cambiar el mensaje, el estilo y la posici\u00f3n para que se ajusten a su tema general. Con funciones adicionales como la configuraci\u00f3n de programaci\u00f3n, puedes optimizar la barra para informar a tu audiencia.<\/div>\r\n\t\t\t\t\t<\/div>\r\n\t\t\t\t<\/div><div class=\"faq-item\">\r\n\t\t\t\t\t<div class=\"faq-item-question\">\r\n\t\t\t\t\t\t<h3 class=\"faq-item-question-text\"><\/h3>\r\n\r\n\t\t\t\t\t\t<div class=\"faq-item-question-icon\"><\/div>\r\n\t\t\t\t\t<\/div>\r\n\r\n\t\t\t\t\t<div class=\"faq-item-answer\">\r\n\t\t\t\t\t\t<div class=\"faq-item-answer-text\">Puedes crear un <a href=\"https:\/\/elfsight.com\/sales-notification-widget\/wordpress\/\" rel=\"noopener\">Widget de notificaci\u00f3n de ventas<\/a> Agregue para resaltar las acciones de los clientes para generar confianza. El <a href=\"https:\/\/elfsight.com\/popup-widget\/wordpress\/\" rel=\"noopener\">Popup Widget<\/a> es ideal para captar clientes potenciales y animar a los visitantes a explorar sus ofertas. El <a href=\"https:\/\/elfsight.com\/banner-widget\/wordpress\" rel=\"noopener\">widget de banner<\/a> muestra actualizaciones importantes, lo que garantiza la visibilidad de informaci\u00f3n importante.<\/div>\r\n\t\t\t\t\t<\/div>\r\n\t\t\t\t<\/div><\/div>","protected":false},"excerpt":{"rendered":"Preguntas frecuentes","protected":false},"author":9,"featured_media":0,"parent":4927,"menu_order":0,"comment_status":"closed","ping_status":"closed","template":"templates\/template-application-platform.php","meta":{"publish_to_discourse":"","publish_post_category":"","wpdc_auto_publish_overridden":"","wpdc_topic_tags":"","wpdc_pin_topic":"","wpdc_pin_until":"","discourse_post_id":"","discourse_permalink":"","wpdc_publishing_response":"","wpdc_publishing_error":"","footnotes":""},"class_list":["post-19480","page","type-page","status-publish","hentry"],"yoast_head":"<!-- This site is optimized with the Yoast SEO plugin v25.3.1 - https:\/\/yoast.com\/wordpress\/plugins\/seo\/ -->\n<title>Barra de anuncios del complemento de WordPress para el sitio web<\/title>\n<meta name=\"description\" content=\"Mejore la interacci\u00f3n con el complemento de la barra de anuncios de Elfsight sin c\u00f3digo. Resalte alertas urgentes para captar la atenci\u00f3n de los visitantes e incitarlos a actuar.\" \/>\n<meta name=\"robots\" content=\"index, follow, max-snippet:-1, max-image-preview:large, max-video-preview:-1\" \/>\n<link rel=\"canonical\" href=\"https:\/\/elfsight.com\/es\/announcement-bar-widget\/wordpress\/\" \/>\n<meta property=\"og:locale\" content=\"es_ES\" \/>\n<meta property=\"og:type\" content=\"article\" \/>\n<meta property=\"og:title\" content=\"Barra de anuncios del complemento de WordPress para el sitio web\" \/>\n<meta property=\"og:description\" content=\"Mejore la interacci\u00f3n con el complemento de la barra de anuncios de Elfsight sin c\u00f3digo. Resalte alertas urgentes para captar la atenci\u00f3n de los visitantes e incitarlos a actuar.\" \/>\n<meta property=\"og:url\" content=\"https:\/\/elfsight.com\/es\/announcement-bar-widget\/wordpress\/\" \/>\n<meta property=\"og:site_name\" content=\"Elfsight ES\" \/>\n<meta property=\"article:modified_time\" content=\"2025-10-23T14:18:41+00:00\" \/>\n<meta name=\"twitter:card\" content=\"summary_large_image\" \/>\n<meta name=\"twitter:label1\" content=\"Tiempo de lectura\" \/>\n\t<meta name=\"twitter:data1\" content=\"4 minutos\" \/>\n<!-- \/ Yoast SEO plugin. -->","yoast_head_json":{"title":"Barra de anuncios del complemento de WordPress para el sitio web","description":"Mejore la interacci\u00f3n con el complemento de la barra de anuncios de Elfsight sin c\u00f3digo. Resalte alertas urgentes para captar la atenci\u00f3n de los visitantes e incitarlos a actuar.","robots":{"index":"index","follow":"follow","max-snippet":"max-snippet:-1","max-image-preview":"max-image-preview:large","max-video-preview":"max-video-preview:-1"},"canonical":"https:\/\/elfsight.com\/es\/announcement-bar-widget\/wordpress\/","og_locale":"es_ES","og_type":"article","og_title":"Barra de anuncios del complemento de WordPress para el sitio web","og_description":"Mejore la interacci\u00f3n con el complemento de la barra de anuncios de Elfsight sin c\u00f3digo. Resalte alertas urgentes para captar la atenci\u00f3n de los visitantes e incitarlos a actuar.","og_url":"https:\/\/elfsight.com\/es\/announcement-bar-widget\/wordpress\/","og_site_name":"Elfsight ES","article_modified_time":"2025-10-23T14:18:41+00:00","twitter_card":"summary_large_image","twitter_misc":{"Tiempo de lectura":"4 minutos"},"schema":{"@context":"https:\/\/schema.org","@graph":[{"@type":"WebPage","@id":"https:\/\/elfsight.com\/es\/announcement-bar-widget\/wordpress\/","url":"https:\/\/elfsight.com\/es\/announcement-bar-widget\/wordpress\/","name":"Barra de anuncios del complemento de WordPress para el sitio web","isPartOf":{"@id":"https:\/\/elfsight.com\/es\/#website"},"datePublished":"2024-12-20T11:29:21+00:00","dateModified":"2025-10-23T14:18:41+00:00","description":"Mejore la interacci\u00f3n con el complemento de la barra de anuncios de Elfsight sin c\u00f3digo. Resalte alertas urgentes para captar la atenci\u00f3n de los visitantes e incitarlos a actuar.","breadcrumb":{"@id":"https:\/\/elfsight.com\/es\/announcement-bar-widget\/wordpress\/#breadcrumb"},"inLanguage":"es","potentialAction":[{"@type":"ReadAction","target":["https:\/\/elfsight.com\/es\/announcement-bar-widget\/wordpress\/"]}]},{"@type":"BreadcrumbList","@id":"https:\/\/elfsight.com\/es\/announcement-bar-widget\/wordpress\/#breadcrumb","itemListElement":[{"@type":"ListItem","position":1,"name":"Home","item":"https:\/\/elfsight.com\/es\/"},{"@type":"ListItem","position":2,"name":"Announcement Bar","item":"https:\/\/elfsight.com\/es\/announcement-bar-widget\/"},{"@type":"ListItem","position":3,"name":"Announcement Bar &#8211; WordPress"}]},{"@type":"WebSite","@id":"https:\/\/elfsight.com\/es\/#website","url":"https:\/\/elfsight.com\/es\/","name":"Elfsight ES","description":"Just another Elfsight Sites site","potentialAction":[{"@type":"SearchAction","target":{"@type":"EntryPoint","urlTemplate":"https:\/\/elfsight.com\/es\/?s={search_term_string}"},"query-input":{"@type":"PropertyValueSpecification","valueRequired":true,"valueName":"search_term_string"}}],"inLanguage":"es"}]}},"meta_box":{"industry":"","seo_heading":"","heading":"","description":"","cta_heading":"","cta_description":"","application":"4885","h1":"Complemento de la barra de anuncios de WordPress","h1_caption":"Agregue el complemento de la barra de anuncios a su sitio de WordPress para resaltar actualizaciones importantes en tiempo real, aumentando la confianza y el compromiso del cliente.","application_category":[],"applications_title":"","applications_request_title":"","applications_request_button_text":"","hero_text":"","hero_video":"","hero_video_schema_markup":"","selling_points_title":"","selling_points_caption":"","selling_points":[],"selling_points_cta_text":"","features_title":"","features":"","ed_cta_examples_text":"","ed_cta_examples_hidden":"","ed_cta_demo_text":"","ed_cta_demo_hidden":"","why_caption":"","why_editor_title":"","why_editor_text":"","why_team_title":"","why_team_text":"","why_service_title":"","why_service_text":"","template_catalog_visible":"0","template_catalog_title":"","template_catalog_text":"","template_catalog_categories_visible":"","demo_title":"Cree un complemento de barra de anuncios de WordPress","demo_caption":"Dise\u00f1e un complemento de barra de anuncios para su sitio web de WordPress de forma gratuita.","default_faq_hidden":"","app_template_category":[],"platform":"115","template_public_id":"","codecanyon_url":"","codecanyon_item_id":"","codecanyon_price":"","pricing_caption":"","pricing_elfsight_apps_hide_column":"","pricing_elfsight_apps_url":"","pricing_codecanyon_price_caption":"","integration_category":[],"integration_request_title":"","integration_request_cta":"","integration_platform":"","integrations":[],"platform_category":[],"video_schema_markup":"","price":"","trial":"","benefits":[{"text":"Servicio de instalaci\u00f3n gratuito"},{"text":"Soporte excepcional"},{"text":"Garant\u00eda de reembolso de 14 d\u00edas"},{"text":"Actualizaci\u00f3n constante"}],"button_url":"#demo","button_target_blank":"0","button_nofollow":"0","attributes":[{"name":"Instalado","content":"1,000 - 5,000","_state":"expanded"},{"name":"Sensible","content":"S\u00ed","_state":"expanded"},{"name":"Navegadores compatibles","content":"Firefox, Safari, Opera, Chrome, Edge","_state":"expanded"}],"tags":[],"tags_disable_links":"0","hide_more_platforms":"0","video_object":"","demo_hide_cta":"0","demo_hide_cloud_options":"0","pricing_title":"","pricing":[{"pricing_icon":"platform","pricing_title":"Elfsight Apps","pricing_title_caption":"Software independiente de la plataforma","pricing_price":"Desde $0\/mes","pricing_price_caption":"Comience con un plan gratuito","pricing_button_text":"A\u00f1adir al sitio web","pricing_button_url":"#demo"}],"related_apps_title":"","related_apps_hidden":"0","author":"","image":[],"title":"","job":"","social_networks":[]},"_links":{"self":[{"href":"https:\/\/elfsight.com\/es\/wp-json\/wp\/v2\/pages\/19480","targetHints":{"allow":["GET"]}}],"collection":[{"href":"https:\/\/elfsight.com\/es\/wp-json\/wp\/v2\/pages"}],"about":[{"href":"https:\/\/elfsight.com\/es\/wp-json\/wp\/v2\/types\/page"}],"author":[{"embeddable":true,"href":"https:\/\/elfsight.com\/es\/wp-json\/wp\/v2\/users\/9"}],"replies":[{"embeddable":true,"href":"https:\/\/elfsight.com\/es\/wp-json\/wp\/v2\/comments?post=19480"}],"version-history":[{"count":2,"href":"https:\/\/elfsight.com\/es\/wp-json\/wp\/v2\/pages\/19480\/revisions"}],"predecessor-version":[{"id":19979,"href":"https:\/\/elfsight.com\/es\/wp-json\/wp\/v2\/pages\/19480\/revisions\/19979"}],"up":[{"embeddable":true,"href":"https:\/\/elfsight.com\/es\/wp-json\/wp\/v2\/pages\/4927"}],"wp:attachment":[{"href":"https:\/\/elfsight.com\/es\/wp-json\/wp\/v2\/media?parent=19480"}],"curies":[{"name":"wp","href":"https:\/\/api.w.org\/{rel}","templated":true}]}}