{"id":17675,"date":"2024-12-28T06:28:35","date_gmt":"2024-12-28T06:28:35","guid":{"rendered":"https:\/\/elfsight.com\/es\/?page_id=17675"},"modified":"2025-10-23T14:30:20","modified_gmt":"2025-10-23T14:30:20","slug":"squarespace","status":"publish","type":"page","link":"https:\/\/elfsight.com\/es\/ai-chatbot-widget\/squarespace\/","title":{"rendered":"AI Chatbot &#8211; Squarespace"},"content":{"rendered":"<div class=\"application-platform-content-item-description application-platform-content-item\" id=\"description\" data-nav-section=\"description\"><h2>\u00a1Inserta un chatbot AI en Squarespace con el widget de Elfsight!<\/h2> <p>Crea un chatbot AI de alto nivel para tu sitio web de Squarespace, entrenado espec\u00edficamente con tu base de conocimientos, recursos de soporte o preguntas frecuentes. Perm\u00edtele aprender y evolucionar, ofreciendo mensajes personalizados para mejorar la experiencia de tus usuarios cada d\u00eda.<\/p> <p>Agiliza f\u00e1cilmente las tareas de servicio al cliente, acorta los tiempos de respuesta y captura leads de manera eficiente sin trabajo manual. Ofrece asistencia las 24 horas, garantizando que los clientes tengan la informaci\u00f3n que necesitan en cualquier momento y lugar.<\/p> <p><b>\u00a1A\u00f1ade un asistente AI para responder preguntas, resolver problemas y aumentar tus ventas!<\/b><\/p> <\/div><div class=\"application-platform-content-item-features application-platform-content-item\" id=\"features\" data-nav-section=\"features\"> <h2>Ofrecemos caracter\u00edsticas valiosas y f\u00e1ciles de usar, aqu\u00ed algunas de ellas:<\/h2> <ul><li><b>Automatiza la comunicaci\u00f3n con tus clientes.<\/b> Agiliza las respuestas r\u00e1pidas, ofrece soporte todo el d\u00eda y mejora la eficiencia con una configuraci\u00f3n m\u00ednima: \u00a1navega por chats y usuarios ilimitados sin problemas!<\/li><li><b>Ofrece una experiencia personalizada.<\/b> Ayuda a que cada cliente se sienta especial y crea la mejor experiencia con respuestas personalizadas, usando sus nombres, seguimiento de historial de chats y mensajes de seguimiento.<\/li><li><b>Entrena al chatbot con informaci\u00f3n de tu empresa.<\/b> Potencia el chatbot AI con tu experiencia especializada subiendo archivos, agregando pares de preguntas y respuestas y utilizando la informaci\u00f3n de tu sitio para el generador de instrucciones, asegurando respuestas precisas y aplicables adaptadas a tu negocio.<\/li><li><b>Recibe informaci\u00f3n de los clientes en tu correo electr\u00f3nico.<\/b> Mantente actualizado y recopila informaci\u00f3n valiosa al recibir las transcripciones completas de los chats directamente en tu bandeja de entrada, con informaci\u00f3n de contacto clave para la generaci\u00f3n de leads y mejora del servicio.<\/li><li><b>Explora una amplia selecci\u00f3n de plantillas.<\/b> Pon en marcha tu chatbot AI r\u00e1pidamente con nuestra biblioteca de plantillas listas para usar. Cubren diversos sectores y funciones, cada una con conjuntos de instrucciones adaptadas para obtener resultados inmediatos.<\/li><\/ul><p><a href=\"#demo\">Puedes sentir si el widget es para ti usando el configurador<\/a><\/p> <\/div> <div class=\"application-platform-content-item-installation application-platform-content-item\" id=\"installation\" data-nav-section=\"installation\"> <h2>\u00bfC\u00f3mo a\u00f1adir el plugin AI Chatbot a Squarespace?<\/h2><div class=\"video-container\">\n<iframe width=\"720\" height=\"405\" src=\"https:\/\/www.youtube.com\/embed\/VIlk48x8eXY?si=6EAVNNmOKYkhJmDz\" frameborder=\"0\" allowfullscreen=\"\"><\/iframe>\n<\/div> <p>Si deseas insertar el chatbot AI en tu sitio web de Squarespace, sigue estos pasos:<\/p> <ol><li><b>Personaliza el widget.<\/b><br> Comienza eligiendo una de las plantillas listas para usar. Luego, puedes entrenar tu chatbot, organizar las funciones y modificar su estilo visual para alinearlo con tus necesidades comerciales.<\/li><li><b>Obt\u00e9n el c\u00f3digo de inserci\u00f3n.<\/b><br> Guarda los resultados y copia el c\u00f3digo \u00fanico de inserci\u00f3n.<\/li><li><b>Agrega el c\u00f3digo al editor de tu sitio web.<\/b><br> Inicia sesi\u00f3n en el \u00e1rea de administraci\u00f3n de tu sitio, coloca el c\u00f3digo donde sea necesario y actualiza la p\u00e1gina. \u00a1\u00c9xito!<\/li> <\/ol><p>Si experimentas alg\u00fan problema, no dudes en contactar a nuestro personal de soporte. Nuestros especialistas estar\u00e1n encantados de ayudarte con todos los problemas que tengas con el plugin.<\/p> <div class=\"faq\" data-component=\"FAQ\"><div class=\"faq-item\">\r\n\t\t\t\t\t<div class=\"faq-item-question\">\r\n\t\t\t\t\t\t<h3 class=\"faq-item-question-text\">\u00bfC\u00f3mo puedo a\u00f1adir la informaci\u00f3n de mi empresa al plugin AI Chatbot?<\/h3>\r\n\r\n\t\t\t\t\t\t<div class=\"faq-item-question-icon\"><\/div>\r\n\t\t\t\t\t<\/div>\r\n\r\n\t\t\t\t\t<div class=\"faq-item-answer\">\r\n\t\t\t\t\t\t<div class=\"faq-item-answer-text\"><p>Para subir tus datos, visita la secci\u00f3n \u00abEntrenamiento\u00bb y elige uno de los formatos existentes: archivos de documentos, pares espec\u00edficos de preguntas y respuestas o bloques de texto b\u00e1sicos.<\/p> <\/div>\r\n\t\t\t\t\t<\/div>\r\n\t\t\t\t<\/div> <div class=\"faq-item\">\r\n\t\t\t\t\t<div class=\"faq-item-question\">\r\n\t\t\t\t\t\t<h3 class=\"faq-item-question-text\">\u00bfC\u00f3mo crear respuestas r\u00e1pidas para el chatbot AI?<\/h3>\r\n\r\n\t\t\t\t\t\t<div class=\"faq-item-question-icon\"><\/div>\r\n\t\t\t\t\t<\/div>\r\n\r\n\t\t\t\t\t<div class=\"faq-item-answer\">\r\n\t\t\t\t\t\t<div class=\"faq-item-answer-text\"><p>Puedes agregarlas directamente en el configurador del chatbot AI accediendo a la pesta\u00f1a \u00abSaludo\u00bb. All\u00ed encontrar\u00e1s el campo donde podr\u00e1s incluir una introducci\u00f3n atractiva para la conversaci\u00f3n o una pregunta popular.<\/p> <\/div>\r\n\t\t\t\t\t<\/div>\r\n\t\t\t\t<\/div> <div class=\"faq-item\">\r\n\t\t\t\t\t<div class=\"faq-item-question\">\r\n\t\t\t\t\t\t<h3 class=\"faq-item-question-text\">\u00bfQu\u00e9 hace que el plugin AI Chatbot de Elfsight sea el mejor para mi sitio Squarespace?<\/h3>\r\n\r\n\t\t\t\t\t\t<div class=\"faq-item-question-icon\"><\/div>\r\n\t\t\t\t\t<\/div>\r\n\r\n\t\t\t\t\t<div class=\"faq-item-answer\">\r\n\t\t\t\t\t\t<div class=\"faq-item-answer-text\"> <p>El plugin AI Chatbot es una soluci\u00f3n de chat sin necesidad de programaci\u00f3n respaldada por el modelo AI m\u00e1s reciente, listo para ser entrenado con la informaci\u00f3n de tu empresa. Con una interfaz accesible y m\u00faltiples opciones de personalizaci\u00f3n, puedes asegurar soporte al cliente durante todo el d\u00eda con una experiencia personalizada y siempre mantener el control con reportes continuos. \u00a1Descubre por ti mismo lo sencillo y r\u00e1pido que puede ser con Elfsight!<\/p> <\/div>\r\n\t\t\t\t\t<\/div>\r\n\t\t\t\t<\/div><\/div><\/div> ","protected":false},"excerpt":{"rendered":"","protected":false},"author":9,"featured_media":0,"parent":17573,"menu_order":0,"comment_status":"closed","ping_status":"closed","template":"templates\/template-application-platform.php","meta":{"publish_to_discourse":"","publish_post_category":"","wpdc_auto_publish_overridden":"","wpdc_topic_tags":"","wpdc_pin_topic":"","wpdc_pin_until":"","discourse_post_id":"","discourse_permalink":"","wpdc_publishing_response":"","wpdc_publishing_error":"","footnotes":""},"class_list":["post-17675","page","type-page","status-publish","hentry"],"yoast_head":"<!-- This site is optimized with the Yoast SEO plugin v25.3.1 - https:\/\/yoast.com\/wordpress\/plugins\/seo\/ -->\n<title>Complemento Squarespace AI Chatbot \u2013 Agregar Chatbot AI a Squarespace [GRATIS]<\/title>\n<meta name=\"description\" content=\"Agrega el mejor complemento de AI Chatbot a tu sitio web de Squarespace sin necesidad de programar. \u00a1Optimiza la asistencia al cliente con una integraci\u00f3n f\u00e1cil!\" \/>\n<meta name=\"robots\" content=\"index, follow, max-snippet:-1, max-image-preview:large, max-video-preview:-1\" \/>\n<link rel=\"canonical\" href=\"https:\/\/elfsight.com\/es\/ai-chatbot-widget\/squarespace\/\" \/>\n<meta property=\"og:locale\" content=\"es_ES\" \/>\n<meta property=\"og:type\" content=\"article\" \/>\n<meta property=\"og:title\" content=\"Complemento Squarespace AI Chatbot \u2013 Agregar Chatbot AI a Squarespace [GRATIS]\" \/>\n<meta property=\"og:description\" content=\"Agrega el mejor complemento de AI Chatbot a tu sitio web de Squarespace sin necesidad de programar. \u00a1Optimiza la asistencia al cliente con una integraci\u00f3n f\u00e1cil!\" \/>\n<meta property=\"og:url\" content=\"https:\/\/elfsight.com\/es\/ai-chatbot-widget\/squarespace\/\" \/>\n<meta property=\"og:site_name\" content=\"Elfsight ES\" \/>\n<meta property=\"article:modified_time\" content=\"2025-10-23T14:30:20+00:00\" \/>\n<meta name=\"twitter:card\" content=\"summary_large_image\" \/>\n<meta name=\"twitter:label1\" content=\"Tiempo de lectura\" \/>\n\t<meta name=\"twitter:data1\" content=\"3 minutos\" \/>\n<!-- \/ Yoast SEO plugin. -->","yoast_head_json":{"title":"Complemento Squarespace AI Chatbot \u2013 Agregar Chatbot AI a Squarespace [GRATIS]","description":"Agrega el mejor complemento de AI Chatbot a tu sitio web de Squarespace sin necesidad de programar. \u00a1Optimiza la asistencia al cliente con una integraci\u00f3n f\u00e1cil!","robots":{"index":"index","follow":"follow","max-snippet":"max-snippet:-1","max-image-preview":"max-image-preview:large","max-video-preview":"max-video-preview:-1"},"canonical":"https:\/\/elfsight.com\/es\/ai-chatbot-widget\/squarespace\/","og_locale":"es_ES","og_type":"article","og_title":"Complemento Squarespace AI Chatbot \u2013 Agregar Chatbot AI a Squarespace [GRATIS]","og_description":"Agrega el mejor complemento de AI Chatbot a tu sitio web de Squarespace sin necesidad de programar. \u00a1Optimiza la asistencia al cliente con una integraci\u00f3n f\u00e1cil!","og_url":"https:\/\/elfsight.com\/es\/ai-chatbot-widget\/squarespace\/","og_site_name":"Elfsight ES","article_modified_time":"2025-10-23T14:30:20+00:00","twitter_card":"summary_large_image","twitter_misc":{"Tiempo de lectura":"3 minutos"},"schema":{"@context":"https:\/\/schema.org","@graph":[{"@type":"WebPage","@id":"https:\/\/elfsight.com\/es\/ai-chatbot-widget\/squarespace\/","url":"https:\/\/elfsight.com\/es\/ai-chatbot-widget\/squarespace\/","name":"Complemento Squarespace AI Chatbot \u2013 Agregar Chatbot AI a Squarespace [GRATIS]","isPartOf":{"@id":"https:\/\/elfsight.com\/es\/#website"},"datePublished":"2024-12-28T06:28:35+00:00","dateModified":"2025-10-23T14:30:20+00:00","description":"Agrega el mejor complemento de AI Chatbot a tu sitio web de Squarespace sin necesidad de programar. \u00a1Optimiza la asistencia al cliente con una integraci\u00f3n f\u00e1cil!","breadcrumb":{"@id":"https:\/\/elfsight.com\/es\/ai-chatbot-widget\/squarespace\/#breadcrumb"},"inLanguage":"es","potentialAction":[{"@type":"ReadAction","target":["https:\/\/elfsight.com\/es\/ai-chatbot-widget\/squarespace\/"]}]},{"@type":"BreadcrumbList","@id":"https:\/\/elfsight.com\/es\/ai-chatbot-widget\/squarespace\/#breadcrumb","itemListElement":[{"@type":"ListItem","position":1,"name":"Home","item":"https:\/\/elfsight.com\/es\/"},{"@type":"ListItem","position":2,"name":"AI Chatbot","item":"https:\/\/elfsight.com\/es\/ai-chatbot-widget\/"},{"@type":"ListItem","position":3,"name":"AI Chatbot &#8211; Squarespace"}]},{"@type":"WebSite","@id":"https:\/\/elfsight.com\/es\/#website","url":"https:\/\/elfsight.com\/es\/","name":"Elfsight ES","description":"Just another Elfsight Sites site","potentialAction":[{"@type":"SearchAction","target":{"@type":"EntryPoint","urlTemplate":"https:\/\/elfsight.com\/es\/?s={search_term_string}"},"query-input":{"@type":"PropertyValueSpecification","valueRequired":true,"valueName":"search_term_string"}}],"inLanguage":"es"}]}},"meta_box":{"industry":"","seo_heading":"","heading":"","description":"","cta_heading":"","cta_description":"","application":"17569","h1":"Agregar AI Chatbot al sitio web de Squarespace","h1_caption":"Crea el mejor chatbot de IA, entrenado espec\u00edficamente con los datos de tu negocio para automatizar el soporte al cliente, captar prospectos y ofrecer respuestas instant\u00e1neas y precisas en el sitio web de Squarespace\u201424\/7.","application_category":[],"applications_title":"","applications_request_title":"","applications_request_button_text":"","hero_text":"","hero_video":"","hero_video_schema_markup":"","selling_points_title":"","selling_points_caption":"","selling_points":[],"selling_points_cta_text":"","features_title":"","features":"","ed_cta_examples_text":"","ed_cta_examples_hidden":"","ed_cta_demo_text":"","ed_cta_demo_hidden":"","why_caption":"","why_editor_title":"","why_editor_text":"","why_team_title":"","why_team_text":"","why_service_title":"","why_service_text":"","template_catalog_visible":"0","template_catalog_title":"","template_catalog_text":"","template_catalog_categories_visible":"","demo_title":"Crea tu complemento de AI Chatbot","demo_caption":"Configura el AI Chatbot y agr\u00e9galo a tu sitio web de Squarespace de forma gratuita.","default_faq_hidden":"","app_template_category":[],"platform":"100","template_public_id":"","codecanyon_url":"","codecanyon_item_id":"","codecanyon_price":"","pricing_caption":"","pricing_elfsight_apps_hide_column":"","pricing_elfsight_apps_url":"","pricing_codecanyon_price_caption":"","integration_category":[],"integration_request_title":"","integration_request_cta":"","integration_platform":"","integrations":[],"platform_category":[],"video_schema_markup":"","price":"desde $0 \/ mes","trial":"","benefits":[{"text":"Servicio de instalaci\u00f3n gratuita"},{"text":"Soporte excepcional"},{"text":"Garant\u00eda de devoluci\u00f3n de dinero de 14 d\u00edas"},{"text":"Actualizaciones gratuitas continuas"}],"button_url":"#demo","button_target_blank":"0","button_nofollow":"0","attributes":[{"name":"Instalaciones","content":"50,000 - 100,000"},{"name":"Responsivo","content":"S\u00ed"},{"name":"Navegadores compatibles","content":"Firefox, Safari, Opera, Chrome, Edge"}],"tags":[],"tags_disable_links":"0","hide_more_platforms":"0","video_object":"","demo_hide_cta":"0","demo_hide_cloud_options":"0","pricing_title":"","pricing":[{"pricing_icon":"platform","pricing_title":"Elfsight Apps","pricing_title_caption":"Soluci\u00f3n digital multiplataforma que se adapta a cualquier sitio web","pricing_price":"desde $0 \/ mes","pricing_price_caption":"Comienza con un plan gratuito","pricing_benefits":[{"text":"Sitios web ilimitados"},{"text":"Soporte profesional"},{"text":"Servicio de instalaci\u00f3n gratuita"},{"text":"Dise\u00f1o flexible"}],"pricing_button_text":"Agregar al sitio web","pricing_button_url":"#demo"}],"related_apps_title":"","related_apps_hidden":"0","author":"","image":[],"title":"","job":"","social_networks":[]},"_links":{"self":[{"href":"https:\/\/elfsight.com\/es\/wp-json\/wp\/v2\/pages\/17675","targetHints":{"allow":["GET"]}}],"collection":[{"href":"https:\/\/elfsight.com\/es\/wp-json\/wp\/v2\/pages"}],"about":[{"href":"https:\/\/elfsight.com\/es\/wp-json\/wp\/v2\/types\/page"}],"author":[{"embeddable":true,"href":"https:\/\/elfsight.com\/es\/wp-json\/wp\/v2\/users\/9"}],"replies":[{"embeddable":true,"href":"https:\/\/elfsight.com\/es\/wp-json\/wp\/v2\/comments?post=17675"}],"version-history":[{"count":2,"href":"https:\/\/elfsight.com\/es\/wp-json\/wp\/v2\/pages\/17675\/revisions"}],"predecessor-version":[{"id":19980,"href":"https:\/\/elfsight.com\/es\/wp-json\/wp\/v2\/pages\/17675\/revisions\/19980"}],"up":[{"embeddable":true,"href":"https:\/\/elfsight.com\/es\/wp-json\/wp\/v2\/pages\/17573"}],"wp:attachment":[{"href":"https:\/\/elfsight.com\/es\/wp-json\/wp\/v2\/media?parent=17675"}],"curies":[{"name":"wp","href":"https:\/\/api.w.org\/{rel}","templated":true}]}}