{"id":17669,"date":"2024-12-28T06:45:53","date_gmt":"2024-12-28T06:45:53","guid":{"rendered":"https:\/\/elfsight.com\/es\/?page_id=17669"},"modified":"2025-02-06T14:51:09","modified_gmt":"2025-02-06T14:51:09","slug":"html","status":"publish","type":"page","link":"https:\/\/elfsight.com\/es\/ai-chatbot-widget\/html\/","title":{"rendered":"AI Chatbot &#8211; HTML"},"content":{"rendered":"<div class=\"application-platform-content-item-description application-platform-content-item\" id=\"description\" data-nav-section=\"description\"><h2>\u00a1Incorpora el chatbot AI en HTML con el widget de Elfsight!<\/h2> <p>Crea un chatbot AI de primera calidad para tu sitio web HTML, espec\u00edficamente entrenado en tu base de conocimientos, archivos de soporte o preguntas frecuentes de los clientes. Perm\u00edtele aprender y evolucionar, entregando mensajes personalizados para mejorar la participaci\u00f3n del usuario a diario.<\/p> <p>Optimiza las tareas de servicio al cliente, reduce los tiempos de respuesta y genera prospectos de manera eficiente sin esfuerzo manual. Ofrece asistencia 24\/7, para que los clientes puedan encontrar las respuestas que necesitan, \u00a1en cualquier momento y desde cualquier lugar!<\/p> <p><b>\u00a1A\u00f1ade un asistente AI para proporcionar respuestas r\u00e1pidas, resolver problemas y aumentar tus ventas!<\/b><\/p> <\/div><div class=\"application-platform-content-item-features application-platform-content-item\" id=\"features\" data-nav-section=\"features\"> <h2>A continuaci\u00f3n se encuentran las caracter\u00edsticas principales del widget:<\/h2> <ul><li><b>Automatiza la comunicaci\u00f3n con tus clientes.<\/b> Optimiza las respuestas, ofrece disponibilidad las 24 horas y mejora la eficiencia con una configuraci\u00f3n m\u00ednima: \u00a1maneja chats y usuarios ilimitados sin esfuerzo!<\/li><li><b>Crea una experiencia personalizada.<\/b> Haz que cada cliente se sienta valorado y crea la mejor experiencia mediante respuestas personalizadas, llamadas por nombre, seguimiento del historial de chats y comunicaciones de seguimiento.<\/li><li><b>Entrena el chatbot con los datos de la empresa.<\/b> Potencia el chatbot AI con tu experiencia especializada cargando documentos, agregando conjuntos de preguntas y respuestas y aprovechando la informaci\u00f3n de tu sitio web para el generador de instrucciones, asegurando respuestas precisas y relevantes adaptadas a tu contexto empresarial.<\/li><li><b>Obt\u00e9n informaci\u00f3n sobre los clientes en tu correo electr\u00f3nico.<\/b> Mantente actualizado y recopila informaci\u00f3n importante recibiendo transcripciones completas de chats directamente en tu bandeja de entrada, con detalles de contacto vitales para la generaci\u00f3n de prospectos y la mejora del servicio.<\/li><li><b>Explora una amplia variedad de plantillas.<\/b> Configura tu chatbot AI r\u00e1pidamente con nuestra colecci\u00f3n de plantillas preconfiguradas. Est\u00e1n desarrolladas para diversas industrias y funciones, cada una con conjuntos de instrucciones personalizados para resultados instant\u00e1neos.<\/li><\/ul><p><a href=\"#demo\">Examina todas las opciones de personalizaci\u00f3n en un configurador 100% funcional<\/a><\/p> <\/div> <div class=\"application-platform-content-item-installation application-platform-content-item\" id=\"installation\" data-nav-section=\"installation\"> <h2>\u00bfC\u00f3mo agregar el widget AI Chatbot a HTML?<\/h2> <p>Si deseas agregar el chatbot AI a tu sitio web HTML, haz lo siguiente:<\/p> <ol><li><b>Personaliza el widget.<\/b><br> Selecciona una plantilla pre-hecha para comenzar. Luego, puedes entrenar tu chatbot, configurar la funcionalidad y cambiar su apariencia seg\u00fan las necesidades de tu negocio.<\/li><li><b>Obt\u00e9n el c\u00f3digo de inserci\u00f3n.<\/b><br> Guarda los resultados finales y copia el c\u00f3digo de inserci\u00f3n proporcionado.<\/li><li><b>Agrega el c\u00f3digo a tu creador de sitios web.<\/b><br> Ve al panel de administraci\u00f3n de tu sitio web, pega el c\u00f3digo corto en la secci\u00f3n elegida y actualiza la p\u00e1gina. \u00a1Eso es todo!<\/li> <\/ol><p>Si te encuentras con obst\u00e1culos, no dudes en contactar a nuestro equipo de servicio al cliente. Nuestra gente est\u00e1 deseando ayudarte con todos los problemas que puedas tener con el widget.<\/p><div class=\"faq\" data-component=\"FAQ\"><div class=\"faq-item\">\r\n\t\t\t\t\t<div class=\"faq-item-question\">\r\n\t\t\t\t\t\t<h3 class=\"faq-item-question-text\">\u00bfC\u00f3mo puedo agregar la informaci\u00f3n de mi empresa al widget AI Chatbot?<\/h3>\r\n\r\n\t\t\t\t\t\t<div class=\"faq-item-question-icon\"><\/div>\r\n\t\t\t\t\t<\/div>\r\n\r\n\t\t\t\t\t<div class=\"faq-item-answer\">\r\n\t\t\t\t\t\t<div class=\"faq-item-answer-text\"><p>Para agregar tus datos, navega a la pesta\u00f1a \u00abEntrenamiento\u00bb y selecciona uno de los formatos accesibles: archivos de documentos, pares espec\u00edficos de preguntas y respuestas o bloques de texto simples.<\/p> <\/div>\r\n\t\t\t\t\t<\/div>\r\n\t\t\t\t<\/div> <div class=\"faq-item\">\r\n\t\t\t\t\t<div class=\"faq-item-question\">\r\n\t\t\t\t\t\t<h3 class=\"faq-item-question-text\">\u00bfC\u00f3mo crear respuestas r\u00e1pidas para el chatbot AI?<\/h3>\r\n\r\n\t\t\t\t\t\t<div class=\"faq-item-question-icon\"><\/div>\r\n\t\t\t\t\t<\/div>\r\n\r\n\t\t\t\t\t<div class=\"faq-item-answer\">\r\n\t\t\t\t\t\t<div class=\"faq-item-answer-text\"><p>Puedes agregarlas directamente en el editor del chatbot AI en la secci\u00f3n \u00abSaludo\u00bb. Encontrar\u00e1s el campo donde puedes escribir una apertura de conversaci\u00f3n cautivadora o una consulta popular.<\/p> <\/div>\r\n\t\t\t\t\t<\/div>\r\n\t\t\t\t<\/div> <div class=\"faq-item\">\r\n\t\t\t\t\t<div class=\"faq-item-question\">\r\n\t\t\t\t\t\t<h3 class=\"faq-item-question-text\">\u00bfQu\u00e9 hace que el widget AI Chatbot de Elfsight sea el mejor para mi sitio web HTML?<\/h3>\r\n\r\n\t\t\t\t\t\t<div class=\"faq-item-question-icon\"><\/div>\r\n\t\t\t\t\t<\/div>\r\n\r\n\t\t\t\t\t<div class=\"faq-item-answer\">\r\n\t\t\t\t\t\t<div class=\"faq-item-answer-text\"> <p>El widget AI Chatbot es una soluci\u00f3n de chat sin c\u00f3digo impulsada por la tecnolog\u00eda AI m\u00e1s avanzada, lista para ser entrenada con la informaci\u00f3n de tu negocio. Con una interfaz intuitiva y varias opciones de personalizaci\u00f3n, puedes garantizar servicio al cliente las 24 horas con una experiencia personalizada y siempre mantener el control con informes continuos. \u00a1Descubre por ti mismo lo f\u00e1cil y r\u00e1pido que puede ser con Elfsight!<\/p> <\/div>\r\n\t\t\t\t\t<\/div>\r\n\t\t\t\t<\/div><\/div> <\/div> ","protected":false},"excerpt":{"rendered":"","protected":false},"author":9,"featured_media":0,"parent":17573,"menu_order":0,"comment_status":"closed","ping_status":"closed","template":"templates\/template-application-platform.php","meta":{"publish_to_discourse":"","publish_post_category":"","wpdc_auto_publish_overridden":"","wpdc_topic_tags":"","wpdc_pin_topic":"","wpdc_pin_until":"","discourse_post_id":"","discourse_permalink":"","wpdc_publishing_response":"","wpdc_publishing_error":"","footnotes":""},"class_list":["post-17669","page","type-page","status-publish","hentry"],"yoast_head":"<!-- This site is optimized with the Yoast SEO plugin v25.3.1 - https:\/\/yoast.com\/wordpress\/plugins\/seo\/ -->\n<title>Widget HTML AI Chatbot \u2013 Agregar Chatbot AI a HTML [GRATIS]<\/title>\n<meta name=\"description\" content=\"Agrega el mejor widget de AI Chatbot a tu sitio web de HTML sin necesidad de programar. \u00a1Agiliza el servicio al cliente con una integraci\u00f3n r\u00e1pida!\" \/>\n<meta name=\"robots\" content=\"index, follow, max-snippet:-1, max-image-preview:large, max-video-preview:-1\" \/>\n<link rel=\"canonical\" href=\"https:\/\/elfsight.com\/es\/ai-chatbot-widget\/html\/\" \/>\n<meta property=\"og:locale\" content=\"es_ES\" \/>\n<meta property=\"og:type\" content=\"article\" \/>\n<meta property=\"og:title\" content=\"Widget HTML AI Chatbot \u2013 Agregar Chatbot AI a HTML [GRATIS]\" \/>\n<meta property=\"og:description\" content=\"Agrega el mejor widget de AI Chatbot a tu sitio web de HTML sin necesidad de programar. \u00a1Agiliza el servicio al cliente con una integraci\u00f3n r\u00e1pida!\" \/>\n<meta property=\"og:url\" content=\"https:\/\/elfsight.com\/es\/ai-chatbot-widget\/html\/\" \/>\n<meta property=\"og:site_name\" content=\"Elfsight ES\" \/>\n<meta property=\"article:modified_time\" content=\"2025-02-06T14:51:09+00:00\" \/>\n<meta name=\"twitter:card\" content=\"summary_large_image\" \/>\n<meta name=\"twitter:label1\" content=\"Tiempo de lectura\" \/>\n\t<meta name=\"twitter:data1\" content=\"4 minutos\" \/>\n<!-- \/ Yoast SEO plugin. -->","yoast_head_json":{"title":"Widget HTML AI Chatbot \u2013 Agregar Chatbot AI a HTML [GRATIS]","description":"Agrega el mejor widget de AI Chatbot a tu sitio web de HTML sin necesidad de programar. \u00a1Agiliza el servicio al cliente con una integraci\u00f3n r\u00e1pida!","robots":{"index":"index","follow":"follow","max-snippet":"max-snippet:-1","max-image-preview":"max-image-preview:large","max-video-preview":"max-video-preview:-1"},"canonical":"https:\/\/elfsight.com\/es\/ai-chatbot-widget\/html\/","og_locale":"es_ES","og_type":"article","og_title":"Widget HTML AI Chatbot \u2013 Agregar Chatbot AI a HTML [GRATIS]","og_description":"Agrega el mejor widget de AI Chatbot a tu sitio web de HTML sin necesidad de programar. \u00a1Agiliza el servicio al cliente con una integraci\u00f3n r\u00e1pida!","og_url":"https:\/\/elfsight.com\/es\/ai-chatbot-widget\/html\/","og_site_name":"Elfsight ES","article_modified_time":"2025-02-06T14:51:09+00:00","twitter_card":"summary_large_image","twitter_misc":{"Tiempo de lectura":"4 minutos"},"schema":{"@context":"https:\/\/schema.org","@graph":[{"@type":"WebPage","@id":"https:\/\/elfsight.com\/es\/ai-chatbot-widget\/html\/","url":"https:\/\/elfsight.com\/es\/ai-chatbot-widget\/html\/","name":"Widget HTML AI Chatbot \u2013 Agregar Chatbot AI a HTML [GRATIS]","isPartOf":{"@id":"https:\/\/elfsight.com\/es\/#website"},"datePublished":"2024-12-28T06:45:53+00:00","dateModified":"2025-02-06T14:51:09+00:00","description":"Agrega el mejor widget de AI Chatbot a tu sitio web de HTML sin necesidad de programar. \u00a1Agiliza el servicio al cliente con una integraci\u00f3n r\u00e1pida!","breadcrumb":{"@id":"https:\/\/elfsight.com\/es\/ai-chatbot-widget\/html\/#breadcrumb"},"inLanguage":"es","potentialAction":[{"@type":"ReadAction","target":["https:\/\/elfsight.com\/es\/ai-chatbot-widget\/html\/"]}]},{"@type":"BreadcrumbList","@id":"https:\/\/elfsight.com\/es\/ai-chatbot-widget\/html\/#breadcrumb","itemListElement":[{"@type":"ListItem","position":1,"name":"Home","item":"https:\/\/elfsight.com\/es\/"},{"@type":"ListItem","position":2,"name":"AI Chatbot","item":"https:\/\/elfsight.com\/es\/ai-chatbot-widget\/"},{"@type":"ListItem","position":3,"name":"AI Chatbot &#8211; HTML"}]},{"@type":"WebSite","@id":"https:\/\/elfsight.com\/es\/#website","url":"https:\/\/elfsight.com\/es\/","name":"Elfsight ES","description":"Just another Elfsight Sites site","potentialAction":[{"@type":"SearchAction","target":{"@type":"EntryPoint","urlTemplate":"https:\/\/elfsight.com\/es\/?s={search_term_string}"},"query-input":{"@type":"PropertyValueSpecification","valueRequired":true,"valueName":"search_term_string"}}],"inLanguage":"es"}]}},"meta_box":{"industry":"","seo_heading":"","heading":"","description":"","cta_heading":"","cta_description":"","application":"17569","h1":"Agregar AI Chatbot al sitio web de HTML","h1_caption":"Crea el mejor chatbot de IA, entrenado espec\u00edficamente con los datos de tu negocio para automatizar el soporte al cliente, captar prospectos y ofrecer respuestas instant\u00e1neas y precisas en el sitio web de HTML\u201424\/7.","application_category":[],"applications_title":"","applications_request_title":"","applications_request_button_text":"","hero_text":"","hero_video":"","hero_video_schema_markup":"","selling_points_title":"","selling_points_caption":"","selling_points":[],"selling_points_cta_text":"","features_title":"","features":"","ed_cta_examples_text":"","ed_cta_examples_hidden":"","ed_cta_demo_text":"","ed_cta_demo_hidden":"","why_caption":"","why_editor_title":"","why_editor_text":"","why_team_title":"","why_team_text":"","why_service_title":"","why_service_text":"","template_catalog_visible":"","template_catalog_title":"","template_catalog_text":"","template_catalog_categories_visible":"","demo_title":"Crea tu widget de AI Chatbot","demo_caption":"Configura el AI Chatbot y agr\u00e9galo a tu sitio web de HTML de forma gratuita.","default_faq_hidden":"","app_template_category":[],"platform":"70","template_public_id":"","codecanyon_url":"","codecanyon_item_id":"","codecanyon_price":"","pricing_caption":"","pricing_elfsight_apps_hide_column":"","pricing_elfsight_apps_url":"","pricing_codecanyon_price_caption":"","integration_category":[],"integration_request_title":"","integration_request_cta":"","integration_platform":"","integrations":[],"platform_category":[],"video_schema_markup":"","price":"desde $0 \/ mes","trial":"","benefits":[{"text":"Asistencia de instalaci\u00f3n gratuita"},{"text":"Soporte al cliente experimentado"},{"text":"Garant\u00eda de devoluci\u00f3n de dinero de 14 d\u00edas"},{"text":"Desarrollo continuo"},{"text":""}],"button_url":"#demo","button_target_blank":"","button_nofollow":"","attributes":[{"name":"Instalaciones","content":"50,000 - 100,000"},{"name":"Responsivo","content":"S\u00ed"},{"name":"Navegadores compatibles","content":"Firefox, Safari, Opera, Chrome, Edge"}],"tags":[],"tags_disable_links":"","hide_more_platforms":"","video_object":"","demo_hide_cta":"","demo_hide_cloud_options":"","pricing_title":"","pricing":[{"pricing_icon":"platform","pricing_title":"Elfsight Apps","pricing_title_caption":"Versi\u00f3n multiplataforma que se adapta a cualquier sitio web","pricing_price":"desde $0 \/ mes","pricing_price_caption":"Comienza con un plan gratuito","pricing_benefits":[{"text":"Sitios web ilimitados"},{"text":"Soporte profesional"},{"text":"Soporte de instalaci\u00f3n sin cargo"},{"text":"Dise\u00f1o flexible"}],"pricing_button_text":"Agregar al sitio web","pricing_button_url":"#demo"}],"related_apps_title":"","related_apps_hidden":"","author":"","image":[],"title":"","job":"","social_networks":[]},"_links":{"self":[{"href":"https:\/\/elfsight.com\/es\/wp-json\/wp\/v2\/pages\/17669","targetHints":{"allow":["GET"]}}],"collection":[{"href":"https:\/\/elfsight.com\/es\/wp-json\/wp\/v2\/pages"}],"about":[{"href":"https:\/\/elfsight.com\/es\/wp-json\/wp\/v2\/types\/page"}],"author":[{"embeddable":true,"href":"https:\/\/elfsight.com\/es\/wp-json\/wp\/v2\/users\/9"}],"replies":[{"embeddable":true,"href":"https:\/\/elfsight.com\/es\/wp-json\/wp\/v2\/comments?post=17669"}],"version-history":[{"count":1,"href":"https:\/\/elfsight.com\/es\/wp-json\/wp\/v2\/pages\/17669\/revisions"}],"predecessor-version":[{"id":17673,"href":"https:\/\/elfsight.com\/es\/wp-json\/wp\/v2\/pages\/17669\/revisions\/17673"}],"up":[{"embeddable":true,"href":"https:\/\/elfsight.com\/es\/wp-json\/wp\/v2\/pages\/17573"}],"wp:attachment":[{"href":"https:\/\/elfsight.com\/es\/wp-json\/wp\/v2\/media?parent=17669"}],"curies":[{"name":"wp","href":"https:\/\/api.w.org\/{rel}","templated":true}]}}