{"id":17662,"date":"2024-12-28T07:42:21","date_gmt":"2024-12-28T07:42:21","guid":{"rendered":"https:\/\/elfsight.com\/es\/?page_id=17662"},"modified":"2025-02-06T14:51:02","modified_gmt":"2025-02-06T14:51:02","slug":"shopify","status":"publish","type":"page","link":"https:\/\/elfsight.com\/es\/ai-chatbot-widget\/shopify\/","title":{"rendered":"AI Chatbot &#8211; Shopify"},"content":{"rendered":"<div class=\"application-platform-content-item-description application-platform-content-item\" id=\"description\" data-nav-section=\"description\"><h2>\u00a1Incrusta el chatbot de IA en Shopify con el widget de Elfsight!<\/h2> <p>Crea un chatbot de IA de primer nivel para tu sitio web de Shopify, entrenado espec\u00edficamente en tu base de conocimientos, materiales de soporte o preguntas frecuentes de clientes. Perm\u00edtele aprender y adaptarse, ofreciendo mensajes personalizados para mejorar la experiencia del usuario diariamente.<\/p> <p>Optimiza las tareas de servicio al cliente, minimiza los tiempos de respuesta y captura clientes potenciales de manera eficiente sin esfuerzo manual. Ofrece asistencia ininterrumpida, asegurando que los clientes reciban las respuestas que necesitan, \u00a1a cualquier hora y desde cualquier lugar!<\/p> <p><b>\u00a1A\u00f1ade un asistente de IA para proporcionar respuestas r\u00e1pidas, resolver problemas y aumentar tus ventas!<\/b><\/p> <\/div><div class=\"application-platform-content-item-features application-platform-content-item\" id=\"features\" data-nav-section=\"features\"> <h2>Las caracter\u00edsticas m\u00e1s populares del widget incluyen:<\/h2> <ul><li><b>Automatiza tu comunicaci\u00f3n con los clientes.<\/b> Optimiza las respuestas r\u00e1pidas, ofrece disponibilidad 24\/7 y aumenta la eficiencia con una configuraci\u00f3n m\u00ednima: \u00a1gestiona chats y usuarios ilimitados sin problemas!<\/li><li><b>Ofrece una experiencia personalizada.<\/b> Ayuda a cada cliente a sentirse \u00fanico y crea la mejor experiencia con respuestas personalizadas, uso de su nombre, guardado del historial de chats y comunicaciones de seguimiento.<\/li><li><b>Entrena al chatbot con datos de la empresa.<\/b> Empodera al chatbot de IA con tu conocimiento espec\u00edfico cargando documentos, incorporando conjuntos de preguntas y respuestas y utilizando el contenido de tu sitio para el generador de instrucciones, asegurando respuestas correctas y aplicables adecuadas a tu contexto empresarial.<\/li><li><b>Obt\u00e9n informaci\u00f3n sobre los clientes en tu correo electr\u00f3nico.<\/b> Mantente informado y re\u00fane informaci\u00f3n importante recibiendo transcripciones completas de chats directamente en tu bandeja de entrada, con detalles clave de contacto para la generaci\u00f3n de clientes potenciales y la mejora del servicio.<\/li><li><b>Descubre una amplia selecci\u00f3n de plantillas.<\/b> Configura tu chatbot de IA r\u00e1pidamente con nuestra colecci\u00f3n de plantillas listas para usar. Est\u00e1n dise\u00f1adas para diversas industrias y funcionalidades, cada una con conjuntos de instrucciones personalizados para el \u00e9xito inmediato.<\/li><\/ul><p><a href=\"#demo\">Examina todas las opciones de personalizaci\u00f3n en el configurador 100% funcional<\/a><\/p> <\/div> <div class=\"application-platform-content-item-installation application-platform-content-item\" id=\"installation\" data-nav-section=\"installation\"> <h2>\u00bfC\u00f3mo a\u00f1adir el plugin de chatbot de IA a Shopify?<\/h2> <p>Si deseas incrustar el chatbot de IA en tu sitio web de Shopify, sigue estos pasos:<\/p> <ol><li><b>Personaliza el widget.<\/b><br> Elige una plantilla disponible para comenzar. Despu\u00e9s, si\u00e9ntete libre de entrenar tu chatbot, organizar la funcionalidad y modificar su dise\u00f1o para alinearlo con los objetivos de tu negocio.<\/li><li><b>Genera el c\u00f3digo de inserci\u00f3n.<\/b><br> Guarda los cambios y copia el c\u00f3digo de inserci\u00f3n generado autom\u00e1ticamente.<\/li><li><b>Agrega el c\u00f3digo al editor de tu sitio web.<\/b><br> Accede al \u00e1rea administrativa de tu sitio web, pega el c\u00f3digo donde sea necesario y actualiza la p\u00e1gina. \u00a1Listo!<\/li> <\/ol><p>En caso de enfrentar preguntas o problemas, no dudes en contactar con nuestro personal de servicio al cliente. Nuestra gente est\u00e1 ansiosa por ayudarte con todos los problemas que puedas tener con la aplicaci\u00f3n.<\/p> <div class=\"faq\" data-component=\"FAQ\"><div class=\"faq-item\">\r\n\t\t\t\t\t<div class=\"faq-item-question\">\r\n\t\t\t\t\t\t<h3 class=\"faq-item-question-text\">\u00bfC\u00f3mo puedo a\u00f1adir la informaci\u00f3n de mi negocio a la aplicaci\u00f3n de chatbot de IA?<\/h3>\r\n\r\n\t\t\t\t\t\t<div class=\"faq-item-question-icon\"><\/div>\r\n\t\t\t\t\t<\/div>\r\n\r\n\t\t\t\t\t<div class=\"faq-item-answer\">\r\n\t\t\t\t\t\t<div class=\"faq-item-answer-text\"><p>Para agregar tu informaci\u00f3n, revisa la secci\u00f3n \u00abEntrenamiento\u00bb y elige uno de los formatos disponibles: archivos de documentos, conjuntos de preguntas y respuestas espec\u00edficos o bloques de texto b\u00e1sicos.<\/p> <\/div>\r\n\t\t\t\t\t<\/div>\r\n\t\t\t\t<\/div> <div class=\"faq-item\">\r\n\t\t\t\t\t<div class=\"faq-item-question\">\r\n\t\t\t\t\t\t<h3 class=\"faq-item-question-text\">\u00bfC\u00f3mo crear respuestas r\u00e1pidas para el chatbot de IA?<\/h3>\r\n\r\n\t\t\t\t\t\t<div class=\"faq-item-question-icon\"><\/div>\r\n\t\t\t\t\t<\/div>\r\n\r\n\t\t\t\t\t<div class=\"faq-item-answer\">\r\n\t\t\t\t\t\t<div class=\"faq-item-answer-text\"><p>Puedes agregarlas directamente en el editor del chatbot de IA en la pesta\u00f1a \u00abSaludo\u00bb. Encontrar\u00e1s el campo donde puedes incluir un iniciador de conversaci\u00f3n atractivo o preguntas frecuentes.<\/p> <\/div>\r\n\t\t\t\t\t<\/div>\r\n\t\t\t\t<\/div> <div class=\"faq-item\">\r\n\t\t\t\t\t<div class=\"faq-item-question\">\r\n\t\t\t\t\t\t<h3 class=\"faq-item-question-text\">\u00bfQu\u00e9 hace que la aplicaci\u00f3n de chatbot de IA de Elfsight sea la mejor para mi sitio web de Shopify?<\/h3>\r\n\r\n\t\t\t\t\t\t<div class=\"faq-item-question-icon\"><\/div>\r\n\t\t\t\t\t<\/div>\r\n\r\n\t\t\t\t\t<div class=\"faq-item-answer\">\r\n\t\t\t\t\t\t<div class=\"faq-item-answer-text\"> <p>La aplicaci\u00f3n de chatbot de IA es una soluci\u00f3n de chat sin c\u00f3digo impulsada por el modelo de IA m\u00e1s reciente, lista para ser entrenada con tus conocimientos empresariales. Con una interfaz intuitiva y m\u00faltiples opciones de personalizaci\u00f3n, puedes ofrecer servicio al cliente 24\/7 con una experiencia personalizada y mantenerte siempre informado con informes regulares. \u00a1Desc\u00fabrelo por ti mismo lo f\u00e1cil y r\u00e1pido que puede ser con Elfsight!<\/p> <\/div>\r\n\t\t\t\t\t<\/div>\r\n\t\t\t\t<\/div><\/div><\/div> ","protected":false},"excerpt":{"rendered":"","protected":false},"author":9,"featured_media":0,"parent":17573,"menu_order":0,"comment_status":"closed","ping_status":"closed","template":"templates\/template-application-platform.php","meta":{"publish_to_discourse":"","publish_post_category":"","wpdc_auto_publish_overridden":"","wpdc_topic_tags":"","wpdc_pin_topic":"","wpdc_pin_until":"","discourse_post_id":"","discourse_permalink":"","wpdc_publishing_response":"","wpdc_publishing_error":"","footnotes":""},"class_list":["post-17662","page","type-page","status-publish","hentry"],"yoast_head":"<!-- This site is optimized with the Yoast SEO plugin v25.3.1 - https:\/\/yoast.com\/wordpress\/plugins\/seo\/ -->\n<title>Aplicaci\u00f3n Shopify AI Chatbot \u2013 Agregar Chatbot AI a Shopify [GRATIS]<\/title>\n<meta name=\"description\" content=\"Agrega la mejor aplicaci\u00f3n de AI Chatbot a tu sitio web de Shopify sin necesidad de programar. \u00a1Agiliza el servicio al cliente con una integraci\u00f3n simple!\" \/>\n<meta name=\"robots\" content=\"index, follow, max-snippet:-1, max-image-preview:large, max-video-preview:-1\" \/>\n<link rel=\"canonical\" href=\"https:\/\/elfsight.com\/es\/ai-chatbot-widget\/shopify\/\" \/>\n<meta property=\"og:locale\" content=\"es_ES\" \/>\n<meta property=\"og:type\" content=\"article\" \/>\n<meta property=\"og:title\" content=\"Aplicaci\u00f3n Shopify AI Chatbot \u2013 Agregar Chatbot AI a Shopify [GRATIS]\" \/>\n<meta property=\"og:description\" content=\"Agrega la mejor aplicaci\u00f3n de AI Chatbot a tu sitio web de Shopify sin necesidad de programar. \u00a1Agiliza el servicio al cliente con una integraci\u00f3n simple!\" \/>\n<meta property=\"og:url\" content=\"https:\/\/elfsight.com\/es\/ai-chatbot-widget\/shopify\/\" \/>\n<meta property=\"og:site_name\" content=\"Elfsight ES\" \/>\n<meta property=\"article:modified_time\" content=\"2025-02-06T14:51:02+00:00\" \/>\n<meta name=\"twitter:card\" content=\"summary_large_image\" \/>\n<meta name=\"twitter:label1\" content=\"Tiempo de lectura\" \/>\n\t<meta name=\"twitter:data1\" content=\"4 minutos\" \/>\n<!-- \/ Yoast SEO plugin. -->","yoast_head_json":{"title":"Aplicaci\u00f3n Shopify AI Chatbot \u2013 Agregar Chatbot AI a Shopify [GRATIS]","description":"Agrega la mejor aplicaci\u00f3n de AI Chatbot a tu sitio web de Shopify sin necesidad de programar. \u00a1Agiliza el servicio al cliente con una integraci\u00f3n simple!","robots":{"index":"index","follow":"follow","max-snippet":"max-snippet:-1","max-image-preview":"max-image-preview:large","max-video-preview":"max-video-preview:-1"},"canonical":"https:\/\/elfsight.com\/es\/ai-chatbot-widget\/shopify\/","og_locale":"es_ES","og_type":"article","og_title":"Aplicaci\u00f3n Shopify AI Chatbot \u2013 Agregar Chatbot AI a Shopify [GRATIS]","og_description":"Agrega la mejor aplicaci\u00f3n de AI Chatbot a tu sitio web de Shopify sin necesidad de programar. \u00a1Agiliza el servicio al cliente con una integraci\u00f3n simple!","og_url":"https:\/\/elfsight.com\/es\/ai-chatbot-widget\/shopify\/","og_site_name":"Elfsight ES","article_modified_time":"2025-02-06T14:51:02+00:00","twitter_card":"summary_large_image","twitter_misc":{"Tiempo de lectura":"4 minutos"},"schema":{"@context":"https:\/\/schema.org","@graph":[{"@type":"WebPage","@id":"https:\/\/elfsight.com\/es\/ai-chatbot-widget\/shopify\/","url":"https:\/\/elfsight.com\/es\/ai-chatbot-widget\/shopify\/","name":"Aplicaci\u00f3n Shopify AI Chatbot \u2013 Agregar Chatbot AI a Shopify [GRATIS]","isPartOf":{"@id":"https:\/\/elfsight.com\/es\/#website"},"datePublished":"2024-12-28T07:42:21+00:00","dateModified":"2025-02-06T14:51:02+00:00","description":"Agrega la mejor aplicaci\u00f3n de AI Chatbot a tu sitio web de Shopify sin necesidad de programar. \u00a1Agiliza el servicio al cliente con una integraci\u00f3n simple!","breadcrumb":{"@id":"https:\/\/elfsight.com\/es\/ai-chatbot-widget\/shopify\/#breadcrumb"},"inLanguage":"es","potentialAction":[{"@type":"ReadAction","target":["https:\/\/elfsight.com\/es\/ai-chatbot-widget\/shopify\/"]}]},{"@type":"BreadcrumbList","@id":"https:\/\/elfsight.com\/es\/ai-chatbot-widget\/shopify\/#breadcrumb","itemListElement":[{"@type":"ListItem","position":1,"name":"Home","item":"https:\/\/elfsight.com\/es\/"},{"@type":"ListItem","position":2,"name":"AI Chatbot","item":"https:\/\/elfsight.com\/es\/ai-chatbot-widget\/"},{"@type":"ListItem","position":3,"name":"AI Chatbot &#8211; Shopify"}]},{"@type":"WebSite","@id":"https:\/\/elfsight.com\/es\/#website","url":"https:\/\/elfsight.com\/es\/","name":"Elfsight ES","description":"Just another Elfsight Sites site","potentialAction":[{"@type":"SearchAction","target":{"@type":"EntryPoint","urlTemplate":"https:\/\/elfsight.com\/es\/?s={search_term_string}"},"query-input":{"@type":"PropertyValueSpecification","valueRequired":true,"valueName":"search_term_string"}}],"inLanguage":"es"}]}},"meta_box":{"industry":"","seo_heading":"","heading":"","description":"","cta_heading":"","cta_description":"","application":"17569","h1":"Agregar AI Chatbot al sitio web de Shopify","h1_caption":"Crea el mejor chatbot de IA, entrenado espec\u00edficamente con los datos de tu negocio para automatizar el soporte al cliente, captar prospectos y ofrecer respuestas instant\u00e1neas y precisas en el sitio web de Shopify\u201424\/7.","application_category":[],"applications_title":"","applications_request_title":"","applications_request_button_text":"","hero_text":"","hero_video":"","hero_video_schema_markup":"","selling_points_title":"","selling_points_caption":"","selling_points":[],"selling_points_cta_text":"","features_title":"","features":"","ed_cta_examples_text":"","ed_cta_examples_hidden":"","ed_cta_demo_text":"","ed_cta_demo_hidden":"","why_caption":"","why_editor_title":"","why_editor_text":"","why_team_title":"","why_team_text":"","why_service_title":"","why_service_text":"","template_catalog_visible":"","template_catalog_title":"","template_catalog_text":"","template_catalog_categories_visible":"","demo_title":"Crea tu aplicaci\u00f3n de AI Chatbot","demo_caption":"Configura el AI Chatbot y agr\u00e9galo a tu sitio web de Shopify de forma gratuita.","default_faq_hidden":"","app_template_category":[],"platform":"91","template_public_id":"","codecanyon_url":"","codecanyon_item_id":"","codecanyon_price":"","pricing_caption":"","pricing_elfsight_apps_hide_column":"","pricing_elfsight_apps_url":"","pricing_codecanyon_price_caption":"","integration_category":[],"integration_request_title":"","integration_request_cta":"","integration_platform":"","integrations":[],"platform_category":[],"video_schema_markup":"","price":"desde $0 \/ mes","trial":"","benefits":[{"text":"Servicio de instalaci\u00f3n sin costo"},{"text":"Soporte premium"},{"text":"Garant\u00eda de reembolso de 14 d\u00edas"},{"text":"Actualizaciones gratuitas continuas"},{"text":""}],"button_url":"#demo","button_target_blank":"","button_nofollow":"","attributes":[{"name":"Instalaciones","content":"50,000 - 100,000"},{"name":"Responsivo","content":"S\u00ed"},{"name":"Navegadores compatibles","content":"Firefox, Safari, Opera, Chrome, Edge"}],"tags":[],"tags_disable_links":"","hide_more_platforms":"","video_object":"","demo_hide_cta":"","demo_hide_cloud_options":"","pricing_title":"","pricing":[{"pricing_icon":"platform","pricing_title":"Elfsight Apps","pricing_title_caption":"Versi\u00f3n multiplataforma que funciona en cualquier sitio web","pricing_price":"desde $0 \/ mes","pricing_price_caption":"Comienza con un plan gratuito","pricing_benefits":[{"text":"Sitios web ilimitados"},{"text":"Soporte al cliente r\u00e1pido"},{"text":"Ayuda de instalaci\u00f3n sin cargo"},{"text":"100% personalizable"}],"pricing_button_text":"Agregar al sitio web","pricing_button_url":"#demo"}],"related_apps_title":"","related_apps_hidden":"","author":"","image":[],"title":"","job":"","social_networks":[]},"_links":{"self":[{"href":"https:\/\/elfsight.com\/es\/wp-json\/wp\/v2\/pages\/17662","targetHints":{"allow":["GET"]}}],"collection":[{"href":"https:\/\/elfsight.com\/es\/wp-json\/wp\/v2\/pages"}],"about":[{"href":"https:\/\/elfsight.com\/es\/wp-json\/wp\/v2\/types\/page"}],"author":[{"embeddable":true,"href":"https:\/\/elfsight.com\/es\/wp-json\/wp\/v2\/users\/9"}],"replies":[{"embeddable":true,"href":"https:\/\/elfsight.com\/es\/wp-json\/wp\/v2\/comments?post=17662"}],"version-history":[{"count":1,"href":"https:\/\/elfsight.com\/es\/wp-json\/wp\/v2\/pages\/17662\/revisions"}],"predecessor-version":[{"id":17666,"href":"https:\/\/elfsight.com\/es\/wp-json\/wp\/v2\/pages\/17662\/revisions\/17666"}],"up":[{"embeddable":true,"href":"https:\/\/elfsight.com\/es\/wp-json\/wp\/v2\/pages\/17573"}],"wp:attachment":[{"href":"https:\/\/elfsight.com\/es\/wp-json\/wp\/v2\/media?parent=17662"}],"curies":[{"name":"wp","href":"https:\/\/api.w.org\/{rel}","templated":true}]}}