{"id":17661,"date":"2024-12-28T07:48:51","date_gmt":"2024-12-28T07:48:51","guid":{"rendered":"https:\/\/elfsight.com\/es\/?page_id=17661"},"modified":"2025-02-06T14:51:02","modified_gmt":"2025-02-06T14:51:02","slug":"elementor","status":"publish","type":"page","link":"https:\/\/elfsight.com\/es\/ai-chatbot-widget\/elementor\/","title":{"rendered":"AI Chatbot &#8211; Elementor"},"content":{"rendered":"<div class=\"application-platform-content-item-description application-platform-content-item\" id=\"description\" data-nav-section=\"description\"><h2>\u00a1Incrusta el chatbot de IA en Elementor con el widget de Elfsight!<\/h2> <p>Crea un chatbot avanzado de IA para tu sitio web de Elementor, entrenado espec\u00edficamente en tu base de conocimientos, archivos de soporte o preguntas frecuentes de los clientes. Perm\u00edtele aprender y adaptarse, ofreciendo mensajes personalizados para mejorar el compromiso del usuario cada d\u00eda.<\/p> <p>Optimiza las tareas de servicio al cliente, reduce los tiempos de respuesta y captura clientes potenciales de manera eficiente sin intervenci\u00f3n manual. Ofrece asistencia ininterrumpida, garantizando que los clientes obtengan la informaci\u00f3n que desean, \u00a1cuando y donde sea!<\/p> <p><b>\u00a1A\u00f1ade un asistente de IA para proporcionar respuestas r\u00e1pidas, resolver problemas y mejorar tus ventas!<\/b><\/p> <\/div><div class=\"application-platform-content-item-features application-platform-content-item\" id=\"features\" data-nav-section=\"features\"> <h2>Las caracter\u00edsticas esenciales del widget incluyen:<\/h2> <ul><li><b>Automatiza tu comunicaci\u00f3n con los clientes.<\/b> Optimiza las respuestas, ofrece soporte 24\/7 y aumenta la eficiencia con una configuraci\u00f3n m\u00ednima: \u00a1gestiona chats y usuarios ilimitados sin esfuerzo!<\/li><li><b>Ofrece una experiencia personalizada.<\/b> Ayuda a cada cliente a sentirse especial y crea la mejor experiencia a trav\u00e9s de respuestas personalizadas, refiri\u00e9ndote a ellos por su nombre, seguimiento del historial de chats y comunicaciones de seguimiento.<\/li><li><b>Entrena al chatbot con datos de negocio.<\/b> Equipa al chatbot de IA con tu experiencia espec\u00edfica cargando materiales, incorporando pares de preguntas y respuestas, y utilizando el contenido de tu sitio para el generador de instrucciones, asegurando respuestas correctas y aplicables adaptadas a tu negocio.<\/li><li><b>Obt\u00e9n informaci\u00f3n sobre los clientes en tu correo electr\u00f3nico.<\/b> Mantente actualizado y recopila informaci\u00f3n importante recibiendo transcripciones completas de chats directamente en tu bandeja de entrada, con detalles clave de contacto para generar clientes potenciales y optimizar el servicio.<\/li><li><b>Descubre una amplia variedad de plantillas.<\/b> Configura tu chatbot de IA r\u00e1pidamente con nuestra biblioteca de plantillas listas para usar. Est\u00e1n dise\u00f1adas para diversas industrias y funcionalidades, cada una con conjuntos de instrucciones especializados para resultados instant\u00e1neos.<\/li><\/ul><p><a href=\"#demo\">Puedes consultar todas las capacidades del widget en el configurador de esta p\u00e1gina<\/a><\/p> <\/div> <div class=\"application-platform-content-item-installation application-platform-content-item\" id=\"installation\" data-nav-section=\"installation\"> <h2>\u00bfC\u00f3mo a\u00f1adir el widget de chatbot de IA a Elementor?<\/h2> <p>Para agregar el chatbot de IA a tu sitio web de Elementor, sigue los pasos a continuaci\u00f3n:<\/p> <ol><li><b>Personaliza el widget.<\/b><br> Comienza seleccionando una de las plantillas predefinidas. Luego, si\u00e9ntete libre de entrenar tu chatbot, configurar las funciones y cambiar su apariencia seg\u00fan las necesidades de tu negocio.<\/li><li><b>Obt\u00e9n el c\u00f3digo de inserci\u00f3n.<\/b><br> Guarda las personalizaciones y copia el c\u00f3digo de instalaci\u00f3n generado.<\/li><li><b>Agrega el c\u00f3digo al editor de tu sitio web.<\/b><br> Dir\u00edgete al \u00e1rea administrativa de tu sitio web, pega el shortcode donde sea necesario y actualiza la p\u00e1gina. \u00a1Listo!<\/li> <\/ol><p>Si tienes alguna dificultad, no dudes en contactar con nuestro personal de soporte. Nuestros especialistas estar\u00e1n encantados de ayudarte con todas las preguntas que puedas tener sobre el widget.<\/p> <div class=\"faq\" data-component=\"FAQ\"><div class=\"faq-item\">\r\n\t\t\t\t\t<div class=\"faq-item-question\">\r\n\t\t\t\t\t\t<h3 class=\"faq-item-question-text\">\u00bfC\u00f3mo puedo a\u00f1adir la informaci\u00f3n de mi negocio al widget de chatbot de IA?<\/h3>\r\n\r\n\t\t\t\t\t\t<div class=\"faq-item-question-icon\"><\/div>\r\n\t\t\t\t\t<\/div>\r\n\r\n\t\t\t\t\t<div class=\"faq-item-answer\">\r\n\t\t\t\t\t\t<div class=\"faq-item-answer-text\"><p>Para cargar tus datos, navega a la pesta\u00f1a \u00abEntrenamiento\u00bb y elige uno de los formatos existentes: archivos de documentos, conjuntos de preguntas y respuestas espec\u00edficas o bloques de texto b\u00e1sicos.<\/p> <\/div>\r\n\t\t\t\t\t<\/div>\r\n\t\t\t\t<\/div> <div class=\"faq-item\">\r\n\t\t\t\t\t<div class=\"faq-item-question\">\r\n\t\t\t\t\t\t<h3 class=\"faq-item-question-text\">\u00bfC\u00f3mo crear respuestas r\u00e1pidas para el chatbot de IA?<\/h3>\r\n\r\n\t\t\t\t\t\t<div class=\"faq-item-question-icon\"><\/div>\r\n\t\t\t\t\t<\/div>\r\n\r\n\t\t\t\t\t<div class=\"faq-item-answer\">\r\n\t\t\t\t\t\t<div class=\"faq-item-answer-text\"><p>Puedes agregarlas directamente en el configurador del chatbot de IA accediendo al men\u00fa \u00abSaludo\u00bb. Encontrar\u00e1s el campo donde puedes ingresar una pregunta cautivadora o una pregunta frecuente.<\/p> <\/div>\r\n\t\t\t\t\t<\/div>\r\n\t\t\t\t<\/div> <div class=\"faq-item\">\r\n\t\t\t\t\t<div class=\"faq-item-question\">\r\n\t\t\t\t\t\t<h3 class=\"faq-item-question-text\">\u00bfQu\u00e9 hace que el widget de chatbot de IA de Elfsight sea el mejor para mi sitio web de Elementor?<\/h3>\r\n\r\n\t\t\t\t\t\t<div class=\"faq-item-question-icon\"><\/div>\r\n\t\t\t\t\t<\/div>\r\n\r\n\t\t\t\t\t<div class=\"faq-item-answer\">\r\n\t\t\t\t\t\t<div class=\"faq-item-answer-text\"> <p>El widget de chatbot de IA es una soluci\u00f3n de chat sin codificaci\u00f3n impulsada por la tecnolog\u00eda de IA m\u00e1s avanzada, listo para ser entrenado con tus conocimientos organizacionales. Con una interfaz f\u00e1cil de usar y m\u00faltiples opciones de personalizaci\u00f3n, puedes asegurar asistencia al cliente durante todo el d\u00eda con una experiencia personalizada y mantenerte siempre informado con informes continuos. \u00a1Desc\u00fabrelo por ti mismo lo f\u00e1cil y r\u00e1pido que puede ser con Elfsight!<\/p> <\/div>\r\n\t\t\t\t\t<\/div>\r\n\t\t\t\t<\/div><\/div><\/div> ","protected":false},"excerpt":{"rendered":"","protected":false},"author":9,"featured_media":0,"parent":17573,"menu_order":0,"comment_status":"closed","ping_status":"closed","template":"templates\/template-application-platform.php","meta":{"publish_to_discourse":"","publish_post_category":"","wpdc_auto_publish_overridden":"","wpdc_topic_tags":"","wpdc_pin_topic":"","wpdc_pin_until":"","discourse_post_id":"","discourse_permalink":"","wpdc_publishing_response":"","wpdc_publishing_error":"","footnotes":""},"class_list":["post-17661","page","type-page","status-publish","hentry"],"yoast_head":"<!-- This site is optimized with the Yoast SEO plugin v25.3.1 - https:\/\/yoast.com\/wordpress\/plugins\/seo\/ -->\n<title>Widget Elementor AI Chatbot \u2013 Agregar Chatbot AI a Elementor [GRATIS]<\/title>\n<meta name=\"description\" content=\"Agrega el mejor widget de AI Chatbot a tu sitio web de Elementor sin necesidad de programar. \u00a1Optimiza la asistencia al cliente con una integraci\u00f3n f\u00e1cil!\" \/>\n<meta name=\"robots\" content=\"index, follow, max-snippet:-1, max-image-preview:large, max-video-preview:-1\" \/>\n<link rel=\"canonical\" href=\"https:\/\/elfsight.com\/es\/ai-chatbot-widget\/elementor\/\" \/>\n<meta property=\"og:locale\" content=\"es_ES\" \/>\n<meta property=\"og:type\" content=\"article\" \/>\n<meta property=\"og:title\" content=\"Widget Elementor AI Chatbot \u2013 Agregar Chatbot AI a Elementor [GRATIS]\" \/>\n<meta property=\"og:description\" content=\"Agrega el mejor widget de AI Chatbot a tu sitio web de Elementor sin necesidad de programar. \u00a1Optimiza la asistencia al cliente con una integraci\u00f3n f\u00e1cil!\" \/>\n<meta property=\"og:url\" content=\"https:\/\/elfsight.com\/es\/ai-chatbot-widget\/elementor\/\" \/>\n<meta property=\"og:site_name\" content=\"Elfsight ES\" \/>\n<meta property=\"article:modified_time\" content=\"2025-02-06T14:51:02+00:00\" \/>\n<meta name=\"twitter:card\" content=\"summary_large_image\" \/>\n<meta name=\"twitter:label1\" content=\"Tiempo de lectura\" \/>\n\t<meta name=\"twitter:data1\" content=\"4 minutos\" \/>\n<!-- \/ Yoast SEO plugin. -->","yoast_head_json":{"title":"Widget Elementor AI Chatbot \u2013 Agregar Chatbot AI a Elementor [GRATIS]","description":"Agrega el mejor widget de AI Chatbot a tu sitio web de Elementor sin necesidad de programar. \u00a1Optimiza la asistencia al cliente con una integraci\u00f3n f\u00e1cil!","robots":{"index":"index","follow":"follow","max-snippet":"max-snippet:-1","max-image-preview":"max-image-preview:large","max-video-preview":"max-video-preview:-1"},"canonical":"https:\/\/elfsight.com\/es\/ai-chatbot-widget\/elementor\/","og_locale":"es_ES","og_type":"article","og_title":"Widget Elementor AI Chatbot \u2013 Agregar Chatbot AI a Elementor [GRATIS]","og_description":"Agrega el mejor widget de AI Chatbot a tu sitio web de Elementor sin necesidad de programar. \u00a1Optimiza la asistencia al cliente con una integraci\u00f3n f\u00e1cil!","og_url":"https:\/\/elfsight.com\/es\/ai-chatbot-widget\/elementor\/","og_site_name":"Elfsight ES","article_modified_time":"2025-02-06T14:51:02+00:00","twitter_card":"summary_large_image","twitter_misc":{"Tiempo de lectura":"4 minutos"},"schema":{"@context":"https:\/\/schema.org","@graph":[{"@type":"WebPage","@id":"https:\/\/elfsight.com\/es\/ai-chatbot-widget\/elementor\/","url":"https:\/\/elfsight.com\/es\/ai-chatbot-widget\/elementor\/","name":"Widget Elementor AI Chatbot \u2013 Agregar Chatbot AI a Elementor [GRATIS]","isPartOf":{"@id":"https:\/\/elfsight.com\/es\/#website"},"datePublished":"2024-12-28T07:48:51+00:00","dateModified":"2025-02-06T14:51:02+00:00","description":"Agrega el mejor widget de AI Chatbot a tu sitio web de Elementor sin necesidad de programar. \u00a1Optimiza la asistencia al cliente con una integraci\u00f3n f\u00e1cil!","breadcrumb":{"@id":"https:\/\/elfsight.com\/es\/ai-chatbot-widget\/elementor\/#breadcrumb"},"inLanguage":"es","potentialAction":[{"@type":"ReadAction","target":["https:\/\/elfsight.com\/es\/ai-chatbot-widget\/elementor\/"]}]},{"@type":"BreadcrumbList","@id":"https:\/\/elfsight.com\/es\/ai-chatbot-widget\/elementor\/#breadcrumb","itemListElement":[{"@type":"ListItem","position":1,"name":"Home","item":"https:\/\/elfsight.com\/es\/"},{"@type":"ListItem","position":2,"name":"AI Chatbot","item":"https:\/\/elfsight.com\/es\/ai-chatbot-widget\/"},{"@type":"ListItem","position":3,"name":"AI Chatbot &#8211; Elementor"}]},{"@type":"WebSite","@id":"https:\/\/elfsight.com\/es\/#website","url":"https:\/\/elfsight.com\/es\/","name":"Elfsight ES","description":"Just another Elfsight Sites site","potentialAction":[{"@type":"SearchAction","target":{"@type":"EntryPoint","urlTemplate":"https:\/\/elfsight.com\/es\/?s={search_term_string}"},"query-input":{"@type":"PropertyValueSpecification","valueRequired":true,"valueName":"search_term_string"}}],"inLanguage":"es"}]}},"meta_box":{"industry":"","seo_heading":"","heading":"","description":"","cta_heading":"","cta_description":"","application":"17569","h1":"Agregar AI Chatbot al sitio web de Elementor","h1_caption":"Crea el mejor chatbot de IA, entrenado espec\u00edficamente con los datos de tu negocio para automatizar el soporte al cliente, captar prospectos y ofrecer respuestas instant\u00e1neas y precisas en el sitio web de Elementor\u201424\/7.","application_category":[],"applications_title":"","applications_request_title":"","applications_request_button_text":"","hero_text":"","hero_video":"","hero_video_schema_markup":"","selling_points_title":"","selling_points_caption":"","selling_points":[],"selling_points_cta_text":"","features_title":"","features":"","ed_cta_examples_text":"","ed_cta_examples_hidden":"","ed_cta_demo_text":"","ed_cta_demo_hidden":"","why_caption":"","why_editor_title":"","why_editor_text":"","why_team_title":"","why_team_text":"","why_service_title":"","why_service_text":"","template_catalog_visible":"","template_catalog_title":"","template_catalog_text":"","template_catalog_categories_visible":"","demo_title":"Crea tu widget de AI Chatbot","demo_caption":"Configura el AI Chatbot y agr\u00e9galo a tu sitio web de Elementor de forma gratuita.","default_faq_hidden":"","app_template_category":[],"platform":"58","template_public_id":"","codecanyon_url":"","codecanyon_item_id":"","codecanyon_price":"","pricing_caption":"","pricing_elfsight_apps_hide_column":"","pricing_elfsight_apps_url":"","pricing_codecanyon_price_caption":"","integration_category":[],"integration_request_title":"","integration_request_cta":"","integration_platform":"","integrations":[],"platform_category":[],"video_schema_markup":"","price":"desde $0 \/ mes","trial":"","benefits":[{"text":"Ayuda de instalaci\u00f3n gratuita"},{"text":"Soporte al cliente experimentado"},{"text":"Garant\u00eda de reembolso de 14 d\u00edas"},{"text":"Actualizaci\u00f3n constante"},{"text":""}],"button_url":"#demo","button_target_blank":"","button_nofollow":"","attributes":[{"name":"Instalaciones","content":"50,000 - 100,000"},{"name":"Responsivo","content":"S\u00ed"},{"name":"Navegadores compatibles","content":"Firefox, Safari, Opera, Chrome, Edge"}],"tags":[],"tags_disable_links":"","hide_more_platforms":"","video_object":"","demo_hide_cta":"","demo_hide_cloud_options":"","pricing_title":"","pricing":[{"pricing_icon":"platform","pricing_title":"Elfsight Apps","pricing_title_caption":"Soluci\u00f3n digital multiplataforma que se adapta a cualquier sitio web","pricing_price":"desde $0 \/ mes","pricing_price_caption":"Comienza con un plan gratuito","pricing_benefits":[{"text":"Sitios web ilimitados"},{"text":"Soporte al cliente premium"},{"text":"Soporte de instalaci\u00f3n sin costo"},{"text":"100% personalizable"}],"pricing_button_text":"Agregar al sitio web","pricing_button_url":"#demo"}],"related_apps_title":"","related_apps_hidden":"","author":"","image":[],"title":"","job":"","social_networks":[]},"_links":{"self":[{"href":"https:\/\/elfsight.com\/es\/wp-json\/wp\/v2\/pages\/17661","targetHints":{"allow":["GET"]}}],"collection":[{"href":"https:\/\/elfsight.com\/es\/wp-json\/wp\/v2\/pages"}],"about":[{"href":"https:\/\/elfsight.com\/es\/wp-json\/wp\/v2\/types\/page"}],"author":[{"embeddable":true,"href":"https:\/\/elfsight.com\/es\/wp-json\/wp\/v2\/users\/9"}],"replies":[{"embeddable":true,"href":"https:\/\/elfsight.com\/es\/wp-json\/wp\/v2\/comments?post=17661"}],"version-history":[{"count":1,"href":"https:\/\/elfsight.com\/es\/wp-json\/wp\/v2\/pages\/17661\/revisions"}],"predecessor-version":[{"id":17665,"href":"https:\/\/elfsight.com\/es\/wp-json\/wp\/v2\/pages\/17661\/revisions\/17665"}],"up":[{"embeddable":true,"href":"https:\/\/elfsight.com\/es\/wp-json\/wp\/v2\/pages\/17573"}],"wp:attachment":[{"href":"https:\/\/elfsight.com\/es\/wp-json\/wp\/v2\/media?parent=17661"}],"curies":[{"name":"wp","href":"https:\/\/api.w.org\/{rel}","templated":true}]}}