{"id":17660,"date":"2024-12-28T08:02:33","date_gmt":"2024-12-28T08:02:33","guid":{"rendered":"https:\/\/elfsight.com\/es\/?page_id=17660"},"modified":"2025-02-06T14:51:02","modified_gmt":"2025-02-06T14:51:02","slug":"google-sites","status":"publish","type":"page","link":"https:\/\/elfsight.com\/es\/ai-chatbot-widget\/google-sites\/","title":{"rendered":"AI Chatbot &#8211; Google Sites"},"content":{"rendered":"<div class=\"application-platform-content-item-description application-platform-content-item\" id=\"description\" data-nav-section=\"description\"><h2>\u00a1Inserte Chatbot de IA en Google Sites con el plugin de Elfsight!<\/h2> <p>Cree un chatbot de IA de primer nivel para su sitio web de Google Sites, espec\u00edficamente entrenado con su base de conocimientos, recursos de soporte o preguntas frecuentes comunes. Pot\u00e9ncielo para aprender y adaptarse, ofreciendo mensajes personalizados para servir mejor a sus usuarios todos los d\u00edas.<\/p> <p>Automatice sin esfuerzo las tareas de servicio al cliente, reduzca los tiempos de respuesta y capture clientes potenciales de manera efectiva sin intervenci\u00f3n manual. Ofrezca asistencia continua, asegurando que los clientes obtengan la informaci\u00f3n que necesitan, \u00a1en cualquier momento y en cualquier lugar!<\/p> <p><b>\u00a1A\u00f1ada un asistente de IA para responder preguntas, resolver dilemas y aumentar sus ventas!<\/b><\/p> <\/div><div class=\"application-platform-content-item-features application-platform-content-item\" id=\"features\" data-nav-section=\"features\"> <h2>Estas son solo algunas de las m\u00faltiples caracter\u00edsticas del plugin:<\/h2> <ul><li><b>Automatice sus interacciones con los clientes.<\/b> Agilice las respuestas, ofrezca disponibilidad las 24 horas y aumente la eficiencia con una configuraci\u00f3n m\u00ednima: \u00a1maneje chats y usuarios ilimitados sin esfuerzo!<\/li><li><b>Ofrezca una experiencia personalizada.<\/b> Haga que cada cliente se sienta importante y cree la mejor experiencia mediante respuestas personalizadas, saludos, seguimiento de conversaciones anteriores y comunicaciones posteriores.<\/li><li><b>Entrene el chatbot con informaci\u00f3n corporativa.<\/b> Potencie el chatbot de IA con sus conocimientos espec\u00edficos cargando documentos, creando pares de preguntas y respuestas y utilizando la informaci\u00f3n de su sitio para el generador de instrucciones, asegurando respuestas precisas y aplicables adaptadas a su negocio.<\/li><li><b>Obtenga informaci\u00f3n del cliente en su correo electr\u00f3nico.<\/b> Mant\u00e9ngase informado y recopile informaci\u00f3n importante al recibir las transcripciones completas de los chats directamente en su bandeja de entrada, con detalles clave de contacto para la generaci\u00f3n de prospectos y la optimizaci\u00f3n del servicio.<\/li><li><b>Descubra una amplia gama de plantillas.<\/b> Lance su chatbot de IA en un abrir y cerrar de ojos con nuestra colecci\u00f3n de plantillas listas para usar. Est\u00e1n creadas para varios sectores y funciones, cada una con conjuntos de instrucciones adaptadas para obtener resultados inmediatos.<\/li><\/ul><p><a href=\"#demo\">Pruebe este configurador para ver c\u00f3mo funciona<\/a><\/p> <\/div> <div class=\"application-platform-content-item-installation application-platform-content-item\" id=\"installation\" data-nav-section=\"installation\"> <h2>\u00bfC\u00f3mo agregar el plugin Chatbot de IA a Google Sites?<\/h2> <p>Si desea agregar el Chatbot de IA a su sitio web de Google Sites, haga lo siguiente:<\/p> <ol><li><b>Personalice el plugin.<\/b><br> Comience eligiendo una de las plantillas listas para usar. Luego, si\u00e9ntase libre de entrenar su chatbot, configurar las caracter\u00edsticas y modificar su dise\u00f1o seg\u00fan los objetivos de su negocio.<\/li><li><b>Obtenga el c\u00f3digo de inserci\u00f3n.<\/b><br> Guarde el trabajo completado y copie el c\u00f3digo de inserci\u00f3n proporcionado.<\/li><li><b>Agregue el c\u00f3digo a su editor de sitios web.<\/b><br> Vaya al \u00e1rea de administraci\u00f3n de su sitio web, pegue el c\u00f3digo donde sea necesario y actualice la p\u00e1gina. \u00a1Listo!<\/li> <\/ol><p>Si experimenta alg\u00fan problema, no dude en contactar a nuestro equipo de soporte. Nuestros especialistas estar\u00e1n encantados de ayudarlo con cualquier dificultad que tenga con el plugin.<\/p><div class=\"faq\" data-component=\"FAQ\"><div class=\"faq-item\">\r\n\t\t\t\t\t<div class=\"faq-item-question\">\r\n\t\t\t\t\t\t<h3 class=\"faq-item-question-text\">\u00bfC\u00f3mo puedo agregar la informaci\u00f3n de mi negocio al plugin Chatbot de IA?<\/h3>\r\n\r\n\t\t\t\t\t\t<div class=\"faq-item-question-icon\"><\/div>\r\n\t\t\t\t\t<\/div>\r\n\r\n\t\t\t\t\t<div class=\"faq-item-answer\">\r\n\t\t\t\t\t\t<div class=\"faq-item-answer-text\"><p>Para cargar sus datos, acceda a la pesta\u00f1a \u00abEntrenamiento\u00bb y elija uno de los formatos disponibles: archivos de documentos, conjuntos de preguntas y respuestas espec\u00edficos o bloques de texto simples.<\/p> <\/div>\r\n\t\t\t\t\t<\/div>\r\n\t\t\t\t<\/div> <div class=\"faq-item\">\r\n\t\t\t\t\t<div class=\"faq-item-question\">\r\n\t\t\t\t\t\t<h3 class=\"faq-item-question-text\">\u00bfC\u00f3mo crear respuestas r\u00e1pidas para el Chatbot de IA?<\/h3>\r\n\r\n\t\t\t\t\t\t<div class=\"faq-item-question-icon\"><\/div>\r\n\t\t\t\t\t<\/div>\r\n\r\n\t\t\t\t\t<div class=\"faq-item-answer\">\r\n\t\t\t\t\t\t<div class=\"faq-item-answer-text\"><p>Puede agregarlas directamente en el configurador del Chatbot de IA en la pesta\u00f1a \u00abSaludo\u00bb. Encontrar\u00e1 el campo donde puede ingresar un buen inicio de conversaci\u00f3n o una pregunta popular.<\/p> <\/div>\r\n\t\t\t\t\t<\/div>\r\n\t\t\t\t<\/div> <div class=\"faq-item\">\r\n\t\t\t\t\t<div class=\"faq-item-question\">\r\n\t\t\t\t\t\t<h3 class=\"faq-item-question-text\">\u00bfQu\u00e9 hace que el plugin Chatbot de IA de Elfsight sea el mejor para mi sitio web de Google Sites?<\/h3>\r\n\r\n\t\t\t\t\t\t<div class=\"faq-item-question-icon\"><\/div>\r\n\t\t\t\t\t<\/div>\r\n\r\n\t\t\t\t\t<div class=\"faq-item-answer\">\r\n\t\t\t\t\t\t<div class=\"faq-item-answer-text\"> <p>El plugin Chatbot de IA es una soluci\u00f3n de chat sin c\u00f3digo impulsada por la tecnolog\u00eda de IA m\u00e1s avanzada, lista para ser entrenada con la informaci\u00f3n de su organizaci\u00f3n. Con una interfaz intuitiva y varias configuraciones de personalizaci\u00f3n, puede ofrecer asistencia al cliente 24\/7 con una experiencia personalizada y siempre mantenerse informado con informes continuos. \u00a1Descubra por s\u00ed mismo lo f\u00e1cil y r\u00e1pido que puede ser con Elfsight!<\/p> <\/div>\r\n\t\t\t\t\t<\/div>\r\n\t\t\t\t<\/div><\/div> <\/div> ","protected":false},"excerpt":{"rendered":"","protected":false},"author":9,"featured_media":0,"parent":17573,"menu_order":0,"comment_status":"closed","ping_status":"closed","template":"templates\/template-application-platform.php","meta":{"publish_to_discourse":"","publish_post_category":"","wpdc_auto_publish_overridden":"","wpdc_topic_tags":"","wpdc_pin_topic":"","wpdc_pin_until":"","discourse_post_id":"","discourse_permalink":"","wpdc_publishing_response":"","wpdc_publishing_error":"","footnotes":""},"class_list":["post-17660","page","type-page","status-publish","hentry"],"yoast_head":"<!-- This site is optimized with the Yoast SEO plugin v25.3.1 - https:\/\/yoast.com\/wordpress\/plugins\/seo\/ -->\n<title>Complemento Google Sites AI Chatbot \u2013 Agregar Chatbot AI a Google Sites [GRATIS]<\/title>\n<meta name=\"description\" content=\"Agrega el mejor complemento de AI Chatbot a tu sitio web de Google Sites sin necesidad de programar. \u00a1Automatiza el soporte al cliente con una integraci\u00f3n r\u00e1pida!\" \/>\n<meta name=\"robots\" content=\"index, follow, max-snippet:-1, max-image-preview:large, max-video-preview:-1\" \/>\n<link rel=\"canonical\" href=\"https:\/\/elfsight.com\/es\/ai-chatbot-widget\/google-sites\/\" \/>\n<meta property=\"og:locale\" content=\"es_ES\" \/>\n<meta property=\"og:type\" content=\"article\" \/>\n<meta property=\"og:title\" content=\"Complemento Google Sites AI Chatbot \u2013 Agregar Chatbot AI a Google Sites [GRATIS]\" \/>\n<meta property=\"og:description\" content=\"Agrega el mejor complemento de AI Chatbot a tu sitio web de Google Sites sin necesidad de programar. \u00a1Automatiza el soporte al cliente con una integraci\u00f3n r\u00e1pida!\" \/>\n<meta property=\"og:url\" content=\"https:\/\/elfsight.com\/es\/ai-chatbot-widget\/google-sites\/\" \/>\n<meta property=\"og:site_name\" content=\"Elfsight ES\" \/>\n<meta property=\"article:modified_time\" content=\"2025-02-06T14:51:02+00:00\" \/>\n<meta name=\"twitter:card\" content=\"summary_large_image\" \/>\n<meta name=\"twitter:label1\" content=\"Tiempo de lectura\" \/>\n\t<meta name=\"twitter:data1\" content=\"4 minutos\" \/>\n<!-- \/ Yoast SEO plugin. -->","yoast_head_json":{"title":"Complemento Google Sites AI Chatbot \u2013 Agregar Chatbot AI a Google Sites [GRATIS]","description":"Agrega el mejor complemento de AI Chatbot a tu sitio web de Google Sites sin necesidad de programar. \u00a1Automatiza el soporte al cliente con una integraci\u00f3n r\u00e1pida!","robots":{"index":"index","follow":"follow","max-snippet":"max-snippet:-1","max-image-preview":"max-image-preview:large","max-video-preview":"max-video-preview:-1"},"canonical":"https:\/\/elfsight.com\/es\/ai-chatbot-widget\/google-sites\/","og_locale":"es_ES","og_type":"article","og_title":"Complemento Google Sites AI Chatbot \u2013 Agregar Chatbot AI a Google Sites [GRATIS]","og_description":"Agrega el mejor complemento de AI Chatbot a tu sitio web de Google Sites sin necesidad de programar. \u00a1Automatiza el soporte al cliente con una integraci\u00f3n r\u00e1pida!","og_url":"https:\/\/elfsight.com\/es\/ai-chatbot-widget\/google-sites\/","og_site_name":"Elfsight ES","article_modified_time":"2025-02-06T14:51:02+00:00","twitter_card":"summary_large_image","twitter_misc":{"Tiempo de lectura":"4 minutos"},"schema":{"@context":"https:\/\/schema.org","@graph":[{"@type":"WebPage","@id":"https:\/\/elfsight.com\/es\/ai-chatbot-widget\/google-sites\/","url":"https:\/\/elfsight.com\/es\/ai-chatbot-widget\/google-sites\/","name":"Complemento Google Sites AI Chatbot \u2013 Agregar Chatbot AI a Google Sites [GRATIS]","isPartOf":{"@id":"https:\/\/elfsight.com\/es\/#website"},"datePublished":"2024-12-28T08:02:33+00:00","dateModified":"2025-02-06T14:51:02+00:00","description":"Agrega el mejor complemento de AI Chatbot a tu sitio web de Google Sites sin necesidad de programar. \u00a1Automatiza el soporte al cliente con una integraci\u00f3n r\u00e1pida!","breadcrumb":{"@id":"https:\/\/elfsight.com\/es\/ai-chatbot-widget\/google-sites\/#breadcrumb"},"inLanguage":"es","potentialAction":[{"@type":"ReadAction","target":["https:\/\/elfsight.com\/es\/ai-chatbot-widget\/google-sites\/"]}]},{"@type":"BreadcrumbList","@id":"https:\/\/elfsight.com\/es\/ai-chatbot-widget\/google-sites\/#breadcrumb","itemListElement":[{"@type":"ListItem","position":1,"name":"Home","item":"https:\/\/elfsight.com\/es\/"},{"@type":"ListItem","position":2,"name":"AI Chatbot","item":"https:\/\/elfsight.com\/es\/ai-chatbot-widget\/"},{"@type":"ListItem","position":3,"name":"AI Chatbot &#8211; Google Sites"}]},{"@type":"WebSite","@id":"https:\/\/elfsight.com\/es\/#website","url":"https:\/\/elfsight.com\/es\/","name":"Elfsight ES","description":"Just another Elfsight Sites site","potentialAction":[{"@type":"SearchAction","target":{"@type":"EntryPoint","urlTemplate":"https:\/\/elfsight.com\/es\/?s={search_term_string}"},"query-input":{"@type":"PropertyValueSpecification","valueRequired":true,"valueName":"search_term_string"}}],"inLanguage":"es"}]}},"meta_box":{"industry":"","seo_heading":"","heading":"","description":"","cta_heading":"","cta_description":"","application":"17569","h1":"Agregar AI Chatbot al sitio web de Google Sites","h1_caption":"Crea el mejor chatbot de IA, entrenado espec\u00edficamente con los datos de tu negocio para automatizar el soporte al cliente, captar prospectos y ofrecer respuestas instant\u00e1neas y precisas en el sitio web de Google Sites\u201424\/7.","application_category":[],"applications_title":"","applications_request_title":"","applications_request_button_text":"","hero_text":"","hero_video":"","hero_video_schema_markup":"","selling_points_title":"","selling_points_caption":"","selling_points":[],"selling_points_cta_text":"","features_title":"","features":"","ed_cta_examples_text":"","ed_cta_examples_hidden":"","ed_cta_demo_text":"","ed_cta_demo_hidden":"","why_caption":"","why_editor_title":"","why_editor_text":"","why_team_title":"","why_team_text":"","why_service_title":"","why_service_text":"","template_catalog_visible":"","template_catalog_title":"","template_catalog_text":"","template_catalog_categories_visible":"","demo_title":"Crea tu complemento de AI Chatbot","demo_caption":"Configura el AI Chatbot y agr\u00e9galo a tu sitio web de Google Sites de forma gratuita.","default_faq_hidden":"","app_template_category":[],"platform":"67","template_public_id":"","codecanyon_url":"","codecanyon_item_id":"","codecanyon_price":"","pricing_caption":"","pricing_elfsight_apps_hide_column":"","pricing_elfsight_apps_url":"","pricing_codecanyon_price_caption":"","integration_category":[],"integration_request_title":"","integration_request_cta":"","integration_platform":"","integrations":[],"platform_category":[],"video_schema_markup":"","price":"desde $0 \/ mes","trial":"","benefits":[{"text":"Servicio de instalaci\u00f3n sin costo"},{"text":"Servicio al cliente efectivo"},{"text":"Garant\u00eda de reembolso de 14 d\u00edas"},{"text":"Actualizaci\u00f3n constante"},{"text":""}],"button_url":"#demo","button_target_blank":"","button_nofollow":"","attributes":[{"name":"Instalaciones","content":"50,000 - 100,000"},{"name":"Responsivo","content":"S\u00ed"},{"name":"Navegadores compatibles","content":"Firefox, Safari, Opera, Chrome, Edge"}],"tags":[],"tags_disable_links":"","hide_more_platforms":"","video_object":"","demo_hide_cta":"","demo_hide_cloud_options":"","pricing_title":"","pricing":[{"pricing_icon":"platform","pricing_title":"Elfsight Apps","pricing_title_caption":"Versi\u00f3n multiplataforma que se adapta a cualquier sitio web","pricing_price":"desde $0 \/ mes","pricing_price_caption":"Comienza con un plan gratuito","pricing_benefits":[{"text":"Sitios web ilimitados"},{"text":"Soporte de empresa premium"},{"text":"Servicio de instalaci\u00f3n sin costo"},{"text":"100% personalizable"}],"pricing_button_text":"Agregar al sitio web","pricing_button_url":"#demo"}],"related_apps_title":"","related_apps_hidden":"","author":"","image":[],"title":"","job":"","social_networks":[]},"_links":{"self":[{"href":"https:\/\/elfsight.com\/es\/wp-json\/wp\/v2\/pages\/17660","targetHints":{"allow":["GET"]}}],"collection":[{"href":"https:\/\/elfsight.com\/es\/wp-json\/wp\/v2\/pages"}],"about":[{"href":"https:\/\/elfsight.com\/es\/wp-json\/wp\/v2\/types\/page"}],"author":[{"embeddable":true,"href":"https:\/\/elfsight.com\/es\/wp-json\/wp\/v2\/users\/9"}],"replies":[{"embeddable":true,"href":"https:\/\/elfsight.com\/es\/wp-json\/wp\/v2\/comments?post=17660"}],"version-history":[{"count":1,"href":"https:\/\/elfsight.com\/es\/wp-json\/wp\/v2\/pages\/17660\/revisions"}],"predecessor-version":[{"id":17664,"href":"https:\/\/elfsight.com\/es\/wp-json\/wp\/v2\/pages\/17660\/revisions\/17664"}],"up":[{"embeddable":true,"href":"https:\/\/elfsight.com\/es\/wp-json\/wp\/v2\/pages\/17573"}],"wp:attachment":[{"href":"https:\/\/elfsight.com\/es\/wp-json\/wp\/v2\/media?parent=17660"}],"curies":[{"name":"wp","href":"https:\/\/api.w.org\/{rel}","templated":true}]}}