{"id":17654,"date":"2024-12-28T08:21:20","date_gmt":"2024-12-28T08:21:20","guid":{"rendered":"https:\/\/elfsight.com\/es\/?page_id=17654"},"modified":"2025-02-06T14:50:53","modified_gmt":"2025-02-06T14:50:53","slug":"joomla","status":"publish","type":"page","link":"https:\/\/elfsight.com\/es\/ai-chatbot-widget\/joomla\/","title":{"rendered":"AI Chatbot &#8211; Joomla"},"content":{"rendered":"<div class=\"application-platform-content-item-description application-platform-content-item\" id=\"description\" data-nav-section=\"description\"><h2>\u00a1Inserte Chatbot de IA en Joomla con el widget de Elfsight!<\/h2> <p>Cree un chatbot de IA avanzado para su sitio web Joomla, espec\u00edficamente entrenado con su base de conocimientos, materiales de soporte o preguntas frecuentes. Perm\u00edtale aprender y evolucionar, enviando mensajes personalizados para mejorar la experiencia del usuario todos los d\u00edas.<\/p> <p>Automatice f\u00e1cilmente las tareas de servicio al cliente, reduzca los tiempos de respuesta y genere clientes potenciales de manera eficiente sin trabajo manual. \u00a1Ofrezca asistencia 24\/7, garantizando que los clientes tengan la informaci\u00f3n que necesitan, en cualquier momento y desde cualquier ubicaci\u00f3n!<\/p> <p><b>\u00a1A\u00f1ada un asistente de IA para proporcionar respuestas instant\u00e1neas, resolver preocupaciones y mejorar sus ventas!<\/b><\/p> <\/div><div class=\"application-platform-content-item-features application-platform-content-item\" id=\"features\" data-nav-section=\"features\"> <h2>Ofrecemos caracter\u00edsticas pr\u00e1cticas y sencillas, aqu\u00ed algunas de ellas:<\/h2> <ul><li><b>Automatice su comunicaci\u00f3n con los clientes.<\/b> Agilice las respuestas r\u00e1pidas, ofrezca soporte durante todo el d\u00eda y mejore la eficiencia con una configuraci\u00f3n m\u00ednima: \u00a1maneje chats y usuarios ilimitados sin esfuerzo!<\/li><li><b>Ofrezca una experiencia personalizada.<\/b> Haga que cada cliente se sienta valorado y cree la mejor experiencia con respuestas personalizadas, utilizando sus nombres, haciendo un seguimiento de las conversaciones anteriores y comunic\u00e1ndose de forma efectiva.<\/li><li><b>Entrene el chatbot con los datos de la empresa.<\/b> Proporcione al chatbot de IA sus conocimientos espec\u00edficos cargando materiales, incluyendo conjuntos de preguntas y respuestas, y utilizando la informaci\u00f3n de su sitio para el generador de instrucciones, asegurando respuestas correctas y aplicables adaptadas a su negocio.<\/li><li><b>Obtenga informaci\u00f3n del cliente en su correo electr\u00f3nico.<\/b> Mant\u00e9ngase actualizado y capture informaci\u00f3n valiosa al recibir las transcripciones completas de los chats en su bandeja de entrada, con informaci\u00f3n clave de contacto para la generaci\u00f3n de prospectos y la mejora del servicio.<\/li><li><b>Explore una amplia gama de plantillas.<\/b> Configure su chatbot de IA r\u00e1pidamente con nuestra biblioteca de plantillas listas para usar. Est\u00e1n dise\u00f1adas para una variedad de industrias y funcionalidades, cada una con conjuntos de instrucciones adaptadas para el \u00e9xito inmediato.<\/li><\/ul><p><a href=\"#demo\">Solo consulte este configurador para ver el valor del widget<\/a><\/p> <\/div> <div class=\"application-platform-content-item-installation application-platform-content-item\" id=\"installation\" data-nav-section=\"installation\"> <h2>\u00bfC\u00f3mo agregar el plugin Chatbot de IA a Joomla?<\/h2> <p>Si desea insertar el Chatbot de IA en su sitio Joomla, siga los siguientes pasos:<\/p> <ol><li><b>Personalice el widget.<\/b><br> Seleccione una plantilla disponible para comenzar. Luego, si\u00e9ntase libre de entrenar su chatbot, configurar las caracter\u00edsticas y modificar su apariencia seg\u00fan los objetivos de su negocio.<\/li><li><b>Genere el c\u00f3digo de inserci\u00f3n.<\/b><br> Guarde los resultados finales y copie el c\u00f3digo de instalaci\u00f3n generado.<\/li><li><b>Agregue el c\u00f3digo a su editor de sitios web.<\/b><br> Inicie sesi\u00f3n en el panel de administraci\u00f3n de su sitio web, inserte el c\u00f3digo corto en la secci\u00f3n correspondiente y actualice la p\u00e1gina. \u00a1Listo!<\/li> <\/ol><p>En caso de tener preguntas o enfrentar problemas, no dude en contactar a nuestro equipo de soporte. Nuestros especialistas est\u00e1n dispuestos a resolver cualquier problema que pueda tener con la extensi\u00f3n.<\/p> <div class=\"faq\" data-component=\"FAQ\"><div class=\"faq-item\">\r\n\t\t\t\t\t<div class=\"faq-item-question\">\r\n\t\t\t\t\t\t<h3 class=\"faq-item-question-text\">\u00bfC\u00f3mo puedo agregar la informaci\u00f3n de mi negocio al plugin Chatbot de IA?<\/h3>\r\n\r\n\t\t\t\t\t\t<div class=\"faq-item-question-icon\"><\/div>\r\n\t\t\t\t\t<\/div>\r\n\r\n\t\t\t\t\t<div class=\"faq-item-answer\">\r\n\t\t\t\t\t\t<div class=\"faq-item-answer-text\"><p>Para cargar sus datos, abra el men\u00fa \u00abEntrenamiento\u00bb y elija uno de los formatos disponibles: archivos de documentos, conjuntos de preguntas y respuestas espec\u00edficos o bloques de texto simples.<\/p> <\/div>\r\n\t\t\t\t\t<\/div>\r\n\t\t\t\t<\/div> <div class=\"faq-item\">\r\n\t\t\t\t\t<div class=\"faq-item-question\">\r\n\t\t\t\t\t\t<h3 class=\"faq-item-question-text\">\u00bfC\u00f3mo crear respuestas r\u00e1pidas para el Chatbot de IA?<\/h3>\r\n\r\n\t\t\t\t\t\t<div class=\"faq-item-question-icon\"><\/div>\r\n\t\t\t\t\t<\/div>\r\n\r\n\t\t\t\t\t<div class=\"faq-item-answer\">\r\n\t\t\t\t\t\t<div class=\"faq-item-answer-text\"><p>Puede agregarlas directamente en el configurador del Chatbot de IA en la pesta\u00f1a \u00abSaludo\u00bb. Descubrir\u00e1 el campo donde puede incluir una introducci\u00f3n atractiva a la conversaci\u00f3n o preguntas frecuentes.<\/p> <\/div>\r\n\t\t\t\t\t<\/div>\r\n\t\t\t\t<\/div> <div class=\"faq-item\">\r\n\t\t\t\t\t<div class=\"faq-item-question\">\r\n\t\t\t\t\t\t<h3 class=\"faq-item-question-text\">\u00bfQu\u00e9 hace que la extensi\u00f3n Chatbot de IA de Elfsight sea la mejor?<\/h3>\r\n\r\n\t\t\t\t\t\t<div class=\"faq-item-question-icon\"><\/div>\r\n\t\t\t\t\t<\/div>\r\n\r\n\t\t\t\t\t<div class=\"faq-item-answer\">\r\n\t\t\t\t\t\t<div class=\"faq-item-answer-text\"> <p>La extensi\u00f3n Chatbot de IA es una soluci\u00f3n de chat sin c\u00f3digo respaldada por el modelo de IA m\u00e1s reciente, lista para ser entrenada con los datos de su empresa. Con una interfaz f\u00e1cil de usar y numerosas opciones de personalizaci\u00f3n, puede ofrecer atenci\u00f3n al cliente las 24 horas con una experiencia personalizada y siempre mantenerse informado con reportes continuos. \u00a1Vea por s\u00ed mismo lo conveniente y r\u00e1pido que puede ser con Elfsight!<\/p> <\/div>\r\n\t\t\t\t\t<\/div>\r\n\t\t\t\t<\/div><\/div><\/div> ","protected":false},"excerpt":{"rendered":"","protected":false},"author":9,"featured_media":0,"parent":17573,"menu_order":0,"comment_status":"closed","ping_status":"closed","template":"templates\/template-application-platform.php","meta":{"publish_to_discourse":"","publish_post_category":"","wpdc_auto_publish_overridden":"","wpdc_topic_tags":"","wpdc_pin_topic":"","wpdc_pin_until":"","discourse_post_id":"","discourse_permalink":"","wpdc_publishing_response":"","wpdc_publishing_error":"","footnotes":""},"class_list":["post-17654","page","type-page","status-publish","hentry"],"yoast_head":"<!-- This site is optimized with the Yoast SEO plugin v25.3.1 - https:\/\/yoast.com\/wordpress\/plugins\/seo\/ -->\n<title>Extensi\u00f3n Joomla AI Chatbot \u2013 Agregar Chatbot AI a Joomla [GRATIS]<\/title>\n<meta name=\"description\" content=\"Agrega la mejor extensi\u00f3n de AI Chatbot a tu sitio web de Joomla sin necesidad de programar. \u00a1Automatiza el soporte al cliente con una integraci\u00f3n r\u00e1pida!\" \/>\n<meta name=\"robots\" content=\"index, follow, max-snippet:-1, max-image-preview:large, max-video-preview:-1\" \/>\n<link rel=\"canonical\" href=\"https:\/\/elfsight.com\/es\/ai-chatbot-widget\/joomla\/\" \/>\n<meta property=\"og:locale\" content=\"es_ES\" \/>\n<meta property=\"og:type\" content=\"article\" \/>\n<meta property=\"og:title\" content=\"Extensi\u00f3n Joomla AI Chatbot \u2013 Agregar Chatbot AI a Joomla [GRATIS]\" \/>\n<meta property=\"og:description\" content=\"Agrega la mejor extensi\u00f3n de AI Chatbot a tu sitio web de Joomla sin necesidad de programar. \u00a1Automatiza el soporte al cliente con una integraci\u00f3n r\u00e1pida!\" \/>\n<meta property=\"og:url\" content=\"https:\/\/elfsight.com\/es\/ai-chatbot-widget\/joomla\/\" \/>\n<meta property=\"og:site_name\" content=\"Elfsight ES\" \/>\n<meta property=\"article:modified_time\" content=\"2025-02-06T14:50:53+00:00\" \/>\n<meta name=\"twitter:card\" content=\"summary_large_image\" \/>\n<meta name=\"twitter:label1\" content=\"Tiempo de lectura\" \/>\n\t<meta name=\"twitter:data1\" content=\"4 minutos\" \/>\n<!-- \/ Yoast SEO plugin. -->","yoast_head_json":{"title":"Extensi\u00f3n Joomla AI Chatbot \u2013 Agregar Chatbot AI a Joomla [GRATIS]","description":"Agrega la mejor extensi\u00f3n de AI Chatbot a tu sitio web de Joomla sin necesidad de programar. \u00a1Automatiza el soporte al cliente con una integraci\u00f3n r\u00e1pida!","robots":{"index":"index","follow":"follow","max-snippet":"max-snippet:-1","max-image-preview":"max-image-preview:large","max-video-preview":"max-video-preview:-1"},"canonical":"https:\/\/elfsight.com\/es\/ai-chatbot-widget\/joomla\/","og_locale":"es_ES","og_type":"article","og_title":"Extensi\u00f3n Joomla AI Chatbot \u2013 Agregar Chatbot AI a Joomla [GRATIS]","og_description":"Agrega la mejor extensi\u00f3n de AI Chatbot a tu sitio web de Joomla sin necesidad de programar. \u00a1Automatiza el soporte al cliente con una integraci\u00f3n r\u00e1pida!","og_url":"https:\/\/elfsight.com\/es\/ai-chatbot-widget\/joomla\/","og_site_name":"Elfsight ES","article_modified_time":"2025-02-06T14:50:53+00:00","twitter_card":"summary_large_image","twitter_misc":{"Tiempo de lectura":"4 minutos"},"schema":{"@context":"https:\/\/schema.org","@graph":[{"@type":"WebPage","@id":"https:\/\/elfsight.com\/es\/ai-chatbot-widget\/joomla\/","url":"https:\/\/elfsight.com\/es\/ai-chatbot-widget\/joomla\/","name":"Extensi\u00f3n Joomla AI Chatbot \u2013 Agregar Chatbot AI a Joomla [GRATIS]","isPartOf":{"@id":"https:\/\/elfsight.com\/es\/#website"},"datePublished":"2024-12-28T08:21:20+00:00","dateModified":"2025-02-06T14:50:53+00:00","description":"Agrega la mejor extensi\u00f3n de AI Chatbot a tu sitio web de Joomla sin necesidad de programar. \u00a1Automatiza el soporte al cliente con una integraci\u00f3n r\u00e1pida!","breadcrumb":{"@id":"https:\/\/elfsight.com\/es\/ai-chatbot-widget\/joomla\/#breadcrumb"},"inLanguage":"es","potentialAction":[{"@type":"ReadAction","target":["https:\/\/elfsight.com\/es\/ai-chatbot-widget\/joomla\/"]}]},{"@type":"BreadcrumbList","@id":"https:\/\/elfsight.com\/es\/ai-chatbot-widget\/joomla\/#breadcrumb","itemListElement":[{"@type":"ListItem","position":1,"name":"Home","item":"https:\/\/elfsight.com\/es\/"},{"@type":"ListItem","position":2,"name":"AI Chatbot","item":"https:\/\/elfsight.com\/es\/ai-chatbot-widget\/"},{"@type":"ListItem","position":3,"name":"AI Chatbot &#8211; Joomla"}]},{"@type":"WebSite","@id":"https:\/\/elfsight.com\/es\/#website","url":"https:\/\/elfsight.com\/es\/","name":"Elfsight ES","description":"Just another Elfsight Sites site","potentialAction":[{"@type":"SearchAction","target":{"@type":"EntryPoint","urlTemplate":"https:\/\/elfsight.com\/es\/?s={search_term_string}"},"query-input":{"@type":"PropertyValueSpecification","valueRequired":true,"valueName":"search_term_string"}}],"inLanguage":"es"}]}},"meta_box":{"industry":"","seo_heading":"","heading":"","description":"","cta_heading":"","cta_description":"","application":"17569","h1":"Agregar AI Chatbot al sitio web de Joomla","h1_caption":"Crea el mejor chatbot de IA, entrenado espec\u00edficamente con los datos de tu negocio para automatizar el soporte al cliente, captar prospectos y ofrecer respuestas instant\u00e1neas y precisas en el sitio web de Joomla\u201424\/7.","application_category":[],"applications_title":"","applications_request_title":"","applications_request_button_text":"","hero_text":"","hero_video":"","hero_video_schema_markup":"","selling_points_title":"","selling_points_caption":"","selling_points":[],"selling_points_cta_text":"","features_title":"","features":"","ed_cta_examples_text":"","ed_cta_examples_hidden":"","ed_cta_demo_text":"","ed_cta_demo_hidden":"","why_caption":"","why_editor_title":"","why_editor_text":"","why_team_title":"","why_team_text":"","why_service_title":"","why_service_text":"","template_catalog_visible":"","template_catalog_title":"","template_catalog_text":"","template_catalog_categories_visible":"","demo_title":"Crea tu extensi\u00f3n de AI Chatbot","demo_caption":"Configura el AI Chatbot y agr\u00e9galo a tu sitio web de Joomla de forma gratuita.","default_faq_hidden":"","app_template_category":[],"platform":"73","template_public_id":"","codecanyon_url":"","codecanyon_item_id":"","codecanyon_price":"","pricing_caption":"","pricing_elfsight_apps_hide_column":"","pricing_elfsight_apps_url":"","pricing_codecanyon_price_caption":"","integration_category":[],"integration_request_title":"","integration_request_cta":"","integration_platform":"","integrations":[],"platform_category":[],"video_schema_markup":"","price":"desde $0 \/ mes","trial":"","benefits":[{"text":"Servicio de instalaci\u00f3n sin costo"},{"text":"Soporte excepcional"},{"text":"Garant\u00eda de reembolso de 14 d\u00edas"},{"text":"Mejoras gratuitas continuas"},{"text":""}],"button_url":"#demo","button_target_blank":"","button_nofollow":"","attributes":[{"name":"Instalaciones","content":"50,000 - 100,000"},{"name":"Responsivo","content":"S\u00ed"},{"name":"Navegadores compatibles","content":"Firefox, Safari, Opera, Chrome, Edge"}],"tags":[],"tags_disable_links":"","hide_more_platforms":"","video_object":"","demo_hide_cta":"","demo_hide_cloud_options":"","pricing_title":"","pricing":[{"pricing_icon":"platform","pricing_title":"Elfsight Apps","pricing_title_caption":"Soluci\u00f3n digital independiente de la plataforma que se adapta a cualquier sitio web","pricing_price":"desde $0 \/ mes","pricing_price_caption":"Comienza con un plan gratuito","pricing_benefits":[{"text":"Sitios web ilimitados"},{"text":"Soporte de empresa dedicado"},{"text":"Servicio de instalaci\u00f3n sin cargo"},{"text":"Dise\u00f1o flexible"}],"pricing_button_text":"Agregar al sitio web","pricing_button_url":"#demo"}],"related_apps_title":"","related_apps_hidden":"","author":"","image":[],"title":"","job":"","social_networks":[]},"_links":{"self":[{"href":"https:\/\/elfsight.com\/es\/wp-json\/wp\/v2\/pages\/17654","targetHints":{"allow":["GET"]}}],"collection":[{"href":"https:\/\/elfsight.com\/es\/wp-json\/wp\/v2\/pages"}],"about":[{"href":"https:\/\/elfsight.com\/es\/wp-json\/wp\/v2\/types\/page"}],"author":[{"embeddable":true,"href":"https:\/\/elfsight.com\/es\/wp-json\/wp\/v2\/users\/9"}],"replies":[{"embeddable":true,"href":"https:\/\/elfsight.com\/es\/wp-json\/wp\/v2\/comments?post=17654"}],"version-history":[{"count":1,"href":"https:\/\/elfsight.com\/es\/wp-json\/wp\/v2\/pages\/17654\/revisions"}],"predecessor-version":[{"id":17658,"href":"https:\/\/elfsight.com\/es\/wp-json\/wp\/v2\/pages\/17654\/revisions\/17658"}],"up":[{"embeddable":true,"href":"https:\/\/elfsight.com\/es\/wp-json\/wp\/v2\/pages\/17573"}],"wp:attachment":[{"href":"https:\/\/elfsight.com\/es\/wp-json\/wp\/v2\/media?parent=17654"}],"curies":[{"name":"wp","href":"https:\/\/api.w.org\/{rel}","templated":true}]}}