{"id":17651,"date":"2024-12-28T08:51:18","date_gmt":"2024-12-28T08:51:18","guid":{"rendered":"https:\/\/elfsight.com\/es\/?page_id=17651"},"modified":"2025-02-06T14:50:53","modified_gmt":"2025-02-06T14:50:53","slug":"jquery","status":"publish","type":"page","link":"https:\/\/elfsight.com\/es\/ai-chatbot-widget\/jquery\/","title":{"rendered":"AI Chatbot &#8211; jQuery"},"content":{"rendered":"<div class=\"application-platform-content-item-description application-platform-content-item\" id=\"description\" data-nav-section=\"description\"><h2>\u00a1Incrusta el chatbot AI en jQuery con el widget de Elfsight!<\/h2><p>Crea un chatbot AI de alta calidad para tu sitio web jQuery, espec\u00edficamente entrenado con tu base de conocimientos, materiales de soporte o preguntas frecuentes de clientes. Pot\u00e9ncialo para que aprenda y evolucione, entregando mensajes personalizados para mejorar el compromiso del usuario a diario.<\/p><p>Automatiza tareas de servicio al cliente, minimiza los tiempos de respuesta y genera leads de manera efectiva sin intervenci\u00f3n manual. Ofrece asistencia las 24 horas del d\u00eda, para que los clientes puedan obtener la informaci\u00f3n que necesitan, \u00a1en cualquier momento y lugar!<\/p><p><b>\u00a1A\u00f1ade un asistente AI para proporcionar respuestas instant\u00e1neas, resolver dilemas y aumentar tus ventas!<\/b><\/p><\/div><div class=\"application-platform-content-item-features application-platform-content-item\" id=\"features\" data-nav-section=\"features\"><h2>Estas son solo algunas de las poderosas caracter\u00edsticas del widget:<\/h2><ul><li><b>Automatiza tus interacciones con los clientes.<\/b> Optimiza las respuestas, garantiza disponibilidad todo el d\u00eda y aumenta la eficiencia con una configuraci\u00f3n m\u00ednima: \u00a1maneja chats y usuarios ilimitados sin problemas!<\/li><li><b>Crea una experiencia personalizada.<\/b> Ayuda a cada cliente a sentirse \u00fanico y crea la mejor experiencia a trav\u00e9s de respuestas personalizadas, llam\u00e1ndolos por su nombre, guardando el historial de chat y realizando comunicaciones de seguimiento.<\/li><li><b>Entrena al chatbot con datos de la empresa.<\/b> Fortalece el chatbot AI con tu conocimiento espec\u00edfico cargando documentos, incluidos conjuntos de preguntas y respuestas, y aprovechando la informaci\u00f3n de tu sitio para el generador de instrucciones, asegurando respuestas precisas y relevantes adaptadas a tu negocio.<\/li><li><b>Obt\u00e9n informaci\u00f3n del cliente en tu correo electr\u00f3nico.<\/b> Mantente actualizado y recopila informaci\u00f3n importante al recibir las transcripciones completas de los chats directamente en tu bandeja de entrada, con detalles clave de contacto para generar leads y mejorar el servicio.<\/li><li><b>Explora una amplia variedad de plantillas.<\/b> Implementa tu chatbot AI en poco tiempo con nuestra biblioteca de plantillas preconfiguradas. Est\u00e1n dirigidas a diversos sectores y prop\u00f3sitos, cada una con conjuntos de instrucciones especializadas para obtener resultados instant\u00e1neos.<\/li><\/ul><p><a href=\"#demo\">Puedes probar el widget usando el configurador<\/a><\/p><\/div><div class=\"application-platform-content-item-installation application-platform-content-item\" id=\"installation\" data-nav-section=\"installation\"><h2>\u00bfC\u00f3mo agregar el plugin AI Chatbot a jQuery?<\/h2><p>Para agregar el chatbot AI a tu sitio web jQuery, sigue estos pasos:<\/p><ol><li><b>Personaliza el widget.<\/b><br>Selecciona una plantilla lista para usar para comenzar. Luego, si\u00e9ntete libre de entrenar tu chatbot, organizar las caracter\u00edsticas y modificar su dise\u00f1o para cumplir con los objetivos de tu negocio.<\/li><li><b>Genera el c\u00f3digo de inserci\u00f3n.<\/b><br>Guarda el trabajo realizado y copia el c\u00f3digo de instalaci\u00f3n proporcionado.<\/li><li><b>Agrega el c\u00f3digo a tu creador de sitios web.<\/b><br>Inicia sesi\u00f3n en el \u00e1rea de administraci\u00f3n de tu sitio web, pega el c\u00f3digo corto en la ubicaci\u00f3n apropiada y actualiza la p\u00e1gina. \u00a1Todo listo!<\/li><\/ol><p>En caso de tener preguntas o enfrentar dificultades, por favor contacta a nuestro personal de soporte. Nuestros consultores est\u00e1n dispuestos a resolver cualquier inconveniente que puedas tener con el plugin.<\/p><div class=\"faq\" data-component=\"FAQ\"><div class=\"faq-item\">\r\n\t\t\t\t\t<div class=\"faq-item-question\">\r\n\t\t\t\t\t\t<h3 class=\"faq-item-question-text\">\u00bfC\u00f3mo puedo agregar la informaci\u00f3n de mi negocio al plugin AI Chatbot?<\/h3>\r\n\r\n\t\t\t\t\t\t<div class=\"faq-item-question-icon\"><\/div>\r\n\t\t\t\t\t<\/div>\r\n\r\n\t\t\t\t\t<div class=\"faq-item-answer\">\r\n\t\t\t\t\t\t<div class=\"faq-item-answer-text\"><p>Para cargar tu informaci\u00f3n, navega a la secci\u00f3n \u00abEntrenamiento\u00bb y selecciona uno de los formatos disponibles: archivos de documentos, conjuntos espec\u00edficos de preguntas y respuestas o bloques de texto simples.<\/p><\/div>\r\n\t\t\t\t\t<\/div>\r\n\t\t\t\t<\/div><div class=\"faq-item\">\r\n\t\t\t\t\t<div class=\"faq-item-question\">\r\n\t\t\t\t\t\t<h3 class=\"faq-item-question-text\">\u00bfC\u00f3mo crear respuestas r\u00e1pidas para el AI Chatbot?<\/h3>\r\n\r\n\t\t\t\t\t\t<div class=\"faq-item-question-icon\"><\/div>\r\n\t\t\t\t\t<\/div>\r\n\r\n\t\t\t\t\t<div class=\"faq-item-answer\">\r\n\t\t\t\t\t\t<div class=\"faq-item-answer-text\"><p>Puedes agregarlas directamente en el editor del AI Chatbot yendo a la secci\u00f3n \u00abSaludo\u00bb. Encontrar\u00e1s el campo donde puedes ingresar una apertura de conversaci\u00f3n atractiva o una pregunta popular.<\/p><\/div>\r\n\t\t\t\t\t<\/div>\r\n\t\t\t\t<\/div><div class=\"faq-item\">\r\n\t\t\t\t\t<div class=\"faq-item-question\">\r\n\t\t\t\t\t\t<h3 class=\"faq-item-question-text\">\u00bfQu\u00e9 hace que el plugin AI Chatbot de Elfsight sea el mejor para mi sitio web jQuery?<\/h3>\r\n\r\n\t\t\t\t\t\t<div class=\"faq-item-question-icon\"><\/div>\r\n\t\t\t\t\t<\/div>\r\n\r\n\t\t\t\t\t<div class=\"faq-item-answer\">\r\n\t\t\t\t\t\t<div class=\"faq-item-answer-text\"><p>El plugin AI Chatbot es una soluci\u00f3n de chat sin c\u00f3digo respaldada por la \u00faltima tecnolog\u00eda AI, lista para ser entrenada con los datos de tu organizaci\u00f3n. Con una interfaz accesible y m\u00faltiples opciones de personalizaci\u00f3n, puedes ofrecer soporte al cliente todo el d\u00eda con una experiencia personalizada y siempre estar informado con informes regulares. \u00a1Desc\u00fabrelo t\u00fa mismo lo f\u00e1cil y r\u00e1pido que puede ser con Elfsight!<\/p><\/div>\r\n\t\t\t\t\t<\/div>\r\n\t\t\t\t<\/div><\/div> <\/div>","protected":false},"excerpt":{"rendered":"","protected":false},"author":9,"featured_media":0,"parent":17573,"menu_order":0,"comment_status":"closed","ping_status":"closed","template":"templates\/template-application-platform.php","meta":{"publish_to_discourse":"","publish_post_category":"","wpdc_auto_publish_overridden":"","wpdc_topic_tags":"","wpdc_pin_topic":"","wpdc_pin_until":"","discourse_post_id":"","discourse_permalink":"","wpdc_publishing_response":"","wpdc_publishing_error":"","footnotes":""},"class_list":["post-17651","page","type-page","status-publish","hentry"],"yoast_head":"<!-- This site is optimized with the Yoast SEO plugin v25.3.1 - https:\/\/yoast.com\/wordpress\/plugins\/seo\/ -->\n<title>Complemento jQuery AI Chatbot \u2013 Agregar Chatbot AI a jQuery [GRATIS]<\/title>\n<meta name=\"description\" content=\"Agrega el mejor complemento de AI Chatbot a tu sitio web de jQuery sin necesidad de programar. \u00a1Optimiza el soporte al cliente con una integraci\u00f3n directa!\" \/>\n<meta name=\"robots\" content=\"index, follow, max-snippet:-1, max-image-preview:large, max-video-preview:-1\" \/>\n<link rel=\"canonical\" href=\"https:\/\/elfsight.com\/es\/ai-chatbot-widget\/jquery\/\" \/>\n<meta property=\"og:locale\" content=\"es_ES\" \/>\n<meta property=\"og:type\" content=\"article\" \/>\n<meta property=\"og:title\" content=\"Complemento jQuery AI Chatbot \u2013 Agregar Chatbot AI a jQuery [GRATIS]\" \/>\n<meta property=\"og:description\" content=\"Agrega el mejor complemento de AI Chatbot a tu sitio web de jQuery sin necesidad de programar. \u00a1Optimiza el soporte al cliente con una integraci\u00f3n directa!\" \/>\n<meta property=\"og:url\" content=\"https:\/\/elfsight.com\/es\/ai-chatbot-widget\/jquery\/\" \/>\n<meta property=\"og:site_name\" content=\"Elfsight ES\" \/>\n<meta property=\"article:modified_time\" content=\"2025-02-06T14:50:53+00:00\" \/>\n<meta name=\"twitter:card\" content=\"summary_large_image\" \/>\n<meta name=\"twitter:label1\" content=\"Tiempo de lectura\" \/>\n\t<meta name=\"twitter:data1\" content=\"4 minutos\" \/>\n<!-- \/ Yoast SEO plugin. -->","yoast_head_json":{"title":"Complemento jQuery AI Chatbot \u2013 Agregar Chatbot AI a jQuery [GRATIS]","description":"Agrega el mejor complemento de AI Chatbot a tu sitio web de jQuery sin necesidad de programar. \u00a1Optimiza el soporte al cliente con una integraci\u00f3n directa!","robots":{"index":"index","follow":"follow","max-snippet":"max-snippet:-1","max-image-preview":"max-image-preview:large","max-video-preview":"max-video-preview:-1"},"canonical":"https:\/\/elfsight.com\/es\/ai-chatbot-widget\/jquery\/","og_locale":"es_ES","og_type":"article","og_title":"Complemento jQuery AI Chatbot \u2013 Agregar Chatbot AI a jQuery [GRATIS]","og_description":"Agrega el mejor complemento de AI Chatbot a tu sitio web de jQuery sin necesidad de programar. \u00a1Optimiza el soporte al cliente con una integraci\u00f3n directa!","og_url":"https:\/\/elfsight.com\/es\/ai-chatbot-widget\/jquery\/","og_site_name":"Elfsight ES","article_modified_time":"2025-02-06T14:50:53+00:00","twitter_card":"summary_large_image","twitter_misc":{"Tiempo de lectura":"4 minutos"},"schema":{"@context":"https:\/\/schema.org","@graph":[{"@type":"WebPage","@id":"https:\/\/elfsight.com\/es\/ai-chatbot-widget\/jquery\/","url":"https:\/\/elfsight.com\/es\/ai-chatbot-widget\/jquery\/","name":"Complemento jQuery AI Chatbot \u2013 Agregar Chatbot AI a jQuery [GRATIS]","isPartOf":{"@id":"https:\/\/elfsight.com\/es\/#website"},"datePublished":"2024-12-28T08:51:18+00:00","dateModified":"2025-02-06T14:50:53+00:00","description":"Agrega el mejor complemento de AI Chatbot a tu sitio web de jQuery sin necesidad de programar. \u00a1Optimiza el soporte al cliente con una integraci\u00f3n directa!","breadcrumb":{"@id":"https:\/\/elfsight.com\/es\/ai-chatbot-widget\/jquery\/#breadcrumb"},"inLanguage":"es","potentialAction":[{"@type":"ReadAction","target":["https:\/\/elfsight.com\/es\/ai-chatbot-widget\/jquery\/"]}]},{"@type":"BreadcrumbList","@id":"https:\/\/elfsight.com\/es\/ai-chatbot-widget\/jquery\/#breadcrumb","itemListElement":[{"@type":"ListItem","position":1,"name":"Home","item":"https:\/\/elfsight.com\/es\/"},{"@type":"ListItem","position":2,"name":"AI Chatbot","item":"https:\/\/elfsight.com\/es\/ai-chatbot-widget\/"},{"@type":"ListItem","position":3,"name":"AI Chatbot &#8211; jQuery"}]},{"@type":"WebSite","@id":"https:\/\/elfsight.com\/es\/#website","url":"https:\/\/elfsight.com\/es\/","name":"Elfsight ES","description":"Just another Elfsight Sites site","potentialAction":[{"@type":"SearchAction","target":{"@type":"EntryPoint","urlTemplate":"https:\/\/elfsight.com\/es\/?s={search_term_string}"},"query-input":{"@type":"PropertyValueSpecification","valueRequired":true,"valueName":"search_term_string"}}],"inLanguage":"es"}]}},"meta_box":{"industry":"","seo_heading":"","heading":"","description":"","cta_heading":"","cta_description":"","application":"17569","h1":"Agregar AI Chatbot al sitio web de jQuery","h1_caption":"Crea el mejor chatbot de IA, entrenado espec\u00edficamente con los datos de tu negocio para automatizar el soporte al cliente, captar prospectos y ofrecer respuestas instant\u00e1neas y precisas en el sitio web de jQuery\u201424\/7.","application_category":[],"applications_title":"","applications_request_title":"","applications_request_button_text":"","hero_text":"","hero_video":"","hero_video_schema_markup":"","selling_points_title":"","selling_points_caption":"","selling_points":[],"selling_points_cta_text":"","features_title":"","features":"","ed_cta_examples_text":"","ed_cta_examples_hidden":"","ed_cta_demo_text":"","ed_cta_demo_hidden":"","why_caption":"","why_editor_title":"","why_editor_text":"","why_team_title":"","why_team_text":"","why_service_title":"","why_service_text":"","template_catalog_visible":"","template_catalog_title":"","template_catalog_text":"","template_catalog_categories_visible":"","demo_title":"Crea tu complemento de AI Chatbot","demo_caption":"Configura el AI Chatbot y agr\u00e9galo a tu sitio web de jQuery de forma gratuita.","default_faq_hidden":"","app_template_category":[],"platform":"76","template_public_id":"","codecanyon_url":"","codecanyon_item_id":"","codecanyon_price":"","pricing_caption":"","pricing_elfsight_apps_hide_column":"","pricing_elfsight_apps_url":"","pricing_codecanyon_price_caption":"","integration_category":[],"integration_request_title":"","integration_request_cta":"","integration_platform":"","integrations":[],"platform_category":[],"video_schema_markup":"","price":"desde $0 \/ mes","trial":"","benefits":[{"text":"Asistencia de instalaci\u00f3n sin costo"},{"text":"Servicio al cliente competente"},{"text":"Garant\u00eda de devoluci\u00f3n de dinero de 14 d\u00edas"},{"text":"Actualizaci\u00f3n constante"},{"text":""}],"button_url":"#demo","button_target_blank":"","button_nofollow":"","attributes":[{"name":"Instalaciones","content":"50,000 - 100,000"},{"name":"Responsivo","content":"S\u00ed"},{"name":"Navegadores compatibles","content":"Firefox, Safari, Opera, Chrome, Edge"}],"tags":[],"tags_disable_links":"","hide_more_platforms":"","video_object":"","demo_hide_cta":"","demo_hide_cloud_options":"","pricing_title":"","pricing":[{"pricing_icon":"platform","pricing_title":"Elfsight Apps","pricing_title_caption":"Software multiplataforma que funciona en cualquier sitio web","pricing_price":"desde $0 \/ mes","pricing_price_caption":"Comienza con un plan gratuito","pricing_benefits":[{"text":"Sitios web ilimitados"},{"text":"Soporte al cliente profesional"},{"text":"Servicio de instalaci\u00f3n sin cargo"},{"text":"Totalmente personalizable"}],"pricing_button_text":"Agregar al sitio web","pricing_button_url":"#demo"}],"related_apps_title":"","related_apps_hidden":"","author":"","image":[],"title":"","job":"","social_networks":[]},"_links":{"self":[{"href":"https:\/\/elfsight.com\/es\/wp-json\/wp\/v2\/pages\/17651","targetHints":{"allow":["GET"]}}],"collection":[{"href":"https:\/\/elfsight.com\/es\/wp-json\/wp\/v2\/pages"}],"about":[{"href":"https:\/\/elfsight.com\/es\/wp-json\/wp\/v2\/types\/page"}],"author":[{"embeddable":true,"href":"https:\/\/elfsight.com\/es\/wp-json\/wp\/v2\/users\/9"}],"replies":[{"embeddable":true,"href":"https:\/\/elfsight.com\/es\/wp-json\/wp\/v2\/comments?post=17651"}],"version-history":[{"count":1,"href":"https:\/\/elfsight.com\/es\/wp-json\/wp\/v2\/pages\/17651\/revisions"}],"predecessor-version":[{"id":17655,"href":"https:\/\/elfsight.com\/es\/wp-json\/wp\/v2\/pages\/17651\/revisions\/17655"}],"up":[{"embeddable":true,"href":"https:\/\/elfsight.com\/es\/wp-json\/wp\/v2\/pages\/17573"}],"wp:attachment":[{"href":"https:\/\/elfsight.com\/es\/wp-json\/wp\/v2\/media?parent=17651"}],"curies":[{"name":"wp","href":"https:\/\/api.w.org\/{rel}","templated":true}]}}