{"id":17646,"date":"2024-12-28T08:58:25","date_gmt":"2024-12-28T08:58:25","guid":{"rendered":"https:\/\/elfsight.com\/es\/?page_id=17646"},"modified":"2025-02-06T14:50:46","modified_gmt":"2025-02-06T14:50:46","slug":"weebly","status":"publish","type":"page","link":"https:\/\/elfsight.com\/es\/ai-chatbot-widget\/weebly\/","title":{"rendered":"AI Chatbot &#8211; Weebly"},"content":{"rendered":"<div class=\"application-platform-content-item-description application-platform-content-item\" id=\"description\" data-nav-section=\"description\"><h2>\u00a1Incorpora un Chatbot de IA en Weebly con el widget de Elfsight!<\/h2> <p>Crea un chatbot avanzado de IA para tu sitio web de Weebly, entrenado espec\u00edficamente con tu base de conocimientos, archivos de soporte o preguntas de clientes. Perm\u00edtele aprender y adaptarse, ofreciendo mensajes personalizados para mejorar el servicio a tus usuarios cada d\u00eda.<\/p> <p>Automatiza sin esfuerzo las tareas de servicio al cliente, acorta los tiempos de respuesta y captura clientes potenciales de manera eficiente sin trabajo manual. Ofrece asistencia ininterrumpida, asegurando que los clientes tengan las respuestas que requieren, \u00a1en cualquier hora y desde cualquier lugar!<\/p> <p><b>\u00a1A\u00f1ade un asistente de IA para responder preguntas, resolver inquietudes y aumentar tus ventas!<\/b><\/p> <\/div><div class=\"application-platform-content-item-features application-platform-content-item\" id=\"features\" data-nav-section=\"features\"> <h2>Conoce la lista de las caracter\u00edsticas m\u00e1s importantes:<\/h2> <ul><li><b>Automatiza la comunicaci\u00f3n con tus clientes.<\/b> Agiliza las respuestas r\u00e1pidas, garantiza soporte 24\/7 y mejora la eficiencia con una configuraci\u00f3n m\u00ednima: \u00a1maneja chats y usuarios ilimitados sin esfuerzo!<\/li><li><b>Ofrece una experiencia personalizada.<\/b> Haz que cada cliente se sienta apreciado y crea la mejor experiencia con respuestas personalizadas, uso de nombres, seguimiento de conversaciones anteriores y mensajes de seguimiento.<\/li><li><b>Entrena el chatbot con informaci\u00f3n empresarial.<\/b> Equipa al chatbot de IA con tu experiencia especializada subiendo materiales, agregando pares de preguntas y respuestas, y utilizando el contenido de tu sitio web para el generador de instrucciones, asegurando respuestas correctas y aplicables a tu contexto empresarial.<\/li><li><b>Obt\u00e9n informaci\u00f3n sobre los clientes en tu correo electr\u00f3nico.<\/b> Mantente informado y recopila informaci\u00f3n valiosa recibiendo transcripciones completas de los chats directamente en tu bandeja de entrada, incluyendo informaci\u00f3n de contacto clave para la generaci\u00f3n de clientes potenciales y la optimizaci\u00f3n del servicio.<\/li><li><b>Descubre una amplia gama de plantillas.<\/b> Lanza tu chatbot de IA r\u00e1pidamente con nuestra colecci\u00f3n de plantillas listas para usar. Est\u00e1n dise\u00f1adas para diversos sectores y capacidades, cada una con conjuntos de instrucciones personalizadas para una implementaci\u00f3n inmediata.<\/li><\/ul><p><a href=\"#demo\">Explora todas las configuraciones en el configurador de funciones completas<\/a><\/p> <\/div> <div class=\"application-platform-content-item-installation application-platform-content-item\" id=\"installation\" data-nav-section=\"installation\"> <h2>\u00bfC\u00f3mo agregar el plugin de Chatbot de IA a Weebly?<\/h2> <p>Si deseas incorporar el Chatbot de IA en tu sitio web de Weebly, realiza las siguientes acciones:<\/p> <ol><li><b>Personaliza el widget.<\/b><br> Comienza seleccionando una de las plantillas predise\u00f1adas. Luego, puedes entrenar tu chatbot, configurar las funciones y modificar su apariencia para que coincida con los objetivos de tu negocio.<\/li><li><b>Obt\u00e9n el c\u00f3digo de inserci\u00f3n.<\/b><br> Guarda las personalizaciones y copia el c\u00f3digo \u00fanico de inserci\u00f3n.<\/li><li><b>Agrega el c\u00f3digo al editor de tu sitio web.<\/b><br> Ve al panel de administraci\u00f3n de tu sitio web, coloca el c\u00f3digo donde sea necesario y actualiza la p\u00e1gina. \u00a1Listo!<\/li> <\/ol><p>Si enfrentas cualquier obst\u00e1culo, no dudes en ponerte en contacto con nuestro equipo de servicio al cliente. Nuestro equipo estar\u00e1 encantado de ayudarte con todas las preguntas que puedas tener sobre la aplicaci\u00f3n.<\/p> <div class=\"faq\" data-component=\"FAQ\"><div class=\"faq-item\">\r\n\t\t\t\t\t<div class=\"faq-item-question\">\r\n\t\t\t\t\t\t<h3 class=\"faq-item-question-text\">\u00bfC\u00f3mo puedo agregar la informaci\u00f3n de mi negocio a la aplicaci\u00f3n Chatbot de IA?<\/h3>\r\n\r\n\t\t\t\t\t\t<div class=\"faq-item-question-icon\"><\/div>\r\n\t\t\t\t\t<\/div>\r\n\r\n\t\t\t\t\t<div class=\"faq-item-answer\">\r\n\t\t\t\t\t\t<div class=\"faq-item-answer-text\"><p>Para subir tu informaci\u00f3n, accede a la secci\u00f3n \u00abEntrenamiento\u00bb y selecciona uno de los formatos existentes: archivos de documentos, conjuntos espec\u00edficos de preguntas y respuestas, o bloques de texto simples.<\/p> <\/div>\r\n\t\t\t\t\t<\/div>\r\n\t\t\t\t<\/div> <div class=\"faq-item\">\r\n\t\t\t\t\t<div class=\"faq-item-question\">\r\n\t\t\t\t\t\t<h3 class=\"faq-item-question-text\">\u00bfC\u00f3mo crear respuestas r\u00e1pidas para el Chatbot de IA?<\/h3>\r\n\r\n\t\t\t\t\t\t<div class=\"faq-item-question-icon\"><\/div>\r\n\t\t\t\t\t<\/div>\r\n\r\n\t\t\t\t\t<div class=\"faq-item-answer\">\r\n\t\t\t\t\t\t<div class=\"faq-item-answer-text\"><p>Puedes agregarlas directamente en el configurador del Chatbot de IA revisando la pesta\u00f1a \u00abSaludo\u00bb. Encontrar\u00e1s el campo donde puedes escribir un iniciador de conversaci\u00f3n atractivo o una consulta com\u00fan.<\/p> <\/div>\r\n\t\t\t\t\t<\/div>\r\n\t\t\t\t<\/div> <div class=\"faq-item\">\r\n\t\t\t\t\t<div class=\"faq-item-question\">\r\n\t\t\t\t\t\t<h3 class=\"faq-item-question-text\">\u00bfQu\u00e9 hace que la aplicaci\u00f3n Chatbot de IA de Elfsight sea la mejor para mi sitio de Weebly?<\/h3>\r\n\r\n\t\t\t\t\t\t<div class=\"faq-item-question-icon\"><\/div>\r\n\t\t\t\t\t<\/div>\r\n\r\n\t\t\t\t\t<div class=\"faq-item-answer\">\r\n\t\t\t\t\t\t<div class=\"faq-item-answer-text\"> <p>La aplicaci\u00f3n Chatbot de IA es una soluci\u00f3n de chat sin c\u00f3digo impulsada por el modelo de IA m\u00e1s avanzado, lista para ser entrenada con los datos de tu negocio. Con una interfaz accesible y varios elementos de personalizaci\u00f3n, puedes ofrecer servicio al cliente las 24 horas con una experiencia personalizada y siempre estar en control con informes constantes. \u00a1Experimenta por ti mismo lo simple y r\u00e1pido que puede ser con Elfsight!<\/p> <\/div>\r\n\t\t\t\t\t<\/div>\r\n\t\t\t\t<\/div><\/div><\/div> ","protected":false},"excerpt":{"rendered":"","protected":false},"author":9,"featured_media":0,"parent":17573,"menu_order":0,"comment_status":"closed","ping_status":"closed","template":"templates\/template-application-platform.php","meta":{"publish_to_discourse":"","publish_post_category":"","wpdc_auto_publish_overridden":"","wpdc_topic_tags":"","wpdc_pin_topic":"","wpdc_pin_until":"","discourse_post_id":"","discourse_permalink":"","wpdc_publishing_response":"","wpdc_publishing_error":"","footnotes":""},"class_list":["post-17646","page","type-page","status-publish","hentry"],"yoast_head":"<!-- This site is optimized with the Yoast SEO plugin v25.3.1 - https:\/\/yoast.com\/wordpress\/plugins\/seo\/ -->\n<title>Aplicaci\u00f3n Weebly AI Chatbot \u2013 Agregar Chatbot AI a Weebly [GRATIS]<\/title>\n<meta name=\"description\" content=\"Agrega la mejor aplicaci\u00f3n de AI Chatbot a tu sitio web de Weebly sin necesidad de programar. \u00a1Agiliza el servicio al cliente con una integraci\u00f3n simple!\" \/>\n<meta name=\"robots\" content=\"index, follow, max-snippet:-1, max-image-preview:large, max-video-preview:-1\" \/>\n<link rel=\"canonical\" href=\"https:\/\/elfsight.com\/es\/ai-chatbot-widget\/weebly\/\" \/>\n<meta property=\"og:locale\" content=\"es_ES\" \/>\n<meta property=\"og:type\" content=\"article\" \/>\n<meta property=\"og:title\" content=\"Aplicaci\u00f3n Weebly AI Chatbot \u2013 Agregar Chatbot AI a Weebly [GRATIS]\" \/>\n<meta property=\"og:description\" content=\"Agrega la mejor aplicaci\u00f3n de AI Chatbot a tu sitio web de Weebly sin necesidad de programar. \u00a1Agiliza el servicio al cliente con una integraci\u00f3n simple!\" \/>\n<meta property=\"og:url\" content=\"https:\/\/elfsight.com\/es\/ai-chatbot-widget\/weebly\/\" \/>\n<meta property=\"og:site_name\" content=\"Elfsight ES\" \/>\n<meta property=\"article:modified_time\" content=\"2025-02-06T14:50:46+00:00\" \/>\n<meta name=\"twitter:card\" content=\"summary_large_image\" \/>\n<meta name=\"twitter:label1\" content=\"Tiempo de lectura\" \/>\n\t<meta name=\"twitter:data1\" content=\"4 minutos\" \/>\n<!-- \/ Yoast SEO plugin. -->","yoast_head_json":{"title":"Aplicaci\u00f3n Weebly AI Chatbot \u2013 Agregar Chatbot AI a Weebly [GRATIS]","description":"Agrega la mejor aplicaci\u00f3n de AI Chatbot a tu sitio web de Weebly sin necesidad de programar. \u00a1Agiliza el servicio al cliente con una integraci\u00f3n simple!","robots":{"index":"index","follow":"follow","max-snippet":"max-snippet:-1","max-image-preview":"max-image-preview:large","max-video-preview":"max-video-preview:-1"},"canonical":"https:\/\/elfsight.com\/es\/ai-chatbot-widget\/weebly\/","og_locale":"es_ES","og_type":"article","og_title":"Aplicaci\u00f3n Weebly AI Chatbot \u2013 Agregar Chatbot AI a Weebly [GRATIS]","og_description":"Agrega la mejor aplicaci\u00f3n de AI Chatbot a tu sitio web de Weebly sin necesidad de programar. \u00a1Agiliza el servicio al cliente con una integraci\u00f3n simple!","og_url":"https:\/\/elfsight.com\/es\/ai-chatbot-widget\/weebly\/","og_site_name":"Elfsight ES","article_modified_time":"2025-02-06T14:50:46+00:00","twitter_card":"summary_large_image","twitter_misc":{"Tiempo de lectura":"4 minutos"},"schema":{"@context":"https:\/\/schema.org","@graph":[{"@type":"WebPage","@id":"https:\/\/elfsight.com\/es\/ai-chatbot-widget\/weebly\/","url":"https:\/\/elfsight.com\/es\/ai-chatbot-widget\/weebly\/","name":"Aplicaci\u00f3n Weebly AI Chatbot \u2013 Agregar Chatbot AI a Weebly [GRATIS]","isPartOf":{"@id":"https:\/\/elfsight.com\/es\/#website"},"datePublished":"2024-12-28T08:58:25+00:00","dateModified":"2025-02-06T14:50:46+00:00","description":"Agrega la mejor aplicaci\u00f3n de AI Chatbot a tu sitio web de Weebly sin necesidad de programar. \u00a1Agiliza el servicio al cliente con una integraci\u00f3n simple!","breadcrumb":{"@id":"https:\/\/elfsight.com\/es\/ai-chatbot-widget\/weebly\/#breadcrumb"},"inLanguage":"es","potentialAction":[{"@type":"ReadAction","target":["https:\/\/elfsight.com\/es\/ai-chatbot-widget\/weebly\/"]}]},{"@type":"BreadcrumbList","@id":"https:\/\/elfsight.com\/es\/ai-chatbot-widget\/weebly\/#breadcrumb","itemListElement":[{"@type":"ListItem","position":1,"name":"Home","item":"https:\/\/elfsight.com\/es\/"},{"@type":"ListItem","position":2,"name":"AI Chatbot","item":"https:\/\/elfsight.com\/es\/ai-chatbot-widget\/"},{"@type":"ListItem","position":3,"name":"AI Chatbot &#8211; Weebly"}]},{"@type":"WebSite","@id":"https:\/\/elfsight.com\/es\/#website","url":"https:\/\/elfsight.com\/es\/","name":"Elfsight ES","description":"Just another Elfsight Sites site","potentialAction":[{"@type":"SearchAction","target":{"@type":"EntryPoint","urlTemplate":"https:\/\/elfsight.com\/es\/?s={search_term_string}"},"query-input":{"@type":"PropertyValueSpecification","valueRequired":true,"valueName":"search_term_string"}}],"inLanguage":"es"}]}},"meta_box":{"industry":"","seo_heading":"","heading":"","description":"","cta_heading":"","cta_description":"","application":"17569","h1":"Agregar AI Chatbot al sitio web de Weebly","h1_caption":"Crea el mejor chatbot de IA, entrenado espec\u00edficamente con los datos de tu negocio para automatizar el soporte al cliente, captar prospectos y ofrecer respuestas instant\u00e1neas y precisas en el sitio web de Weebly\u201424\/7.","application_category":[],"applications_title":"","applications_request_title":"","applications_request_button_text":"","hero_text":"","hero_video":"","hero_video_schema_markup":"","selling_points_title":"","selling_points_caption":"","selling_points":[],"selling_points_cta_text":"","features_title":"","features":"","ed_cta_examples_text":"","ed_cta_examples_hidden":"","ed_cta_demo_text":"","ed_cta_demo_hidden":"","why_caption":"","why_editor_title":"","why_editor_text":"","why_team_title":"","why_team_text":"","why_service_title":"","why_service_text":"","template_catalog_visible":"","template_catalog_title":"","template_catalog_text":"","template_catalog_categories_visible":"","demo_title":"Crea tu aplicaci\u00f3n de AI Chatbot","demo_caption":"Configura el AI Chatbot y agr\u00e9galo a tu sitio web de Weebly de forma gratuita.","default_faq_hidden":"","app_template_category":[],"platform":"109","template_public_id":"","codecanyon_url":"","codecanyon_item_id":"","codecanyon_price":"","pricing_caption":"","pricing_elfsight_apps_hide_column":"","pricing_elfsight_apps_url":"","pricing_codecanyon_price_caption":"","integration_category":[],"integration_request_title":"","integration_request_cta":"","integration_platform":"","integrations":[],"platform_category":[],"video_schema_markup":"","price":"desde $0 \/ mes","trial":"","benefits":[{"text":"Servicio de instalaci\u00f3n gratuita"},{"text":"Servicio al cliente profesional"},{"text":"Garant\u00eda de reembolso de 14 d\u00edas"},{"text":"Mejoras gratuitas de por vida"},{"text":""}],"button_url":"#demo","button_target_blank":"","button_nofollow":"","attributes":[{"name":"Instalaciones","content":"50,000 - 100,000"},{"name":"Responsivo","content":"S\u00ed"},{"name":"Navegadores compatibles","content":"Firefox, Safari, Opera, Chrome, Edge"}],"tags":[],"tags_disable_links":"","hide_more_platforms":"","video_object":"","demo_hide_cta":"","demo_hide_cloud_options":"","pricing_title":"","pricing":[{"pricing_icon":"platform","pricing_title":"Elfsight Apps","pricing_title_caption":"Software multiplataforma que funciona en cualquier sitio web","pricing_price":"desde $0 \/ mes","pricing_price_caption":"Comienza con un plan gratuito","pricing_benefits":[{"text":"Sitios web ilimitados"},{"text":"Soporte de empresa r\u00e1pido"},{"text":"Soporte de instalaci\u00f3n sin costo"},{"text":"100% personalizable"}],"pricing_button_text":"Agregar al sitio web","pricing_button_url":"#demo"}],"related_apps_title":"","related_apps_hidden":"","author":"","image":[],"title":"","job":"","social_networks":[]},"_links":{"self":[{"href":"https:\/\/elfsight.com\/es\/wp-json\/wp\/v2\/pages\/17646","targetHints":{"allow":["GET"]}}],"collection":[{"href":"https:\/\/elfsight.com\/es\/wp-json\/wp\/v2\/pages"}],"about":[{"href":"https:\/\/elfsight.com\/es\/wp-json\/wp\/v2\/types\/page"}],"author":[{"embeddable":true,"href":"https:\/\/elfsight.com\/es\/wp-json\/wp\/v2\/users\/9"}],"replies":[{"embeddable":true,"href":"https:\/\/elfsight.com\/es\/wp-json\/wp\/v2\/comments?post=17646"}],"version-history":[{"count":1,"href":"https:\/\/elfsight.com\/es\/wp-json\/wp\/v2\/pages\/17646\/revisions"}],"predecessor-version":[{"id":17650,"href":"https:\/\/elfsight.com\/es\/wp-json\/wp\/v2\/pages\/17646\/revisions\/17650"}],"up":[{"embeddable":true,"href":"https:\/\/elfsight.com\/es\/wp-json\/wp\/v2\/pages\/17573"}],"wp:attachment":[{"href":"https:\/\/elfsight.com\/es\/wp-json\/wp\/v2\/media?parent=17646"}],"curies":[{"name":"wp","href":"https:\/\/api.w.org\/{rel}","templated":true}]}}