{"id":17635,"date":"2024-12-28T09:33:45","date_gmt":"2024-12-28T09:33:45","guid":{"rendered":"https:\/\/elfsight.com\/es\/?page_id=17635"},"modified":"2025-02-06T14:50:38","modified_gmt":"2025-02-06T14:50:38","slug":"jimdo","status":"publish","type":"page","link":"https:\/\/elfsight.com\/es\/ai-chatbot-widget\/jimdo\/","title":{"rendered":"AI Chatbot &#8211; Jimdo"},"content":{"rendered":"<div class=\"application-platform-content-item-description application-platform-content-item\" id=\"description\" data-nav-section=\"description\"><h2>\u00a1Incrusta el Chatbot de IA en Jimdo con el widget de Elfsight!<\/h2> <p>Crea un chatbot de IA de alta calidad para tu sitio web de Jimdo, espec\u00edficamente entrenado con tu base de conocimientos, materiales de soporte o preguntas frecuentes de clientes. Perm\u00edtele aprender y adaptarse, entregando mensajes personalizados para servir mejor a tus usuarios cada d\u00eda.<\/p> <p>Agiliza las tareas de servicio al cliente, reduce los tiempos de respuesta y captura leads de manera eficiente sin trabajo manual. \u00a1Ofrece asistencia 24\/7, garantizando que los clientes obtengan la informaci\u00f3n que necesitan, en cualquier momento y desde cualquier lugar!<\/p> <p><b>\u00a1Agrega un asistente de IA para responder preguntas, resolver dilemas y aumentar tus ventas!<\/b><\/p> <\/div><div class=\"application-platform-content-item-features application-platform-content-item\" id=\"features\" data-nav-section=\"features\"> <h2>Las caracter\u00edsticas fundamentales del widget ofrecen:<\/h2> <ul><li><b>Automatiza tu comunicaci\u00f3n con los clientes.<\/b> Agiliza las respuestas r\u00e1pidas, ofrece disponibilidad las 24 horas y mejora la eficiencia con una configuraci\u00f3n m\u00ednima; \u00a1maneja chats y usuarios ilimitados sin esfuerzo!<\/li><li><b>Ofrece una experiencia personalizada.<\/b> Haz que cada cliente se sienta especial y crea la mejor experiencia a trav\u00e9s de respuestas personalizadas, llam\u00e1ndolos por su nombre, manteniendo un registro de conversaciones anteriores y mensajes de seguimiento.<\/li><li><b>Entrena al chatbot con los conocimientos comerciales.<\/b> Equipa al chatbot de IA con tu conocimiento espec\u00edfico subiendo documentos, incluyendo conjuntos de preguntas y respuestas, y utilizando el contenido de tu sitio para el generador de instrucciones, asegurando respuestas correctas y aplicables adaptadas a tu negocio.<\/li><li><b>Obt\u00e9n informaci\u00f3n de clientes en tu correo electr\u00f3nico.<\/b> Mantente informado y obtiene informaci\u00f3n valiosa al recibir transcripciones completas de chats directamente en tu bandeja de entrada, con detalles clave de contacto para la generaci\u00f3n de leads y la mejora del servicio.<\/li><li><b>Descubre una amplia variedad de plantillas.<\/b> Haz que tu chatbot de IA funcione r\u00e1pidamente con nuestra colecci\u00f3n de plantillas listas para usar. Est\u00e1n dise\u00f1adas para diversos sectores y funciones, cada una con conjuntos de instrucciones especializados para su implementaci\u00f3n instant\u00e1nea.<\/li><\/ul><p><a href=\"#demo\">Puedes ver lo que ofrece el widget con la ayuda del configurador<\/a><\/p> <\/div> <div class=\"application-platform-content-item-installation application-platform-content-item\" id=\"installation\" data-nav-section=\"installation\"> <h2>\u00bfC\u00f3mo agregar el plugin de Chatbot de IA a Jimdo?<\/h2> <p>Para agregar el Chatbot de IA a tu sitio web de Jimdo, sigue estas instrucciones:<\/p> <ol><li><b>Personaliza el widget.<\/b><br> Opta por una plantilla lista para usar para comenzar. Despu\u00e9s, si\u00e9ntete libre de entrenar tu chatbot, organizar las funciones y ajustar su apariencia seg\u00fan los objetivos de tu negocio.<\/li><li><b>Obt\u00e9n el c\u00f3digo de inserci\u00f3n.<\/b><br> Guarda los cambios y copia el c\u00f3digo de inserci\u00f3n proporcionado.<\/li><li><b>Agrega el c\u00f3digo a tu creador de sitios web.<\/b><br> Inicia sesi\u00f3n en el panel de administraci\u00f3n de tu sitio web, pega el c\u00f3digo donde sea necesario y actualiza la p\u00e1gina. \u00a1Eso es todo!<\/li> <\/ol><p>Si enfrentas complicaciones, no dudes en escribir a nuestro equipo de soporte. Nuestros especialistas estar\u00e1n encantados de resolver todas las preguntas que puedas tener con el widget.<\/p> <div class=\"faq\" data-component=\"FAQ\"><div class=\"faq-item\">\r\n\t\t\t\t\t<div class=\"faq-item-question\">\r\n\t\t\t\t\t\t<h3 class=\"faq-item-question-text\">\u00bfC\u00f3mo puedo agregar la informaci\u00f3n de mi negocio al widget de Chatbot de IA?<\/h3>\r\n\r\n\t\t\t\t\t\t<div class=\"faq-item-question-icon\"><\/div>\r\n\t\t\t\t\t<\/div>\r\n\r\n\t\t\t\t\t<div class=\"faq-item-answer\">\r\n\t\t\t\t\t\t<div class=\"faq-item-answer-text\"><p>Para subir tus datos, revisa la pesta\u00f1a \u00abEntrenamiento\u00bb y elige uno de los formatos disponibles: archivos de documentos, pares espec\u00edficos de preguntas y respuestas, o bloques de texto b\u00e1sicos.<\/p> <\/div>\r\n\t\t\t\t\t<\/div>\r\n\t\t\t\t<\/div> <div class=\"faq-item\">\r\n\t\t\t\t\t<div class=\"faq-item-question\">\r\n\t\t\t\t\t\t<h3 class=\"faq-item-question-text\">\u00bfC\u00f3mo crear respuestas r\u00e1pidas para el Chatbot de IA?<\/h3>\r\n\r\n\t\t\t\t\t\t<div class=\"faq-item-question-icon\"><\/div>\r\n\t\t\t\t\t<\/div>\r\n\r\n\t\t\t\t\t<div class=\"faq-item-answer\">\r\n\t\t\t\t\t\t<div class=\"faq-item-answer-text\"><p>Puedes agregarlas directamente en el editor del Chatbot de IA en la secci\u00f3n \u00abSaludo\u00bb. Encontrar\u00e1s el campo donde puedes ingresar un inicio de conversaci\u00f3n interesante o una consulta popular.<\/p> <\/div>\r\n\t\t\t\t\t<\/div>\r\n\t\t\t\t<\/div> <div class=\"faq-item\">\r\n\t\t\t\t\t<div class=\"faq-item-question\">\r\n\t\t\t\t\t\t<h3 class=\"faq-item-question-text\">\u00bfQu\u00e9 hace que el widget de Chatbot de IA de Elfsight sea el mejor para mi sitio web de Jimdo?<\/h3>\r\n\r\n\t\t\t\t\t\t<div class=\"faq-item-question-icon\"><\/div>\r\n\t\t\t\t\t<\/div>\r\n\r\n\t\t\t\t\t<div class=\"faq-item-answer\">\r\n\t\t\t\t\t\t<div class=\"faq-item-answer-text\"> <p>El widget de Chatbot de IA es una soluci\u00f3n de chat sin c\u00f3digo respaldada por la tecnolog\u00eda de IA m\u00e1s avanzada, lista para ser entrenada con los datos de tu organizaci\u00f3n. Con una interfaz f\u00e1cil de usar y varias opciones de personalizaci\u00f3n, puedes ofrecer soporte al cliente las 24 horas con una experiencia personalizada y siempre estar informado con reportes constantes. \u00a1Experimenta por ti mismo lo sencillo y r\u00e1pido que puede ser con Elfsight!<\/p> <\/div>\r\n\t\t\t\t\t<\/div>\r\n\t\t\t\t<\/div><\/div><\/div> ","protected":false},"excerpt":{"rendered":"","protected":false},"author":9,"featured_media":0,"parent":17573,"menu_order":0,"comment_status":"closed","ping_status":"closed","template":"templates\/template-application-platform.php","meta":{"publish_to_discourse":"","publish_post_category":"","wpdc_auto_publish_overridden":"","wpdc_topic_tags":"","wpdc_pin_topic":"","wpdc_pin_until":"","discourse_post_id":"","discourse_permalink":"","wpdc_publishing_response":"","wpdc_publishing_error":"","footnotes":""},"class_list":["post-17635","page","type-page","status-publish","hentry"],"yoast_head":"<!-- This site is optimized with the Yoast SEO plugin v25.3.1 - https:\/\/yoast.com\/wordpress\/plugins\/seo\/ -->\n<title>Widget Jimdo AI Chatbot \u2013 Agregar Chatbot AI a Jimdo [GRATIS]<\/title>\n<meta name=\"description\" content=\"Agrega el mejor widget de AI Chatbot a tu sitio web de Jimdo sin necesidad de programar. \u00a1Agiliza la asistencia al cliente con una integraci\u00f3n directa!\" \/>\n<meta name=\"robots\" content=\"index, follow, max-snippet:-1, max-image-preview:large, max-video-preview:-1\" \/>\n<link rel=\"canonical\" href=\"https:\/\/elfsight.com\/es\/ai-chatbot-widget\/jimdo\/\" \/>\n<meta property=\"og:locale\" content=\"es_ES\" \/>\n<meta property=\"og:type\" content=\"article\" \/>\n<meta property=\"og:title\" content=\"Widget Jimdo AI Chatbot \u2013 Agregar Chatbot AI a Jimdo [GRATIS]\" \/>\n<meta property=\"og:description\" content=\"Agrega el mejor widget de AI Chatbot a tu sitio web de Jimdo sin necesidad de programar. \u00a1Agiliza la asistencia al cliente con una integraci\u00f3n directa!\" \/>\n<meta property=\"og:url\" content=\"https:\/\/elfsight.com\/es\/ai-chatbot-widget\/jimdo\/\" \/>\n<meta property=\"og:site_name\" content=\"Elfsight ES\" \/>\n<meta property=\"article:modified_time\" content=\"2025-02-06T14:50:38+00:00\" \/>\n<meta name=\"twitter:card\" content=\"summary_large_image\" \/>\n<meta name=\"twitter:label1\" content=\"Tiempo de lectura\" \/>\n\t<meta name=\"twitter:data1\" content=\"4 minutos\" \/>\n<!-- \/ Yoast SEO plugin. -->","yoast_head_json":{"title":"Widget Jimdo AI Chatbot \u2013 Agregar Chatbot AI a Jimdo [GRATIS]","description":"Agrega el mejor widget de AI Chatbot a tu sitio web de Jimdo sin necesidad de programar. \u00a1Agiliza la asistencia al cliente con una integraci\u00f3n directa!","robots":{"index":"index","follow":"follow","max-snippet":"max-snippet:-1","max-image-preview":"max-image-preview:large","max-video-preview":"max-video-preview:-1"},"canonical":"https:\/\/elfsight.com\/es\/ai-chatbot-widget\/jimdo\/","og_locale":"es_ES","og_type":"article","og_title":"Widget Jimdo AI Chatbot \u2013 Agregar Chatbot AI a Jimdo [GRATIS]","og_description":"Agrega el mejor widget de AI Chatbot a tu sitio web de Jimdo sin necesidad de programar. \u00a1Agiliza la asistencia al cliente con una integraci\u00f3n directa!","og_url":"https:\/\/elfsight.com\/es\/ai-chatbot-widget\/jimdo\/","og_site_name":"Elfsight ES","article_modified_time":"2025-02-06T14:50:38+00:00","twitter_card":"summary_large_image","twitter_misc":{"Tiempo de lectura":"4 minutos"},"schema":{"@context":"https:\/\/schema.org","@graph":[{"@type":"WebPage","@id":"https:\/\/elfsight.com\/es\/ai-chatbot-widget\/jimdo\/","url":"https:\/\/elfsight.com\/es\/ai-chatbot-widget\/jimdo\/","name":"Widget Jimdo AI Chatbot \u2013 Agregar Chatbot AI a Jimdo [GRATIS]","isPartOf":{"@id":"https:\/\/elfsight.com\/es\/#website"},"datePublished":"2024-12-28T09:33:45+00:00","dateModified":"2025-02-06T14:50:38+00:00","description":"Agrega el mejor widget de AI Chatbot a tu sitio web de Jimdo sin necesidad de programar. \u00a1Agiliza la asistencia al cliente con una integraci\u00f3n directa!","breadcrumb":{"@id":"https:\/\/elfsight.com\/es\/ai-chatbot-widget\/jimdo\/#breadcrumb"},"inLanguage":"es","potentialAction":[{"@type":"ReadAction","target":["https:\/\/elfsight.com\/es\/ai-chatbot-widget\/jimdo\/"]}]},{"@type":"BreadcrumbList","@id":"https:\/\/elfsight.com\/es\/ai-chatbot-widget\/jimdo\/#breadcrumb","itemListElement":[{"@type":"ListItem","position":1,"name":"Home","item":"https:\/\/elfsight.com\/es\/"},{"@type":"ListItem","position":2,"name":"AI Chatbot","item":"https:\/\/elfsight.com\/es\/ai-chatbot-widget\/"},{"@type":"ListItem","position":3,"name":"AI Chatbot &#8211; Jimdo"}]},{"@type":"WebSite","@id":"https:\/\/elfsight.com\/es\/#website","url":"https:\/\/elfsight.com\/es\/","name":"Elfsight ES","description":"Just another Elfsight Sites site","potentialAction":[{"@type":"SearchAction","target":{"@type":"EntryPoint","urlTemplate":"https:\/\/elfsight.com\/es\/?s={search_term_string}"},"query-input":{"@type":"PropertyValueSpecification","valueRequired":true,"valueName":"search_term_string"}}],"inLanguage":"es"}]}},"meta_box":{"industry":"","seo_heading":"","heading":"","description":"","cta_heading":"","cta_description":"","application":"17569","h1":"Agregar AI Chatbot al sitio web de Jimdo","h1_caption":"Crea el mejor chatbot de IA, entrenado espec\u00edficamente con los datos de tu negocio para automatizar el soporte al cliente, captar prospectos y ofrecer respuestas instant\u00e1neas y precisas en el sitio web de Jimdo\u201424\/7.","application_category":[],"applications_title":"","applications_request_title":"","applications_request_button_text":"","hero_text":"","hero_video":"","hero_video_schema_markup":"","selling_points_title":"","selling_points_caption":"","selling_points":[],"selling_points_cta_text":"","features_title":"","features":"","ed_cta_examples_text":"","ed_cta_examples_hidden":"","ed_cta_demo_text":"","ed_cta_demo_hidden":"","why_caption":"","why_editor_title":"","why_editor_text":"","why_team_title":"","why_team_text":"","why_service_title":"","why_service_text":"","template_catalog_visible":"","template_catalog_title":"","template_catalog_text":"","template_catalog_categories_visible":"","demo_title":"Crea tu widget de AI Chatbot","demo_caption":"Configura el AI Chatbot y agr\u00e9galo a tu sitio web de Jimdo de forma gratuita.","default_faq_hidden":"","app_template_category":[],"platform":"2198","template_public_id":"","codecanyon_url":"","codecanyon_item_id":"","codecanyon_price":"","pricing_caption":"","pricing_elfsight_apps_hide_column":"","pricing_elfsight_apps_url":"","pricing_codecanyon_price_caption":"","integration_category":[],"integration_request_title":"","integration_request_cta":"","integration_platform":"","integrations":[],"platform_category":[],"video_schema_markup":"","price":"desde $0 \/ mes","trial":"","benefits":[{"text":"Asistencia de instalaci\u00f3n sin costo"},{"text":"Servicio al cliente profesional"},{"text":"Garant\u00eda de devoluci\u00f3n de dinero de 14 d\u00edas"},{"text":"Desarrollo continuo"},{"text":""}],"button_url":"#demo","button_target_blank":"","button_nofollow":"","attributes":[{"name":"Instalaciones","content":"50,000 - 100,000"},{"name":"Responsivo","content":"S\u00ed"},{"name":"Navegadores compatibles","content":"Firefox, Safari, Opera, Chrome, Edge"}],"tags":[],"tags_disable_links":"","hide_more_platforms":"","video_object":"","demo_hide_cta":"","demo_hide_cloud_options":"","pricing_title":"","pricing":[{"pricing_icon":"platform","pricing_title":"Elfsight Apps","pricing_title_caption":"Soluci\u00f3n digital multiplataforma que se adapta a cualquier sitio web","pricing_price":"desde $0 \/ mes","pricing_price_caption":"Comienza con un plan gratuito","pricing_benefits":[{"text":"Sitios web ilimitados"},{"text":"Soporte profesional y puntual"},{"text":"Asistencia de instalaci\u00f3n gratuita"},{"text":"Totalmente personalizable"}],"pricing_button_text":"Agregar al sitio web","pricing_button_url":"#demo"}],"related_apps_title":"","related_apps_hidden":"","author":"","image":[],"title":"","job":"","social_networks":[]},"_links":{"self":[{"href":"https:\/\/elfsight.com\/es\/wp-json\/wp\/v2\/pages\/17635","targetHints":{"allow":["GET"]}}],"collection":[{"href":"https:\/\/elfsight.com\/es\/wp-json\/wp\/v2\/pages"}],"about":[{"href":"https:\/\/elfsight.com\/es\/wp-json\/wp\/v2\/types\/page"}],"author":[{"embeddable":true,"href":"https:\/\/elfsight.com\/es\/wp-json\/wp\/v2\/users\/9"}],"replies":[{"embeddable":true,"href":"https:\/\/elfsight.com\/es\/wp-json\/wp\/v2\/comments?post=17635"}],"version-history":[{"count":1,"href":"https:\/\/elfsight.com\/es\/wp-json\/wp\/v2\/pages\/17635\/revisions"}],"predecessor-version":[{"id":17639,"href":"https:\/\/elfsight.com\/es\/wp-json\/wp\/v2\/pages\/17635\/revisions\/17639"}],"up":[{"embeddable":true,"href":"https:\/\/elfsight.com\/es\/wp-json\/wp\/v2\/pages\/17573"}],"wp:attachment":[{"href":"https:\/\/elfsight.com\/es\/wp-json\/wp\/v2\/media?parent=17635"}],"curies":[{"name":"wp","href":"https:\/\/api.w.org\/{rel}","templated":true}]}}