{"id":17630,"date":"2024-12-28T09:37:22","date_gmt":"2024-12-28T09:37:22","guid":{"rendered":"https:\/\/elfsight.com\/es\/?page_id=17630"},"modified":"2025-06-11T09:11:30","modified_gmt":"2025-06-11T09:11:30","slug":"facebook","status":"publish","type":"page","link":"https:\/\/elfsight.com\/es\/ai-chatbot-widget\/facebook\/","title":{"rendered":"AI Chatbot &#8211; Facebook Page"},"content":{"rendered":"<div class=\"application-platform-content-item-description application-platform-content-item\" id=\"description\" data-nav-section=\"description\"><h2>\u00a1Incrusta el Chatbot de IA en la p\u00e1gina de Facebook con el widget de Elfsight!<\/h2> <p>Crea un chatbot de IA de primer nivel para la p\u00e1gina de Facebook de tu sitio web, espec\u00edficamente entrenado con tu base de conocimientos, documentos de soporte o preguntas frecuentes de clientes. Perm\u00edtele aprender y adaptarse, entregando mensajes personalizados para mejorar el compromiso de los usuarios cada d\u00eda.<\/p> <p>Agiliza las tareas de servicio al cliente, reduce los tiempos de respuesta y captura clientes potenciales de manera efectiva sin intervenci\u00f3n manual. Ofrece asistencia 24\/7, asegurando que los clientes obtengan las respuestas que necesitan, \u00a1en cualquier momento y desde cualquier lugar!<\/p> <p><b>\u00a1Agrega un asistente de IA para responder preguntas, resolver problemas y aumentar tus ventas!<\/b><\/p> <\/div><div class=\"application-platform-content-item-features application-platform-content-item\" id=\"features\" data-nav-section=\"features\"> <h2>El widget ofrece funciones pr\u00e1cticas y f\u00e1ciles, algunas de ellas son:<\/h2> <ul><li><b>Automatiza la comunicaci\u00f3n con los clientes.<\/b> Agiliza las respuestas r\u00e1pidas, ofrece soporte todo el d\u00eda y mejora la eficiencia con una configuraci\u00f3n m\u00ednima; \u00a1gestiona chats y usuarios ilimitados sin esfuerzo!<\/li><li><b>Brinda una experiencia personalizada.<\/b> Haz que cada cliente se sienta apreciado y crea la mejor experiencia con respuestas personalizadas, llam\u00e1ndolos por su nombre, haciendo seguimiento de conversaciones previas y mensajes de seguimiento.<\/li><li><b>Entrena al chatbot con datos corporativos.<\/b> Fortalece el chatbot de IA con tu conocimiento especializado subiendo archivos, incluyendo pares de preguntas y respuestas, y utilizando el contenido de tu sitio para el generador de instrucciones, asegurando respuestas precisas y relevantes adaptadas al contexto de tu negocio.<\/li><li><b>Obt\u00e9n informaci\u00f3n sobre los clientes en tu correo electr\u00f3nico.<\/b> Mantente actualizado y obt\u00e9n informaci\u00f3n valiosa al recibir transcripciones completas de chats entregadas en tu bandeja de entrada, incluyendo informaci\u00f3n clave de contacto para la generaci\u00f3n de leads y la optimizaci\u00f3n del servicio.<\/li><li><b>Descubre una amplia gama de plantillas.<\/b> Configura tu chatbot de IA r\u00e1pidamente con nuestra colecci\u00f3n de plantillas listas para usar. Est\u00e1n dise\u00f1adas para diversos sectores y funcionalidades, cada una con conjuntos de instrucciones personalizadas para obtener resultados instant\u00e1neos.<\/li><\/ul><p><a href=\"#demo\">Descubre todas las capacidades del widget en el configurador de esta p\u00e1gina<\/a><\/p> <\/div> <div class=\"application-platform-content-item-installation application-platform-content-item\" id=\"installation\" data-nav-section=\"installation\"> <h2>\u00bfC\u00f3mo agregar el plugin de Chatbot de IA a la p\u00e1gina de Facebook?<\/h2> <p>Para agregar el chatbot de IA a tu p\u00e1gina de Facebook, sigue los siguientes pasos:<\/p> <ol><li><b>Personaliza el widget.<\/b><br> Comienza eligiendo una de las plantillas predefinidas. Luego, si\u00e9ntete libre de entrenar tu chatbot, organizar las funciones y ajustar su dise\u00f1o seg\u00fan tus preferencias comerciales.<\/li><li><b>Obt\u00e9n el c\u00f3digo de inserci\u00f3n.<\/b><br> Guarda las personalizaciones y copia el c\u00f3digo de inserci\u00f3n generado.<\/li><li><b>Agrega el c\u00f3digo a tu editor de sitio web.<\/b><br> Accede al panel de administraci\u00f3n de tu sitio web, coloca el c\u00f3digo en el lugar adecuado y actualiza la p\u00e1gina. \u00a1As\u00ed de f\u00e1cil!<\/li> <\/ol><p>Si tienes preguntas o encuentras obst\u00e1culos, no dudes en contactar a nuestro equipo de soporte. Nuestros consultores estar\u00e1n encantados de resolver cualquier dificultad que puedas tener con el widget.<\/p> <div class=\"faq\" data-component=\"FAQ\"><div class=\"faq-item\">\r\n\t\t\t\t\t<div class=\"faq-item-question\">\r\n\t\t\t\t\t\t<h3 class=\"faq-item-question-text\">\u00bfC\u00f3mo puedo agregar la informaci\u00f3n de mi negocio al widget de Chatbot de IA?<\/h3>\r\n\r\n\t\t\t\t\t\t<div class=\"faq-item-question-icon\"><\/div>\r\n\t\t\t\t\t<\/div>\r\n\r\n\t\t\t\t\t<div class=\"faq-item-answer\">\r\n\t\t\t\t\t\t<div class=\"faq-item-answer-text\"><p>Para agregar tu informaci\u00f3n, abre la pesta\u00f1a \u00abEntrenamiento\u00bb y selecciona uno de los formatos existentes: archivos de documentos, pares espec\u00edficos de preguntas y respuestas, o bloques de texto simples.<\/p> <\/div>\r\n\t\t\t\t\t<\/div>\r\n\t\t\t\t<\/div> <div class=\"faq-item\">\r\n\t\t\t\t\t<div class=\"faq-item-question\">\r\n\t\t\t\t\t\t<h3 class=\"faq-item-question-text\">\u00bfC\u00f3mo crear respuestas r\u00e1pidas para el Chatbot de IA?<\/h3>\r\n\r\n\t\t\t\t\t\t<div class=\"faq-item-question-icon\"><\/div>\r\n\t\t\t\t\t<\/div>\r\n\r\n\t\t\t\t\t<div class=\"faq-item-answer\">\r\n\t\t\t\t\t\t<div class=\"faq-item-answer-text\"><p>Puedes agregarlas directamente en el editor del Chatbot de IA en la secci\u00f3n \u00abSaludo\u00bb. Encontrar\u00e1s el campo donde puedes incluir un inicio de conversaci\u00f3n atractivo o una pregunta popular.<\/p> <\/div>\r\n\t\t\t\t\t<\/div>\r\n\t\t\t\t<\/div> <div class=\"faq-item\">\r\n\t\t\t\t\t<div class=\"faq-item-question\">\r\n\t\t\t\t\t\t<h3 class=\"faq-item-question-text\">\u00bfQu\u00e9 hace que el widget de Chatbot de IA de Elfsight sea el mejor para la p\u00e1gina de Facebook de mi sitio web?<\/h3>\r\n\r\n\t\t\t\t\t\t<div class=\"faq-item-question-icon\"><\/div>\r\n\t\t\t\t\t<\/div>\r\n\r\n\t\t\t\t\t<div class=\"faq-item-answer\">\r\n\t\t\t\t\t\t<div class=\"faq-item-answer-text\"> <p>El widget de Chatbot de IA es una soluci\u00f3n de chat sin c\u00f3digo impulsada por el modelo de IA m\u00e1s avanzado, lista para ser entrenada con los datos de tu negocio. Con una interfaz f\u00e1cil de navegar y diferentes opciones de personalizaci\u00f3n, puedes ofrecer servicio al cliente 24\/7 con una experiencia personalizada y siempre mantenerte informado con reportes regulares. \u00a1Experimenta por ti mismo lo simple y r\u00e1pido que puede ser con Elfsight!<\/p> <\/div>\r\n\t\t\t\t\t<\/div>\r\n\t\t\t\t<\/div><\/div><\/div> ","protected":false},"excerpt":{"rendered":"","protected":false},"author":9,"featured_media":0,"parent":17573,"menu_order":0,"comment_status":"closed","ping_status":"closed","template":"templates\/template-application-platform.php","meta":{"publish_to_discourse":"","publish_post_category":"","wpdc_auto_publish_overridden":"","wpdc_topic_tags":"","wpdc_pin_topic":"","wpdc_pin_until":"","discourse_post_id":"","discourse_permalink":"","wpdc_publishing_response":"","wpdc_publishing_error":"","footnotes":""},"class_list":["post-17630","page","type-page","status-publish","hentry"],"yoast_head":"<!-- This site is optimized with the Yoast SEO plugin v25.3.1 - https:\/\/yoast.com\/wordpress\/plugins\/seo\/ -->\n<title>Widget Facebook Page AI Chatbot \u2013 Agregar Chatbot AI a la P\u00e1gina de Facebook [GRATIS]<\/title>\n<meta name=\"description\" content=\"Agrega el mejor widget de AI Chatbot a tu sitio web de P\u00e1gina de Facebook sin necesidad de programar. \u00a1Automatiza el servicio al cliente con una integraci\u00f3n simple!\" \/>\n<meta name=\"robots\" content=\"index, follow, max-snippet:-1, max-image-preview:large, max-video-preview:-1\" \/>\n<link rel=\"canonical\" href=\"https:\/\/elfsight.com\/es\/ai-chatbot-widget\/facebook\/\" \/>\n<meta property=\"og:locale\" content=\"es_ES\" \/>\n<meta property=\"og:type\" content=\"article\" \/>\n<meta property=\"og:title\" content=\"Widget Facebook Page AI Chatbot \u2013 Agregar Chatbot AI a la P\u00e1gina de Facebook [GRATIS]\" \/>\n<meta property=\"og:description\" content=\"Agrega el mejor widget de AI Chatbot a tu sitio web de P\u00e1gina de Facebook sin necesidad de programar. \u00a1Automatiza el servicio al cliente con una integraci\u00f3n simple!\" \/>\n<meta property=\"og:url\" content=\"https:\/\/elfsight.com\/es\/ai-chatbot-widget\/facebook\/\" \/>\n<meta property=\"og:site_name\" content=\"Elfsight ES\" \/>\n<meta property=\"article:modified_time\" content=\"2025-06-11T09:11:30+00:00\" \/>\n<meta name=\"twitter:card\" content=\"summary_large_image\" \/>\n<meta name=\"twitter:label1\" content=\"Tiempo de lectura\" \/>\n\t<meta name=\"twitter:data1\" content=\"4 minutos\" \/>\n<!-- \/ Yoast SEO plugin. -->","yoast_head_json":{"title":"Widget Facebook Page AI Chatbot \u2013 Agregar Chatbot AI a la P\u00e1gina de Facebook [GRATIS]","description":"Agrega el mejor widget de AI Chatbot a tu sitio web de P\u00e1gina de Facebook sin necesidad de programar. \u00a1Automatiza el servicio al cliente con una integraci\u00f3n simple!","robots":{"index":"index","follow":"follow","max-snippet":"max-snippet:-1","max-image-preview":"max-image-preview:large","max-video-preview":"max-video-preview:-1"},"canonical":"https:\/\/elfsight.com\/es\/ai-chatbot-widget\/facebook\/","og_locale":"es_ES","og_type":"article","og_title":"Widget Facebook Page AI Chatbot \u2013 Agregar Chatbot AI a la P\u00e1gina de Facebook [GRATIS]","og_description":"Agrega el mejor widget de AI Chatbot a tu sitio web de P\u00e1gina de Facebook sin necesidad de programar. \u00a1Automatiza el servicio al cliente con una integraci\u00f3n simple!","og_url":"https:\/\/elfsight.com\/es\/ai-chatbot-widget\/facebook\/","og_site_name":"Elfsight ES","article_modified_time":"2025-06-11T09:11:30+00:00","twitter_card":"summary_large_image","twitter_misc":{"Tiempo de lectura":"4 minutos"},"schema":{"@context":"https:\/\/schema.org","@graph":[{"@type":"WebPage","@id":"https:\/\/elfsight.com\/es\/ai-chatbot-widget\/facebook\/","url":"https:\/\/elfsight.com\/es\/ai-chatbot-widget\/facebook\/","name":"Widget Facebook Page AI Chatbot \u2013 Agregar Chatbot AI a la P\u00e1gina de Facebook [GRATIS]","isPartOf":{"@id":"https:\/\/elfsight.com\/es\/#website"},"datePublished":"2024-12-28T09:37:22+00:00","dateModified":"2025-06-11T09:11:30+00:00","description":"Agrega el mejor widget de AI Chatbot a tu sitio web de P\u00e1gina de Facebook sin necesidad de programar. \u00a1Automatiza el servicio al cliente con una integraci\u00f3n simple!","breadcrumb":{"@id":"https:\/\/elfsight.com\/es\/ai-chatbot-widget\/facebook\/#breadcrumb"},"inLanguage":"es","potentialAction":[{"@type":"ReadAction","target":["https:\/\/elfsight.com\/es\/ai-chatbot-widget\/facebook\/"]}]},{"@type":"BreadcrumbList","@id":"https:\/\/elfsight.com\/es\/ai-chatbot-widget\/facebook\/#breadcrumb","itemListElement":[{"@type":"ListItem","position":1,"name":"Home","item":"https:\/\/elfsight.com\/es\/"},{"@type":"ListItem","position":2,"name":"AI Chatbot","item":"https:\/\/elfsight.com\/es\/ai-chatbot-widget\/"},{"@type":"ListItem","position":3,"name":"AI Chatbot &#8211; Facebook Page"}]},{"@type":"WebSite","@id":"https:\/\/elfsight.com\/es\/#website","url":"https:\/\/elfsight.com\/es\/","name":"Elfsight ES","description":"Just another Elfsight Sites site","potentialAction":[{"@type":"SearchAction","target":{"@type":"EntryPoint","urlTemplate":"https:\/\/elfsight.com\/es\/?s={search_term_string}"},"query-input":{"@type":"PropertyValueSpecification","valueRequired":true,"valueName":"search_term_string"}}],"inLanguage":"es"}]}},"meta_box":{"industry":"","seo_heading":"","heading":"","description":"","cta_heading":"","cta_description":"","application":"17569","h1":"Agregar AI Chatbot al sitio web de P\u00e1gina de Facebook","h1_caption":"Crea el mejor chatbot de IA, entrenado espec\u00edficamente con los datos de tu negocio para automatizar el soporte al cliente, captar prospectos y ofrecer respuestas instant\u00e1neas y precisas en el sitio web de P\u00e1gina de Facebook\u201424\/7.","application_category":[],"applications_title":"","applications_request_title":"","applications_request_button_text":"","hero_text":"","hero_video":"","hero_video_schema_markup":"","selling_points_title":"","selling_points_caption":"","selling_points":[],"selling_points_cta_text":"","features_title":"","features":"","ed_cta_examples_text":"","ed_cta_examples_hidden":"","ed_cta_demo_text":"","ed_cta_demo_hidden":"","why_caption":"","why_editor_title":"","why_editor_text":"","why_team_title":"","why_team_text":"","why_service_title":"","why_service_text":"","template_catalog_visible":"","template_catalog_title":"","template_catalog_text":"","template_catalog_categories_visible":"","demo_title":"Crea tu widget de AI Chatbot","demo_caption":"Configura el AI Chatbot y agr\u00e9galo a tu sitio web de P\u00e1gina de Facebook de forma gratuita.","default_faq_hidden":"","app_template_category":[],"platform":"64","template_public_id":"","codecanyon_url":"","codecanyon_item_id":"","codecanyon_price":"","pricing_caption":"","pricing_elfsight_apps_hide_column":"","pricing_elfsight_apps_url":"","pricing_codecanyon_price_caption":"","integration_category":[],"integration_request_title":"","integration_request_cta":"","integration_platform":"","integrations":[],"platform_category":[],"video_schema_markup":"","price":"desde $0 \/ mes","trial":"","benefits":[{"text":"Servicio de instalaci\u00f3n sin costo"},{"text":"Soporte premium"},{"text":"Garant\u00eda de reembolso de 14 d\u00edas"},{"text":"Desarrollo continuo"},{"text":""}],"button_url":"#demo","button_target_blank":"","button_nofollow":"","attributes":[{"name":"Instalaciones","content":"50,000 - 100,000"},{"name":"Responsivo","content":"S\u00ed"},{"name":"Navegadores compatibles","content":"Firefox, Safari, Opera, Chrome, Edge"}],"tags":[],"tags_disable_links":"","hide_more_platforms":"","video_object":"","demo_hide_cta":"","demo_hide_cloud_options":"","pricing_title":"","pricing":[{"pricing_icon":"platform","pricing_title":"Elfsight Apps","pricing_title_caption":"Versi\u00f3n independiente de la plataforma que se adapta a cualquier sitio web","pricing_price":"desde $0 \/ mes","pricing_price_caption":"Comienza con un plan gratuito","pricing_benefits":[{"text":"Sitios web ilimitados"},{"text":"Soporte gratuito y puntual"},{"text":"Asistencia de instalaci\u00f3n sin costo"},{"text":"Dise\u00f1o flexible"}],"pricing_button_text":"Agregar al sitio web","pricing_button_url":"#demo"}],"related_apps_title":"","related_apps_hidden":"","author":"","image":[],"title":"","job":"","social_networks":[]},"_links":{"self":[{"href":"https:\/\/elfsight.com\/es\/wp-json\/wp\/v2\/pages\/17630","targetHints":{"allow":["GET"]}}],"collection":[{"href":"https:\/\/elfsight.com\/es\/wp-json\/wp\/v2\/pages"}],"about":[{"href":"https:\/\/elfsight.com\/es\/wp-json\/wp\/v2\/types\/page"}],"author":[{"embeddable":true,"href":"https:\/\/elfsight.com\/es\/wp-json\/wp\/v2\/users\/9"}],"replies":[{"embeddable":true,"href":"https:\/\/elfsight.com\/es\/wp-json\/wp\/v2\/comments?post=17630"}],"version-history":[{"count":1,"href":"https:\/\/elfsight.com\/es\/wp-json\/wp\/v2\/pages\/17630\/revisions"}],"predecessor-version":[{"id":17634,"href":"https:\/\/elfsight.com\/es\/wp-json\/wp\/v2\/pages\/17630\/revisions\/17634"}],"up":[{"embeddable":true,"href":"https:\/\/elfsight.com\/es\/wp-json\/wp\/v2\/pages\/17573"}],"wp:attachment":[{"href":"https:\/\/elfsight.com\/es\/wp-json\/wp\/v2\/media?parent=17630"}],"curies":[{"name":"wp","href":"https:\/\/api.w.org\/{rel}","templated":true}]}}