{"id":17629,"date":"2024-12-28T09:42:14","date_gmt":"2024-12-28T09:42:14","guid":{"rendered":"https:\/\/elfsight.com\/es\/?page_id=17629"},"modified":"2025-06-11T09:11:18","modified_gmt":"2025-06-11T09:11:18","slug":"drupal","status":"publish","type":"page","link":"https:\/\/elfsight.com\/es\/ai-chatbot-widget\/drupal\/","title":{"rendered":"AI Chatbot &#8211; Drupal"},"content":{"rendered":"<div class=\"application-platform-content-item-description application-platform-content-item\" id=\"description\" data-nav-section=\"description\"><h2>\u00a1Incorpora un chatbot de IA en Drupal con el widget de Elfsight!<\/h2> <p>Crea un chatbot de IA superior para tu sitio web de Drupal, entrenado espec\u00edficamente con tu base de conocimientos, archivos de soporte o preguntas frecuentes comunes. Perm\u00edtele aprender y evolucionar, ofreciendo mensajes personalizados para servir mejor a tus usuarios todos los d\u00edas.<\/p> <p>Agiliza las tareas de servicio al cliente, reduce los tiempos de respuesta y genera clientes potenciales con \u00e9xito sin trabajo manual. Ofrece asistencia continua, garantizando que los clientes obtengan la informaci\u00f3n que necesitan, \u00a1en cualquier momento y en cualquier lugar!<\/p> <p><b>\u00a1Agrega un asistente de IA para ofrecer respuestas instant\u00e1neas, solucionar problemas y aumentar tus ventas!<\/b><\/p> <\/div><div class=\"application-platform-content-item-features application-platform-content-item\" id=\"features\" data-nav-section=\"features\"> <h2>Estas son las caracter\u00edsticas clave del widget:<\/h2> <ul><li><b>Automatiza tus interacciones con los clientes.<\/b> Agiliza las respuestas, garantiza disponibilidad continua y eleva la eficiencia con m\u00ednima configuraci\u00f3n\u2014\u00a1maneja chats y usuarios ilimitados sin esfuerzo!<\/li><li><b>Ofrece una experiencia personalizada.<\/b> Ayuda a que cada cliente se sienta \u00fanico y crea la mejor experiencia con respuestas personalizadas, saludos, guardado del historial de chats y comunicaciones de seguimiento.<\/li><li><b>Entrena al chatbot con informaci\u00f3n de la empresa.<\/b> Fortalece el chatbot de IA con tu experiencia espec\u00edfica subiendo materiales, incorporando pares de preguntas y respuestas y utilizando la informaci\u00f3n de tu sitio para el generador de instrucciones, asegurando respuestas precisas y aplicables adaptadas a tu negocio.<\/li><li><b>Obt\u00e9n informaci\u00f3n sobre los clientes en tu correo electr\u00f3nico.<\/b> Mantente informado y recoge informaci\u00f3n esencial recibiendo las transcripciones completas de los chats directamente en tu bandeja de entrada, con informaci\u00f3n clave de contacto para la generaci\u00f3n de clientes potenciales y la mejora del servicio.<\/li><li><b>Explora una amplia variedad de plantillas.<\/b> Lanza tu chatbot de IA r\u00e1pidamente con nuestra biblioteca de plantillas listas para usar. Est\u00e1n desarrolladas para diversas industrias y prop\u00f3sitos, cada una con conjuntos de instrucciones especializados para resultados inmediatos.<\/li><\/ul><p><a href=\"#demo\">Solo prueba este configurador para ver lo que vale el widget<\/a><\/p> <\/div> <div class=\"application-platform-content-item-installation application-platform-content-item\" id=\"installation\" data-nav-section=\"installation\"> <h2>\u00bfC\u00f3mo a\u00f1adir el plugin de AI Chatbot a Drupal?<\/h2> <p>Si deseas incorporar el chatbot de IA en tu sitio web de Drupal, sigue estos pasos:<\/p> <ol><li><b>Personaliza el widget.<\/b><br> Elige una plantilla prehecha para comenzar. Luego, podr\u00e1s entrenar tu chatbot, configurar la funcionalidad y modificar su estilo visual para alinearlo con los objetivos de tu negocio.<\/li><li><b>Obt\u00e9n el c\u00f3digo de inserci\u00f3n.<\/b><br> Guarda el resultado y copia el c\u00f3digo de instalaci\u00f3n proporcionado.<\/li><li><b>Agrega el c\u00f3digo a tu constructor de sitios web.<\/b><br> Navega al \u00e1rea de administraci\u00f3n de tu sitio web, pega el shortcode donde sea necesario y actualiza la p\u00e1gina. \u00a1Listo!<\/li> <\/ol><p>Si encuentras dificultades, por favor contacta con nuestro personal de servicio al cliente. Nuestro equipo est\u00e1 dispuesto a ayudarte con todas las dudas que puedas tener con el m\u00f3dulo.<\/p> <div class=\"faq\" data-component=\"FAQ\"><div class=\"faq-item\">\r\n\t\t\t\t\t<div class=\"faq-item-question\">\r\n\t\t\t\t\t\t<h3 class=\"faq-item-question-text\">\u00bfC\u00f3mo puedo agregar la informaci\u00f3n de mi negocio al m\u00f3dulo de AI Chatbot?<\/h3>\r\n\r\n\t\t\t\t\t\t<div class=\"faq-item-question-icon\"><\/div>\r\n\t\t\t\t\t<\/div>\r\n\r\n\t\t\t\t\t<div class=\"faq-item-answer\">\r\n\t\t\t\t\t\t<div class=\"faq-item-answer-text\"><p>Para cargar tus datos, navega a la secci\u00f3n \u00abEntrenamiento\u00bb y selecciona uno de los formatos ofrecidos: archivos de documentos, conjuntos espec\u00edficos de preguntas y respuestas o bloques de texto b\u00e1sicos.<\/p> <\/div>\r\n\t\t\t\t\t<\/div>\r\n\t\t\t\t<\/div> <div class=\"faq-item\">\r\n\t\t\t\t\t<div class=\"faq-item-question\">\r\n\t\t\t\t\t\t<h3 class=\"faq-item-question-text\">\u00bfC\u00f3mo crear respuestas r\u00e1pidas para el AI Chatbot?<\/h3>\r\n\r\n\t\t\t\t\t\t<div class=\"faq-item-question-icon\"><\/div>\r\n\t\t\t\t\t<\/div>\r\n\r\n\t\t\t\t\t<div class=\"faq-item-answer\">\r\n\t\t\t\t\t\t<div class=\"faq-item-answer-text\"><p>Puedes agregarlas directamente en el configurador de AI Chatbot navegando a la pesta\u00f1a \u00abSaludo\u00bb. Encontrar\u00e1s el campo donde podr\u00e1s escribir una atractiva apertura de conversaci\u00f3n o una consulta com\u00fan.<\/p> <\/div>\r\n\t\t\t\t\t<\/div>\r\n\t\t\t\t<\/div> <div class=\"faq-item\">\r\n\t\t\t\t\t<div class=\"faq-item-question\">\r\n\t\t\t\t\t\t<h3 class=\"faq-item-question-text\">\u00bfQu\u00e9 hace que el m\u00f3dulo de AI Chatbot de Elfsight sea el mejor para mi sitio web de Drupal?<\/h3>\r\n\r\n\t\t\t\t\t\t<div class=\"faq-item-question-icon\"><\/div>\r\n\t\t\t\t\t<\/div>\r\n\r\n\t\t\t\t\t<div class=\"faq-item-answer\">\r\n\t\t\t\t\t\t<div class=\"faq-item-answer-text\"> <p>El m\u00f3dulo de AI Chatbot es una soluci\u00f3n de chat sin c\u00f3digo respaldada por la tecnolog\u00eda de IA m\u00e1s avanzada, lista para ser entrenada con la informaci\u00f3n de tu empresa. Con una interfaz intuitiva y diversas configuraciones de personalizaci\u00f3n, puedes ofrecer servicio al cliente las 24 horas con una experiencia personalizada y siempre mantener el control con informes continuos. \u00a1Desc\u00fabrelo por ti mismo lo conveniente y r\u00e1pido que puede ser con Elfsight!<\/p> <\/div>\r\n\t\t\t\t\t<\/div>\r\n\t\t\t\t<\/div><\/div><\/div> ","protected":false},"excerpt":{"rendered":"","protected":false},"author":9,"featured_media":0,"parent":17573,"menu_order":0,"comment_status":"closed","ping_status":"closed","template":"templates\/template-application-platform.php","meta":{"publish_to_discourse":"","publish_post_category":"","wpdc_auto_publish_overridden":"","wpdc_topic_tags":"","wpdc_pin_topic":"","wpdc_pin_until":"","discourse_post_id":"","discourse_permalink":"","wpdc_publishing_response":"","wpdc_publishing_error":"","footnotes":""},"class_list":["post-17629","page","type-page","status-publish","hentry"],"yoast_head":"<!-- This site is optimized with the Yoast SEO plugin v25.3.1 - https:\/\/yoast.com\/wordpress\/plugins\/seo\/ -->\n<title>M\u00f3dulo Drupal AI Chatbot \u2013 Agregar Chatbot AI a Drupal [GRATIS]<\/title>\n<meta name=\"description\" content=\"Agrega el mejor m\u00f3dulo de AI Chatbot a tu sitio web de Drupal sin necesidad de programar. \u00a1Agiliza la asistencia al cliente con una integraci\u00f3n r\u00e1pida!\" \/>\n<meta name=\"robots\" content=\"index, follow, max-snippet:-1, max-image-preview:large, max-video-preview:-1\" \/>\n<link rel=\"canonical\" href=\"https:\/\/elfsight.com\/es\/ai-chatbot-widget\/drupal\/\" \/>\n<meta property=\"og:locale\" content=\"es_ES\" \/>\n<meta property=\"og:type\" content=\"article\" \/>\n<meta property=\"og:title\" content=\"M\u00f3dulo Drupal AI Chatbot \u2013 Agregar Chatbot AI a Drupal [GRATIS]\" \/>\n<meta property=\"og:description\" content=\"Agrega el mejor m\u00f3dulo de AI Chatbot a tu sitio web de Drupal sin necesidad de programar. \u00a1Agiliza la asistencia al cliente con una integraci\u00f3n r\u00e1pida!\" \/>\n<meta property=\"og:url\" content=\"https:\/\/elfsight.com\/es\/ai-chatbot-widget\/drupal\/\" \/>\n<meta property=\"og:site_name\" content=\"Elfsight ES\" \/>\n<meta property=\"article:modified_time\" content=\"2025-06-11T09:11:18+00:00\" \/>\n<meta name=\"twitter:card\" content=\"summary_large_image\" \/>\n<meta name=\"twitter:label1\" content=\"Tiempo de lectura\" \/>\n\t<meta name=\"twitter:data1\" content=\"4 minutos\" \/>\n<!-- \/ Yoast SEO plugin. -->","yoast_head_json":{"title":"M\u00f3dulo Drupal AI Chatbot \u2013 Agregar Chatbot AI a Drupal [GRATIS]","description":"Agrega el mejor m\u00f3dulo de AI Chatbot a tu sitio web de Drupal sin necesidad de programar. \u00a1Agiliza la asistencia al cliente con una integraci\u00f3n r\u00e1pida!","robots":{"index":"index","follow":"follow","max-snippet":"max-snippet:-1","max-image-preview":"max-image-preview:large","max-video-preview":"max-video-preview:-1"},"canonical":"https:\/\/elfsight.com\/es\/ai-chatbot-widget\/drupal\/","og_locale":"es_ES","og_type":"article","og_title":"M\u00f3dulo Drupal AI Chatbot \u2013 Agregar Chatbot AI a Drupal [GRATIS]","og_description":"Agrega el mejor m\u00f3dulo de AI Chatbot a tu sitio web de Drupal sin necesidad de programar. \u00a1Agiliza la asistencia al cliente con una integraci\u00f3n r\u00e1pida!","og_url":"https:\/\/elfsight.com\/es\/ai-chatbot-widget\/drupal\/","og_site_name":"Elfsight ES","article_modified_time":"2025-06-11T09:11:18+00:00","twitter_card":"summary_large_image","twitter_misc":{"Tiempo de lectura":"4 minutos"},"schema":{"@context":"https:\/\/schema.org","@graph":[{"@type":"WebPage","@id":"https:\/\/elfsight.com\/es\/ai-chatbot-widget\/drupal\/","url":"https:\/\/elfsight.com\/es\/ai-chatbot-widget\/drupal\/","name":"M\u00f3dulo Drupal AI Chatbot \u2013 Agregar Chatbot AI a Drupal [GRATIS]","isPartOf":{"@id":"https:\/\/elfsight.com\/es\/#website"},"datePublished":"2024-12-28T09:42:14+00:00","dateModified":"2025-06-11T09:11:18+00:00","description":"Agrega el mejor m\u00f3dulo de AI Chatbot a tu sitio web de Drupal sin necesidad de programar. \u00a1Agiliza la asistencia al cliente con una integraci\u00f3n r\u00e1pida!","breadcrumb":{"@id":"https:\/\/elfsight.com\/es\/ai-chatbot-widget\/drupal\/#breadcrumb"},"inLanguage":"es","potentialAction":[{"@type":"ReadAction","target":["https:\/\/elfsight.com\/es\/ai-chatbot-widget\/drupal\/"]}]},{"@type":"BreadcrumbList","@id":"https:\/\/elfsight.com\/es\/ai-chatbot-widget\/drupal\/#breadcrumb","itemListElement":[{"@type":"ListItem","position":1,"name":"Home","item":"https:\/\/elfsight.com\/es\/"},{"@type":"ListItem","position":2,"name":"AI Chatbot","item":"https:\/\/elfsight.com\/es\/ai-chatbot-widget\/"},{"@type":"ListItem","position":3,"name":"AI Chatbot &#8211; Drupal"}]},{"@type":"WebSite","@id":"https:\/\/elfsight.com\/es\/#website","url":"https:\/\/elfsight.com\/es\/","name":"Elfsight ES","description":"Just another Elfsight Sites site","potentialAction":[{"@type":"SearchAction","target":{"@type":"EntryPoint","urlTemplate":"https:\/\/elfsight.com\/es\/?s={search_term_string}"},"query-input":{"@type":"PropertyValueSpecification","valueRequired":true,"valueName":"search_term_string"}}],"inLanguage":"es"}]}},"meta_box":{"industry":"","seo_heading":"","heading":"","description":"","cta_heading":"","cta_description":"","application":"17569","h1":"Agregar AI Chatbot al sitio web de Drupal","h1_caption":"Crea el mejor chatbot de IA, entrenado espec\u00edficamente con los datos de tu negocio para automatizar el soporte al cliente, captar prospectos y ofrecer respuestas instant\u00e1neas y precisas en el sitio web de Drupal\u201424\/7.","application_category":[],"applications_title":"","applications_request_title":"","applications_request_button_text":"","hero_text":"","hero_video":"","hero_video_schema_markup":"","selling_points_title":"","selling_points_caption":"","selling_points":[],"selling_points_cta_text":"","features_title":"","features":"","ed_cta_examples_text":"","ed_cta_examples_hidden":"","ed_cta_demo_text":"","ed_cta_demo_hidden":"","why_caption":"","why_editor_title":"","why_editor_text":"","why_team_title":"","why_team_text":"","why_service_title":"","why_service_text":"","template_catalog_visible":"","template_catalog_title":"","template_catalog_text":"","template_catalog_categories_visible":"","demo_title":"Crea tu m\u00f3dulo de AI Chatbot","demo_caption":"Configura el AI Chatbot y agr\u00e9galo a tu sitio web de Drupal de forma gratuita.","default_faq_hidden":"","app_template_category":[],"platform":"2161","template_public_id":"","codecanyon_url":"","codecanyon_item_id":"","codecanyon_price":"","pricing_caption":"","pricing_elfsight_apps_hide_column":"","pricing_elfsight_apps_url":"","pricing_codecanyon_price_caption":"","integration_category":[],"integration_request_title":"","integration_request_cta":"","integration_platform":"","integrations":[],"platform_category":[],"video_schema_markup":"","price":"desde $0 \/ mes","trial":"","benefits":[{"text":"Ayuda de instalaci\u00f3n gratuita"},{"text":"Servicio al cliente efectivo"},{"text":"Garant\u00eda de devoluci\u00f3n de dinero de 14 d\u00edas"},{"text":"Actualizaciones continuas gratuitas"},{"text":""}],"button_url":"#demo","button_target_blank":"","button_nofollow":"","attributes":[{"name":"Instalaciones","content":"50,000 - 100,000"},{"name":"Responsivo","content":"S\u00ed"},{"name":"Navegadores compatibles","content":"Firefox, Safari, Opera, Chrome, Edge"}],"tags":[],"tags_disable_links":"","hide_more_platforms":"","video_object":"","demo_hide_cta":"","demo_hide_cloud_options":"","pricing_title":"","pricing":[{"pricing_icon":"platform","pricing_title":"Elfsight Apps","pricing_title_caption":"Soluci\u00f3n digital independiente de la plataforma que funciona en cualquier sitio web","pricing_price":"desde $0 \/ mes","pricing_price_caption":"Comienza con un plan gratuito","pricing_benefits":[{"text":"Sitios web ilimitados"},{"text":"Soporte r\u00e1pido"},{"text":"Servicio de instalaci\u00f3n sin cargo"},{"text":"100% personalizable"}],"pricing_button_text":"Agregar al sitio web","pricing_button_url":"#demo"}],"related_apps_title":"","related_apps_hidden":"","author":"","image":[],"title":"","job":"","social_networks":[]},"_links":{"self":[{"href":"https:\/\/elfsight.com\/es\/wp-json\/wp\/v2\/pages\/17629","targetHints":{"allow":["GET"]}}],"collection":[{"href":"https:\/\/elfsight.com\/es\/wp-json\/wp\/v2\/pages"}],"about":[{"href":"https:\/\/elfsight.com\/es\/wp-json\/wp\/v2\/types\/page"}],"author":[{"embeddable":true,"href":"https:\/\/elfsight.com\/es\/wp-json\/wp\/v2\/users\/9"}],"replies":[{"embeddable":true,"href":"https:\/\/elfsight.com\/es\/wp-json\/wp\/v2\/comments?post=17629"}],"version-history":[{"count":1,"href":"https:\/\/elfsight.com\/es\/wp-json\/wp\/v2\/pages\/17629\/revisions"}],"predecessor-version":[{"id":17633,"href":"https:\/\/elfsight.com\/es\/wp-json\/wp\/v2\/pages\/17629\/revisions\/17633"}],"up":[{"embeddable":true,"href":"https:\/\/elfsight.com\/es\/wp-json\/wp\/v2\/pages\/17573"}],"wp:attachment":[{"href":"https:\/\/elfsight.com\/es\/wp-json\/wp\/v2\/media?parent=17629"}],"curies":[{"name":"wp","href":"https:\/\/api.w.org\/{rel}","templated":true}]}}