{"id":17627,"date":"2024-12-28T09:51:56","date_gmt":"2024-12-28T09:51:56","guid":{"rendered":"https:\/\/elfsight.com\/es\/?page_id=17627"},"modified":"2025-06-11T09:11:18","modified_gmt":"2025-06-11T09:11:18","slug":"prestashop","status":"publish","type":"page","link":"https:\/\/elfsight.com\/es\/ai-chatbot-widget\/prestashop\/","title":{"rendered":"AI Chatbot &#8211; PrestaShop"},"content":{"rendered":"<div class=\"application-platform-content-item-description application-platform-content-item\" id=\"description\" data-nav-section=\"description\"><h2>\u00a1Incorpora un chatbot de IA en PrestaShop con el widget de Elfsight!<\/h2> <p>Crea un chatbot de IA de primera categor\u00eda para tu sitio web de PrestaShop, entrenado espec\u00edficamente con tu base de conocimientos, recursos de soporte o preguntas frecuentes. Perm\u00edtele aprender y evolucionar, ofreciendo mensajes personalizados para mejorar la experiencia del usuario cada d\u00eda.<\/p> <p>Automatiza f\u00e1cilmente las tareas de atenci\u00f3n al cliente, reduce los tiempos de respuesta y captura clientes potenciales de manera eficaz sin trabajo manual. Ofrece asistencia 24\/7, para que los clientes puedan encontrar la informaci\u00f3n que desean, \u00a1cuando y donde sea!<\/p> <p><b>\u00a1Agrega un asistente de IA para ofrecer respuestas r\u00e1pidas, solucionar problemas y expandir tus ventas!<\/b><\/p> <\/div><div class=\"application-platform-content-item-features application-platform-content-item\" id=\"features\" data-nav-section=\"features\"> <h2>Explora la lista de las caracter\u00edsticas m\u00e1s poderosas:<\/h2> <ul><li><b>Automatiza las interacciones con tus clientes.<\/b> Optimiza las respuestas r\u00e1pidas, proporciona soporte las 24 horas y aumenta la eficiencia con m\u00ednima configuraci\u00f3n\u2014\u00a1maneja chats y usuarios ilimitados sin esfuerzo!<\/li><li><b>Ofrece una experiencia personalizada.<\/b> Haz que cada cliente se sienta importante y crea la mejor experiencia con respuestas personalizadas, usando sus nombres, haciendo un seguimiento de conversaciones previas y mensajes de seguimiento.<\/li><li><b>Entrena al chatbot con datos de negocios.<\/b> Potencia al chatbot de IA con tu conocimiento especializado subiendo documentos, creando pares de preguntas y respuestas, y aprovechando la informaci\u00f3n de tu sitio para el generador de instrucciones, asegurando respuestas precisas y aplicables a tu negocio.<\/li><li><b>Recibe informaci\u00f3n sobre los clientes en tu correo electr\u00f3nico.<\/b> Mantente actualizado y recolecta informaci\u00f3n valiosa recibiendo las transcripciones completas de los chats directamente en tu bandeja de entrada, incluyendo detalles clave de contacto para la generaci\u00f3n de clientes potenciales y la optimizaci\u00f3n del servicio.<\/li><li><b>Explora una amplia selecci\u00f3n de plantillas.<\/b> Haz que tu chatbot de IA est\u00e9 listo r\u00e1pidamente con nuestra biblioteca de plantillas pre-hechas. Est\u00e1n dise\u00f1adas para una variedad de industrias y funciones, cada una con conjuntos de instrucciones personalizadas para un \u00e9xito instant\u00e1neo.<\/li><\/ul><p><a href=\"#demo\">Puedes sentir c\u00f3mo funciona el widget utilizando el configurador<\/a><\/p> <\/div> <div class=\"application-platform-content-item-installation application-platform-content-item\" id=\"installation\" data-nav-section=\"installation\"> <h2>\u00bfC\u00f3mo a\u00f1adir el plugin de IA Chatbot a PrestaShop?<\/h2> <p>Para incorporar el chatbot de IA en tu sitio web de PrestaShop, sigue estos pasos:<\/p> <ol><li><b>Personaliza el widget.<\/b><br> Comienza seleccionando una de las plantillas disponibles. Luego, si\u00e9ntete libre de entrenar tu chatbot, configurar la funcionalidad y modificar su apariencia para que se ajuste a las necesidades de tu negocio.<\/li><li><b>Recibe el c\u00f3digo de inserci\u00f3n.<\/b><br> Guarda el trabajo realizado y copia el c\u00f3digo \u00fanico de instalaci\u00f3n.<\/li><li><b>Agrega el c\u00f3digo al editor de tu sitio web.<\/b><br> Accede al panel de administraci\u00f3n de tu sitio web, inserta el shortcode donde sea necesario y actualiza la p\u00e1gina. \u00a1Listo!<\/li> <\/ol><p>Si tienes alguna pregunta o encuentras dificultades, no dudes en contactar con nuestro personal de servicio al cliente. Nuestros especialistas estar\u00e1n encantados de ayudarte con todos los problemas que puedas tener con el complemento.<\/p> <div class=\"faq\" data-component=\"FAQ\"><div class=\"faq-item\">\r\n\t\t\t\t\t<div class=\"faq-item-question\">\r\n\t\t\t\t\t\t<h3 class=\"faq-item-question-text\">\u00bfC\u00f3mo puedo a\u00f1adir la informaci\u00f3n de mi negocio al addon de AI Chatbot?<\/h3>\r\n\r\n\t\t\t\t\t\t<div class=\"faq-item-question-icon\"><\/div>\r\n\t\t\t\t\t<\/div>\r\n\r\n\t\t\t\t\t<div class=\"faq-item-answer\">\r\n\t\t\t\t\t\t<div class=\"faq-item-answer-text\"><p>Para cargar tus datos, ve al men\u00fa \u00abEntrenamiento\u00bb y selecciona uno de los formatos disponibles: archivos de documentos, conjuntos espec\u00edficos de preguntas y respuestas o bloques de texto simples.<\/p> <\/div>\r\n\t\t\t\t\t<\/div>\r\n\t\t\t\t<\/div> <div class=\"faq-item\">\r\n\t\t\t\t\t<div class=\"faq-item-question\">\r\n\t\t\t\t\t\t<h3 class=\"faq-item-question-text\">\u00bfC\u00f3mo crear respuestas r\u00e1pidas para el AI Chatbot?<\/h3>\r\n\r\n\t\t\t\t\t\t<div class=\"faq-item-question-icon\"><\/div>\r\n\t\t\t\t\t<\/div>\r\n\r\n\t\t\t\t\t<div class=\"faq-item-answer\">\r\n\t\t\t\t\t\t<div class=\"faq-item-answer-text\"><p>Puedes agregarlas directamente en el editor de AI Chatbot accediendo a la pesta\u00f1a \u00abSaludo\u00bb. Encontrar\u00e1s el campo donde podr\u00e1s ingresar una excelente apertura de conversaci\u00f3n o una pregunta frecuente.<\/p> <\/div>\r\n\t\t\t\t\t<\/div>\r\n\t\t\t\t<\/div> <div class=\"faq-item\">\r\n\t\t\t\t\t<div class=\"faq-item-question\">\r\n\t\t\t\t\t\t<h3 class=\"faq-item-question-text\">\u00bfQu\u00e9 hace que el addon de AI Chatbot de Elfsight sea el mejor para mi sitio web de PrestaShop?<\/h3>\r\n\r\n\t\t\t\t\t\t<div class=\"faq-item-question-icon\"><\/div>\r\n\t\t\t\t\t<\/div>\r\n\r\n\t\t\t\t\t<div class=\"faq-item-answer\">\r\n\t\t\t\t\t\t<div class=\"faq-item-answer-text\"> <p>El addon de AI Chatbot es una soluci\u00f3n de chat sin c\u00f3digo impulsada por el modelo de IA m\u00e1s avanzado, lista para ser entrenada con la informaci\u00f3n de tu organizaci\u00f3n. Con una interfaz f\u00e1cil de usar y numerosas opciones de personalizaci\u00f3n, puedes ofrecer soporte al cliente 24\/7 con una experiencia personalizada y siempre mantenerte informado con informes constantes. \u00a1Desc\u00fabrelo por ti mismo lo f\u00e1cil y r\u00e1pido que puede ser con Elfsight!<\/p> <\/div>\r\n\t\t\t\t\t<\/div>\r\n\t\t\t\t<\/div><\/div><\/div>","protected":false},"excerpt":{"rendered":"","protected":false},"author":9,"featured_media":0,"parent":17573,"menu_order":0,"comment_status":"closed","ping_status":"closed","template":"templates\/template-application-platform.php","meta":{"publish_to_discourse":"","publish_post_category":"","wpdc_auto_publish_overridden":"","wpdc_topic_tags":"","wpdc_pin_topic":"","wpdc_pin_until":"","discourse_post_id":"","discourse_permalink":"","wpdc_publishing_response":"","wpdc_publishing_error":"","footnotes":""},"class_list":["post-17627","page","type-page","status-publish","hentry"],"yoast_head":"<!-- This site is optimized with the Yoast SEO plugin v25.3.1 - https:\/\/yoast.com\/wordpress\/plugins\/seo\/ -->\n<title>Complemento PrestaShop AI Chatbot \u2013 Agregar Chatbot AI a PrestaShop [GRATIS]<\/title>\n<meta name=\"description\" content=\"Agrega el mejor complemento de AI Chatbot a tu sitio web de PrestaShop sin necesidad de programar. \u00a1Optimiza el soporte al cliente con una integraci\u00f3n r\u00e1pida!\" \/>\n<meta name=\"robots\" content=\"index, follow, max-snippet:-1, max-image-preview:large, max-video-preview:-1\" \/>\n<link rel=\"canonical\" href=\"https:\/\/elfsight.com\/es\/ai-chatbot-widget\/prestashop\/\" \/>\n<meta property=\"og:locale\" content=\"es_ES\" \/>\n<meta property=\"og:type\" content=\"article\" \/>\n<meta property=\"og:title\" content=\"Complemento PrestaShop AI Chatbot \u2013 Agregar Chatbot AI a PrestaShop [GRATIS]\" \/>\n<meta property=\"og:description\" content=\"Agrega el mejor complemento de AI Chatbot a tu sitio web de PrestaShop sin necesidad de programar. \u00a1Optimiza el soporte al cliente con una integraci\u00f3n r\u00e1pida!\" \/>\n<meta property=\"og:url\" content=\"https:\/\/elfsight.com\/es\/ai-chatbot-widget\/prestashop\/\" \/>\n<meta property=\"og:site_name\" content=\"Elfsight ES\" \/>\n<meta property=\"article:modified_time\" content=\"2025-06-11T09:11:18+00:00\" \/>\n<meta name=\"twitter:card\" content=\"summary_large_image\" \/>\n<meta name=\"twitter:label1\" content=\"Tiempo de lectura\" \/>\n\t<meta name=\"twitter:data1\" content=\"4 minutos\" \/>\n<!-- \/ Yoast SEO plugin. -->","yoast_head_json":{"title":"Complemento PrestaShop AI Chatbot \u2013 Agregar Chatbot AI a PrestaShop [GRATIS]","description":"Agrega el mejor complemento de AI Chatbot a tu sitio web de PrestaShop sin necesidad de programar. \u00a1Optimiza el soporte al cliente con una integraci\u00f3n r\u00e1pida!","robots":{"index":"index","follow":"follow","max-snippet":"max-snippet:-1","max-image-preview":"max-image-preview:large","max-video-preview":"max-video-preview:-1"},"canonical":"https:\/\/elfsight.com\/es\/ai-chatbot-widget\/prestashop\/","og_locale":"es_ES","og_type":"article","og_title":"Complemento PrestaShop AI Chatbot \u2013 Agregar Chatbot AI a PrestaShop [GRATIS]","og_description":"Agrega el mejor complemento de AI Chatbot a tu sitio web de PrestaShop sin necesidad de programar. \u00a1Optimiza el soporte al cliente con una integraci\u00f3n r\u00e1pida!","og_url":"https:\/\/elfsight.com\/es\/ai-chatbot-widget\/prestashop\/","og_site_name":"Elfsight ES","article_modified_time":"2025-06-11T09:11:18+00:00","twitter_card":"summary_large_image","twitter_misc":{"Tiempo de lectura":"4 minutos"},"schema":{"@context":"https:\/\/schema.org","@graph":[{"@type":"WebPage","@id":"https:\/\/elfsight.com\/es\/ai-chatbot-widget\/prestashop\/","url":"https:\/\/elfsight.com\/es\/ai-chatbot-widget\/prestashop\/","name":"Complemento PrestaShop AI Chatbot \u2013 Agregar Chatbot AI a PrestaShop [GRATIS]","isPartOf":{"@id":"https:\/\/elfsight.com\/es\/#website"},"datePublished":"2024-12-28T09:51:56+00:00","dateModified":"2025-06-11T09:11:18+00:00","description":"Agrega el mejor complemento de AI Chatbot a tu sitio web de PrestaShop sin necesidad de programar. \u00a1Optimiza el soporte al cliente con una integraci\u00f3n r\u00e1pida!","breadcrumb":{"@id":"https:\/\/elfsight.com\/es\/ai-chatbot-widget\/prestashop\/#breadcrumb"},"inLanguage":"es","potentialAction":[{"@type":"ReadAction","target":["https:\/\/elfsight.com\/es\/ai-chatbot-widget\/prestashop\/"]}]},{"@type":"BreadcrumbList","@id":"https:\/\/elfsight.com\/es\/ai-chatbot-widget\/prestashop\/#breadcrumb","itemListElement":[{"@type":"ListItem","position":1,"name":"Home","item":"https:\/\/elfsight.com\/es\/"},{"@type":"ListItem","position":2,"name":"AI Chatbot","item":"https:\/\/elfsight.com\/es\/ai-chatbot-widget\/"},{"@type":"ListItem","position":3,"name":"AI Chatbot &#8211; PrestaShop"}]},{"@type":"WebSite","@id":"https:\/\/elfsight.com\/es\/#website","url":"https:\/\/elfsight.com\/es\/","name":"Elfsight ES","description":"Just another Elfsight Sites site","potentialAction":[{"@type":"SearchAction","target":{"@type":"EntryPoint","urlTemplate":"https:\/\/elfsight.com\/es\/?s={search_term_string}"},"query-input":{"@type":"PropertyValueSpecification","valueRequired":true,"valueName":"search_term_string"}}],"inLanguage":"es"}]}},"meta_box":{"industry":"","seo_heading":"","heading":"","description":"","cta_heading":"","cta_description":"","application":"17569","h1":"Agregar AI Chatbot al sitio web de PrestaShop","h1_caption":"Crea el mejor chatbot de IA, entrenado espec\u00edficamente con los datos de tu negocio para automatizar el soporte al cliente, captar prospectos y ofrecer respuestas instant\u00e1neas y precisas en el sitio web de PrestaShop\u201424\/7.","application_category":[],"applications_title":"","applications_request_title":"","applications_request_button_text":"","hero_text":"","hero_video":"","hero_video_schema_markup":"","selling_points_title":"","selling_points_caption":"","selling_points":[],"selling_points_cta_text":"","features_title":"","features":"","ed_cta_examples_text":"","ed_cta_examples_hidden":"","ed_cta_demo_text":"","ed_cta_demo_hidden":"","why_caption":"","why_editor_title":"","why_editor_text":"","why_team_title":"","why_team_text":"","why_service_title":"","why_service_text":"","template_catalog_visible":"","template_catalog_title":"","template_catalog_text":"","template_catalog_categories_visible":"","demo_title":"Crea tu complemento de AI Chatbot","demo_caption":"Configura el AI Chatbot y agr\u00e9galo a tu sitio web de PrestaShop de forma gratuita.","default_faq_hidden":"","app_template_category":[],"platform":"2250","template_public_id":"","codecanyon_url":"","codecanyon_item_id":"","codecanyon_price":"","pricing_caption":"","pricing_elfsight_apps_hide_column":"","pricing_elfsight_apps_url":"","pricing_codecanyon_price_caption":"","integration_category":[],"integration_request_title":"","integration_request_cta":"","integration_platform":"","integrations":[],"platform_category":[],"video_schema_markup":"","price":"desde $0 \/ mes","trial":"","benefits":[{"text":"Servicio de instalaci\u00f3n gratuita"},{"text":"Servicio al cliente competente"},{"text":"Garant\u00eda de reembolso de 14 d\u00edas"},{"text":"Actualizaci\u00f3n constante"},{"text":""}],"button_url":"#demo","button_target_blank":"","button_nofollow":"","attributes":[{"name":"Instalaciones","content":"50,000 - 100,000"},{"name":"Responsivo","content":"S\u00ed"},{"name":"Navegadores compatibles","content":"Firefox, Safari, Opera, Chrome, Edge"}],"tags":[],"tags_disable_links":"","hide_more_platforms":"","video_object":"","demo_hide_cta":"","demo_hide_cloud_options":"","pricing_title":"","pricing":[{"pricing_icon":"platform","pricing_title":"Elfsight Apps","pricing_title_caption":"Software multiplataforma que funciona en cualquier sitio web","pricing_price":"desde $0 \/ mes","pricing_price_caption":"Comienza con un plan gratuito","pricing_benefits":[{"text":"Sitios web ilimitados"},{"text":"Soporte al cliente premium"},{"text":"Ayuda de instalaci\u00f3n gratuita"},{"text":"Dise\u00f1o flexible"}],"pricing_button_text":"Agregar al sitio web","pricing_button_url":"#demo"}],"related_apps_title":"","related_apps_hidden":"","author":"","image":[],"title":"","job":"","social_networks":[]},"_links":{"self":[{"href":"https:\/\/elfsight.com\/es\/wp-json\/wp\/v2\/pages\/17627","targetHints":{"allow":["GET"]}}],"collection":[{"href":"https:\/\/elfsight.com\/es\/wp-json\/wp\/v2\/pages"}],"about":[{"href":"https:\/\/elfsight.com\/es\/wp-json\/wp\/v2\/types\/page"}],"author":[{"embeddable":true,"href":"https:\/\/elfsight.com\/es\/wp-json\/wp\/v2\/users\/9"}],"replies":[{"embeddable":true,"href":"https:\/\/elfsight.com\/es\/wp-json\/wp\/v2\/comments?post=17627"}],"version-history":[{"count":1,"href":"https:\/\/elfsight.com\/es\/wp-json\/wp\/v2\/pages\/17627\/revisions"}],"predecessor-version":[{"id":17631,"href":"https:\/\/elfsight.com\/es\/wp-json\/wp\/v2\/pages\/17627\/revisions\/17631"}],"up":[{"embeddable":true,"href":"https:\/\/elfsight.com\/es\/wp-json\/wp\/v2\/pages\/17573"}],"wp:attachment":[{"href":"https:\/\/elfsight.com\/es\/wp-json\/wp\/v2\/media?parent=17627"}],"curies":[{"name":"wp","href":"https:\/\/api.w.org\/{rel}","templated":true}]}}