{"id":17593,"date":"2024-12-28T14:50:04","date_gmt":"2024-12-28T14:50:04","guid":{"rendered":"https:\/\/elfsight.com\/es\/?page_id=17593"},"modified":"2024-12-28T14:50:05","modified_gmt":"2024-12-28T14:50:05","slug":"examples","status":"publish","type":"page","link":"https:\/\/elfsight.com\/es\/business-hours-widget\/examples\/","title":{"rendered":"Business Hours &#8211; Examples"},"content":{"rendered":"\n<div class=\"application-examples-item application-examples-item-loading\">\n                            <div class=\"col-row\">\n                                <div class=\"col-6 col-m-8 col-s-12\"><h3 class=\"application-examples-item-title\">Ejemplo 1. Ideas Completas de Negocios<\/h3><div class=\"application-examples-item-description\">El dise\u00f1o del widget asegura que los horarios de atenci\u00f3n de tu negocio se presenten en todo detalle, facilitando a tus clientes planificar sus visitas o contactarte en el momento adecuado. La informaci\u00f3n se muestra de manera clara y organizada, mejorando la experiencia del usuario y reduciendo cualquier confusi\u00f3n. La informaci\u00f3n de contacto no solo est\u00e1 incluida, sino tambi\u00e9n muy visible, permitiendo a tus clientes comunicarse contigo sin esfuerzo. Ya sea tu n\u00famero de tel\u00e9fono, correo electr\u00f3nico o direcci\u00f3n, todo est\u00e1 destacado, asegurando que tus clientes puedan ponerse en contacto r\u00e1pidamente cuando lo necesiten. Pero eso no es todo: el widget va m\u00e1s all\u00e1 de proporcionar solo informaci\u00f3n. Cuenta con botones atractivos de Llamada a la Acci\u00f3n (CTA) que facilitan la interacci\u00f3n con tu negocio. Los clientes pueden f\u00e1cilmente reservar una cita, iniciar un chat en WhatsApp u obtener direcciones a tu ubicaci\u00f3n. Estos botones CTA llamativos agilizan el proceso y alientan a los visitantes a interactuar con tu negocio de manera m\u00e1s significativa.<\/div><\/div>\n                <\/div>\n\n                <div class=\"application-examples-item-iframe-container browser-frame\">\n                    <div class=\"application-examples-item-iframe-wrapper\">\n                        <iframe class=\"application-examples-item-iframe application-examples-item-iframe-fixed-height\" data-src=\"https:\/\/elfsight.com\/examples?widget_id=e80e0133-c65f-4298-ad45-19813d488591\" width=\"100%\" height=\"800\" allow=\"autoplay; fullscreen\"><\/iframe>\n                    <\/div>\n\n                    <div class=\"application-examples-item-loader\"><\/div>\n                <\/div>\n            <\/div>\n\n<div class=\"application-examples-item application-examples-item-loading\">\n                            <div class=\"col-row\">\n                                <div class=\"col-6 col-m-8 col-s-12\"><h3 class=\"application-examples-item-title\">Ejemplo 2. Horarios de Atenci\u00f3n<\/h3><div class=\"application-examples-item-description\">Esta soluci\u00f3n elegante y minimalista muestra perfectamente el horario de trabajo semanal de tu negocio. Dise\u00f1ado para ser simple y eficiente, este widget proporciona toda la informaci\u00f3n esencial de un vistazo. A diferencia de otros widgets desordenados, este se enfoca exclusivamente en mostrar el horario de atenci\u00f3n de la semana. Presenta esta informaci\u00f3n de manera clara y f\u00e1cil de leer, asegurando que los usuarios puedan determinar r\u00e1pidamente cu\u00e1ndo est\u00e1 abierto tu negocio sin distracciones. Los usuarios no solo pueden ver los horarios de apertura, sino tambi\u00e9n el tiempo restante antes de que tu negocio cierre por la noche. Esta funci\u00f3n \u00fatil mantiene informados a los clientes sobre la ventana de oportunidad que tienen para visitar o contactar tu negocio antes del final del d\u00eda.<\/div><\/div>\n                <\/div>\n\n                <div class=\"application-examples-item-iframe-container browser-frame\">\n                    <div class=\"application-examples-item-iframe-wrapper\">\n                        <iframe class=\"application-examples-item-iframe application-examples-item-iframe-fixed-height\" data-src=\"https:\/\/elfsight.com\/examples?widget_id=6e317af1-3b18-41aa-86a5-22fcdacfb4b2\" width=\"100%\" height=\"400\" allow=\"autoplay; fullscreen\"><\/iframe>\n                    <\/div>\n\n                    <div class=\"application-examples-item-loader\"><\/div>\n                <\/div>\n            <\/div>\n\n<div class=\"application-cta-create\">\n                    <div class=\"application-cta-create-bg\">\n                        <div class=\"application-cta-create-bg-left\"><\/div>\n\n                        <div class=\"application-cta-create-bg-right\">\n                            <img decoding=\"async\" src=\"https:\/\/elfsight.com\/es\/wp-content\/themes\/elfsight\/frontend\/assets\/img\/application-cta-create.jpg\" alt=\"Comience a crear su widget\">\n                        <\/div>\n                    <\/div>\n\n                    <div class=\"application-cta-create-content inner\">\n                        <div class=\"application-cta-create-content-inner\">\n                            <div class=\"application-cta-create-content-icon\">\n                                <svg viewBox=\"0 0 25 25\" width=\"100%\" height=\"100%\">\n                                    <use xlink:href=\"#icon-settings\"><\/use>\n                                <\/svg>\n                            <\/div>\n\n                            <div class=\"application-cta-create-content-title\">Comience a crear su widget<\/div>\n\n                            <div class=\"application-cta-create-content-text\">R\u00e1pido. F\u00e1cil. Sin c\u00f3digo.<\/div>\n\n                            <a class=\"application-cta-create-content-button button-48 button-has-right-icon button-black button\" href=\"\">\n                                <span class=\"button-label\">Crear un widget<\/span>\n\n                                <svg class=\"button-icon\">\n                                    <use xlink:href=\"#icon-arrow-link\"><\/use>\n                                <\/svg>\n                            <\/a>\n                        <\/div>\n                    <\/div>\n                <\/div>\n\n<div class=\"application-examples-item application-examples-item-loading\">\n                            <div class=\"col-row\">\n                                <div class=\"col-6 col-m-8 col-s-12\"><h3 class=\"application-examples-item-title\">Ejemplo 3. Estado de Apertura<\/h3><div class=\"application-examples-item-description\">Esta es una soluci\u00f3n inteligente y eficiente en cuanto a espacio que comunica de manera efectiva el estado de apertura de tu negocio a los visitantes de tu sitio web. El widget optimiza la presentaci\u00f3n de tus horarios de atenci\u00f3n, asegurando una experiencia de usuario sin problemas. Con un enfoque en la simplicidad, el widget de Horarios de Atenci\u00f3n de Elfsight solo muestra el estado actual de apertura de tu negocio. Esto significa que tus visitantes pueden determinar f\u00e1cilmente si tu negocio est\u00e1 abierto o cerrado con solo mirar el widget, ahorr\u00e1ndoles tiempo y esfuerzo. Pero para aquellos que quieren m\u00e1s informaci\u00f3n detallada sobre tus horarios de atenci\u00f3n, el widget ofrece una soluci\u00f3n ordenada. Al hacer clic en el widget, los usuarios pueden acceder a una ventana emergente o una vista ampliada que muestra el horario completo de tu negocio. Esta funci\u00f3n interactiva asegura que quienes necesiten m\u00e1s informaci\u00f3n puedan acceder a ella sin sobrecargar las p\u00e1ginas principales de tu sitio web.<\/div><\/div>\n                <\/div>\n\n                <div class=\"application-examples-item-iframe-container browser-frame\">\n                    <div class=\"application-examples-item-iframe-wrapper\">\n                        <iframe class=\"application-examples-item-iframe application-examples-item-iframe-fixed-height\" data-src=\"https:\/\/elfsight.com\/examples?widget_id=6d07ee2e-533b-47ab-a439-6f0c2c0437c8\" width=\"100%\" height=\"450\" allow=\"autoplay; fullscreen\"><\/iframe>\n                    <\/div>\n\n                    <div class=\"application-examples-item-loader\"><\/div>\n                <\/div>\n            <\/div>\n\n<div class=\"application-examples-item application-examples-item-loading\">\n                            <div class=\"col-row\">\n                                <div class=\"col-6 col-m-8 col-s-12\"><h3 class=\"application-examples-item-title\">Ejemplo 4. Tarjeta de Contacto Peque\u00f1a<\/h3><div class=\"application-examples-item-description\">El widget compacto de Horarios de Atenci\u00f3n trae toda la informaci\u00f3n esencial a los dedos de tus clientes. Incluye una foto de ubicaci\u00f3n, informaci\u00f3n de contacto destacada y los horarios de atenci\u00f3n con un dise\u00f1o inteligente. Los usuarios pueden acceder a una vista ampliada del horario haciendo clic en el widget. Adem\u00e1s, cuatro botones CTA permiten acciones directas como chat en WhatsApp, direcciones, llamadas y reservas de citas, mejorando el compromiso del usuario y agilizando las interacciones.<\/div><\/div>\n                <\/div>\n\n                <div class=\"application-examples-item-iframe-container browser-frame\">\n                    <div class=\"application-examples-item-iframe-wrapper\">\n                        <iframe class=\"application-examples-item-iframe application-examples-item-iframe-fixed-height\" data-src=\"https:\/\/elfsight.com\/examples?widget_id=193dffbf-6980-44c3-b8d8-5c328f621e42\" width=\"100%\" height=\"650\" allow=\"autoplay; fullscreen\"><\/iframe>\n                    <\/div>\n\n                    <div class=\"application-examples-item-loader\"><\/div>\n                <\/div>\n            <\/div>\n\n<div class=\"application-examples-item application-examples-item-loading\">\n                            <div class=\"col-row\">\n                                <div class=\"col-6 col-m-8 col-s-12\"><h3 class=\"application-examples-item-title\">Ejemplo 5. Tarjeta de Contacto Oscura<\/h3><div class=\"application-examples-item-description\">Este widget de Horarios de Atenci\u00f3n est\u00e1 dise\u00f1ado con un tema oscuro elegante. Este widget no solo muestra los horarios de apertura de tu negocio, sino que tambi\u00e9n ofrece una experiencia visual atractiva para los visitantes de tu sitio web. Los usuarios pueden ver la foto de tu ubicaci\u00f3n, creando una conexi\u00f3n instant\u00e1nea con tu establecimiento. La informaci\u00f3n de contacto est\u00e1 destacada, lo que facilita que los clientes se comuniquen contigo. Al hacer clic en el widget, los usuarios pueden acceder a una vista ampliada de tu horario completo de atenci\u00f3n, asegurando que todos los detalles necesarios sean f\u00e1cilmente accesibles. Adem\u00e1s, cuatro botones CTA prominentes permiten a los visitantes chatear en WhatsApp, obtener direcciones, llamar ahora y reservar una cita, mejorando el compromiso del usuario y facilitando las interacciones.<\/div><\/div>\n                <\/div>\n\n                <div class=\"application-examples-item-iframe-container browser-frame\">\n                    <div class=\"application-examples-item-iframe-wrapper\">\n                        <iframe class=\"application-examples-item-iframe application-examples-item-iframe-fixed-height\" data-src=\"https:\/\/elfsight.com\/examples?widget_id=88bf50bb-d966-4676-bc02-b496546eddac\" width=\"100%\" height=\"600\" allow=\"autoplay; fullscreen\"><\/iframe>\n                    <\/div>\n\n                    <div class=\"application-examples-item-loader\"><\/div>\n                <\/div>\n            <\/div>\n\n","protected":false},"excerpt":{"rendered":"","protected":false},"author":27,"featured_media":0,"parent":4922,"menu_order":0,"comment_status":"closed","ping_status":"closed","template":"templates\/template-application-examples.php","meta":{"publish_to_discourse":"","publish_post_category":"","wpdc_auto_publish_overridden":"","wpdc_topic_tags":"","wpdc_pin_topic":"","wpdc_pin_until":"","discourse_post_id":"","discourse_permalink":"","wpdc_publishing_response":"","wpdc_publishing_error":"","footnotes":""},"class_list":["post-17593","page","type-page","status-publish","hentry"],"yoast_head":"<!-- This site is optimized with the Yoast SEO plugin v25.3.1 - https:\/\/yoast.com\/wordpress\/plugins\/seo\/ -->\n<title>Los 5 mejores ejemplos de widgets de Horarios de Atenci\u00f3n para tu sitio (2026)<\/title>\n<meta name=\"description\" content=\"Ejemplos de widgets de Horarios de Atenci\u00f3n: Ideas completas de negocios, Horarios de atenci\u00f3n, estado de apertura y muchos otros plantillas.\" \/>\n<meta name=\"robots\" content=\"index, follow, max-snippet:-1, max-image-preview:large, max-video-preview:-1\" \/>\n<link rel=\"canonical\" href=\"https:\/\/elfsight.com\/es\/business-hours-widget\/examples\/\" \/>\n<meta property=\"og:locale\" content=\"es_ES\" \/>\n<meta property=\"og:type\" content=\"article\" \/>\n<meta property=\"og:title\" content=\"Los 5 mejores ejemplos de widgets de Horarios de Atenci\u00f3n para tu sitio (2026)\" \/>\n<meta property=\"og:description\" content=\"Ejemplos de widgets de Horarios de Atenci\u00f3n: Ideas completas de negocios, Horarios de atenci\u00f3n, estado de apertura y muchos otros plantillas.\" \/>\n<meta property=\"og:url\" content=\"https:\/\/elfsight.com\/es\/business-hours-widget\/examples\/\" \/>\n<meta property=\"og:site_name\" content=\"Elfsight ES\" \/>\n<meta property=\"article:modified_time\" content=\"2024-12-28T14:50:05+00:00\" \/>\n<meta name=\"twitter:card\" content=\"summary_large_image\" \/>\n<meta name=\"twitter:label1\" content=\"Tiempo de lectura\" \/>\n\t<meta name=\"twitter:data1\" content=\"4 minutos\" \/>\n<!-- \/ Yoast SEO plugin. -->","yoast_head_json":{"title":"Los 5 mejores ejemplos de widgets de Horarios de Atenci\u00f3n para tu sitio (2026)","description":"Ejemplos de widgets de Horarios de Atenci\u00f3n: Ideas completas de negocios, Horarios de atenci\u00f3n, estado de apertura y muchos otros plantillas.","robots":{"index":"index","follow":"follow","max-snippet":"max-snippet:-1","max-image-preview":"max-image-preview:large","max-video-preview":"max-video-preview:-1"},"canonical":"https:\/\/elfsight.com\/es\/business-hours-widget\/examples\/","og_locale":"es_ES","og_type":"article","og_title":"Los 5 mejores ejemplos de widgets de Horarios de Atenci\u00f3n para tu sitio (2026)","og_description":"Ejemplos de widgets de Horarios de Atenci\u00f3n: Ideas completas de negocios, Horarios de atenci\u00f3n, estado de apertura y muchos otros plantillas.","og_url":"https:\/\/elfsight.com\/es\/business-hours-widget\/examples\/","og_site_name":"Elfsight ES","article_modified_time":"2024-12-28T14:50:05+00:00","twitter_card":"summary_large_image","twitter_misc":{"Tiempo de lectura":"4 minutos"},"schema":{"@context":"https:\/\/schema.org","@graph":[{"@type":"WebPage","@id":"https:\/\/elfsight.com\/es\/business-hours-widget\/examples\/","url":"https:\/\/elfsight.com\/es\/business-hours-widget\/examples\/","name":"Los 5 mejores ejemplos de widgets de Horarios de Atenci\u00f3n para tu sitio (2026)","isPartOf":{"@id":"https:\/\/elfsight.com\/es\/#website"},"datePublished":"2024-12-28T14:50:04+00:00","dateModified":"2024-12-28T14:50:05+00:00","description":"Ejemplos de widgets de Horarios de Atenci\u00f3n: Ideas completas de negocios, Horarios de atenci\u00f3n, estado de apertura y muchos otros plantillas.","breadcrumb":{"@id":"https:\/\/elfsight.com\/es\/business-hours-widget\/examples\/#breadcrumb"},"inLanguage":"es","potentialAction":[{"@type":"ReadAction","target":["https:\/\/elfsight.com\/es\/business-hours-widget\/examples\/"]}]},{"@type":"BreadcrumbList","@id":"https:\/\/elfsight.com\/es\/business-hours-widget\/examples\/#breadcrumb","itemListElement":[{"@type":"ListItem","position":1,"name":"Home","item":"https:\/\/elfsight.com\/es\/"},{"@type":"ListItem","position":2,"name":"Business Hours","item":"https:\/\/elfsight.com\/es\/business-hours-widget\/"},{"@type":"ListItem","position":3,"name":"Business Hours &#8211; Examples"}]},{"@type":"WebSite","@id":"https:\/\/elfsight.com\/es\/#website","url":"https:\/\/elfsight.com\/es\/","name":"Elfsight ES","description":"Just another Elfsight Sites site","potentialAction":[{"@type":"SearchAction","target":{"@type":"EntryPoint","urlTemplate":"https:\/\/elfsight.com\/es\/?s={search_term_string}"},"query-input":{"@type":"PropertyValueSpecification","valueRequired":true,"valueName":"search_term_string"}}],"inLanguage":"es"}]}},"meta_box":{"industry":"","seo_heading":"","heading":"","description":"","cta_heading":"","cta_description":"","application":"4888","h1":"","h1_caption":"","application_category":[],"applications_title":"","applications_request_title":"","applications_request_button_text":"","hero_text":"","hero_video":"","hero_video_schema_markup":"","selling_points_title":"","selling_points_caption":"","selling_points":[],"selling_points_cta_text":"","features_title":"","features":"","ed_cta_examples_text":"","ed_cta_examples_hidden":"","ed_cta_demo_text":"","ed_cta_demo_hidden":"","why_caption":"","why_editor_title":"","why_editor_text":"","why_team_title":"","why_team_text":"","why_service_title":"","why_service_text":"","template_catalog_visible":"","template_catalog_title":"","template_catalog_text":"","template_catalog_categories_visible":"","demo_title":"","demo_caption":"","default_faq_hidden":"","app_template_category":[],"platform":"","template_public_id":"","codecanyon_url":"","codecanyon_item_id":"","codecanyon_price":"","pricing_caption":"","pricing_elfsight_apps_hide_column":"","pricing_elfsight_apps_url":"","pricing_codecanyon_price_caption":"","integration_category":[],"integration_request_title":"","integration_request_cta":"","integration_platform":"","integrations":[],"platform_category":[],"video_schema_markup":"","price":"","trial":"","benefits":[],"button_url":"","button_target_blank":"","button_nofollow":"","attributes":[],"tags":[],"tags_disable_links":"","hide_more_platforms":"","video_object":"","demo_hide_cta":"","demo_hide_cloud_options":"","pricing_title":"","pricing":[],"related_apps_title":"","related_apps_hidden":"","author":"","image":[],"title":"","job":"","social_networks":[]},"_links":{"self":[{"href":"https:\/\/elfsight.com\/es\/wp-json\/wp\/v2\/pages\/17593","targetHints":{"allow":["GET"]}}],"collection":[{"href":"https:\/\/elfsight.com\/es\/wp-json\/wp\/v2\/pages"}],"about":[{"href":"https:\/\/elfsight.com\/es\/wp-json\/wp\/v2\/types\/page"}],"author":[{"embeddable":true,"href":"https:\/\/elfsight.com\/es\/wp-json\/wp\/v2\/users\/27"}],"replies":[{"embeddable":true,"href":"https:\/\/elfsight.com\/es\/wp-json\/wp\/v2\/comments?post=17593"}],"version-history":[{"count":2,"href":"https:\/\/elfsight.com\/es\/wp-json\/wp\/v2\/pages\/17593\/revisions"}],"predecessor-version":[{"id":17595,"href":"https:\/\/elfsight.com\/es\/wp-json\/wp\/v2\/pages\/17593\/revisions\/17595"}],"up":[{"embeddable":true,"href":"https:\/\/elfsight.com\/es\/wp-json\/wp\/v2\/pages\/4922"}],"wp:attachment":[{"href":"https:\/\/elfsight.com\/es\/wp-json\/wp\/v2\/media?parent=17593"}],"curies":[{"name":"wp","href":"https:\/\/api.w.org\/{rel}","templated":true}]}}