{"id":17589,"date":"2024-12-28T14:42:37","date_gmt":"2024-12-28T14:42:37","guid":{"rendered":"https:\/\/elfsight.com\/es\/?page_id=17589"},"modified":"2024-12-28T14:42:39","modified_gmt":"2024-12-28T14:42:39","slug":"examples","status":"publish","type":"page","link":"https:\/\/elfsight.com\/es\/announcement-bar-widget\/examples\/","title":{"rendered":"Announcement Bar &#8211; Examples"},"content":{"rendered":"\n<div class=\"application-examples-item application-examples-item-loading\">\n                            <div class=\"col-row\">\n                                <div class=\"col-6 col-m-8 col-s-12\"><h3 class=\"application-examples-item-title\">Ejemplo 1. Barra de Anuncio de Venta<\/h3><div class=\"application-examples-item-description\">Premia a los usuarios que visitan el sitio web en las fechas correctas. Usa esta barra como un enfoque urgente para impulsar la compra de productos deseados. Puedes mejorar las tasas de ventas de un producto o toda una secci\u00f3n de tu stock.<\/div><\/div>\n                <\/div>\n\n                <div class=\"application-examples-item-iframe-container browser-frame\">\n                    <div class=\"application-examples-item-iframe-wrapper\">\n                        <iframe class=\"application-examples-item-iframe application-examples-item-iframe-fixed-height\" data-src=\"https:\/\/elfsight.com\/examples?widget_id=25dcf513-9a4f-4a53-9867-62e487f209c9\" width=\"100%\" height=\"500\" allow=\"autoplay; fullscreen\"><\/iframe>\n                    <\/div>\n\n                    <div class=\"application-examples-item-loader\"><\/div>\n                <\/div>\n            <\/div>\n\n<div class=\"application-examples-item application-examples-item-loading\">\n                            <div class=\"col-row\">\n                                <div class=\"col-6 col-m-8 col-s-12\"><h3 class=\"application-examples-item-title\">Ejemplo 2. Barra de Anuncio de Nuevo Producto<\/h3><div class=\"application-examples-item-description\">Haz que todos se enteren de tu lanzamiento y novedades de desarrollo de la manera m\u00e1s r\u00e1pida posible. Atraer\u00e1s la m\u00e1xima atenci\u00f3n a tu nuevo producto o servicio al anunciarlo en un \u00e1rea visible.<\/div><\/div>\n                <\/div>\n\n                <div class=\"application-examples-item-iframe-container browser-frame\">\n                    <div class=\"application-examples-item-iframe-wrapper\">\n                        <iframe class=\"application-examples-item-iframe application-examples-item-iframe-fixed-height\" data-src=\"https:\/\/elfsight.com\/examples?widget_id=b460aa86-0712-4187-a598-ffeb39c3e9a2\" width=\"100%\" height=\"500\" allow=\"autoplay; fullscreen\"><\/iframe>\n                    <\/div>\n\n                    <div class=\"application-examples-item-loader\"><\/div>\n                <\/div>\n            <\/div>\n\n<div class=\"application-examples-item application-examples-item-loading\">\n                            <div class=\"col-row\">\n                                <div class=\"col-6 col-m-8 col-s-12\"><h3 class=\"application-examples-item-title\">Ejemplo 3. Barra de Anuncio de Nueva Tienda<\/h3><div class=\"application-examples-item-description\">En el caso de tiendas f\u00edsicas, notifica a tus clientes sobre la apertura de un nuevo punto de venta. De esta manera, no solo atraer\u00e1s a nuevos compradores, sino que posiblemente brindar\u00e1s a los antiguos mejores oportunidades log\u00edsticas.<\/div><\/div>\n                <\/div>\n\n                <div class=\"application-examples-item-iframe-container browser-frame\">\n                    <div class=\"application-examples-item-iframe-wrapper\">\n                        <iframe class=\"application-examples-item-iframe application-examples-item-iframe-fixed-height\" data-src=\"https:\/\/elfsight.com\/examples?widget_id=f6c90439-9a35-422b-8e48-9fbbc7e08f5f\" width=\"100%\" height=\"500\" allow=\"autoplay; fullscreen\"><\/iframe>\n                    <\/div>\n\n                    <div class=\"application-examples-item-loader\"><\/div>\n                <\/div>\n            <\/div>\n\n<div class=\"application-examples-item application-examples-item-loading\">\n                            <div class=\"col-row\">\n                                <div class=\"col-6 col-m-8 col-s-12\"><h3 class=\"application-examples-item-title\">Ejemplo 4. Barra de Anuncio de Env\u00edo Gratis<\/h3><div class=\"application-examples-item-description\">No pagar tarifas adicionales siempre inspira al hacer una compra. En este ejemplo, vemos c\u00f3mo puedes ahorrar dinero a tus clientes promoviendo el env\u00edo gratuito. Como a las personas no les gusta pagar por algo aparte de su pedido, puede motivarlas a comprar.<\/div><\/div>\n                <\/div>\n\n                <div class=\"application-examples-item-iframe-container browser-frame\">\n                    <div class=\"application-examples-item-iframe-wrapper\">\n                        <iframe class=\"application-examples-item-iframe application-examples-item-iframe-fixed-height\" data-src=\"https:\/\/elfsight.com\/examples?widget_id=3ea8b92a-33aa-4591-aedc-7467e6b2bc38\" width=\"100%\" height=\"500\" allow=\"autoplay; fullscreen\"><\/iframe>\n                    <\/div>\n\n                    <div class=\"application-examples-item-loader\"><\/div>\n                <\/div>\n            <\/div>\n\n<div class=\"application-examples-item application-examples-item-loading\">\n                            <div class=\"col-row\">\n                                <div class=\"col-6 col-m-8 col-s-12\"><h3 class=\"application-examples-item-title\">Ejemplo 5. Barra de Anuncio de Noticias<\/h3><div class=\"application-examples-item-description\">Usar la barra como un medio de noticias puede ser conveniente para aquellos sitios web que no tienen secci\u00f3n de noticias. De lo contrario, puedes invitar a las personas a leer tu feed de noticias o llamar la atenci\u00f3n sobre las actualizaciones m\u00e1s importantes.<\/div><\/div>\n                <\/div>\n\n                <div class=\"application-examples-item-iframe-container browser-frame\">\n                    <div class=\"application-examples-item-iframe-wrapper\">\n                        <iframe class=\"application-examples-item-iframe application-examples-item-iframe-fixed-height\" data-src=\"https:\/\/elfsight.com\/examples?widget_id=785cf92c-f75d-4713-834f-748d057312ee\" width=\"100%\" height=\"500\" allow=\"autoplay; fullscreen\"><\/iframe>\n                    <\/div>\n\n                    <div class=\"application-examples-item-loader\"><\/div>\n                <\/div>\n            <\/div>\n\n<div class=\"application-cta-create\">\n                    <div class=\"application-cta-create-bg\">\n                        <div class=\"application-cta-create-bg-left\"><\/div>\n\n                        <div class=\"application-cta-create-bg-right\">\n                            <img decoding=\"async\" src=\"https:\/\/elfsight.com\/es\/wp-content\/themes\/elfsight\/frontend\/assets\/img\/application-cta-create.jpg\" alt=\"Comience a crear su widget\">\n                        <\/div>\n                    <\/div>\n\n                    <div class=\"application-cta-create-content inner\">\n                        <div class=\"application-cta-create-content-inner\">\n                            <div class=\"application-cta-create-content-icon\">\n                                <svg viewBox=\"0 0 25 25\" width=\"100%\" height=\"100%\">\n                                    <use xlink:href=\"#icon-settings\"><\/use>\n                                <\/svg>\n                            <\/div>\n\n                            <div class=\"application-cta-create-content-title\">Comience a crear su widget<\/div>\n\n                            <div class=\"application-cta-create-content-text\">R\u00e1pido. F\u00e1cil. Sin c\u00f3digo.<\/div>\n\n                            <a class=\"application-cta-create-content-button button-48 button-has-right-icon button-black button\" href=\"\">\n                                <span class=\"button-label\">Crear un widget<\/span>\n\n                                <svg class=\"button-icon\">\n                                    <use xlink:href=\"#icon-arrow-link\"><\/use>\n                                <\/svg>\n                            <\/a>\n                        <\/div>\n                    <\/div>\n                <\/div>\n\n<div class=\"application-examples-item application-examples-item-loading\">\n                            <div class=\"col-row\">\n                                <div class=\"col-6 col-m-8 col-s-12\"><h3 class=\"application-examples-item-title\">Ejemplo 6. Barra de Anuncio de Actualizaci\u00f3n<\/h3><div class=\"application-examples-item-description\">Elfsight actualiza constantemente sus productos. \u00bfEs lo mismo para tu negocio? \u00a1Genial! Puedes informar a los clientes sobre actualizaciones, arreglos o mejoras hechas en un producto o categor\u00eda espec\u00edfica. Tambi\u00e9n es una buena manera de recordarles sobre tus productos m\u00e1s antiguos.<\/div><\/div>\n                <\/div>\n\n                <div class=\"application-examples-item-iframe-container browser-frame\">\n                    <div class=\"application-examples-item-iframe-wrapper\">\n                        <iframe class=\"application-examples-item-iframe application-examples-item-iframe-fixed-height\" data-src=\"https:\/\/elfsight.com\/examples?widget_id=8342e26c-d5f7-450b-b2c5-754c44c782a5\" width=\"100%\" height=\"500\" allow=\"autoplay; fullscreen\"><\/iframe>\n                    <\/div>\n\n                    <div class=\"application-examples-item-loader\"><\/div>\n                <\/div>\n            <\/div>\n\n<div class=\"application-examples-item application-examples-item-loading\">\n                            <div class=\"col-row\">\n                                <div class=\"col-6 col-m-8 col-s-12\"><h3 class=\"application-examples-item-title\">Ejemplo 7. Barra de Anuncio de Venta de Black Friday<\/h3><div class=\"application-examples-item-description\">No pierdas la oportunidad de anunciar una gran venta en Black Friday. Este es un momento perfecto para ofrecer descuentos en ciertas categor\u00edas de productos y mostrar tu participaci\u00f3n en tales eventos.<\/div><\/div>\n                <\/div>\n\n                <div class=\"application-examples-item-iframe-container browser-frame\">\n                    <div class=\"application-examples-item-iframe-wrapper\">\n                        <iframe class=\"application-examples-item-iframe application-examples-item-iframe-fixed-height\" data-src=\"https:\/\/elfsight.com\/examples?widget_id=133eea16-d1f0-4b32-9276-a4f1dba07c17\" width=\"100%\" height=\"500\" allow=\"autoplay; fullscreen\"><\/iframe>\n                    <\/div>\n\n                    <div class=\"application-examples-item-loader\"><\/div>\n                <\/div>\n            <\/div>\n\n<div class=\"application-examples-item application-examples-item-loading\">\n                            <div class=\"col-row\">\n                                <div class=\"col-6 col-m-8 col-s-12\"><h3 class=\"application-examples-item-title\">Ejemplo 8. Barra de Anuncio de Venta de Navidad<\/h3><div class=\"application-examples-item-description\">Estamos bastante seguros de que no dejar\u00e1s a tus clientes sin descuentos y bonificaciones por Navidad. Entonces, \u00bfpor qu\u00e9 no contarles sobre la venta de Navidad de una manera hermosa y festiva? Las personas tienden a comprar en este per\u00edodo y puedes ayudarlas a elegir tus productos como regalos para sus seres queridos.<\/div><\/div>\n                <\/div>\n\n                <div class=\"application-examples-item-iframe-container browser-frame\">\n                    <div class=\"application-examples-item-iframe-wrapper\">\n                        <iframe class=\"application-examples-item-iframe application-examples-item-iframe-fixed-height\" data-src=\"https:\/\/elfsight.com\/examples?widget_id=ffa9d45d-f484-499a-90e3-a5d2ca68ff84\" width=\"100%\" height=\"500\" allow=\"autoplay; fullscreen\"><\/iframe>\n                    <\/div>\n\n                    <div class=\"application-examples-item-loader\"><\/div>\n                <\/div>\n            <\/div>\n\n<div class=\"application-examples-item application-examples-item-loading\">\n                            <div class=\"col-row\">\n                                <div class=\"col-6 col-m-8 col-s-12\"><h3 class=\"application-examples-item-title\">Ejemplo 9. Barra de Anuncio de Cup\u00f3n de Descuento<\/h3><div class=\"application-examples-item-description\">Puedes aprovechar diversos eventos y peculiaridades del comportamiento del cliente para impulsar las ventas. Simplemente pon un cup\u00f3n en tu barra de anuncios para hacer que las compras sean m\u00e1s activas. Un cup\u00f3n a menudo se trata como una oferta personal para obtener un mejor precio.<\/div><\/div>\n                <\/div>\n\n                <div class=\"application-examples-item-iframe-container browser-frame\">\n                    <div class=\"application-examples-item-iframe-wrapper\">\n                        <iframe class=\"application-examples-item-iframe application-examples-item-iframe-fixed-height\" data-src=\"https:\/\/elfsight.com\/examples?widget_id=acfe7ece-265b-4077-847c-a780bf7b530f\" width=\"100%\" height=\"500\" allow=\"autoplay; fullscreen\"><\/iframe>\n                    <\/div>\n\n                    <div class=\"application-examples-item-loader\"><\/div>\n                <\/div>\n            <\/div>\n\n<div class=\"application-examples-item application-examples-item-loading\">\n                            <div class=\"col-row\">\n                                <div class=\"col-6 col-m-8 col-s-12\"><h3 class=\"application-examples-item-title\">Ejemplo 10. Barra de Anuncio de Evento<\/h3><div class=\"application-examples-item-description\">Aumenta la participaci\u00f3n en tus eventos anunciando una pr\u00f3xima reuni\u00f3n con antelaci\u00f3n. Las personas podr\u00e1n organizar sus planes para asistir a tu evento cuando vean un anuncio visible en el sitio web.<\/div><\/div>\n                <\/div>\n\n                <div class=\"application-examples-item-iframe-container browser-frame\">\n                    <div class=\"application-examples-item-iframe-wrapper\">\n                        <iframe class=\"application-examples-item-iframe application-examples-item-iframe-fixed-height\" data-src=\"https:\/\/elfsight.com\/examples?widget_id=7b3ae6d7-f539-473f-9fd7-776898302349\" width=\"100%\" height=\"500\" allow=\"autoplay; fullscreen\"><\/iframe>\n                    <\/div>\n\n                    <div class=\"application-examples-item-loader\"><\/div>\n                <\/div>\n            <\/div>\n\n<div class=\"application-examples-item application-examples-item-loading\">\n                            <div class=\"col-row\">\n                                <div class=\"col-6 col-m-8 col-s-12\"><h3 class=\"application-examples-item-title\">Ejemplo 11. Barra de Anuncio de Webinar<\/h3><div class=\"application-examples-item-description\">Ayuda a tus clientes a encontrar tiempo y recursos t\u00e9cnicos para unirse a tu seminario web. Anuncia tu evento online a tiempo para ver un aumento en la participaci\u00f3n e involucramiento. Es dif\u00edcil perderse un evento que se muestra en la barra de anuncios visible.<\/div><\/div>\n                <\/div>\n\n                <div class=\"application-examples-item-iframe-container browser-frame\">\n                    <div class=\"application-examples-item-iframe-wrapper\">\n                        <iframe class=\"application-examples-item-iframe application-examples-item-iframe-fixed-height\" data-src=\"https:\/\/elfsight.com\/examples?widget_id=1b60abdd-f98f-4771-97f9-bb2abbe64c08\" width=\"100%\" height=\"500\" allow=\"autoplay; fullscreen\"><\/iframe>\n                    <\/div>\n\n                    <div class=\"application-examples-item-loader\"><\/div>\n                <\/div>\n            <\/div>\n","protected":false},"excerpt":{"rendered":"","protected":false},"author":27,"featured_media":0,"parent":4927,"menu_order":0,"comment_status":"closed","ping_status":"closed","template":"templates\/template-application-examples.php","meta":{"publish_to_discourse":"","publish_post_category":"","wpdc_auto_publish_overridden":"","wpdc_topic_tags":"","wpdc_pin_topic":"","wpdc_pin_until":"","discourse_post_id":"","discourse_permalink":"","wpdc_publishing_response":"","wpdc_publishing_error":"","footnotes":""},"class_list":["post-17589","page","type-page","status-publish","hentry"],"yoast_head":"<!-- This site is optimized with the Yoast SEO plugin v25.3.1 - https:\/\/yoast.com\/wordpress\/plugins\/seo\/ -->\n<title>11 Ejemplos del Widget de la Barra de Anuncios para Diferentes Escenarios<\/title>\n<meta name=\"description\" content=\"Ejemplos de uso del widget de barra de anuncios: comunicar noticias, promover productos nuevos e invitar a eventos con anuncios llamativos.\" \/>\n<meta name=\"robots\" content=\"index, follow, max-snippet:-1, max-image-preview:large, max-video-preview:-1\" \/>\n<link rel=\"canonical\" href=\"https:\/\/elfsight.com\/es\/announcement-bar-widget\/examples\/\" \/>\n<meta property=\"og:locale\" content=\"es_ES\" \/>\n<meta property=\"og:type\" content=\"article\" \/>\n<meta property=\"og:title\" content=\"11 Ejemplos del Widget de la Barra de Anuncios para Diferentes Escenarios\" \/>\n<meta property=\"og:description\" content=\"Ejemplos de uso del widget de barra de anuncios: comunicar noticias, promover productos nuevos e invitar a eventos con anuncios llamativos.\" \/>\n<meta property=\"og:url\" content=\"https:\/\/elfsight.com\/es\/announcement-bar-widget\/examples\/\" \/>\n<meta property=\"og:site_name\" content=\"Elfsight ES\" \/>\n<meta property=\"article:modified_time\" content=\"2024-12-28T14:42:39+00:00\" \/>\n<meta name=\"twitter:card\" content=\"summary_large_image\" \/>\n<meta name=\"twitter:label1\" content=\"Tiempo de lectura\" \/>\n\t<meta name=\"twitter:data1\" content=\"3 minutos\" \/>\n<!-- \/ Yoast SEO plugin. -->","yoast_head_json":{"title":"11 Ejemplos del Widget de la Barra de Anuncios para Diferentes Escenarios","description":"Ejemplos de uso del widget de barra de anuncios: comunicar noticias, promover productos nuevos e invitar a eventos con anuncios llamativos.","robots":{"index":"index","follow":"follow","max-snippet":"max-snippet:-1","max-image-preview":"max-image-preview:large","max-video-preview":"max-video-preview:-1"},"canonical":"https:\/\/elfsight.com\/es\/announcement-bar-widget\/examples\/","og_locale":"es_ES","og_type":"article","og_title":"11 Ejemplos del Widget de la Barra de Anuncios para Diferentes Escenarios","og_description":"Ejemplos de uso del widget de barra de anuncios: comunicar noticias, promover productos nuevos e invitar a eventos con anuncios llamativos.","og_url":"https:\/\/elfsight.com\/es\/announcement-bar-widget\/examples\/","og_site_name":"Elfsight ES","article_modified_time":"2024-12-28T14:42:39+00:00","twitter_card":"summary_large_image","twitter_misc":{"Tiempo de lectura":"3 minutos"},"schema":{"@context":"https:\/\/schema.org","@graph":[{"@type":"WebPage","@id":"https:\/\/elfsight.com\/es\/announcement-bar-widget\/examples\/","url":"https:\/\/elfsight.com\/es\/announcement-bar-widget\/examples\/","name":"11 Ejemplos del Widget de la Barra de Anuncios para Diferentes Escenarios","isPartOf":{"@id":"https:\/\/elfsight.com\/es\/#website"},"datePublished":"2024-12-28T14:42:37+00:00","dateModified":"2024-12-28T14:42:39+00:00","description":"Ejemplos de uso del widget de barra de anuncios: comunicar noticias, promover productos nuevos e invitar a eventos con anuncios llamativos.","breadcrumb":{"@id":"https:\/\/elfsight.com\/es\/announcement-bar-widget\/examples\/#breadcrumb"},"inLanguage":"es","potentialAction":[{"@type":"ReadAction","target":["https:\/\/elfsight.com\/es\/announcement-bar-widget\/examples\/"]}]},{"@type":"BreadcrumbList","@id":"https:\/\/elfsight.com\/es\/announcement-bar-widget\/examples\/#breadcrumb","itemListElement":[{"@type":"ListItem","position":1,"name":"Home","item":"https:\/\/elfsight.com\/es\/"},{"@type":"ListItem","position":2,"name":"Announcement Bar","item":"https:\/\/elfsight.com\/es\/announcement-bar-widget\/"},{"@type":"ListItem","position":3,"name":"Announcement Bar &#8211; Examples"}]},{"@type":"WebSite","@id":"https:\/\/elfsight.com\/es\/#website","url":"https:\/\/elfsight.com\/es\/","name":"Elfsight ES","description":"Just another Elfsight Sites site","potentialAction":[{"@type":"SearchAction","target":{"@type":"EntryPoint","urlTemplate":"https:\/\/elfsight.com\/es\/?s={search_term_string}"},"query-input":{"@type":"PropertyValueSpecification","valueRequired":true,"valueName":"search_term_string"}}],"inLanguage":"es"}]}},"meta_box":{"industry":"","seo_heading":"","heading":"","description":"","cta_heading":"","cta_description":"","application":"4885","h1":"","h1_caption":"","application_category":[],"applications_title":"","applications_request_title":"","applications_request_button_text":"","hero_text":"","hero_video":"","hero_video_schema_markup":"","selling_points_title":"","selling_points_caption":"","selling_points":[],"selling_points_cta_text":"","features_title":"","features":"","ed_cta_examples_text":"","ed_cta_examples_hidden":"","ed_cta_demo_text":"","ed_cta_demo_hidden":"","why_caption":"","why_editor_title":"","why_editor_text":"","why_team_title":"","why_team_text":"","why_service_title":"","why_service_text":"","template_catalog_visible":"","template_catalog_title":"","template_catalog_text":"","template_catalog_categories_visible":"","demo_title":"","demo_caption":"","default_faq_hidden":"","app_template_category":[],"platform":"","template_public_id":"","codecanyon_url":"","codecanyon_item_id":"","codecanyon_price":"","pricing_caption":"","pricing_elfsight_apps_hide_column":"","pricing_elfsight_apps_url":"","pricing_codecanyon_price_caption":"","integration_category":[],"integration_request_title":"","integration_request_cta":"","integration_platform":"","integrations":[],"platform_category":[],"video_schema_markup":"","price":"","trial":"","benefits":[],"button_url":"","button_target_blank":"","button_nofollow":"","attributes":[],"tags":[],"tags_disable_links":"","hide_more_platforms":"","video_object":"","demo_hide_cta":"","demo_hide_cloud_options":"","pricing_title":"","pricing":[],"related_apps_title":"","related_apps_hidden":"","author":"","image":[],"title":"","job":"","social_networks":[]},"_links":{"self":[{"href":"https:\/\/elfsight.com\/es\/wp-json\/wp\/v2\/pages\/17589","targetHints":{"allow":["GET"]}}],"collection":[{"href":"https:\/\/elfsight.com\/es\/wp-json\/wp\/v2\/pages"}],"about":[{"href":"https:\/\/elfsight.com\/es\/wp-json\/wp\/v2\/types\/page"}],"author":[{"embeddable":true,"href":"https:\/\/elfsight.com\/es\/wp-json\/wp\/v2\/users\/27"}],"replies":[{"embeddable":true,"href":"https:\/\/elfsight.com\/es\/wp-json\/wp\/v2\/comments?post=17589"}],"version-history":[{"count":3,"href":"https:\/\/elfsight.com\/es\/wp-json\/wp\/v2\/pages\/17589\/revisions"}],"predecessor-version":[{"id":17592,"href":"https:\/\/elfsight.com\/es\/wp-json\/wp\/v2\/pages\/17589\/revisions\/17592"}],"up":[{"embeddable":true,"href":"https:\/\/elfsight.com\/es\/wp-json\/wp\/v2\/pages\/4927"}],"wp:attachment":[{"href":"https:\/\/elfsight.com\/es\/wp-json\/wp\/v2\/media?parent=17589"}],"curies":[{"name":"wp","href":"https:\/\/api.w.org\/{rel}","templated":true}]}}