{"id":17565,"date":"2024-12-25T12:58:17","date_gmt":"2024-12-25T12:58:17","guid":{"rendered":"https:\/\/elfsight.com\/es\/?page_id=17565"},"modified":"2025-02-06T14:51:17","modified_gmt":"2025-02-06T14:51:17","slug":"webnode","status":"publish","type":"page","link":"https:\/\/elfsight.com\/es\/linkedin-feed-widget\/webnode\/","title":{"rendered":"LinkedIn Feed &#8211; Webnode"},"content":{"rendered":"<h2>\u00a1C\u00f3mo incrustar el Feed de LinkedIn en Webnode de forma gratuita!<\/h2><p>El widget de LinkedIn Feed ofrece una excelente oportunidad para que las empresas presenten y promocionen su contenido de LinkedIn en sitios web de Webnode: mostrando publicaciones, im\u00e1genes, videos, etc. La instalaci\u00f3n del widget toma segundos, no se requiere conocimiento de programaci\u00f3n ni de c\u00f3digo.<\/p> <p>Crea una apariencia que refleje la est\u00e9tica de tu sitio web y experimenta combinando atributos personalizados del feed, plantillas, dise\u00f1os y estilos de publicaciones. Usa el modo emergente como acci\u00f3n al hacer clic en la publicaci\u00f3n para captar la atenci\u00f3n de los usuarios. Por \u00faltimo, disfruta del aumento en la confianza y la mejor tasa de interacci\u00f3n.<\/p> <ul> <li><strong>Ampl\u00eda tu alcance de redes con la p\u00e1gina de empresa de LinkedIn.<\/strong><br> Fomenta nuevas relaciones en el \u00e1mbito empresarial e incrementa el n\u00famero de prospectos utilizando contenido de tu perfil de LinkedIn.<\/li> <li><strong>Expande tu base de audiencia en LinkedIn.<\/strong><br> Atrae la atenci\u00f3n hacia tu LinkedIn dentro de la comunidad Webnode y genera un fuerte inter\u00e9s en tus ofertas.<\/li> <li><strong>Eleva la autenticidad de tu negocio.<\/strong><br> Da una capa adicional de credibilidad y confianza a tu marca compartiendo la actividad m\u00e1s reciente de LinkedIn directamente en la p\u00e1gina de tu sitio web.<\/li> <\/ul> <p><b>Agrega el Feed de LinkedIn a tu sitio Webnode para reforzar la credibilidad, transmitir autenticidad y ampliar tus redes mediante pruebas sociales fuertes.<\/b><\/p><div class=\"faq\" data-component=\"FAQ\"> <div class=\"faq-item\">\r\n\t\t\t\t\t<div class=\"faq-item-question\">\r\n\t\t\t\t\t\t<h3 class=\"faq-item-question-text\">\u00bfHay otras herramientas para Webnode que pueda usar en mi sitio web?<\/h3>\r\n\r\n\t\t\t\t\t\t<div class=\"faq-item-question-icon\"><\/div>\r\n\t\t\t\t\t<\/div>\r\n\r\n\t\t\t\t\t<div class=\"faq-item-answer\">\r\n\t\t\t\t\t\t<div class=\"faq-item-answer-text\"><p>\u00a1S\u00ed, absolutamente! Como usuario de Webnode, Elfsight te ofrece una amplia selecci\u00f3n de herramientas sin c\u00f3digo, y el plugin de LinkedIn Feed es solo una de esas opciones. No importa qu\u00e9 tipo de negocio tengas o qu\u00e9 nicho sigas, siempre puedes buscar oportunidades para mostrar tus fortalezas. Echa un vistazo a las opciones:<\/p> <ul> <li>Para crear cualquier otra aplicaci\u00f3n de redes sociales para tu sitio Webnode, considera usar el <a href=\"https:\/\/elfsight.com\/pinterest-feed-widget\/\">Pinterest Feed<\/a> o el <a href=\"https:\/\/elfsight.com\/instagram-feed-instashow\/\">Instagram Feed<\/a> junto con el Feed de LinkedIn.<\/li> <li>Consigue el <a href=\"https:\/\/elfsight.com\/all-in-one-reviews-widget\/\">All-in-One Reviews<\/a> o el <a href=\"https:\/\/elfsight.com\/google-reviews-widget\/\">Google Reviews<\/a> para mostrar valiosos comentarios de clientes.<\/li> <li>Incorpora el <a href=\"https:\/\/elfsight.com\/online-form-builder\/\">Form Builder<\/a> para agilizar la recolecci\u00f3n de respuestas y facilitar la comunicaci\u00f3n con los usuarios de Webnode.<\/li> <li>Agrega el <a href=\"https:\/\/elfsight.com\/countdown-timer-widget\/\">Countdown Timer<\/a> para generar anticipaci\u00f3n y crear un sentido de urgencia entre la audiencia.<\/li> <\/ul> <p>Estos ejemplos solo raspan la superficie de una larga lista de adiciones que pueden cubrir las necesidades de tu negocio. Comienza con el Feed de LinkedIn y profundiza en nuestro cat\u00e1logo para encontrar m\u00e1s soluciones de widgets.<\/p><\/div>\r\n\t\t\t\t\t<\/div>\r\n\t\t\t\t<\/div><div class=\"faq-item\">\r\n\t\t\t\t\t<div class=\"faq-item-question\">\r\n\t\t\t\t\t\t<h3 class=\"faq-item-question-text\">\u00bfC\u00f3mo incrustar el Feed de LinkedIn de forma gratuita en Webnode?<\/h3>\r\n\r\n\t\t\t\t\t\t<div class=\"faq-item-question-icon\"><\/div>\r\n\t\t\t\t\t<\/div>\r\n\r\n\t\t\t\t\t<div class=\"faq-item-answer\">\r\n\t\t\t\t\t\t<div class=\"faq-item-answer-text\"><p>Para integrar el Feed de LinkedIn en tu sitio Webnode de forma gratuita, sigue los siguientes pasos:<\/p> <ol> <li>Personaliza el dise\u00f1o del widget de LinkedIn Feed para que complemente la elecci\u00f3n de dise\u00f1o de tu sitio web.<\/li> <li>Inicia sesi\u00f3n en tu panel de administraci\u00f3n de Elfsight o reg\u00edstrate para crear un perfil gratuito.<\/li> <li>Obt\u00e9n el c\u00f3digo de incrustaci\u00f3n generado autom\u00e1ticamente.<\/li> <li>Ve a tu sitio Webnode.<\/li> <li>Inserta el c\u00f3digo en el editor de tu sitio Webnode para agregar el widget de Feed. \u00a1Listo!<\/li> <\/ol> <p>Como puedes ver, no es necesario tener experiencia en escribir c\u00f3digo para incrustar el plugin. Crea f\u00e1cilmente un widget de LinkedIn Feed para un sitio Webnode y disfruta de todas las ventajas que conlleva el proceso de ampliar tu alcance.<\/p> <\/div>\r\n\t\t\t\t\t<\/div>\r\n\t\t\t\t<\/div><div class=\"faq-item\">\r\n\t\t\t\t\t<div class=\"faq-item-question\">\r\n\t\t\t\t\t\t<h3 class=\"faq-item-question-text\">\u00bfNecesito saber programar o tener habilidades en programaci\u00f3n para incrustar el Feed de LinkedIn en Webnode?<\/h3>\r\n\r\n\t\t\t\t\t\t<div class=\"faq-item-question-icon\"><\/div>\r\n\t\t\t\t\t<\/div>\r\n\r\n\t\t\t\t\t<div class=\"faq-item-answer\">\r\n\t\t\t\t\t\t<div class=\"faq-item-answer-text\"><p>Para nada. No es necesario tener conocimientos previos de codificaci\u00f3n. Puedes crear y agregar f\u00e1cilmente el Feed de LinkedIn a tu sitio Webnode, independientemente de tu experiencia o conocimiento previo.<\/p> <\/div>\r\n\t\t\t\t\t<\/div>\r\n\t\t\t\t<\/div> <\/div>[\/application_platform_content_item]<div class=\"application-platform-content-item-features application-platform-content-item\" id=\"features\" data-nav-section=\"features\"><h2>Ofrecemos funciones valiosas y f\u00e1ciles de usar, algunas de ellas son:<\/h2> <ul> <li>Mostrar todo tipo de contenido: publicaciones de blog, fotos, videos, etc.<\/li> <li>Filtrar publicaciones del feed por palabras clave, hashtags o URLs.<\/li> <li>Botones de llamada a la acci\u00f3n para mejorar la tasa de interacci\u00f3n en el feed de LinkedIn de tu empresa.<\/li> <li>Modo emergente llamativo para atraer atenci\u00f3n hacia tu contenido de LinkedIn.<\/li> <li>Personalizaci\u00f3n sin c\u00f3digo con configuraciones avanzadas de dise\u00f1o: plantillas listas para usar, generador de esquema de colores, m\u00faltiples dise\u00f1os de layout, estilos de publicaci\u00f3n, CSS personalizado y m\u00e1s.<\/li> <\/ul> <p><a href=\"#demo\">Puedes ver el valor del widget usando la demostraci\u00f3n.<\/a><\/p> <\/div><div class=\"application-platform-content-item-installation application-platform-content-item\" id=\"installation\" data-nav-section=\"installation\"><h2>\u00bfC\u00f3mo puedo incrustar el Feed de LinkedIn en mi sitio Webnode?<\/h2> <p>Para agregar el Feed de LinkedIn a tu sitio Webnode, sigue estos pasos:<\/p> <ol> <li><b>Usa nuestro configurador gratuito y comienza a personalizar tu widget de LinkedIn Feed.<\/b><br> Elige la interfaz personalizada y las funciones del plugin y guarda los cambios.<\/li> <li><b>Copia el c\u00f3digo \u00fanico que aparece en el cuadro en Elfsight Apps.<\/b><br> Cuando termines de crear tu widget personal, copia el c\u00f3digo personal de la ventana emergente y gu\u00e1rdalo para su uso posterior.<\/li> <li><b>Comienza a usar el widget en tu sitio Webnode.<\/b><br> Coloca el c\u00f3digo que copiaste antes en tu sitio web y guarda los ajustes.<\/li> <li><b>La configuraci\u00f3n se ha completado con \u00e9xito.<\/b><br> Ve a tu sitio web para ver c\u00f3mo funciona la herramienta.<\/li> <\/ol> <p>Si tienes preguntas o te encuentras con alg\u00fan problema, no dudes en contactar con nuestro equipo de atenci\u00f3n al cliente. Nuestros asesores estar\u00e1n encantados de resolver todas las dudas que tengas sobre el producto.<\/p> <\/div>","protected":false},"excerpt":{"rendered":"\u00a1C\u00f3mo incrustar el Feed de LinkedIn en Webnode de forma gratuita!El widget de LinkedIn Feed ofrece una excelente oportunidad para que las empresas presenten y promocionen su contenido de LinkedIn en sitios web de Webnode: mostrando publicaciones, im\u00e1genes, videos, etc. La instalaci\u00f3n del widget toma segundos, no se requiere conocimiento&#8230;","protected":false},"author":9,"featured_media":0,"parent":4902,"menu_order":0,"comment_status":"closed","ping_status":"closed","template":"templates\/template-application-platform.php","meta":{"publish_to_discourse":"","publish_post_category":"","wpdc_auto_publish_overridden":"","wpdc_topic_tags":"","wpdc_pin_topic":"","wpdc_pin_until":"","discourse_post_id":"","discourse_permalink":"","wpdc_publishing_response":"","wpdc_publishing_error":"","footnotes":""},"class_list":["post-17565","page","type-page","status-publish","hentry"],"yoast_head":"<!-- This site is optimized with the Yoast SEO plugin v25.3.1 - https:\/\/yoast.com\/wordpress\/plugins\/seo\/ -->\n<title>Feed de LinkedIn: agregue la aplicaci\u00f3n Feed a Webnode [\u00a1gratis!]<\/title>\n<meta name=\"description\" content=\"Inserta la aplicaci\u00f3n LinkedIn Feed sin codificaci\u00f3n en tu sitio web Webnode. Cree su widget utilizando una demostraci\u00f3n en vivo y plantillas predise\u00f1adas para tener una prueba social s\u00f3lida.\" \/>\n<meta name=\"robots\" content=\"index, follow, max-snippet:-1, max-image-preview:large, max-video-preview:-1\" \/>\n<link rel=\"canonical\" href=\"https:\/\/elfsight.com\/es\/linkedin-feed-widget\/webnode\/\" \/>\n<meta property=\"og:locale\" content=\"es_ES\" \/>\n<meta property=\"og:type\" content=\"article\" \/>\n<meta property=\"og:title\" content=\"Feed de LinkedIn: agregue la aplicaci\u00f3n Feed a Webnode [\u00a1gratis!]\" \/>\n<meta property=\"og:description\" content=\"Inserta la aplicaci\u00f3n LinkedIn Feed sin codificaci\u00f3n en tu sitio web Webnode. Cree su widget utilizando una demostraci\u00f3n en vivo y plantillas predise\u00f1adas para tener una prueba social s\u00f3lida.\" \/>\n<meta property=\"og:url\" content=\"https:\/\/elfsight.com\/es\/linkedin-feed-widget\/webnode\/\" \/>\n<meta property=\"og:site_name\" content=\"Elfsight ES\" \/>\n<meta property=\"article:modified_time\" content=\"2025-02-06T14:51:17+00:00\" \/>\n<meta name=\"twitter:card\" content=\"summary_large_image\" \/>\n<meta name=\"twitter:label1\" content=\"Tiempo de lectura\" \/>\n\t<meta name=\"twitter:data1\" content=\"4 minutos\" \/>\n<!-- \/ Yoast SEO plugin. -->","yoast_head_json":{"title":"Feed de LinkedIn: agregue la aplicaci\u00f3n Feed a Webnode [\u00a1gratis!]","description":"Inserta la aplicaci\u00f3n LinkedIn Feed sin codificaci\u00f3n en tu sitio web Webnode. Cree su widget utilizando una demostraci\u00f3n en vivo y plantillas predise\u00f1adas para tener una prueba social s\u00f3lida.","robots":{"index":"index","follow":"follow","max-snippet":"max-snippet:-1","max-image-preview":"max-image-preview:large","max-video-preview":"max-video-preview:-1"},"canonical":"https:\/\/elfsight.com\/es\/linkedin-feed-widget\/webnode\/","og_locale":"es_ES","og_type":"article","og_title":"Feed de LinkedIn: agregue la aplicaci\u00f3n Feed a Webnode [\u00a1gratis!]","og_description":"Inserta la aplicaci\u00f3n LinkedIn Feed sin codificaci\u00f3n en tu sitio web Webnode. Cree su widget utilizando una demostraci\u00f3n en vivo y plantillas predise\u00f1adas para tener una prueba social s\u00f3lida.","og_url":"https:\/\/elfsight.com\/es\/linkedin-feed-widget\/webnode\/","og_site_name":"Elfsight ES","article_modified_time":"2025-02-06T14:51:17+00:00","twitter_card":"summary_large_image","twitter_misc":{"Tiempo de lectura":"4 minutos"},"schema":{"@context":"https:\/\/schema.org","@graph":[{"@type":"WebPage","@id":"https:\/\/elfsight.com\/es\/linkedin-feed-widget\/webnode\/","url":"https:\/\/elfsight.com\/es\/linkedin-feed-widget\/webnode\/","name":"Feed de LinkedIn: agregue la aplicaci\u00f3n Feed a Webnode [\u00a1gratis!]","isPartOf":{"@id":"https:\/\/elfsight.com\/es\/#website"},"datePublished":"2024-12-25T12:58:17+00:00","dateModified":"2025-02-06T14:51:17+00:00","description":"Inserta la aplicaci\u00f3n LinkedIn Feed sin codificaci\u00f3n en tu sitio web Webnode. Cree su widget utilizando una demostraci\u00f3n en vivo y plantillas predise\u00f1adas para tener una prueba social s\u00f3lida.","breadcrumb":{"@id":"https:\/\/elfsight.com\/es\/linkedin-feed-widget\/webnode\/#breadcrumb"},"inLanguage":"es","potentialAction":[{"@type":"ReadAction","target":["https:\/\/elfsight.com\/es\/linkedin-feed-widget\/webnode\/"]}]},{"@type":"BreadcrumbList","@id":"https:\/\/elfsight.com\/es\/linkedin-feed-widget\/webnode\/#breadcrumb","itemListElement":[{"@type":"ListItem","position":1,"name":"Home","item":"https:\/\/elfsight.com\/es\/"},{"@type":"ListItem","position":2,"name":"LinkedIn Feed","item":"https:\/\/elfsight.com\/es\/linkedin-feed-widget\/"},{"@type":"ListItem","position":3,"name":"LinkedIn Feed &#8211; Webnode"}]},{"@type":"WebSite","@id":"https:\/\/elfsight.com\/es\/#website","url":"https:\/\/elfsight.com\/es\/","name":"Elfsight ES","description":"Just another Elfsight Sites site","potentialAction":[{"@type":"SearchAction","target":{"@type":"EntryPoint","urlTemplate":"https:\/\/elfsight.com\/es\/?s={search_term_string}"},"query-input":{"@type":"PropertyValueSpecification","valueRequired":true,"valueName":"search_term_string"}}],"inLanguage":"es"}]}},"meta_box":{"industry":"","seo_heading":"","heading":"","description":"","cta_heading":"","cta_description":"","application":"4887","h1":"How to embed LinkedIn Feed on Weebly for free!","h1_caption":"Presente las actualizaciones, im\u00e1genes y v\u00eddeos de la empresa de LinkedIn en su sitio web.","application_category":[],"applications_title":"","applications_request_title":"","applications_request_button_text":"","hero_text":"","hero_video":"","hero_video_schema_markup":"","selling_points_title":"","selling_points_caption":"","selling_points":[],"selling_points_cta_text":"","features_title":"","features":"","ed_cta_examples_text":"","ed_cta_examples_hidden":"","ed_cta_demo_text":"","ed_cta_demo_hidden":"","why_caption":"","why_editor_title":"","why_editor_text":"","why_team_title":"","why_team_text":"","why_service_title":"","why_service_text":"","template_catalog_visible":"0","template_catalog_title":"","template_catalog_text":"","template_catalog_categories_visible":"","demo_title":"Crea tu aplicaci\u00f3n LinkedIn Feed","demo_caption":"\u00a1Configura tu feed de LinkedIn y agr\u00e9galo a tu sitio web Webnode gratis!","default_faq_hidden":"","app_template_category":[],"platform":"2302","template_public_id":"","codecanyon_url":"","codecanyon_item_id":"","codecanyon_price":"","pricing_caption":"","pricing_elfsight_apps_hide_column":"","pricing_elfsight_apps_url":"","pricing_codecanyon_price_caption":"","integration_category":[],"integration_request_title":"","integration_request_cta":"","integration_platform":"","integrations":[],"platform_category":[],"video_schema_markup":"","price":"desde $0 \/ mes","trial":"","benefits":[{"text":"Ayuda de instalaci\u00f3n gratuita"},{"text":"Soporte premium"},{"text":"Garant\u00eda de reembolso de 14 d\u00edas"},{"text":"Mejoras peri\u00f3dicas gratuitas"}],"button_url":"#demo","button_target_blank":"0","button_nofollow":"0","attributes":[{"name":"Instalaciones","content":"10,000 - 100,000"},{"name":"Sensible","content":"S\u00ed"},{"name":"Navegadores compatibles","content":"Firefox, Safari, Opera, Chrome, Edge"}],"tags":[],"tags_disable_links":"0","hide_more_platforms":"","video_object":"","demo_hide_cta":"0","demo_hide_cloud_options":"0","pricing_title":"","pricing":[{"pricing_icon":"platform","pricing_title":"Elfsight Apps","pricing_title_caption":"Software independiente de la plataforma que funciona en cualquier sitio web","pricing_price":"desde $0 \/ mes","pricing_price_caption":"Comience con un plan gratuito","pricing_benefits":[{"text":"Sitios web ilimitados"},{"text":"Soporte empresarial premium"},{"text":"Asistencia de instalaci\u00f3n gratuita"},{"text":"Dise\u00f1o flexible"}],"pricing_button_text":"A\u00f1adir al sitio web","pricing_button_url":"#demo"}],"related_apps_title":"","related_apps_hidden":"0","author":"","image":[],"title":"","job":"","social_networks":[]},"_links":{"self":[{"href":"https:\/\/elfsight.com\/es\/wp-json\/wp\/v2\/pages\/17565","targetHints":{"allow":["GET"]}}],"collection":[{"href":"https:\/\/elfsight.com\/es\/wp-json\/wp\/v2\/pages"}],"about":[{"href":"https:\/\/elfsight.com\/es\/wp-json\/wp\/v2\/types\/page"}],"author":[{"embeddable":true,"href":"https:\/\/elfsight.com\/es\/wp-json\/wp\/v2\/users\/9"}],"replies":[{"embeddable":true,"href":"https:\/\/elfsight.com\/es\/wp-json\/wp\/v2\/comments?post=17565"}],"version-history":[{"count":3,"href":"https:\/\/elfsight.com\/es\/wp-json\/wp\/v2\/pages\/17565\/revisions"}],"predecessor-version":[{"id":17731,"href":"https:\/\/elfsight.com\/es\/wp-json\/wp\/v2\/pages\/17565\/revisions\/17731"}],"up":[{"embeddable":true,"href":"https:\/\/elfsight.com\/es\/wp-json\/wp\/v2\/pages\/4902"}],"wp:attachment":[{"href":"https:\/\/elfsight.com\/es\/wp-json\/wp\/v2\/media?parent=17565"}],"curies":[{"name":"wp","href":"https:\/\/api.w.org\/{rel}","templated":true}]}}