{"id":17530,"date":"2024-09-30T18:27:29","date_gmt":"2024-09-30T18:27:29","guid":{"rendered":"https:\/\/elfsight.com\/es\/?page_id=17530"},"modified":"2025-02-06T14:51:17","modified_gmt":"2025-02-06T14:51:17","slug":"webnode","status":"publish","type":"page","link":"https:\/\/elfsight.com\/es\/facebook-reviews-widget\/webnode\/","title":{"rendered":"Facebook Reviews &#8211; Webnode"},"content":{"rendered":"<div class=\"application-platform-content-item-description application-platform-content-item\" id=\"description\" data-nav-section=\"description\"><h2>Descripci\u00f3n<\/h2><p>Muestre las rese\u00f1as de sus clientes de Facebook en el sitio web con la ayuda de Rese\u00f1as de Facebook de Elfsight e indique que confiado por la gente. Los visitantes del sitio web podr\u00e1n conocer lo que la gente dice sobre su negocio en Facebook en un widget con un dise\u00f1o limpio y detalles aut\u00e9nticos de Facebook. La interfaz es flexible e incluye calificaci\u00f3n de estrellas, informaci\u00f3n del autor, elementos intercambiables y opciones de dise\u00f1o y plantilla listas para usar. Con las rese\u00f1as de Facebook de Elfsight, puede revelar un bot\u00f3n para dejar una rese\u00f1a m\u00e1s y obtener comentarios de los clientes.<\/p><p><b>\u00a1Revele lo que los clientes publican sobre usted en Facebook y aumente el nivel de confiabilidad!<\/b><\/p><ul><li><b>Aumente el valor percibido de sus ofertas con la ayuda de las mejores rese\u00f1as<\/b><br> Utilice filtros para clasificar todas las rese\u00f1as no deseadas y aseg\u00farese de que los clientes est\u00e9n seguros de la calidad de sus art\u00edculos. .<\/li><li><b>Aumente las ventas demostrando su excelente calificaci\u00f3n<\/b><br> Utilice su excelente calificaci\u00f3n y rese\u00f1as positivas para demostrar que vale la pena comprar sus art\u00edculos y obtener m\u00e1s ventas.<\/li><li> <b>Logra una comprensi\u00f3n m\u00e1s clara de tus ofertas<\/b><br> Demostrar tus productos a trav\u00e9s de la experiencia de usuario de los clientes ayudar\u00e1 a que los visitantes los comprendan mejor.<\/li><\/ul><\/div><div class=\"application-platform-content-item- caracter\u00edsticas application-platform-content-item\" id=\" caracter\u00edsticas\" data-nav-section=\" caracter\u00edsticas\"><h2>Caracter\u00edsticas<\/h2><p>Aqu\u00ed hay varias caracter\u00edsticas que hacen de nuestro widget una herramienta perfecta para el sitio Webnode:<\/p><ul><li>Tres tipos de filtros: por tipo, excluir por y cantidad de rese\u00f1as;<\/li><li>Tres tipos de dise\u00f1o: Lista, Cuadr\u00edcula y Control deslizante;<\/li><li>Tres plantillas de rese\u00f1as: Cl\u00e1sica, Burbuja, Destacada;<\/li><li>Editable mensaje de texto despu\u00e9s del rechazo de la solicitud de revisi\u00f3n, con opciones de formato;<\/li><li>6 elementos intercambiables de las revisiones: nombre e imagen del autor, recomendaci\u00f3n, fecha, \u00edcono de Facebook y calificaci\u00f3n de estrellas;<\/li><\/ul><p><a href=\"#demo\">Pruebe todas las propiedades en nuestra demostraci\u00f3n gratuita<\/a><\/p><\/div><div class=\"application-platform-content-item-installation application-platform-content-item\" id=\"installation\" data-nav-section=\"installation\"><h2>C\u00f3mo agregar rese\u00f1as de Facebook al sitio web de Webnode <\/h2><p>Peque\u00f1a gu\u00eda sobre instalaci\u00f3n del widget sin experiencia en programaci\u00f3n o b\u00fasqueda de programador temporal. El tiempo total de ejecuci\u00f3n de las instrucciones no supera los 90 segundos.<\/p><ol><li><b>Cree sus rese\u00f1as individuales en Facebook<\/b><br>Mediante nuestra demostraci\u00f3n gratuita, un complemento con una apariencia y funciones preferibles .<\/li><li><b>Reciba un c\u00f3digo para publicar el complemento<\/b><br>Despu\u00e9s de configurar el widget, obtenga un c\u00f3digo para el complemento Rese\u00f1as en la notificaci\u00f3n que aparece en Elfsight Apps.<\/li><li> <b>Publica el complemento en el sitio web de Webnode<\/b><br>Incrusta el complemento en el lugar requerido del sitio web y guarda los resultados.<\/li><li><b>\u00a1Listo!<\/b> <br>Ingrese a su sitio web para ver su complemento.<\/li><\/ol><p>\u00bfTiene alg\u00fan problema al agregar o ajustar el complemento? P\u00f3ngase en contacto con nuestro Centro de soporte.<\/p><div class=\"faq\" data-component=\"FAQ\"> <div class=\"faq-item\">\r\n\t\t\t\t\t<div class=\"faq-item-question\">\r\n\t\t\t\t\t\t<h3 class=\"faq-item-question-text\">\u00bfC\u00f3mo puedo agregar rese\u00f1as de Facebook a mi sitio web Webnode sin conocimientos de codificaci\u00f3n?<\/h3>\r\n\r\n\t\t\t\t\t\t<div class=\"faq-item-question-icon\"><\/div>\r\n\t\t\t\t\t<\/div>\r\n\r\n\t\t\t\t\t<div class=\"faq-item-answer\">\r\n\t\t\t\t\t\t<div class=\"faq-item-answer-text\"> <p>Elfsight proporciona una soluci\u00f3n SaaS que le permite crear un Facebook Widget de rese\u00f1as t\u00fa mismo, comprueba lo f\u00e1cil que es el proceso: trabaja directamente en el editor en l\u00ednea para crear un widget de rese\u00f1as de Facebook que te gustar\u00eda ver en tu sitio web Webnode. Elija una de las plantillas predise\u00f1adas y ajuste la configuraci\u00f3n de Rese\u00f1as de Facebook, agregue su contenido, cambie el dise\u00f1o y los colores sin conocimientos de codificaci\u00f3n. Guarda las rese\u00f1as de Facebook y copia su c\u00f3digo de instalaci\u00f3n, que podr\u00e1s pegar f\u00e1cilmente en tu sitio web Webnode sin necesidad de comprar una versi\u00f3n paga. Con nuestro editor intuitivo, cualquier usuario de Internet puede crear un widget de Rese\u00f1as de Facebook en l\u00ednea e incrustarlo f\u00e1cilmente en su sitio web Webnode. No es necesario pagar ni ingresar las credenciales de su tarjeta para acceder al servicio. Si tiene alg\u00fan problema en cualquier paso, no dude en ponerse en contacto con nuestro equipo de soporte t\u00e9cnico.<\/p> <\/div>\r\n\t\t\t\t\t<\/div>\r\n\t\t\t\t<\/div> <\/div> <\/div>","protected":false},"excerpt":{"rendered":"","protected":false},"author":9,"featured_media":0,"parent":1788,"menu_order":0,"comment_status":"closed","ping_status":"closed","template":"templates\/template-application-platform.php","meta":{"publish_to_discourse":"","publish_post_category":"","wpdc_auto_publish_overridden":"","wpdc_topic_tags":"","wpdc_pin_topic":"","wpdc_pin_until":"","discourse_post_id":"","discourse_permalink":"","wpdc_publishing_response":"","wpdc_publishing_error":"","footnotes":""},"class_list":["post-17530","page","type-page","status-publish","hentry"],"yoast_head":"<!-- This site is optimized with the Yoast SEO plugin v25.3.1 - https:\/\/yoast.com\/wordpress\/plugins\/seo\/ -->\n<title>Las mejores rese\u00f1as de Facebook para el sitio web Webnode (2025)<\/title>\n<meta name=\"description\" content=\"Prueba nuestro complemento de Rese\u00f1as de Facebook para Webnode ahora mismo. \u00a1Configure un widget \u00fanico para su sitio web en solo unos minutos!\" \/>\n<meta name=\"robots\" content=\"index, follow, max-snippet:-1, max-image-preview:large, max-video-preview:-1\" \/>\n<link rel=\"canonical\" href=\"https:\/\/elfsight.com\/es\/facebook-reviews-widget\/webnode\/\" \/>\n<meta property=\"og:locale\" content=\"es_ES\" \/>\n<meta property=\"og:type\" content=\"article\" \/>\n<meta property=\"og:title\" content=\"Las mejores rese\u00f1as de Facebook para el sitio web Webnode (2025)\" \/>\n<meta property=\"og:description\" content=\"Prueba nuestro complemento de Rese\u00f1as de Facebook para Webnode ahora mismo. \u00a1Configure un widget \u00fanico para su sitio web en solo unos minutos!\" \/>\n<meta property=\"og:url\" content=\"https:\/\/elfsight.com\/es\/facebook-reviews-widget\/webnode\/\" \/>\n<meta property=\"og:site_name\" content=\"Elfsight ES\" \/>\n<meta property=\"article:modified_time\" content=\"2025-02-06T14:51:17+00:00\" \/>\n<meta name=\"twitter:card\" content=\"summary_large_image\" \/>\n<meta name=\"twitter:label1\" content=\"Tiempo de lectura\" \/>\n\t<meta name=\"twitter:data1\" content=\"3 minutos\" \/>\n<!-- \/ Yoast SEO plugin. -->","yoast_head_json":{"title":"Las mejores rese\u00f1as de Facebook para el sitio web Webnode (2025)","description":"Prueba nuestro complemento de Rese\u00f1as de Facebook para Webnode ahora mismo. \u00a1Configure un widget \u00fanico para su sitio web en solo unos minutos!","robots":{"index":"index","follow":"follow","max-snippet":"max-snippet:-1","max-image-preview":"max-image-preview:large","max-video-preview":"max-video-preview:-1"},"canonical":"https:\/\/elfsight.com\/es\/facebook-reviews-widget\/webnode\/","og_locale":"es_ES","og_type":"article","og_title":"Las mejores rese\u00f1as de Facebook para el sitio web Webnode (2025)","og_description":"Prueba nuestro complemento de Rese\u00f1as de Facebook para Webnode ahora mismo. \u00a1Configure un widget \u00fanico para su sitio web en solo unos minutos!","og_url":"https:\/\/elfsight.com\/es\/facebook-reviews-widget\/webnode\/","og_site_name":"Elfsight ES","article_modified_time":"2025-02-06T14:51:17+00:00","twitter_card":"summary_large_image","twitter_misc":{"Tiempo de lectura":"3 minutos"},"schema":{"@context":"https:\/\/schema.org","@graph":[{"@type":"WebPage","@id":"https:\/\/elfsight.com\/es\/facebook-reviews-widget\/webnode\/","url":"https:\/\/elfsight.com\/es\/facebook-reviews-widget\/webnode\/","name":"Las mejores rese\u00f1as de Facebook para el sitio web Webnode (2025)","isPartOf":{"@id":"https:\/\/elfsight.com\/es\/#website"},"datePublished":"2024-09-30T18:27:29+00:00","dateModified":"2025-02-06T14:51:17+00:00","description":"Prueba nuestro complemento de Rese\u00f1as de Facebook para Webnode ahora mismo. \u00a1Configure un widget \u00fanico para su sitio web en solo unos minutos!","breadcrumb":{"@id":"https:\/\/elfsight.com\/es\/facebook-reviews-widget\/webnode\/#breadcrumb"},"inLanguage":"es","potentialAction":[{"@type":"ReadAction","target":["https:\/\/elfsight.com\/es\/facebook-reviews-widget\/webnode\/"]}]},{"@type":"BreadcrumbList","@id":"https:\/\/elfsight.com\/es\/facebook-reviews-widget\/webnode\/#breadcrumb","itemListElement":[{"@type":"ListItem","position":1,"name":"Home","item":"https:\/\/elfsight.com\/es\/"},{"@type":"ListItem","position":2,"name":"Facebook Reviews","item":"https:\/\/elfsight.com\/es\/facebook-reviews-widget\/"},{"@type":"ListItem","position":3,"name":"Facebook Reviews &#8211; Webnode"}]},{"@type":"WebSite","@id":"https:\/\/elfsight.com\/es\/#website","url":"https:\/\/elfsight.com\/es\/","name":"Elfsight ES","description":"Just another Elfsight Sites site","potentialAction":[{"@type":"SearchAction","target":{"@type":"EntryPoint","urlTemplate":"https:\/\/elfsight.com\/es\/?s={search_term_string}"},"query-input":{"@type":"PropertyValueSpecification","valueRequired":true,"valueName":"search_term_string"}}],"inLanguage":"es"}]}},"meta_box":{"industry":"","seo_heading":"","heading":"","description":"","cta_heading":"","cta_description":"","application":"1787","h1":"Widget de rese\u00f1as de Facebook de Webnode","h1_caption":"Inserta rese\u00f1as de clientes desde tu p\u00e1gina de Facebook directamente en tu sitio web para mejorar la confianza y la prueba social en tu sitio web Webnode sin esfuerzo.","application_category":[],"applications_title":"","applications_request_title":"","applications_request_button_text":"","hero_text":"","hero_video":"","hero_video_schema_markup":"","selling_points_title":"","selling_points_caption":"","selling_points":[],"selling_points_cta_text":"","features_title":"","features":"","ed_cta_examples_text":"","ed_cta_examples_hidden":"","ed_cta_demo_text":"","ed_cta_demo_hidden":"","why_caption":"","why_editor_title":"","why_editor_text":"","why_team_title":"","why_team_text":"","why_service_title":"","why_service_text":"","template_catalog_visible":"0","template_catalog_title":"","template_catalog_text":"","template_catalog_categories_visible":"","demo_title":"Crea tu widget de rese\u00f1as de Facebook","demo_caption":"\u00a1Configura tus Rese\u00f1as de Facebook y agr\u00e9galas a tu sitio web Webnode gratis!","default_faq_hidden":"","app_template_category":[],"platform":"2302","template_public_id":"","codecanyon_url":"","codecanyon_item_id":"","codecanyon_price":"","pricing_caption":"","pricing_elfsight_apps_hide_column":"","pricing_elfsight_apps_url":"","pricing_codecanyon_price_caption":"","integration_category":[],"integration_request_title":"","integration_request_cta":"","integration_platform":"","integrations":[],"platform_category":[],"video_schema_markup":"","price":"desde $0 \/ mes","trial":"","benefits":[{"text":"Ayuda de instalaci\u00f3n gratuita"},{"text":"Soporte excepcional"},{"text":"Garant\u00eda de reembolso de 14 d\u00edas"},{"text":"Actualizando constantemente"}],"button_url":"#demo","button_target_blank":"0","button_nofollow":"0","attributes":[{"name":"Instalaciones","content":"1,000 - 5,000"},{"name":"Sensible","content":"S\u00ed"},{"name":"Navegadores compatibles","content":"Firefox, Safari, Opera, Chrome, Edge"}],"tags":[],"tags_disable_links":"0","hide_more_platforms":"","video_object":"","demo_hide_cta":"0","demo_hide_cloud_options":"0","pricing_title":"","pricing":[{"pricing_icon":"platform","pricing_title":"Elfsight Apps","pricing_title_caption":"Versi\u00f3n multiplataforma que se adapta a cualquier sitio.","pricing_price":"desde $0 \/ mes","pricing_price_caption":"comienza con el plan gratuito","pricing_benefits":[{"text":"Dominios ilimitados"},{"text":"Soporte profesional de la empresa"},{"text":"Ayuda de instalaci\u00f3n gratuita"},{"text":"Gran oferta para m\u00faltiples aplicaciones"}],"pricing_button_text":"A\u00f1adir al sitio web","pricing_button_url":"#demo"}],"related_apps_title":"","related_apps_hidden":"0","author":"","image":[],"title":"","job":"","social_networks":[]},"_links":{"self":[{"href":"https:\/\/elfsight.com\/es\/wp-json\/wp\/v2\/pages\/17530","targetHints":{"allow":["GET"]}}],"collection":[{"href":"https:\/\/elfsight.com\/es\/wp-json\/wp\/v2\/pages"}],"about":[{"href":"https:\/\/elfsight.com\/es\/wp-json\/wp\/v2\/types\/page"}],"author":[{"embeddable":true,"href":"https:\/\/elfsight.com\/es\/wp-json\/wp\/v2\/users\/9"}],"replies":[{"embeddable":true,"href":"https:\/\/elfsight.com\/es\/wp-json\/wp\/v2\/comments?post=17530"}],"version-history":[{"count":2,"href":"https:\/\/elfsight.com\/es\/wp-json\/wp\/v2\/pages\/17530\/revisions"}],"predecessor-version":[{"id":17732,"href":"https:\/\/elfsight.com\/es\/wp-json\/wp\/v2\/pages\/17530\/revisions\/17732"}],"up":[{"embeddable":true,"href":"https:\/\/elfsight.com\/es\/wp-json\/wp\/v2\/pages\/1788"}],"wp:attachment":[{"href":"https:\/\/elfsight.com\/es\/wp-json\/wp\/v2\/media?parent=17530"}],"curies":[{"name":"wp","href":"https:\/\/api.w.org\/{rel}","templated":true}]}}