{"id":17525,"date":"2024-09-30T18:27:29","date_gmt":"2024-09-30T18:27:29","guid":{"rendered":"https:\/\/elfsight.com\/es\/?page_id=17525"},"modified":"2025-02-06T14:51:25","modified_gmt":"2025-02-06T14:51:25","slug":"weebly","status":"publish","type":"page","link":"https:\/\/elfsight.com\/es\/facebook-reviews-widget\/weebly\/","title":{"rendered":"facebook reviews  weebly"},"content":{"rendered":"<div class=\"application-platform-content-item-description application-platform-content-item\" id=\"description\" data-nav-section=\"description\"><h2>Descripci\u00f3n<\/h2> <p>Elfsight Trustpilot Reviews es una herramienta \u00fatil que se utiliza para mostrar las rese\u00f1as de sus productos directamente en su sitio desde Trustpilot. Con la ayuda de este widget, podr\u00e1 utilizar filtros para ocultar las rese\u00f1as negativas, demostrar su calificaci\u00f3n de estrellas y los n\u00fameros de su cuenta en Trustpilot, mostrar informaci\u00f3n sobre los creadores de las rese\u00f1as y agregar un bot\u00f3n de CTA que puede atraer a los usuarios para dejar sus comentarios en Trustpilot. El widget Elfsight Trustpilot Reviews le ayudar\u00e1 a demostrar su alta prueba social en su sitio web y atraer nuevas compras. <\/p><p><b>Sube las ventas y consigue una mayor confianza del usuario incorporando rese\u00f1as genuinas de Trustpilot en tu sitio web. <\/b><\/p><\/div><div class=\"application-platform-content-item-features application-platform-content-item\" id=\"features\" data-nav-section=\"features\"><h2>Caracter\u00edsticas<\/h2> <p>Vea todas las caracter\u00edsticas funcionales de Trustpilot Reviews. Est\u00e1n disponibles directamente en el editor y le ayudar\u00e1n a crear el widget especialmente para sus necesidades. <\/p><ul><li>Dos escenarios despu\u00e9s de una llamada a la acci\u00f3n denegada: mostrar un mensaje u ocultar el formulario; <\/li><li>Mensaje de texto editable despu\u00e9s del rechazo de la solicitud de revisi\u00f3n, con opciones de formato; <\/li><li>3 plantillas de revisi\u00f3n: Cl\u00e1sica, Burbuja, Destacada; <\/li><li>6 elementos flexibles de las rese\u00f1as: nombre del autor e imagen, recomendaci\u00f3n, fecha, icono de Trustpilot y calificaci\u00f3n de estrellas; <\/li><li>Cinco elementos coloreables de la interfaz: fondo, texto de revisi\u00f3n, enlaces, bot\u00f3n de solicitud de revisi\u00f3n, calificaci\u00f3n. <\/li><\/ul><p><a href=\"#demo\">Vea c\u00f3mo funcionan todas las funciones en nuestra demostraci\u00f3n<\/a><\/p><\/div><div class=\"application-platform-content-item-installation application-platform-content-item\" id=\"installation\" data-nav-section=\"installation\"> <h2>\u00bfC\u00f3mo integrar Trustpilot Reviews con mi sitio Blogger? <\/h2><div class=\"video-container\"><iframe width=\"720\" height=\"405\" src=\"https:\/\/www.youtube.com\/embed\/kdN6eqZEF0Y\"><\/iframe><\/div><p>Para comenzar a usar el widget, aplique las instrucciones a continuaci\u00f3n. <\/p><ul><li><b>Dise\u00f1e su complemento exclusivo de Trustpilot<\/b><br>Administrando nuestro configurador gratuito, cree un complemento con una apariencia y funciones seleccionadas. <\/li> <li><b>Obtenga el c\u00f3digo personal para agregar el complemento<\/b><br>Despu\u00e9s de haber configurado su widget, obtendr\u00e1 su c\u00f3digo de instalaci\u00f3n en la ventana que aparece en Elfsight Apps. Copia este c\u00f3digo. <\/li> <li><b>Incruste el complemento en su sitio de Blogger<\/b><br>Elija el \u00e1rea donde desea mostrar el complemento e inserte el c\u00f3digo guardado all\u00ed. Aplicar los resultados. <\/li> <li><b>La configuraci\u00f3n est\u00e1 completa<\/b><br>Visite la p\u00e1gina web para echar un vistazo a su Trustpilot. <\/li><\/ul><p>Puede ponerse en contacto con el servicio de atenci\u00f3n al cliente de Elfsight si necesita ayuda o tiene algo que preguntar. Nuestros especialistas le ayudar\u00e1n en cada solicitud. <\/p><\/div>","protected":false},"excerpt":{"rendered":"","protected":false},"author":9,"featured_media":0,"parent":1788,"menu_order":0,"comment_status":"closed","ping_status":"closed","template":"templates\/template-application-platform.php","meta":{"publish_to_discourse":"","publish_post_category":"","wpdc_auto_publish_overridden":"","wpdc_topic_tags":"","wpdc_pin_topic":"","wpdc_pin_until":"","discourse_post_id":"","discourse_permalink":"","wpdc_publishing_response":"","wpdc_publishing_error":"","footnotes":""},"class_list":["post-17525","page","type-page","status-publish","hentry"],"yoast_head":"<!-- This site is optimized with the Yoast SEO plugin v25.3.1 - https:\/\/yoast.com\/wordpress\/plugins\/seo\/ -->\n<title>La mejor aplicaci\u00f3n de rese\u00f1as de Facebook para el sitio web Weebly (2025)<\/title>\n<meta name=\"description\" content=\"Crea tu aplicaci\u00f3n personal de Rese\u00f1as de Facebook para Weebly y agr\u00e9gala a tu sitio en solo 3 minutos. \u00a1Demostraci\u00f3n gratuita, ayuda con el dise\u00f1o y otros extras de Elfsight!\" \/>\n<meta name=\"robots\" content=\"index, follow, max-snippet:-1, max-image-preview:large, max-video-preview:-1\" \/>\n<link rel=\"canonical\" href=\"https:\/\/elfsight.com\/es\/facebook-reviews-widget\/weebly\/\" \/>\n<meta property=\"og:locale\" content=\"es_ES\" \/>\n<meta property=\"og:type\" content=\"article\" \/>\n<meta property=\"og:title\" content=\"La mejor aplicaci\u00f3n de rese\u00f1as de Facebook para el sitio web Weebly (2025)\" \/>\n<meta property=\"og:description\" content=\"Crea tu aplicaci\u00f3n personal de Rese\u00f1as de Facebook para Weebly y agr\u00e9gala a tu sitio en solo 3 minutos. \u00a1Demostraci\u00f3n gratuita, ayuda con el dise\u00f1o y otros extras de Elfsight!\" \/>\n<meta property=\"og:url\" content=\"https:\/\/elfsight.com\/es\/facebook-reviews-widget\/weebly\/\" \/>\n<meta property=\"og:site_name\" content=\"Elfsight ES\" \/>\n<meta property=\"article:modified_time\" content=\"2025-02-06T14:51:25+00:00\" \/>\n<meta name=\"twitter:card\" content=\"summary_large_image\" \/>\n<meta name=\"twitter:label1\" content=\"Tiempo de lectura\" \/>\n\t<meta name=\"twitter:data1\" content=\"3 minutos\" \/>\n<!-- \/ Yoast SEO plugin. -->","yoast_head_json":{"title":"La mejor aplicaci\u00f3n de rese\u00f1as de Facebook para el sitio web Weebly (2025)","description":"Crea tu aplicaci\u00f3n personal de Rese\u00f1as de Facebook para Weebly y agr\u00e9gala a tu sitio en solo 3 minutos. \u00a1Demostraci\u00f3n gratuita, ayuda con el dise\u00f1o y otros extras de Elfsight!","robots":{"index":"index","follow":"follow","max-snippet":"max-snippet:-1","max-image-preview":"max-image-preview:large","max-video-preview":"max-video-preview:-1"},"canonical":"https:\/\/elfsight.com\/es\/facebook-reviews-widget\/weebly\/","og_locale":"es_ES","og_type":"article","og_title":"La mejor aplicaci\u00f3n de rese\u00f1as de Facebook para el sitio web Weebly (2025)","og_description":"Crea tu aplicaci\u00f3n personal de Rese\u00f1as de Facebook para Weebly y agr\u00e9gala a tu sitio en solo 3 minutos. \u00a1Demostraci\u00f3n gratuita, ayuda con el dise\u00f1o y otros extras de Elfsight!","og_url":"https:\/\/elfsight.com\/es\/facebook-reviews-widget\/weebly\/","og_site_name":"Elfsight ES","article_modified_time":"2025-02-06T14:51:25+00:00","twitter_card":"summary_large_image","twitter_misc":{"Tiempo de lectura":"3 minutos"},"schema":{"@context":"https:\/\/schema.org","@graph":[{"@type":"WebPage","@id":"https:\/\/elfsight.com\/es\/facebook-reviews-widget\/weebly\/","url":"https:\/\/elfsight.com\/es\/facebook-reviews-widget\/weebly\/","name":"La mejor aplicaci\u00f3n de rese\u00f1as de Facebook para el sitio web Weebly (2025)","isPartOf":{"@id":"https:\/\/elfsight.com\/es\/#website"},"datePublished":"2024-09-30T18:27:29+00:00","dateModified":"2025-02-06T14:51:25+00:00","description":"Crea tu aplicaci\u00f3n personal de Rese\u00f1as de Facebook para Weebly y agr\u00e9gala a tu sitio en solo 3 minutos. \u00a1Demostraci\u00f3n gratuita, ayuda con el dise\u00f1o y otros extras de Elfsight!","breadcrumb":{"@id":"https:\/\/elfsight.com\/es\/facebook-reviews-widget\/weebly\/#breadcrumb"},"inLanguage":"es","potentialAction":[{"@type":"ReadAction","target":["https:\/\/elfsight.com\/es\/facebook-reviews-widget\/weebly\/"]}]},{"@type":"BreadcrumbList","@id":"https:\/\/elfsight.com\/es\/facebook-reviews-widget\/weebly\/#breadcrumb","itemListElement":[{"@type":"ListItem","position":1,"name":"Home","item":"https:\/\/elfsight.com\/es\/"},{"@type":"ListItem","position":2,"name":"Facebook Reviews","item":"https:\/\/elfsight.com\/es\/facebook-reviews-widget\/"},{"@type":"ListItem","position":3,"name":"facebook reviews weebly"}]},{"@type":"WebSite","@id":"https:\/\/elfsight.com\/es\/#website","url":"https:\/\/elfsight.com\/es\/","name":"Elfsight ES","description":"Just another Elfsight Sites site","potentialAction":[{"@type":"SearchAction","target":{"@type":"EntryPoint","urlTemplate":"https:\/\/elfsight.com\/es\/?s={search_term_string}"},"query-input":{"@type":"PropertyValueSpecification","valueRequired":true,"valueName":"search_term_string"}}],"inLanguage":"es"}]}},"meta_box":{"industry":"","seo_heading":"","heading":"","description":"","cta_heading":"","cta_description":"","application":"1787","h1":"Aplicaci\u00f3n Weebly Facebook Reviews","h1_caption":"Inserte rese\u00f1as de clientes desde su p\u00e1gina de Facebook directamente en su sitio web para mejorar la confianza y la prueba social en su sitio web Weebly sin esfuerzo.","application_category":[],"applications_title":"","applications_request_title":"","applications_request_button_text":"","hero_text":"","hero_video":"","hero_video_schema_markup":"","selling_points_title":"","selling_points_caption":"","selling_points":[],"selling_points_cta_text":"","features_title":"","features":"","ed_cta_examples_text":"","ed_cta_examples_hidden":"","ed_cta_demo_text":"","ed_cta_demo_hidden":"","why_caption":"","why_editor_title":"","why_editor_text":"","why_team_title":"","why_team_text":"","why_service_title":"","why_service_text":"","template_catalog_visible":"0","template_catalog_title":"","template_catalog_text":"","template_catalog_categories_visible":"","demo_title":"Crea tu aplicaci\u00f3n de rese\u00f1as de Facebook","demo_caption":"\u00a1Configura tus rese\u00f1as de Facebook y agr\u00e9galas a tu sitio web Weebly gratis!","default_faq_hidden":"","app_template_category":[],"platform":"109","template_public_id":"","codecanyon_url":"","codecanyon_item_id":"","codecanyon_price":"","pricing_caption":"","pricing_elfsight_apps_hide_column":"","pricing_elfsight_apps_url":"","pricing_codecanyon_price_caption":"","integration_category":[],"integration_request_title":"","integration_request_cta":"","integration_platform":"","integrations":[],"platform_category":[],"video_schema_markup":"","price":"desde $0 \/ mes","trial":"","benefits":[{"text":"Servicio de instalaci\u00f3n gratuito"},{"text":"Servicio al cliente eficaz"},{"text":"Garant\u00eda de devoluci\u00f3n de dinero de 14 d\u00edas"},{"text":"Actualizaciones gratuitas continuas"}],"button_url":"#demo","button_target_blank":"0","button_nofollow":"0","attributes":[{"name":"Instalaciones","content":"1,000 - 5,000"},{"name":"Sensible","content":"S\u00ed"},{"name":"Navegadores compatibles","content":"Firefox, Safari, Opera, Chrome, Edge"}],"tags":[],"tags_disable_links":"0","hide_more_platforms":"","video_object":"","demo_hide_cta":"0","demo_hide_cloud_options":"0","pricing_title":"","pricing":[{"pricing_icon":"cloud","pricing_title":"Elfsight Apps","pricing_title_caption":"Software multiplataforma","pricing_price":"desde $0 \/ mes","pricing_price_caption":"comienza con un plan gratuito","pricing_benefits":[{"text":"Dominios ilimitados"},{"text":"Soporte de empresa premium y bien documentado."},{"text":"Soporte de instalaci\u00f3n gratuito"},{"text":"100% personalizable"}],"pricing_button_text":"A\u00f1adir al sitio web","pricing_button_url":"#demo"}],"related_apps_title":"","related_apps_hidden":"0","author":"","image":[],"title":"","job":"","social_networks":[]},"_links":{"self":[{"href":"https:\/\/elfsight.com\/es\/wp-json\/wp\/v2\/pages\/17525","targetHints":{"allow":["GET"]}}],"collection":[{"href":"https:\/\/elfsight.com\/es\/wp-json\/wp\/v2\/pages"}],"about":[{"href":"https:\/\/elfsight.com\/es\/wp-json\/wp\/v2\/types\/page"}],"author":[{"embeddable":true,"href":"https:\/\/elfsight.com\/es\/wp-json\/wp\/v2\/users\/9"}],"replies":[{"embeddable":true,"href":"https:\/\/elfsight.com\/es\/wp-json\/wp\/v2\/comments?post=17525"}],"version-history":[{"count":2,"href":"https:\/\/elfsight.com\/es\/wp-json\/wp\/v2\/pages\/17525\/revisions"}],"predecessor-version":[{"id":17733,"href":"https:\/\/elfsight.com\/es\/wp-json\/wp\/v2\/pages\/17525\/revisions\/17733"}],"up":[{"embeddable":true,"href":"https:\/\/elfsight.com\/es\/wp-json\/wp\/v2\/pages\/1788"}],"wp:attachment":[{"href":"https:\/\/elfsight.com\/es\/wp-json\/wp\/v2\/media?parent=17525"}],"curies":[{"name":"wp","href":"https:\/\/api.w.org\/{rel}","templated":true}]}}