{"id":17524,"date":"2024-09-30T18:27:29","date_gmt":"2024-09-30T18:27:29","guid":{"rendered":"https:\/\/elfsight.com\/es\/?page_id=17524"},"modified":"2025-02-06T14:51:25","modified_gmt":"2025-02-06T14:51:25","slug":"wix","status":"publish","type":"page","link":"https:\/\/elfsight.com\/es\/facebook-reviews-widget\/wix\/","title":{"rendered":"Facebook Reviews &#8211; Wix"},"content":{"rendered":"<div class=\"application-platform-content-item-description application-platform-content-item\" id=\"description\" data-nav-section=\"description\"><h2>Descripci\u00f3n<\/h2> <p>Elfsight Trustpilot Reviews es un m\u00f3dulo \u00fatil que le brinda la oportunidad de mostrar las rese\u00f1as sobre su negocio de Trustpilot directamente en su sitio. Con nuestra herramienta, podr\u00e1 aplicar filtros para ocultar los comentarios no deseados, presumir de su calificaci\u00f3n de estrellas y n\u00fameros de Trustpilot, demostrar datos sobre los autores de los comentarios y agregar un llamado a la acci\u00f3n que inspirar\u00e1 a los usuarios a publicar sus rese\u00f1as en Trustpilot. Las rese\u00f1as de Elfsight Trustpilot le ayudar\u00e1n a presumir de su excelente prueba social en el sitio y a generar nuevas ventas. <\/p><p><b>Atraiga nuevas tasas de ventas y aumente la tasa de confianza mostrando comentarios sinceros de Trustpilot en su sitio. <\/b><\/p><\/div><div class=\"application-platform-content-item-features application-platform-content-item\" id=\"features\" data-nav-section=\"features\"><h2>Caracter\u00edsticas<\/h2> <p>Consulta una lista de todas las funciones de Trustpilot Reviews. Puedes gestionarlos directamente en el editor y te ayudar\u00e1n a configurar el m\u00f3dulo m\u00e1s adecuado para tu caso. <\/p><ul><li>Dos escenarios despu\u00e9s de una llamada a la acci\u00f3n denegada: mostrar un mensaje u ocultar el formulario; <\/li><li>Una opci\u00f3n para agregar un mensaje de texto despu\u00e9s del rechazo de la solicitud de revisi\u00f3n, con opciones de formato; <\/li><li>Tres tipos de plantillas de rese\u00f1as: Cl\u00e1sica, Burbuja, Destacada; <\/li><li>6 elementos ajustables de las rese\u00f1as: nombre y foto del autor, recomendaci\u00f3n, fecha, icono de Trustpilot y calificaci\u00f3n de estrellas; <\/li><li>5 elementos de interfaz que se pueden pintar: fondo, texto de revisi\u00f3n, enlaces, bot\u00f3n de solicitud de revisi\u00f3n, calificaci\u00f3n. <\/li><\/ul><p><a href=\"#demo\">Compruebe todas las dem\u00e1s funciones en la demostraci\u00f3n<\/a><\/p><\/div><div class=\"application-platform-content-item-installation application-platform-content-item\" id=\"installation\" data-nav-section=\"installation\"><h2> \u00bfC\u00f3mo puedo insertar rese\u00f1as de Trustpilot en Drupal? <\/h2><p>Simplemente siga estos pasos que se presentan a continuaci\u00f3n para insertar el m\u00f3dulo Rese\u00f1as de Trustpilot en Drupal.<\/p> <ol><li><b>Administre nuestra demostraci\u00f3n gratuita y comience a crear su widget \u00fanico. <\/b><br> Especifique la interfaz y los par\u00e1metros preferibles del m\u00f3dulo y aplique las ediciones. <\/li> <li><b>Reciba el c\u00f3digo individual expuesto en el formulario especial en Elfsight Apps. <\/b><br>Cuando finalice la configuraci\u00f3n de su m\u00f3dulo, copie el c\u00f3digo exclusivo en el cuadro que aparece y gu\u00e1rdelo para usarlo m\u00e1s adelante. <\/li> <li><b>Comience a utilizar el m\u00f3dulo en su sitio Drupal. <\/b><br>Coloca el c\u00f3digo que has copiado recientemente en tu sitio y aplica las modificaciones. <\/li> <li><b>La configuraci\u00f3n se realiz\u00f3 exitosamente. <\/b><br>Vaya a su sitio web para comprobar el funcionamiento del m\u00f3dulo. <\/li><\/ol><p>No lo pienses dos veces en comunicarte con atenci\u00f3n al cliente en caso de que necesites ayuda o tengas preguntas. Estaremos encantados de ayudarle con cada consulta. <\/p><\/div>","protected":false},"excerpt":{"rendered":"","protected":false},"author":9,"featured_media":0,"parent":1788,"menu_order":0,"comment_status":"closed","ping_status":"closed","template":"templates\/template-application-platform.php","meta":{"publish_to_discourse":"","publish_post_category":"","wpdc_auto_publish_overridden":"","wpdc_topic_tags":"","wpdc_pin_topic":"","wpdc_pin_until":"","discourse_post_id":"","discourse_permalink":"","wpdc_publishing_response":"","wpdc_publishing_error":"","footnotes":""},"class_list":["post-17524","page","type-page","status-publish","hentry"],"yoast_head":"<!-- This site is optimized with the Yoast SEO plugin v25.3.1 - https:\/\/yoast.com\/wordpress\/plugins\/seo\/ -->\n<title>La mejor aplicaci\u00f3n de rese\u00f1as de Facebook para el sitio web Wix (2025)<\/title>\n<meta name=\"description\" content=\"Consulta nuestra aplicaci\u00f3n de rese\u00f1as de Facebook para Wix de forma gratuita. \u00a1Dise\u00f1e un widget de Facebook personalizado para su sitio en solo unos minutos!\" \/>\n<meta name=\"robots\" content=\"index, follow, max-snippet:-1, max-image-preview:large, max-video-preview:-1\" \/>\n<link rel=\"canonical\" href=\"https:\/\/elfsight.com\/es\/facebook-reviews-widget\/wix\/\" \/>\n<meta property=\"og:locale\" content=\"es_ES\" \/>\n<meta property=\"og:type\" content=\"article\" \/>\n<meta property=\"og:title\" content=\"La mejor aplicaci\u00f3n de rese\u00f1as de Facebook para el sitio web Wix (2025)\" \/>\n<meta property=\"og:description\" content=\"Consulta nuestra aplicaci\u00f3n de rese\u00f1as de Facebook para Wix de forma gratuita. \u00a1Dise\u00f1e un widget de Facebook personalizado para su sitio en solo unos minutos!\" \/>\n<meta property=\"og:url\" content=\"https:\/\/elfsight.com\/es\/facebook-reviews-widget\/wix\/\" \/>\n<meta property=\"og:site_name\" content=\"Elfsight ES\" \/>\n<meta property=\"article:modified_time\" content=\"2025-02-06T14:51:25+00:00\" \/>\n<meta name=\"twitter:card\" content=\"summary_large_image\" \/>\n<meta name=\"twitter:label1\" content=\"Tiempo de lectura\" \/>\n\t<meta name=\"twitter:data1\" content=\"3 minutos\" \/>\n<!-- \/ Yoast SEO plugin. -->","yoast_head_json":{"title":"La mejor aplicaci\u00f3n de rese\u00f1as de Facebook para el sitio web Wix (2025)","description":"Consulta nuestra aplicaci\u00f3n de rese\u00f1as de Facebook para Wix de forma gratuita. \u00a1Dise\u00f1e un widget de Facebook personalizado para su sitio en solo unos minutos!","robots":{"index":"index","follow":"follow","max-snippet":"max-snippet:-1","max-image-preview":"max-image-preview:large","max-video-preview":"max-video-preview:-1"},"canonical":"https:\/\/elfsight.com\/es\/facebook-reviews-widget\/wix\/","og_locale":"es_ES","og_type":"article","og_title":"La mejor aplicaci\u00f3n de rese\u00f1as de Facebook para el sitio web Wix (2025)","og_description":"Consulta nuestra aplicaci\u00f3n de rese\u00f1as de Facebook para Wix de forma gratuita. \u00a1Dise\u00f1e un widget de Facebook personalizado para su sitio en solo unos minutos!","og_url":"https:\/\/elfsight.com\/es\/facebook-reviews-widget\/wix\/","og_site_name":"Elfsight ES","article_modified_time":"2025-02-06T14:51:25+00:00","twitter_card":"summary_large_image","twitter_misc":{"Tiempo de lectura":"3 minutos"},"schema":{"@context":"https:\/\/schema.org","@graph":[{"@type":"WebPage","@id":"https:\/\/elfsight.com\/es\/facebook-reviews-widget\/wix\/","url":"https:\/\/elfsight.com\/es\/facebook-reviews-widget\/wix\/","name":"La mejor aplicaci\u00f3n de rese\u00f1as de Facebook para el sitio web Wix (2025)","isPartOf":{"@id":"https:\/\/elfsight.com\/es\/#website"},"datePublished":"2024-09-30T18:27:29+00:00","dateModified":"2025-02-06T14:51:25+00:00","description":"Consulta nuestra aplicaci\u00f3n de rese\u00f1as de Facebook para Wix de forma gratuita. \u00a1Dise\u00f1e un widget de Facebook personalizado para su sitio en solo unos minutos!","breadcrumb":{"@id":"https:\/\/elfsight.com\/es\/facebook-reviews-widget\/wix\/#breadcrumb"},"inLanguage":"es","potentialAction":[{"@type":"ReadAction","target":["https:\/\/elfsight.com\/es\/facebook-reviews-widget\/wix\/"]}]},{"@type":"BreadcrumbList","@id":"https:\/\/elfsight.com\/es\/facebook-reviews-widget\/wix\/#breadcrumb","itemListElement":[{"@type":"ListItem","position":1,"name":"Home","item":"https:\/\/elfsight.com\/es\/"},{"@type":"ListItem","position":2,"name":"Facebook Reviews","item":"https:\/\/elfsight.com\/es\/facebook-reviews-widget\/"},{"@type":"ListItem","position":3,"name":"Facebook Reviews &#8211; Wix"}]},{"@type":"WebSite","@id":"https:\/\/elfsight.com\/es\/#website","url":"https:\/\/elfsight.com\/es\/","name":"Elfsight ES","description":"Just another Elfsight Sites site","potentialAction":[{"@type":"SearchAction","target":{"@type":"EntryPoint","urlTemplate":"https:\/\/elfsight.com\/es\/?s={search_term_string}"},"query-input":{"@type":"PropertyValueSpecification","valueRequired":true,"valueName":"search_term_string"}}],"inLanguage":"es"}]}},"meta_box":{"industry":"","seo_heading":"","heading":"","description":"","cta_heading":"","cta_description":"","application":"1787","h1":"Aplicaci\u00f3n Wix Facebook Rese\u00f1as","h1_caption":"Inserta rese\u00f1as de clientes desde tu p\u00e1gina de Facebook directamente en tu sitio web para mejorar la confianza y la prueba social en tu sitio web Wix sin esfuerzo.","application_category":[],"applications_title":"","applications_request_title":"","applications_request_button_text":"","hero_text":"","hero_video":"","hero_video_schema_markup":"","selling_points_title":"","selling_points_caption":"","selling_points":[],"selling_points_cta_text":"","features_title":"","features":"","ed_cta_examples_text":"","ed_cta_examples_hidden":"","ed_cta_demo_text":"","ed_cta_demo_hidden":"","why_caption":"","why_editor_title":"","why_editor_text":"","why_team_title":"","why_team_text":"","why_service_title":"","why_service_text":"","template_catalog_visible":"0","template_catalog_title":"","template_catalog_text":"","template_catalog_categories_visible":"","demo_title":"Crea tu aplicaci\u00f3n de rese\u00f1as de Facebook","demo_caption":"\u00a1Configura tus rese\u00f1as de Facebook y agr\u00e9galas a tu sitio web Wix gratis!","default_faq_hidden":"","app_template_category":[],"platform":"112","template_public_id":"","codecanyon_url":"","codecanyon_item_id":"","codecanyon_price":"","pricing_caption":"","pricing_elfsight_apps_hide_column":"","pricing_elfsight_apps_url":"","pricing_codecanyon_price_caption":"","integration_category":[],"integration_request_title":"","integration_request_cta":"","integration_platform":"","integrations":[],"platform_category":[],"video_schema_markup":"","price":"desde $0 \/ mes","trial":"","benefits":[{"text":"Servicio de instalaci\u00f3n gratuito"},{"text":"Servicio al cliente eficaz"},{"text":"Garant\u00eda de reembolso de 14 d\u00edas"},{"text":"Desarrollo continuo"}],"button_url":"#demo","button_target_blank":"0","button_nofollow":"0","attributes":[{"name":"Instalaciones","content":"1,000 - 5,000"},{"name":"Sensible","content":"S\u00ed"},{"name":"Navegadores compatibles","content":"Opera, Firefox, Safari, Edge, Chrome"}],"tags":[],"tags_disable_links":"0","hide_more_platforms":"","video_object":"","demo_hide_cta":"0","demo_hide_cloud_options":"0","pricing_title":"","pricing":[{"pricing_icon":"platform","pricing_title":"Elfsight Apps","pricing_title_caption":"Soluci\u00f3n multiplataforma","pricing_price":"desde $0 \/ mes","pricing_price_caption":"comienza con el plan gratuito","pricing_benefits":[{"text":"N\u00famero ilimitado de sitios web"},{"text":"Soporte r\u00e1pido y puntual"},{"text":"Asistencia de instalaci\u00f3n gratuita"},{"text":"Totalmente personalizable"}],"pricing_button_text":"A\u00f1adir al sitio web","pricing_button_url":"#demo"}],"related_apps_title":"","related_apps_hidden":"0","author":"","image":[],"title":"","job":"","social_networks":[]},"_links":{"self":[{"href":"https:\/\/elfsight.com\/es\/wp-json\/wp\/v2\/pages\/17524","targetHints":{"allow":["GET"]}}],"collection":[{"href":"https:\/\/elfsight.com\/es\/wp-json\/wp\/v2\/pages"}],"about":[{"href":"https:\/\/elfsight.com\/es\/wp-json\/wp\/v2\/types\/page"}],"author":[{"embeddable":true,"href":"https:\/\/elfsight.com\/es\/wp-json\/wp\/v2\/users\/9"}],"replies":[{"embeddable":true,"href":"https:\/\/elfsight.com\/es\/wp-json\/wp\/v2\/comments?post=17524"}],"version-history":[{"count":3,"href":"https:\/\/elfsight.com\/es\/wp-json\/wp\/v2\/pages\/17524\/revisions"}],"predecessor-version":[{"id":17734,"href":"https:\/\/elfsight.com\/es\/wp-json\/wp\/v2\/pages\/17524\/revisions\/17734"}],"up":[{"embeddable":true,"href":"https:\/\/elfsight.com\/es\/wp-json\/wp\/v2\/pages\/1788"}],"wp:attachment":[{"href":"https:\/\/elfsight.com\/es\/wp-json\/wp\/v2\/media?parent=17524"}],"curies":[{"name":"wp","href":"https:\/\/api.w.org\/{rel}","templated":true}]}}