{"id":17475,"date":"2024-09-30T18:27:29","date_gmt":"2024-09-30T18:27:29","guid":{"rendered":"https:\/\/elfsight.com\/es\/?page_id=17475"},"modified":"2025-02-06T14:52:15","modified_gmt":"2025-02-06T14:52:15","slug":"woocommerce","status":"publish","type":"page","link":"https:\/\/elfsight.com\/es\/facebook-reviews-widget\/woocommerce\/","title":{"rendered":"Facebook Reviews &#8211; Woocommerce"},"content":{"rendered":"<div class=\"application-platform-content-item-description application-platform-content-item\" id=\"description\" data-nav-section=\"description\"><h2>Descripci\u00f3n<\/h2><p>Presume de las opiniones de tus clientes de Facebook en el sitio web utilizando las rese\u00f1as de Facebook de Elfsight y confirma tu confiabilidad. Los usuarios del sitio podr\u00e1n conocer lo que los clientes dicen sobre usted en Facebook en un widget con un dise\u00f1o limpio con detalles aut\u00e9nticos de Facebook. La interfaz responde y presenta calificaci\u00f3n de estrellas, informaci\u00f3n del autor, componentes intercambiables y opciones de dise\u00f1o y plantilla listas para usar. Con las rese\u00f1as de Facebook de Elfsight, puede agregar un bot\u00f3n para publicar una nueva rese\u00f1a y obtener nuevos comentarios.<\/p><p>\u00a1Revele lo que los espectadores publican sobre usted en Facebook y aumente su confiabilidad!<\/p><\/div> <div class=\"application-platform-content-item-features application-platform-content-item\" id=\"features\" data-nav-section=\"features\"><h2>Examine las caracter\u00edsticas fundamentales del widget:<\/h2><ul><li>Incrustar rese\u00f1as de clientes desde la p\u00e1gina de Facebook;<\/li><li>Tres tipos de dise\u00f1o: Lista, Cuadr\u00edcula, y control deslizante;<\/li><li>Ancho y alto ajustables del widget;<\/li><li>Dos escenarios de denegaci\u00f3n de solicitud de revisi\u00f3n: mostrar un mensaje u ocultar el formulario;<\/li><li>T\u00edtulo del widget editable con tama\u00f1o y peso de fuente ajustables.<\/li><\/ul><p><a href=\"#demo\">Explore todas las opciones de personalizaci\u00f3n en una demostraci\u00f3n con todas las funciones<\/a><\/p><\/div>[ application_platform_content_item id=\u00bbinstallation\u00bb]<h2>\u00bfC\u00f3mo incorporo rese\u00f1as de Facebook en mi p\u00e1gina web de WooCommerce?<\/h2><p>Simplemente siga las instrucciones a continuaci\u00f3n para comenzar a usar el widget.<\/p><ol><li> <b>Emplee nuestro editor gratuito y comience a crear su instrumento personalizado.<\/b><br>Busque la forma personalizada y las especificaciones del widget y aplique las modificaciones.<\/li><li><b>Copia tu c\u00f3digo \u00fanico revelado en el cuadro de Elfsight Apps.<\/b><br>Cuando finalice la personalizaci\u00f3n de su herramienta, copie el c\u00f3digo personal en la ventana que aparece y gu\u00e1rdelo para usarlo en el futuro.<\/li><li><b>Comience a utilizarlo de la herramienta en el sitio web de WooCommerce.<\/b><br>Implemente el c\u00f3digo que guard\u00f3 recientemente en su p\u00e1gina y aplique los ajustes.<\/li><li><b>La instalaci\u00f3n se realiz\u00f3 completamente.<\/b> <br>Vaya a su sitio para ver c\u00f3mo funciona la herramienta.<\/li><\/ol><p>En caso de tener consultas o enfrentar algunas complicaciones, no dude en comunicarse con nuestro personal de soporte. Nuestros especialistas estar\u00e1n encantados de resolver todos los problemas que pueda tener con la herramienta.<\/p><div class=\"faq\" data-component=\"FAQ\"> <div class=\"faq-item\">\r\n\t\t\t\t\t<div class=\"faq-item-question\">\r\n\t\t\t\t\t\t<h3 class=\"faq-item-question-text\">\u00bfC\u00f3mo agregar rese\u00f1as de Facebook a mi sitio web WooCommerce sin conocimientos de codificaci\u00f3n?<\/h3>\r\n\r\n\t\t\t\t\t\t<div class=\"faq-item-question-icon\"><\/div>\r\n\t\t\t\t\t<\/div>\r\n\r\n\t\t\t\t\t<div class=\"faq-item-answer\">\r\n\t\t\t\t\t\t<div class=\"faq-item-answer-text\"> <p>Elfsight proporciona una Soluci\u00f3n SaaS que le permite crear un widget de Rese\u00f1as de Facebook usted mismo. Vea lo f\u00e1cil que es el proceso: trabaje directamente en el Editor en l\u00ednea para crear un widget de Rese\u00f1as de Facebook que le gustar\u00eda ver en su sitio web WooCommerce. Elija una de las plantillas predise\u00f1adas y ajuste la configuraci\u00f3n de Rese\u00f1as de Facebook, agregue su contenido, cambie el dise\u00f1o y los colores sin conocimientos de codificaci\u00f3n. Guarde las rese\u00f1as de Facebook y copie su c\u00f3digo de instalaci\u00f3n, que puede incluir f\u00e1cilmente en su sitio web WooCommerce sin comprar una suscripci\u00f3n paga. Con nuestro editor intuitivo, cualquier usuario de Internet puede crear un widget de rese\u00f1as de Facebook en l\u00ednea e incrustarlo f\u00e1cilmente en su sitio web WooCommerce. No es necesario pagar ni ingresar las credenciales de su tarjeta para acceder al servicio. Si tiene alg\u00fan problema en cualquier paso, no dude en ponerse en contacto con nuestro equipo de soporte t\u00e9cnico.<\/p> <\/div>\r\n\t\t\t\t\t<\/div>\r\n\t\t\t\t<\/div> <\/div> [\/application_platform_content_item]","protected":false},"excerpt":{"rendered":"[ application_platform_content_item id=\u00bbinstallation\u00bb]\u00bfC\u00f3mo incorporo rese\u00f1as de Facebook en mi p\u00e1gina web de WooCommerce?Simplemente siga las instrucciones a continuaci\u00f3n para comenzar a usar el widget. Emplee nuestro editor gratuito y comience a crear su instrumento personalizado.Busque la forma personalizada y las especificaciones del widget y aplique las modificaciones.Copia tu c\u00f3digo \u00fanico&#8230;","protected":false},"author":9,"featured_media":0,"parent":1788,"menu_order":0,"comment_status":"closed","ping_status":"closed","template":"templates\/template-application-platform.php","meta":{"publish_to_discourse":"","publish_post_category":"","wpdc_auto_publish_overridden":"","wpdc_topic_tags":"","wpdc_pin_topic":"","wpdc_pin_until":"","discourse_post_id":"","discourse_permalink":"","wpdc_publishing_response":"","wpdc_publishing_error":"","footnotes":""},"class_list":["post-17475","page","type-page","status-publish","hentry"],"yoast_head":"<!-- This site is optimized with the Yoast SEO plugin v25.3.1 - https:\/\/yoast.com\/wordpress\/plugins\/seo\/ -->\n<title>Complemento WooCommerce Facebook Reviews para su sitio web (2025)<\/title>\n<meta name=\"description\" content=\"Puede ajustar el complemento de Rese\u00f1as de Facebook con un par de clics e integrarlo directamente en su sitio web WooCommerce a trav\u00e9s de la demostraci\u00f3n en vivo.\" \/>\n<meta name=\"robots\" content=\"index, follow, max-snippet:-1, max-image-preview:large, max-video-preview:-1\" \/>\n<link rel=\"canonical\" href=\"https:\/\/elfsight.com\/es\/facebook-reviews-widget\/woocommerce\/\" \/>\n<meta property=\"og:locale\" content=\"es_ES\" \/>\n<meta property=\"og:type\" content=\"article\" \/>\n<meta property=\"og:title\" content=\"Complemento WooCommerce Facebook Reviews para su sitio web (2025)\" \/>\n<meta property=\"og:description\" content=\"Puede ajustar el complemento de Rese\u00f1as de Facebook con un par de clics e integrarlo directamente en su sitio web WooCommerce a trav\u00e9s de la demostraci\u00f3n en vivo.\" \/>\n<meta property=\"og:url\" content=\"https:\/\/elfsight.com\/es\/facebook-reviews-widget\/woocommerce\/\" \/>\n<meta property=\"og:site_name\" content=\"Elfsight ES\" \/>\n<meta property=\"article:modified_time\" content=\"2025-02-06T14:52:15+00:00\" \/>\n<meta name=\"twitter:card\" content=\"summary_large_image\" \/>\n<meta name=\"twitter:label1\" content=\"Tiempo de lectura\" \/>\n\t<meta name=\"twitter:data1\" content=\"3 minutos\" \/>\n<!-- \/ Yoast SEO plugin. -->","yoast_head_json":{"title":"Complemento WooCommerce Facebook Reviews para su sitio web (2025)","description":"Puede ajustar el complemento de Rese\u00f1as de Facebook con un par de clics e integrarlo directamente en su sitio web WooCommerce a trav\u00e9s de la demostraci\u00f3n en vivo.","robots":{"index":"index","follow":"follow","max-snippet":"max-snippet:-1","max-image-preview":"max-image-preview:large","max-video-preview":"max-video-preview:-1"},"canonical":"https:\/\/elfsight.com\/es\/facebook-reviews-widget\/woocommerce\/","og_locale":"es_ES","og_type":"article","og_title":"Complemento WooCommerce Facebook Reviews para su sitio web (2025)","og_description":"Puede ajustar el complemento de Rese\u00f1as de Facebook con un par de clics e integrarlo directamente en su sitio web WooCommerce a trav\u00e9s de la demostraci\u00f3n en vivo.","og_url":"https:\/\/elfsight.com\/es\/facebook-reviews-widget\/woocommerce\/","og_site_name":"Elfsight ES","article_modified_time":"2025-02-06T14:52:15+00:00","twitter_card":"summary_large_image","twitter_misc":{"Tiempo de lectura":"3 minutos"},"schema":{"@context":"https:\/\/schema.org","@graph":[{"@type":"WebPage","@id":"https:\/\/elfsight.com\/es\/facebook-reviews-widget\/woocommerce\/","url":"https:\/\/elfsight.com\/es\/facebook-reviews-widget\/woocommerce\/","name":"Complemento WooCommerce Facebook Reviews para su sitio web (2025)","isPartOf":{"@id":"https:\/\/elfsight.com\/es\/#website"},"datePublished":"2024-09-30T18:27:29+00:00","dateModified":"2025-02-06T14:52:15+00:00","description":"Puede ajustar el complemento de Rese\u00f1as de Facebook con un par de clics e integrarlo directamente en su sitio web WooCommerce a trav\u00e9s de la demostraci\u00f3n en vivo.","breadcrumb":{"@id":"https:\/\/elfsight.com\/es\/facebook-reviews-widget\/woocommerce\/#breadcrumb"},"inLanguage":"es","potentialAction":[{"@type":"ReadAction","target":["https:\/\/elfsight.com\/es\/facebook-reviews-widget\/woocommerce\/"]}]},{"@type":"BreadcrumbList","@id":"https:\/\/elfsight.com\/es\/facebook-reviews-widget\/woocommerce\/#breadcrumb","itemListElement":[{"@type":"ListItem","position":1,"name":"Home","item":"https:\/\/elfsight.com\/es\/"},{"@type":"ListItem","position":2,"name":"Facebook Reviews","item":"https:\/\/elfsight.com\/es\/facebook-reviews-widget\/"},{"@type":"ListItem","position":3,"name":"Facebook Reviews &#8211; Woocommerce"}]},{"@type":"WebSite","@id":"https:\/\/elfsight.com\/es\/#website","url":"https:\/\/elfsight.com\/es\/","name":"Elfsight ES","description":"Just another Elfsight Sites site","potentialAction":[{"@type":"SearchAction","target":{"@type":"EntryPoint","urlTemplate":"https:\/\/elfsight.com\/es\/?s={search_term_string}"},"query-input":{"@type":"PropertyValueSpecification","valueRequired":true,"valueName":"search_term_string"}}],"inLanguage":"es"}]}},"meta_box":{"industry":"","seo_heading":"","heading":"","description":"","cta_heading":"","cta_description":"","application":"1787","h1":"Complemento de rese\u00f1as de Facebook de WooCommerce","h1_caption":"Inserte rese\u00f1as de clientes desde su p\u00e1gina de Facebook directamente en su sitio web para mejorar la confianza y la prueba social en su sitio web WooCommerce sin esfuerzo.","application_category":[],"applications_title":"","applications_request_title":"","applications_request_button_text":"","hero_text":"","hero_video":"","hero_video_schema_markup":"","selling_points_title":"","selling_points_caption":"","selling_points":[],"selling_points_cta_text":"","features_title":"","features":"","ed_cta_examples_text":"","ed_cta_examples_hidden":"","ed_cta_demo_text":"","ed_cta_demo_hidden":"","why_caption":"","why_editor_title":"","why_editor_text":"","why_team_title":"","why_team_text":"","why_service_title":"","why_service_text":"","template_catalog_visible":"0","template_catalog_title":"","template_catalog_text":"","template_catalog_categories_visible":"","demo_title":"Crea tu aplicaci\u00f3n de rese\u00f1as de Facebook","demo_caption":"\u00a1Configure sus rese\u00f1as de Facebook y agr\u00e9guelas a su sitio web WooCommerce de forma gratuita!","default_faq_hidden":"","app_template_category":[],"platform":"2311","template_public_id":"","codecanyon_url":"","codecanyon_item_id":"","codecanyon_price":"","pricing_caption":"","pricing_elfsight_apps_hide_column":"","pricing_elfsight_apps_url":"","pricing_codecanyon_price_caption":"","integration_category":[],"integration_request_title":"","integration_request_cta":"","integration_platform":"","integrations":[],"platform_category":[],"video_schema_markup":"","price":"desde $0 \/ mes","trial":"","benefits":[{"text":"Atenci\u00f3n al cliente experimentada"},{"text":"Soporte premium"},{"text":"Garant\u00eda de devoluci\u00f3n de dinero de 14 d\u00edas"},{"text":"Actualizaciones gratuitas continuas"}],"button_url":"#demo","button_target_blank":"0","button_nofollow":"0","attributes":[{"name":"Instalaciones","content":"1,000 - 5,000"},{"name":"Sensible","content":"S\u00ed"},{"name":"Navegadores compatibles","content":"Firefox, Safari, Opera, Chrome, Edge"}],"tags":[],"tags_disable_links":"0","hide_more_platforms":"","video_object":"","demo_hide_cta":"0","demo_hide_cloud_options":"0","pricing_title":"","pricing":[{"pricing_icon":"platform","pricing_title":"Elfsight Apps","pricing_title_caption":"Soluci\u00f3n digital multiplataforma que funciona en cualquier sitio web","pricing_price":"desde $0 \/ mes","pricing_price_caption":"comienza con un plan gratuito","pricing_benefits":[{"text":"Sitios web ilimitados"},{"text":"Soporte premium, puntual y bien documentado."},{"text":"Soporte de instalaci\u00f3n gratuito"},{"text":"Dise\u00f1o flexible"}],"pricing_button_text":"A\u00f1adir al sitio web","pricing_button_url":"#demo"}],"related_apps_title":"","related_apps_hidden":"0","author":"","image":[],"title":"","job":"","social_networks":[]},"_links":{"self":[{"href":"https:\/\/elfsight.com\/es\/wp-json\/wp\/v2\/pages\/17475","targetHints":{"allow":["GET"]}}],"collection":[{"href":"https:\/\/elfsight.com\/es\/wp-json\/wp\/v2\/pages"}],"about":[{"href":"https:\/\/elfsight.com\/es\/wp-json\/wp\/v2\/types\/page"}],"author":[{"embeddable":true,"href":"https:\/\/elfsight.com\/es\/wp-json\/wp\/v2\/users\/9"}],"replies":[{"embeddable":true,"href":"https:\/\/elfsight.com\/es\/wp-json\/wp\/v2\/comments?post=17475"}],"version-history":[{"count":2,"href":"https:\/\/elfsight.com\/es\/wp-json\/wp\/v2\/pages\/17475\/revisions"}],"predecessor-version":[{"id":17735,"href":"https:\/\/elfsight.com\/es\/wp-json\/wp\/v2\/pages\/17475\/revisions\/17735"}],"up":[{"embeddable":true,"href":"https:\/\/elfsight.com\/es\/wp-json\/wp\/v2\/pages\/1788"}],"wp:attachment":[{"href":"https:\/\/elfsight.com\/es\/wp-json\/wp\/v2\/media?parent=17475"}],"curies":[{"name":"wp","href":"https:\/\/api.w.org\/{rel}","templated":true}]}}