{"id":17403,"date":"2024-09-30T18:27:29","date_gmt":"2024-09-30T18:27:29","guid":{"rendered":"https:\/\/elfsight.com\/es\/?page_id=17403"},"modified":"2025-02-06T14:53:33","modified_gmt":"2025-02-06T14:53:33","slug":"drupal","status":"publish","type":"page","link":"https:\/\/elfsight.com\/es\/store-locator-widget\/drupal\/","title":{"rendered":"Store Locator &#8211;  Drupal"},"content":{"rendered":"<div class=\"application-platform-content-item-description application-platform-content-item\" id=\"description\" data-nav-section=\"description\"> <h2>Integre el localizador de tiendas en Drupal con un m\u00f3dulo de Elfsight<\/h2> <p>El localizador de tiendas de Elfsight para Drupal es un widget din\u00e1mico y personalizable dise\u00f1ado para mejorar la usabilidad de su sitio web y la satisfacci\u00f3n del cliente haciendo que sea m\u00e1s f\u00e1cil que nunca para sus clientes visitar su direcci\u00f3n comercial. Con un conjunto de funciones \u00fatiles introducidas para brindar utilidad y rendimiento, este widget es la soluci\u00f3n perfecta para anunciar las ubicaciones f\u00edsicas de su empresa de una manera comprensible y conveniente. \u00a1A\u00f1\u00e1delo ahora y observa c\u00f3mo transforma tu sitio web en un \u00fatil buscador de tiendas!<\/p> <p>Al incorporar el widget, aumentar\u00e1s tu confiabilidad entre los visitantes al proporcionar informaci\u00f3n detallada sobre las ubicaciones f\u00edsicas de tu negocio, asegurando a todos sobre tu negocio establecido. presencia. Esto resultar\u00e1 en una toma de decisiones m\u00e1s r\u00e1pida y una s\u00f3lida experiencia de compra entre los clientes. <\/p><p><b>Integre el extraordinario buscador de tiendas para presentar su ubicaci\u00f3n y datos importantes de la empresa. Muestra tu direcci\u00f3n real y la informaci\u00f3n requerida para recibir m\u00e1s clientes en la tienda. <\/b><\/p> <\/div> <div class=\"application-platform-content-item-features application-platform-content-item\" id=\"features\" data-nav-section=\"features\"> <h2>Estas son las caracter\u00edsticas b\u00e1sicas del widget:<\/h2> <ul><li>Selecci\u00f3n din\u00e1mica de direcci\u00f3n<\/li><li>Caracter\u00edsticas intuitivas del mapa<\/li><li>Botones de acci\u00f3n de ubicaci\u00f3n habilitados con integraciones <\/li><li>Ventana emergente de ubicaci\u00f3n sencilla al hacer clic en el marcador<\/li><li>Horario comercial de la ubicaci\u00f3n &amp; estado de actividad<\/li><\/ul><p><a href=\"#demo\">Pruebe todas las funciones de personalizaci\u00f3n en una demostraci\u00f3n 100% funcional<\/a><\/p> <\/div> <div class=\"application-platform-content-item-instalaci\u00f3n  application-platform-content-item\" id=\"instalaci\u00f3n \" data-nav-section=\"instalaci\u00f3n \"> <h2>\u00bfC\u00f3mo integrar Store Locator en mi sitio Drupal?<\/h2> <p>Simplemente siga las instrucciones a continuaci\u00f3n para incrustar el widget. <\/p> <ol><li><b>Administre nuestra demostraci\u00f3n gratuita y comience a crear su complemento \u00fanico. <\/b><br> Especifique la forma adecuada y las caracter\u00edsticas funcionales de la herramienta y guarde las modificaciones. <\/li> <li><b>Adquiera el c\u00f3digo individual que aparece en la ventana de Elfsight Apps. <\/b><br> Una vez finalizada la creaci\u00f3n de su complemento, copie el c\u00f3digo exclusivo en el cuadro que aparece y gu\u00e1rdelo para usarlo m\u00e1s adelante. <\/li> <li><b>Comenzar a aplicar la herramienta en el sitio Drupal. <\/b><br> Introduce el c\u00f3digo que has guardado recientemente en tu p\u00e1gina web y aplica las mejoras. <\/li> <li><b>La instalaci\u00f3n se realiz\u00f3 correctamente. <\/b><br>Visita su p\u00e1gina para comprobar c\u00f3mo funciona el widget. <\/li><\/ol> <p>En caso de que tenga alg\u00fan problema, no tema apelar a nuestro equipo de soporte. Nuestros consultores est\u00e1n deseando resolver todas las dificultades que puedas tener con la herramienta. <\/p><\/div>","protected":false},"excerpt":{"rendered":"","protected":false},"author":9,"featured_media":0,"parent":17029,"menu_order":0,"comment_status":"closed","ping_status":"closed","template":"templates\/template-application-platform.php","meta":{"publish_to_discourse":"","publish_post_category":"","wpdc_auto_publish_overridden":"","wpdc_topic_tags":"","wpdc_pin_topic":"","wpdc_pin_until":"","discourse_post_id":"","discourse_permalink":"","wpdc_publishing_response":"","wpdc_publishing_error":"","footnotes":""},"class_list":["post-17403","page","type-page","status-publish","hentry"],"yoast_head":"<!-- This site is optimized with the Yoast SEO plugin v25.3.1 - https:\/\/yoast.com\/wordpress\/plugins\/seo\/ -->\n<title>Incrustar el localizador de tiendas Drupal: agregue su ubicaci\u00f3n para los clientes<\/title>\n<meta name=\"description\" content=\"Agregue Store Locator a sus p\u00e1ginas Drupal para aumentar las conversiones. Pruebe la demostraci\u00f3n clara de Elfsight para formar el widget en solo unos minutos.\" \/>\n<meta name=\"robots\" content=\"index, follow, max-snippet:-1, max-image-preview:large, max-video-preview:-1\" \/>\n<link rel=\"canonical\" href=\"https:\/\/elfsight.com\/es\/store-locator-widget\/drupal\/\" \/>\n<meta property=\"og:locale\" content=\"es_ES\" \/>\n<meta property=\"og:type\" content=\"article\" \/>\n<meta property=\"og:title\" content=\"Incrustar el localizador de tiendas Drupal: agregue su ubicaci\u00f3n para los clientes\" \/>\n<meta property=\"og:description\" content=\"Agregue Store Locator a sus p\u00e1ginas Drupal para aumentar las conversiones. Pruebe la demostraci\u00f3n clara de Elfsight para formar el widget en solo unos minutos.\" \/>\n<meta property=\"og:url\" content=\"https:\/\/elfsight.com\/es\/store-locator-widget\/drupal\/\" \/>\n<meta property=\"og:site_name\" content=\"Elfsight ES\" \/>\n<meta property=\"article:modified_time\" content=\"2025-02-06T14:53:33+00:00\" \/>\n<meta name=\"twitter:card\" content=\"summary_large_image\" \/>\n<meta name=\"twitter:label1\" content=\"Tiempo de lectura\" \/>\n\t<meta name=\"twitter:data1\" content=\"2 minutos\" \/>\n<!-- \/ Yoast SEO plugin. -->","yoast_head_json":{"title":"Incrustar el localizador de tiendas Drupal: agregue su ubicaci\u00f3n para los clientes","description":"Agregue Store Locator a sus p\u00e1ginas Drupal para aumentar las conversiones. Pruebe la demostraci\u00f3n clara de Elfsight para formar el widget en solo unos minutos.","robots":{"index":"index","follow":"follow","max-snippet":"max-snippet:-1","max-image-preview":"max-image-preview:large","max-video-preview":"max-video-preview:-1"},"canonical":"https:\/\/elfsight.com\/es\/store-locator-widget\/drupal\/","og_locale":"es_ES","og_type":"article","og_title":"Incrustar el localizador de tiendas Drupal: agregue su ubicaci\u00f3n para los clientes","og_description":"Agregue Store Locator a sus p\u00e1ginas Drupal para aumentar las conversiones. Pruebe la demostraci\u00f3n clara de Elfsight para formar el widget en solo unos minutos.","og_url":"https:\/\/elfsight.com\/es\/store-locator-widget\/drupal\/","og_site_name":"Elfsight ES","article_modified_time":"2025-02-06T14:53:33+00:00","twitter_card":"summary_large_image","twitter_misc":{"Tiempo de lectura":"2 minutos"},"schema":{"@context":"https:\/\/schema.org","@graph":[{"@type":"WebPage","@id":"https:\/\/elfsight.com\/es\/store-locator-widget\/drupal\/","url":"https:\/\/elfsight.com\/es\/store-locator-widget\/drupal\/","name":"Incrustar el localizador de tiendas Drupal: agregue su ubicaci\u00f3n para los clientes","isPartOf":{"@id":"https:\/\/elfsight.com\/es\/#website"},"datePublished":"2024-09-30T18:27:29+00:00","dateModified":"2025-02-06T14:53:33+00:00","description":"Agregue Store Locator a sus p\u00e1ginas Drupal para aumentar las conversiones. Pruebe la demostraci\u00f3n clara de Elfsight para formar el widget en solo unos minutos.","breadcrumb":{"@id":"https:\/\/elfsight.com\/es\/store-locator-widget\/drupal\/#breadcrumb"},"inLanguage":"es","potentialAction":[{"@type":"ReadAction","target":["https:\/\/elfsight.com\/es\/store-locator-widget\/drupal\/"]}]},{"@type":"BreadcrumbList","@id":"https:\/\/elfsight.com\/es\/store-locator-widget\/drupal\/#breadcrumb","itemListElement":[{"@type":"ListItem","position":1,"name":"Home","item":"https:\/\/elfsight.com\/es\/"},{"@type":"ListItem","position":2,"name":"Store Locator","item":"https:\/\/elfsight.com\/es\/store-locator-widget\/"},{"@type":"ListItem","position":3,"name":"Store Locator &#8211; Drupal"}]},{"@type":"WebSite","@id":"https:\/\/elfsight.com\/es\/#website","url":"https:\/\/elfsight.com\/es\/","name":"Elfsight ES","description":"Just another Elfsight Sites site","potentialAction":[{"@type":"SearchAction","target":{"@type":"EntryPoint","urlTemplate":"https:\/\/elfsight.com\/es\/?s={search_term_string}"},"query-input":{"@type":"PropertyValueSpecification","valueRequired":true,"valueName":"search_term_string"}}],"inLanguage":"es"}]}},"meta_box":{"industry":"","seo_heading":"","heading":"","description":"","cta_heading":"","cta_description":"","application":"5118","h1":"M\u00f3dulo localizador de tiendas Drupal","h1_caption":"Muestre un mapa con m\u00faltiples ubicaciones de tiendas para ayudar a sus clientes a encontrar la ubicaci\u00f3n m\u00e1s cercana en su sitio web Drupal sin esfuerzo.","application_category":[],"applications_title":"","applications_request_title":"","applications_request_button_text":"","hero_text":"","hero_video":"","hero_video_schema_markup":"","selling_points_title":"","selling_points_caption":"","selling_points":[],"selling_points_cta_text":"","features_title":"","features":"","ed_cta_examples_text":"","ed_cta_examples_hidden":"","ed_cta_demo_text":"","ed_cta_demo_hidden":"","why_caption":"","why_editor_title":"","why_editor_text":"","why_team_title":"","why_team_text":"","why_service_title":"","why_service_text":"","template_catalog_visible":"0","template_catalog_title":"","template_catalog_text":"","template_catalog_categories_visible":"","demo_title":"Crea tu m\u00f3dulo Localizador de tiendas","demo_caption":"\u00a1Configura tu localizador de tiendas y agr\u00e9galo a tu sitio web Drupal gratis!","default_faq_hidden":"","app_template_category":[],"platform":"2161","template_public_id":"","codecanyon_url":"","codecanyon_item_id":"","codecanyon_price":"","pricing_caption":"","pricing_elfsight_apps_hide_column":"","pricing_elfsight_apps_url":"","pricing_codecanyon_price_caption":"","integration_category":[],"integration_request_title":"","integration_request_cta":"","integration_platform":"","integrations":[],"platform_category":[],"video_schema_markup":"","price":"desde $0 \/ mes","trial":"","benefits":[{"text":"Asistencia de instalaci\u00f3n gratuita"},{"text":"Soporte premium"},{"text":"Garant\u00eda de reembolso de 14 d\u00edas"},{"text":"Actualizaciones gratuitas de por vida"}],"button_url":"#demo","button_target_blank":"0","button_nofollow":"0","attributes":[{"name":"Instalar","content":"50,000 - 100,000"},{"name":"Sensible","content":"S\u00ed"},{"name":"Navegadores compatibles","content":"Firefox, Safari, Opera, Chrome, Edge"}],"tags":[],"tags_disable_links":"0","hide_more_platforms":"","video_object":"","demo_hide_cta":"0","demo_hide_cloud_options":"0","pricing_title":"","pricing":[{"pricing_icon":"platform","pricing_title":"Elfsight Apps","pricing_title_caption":"Software independiente de la plataforma que funciona en cualquier sitio","pricing_price":"desde $0 \/ mes","pricing_price_caption":"comienza con un plan gratuito","pricing_benefits":[{"text":"Dominios ilimitados"},{"text":"Soporte empresarial premium"},{"text":"Asistencia de instalaci\u00f3n gratuita"},{"text":"Dise\u00f1o flexible"}],"pricing_button_text":"A\u00f1adir al sitio web","pricing_button_url":"#demo"}],"related_apps_title":"","related_apps_hidden":"0","author":"","image":[],"title":"","job":"","social_networks":[]},"_links":{"self":[{"href":"https:\/\/elfsight.com\/es\/wp-json\/wp\/v2\/pages\/17403","targetHints":{"allow":["GET"]}}],"collection":[{"href":"https:\/\/elfsight.com\/es\/wp-json\/wp\/v2\/pages"}],"about":[{"href":"https:\/\/elfsight.com\/es\/wp-json\/wp\/v2\/types\/page"}],"author":[{"embeddable":true,"href":"https:\/\/elfsight.com\/es\/wp-json\/wp\/v2\/users\/9"}],"replies":[{"embeddable":true,"href":"https:\/\/elfsight.com\/es\/wp-json\/wp\/v2\/comments?post=17403"}],"version-history":[{"count":2,"href":"https:\/\/elfsight.com\/es\/wp-json\/wp\/v2\/pages\/17403\/revisions"}],"predecessor-version":[{"id":17736,"href":"https:\/\/elfsight.com\/es\/wp-json\/wp\/v2\/pages\/17403\/revisions\/17736"}],"up":[{"embeddable":true,"href":"https:\/\/elfsight.com\/es\/wp-json\/wp\/v2\/pages\/17029"}],"wp:attachment":[{"href":"https:\/\/elfsight.com\/es\/wp-json\/wp\/v2\/media?parent=17403"}],"curies":[{"name":"wp","href":"https:\/\/api.w.org\/{rel}","templated":true}]}}