{"id":17397,"date":"2024-09-30T18:27:29","date_gmt":"2024-09-30T18:27:29","guid":{"rendered":"https:\/\/elfsight.com\/es\/?page_id=17397"},"modified":"2025-02-06T14:53:33","modified_gmt":"2025-02-06T14:53:33","slug":"squarespace","status":"publish","type":"page","link":"https:\/\/elfsight.com\/es\/calculator-form-widget\/squarespace\/","title":{"rendered":"calculator  squarespace"},"content":{"rendered":"<div class=\"application-platform-content-item-description application-platform-content-item\" id=\"description\" data-nav-section=\"description\"> <h2>Integre la Calculadora en Squarespace con un complemento de Elfsight<\/h2> <p>El widget Calculadora brinda a los usuarios de su sitio web la oportunidad de planificar sus gastos , rutas de viaje, proporciones de cocina y mucho m\u00e1s relacionado con su \u00e1rea de negocio. Se pueden incorporar campos espec\u00edficos y opciones adicionales en este widget en la p\u00e1gina, para que los visitantes puedan inspeccionar sus beneficios sin salir de la pesta\u00f1a. La funci\u00f3n de l\u00f3gica condicional le permite crear patrones universales para cualquier escenario y cada usuario.<\/p><p>Los elementos personalizables como casillas de verificaci\u00f3n, controles deslizantes y men\u00fas desplegables le permiten incluir cualquier patr\u00f3n de precios para ciertos productos. Por ejemplo, se pueden calcular los pr\u00e9stamos a un porcentaje determinado durante un per\u00edodo de tiempo razonable. Puede ofrecer un alquiler de autom\u00f3viles con numerosas opciones adicionales para elegir. Asimismo, la calculadora es capaz de proyectar el viaje de sus sue\u00f1os siempre que se cuenten el traslado, el alojamiento y las mejores actividades. <\/p><p><b>\u00a1Permita que sus visitantes tengan una s\u00f3lida experiencia de c\u00e1lculo incorporando el sencillo widget de conteo! <\/b><\/p> <\/div><div class=\"application-platform-content-item-features application-platform-content-item\" id=\"features\" data-nav-section=\"features\"> <h2>Las funciones b\u00e1sicas del widget contienen<\/h2> <ul><li>Herramienta con una interfaz sencilla que funciona con cualquier tipo de conteo<\/li><li>M\u00faltiples soluciones de campo de operaci\u00f3n para diversos objetivos<\/li><li>L\u00f3gica condicional para permitir un conteo incluso detallado<\/li><li>Plantillas ajustables para comenzar f\u00e1cilmente<\/li><li>Herramienta integrada que inspira la toma de decisiones<\/li><\/ul><p><a href=\"#demo\">Pruebe todas las opciones de personalizaci\u00f3n en una demostraci\u00f3n completamente funcional<\/a><\/p><\/div> <div class=\"application-platform-content-item-installation application-platform-content-item\" id=\"installation\" data-nav-section=\"installation\"> <h2>\u00bfC\u00f3mo integro Calculator en mi p\u00e1gina web de Squarespace?<\/h2><p>Simplemente siga los pasos que se describen a continuaci\u00f3n para comenzar a trabajar con widget.<\/p> <ol><li><b>Administra nuestro configurador gratuito y comienza a crear tu widget personalizado. <\/b><br> Elija la apariencia personalizada y los par\u00e1metros del complemento y guarde las ediciones. <\/li> <li><b>Reciba su c\u00f3digo \u00fanico expuesto en el cuadro de Elfsight Apps. <\/b><br> Una vez realizado el establecimiento de su complemento personal, copie el c\u00f3digo individual en el cuadro que aparece y gu\u00e1rdelo para ocasiones posteriores. <\/li> <li><b>Comienza a aplicar el widget en tu sitio de Squarespace. <\/b><br>Integre el c\u00f3digo guardado recientemente en su p\u00e1gina y aplique las mejoras. <\/li> <li><b>La instalaci\u00f3n est\u00e1 completamente realizada. <\/b><br>Vaya a su p\u00e1gina para inspeccionar el funcionamiento de la herramienta. <\/li><\/ol> <p>Si tiene alguna pregunta o se encuentra con alguna dificultad, no dude en comunicarse con nuestro personal de soporte. Nuestros consultores estar\u00e1n encantados de resolver todos los problemas que pueda tener con el widget. <\/p> <\/div>","protected":false},"excerpt":{"rendered":"","protected":false},"author":9,"featured_media":0,"parent":16205,"menu_order":0,"comment_status":"closed","ping_status":"closed","template":"templates\/template-application-platform.php","meta":{"publish_to_discourse":"","publish_post_category":"","wpdc_auto_publish_overridden":"","wpdc_topic_tags":"","wpdc_pin_topic":"","wpdc_pin_until":"","discourse_post_id":"","discourse_permalink":"","wpdc_publishing_response":"","wpdc_publishing_error":"","footnotes":""},"class_list":["post-17397","page","type-page","status-publish","hentry"],"yoast_head":"<!-- This site is optimized with the Yoast SEO plugin v25.3.1 - https:\/\/yoast.com\/wordpress\/plugins\/seo\/ -->\n<title>Calculadora de Squarespace: crea una calculadora para tu sitio web de Squarespace<\/title>\n<meta name=\"description\" content=\"Cree una calculadora en l\u00ednea para Squarespace para dominar incluso c\u00e1lculos detallados en el sitio web. Utilice un sencillo generador de calculadoras de Squarespace.\" \/>\n<meta name=\"robots\" content=\"index, follow, max-snippet:-1, max-image-preview:large, max-video-preview:-1\" \/>\n<link rel=\"canonical\" href=\"https:\/\/elfsight.com\/es\/calculator-form-widget\/squarespace\/\" \/>\n<meta property=\"og:locale\" content=\"es_ES\" \/>\n<meta property=\"og:type\" content=\"article\" \/>\n<meta property=\"og:title\" content=\"Calculadora de Squarespace: crea una calculadora para tu sitio web de Squarespace\" \/>\n<meta property=\"og:description\" content=\"Cree una calculadora en l\u00ednea para Squarespace para dominar incluso c\u00e1lculos detallados en el sitio web. Utilice un sencillo generador de calculadoras de Squarespace.\" \/>\n<meta property=\"og:url\" content=\"https:\/\/elfsight.com\/es\/calculator-form-widget\/squarespace\/\" \/>\n<meta property=\"og:site_name\" content=\"Elfsight ES\" \/>\n<meta property=\"article:modified_time\" content=\"2025-02-06T14:53:33+00:00\" \/>\n<meta name=\"twitter:card\" content=\"summary_large_image\" \/>\n<meta name=\"twitter:label1\" content=\"Tiempo de lectura\" \/>\n\t<meta name=\"twitter:data1\" content=\"2 minutos\" \/>\n<!-- \/ Yoast SEO plugin. -->","yoast_head_json":{"title":"Calculadora de Squarespace: crea una calculadora para tu sitio web de Squarespace","description":"Cree una calculadora en l\u00ednea para Squarespace para dominar incluso c\u00e1lculos detallados en el sitio web. Utilice un sencillo generador de calculadoras de Squarespace.","robots":{"index":"index","follow":"follow","max-snippet":"max-snippet:-1","max-image-preview":"max-image-preview:large","max-video-preview":"max-video-preview:-1"},"canonical":"https:\/\/elfsight.com\/es\/calculator-form-widget\/squarespace\/","og_locale":"es_ES","og_type":"article","og_title":"Calculadora de Squarespace: crea una calculadora para tu sitio web de Squarespace","og_description":"Cree una calculadora en l\u00ednea para Squarespace para dominar incluso c\u00e1lculos detallados en el sitio web. Utilice un sencillo generador de calculadoras de Squarespace.","og_url":"https:\/\/elfsight.com\/es\/calculator-form-widget\/squarespace\/","og_site_name":"Elfsight ES","article_modified_time":"2025-02-06T14:53:33+00:00","twitter_card":"summary_large_image","twitter_misc":{"Tiempo de lectura":"2 minutos"},"schema":{"@context":"https:\/\/schema.org","@graph":[{"@type":"WebPage","@id":"https:\/\/elfsight.com\/es\/calculator-form-widget\/squarespace\/","url":"https:\/\/elfsight.com\/es\/calculator-form-widget\/squarespace\/","name":"Calculadora de Squarespace: crea una calculadora para tu sitio web de Squarespace","isPartOf":{"@id":"https:\/\/elfsight.com\/es\/#website"},"datePublished":"2024-09-30T18:27:29+00:00","dateModified":"2025-02-06T14:53:33+00:00","description":"Cree una calculadora en l\u00ednea para Squarespace para dominar incluso c\u00e1lculos detallados en el sitio web. Utilice un sencillo generador de calculadoras de Squarespace.","breadcrumb":{"@id":"https:\/\/elfsight.com\/es\/calculator-form-widget\/squarespace\/#breadcrumb"},"inLanguage":"es","potentialAction":[{"@type":"ReadAction","target":["https:\/\/elfsight.com\/es\/calculator-form-widget\/squarespace\/"]}]},{"@type":"BreadcrumbList","@id":"https:\/\/elfsight.com\/es\/calculator-form-widget\/squarespace\/#breadcrumb","itemListElement":[{"@type":"ListItem","position":1,"name":"Home","item":"https:\/\/elfsight.com\/es\/"},{"@type":"ListItem","position":2,"name":"Calculator","item":"https:\/\/elfsight.com\/es\/calculator-form-widget\/"},{"@type":"ListItem","position":3,"name":"calculator squarespace"}]},{"@type":"WebSite","@id":"https:\/\/elfsight.com\/es\/#website","url":"https:\/\/elfsight.com\/es\/","name":"Elfsight ES","description":"Just another Elfsight Sites site","potentialAction":[{"@type":"SearchAction","target":{"@type":"EntryPoint","urlTemplate":"https:\/\/elfsight.com\/es\/?s={search_term_string}"},"query-input":{"@type":"PropertyValueSpecification","valueRequired":true,"valueName":"search_term_string"}}],"inLanguage":"es"}]}},"meta_box":{"industry":"","seo_heading":"","heading":"","description":"","cta_heading":"","cta_description":"","application":"16184","h1":"Calculadora de espacio cuadrado","h1_caption":"Proporcione una calculadora personalizada para sus visitantes, ofreciendo soluciones r\u00e1pidas para cosas como precios, descuentos o c\u00e1lculos de retorno de la inversi\u00f3n en su sitio web de Squarespace sin esfuerzo.","application_category":[],"applications_title":"","applications_request_title":"","applications_request_button_text":"","hero_text":"","hero_video":"","hero_video_schema_markup":"","selling_points_title":"","selling_points_caption":"","selling_points":[],"selling_points_cta_text":"","features_title":"","features":"","ed_cta_examples_text":"","ed_cta_examples_hidden":"","ed_cta_demo_text":"","ed_cta_demo_hidden":"","why_caption":"","why_editor_title":"","why_editor_text":"","why_team_title":"","why_team_text":"","why_service_title":"","why_service_text":"","template_catalog_visible":"","template_catalog_title":"","template_catalog_text":"","template_catalog_categories_visible":"","demo_title":"Crea tu complemento de Calculadora","demo_caption":"\u00a1Configura tu Calculadora y agr\u00e9gala a tu sitio web de Squarespace gratis!","default_faq_hidden":"","app_template_category":[],"platform":"100","template_public_id":"","codecanyon_url":"","codecanyon_item_id":"","codecanyon_price":"","pricing_caption":"","pricing_elfsight_apps_hide_column":"","pricing_elfsight_apps_url":"","pricing_codecanyon_price_caption":"","integration_category":[],"integration_request_title":"","integration_request_cta":"","integration_platform":"","integrations":[],"platform_category":[],"video_schema_markup":"","price":"desde $0 \/ mes","trial":"","benefits":[{"text":"Servicio de instalaci\u00f3n gratuito"},{"text":"Servicio al cliente profesional"},{"text":"Garant\u00eda de devoluci\u00f3n de dinero de 14 d\u00edas"},{"text":"Actualizando constantemente"}],"button_url":"#demo","button_target_blank":"","button_nofollow":"","attributes":[{"name":"Instalar","content":"50,000 - 100,000"},{"name":"Sensible","content":"S\u00ed"},{"name":"Navegadores compatibles","content":"Firefox, Safari, Opera, Chrome, Edge"}],"tags":[],"tags_disable_links":"","hide_more_platforms":"","video_object":"","demo_hide_cta":"","demo_hide_cloud_options":"","pricing_title":"","pricing":[{"pricing_icon":"platform","pricing_title":"Elfsight Apps","pricing_title_caption":"Soluci\u00f3n digital multiplataforma","pricing_price":"desde $0 \/ mes","pricing_price_caption":"comienza con un plan gratuito","pricing_benefits":[{"text":"Sitios web ilimitados"},{"text":"Atenci\u00f3n al cliente 24 horas al d\u00eda, 7 d\u00edas a la semana y bien documentada."},{"text":"Soporte de instalaci\u00f3n gratuito"},{"text":"Dise\u00f1o flexible"}],"pricing_button_text":"A\u00f1adir al sitio web","pricing_button_url":"#demo"}],"related_apps_title":"","related_apps_hidden":"","author":"","image":[],"title":"","job":"","social_networks":[]},"_links":{"self":[{"href":"https:\/\/elfsight.com\/es\/wp-json\/wp\/v2\/pages\/17397","targetHints":{"allow":["GET"]}}],"collection":[{"href":"https:\/\/elfsight.com\/es\/wp-json\/wp\/v2\/pages"}],"about":[{"href":"https:\/\/elfsight.com\/es\/wp-json\/wp\/v2\/types\/page"}],"author":[{"embeddable":true,"href":"https:\/\/elfsight.com\/es\/wp-json\/wp\/v2\/users\/9"}],"replies":[{"embeddable":true,"href":"https:\/\/elfsight.com\/es\/wp-json\/wp\/v2\/comments?post=17397"}],"version-history":[{"count":1,"href":"https:\/\/elfsight.com\/es\/wp-json\/wp\/v2\/pages\/17397\/revisions"}],"predecessor-version":[{"id":17401,"href":"https:\/\/elfsight.com\/es\/wp-json\/wp\/v2\/pages\/17397\/revisions\/17401"}],"up":[{"embeddable":true,"href":"https:\/\/elfsight.com\/es\/wp-json\/wp\/v2\/pages\/16205"}],"wp:attachment":[{"href":"https:\/\/elfsight.com\/es\/wp-json\/wp\/v2\/media?parent=17397"}],"curies":[{"name":"wp","href":"https:\/\/api.w.org\/{rel}","templated":true}]}}