{"id":17396,"date":"2024-09-30T18:27:29","date_gmt":"2024-09-30T18:27:29","guid":{"rendered":"https:\/\/elfsight.com\/es\/?page_id=17396"},"modified":"2025-02-06T14:53:41","modified_gmt":"2025-02-06T14:53:41","slug":"wix","status":"publish","type":"page","link":"https:\/\/elfsight.com\/es\/calculator-form-widget\/wix\/","title":{"rendered":"calculator  wix"},"content":{"rendered":"<div class=\"application-platform-content-item-description application-platform-content-item\" id=\"description\" data-nav-section=\"description\"> <h2>Integre la Calculadora en Wix con una aplicaci\u00f3n Elfsight<\/h2> <p>El widget Calculadora permite a los usuarios de su sitio web tener la oportunidad de planificar sus costos , rutas de viaje, proporciones de cocina y mucho m\u00e1s dependiendo de tu campo de actividad. Puede agregar campos espec\u00edficos y opciones adicionales a este widget en la p\u00e1gina, para que los usuarios puedan analizar las ventajas sin salir de la pesta\u00f1a. La funci\u00f3n de l\u00f3gica condicional le permite crear patrones universales para su escenario y cada cliente.<\/p><p>Los elementos manejables como casillas de verificaci\u00f3n, controles deslizantes y men\u00fas desplegables le permiten incluir cualquier patr\u00f3n de creaci\u00f3n de precios para diferentes productos. Por ejemplo, intente calcular pr\u00e9stamos con un inter\u00e9s establecido durante un per\u00edodo conveniente. Puede ofrecer un alquiler de autom\u00f3vil con muchas comodidades adicionales para elegir. Asimismo, la calculadora es capaz de planificar el viaje de sus sue\u00f1os donde se calcula el vuelo, la residencia y los mejores eventos. <\/p><p><b>\u00a1Sus clientes apreciar\u00e1n una experiencia de c\u00e1lculo conveniente al incorporar el widget de conteo orientado al usuario! <\/b><\/p><\/div> <div class=\"application-platform-content-item-features application-platform-content-item\" id=\"features\" data-nav-section=\"features\"> <h2>Las caracter\u00edsticas clave del widget contienen<\/h2> <ul><li>Soluci\u00f3n con una interfaz clara que permite cualquier operaci\u00f3n<\/li> <li>M\u00faltiples tipos de campos de conteo para varias ideas<\/li><li>Funci\u00f3n de l\u00f3gica condicional que permite incluso c\u00e1lculos complejos<\/li><li>Plantillas de inicio r\u00e1pido para una fluidez inicio<\/li><li>Herramienta integrada para mejorar la toma de decisiones<\/li><\/ul><p><a href=\"#demo\">Simplemente pruebe esta demostraci\u00f3n para tener una idea completa<\/a><\/p><\/div> <div class=\"application-platform-content-item-installation application-platform-content-item\" id=\"installation\" data-nav-section=\"installation\"> <h2>\u00bfC\u00f3mo puedo insertar Calculadora en mi sitio web Wix?<\/h2><p>Simplemente aplique las instrucciones a continuaci\u00f3n para activar el herramienta.<\/p> <ol><li><b>Administre nuestro editor gratuito y comience a crear su instrumento personalizado. <\/b><br> Elija el aspecto y las opciones preferibles del widget y aplique las ediciones. <\/li> <li><b>Adquiera el c\u00f3digo \u00fanico expuesto en el formulario especial en Elfsight Apps. <\/b><br> Tan pronto como finalice la configuraci\u00f3n de su complemento personal, copie el c\u00f3digo individual en la ventana emergente que aparece y gu\u00e1rdelo para usarlo en el futuro. <\/li> <li><b>Comienza a utilizar el widget en la p\u00e1gina web de Wix. <\/b><br> Inserta el c\u00f3digo que has copiado antes en tu p\u00e1gina de inicio y aplica las ediciones. <\/li> <li><b>\u00a1Ya terminaste! La integraci\u00f3n est\u00e1 plenamente lograda. <\/b><br>Vaya a su p\u00e1gina para revisar el rendimiento del complemento. <\/li><\/ol> <p>En caso de tener consultas o enfrentar alg\u00fan problema, no dude en ponerse en contacto con nuestro personal de soporte. Nuestros consultores estar\u00e1n encantados de resolver todas las dificultades que puedas tener con el complemento. <\/p><\/div> ","protected":false},"excerpt":{"rendered":"","protected":false},"author":9,"featured_media":0,"parent":16205,"menu_order":0,"comment_status":"closed","ping_status":"closed","template":"templates\/template-application-platform.php","meta":{"publish_to_discourse":"","publish_post_category":"","wpdc_auto_publish_overridden":"","wpdc_topic_tags":"","wpdc_pin_topic":"","wpdc_pin_until":"","discourse_post_id":"","discourse_permalink":"","wpdc_publishing_response":"","wpdc_publishing_error":"","footnotes":""},"class_list":["post-17396","page","type-page","status-publish","hentry"],"yoast_head":"<!-- This site is optimized with the Yoast SEO plugin v25.3.1 - https:\/\/yoast.com\/wordpress\/plugins\/seo\/ -->\n<title>Wix Calculator Builder: crea una calculadora para tu sitio web Wix<\/title>\n<meta name=\"description\" content=\"Agregue una Calculadora personalizable para simplificar los c\u00e1lculos en el sitio web. Utiliza un creador de Calculadoras Wix gratuito y sencillo.\" \/>\n<meta name=\"robots\" content=\"index, follow, max-snippet:-1, max-image-preview:large, max-video-preview:-1\" \/>\n<link rel=\"canonical\" href=\"https:\/\/elfsight.com\/es\/calculator-form-widget\/wix\/\" \/>\n<meta property=\"og:locale\" content=\"es_ES\" \/>\n<meta property=\"og:type\" content=\"article\" \/>\n<meta property=\"og:title\" content=\"Wix Calculator Builder: crea una calculadora para tu sitio web Wix\" \/>\n<meta property=\"og:description\" content=\"Agregue una Calculadora personalizable para simplificar los c\u00e1lculos en el sitio web. Utiliza un creador de Calculadoras Wix gratuito y sencillo.\" \/>\n<meta property=\"og:url\" content=\"https:\/\/elfsight.com\/es\/calculator-form-widget\/wix\/\" \/>\n<meta property=\"og:site_name\" content=\"Elfsight ES\" \/>\n<meta property=\"article:modified_time\" content=\"2025-02-06T14:53:41+00:00\" \/>\n<meta name=\"twitter:card\" content=\"summary_large_image\" \/>\n<meta name=\"twitter:label1\" content=\"Tiempo de lectura\" \/>\n\t<meta name=\"twitter:data1\" content=\"2 minutos\" \/>\n<!-- \/ Yoast SEO plugin. -->","yoast_head_json":{"title":"Wix Calculator Builder: crea una calculadora para tu sitio web Wix","description":"Agregue una Calculadora personalizable para simplificar los c\u00e1lculos en el sitio web. Utiliza un creador de Calculadoras Wix gratuito y sencillo.","robots":{"index":"index","follow":"follow","max-snippet":"max-snippet:-1","max-image-preview":"max-image-preview:large","max-video-preview":"max-video-preview:-1"},"canonical":"https:\/\/elfsight.com\/es\/calculator-form-widget\/wix\/","og_locale":"es_ES","og_type":"article","og_title":"Wix Calculator Builder: crea una calculadora para tu sitio web Wix","og_description":"Agregue una Calculadora personalizable para simplificar los c\u00e1lculos en el sitio web. Utiliza un creador de Calculadoras Wix gratuito y sencillo.","og_url":"https:\/\/elfsight.com\/es\/calculator-form-widget\/wix\/","og_site_name":"Elfsight ES","article_modified_time":"2025-02-06T14:53:41+00:00","twitter_card":"summary_large_image","twitter_misc":{"Tiempo de lectura":"2 minutos"},"schema":{"@context":"https:\/\/schema.org","@graph":[{"@type":"WebPage","@id":"https:\/\/elfsight.com\/es\/calculator-form-widget\/wix\/","url":"https:\/\/elfsight.com\/es\/calculator-form-widget\/wix\/","name":"Wix Calculator Builder: crea una calculadora para tu sitio web Wix","isPartOf":{"@id":"https:\/\/elfsight.com\/es\/#website"},"datePublished":"2024-09-30T18:27:29+00:00","dateModified":"2025-02-06T14:53:41+00:00","description":"Agregue una Calculadora personalizable para simplificar los c\u00e1lculos en el sitio web. Utiliza un creador de Calculadoras Wix gratuito y sencillo.","breadcrumb":{"@id":"https:\/\/elfsight.com\/es\/calculator-form-widget\/wix\/#breadcrumb"},"inLanguage":"es","potentialAction":[{"@type":"ReadAction","target":["https:\/\/elfsight.com\/es\/calculator-form-widget\/wix\/"]}]},{"@type":"BreadcrumbList","@id":"https:\/\/elfsight.com\/es\/calculator-form-widget\/wix\/#breadcrumb","itemListElement":[{"@type":"ListItem","position":1,"name":"Home","item":"https:\/\/elfsight.com\/es\/"},{"@type":"ListItem","position":2,"name":"Calculator","item":"https:\/\/elfsight.com\/es\/calculator-form-widget\/"},{"@type":"ListItem","position":3,"name":"calculator wix"}]},{"@type":"WebSite","@id":"https:\/\/elfsight.com\/es\/#website","url":"https:\/\/elfsight.com\/es\/","name":"Elfsight ES","description":"Just another Elfsight Sites site","potentialAction":[{"@type":"SearchAction","target":{"@type":"EntryPoint","urlTemplate":"https:\/\/elfsight.com\/es\/?s={search_term_string}"},"query-input":{"@type":"PropertyValueSpecification","valueRequired":true,"valueName":"search_term_string"}}],"inLanguage":"es"}]}},"meta_box":{"industry":"","seo_heading":"","heading":"","description":"","cta_heading":"","cta_description":"","application":"16184","h1":"Creador de calculadoras Wix","h1_caption":"Proporcione una calculadora personalizada para sus visitantes, ofreciendo soluciones r\u00e1pidas para cosas como precios, descuentos o c\u00e1lculos de retorno de la inversi\u00f3n en su sitio web Wix sin esfuerzo.","application_category":[],"applications_title":"","applications_request_title":"","applications_request_button_text":"","hero_text":"","hero_video":"","hero_video_schema_markup":"","selling_points_title":"","selling_points_caption":"","selling_points":[],"selling_points_cta_text":"","features_title":"","features":"","ed_cta_examples_text":"","ed_cta_examples_hidden":"","ed_cta_demo_text":"","ed_cta_demo_hidden":"","why_caption":"","why_editor_title":"","why_editor_text":"","why_team_title":"","why_team_text":"","why_service_title":"","why_service_text":"","template_catalog_visible":"","template_catalog_title":"","template_catalog_text":"","template_catalog_categories_visible":"","demo_title":"Crea tu aplicaci\u00f3n Calculadora","demo_caption":"\u00a1Configura tu Calculadora y agr\u00e9gala a tu sitio web Wix gratis!","default_faq_hidden":"","app_template_category":[],"platform":"112","template_public_id":"","codecanyon_url":"","codecanyon_item_id":"","codecanyon_price":"","pricing_caption":"","pricing_elfsight_apps_hide_column":"","pricing_elfsight_apps_url":"","pricing_codecanyon_price_caption":"","integration_category":[],"integration_request_title":"","integration_request_cta":"","integration_platform":"","integrations":[],"platform_category":[],"video_schema_markup":"","price":"desde $0 \/ mes","trial":"","benefits":[{"text":"Asistencia de instalaci\u00f3n gratuita"},{"text":"Servicio al cliente competente"},{"text":"Garant\u00eda de devoluci\u00f3n de dinero de 14 d\u00edas"},{"text":"Actualizaciones gratuitas de por vida"}],"button_url":"#demo","button_target_blank":"","button_nofollow":"","attributes":[{"name":"Instalar","content":"50,000 - 100,000"},{"name":"Sensible","content":"S\u00ed"},{"name":"Navegadores compatibles","content":"Firefox, Safari, Opera, Chrome, Edge"}],"tags":[],"tags_disable_links":"","hide_more_platforms":"","video_object":"","demo_hide_cta":"","demo_hide_cloud_options":"","pricing_title":"","pricing":[{"pricing_icon":"platform","pricing_title":"Elfsight Apps","pricing_title_caption":"Software multiplataforma que se adapta a cualquier sitio","pricing_price":"desde $0 \/ mes","pricing_price_caption":"comienza con un plan gratuito","pricing_benefits":[{"text":"Dominios ilimitados"},{"text":"Atenci\u00f3n al cliente r\u00e1pida"},{"text":"Ayuda de instalaci\u00f3n gratuita"},{"text":"100% personalizable"}],"pricing_button_text":"A\u00f1adir al sitio web","pricing_button_url":"#demo"}],"related_apps_title":"","related_apps_hidden":"","author":"","image":[],"title":"","job":"","social_networks":[]},"_links":{"self":[{"href":"https:\/\/elfsight.com\/es\/wp-json\/wp\/v2\/pages\/17396","targetHints":{"allow":["GET"]}}],"collection":[{"href":"https:\/\/elfsight.com\/es\/wp-json\/wp\/v2\/pages"}],"about":[{"href":"https:\/\/elfsight.com\/es\/wp-json\/wp\/v2\/types\/page"}],"author":[{"embeddable":true,"href":"https:\/\/elfsight.com\/es\/wp-json\/wp\/v2\/users\/9"}],"replies":[{"embeddable":true,"href":"https:\/\/elfsight.com\/es\/wp-json\/wp\/v2\/comments?post=17396"}],"version-history":[{"count":1,"href":"https:\/\/elfsight.com\/es\/wp-json\/wp\/v2\/pages\/17396\/revisions"}],"predecessor-version":[{"id":17400,"href":"https:\/\/elfsight.com\/es\/wp-json\/wp\/v2\/pages\/17396\/revisions\/17400"}],"up":[{"embeddable":true,"href":"https:\/\/elfsight.com\/es\/wp-json\/wp\/v2\/pages\/16205"}],"wp:attachment":[{"href":"https:\/\/elfsight.com\/es\/wp-json\/wp\/v2\/media?parent=17396"}],"curies":[{"name":"wp","href":"https:\/\/api.w.org\/{rel}","templated":true}]}}