{"id":17395,"date":"2024-09-30T18:27:29","date_gmt":"2024-09-30T18:27:29","guid":{"rendered":"https:\/\/elfsight.com\/es\/?page_id=17395"},"modified":"2025-11-06T12:23:00","modified_gmt":"2025-11-06T12:23:00","slug":"html","status":"publish","type":"page","link":"https:\/\/elfsight.com\/es\/calculator-form-widget\/html\/","title":{"rendered":"calculator  html"},"content":{"rendered":"<div class=\"application-platform-content-item-description application-platform-content-item\" id=\"description\" data-nav-section=\"description\"> <h2>Integre la Calculadora en HTML con un widget de Elfsight<\/h2> <p>El widget de la Calculadora permite a los visitantes de su sitio web beneficiarse de la posibilidad de planificar su costos, rutas de viaje, proporciones de cocci\u00f3n y mucho m\u00e1s dependiendo de su campo de actividad. Se pueden agregar campos obligatorios y opciones adicionales a este widget integrado, para que los clientes puedan ver sus ventajas sin salir de la p\u00e1gina. La l\u00f3gica condicional le permite inventar soluciones universales para cualquier escenario y cada cliente.<\/p><p>Los elementos manejables como casillas de verificaci\u00f3n, controles deslizantes y listas desplegables le permiten incluir cualquier patr\u00f3n de creaci\u00f3n de precios para ciertos productos. Por ejemplo, puede calcular pr\u00e9stamos con un porcentaje establecido durante un per\u00edodo de tiempo razonable. Puedes ofrecer un alquiler de coche con muchas opciones adicionales para elegir. Adem\u00e1s, la calculadora es capaz de planificar el viaje de sus sue\u00f1os cuando se calcula el transporte, la residencia y las actividades necesarias. <\/p><p><b>\u00a1Sus visitantes apreciar\u00e1n una experiencia de c\u00e1lculo perfecta al integrar el widget de conteo orientado al usuario! <\/b><\/p><\/div> <div class=\"application-platform-content-item-features application-platform-content-item\" id=\"features\" data-nav-section=\"features\"> <h2>Ofrecemos funciones valiosas y sencillas, vea algunas de ellas:<\/h2> <ul><li>Herramienta con interfaz clara que cubre cualquier operaci\u00f3n<\/li><li>Muchos tipos de campos de c\u00e1lculo para sus ideas<\/li><li>L\u00f3gica condicional para permitir incluso c\u00e1lculos de varios pasos<\/li><li>Plantillas listas para usar comience sin esfuerzo<\/li><li>Soluci\u00f3n integrada que inspira la toma de decisiones<\/li><\/ul><p><a href=\"#demo\">Puede comprobar la funcionalidad completa del widget en la demostraci\u00f3n a continuaci\u00f3n<\/a><\/p><\/div> <div class=\"application-platform-content-item-installation application-platform-content-item\" id=\"installation\" data-nav-section=\"installation\"> <h2>\u00bfC\u00f3mo integro Calculator en mis p\u00e1ginas HTML?<\/h2><div class=\"video-container\">\n<iframe width=\"720\" height=\"405\" src=\"https:\/\/www.youtube.com\/embed\/5Nt3crYUnfY?si=VsjmIEAdVqIaqG9S\" frameborder=\"0\" allowfullscreen=\"\"><\/iframe>\n<\/div> <p>Simplemente siga las pautas a continuaci\u00f3n para agregar el herramienta.<\/p> <ol><li><b>Emplee nuestro editor gratuito y comience a crear su instrumento personalizado. <\/b><br> Elija el dise\u00f1o y las opciones deseables del complemento y aplique las modificaciones. <\/li> <li><b>Exponga su c\u00f3digo \u00fanico en la ventana de Elfsight Apps. <\/b><br> Tan pronto como finalice la generaci\u00f3n de su widget, copie el c\u00f3digo individual de la ventana que aparece y gu\u00e1rdelo para su uso posterior. <\/li> <li><b>Inicie el uso de la herramienta en su sitio web HTML. <\/b><br>Integra el c\u00f3digo copiado anteriormente en tu p\u00e1gina web y guarda las mejoras. <\/li> <li><b>\u00a1Ya terminaste! La integraci\u00f3n se realiza por completo. <\/b><br>Vaya a su sitio para observar c\u00f3mo funciona el complemento. <\/li><\/ol> <p>Suponiendo que tenga algunas dificultades, no dude en buscar ayuda de nuestro equipo de atenci\u00f3n al cliente. Nuestros especialistas est\u00e1n ansiosos por ayudarle con todas las dificultades que pueda tener con el widget. <\/p><\/div> ","protected":false},"excerpt":{"rendered":"","protected":false},"author":9,"featured_media":0,"parent":16205,"menu_order":0,"comment_status":"closed","ping_status":"closed","template":"templates\/template-application-platform.php","meta":{"publish_to_discourse":"","publish_post_category":"","wpdc_auto_publish_overridden":"","wpdc_topic_tags":"","wpdc_pin_topic":"","wpdc_pin_until":"","discourse_post_id":"","discourse_permalink":"","wpdc_publishing_response":"","wpdc_publishing_error":"","footnotes":""},"class_list":["post-17395","page","type-page","status-publish","hentry"],"yoast_head":"<!-- This site is optimized with the Yoast SEO plugin v25.3.1 - https:\/\/yoast.com\/wordpress\/plugins\/seo\/ -->\n<title>Calculadora HTML: cree una calculadora simple en HTML<\/title>\n<meta name=\"description\" content=\"Crea una calculadora sencilla en HTML para tu sitio web. Cree una calculadora HTML para cualquier necesidad directamente en las p\u00e1ginas.\" \/>\n<meta name=\"robots\" content=\"index, follow, max-snippet:-1, max-image-preview:large, max-video-preview:-1\" \/>\n<link rel=\"canonical\" href=\"https:\/\/elfsight.com\/es\/calculator-form-widget\/html\/\" \/>\n<meta property=\"og:locale\" content=\"es_ES\" \/>\n<meta property=\"og:type\" content=\"article\" \/>\n<meta property=\"og:title\" content=\"Calculadora HTML: cree una calculadora simple en HTML\" \/>\n<meta property=\"og:description\" content=\"Crea una calculadora sencilla en HTML para tu sitio web. Cree una calculadora HTML para cualquier necesidad directamente en las p\u00e1ginas.\" \/>\n<meta property=\"og:url\" content=\"https:\/\/elfsight.com\/es\/calculator-form-widget\/html\/\" \/>\n<meta property=\"og:site_name\" content=\"Elfsight ES\" \/>\n<meta property=\"article:modified_time\" content=\"2025-11-06T12:23:00+00:00\" \/>\n<meta name=\"twitter:card\" content=\"summary_large_image\" \/>\n<meta name=\"twitter:label1\" content=\"Tiempo de lectura\" \/>\n\t<meta name=\"twitter:data1\" content=\"2 minutos\" \/>\n<!-- \/ Yoast SEO plugin. -->","yoast_head_json":{"title":"Calculadora HTML: cree una calculadora simple en HTML","description":"Crea una calculadora sencilla en HTML para tu sitio web. Cree una calculadora HTML para cualquier necesidad directamente en las p\u00e1ginas.","robots":{"index":"index","follow":"follow","max-snippet":"max-snippet:-1","max-image-preview":"max-image-preview:large","max-video-preview":"max-video-preview:-1"},"canonical":"https:\/\/elfsight.com\/es\/calculator-form-widget\/html\/","og_locale":"es_ES","og_type":"article","og_title":"Calculadora HTML: cree una calculadora simple en HTML","og_description":"Crea una calculadora sencilla en HTML para tu sitio web. Cree una calculadora HTML para cualquier necesidad directamente en las p\u00e1ginas.","og_url":"https:\/\/elfsight.com\/es\/calculator-form-widget\/html\/","og_site_name":"Elfsight ES","article_modified_time":"2025-11-06T12:23:00+00:00","twitter_card":"summary_large_image","twitter_misc":{"Tiempo de lectura":"2 minutos"},"schema":{"@context":"https:\/\/schema.org","@graph":[{"@type":"WebPage","@id":"https:\/\/elfsight.com\/es\/calculator-form-widget\/html\/","url":"https:\/\/elfsight.com\/es\/calculator-form-widget\/html\/","name":"Calculadora HTML: cree una calculadora simple en HTML","isPartOf":{"@id":"https:\/\/elfsight.com\/es\/#website"},"datePublished":"2024-09-30T18:27:29+00:00","dateModified":"2025-11-06T12:23:00+00:00","description":"Crea una calculadora sencilla en HTML para tu sitio web. Cree una calculadora HTML para cualquier necesidad directamente en las p\u00e1ginas.","breadcrumb":{"@id":"https:\/\/elfsight.com\/es\/calculator-form-widget\/html\/#breadcrumb"},"inLanguage":"es","potentialAction":[{"@type":"ReadAction","target":["https:\/\/elfsight.com\/es\/calculator-form-widget\/html\/"]}]},{"@type":"BreadcrumbList","@id":"https:\/\/elfsight.com\/es\/calculator-form-widget\/html\/#breadcrumb","itemListElement":[{"@type":"ListItem","position":1,"name":"Home","item":"https:\/\/elfsight.com\/es\/"},{"@type":"ListItem","position":2,"name":"Calculator","item":"https:\/\/elfsight.com\/es\/calculator-form-widget\/"},{"@type":"ListItem","position":3,"name":"calculator html"}]},{"@type":"WebSite","@id":"https:\/\/elfsight.com\/es\/#website","url":"https:\/\/elfsight.com\/es\/","name":"Elfsight ES","description":"Just another Elfsight Sites site","potentialAction":[{"@type":"SearchAction","target":{"@type":"EntryPoint","urlTemplate":"https:\/\/elfsight.com\/es\/?s={search_term_string}"},"query-input":{"@type":"PropertyValueSpecification","valueRequired":true,"valueName":"search_term_string"}}],"inLanguage":"es"}]}},"meta_box":{"industry":"","seo_heading":"","heading":"","description":"","cta_heading":"","cta_description":"","application":"16184","h1":"Calculadora HTML sencilla","h1_caption":"Proporcione una calculadora personalizada para sus visitantes, ofreciendo soluciones r\u00e1pidas para cosas como precios, descuentos o c\u00e1lculos de retorno de la inversi\u00f3n en su sitio web HTML sin esfuerzo.","application_category":[],"applications_title":"","applications_request_title":"","applications_request_button_text":"","hero_text":"","hero_video":"","hero_video_schema_markup":"","selling_points_title":"","selling_points_caption":"","selling_points":[],"selling_points_cta_text":"","features_title":"","features":"","ed_cta_examples_text":"","ed_cta_examples_hidden":"","ed_cta_demo_text":"","ed_cta_demo_hidden":"","why_caption":"","why_editor_title":"","why_editor_text":"","why_team_title":"","why_team_text":"","why_service_title":"","why_service_text":"","template_catalog_visible":"0","template_catalog_title":"","template_catalog_text":"","template_catalog_categories_visible":"","demo_title":"Crea tu widget de Calculadora","demo_caption":"\u00a1Configure su Calculadora y agr\u00e9guela a su sitio web HTML gratis!","default_faq_hidden":"","app_template_category":[],"platform":"70","template_public_id":"","codecanyon_url":"","codecanyon_item_id":"","codecanyon_price":"","pricing_caption":"","pricing_elfsight_apps_hide_column":"","pricing_elfsight_apps_url":"","pricing_codecanyon_price_caption":"","integration_category":[],"integration_request_title":"","integration_request_cta":"","integration_platform":"","integrations":[],"platform_category":[],"video_schema_markup":"","price":"desde $0 \/ mes","trial":"","benefits":[{"text":"Ayuda de instalaci\u00f3n gratuita"},{"text":"Servicio al cliente profesional"},{"text":"Garant\u00eda de reembolso de 14 d\u00edas"},{"text":"Actualizaciones gratuitas peri\u00f3dicas"}],"button_url":"#demo","button_target_blank":"0","button_nofollow":"0","attributes":[{"name":"Instalar","content":"50,000 - 100,000"},{"name":"Sensible","content":"S\u00ed"},{"name":"Navegadores compatibles","content":"Firefox, Safari, Opera, Chrome, Edge"}],"tags":[],"tags_disable_links":"0","hide_more_platforms":"0","video_object":"","demo_hide_cta":"0","demo_hide_cloud_options":"0","pricing_title":"","pricing":[{"pricing_icon":"platform","pricing_title":"Elfsight Apps","pricing_title_caption":"Software multiplataforma","pricing_price":"desde $0 \/ mes","pricing_price_caption":"comienza con un plan gratuito","pricing_benefits":[{"text":"Sitios web ilimitados"},{"text":"Soporte empresarial premium"},{"text":"Asistencia de instalaci\u00f3n gratuita"},{"text":"Dise\u00f1o flexible"}],"pricing_button_text":"A\u00f1adir al sitio web","pricing_button_url":"#demo"}],"related_apps_title":"","related_apps_hidden":"0","author":"","image":[],"title":"","job":"","social_networks":[]},"_links":{"self":[{"href":"https:\/\/elfsight.com\/es\/wp-json\/wp\/v2\/pages\/17395","targetHints":{"allow":["GET"]}}],"collection":[{"href":"https:\/\/elfsight.com\/es\/wp-json\/wp\/v2\/pages"}],"about":[{"href":"https:\/\/elfsight.com\/es\/wp-json\/wp\/v2\/types\/page"}],"author":[{"embeddable":true,"href":"https:\/\/elfsight.com\/es\/wp-json\/wp\/v2\/users\/9"}],"replies":[{"embeddable":true,"href":"https:\/\/elfsight.com\/es\/wp-json\/wp\/v2\/comments?post=17395"}],"version-history":[{"count":3,"href":"https:\/\/elfsight.com\/es\/wp-json\/wp\/v2\/pages\/17395\/revisions"}],"predecessor-version":[{"id":19990,"href":"https:\/\/elfsight.com\/es\/wp-json\/wp\/v2\/pages\/17395\/revisions\/19990"}],"up":[{"embeddable":true,"href":"https:\/\/elfsight.com\/es\/wp-json\/wp\/v2\/pages\/16205"}],"wp:attachment":[{"href":"https:\/\/elfsight.com\/es\/wp-json\/wp\/v2\/media?parent=17395"}],"curies":[{"name":"wp","href":"https:\/\/api.w.org\/{rel}","templated":true}]}}