{"id":17388,"date":"2024-09-30T18:27:29","date_gmt":"2024-09-30T18:27:29","guid":{"rendered":"https:\/\/elfsight.com\/es\/?page_id=17388"},"modified":"2025-02-06T14:53:49","modified_gmt":"2025-02-06T14:53:49","slug":"elementor","status":"publish","type":"page","link":"https:\/\/elfsight.com\/es\/calculator-form-widget\/elementor\/","title":{"rendered":"calculator  elementor"},"content":{"rendered":"<div class=\"application-platform-content-item-description application-platform-content-item\" id=\"description\" data-nav-section=\"description\"> <h2>Integre la Calculadora en Elementor con un widget de Elfsight<\/h2> <p>El widget Calculadora brinda a sus clientes la oportunidad de planificar su presupuesto, rutas de viaje, proporciones de cocina y mucho m\u00e1s dependiendo de su \u00e1rea de actividad. Se pueden incorporar campos espec\u00edficos y opciones adicionales en este widget integrado, para que los clientes puedan ver los beneficios sin salir de la p\u00e1gina del sitio web. La funci\u00f3n de l\u00f3gica condicional ayuda a crear patrones universales para cualquier escenario y cada cliente.<\/p><p>Los elementos manejables como casillas de verificaci\u00f3n, controles deslizantes y men\u00fas desplegables le permiten incluir cualquier patr\u00f3n de precios para ciertos productos. Por ejemplo, util\u00edcelo para calcular pr\u00e9stamos con un inter\u00e9s establecido durante un per\u00edodo de tiempo razonable. Puede ofrecer un alquiler de autom\u00f3vil con muchos ajustes adicionales para elegir. Asimismo, la calculadora es capaz de proyectar el viaje de sus sue\u00f1os cuando se calcula el vuelo, la residencia y las mejores actividades. <\/p><p><b>Los visitantes de su sitio web apreciar\u00e1n una experiencia de c\u00e1lculo perfecta al incorporar el sencillo widget de conteo. <\/b><\/p><\/div> <div class=\"application-platform-content-item-features application-platform-content-item\" id=\"features\" data-nav-section=\"features\"> <h2>Encuentre las siguientes caracter\u00edsticas centrales del widget:<\/h2> <ul><li>Herramienta con una interfaz sencilla que funciona con cualquier c\u00e1lculo <\/li><li>Numerosas opciones de campos de conteo para diversas necesidades<\/li><li>L\u00f3gica condicional para simplificar incluso el conteo de varios pasos<\/li><li>Plantillas ajustables para comenzar sin esfuerzo<\/li><li>Activado herramienta de p\u00e1gina que mejora la toma de decisiones<\/li><\/ul><p><a href=\"#demo\">Simplemente pruebe esta demostraci\u00f3n para tener una idea completa<\/a><\/p><\/div> <div class=\"application-platform-content-item-installation application-platform-content-item\" id=\"installation\" data-nav-section=\"installation\"> <h2>\u00bfC\u00f3mo incorporar Calculadora a mi p\u00e1gina web de Elementor?<\/h2> <p>Simplemente siga las pautas a continuaci\u00f3n para insertar la herramienta.<\/p> <ol><li><b>Administrar nuestra demostraci\u00f3n gratuita y comienza a darle forma a tu widget personalizado. <\/b><br> Encuentre el aspecto adecuado y las caracter\u00edsticas funcionales del complemento y aplique las ediciones. <\/li> <li><b>Reciba el c\u00f3digo individual que aparece en la ventana de Elfsight Apps. <\/b><br> Cuando finalice la generaci\u00f3n de su complemento, copie el c\u00f3digo exclusivo de la ventana emergente que aparece y gu\u00e1rdelo para su uso posterior. <\/li> <li><b>Comience a utilizar la herramienta en su p\u00e1gina web de Elementor. <\/b><br> Inserta el c\u00f3digo guardado anteriormente en tu p\u00e1gina de inicio y aplica las mejoras. <\/li> <li><b>La configuraci\u00f3n se realiz\u00f3 exitosamente. <\/b><br>Visita su p\u00e1gina web para ver el funcionamiento del plugin. <\/li><\/ol> <p>Si tiene alguna complicaci\u00f3n, no dude en comunicarse con nuestro personal de servicio al cliente. Nuestros especialistas est\u00e1n ansiosos por ayudarle con todos los problemas que pueda tener con el widget. <\/p> <\/div> ","protected":false},"excerpt":{"rendered":"","protected":false},"author":9,"featured_media":0,"parent":16205,"menu_order":0,"comment_status":"closed","ping_status":"closed","template":"templates\/template-application-platform.php","meta":{"publish_to_discourse":"","publish_post_category":"","wpdc_auto_publish_overridden":"","wpdc_topic_tags":"","wpdc_pin_topic":"","wpdc_pin_until":"","discourse_post_id":"","discourse_permalink":"","wpdc_publishing_response":"","wpdc_publishing_error":"","footnotes":""},"class_list":["post-17388","page","type-page","status-publish","hentry"],"yoast_head":"<!-- This site is optimized with the Yoast SEO plugin v25.3.1 - https:\/\/yoast.com\/wordpress\/plugins\/seo\/ -->\n<title>Calculadora Elementor: cree una calculadora avanzada para Elementor<\/title>\n<meta name=\"description\" content=\"Cree un widget de Calculadora para su sitio web Elementor. Permita que los clientes cuenten cualquier cosa directamente en su sitio web con la Calculadora Elementor.\" \/>\n<meta name=\"robots\" content=\"index, follow, max-snippet:-1, max-image-preview:large, max-video-preview:-1\" \/>\n<link rel=\"canonical\" href=\"https:\/\/elfsight.com\/es\/calculator-form-widget\/elementor\/\" \/>\n<meta property=\"og:locale\" content=\"es_ES\" \/>\n<meta property=\"og:type\" content=\"article\" \/>\n<meta property=\"og:title\" content=\"Calculadora Elementor: cree una calculadora avanzada para Elementor\" \/>\n<meta property=\"og:description\" content=\"Cree un widget de Calculadora para su sitio web Elementor. Permita que los clientes cuenten cualquier cosa directamente en su sitio web con la Calculadora Elementor.\" \/>\n<meta property=\"og:url\" content=\"https:\/\/elfsight.com\/es\/calculator-form-widget\/elementor\/\" \/>\n<meta property=\"og:site_name\" content=\"Elfsight ES\" \/>\n<meta property=\"article:modified_time\" content=\"2025-02-06T14:53:49+00:00\" \/>\n<meta name=\"twitter:card\" content=\"summary_large_image\" \/>\n<meta name=\"twitter:label1\" content=\"Tiempo de lectura\" \/>\n\t<meta name=\"twitter:data1\" content=\"2 minutos\" \/>\n<!-- \/ Yoast SEO plugin. -->","yoast_head_json":{"title":"Calculadora Elementor: cree una calculadora avanzada para Elementor","description":"Cree un widget de Calculadora para su sitio web Elementor. Permita que los clientes cuenten cualquier cosa directamente en su sitio web con la Calculadora Elementor.","robots":{"index":"index","follow":"follow","max-snippet":"max-snippet:-1","max-image-preview":"max-image-preview:large","max-video-preview":"max-video-preview:-1"},"canonical":"https:\/\/elfsight.com\/es\/calculator-form-widget\/elementor\/","og_locale":"es_ES","og_type":"article","og_title":"Calculadora Elementor: cree una calculadora avanzada para Elementor","og_description":"Cree un widget de Calculadora para su sitio web Elementor. Permita que los clientes cuenten cualquier cosa directamente en su sitio web con la Calculadora Elementor.","og_url":"https:\/\/elfsight.com\/es\/calculator-form-widget\/elementor\/","og_site_name":"Elfsight ES","article_modified_time":"2025-02-06T14:53:49+00:00","twitter_card":"summary_large_image","twitter_misc":{"Tiempo de lectura":"2 minutos"},"schema":{"@context":"https:\/\/schema.org","@graph":[{"@type":"WebPage","@id":"https:\/\/elfsight.com\/es\/calculator-form-widget\/elementor\/","url":"https:\/\/elfsight.com\/es\/calculator-form-widget\/elementor\/","name":"Calculadora Elementor: cree una calculadora avanzada para Elementor","isPartOf":{"@id":"https:\/\/elfsight.com\/es\/#website"},"datePublished":"2024-09-30T18:27:29+00:00","dateModified":"2025-02-06T14:53:49+00:00","description":"Cree un widget de Calculadora para su sitio web Elementor. Permita que los clientes cuenten cualquier cosa directamente en su sitio web con la Calculadora Elementor.","breadcrumb":{"@id":"https:\/\/elfsight.com\/es\/calculator-form-widget\/elementor\/#breadcrumb"},"inLanguage":"es","potentialAction":[{"@type":"ReadAction","target":["https:\/\/elfsight.com\/es\/calculator-form-widget\/elementor\/"]}]},{"@type":"BreadcrumbList","@id":"https:\/\/elfsight.com\/es\/calculator-form-widget\/elementor\/#breadcrumb","itemListElement":[{"@type":"ListItem","position":1,"name":"Home","item":"https:\/\/elfsight.com\/es\/"},{"@type":"ListItem","position":2,"name":"Calculator","item":"https:\/\/elfsight.com\/es\/calculator-form-widget\/"},{"@type":"ListItem","position":3,"name":"calculator elementor"}]},{"@type":"WebSite","@id":"https:\/\/elfsight.com\/es\/#website","url":"https:\/\/elfsight.com\/es\/","name":"Elfsight ES","description":"Just another Elfsight Sites site","potentialAction":[{"@type":"SearchAction","target":{"@type":"EntryPoint","urlTemplate":"https:\/\/elfsight.com\/es\/?s={search_term_string}"},"query-input":{"@type":"PropertyValueSpecification","valueRequired":true,"valueName":"search_term_string"}}],"inLanguage":"es"}]}},"meta_box":{"industry":"","seo_heading":"","heading":"","description":"","cta_heading":"","cta_description":"","application":"16184","h1":"Calculadora Elementor","h1_caption":"Proporcione una calculadora personalizada para sus visitantes, ofreciendo soluciones r\u00e1pidas para cosas como precios, descuentos o c\u00e1lculos de retorno de la inversi\u00f3n en su sitio web de Elementor sin esfuerzo.","application_category":[],"applications_title":"","applications_request_title":"","applications_request_button_text":"","hero_text":"","hero_video":"","hero_video_schema_markup":"","selling_points_title":"","selling_points_caption":"","selling_points":[],"selling_points_cta_text":"","features_title":"","features":"","ed_cta_examples_text":"","ed_cta_examples_hidden":"","ed_cta_demo_text":"","ed_cta_demo_hidden":"","why_caption":"","why_editor_title":"","why_editor_text":"","why_team_title":"","why_team_text":"","why_service_title":"","why_service_text":"","template_catalog_visible":"","template_catalog_title":"","template_catalog_text":"","template_catalog_categories_visible":"","demo_title":"Crea tu widget de Calculadora","demo_caption":"\u00a1Configure su Calculadora y agr\u00e9guela a su sitio web de Elementor gratis!","default_faq_hidden":"","app_template_category":[],"platform":"58","template_public_id":"","codecanyon_url":"","codecanyon_item_id":"","codecanyon_price":"","pricing_caption":"","pricing_elfsight_apps_hide_column":"","pricing_elfsight_apps_url":"","pricing_codecanyon_price_caption":"","integration_category":[],"integration_request_title":"","integration_request_cta":"","integration_platform":"","integrations":[],"platform_category":[],"video_schema_markup":"","price":"desde $0 \/ mes","trial":"","benefits":[{"text":"Servicio de instalaci\u00f3n gratuito"},{"text":"Atenci\u00f3n al cliente experimentada"},{"text":"Garant\u00eda de devoluci\u00f3n de dinero de 14 d\u00edas"},{"text":"Actualizaciones gratuitas continuas"}],"button_url":"#demo","button_target_blank":"","button_nofollow":"","attributes":[{"name":"Instalar","content":"50,000 - 100,000"},{"name":"Sensible","content":"S\u00ed"},{"name":"Navegadores compatibles","content":"Firefox, Safari, Opera, Chrome, Edge"}],"tags":[],"tags_disable_links":"","hide_more_platforms":"","video_object":"","demo_hide_cta":"","demo_hide_cloud_options":"","pricing_title":"","pricing":[{"pricing_icon":"platform","pricing_title":"Elfsight Apps","pricing_title_caption":"Soluci\u00f3n multiplataforma","pricing_price":"desde $0 \/ mes","pricing_price_caption":"comienza con un plan gratuito","pricing_benefits":[{"text":"Sitios web ilimitados"},{"text":"Soporte de empresa premium y bien documentado."},{"text":"Ayuda de instalaci\u00f3n gratuita"},{"text":"Dise\u00f1o flexible"}],"pricing_button_text":"A\u00f1adir al sitio web","pricing_button_url":"#demo"}],"related_apps_title":"","related_apps_hidden":"","author":"","image":[],"title":"","job":"","social_networks":[]},"_links":{"self":[{"href":"https:\/\/elfsight.com\/es\/wp-json\/wp\/v2\/pages\/17388","targetHints":{"allow":["GET"]}}],"collection":[{"href":"https:\/\/elfsight.com\/es\/wp-json\/wp\/v2\/pages"}],"about":[{"href":"https:\/\/elfsight.com\/es\/wp-json\/wp\/v2\/types\/page"}],"author":[{"embeddable":true,"href":"https:\/\/elfsight.com\/es\/wp-json\/wp\/v2\/users\/9"}],"replies":[{"embeddable":true,"href":"https:\/\/elfsight.com\/es\/wp-json\/wp\/v2\/comments?post=17388"}],"version-history":[{"count":1,"href":"https:\/\/elfsight.com\/es\/wp-json\/wp\/v2\/pages\/17388\/revisions"}],"predecessor-version":[{"id":17392,"href":"https:\/\/elfsight.com\/es\/wp-json\/wp\/v2\/pages\/17388\/revisions\/17392"}],"up":[{"embeddable":true,"href":"https:\/\/elfsight.com\/es\/wp-json\/wp\/v2\/pages\/16205"}],"wp:attachment":[{"href":"https:\/\/elfsight.com\/es\/wp-json\/wp\/v2\/media?parent=17388"}],"curies":[{"name":"wp","href":"https:\/\/api.w.org\/{rel}","templated":true}]}}