{"id":17387,"date":"2024-09-30T18:27:29","date_gmt":"2024-09-30T18:27:29","guid":{"rendered":"https:\/\/elfsight.com\/es\/?page_id=17387"},"modified":"2025-02-06T14:53:49","modified_gmt":"2025-02-06T14:53:49","slug":"google-sites","status":"publish","type":"page","link":"https:\/\/elfsight.com\/es\/calculator-form-widget\/google-sites\/","title":{"rendered":"calculator  google sites"},"content":{"rendered":"<div class=\"application-platform-content-item-description application-platform-content-item\" id=\"description\" data-nav-section=\"description\"> <h2>Integre la Calculadora en Google Sites con un complemento de Elfsight<\/h2> <p>El widget Calculadora ofrece a los usuarios de su sitio web una manera de planificar su presupuesto , rutas de viaje, proporciones de cocina y mucho m\u00e1s relacionado con su \u00e1rea de actividad. Se pueden integrar campos obligatorios y opciones \u00fatiles en este widget integrado, para que los usuarios puedan inspeccionar las ventajas sin salir de la pesta\u00f1a. La funci\u00f3n de l\u00f3gica condicional ayuda a inventar patrones universales para su escenario y para cada cliente.<\/p><p>Los elementos manejables como casillas de verificaci\u00f3n, controles deslizantes y men\u00fas desplegables le permiten incluir cualquier patr\u00f3n de precios para varios productos. Por ejemplo, puede calcular pr\u00e9stamos con un inter\u00e9s establecido durante un per\u00edodo de tiempo razonable. Puedes ofrecer un alquiler de coche con muchas comodidades adicionales para elegir. Adem\u00e1s, la calculadora puede proyectar el viaje de sus sue\u00f1os cuando se cuentan el vuelo, la residencia y los eventos necesarios. <\/p><p><b>\u00a1Ofrezca a los visitantes de su sitio web una experiencia de c\u00e1lculo conveniente integrando el widget de conteo orientado al usuario! <\/b><\/p><\/div> <div class=\"application-platform-content-item-features application-platform-content-item\" id=\"features\" data-nav-section=\"features\"> <h2>Estudie la lista de las funciones m\u00e1s \u00fatiles:<\/h2> <ul><li>Soluci\u00f3n con interfaz clara que realiza cualquier operaci\u00f3n <\/li><li>Numerosas soluciones de campos de c\u00e1lculo para sus necesidades<\/li><li>Funci\u00f3n de l\u00f3gica condicional que permite incluso c\u00e1lculos complejos<\/li><li>Plantillas de inicio r\u00e1pido para un comienzo simple<\/li><li>Soluci\u00f3n integrada para inspirar la toma de decisiones<\/li><\/ul><p><a href=\"#demo\">Puedes probar todas las capacidades del widget en la demostraci\u00f3n aqu\u00ed mismo<\/a><\/p><\/div> <div class=\"application-platform-content-item-installation application-platform-content-item\" id=\"installation\" data-nav-section=\"installation\"> <h2>\u00bfC\u00f3mo incorporar Calculadora a mi p\u00e1gina web de Google Sites?<\/h2> <p>Simplemente siga las siguientes pautas para comenzar a usar la herramienta.<\/p> <ol><li><b>Realice nuestro configurador gratuito y comience a construir su instrumento personalizado. <\/b><br> Especifique el aspecto seleccionado y las especificaciones del complemento y guarde las modificaciones. <\/li> <li><b>Adquiera su c\u00f3digo individual expuesto en el formulario especial en Elfsight Apps. <\/b><br> Una vez finalizada la generaci\u00f3n de su herramienta, copie el c\u00f3digo exclusivo en el cuadro que aparece y gu\u00e1rdelo para su uso posterior. <\/li> <li><b>Iniciar el uso de la herramienta en la p\u00e1gina de inicio de Google Sites. <\/b><br> A\u00f1ade el c\u00f3digo que has copiado antes en tu p\u00e1gina de inicio y aplica las mejoras. <\/li> <li><b>La instalaci\u00f3n finaliz\u00f3 exitosamente. <\/b><br>Visite su p\u00e1gina para ver el funcionamiento del complemento. <\/li><\/ol> <p>En caso de que encuentre algunas dificultades, no dude en ponerse en contacto con nuestro personal de soporte. Nuestra gente anhela resolver todos los problemas que pueda tener con el widget. <\/p><\/div>","protected":false},"excerpt":{"rendered":"","protected":false},"author":9,"featured_media":0,"parent":16205,"menu_order":0,"comment_status":"closed","ping_status":"closed","template":"templates\/template-application-platform.php","meta":{"publish_to_discourse":"","publish_post_category":"","wpdc_auto_publish_overridden":"","wpdc_topic_tags":"","wpdc_pin_topic":"","wpdc_pin_until":"","discourse_post_id":"","discourse_permalink":"","wpdc_publishing_response":"","wpdc_publishing_error":"","footnotes":""},"class_list":["post-17387","page","type-page","status-publish","hentry"],"yoast_head":"<!-- This site is optimized with the Yoast SEO plugin v25.3.1 - https:\/\/yoast.com\/wordpress\/plugins\/seo\/ -->\n<title>Utilice la calculadora en Google Sites: aumente las opciones de recuento en la p\u00e1gina<\/title>\n<meta name=\"description\" content=\"Simplifique incluso el conteo detallado con la Calculadora interactiva. Pruebe una demostraci\u00f3n sencilla de Elfsight para crear el potente widget.\" \/>\n<meta name=\"robots\" content=\"index, follow, max-snippet:-1, max-image-preview:large, max-video-preview:-1\" \/>\n<link rel=\"canonical\" href=\"https:\/\/elfsight.com\/es\/calculator-form-widget\/google-sites\/\" \/>\n<meta property=\"og:locale\" content=\"es_ES\" \/>\n<meta property=\"og:type\" content=\"article\" \/>\n<meta property=\"og:title\" content=\"Utilice la calculadora en Google Sites: aumente las opciones de recuento en la p\u00e1gina\" \/>\n<meta property=\"og:description\" content=\"Simplifique incluso el conteo detallado con la Calculadora interactiva. Pruebe una demostraci\u00f3n sencilla de Elfsight para crear el potente widget.\" \/>\n<meta property=\"og:url\" content=\"https:\/\/elfsight.com\/es\/calculator-form-widget\/google-sites\/\" \/>\n<meta property=\"og:site_name\" content=\"Elfsight ES\" \/>\n<meta property=\"article:modified_time\" content=\"2025-02-06T14:53:49+00:00\" \/>\n<meta name=\"twitter:card\" content=\"summary_large_image\" \/>\n<meta name=\"twitter:label1\" content=\"Tiempo de lectura\" \/>\n\t<meta name=\"twitter:data1\" content=\"2 minutos\" \/>\n<!-- \/ Yoast SEO plugin. -->","yoast_head_json":{"title":"Utilice la calculadora en Google Sites: aumente las opciones de recuento en la p\u00e1gina","description":"Simplifique incluso el conteo detallado con la Calculadora interactiva. Pruebe una demostraci\u00f3n sencilla de Elfsight para crear el potente widget.","robots":{"index":"index","follow":"follow","max-snippet":"max-snippet:-1","max-image-preview":"max-image-preview:large","max-video-preview":"max-video-preview:-1"},"canonical":"https:\/\/elfsight.com\/es\/calculator-form-widget\/google-sites\/","og_locale":"es_ES","og_type":"article","og_title":"Utilice la calculadora en Google Sites: aumente las opciones de recuento en la p\u00e1gina","og_description":"Simplifique incluso el conteo detallado con la Calculadora interactiva. Pruebe una demostraci\u00f3n sencilla de Elfsight para crear el potente widget.","og_url":"https:\/\/elfsight.com\/es\/calculator-form-widget\/google-sites\/","og_site_name":"Elfsight ES","article_modified_time":"2025-02-06T14:53:49+00:00","twitter_card":"summary_large_image","twitter_misc":{"Tiempo de lectura":"2 minutos"},"schema":{"@context":"https:\/\/schema.org","@graph":[{"@type":"WebPage","@id":"https:\/\/elfsight.com\/es\/calculator-form-widget\/google-sites\/","url":"https:\/\/elfsight.com\/es\/calculator-form-widget\/google-sites\/","name":"Utilice la calculadora en Google Sites: aumente las opciones de recuento en la p\u00e1gina","isPartOf":{"@id":"https:\/\/elfsight.com\/es\/#website"},"datePublished":"2024-09-30T18:27:29+00:00","dateModified":"2025-02-06T14:53:49+00:00","description":"Simplifique incluso el conteo detallado con la Calculadora interactiva. Pruebe una demostraci\u00f3n sencilla de Elfsight para crear el potente widget.","breadcrumb":{"@id":"https:\/\/elfsight.com\/es\/calculator-form-widget\/google-sites\/#breadcrumb"},"inLanguage":"es","potentialAction":[{"@type":"ReadAction","target":["https:\/\/elfsight.com\/es\/calculator-form-widget\/google-sites\/"]}]},{"@type":"BreadcrumbList","@id":"https:\/\/elfsight.com\/es\/calculator-form-widget\/google-sites\/#breadcrumb","itemListElement":[{"@type":"ListItem","position":1,"name":"Home","item":"https:\/\/elfsight.com\/es\/"},{"@type":"ListItem","position":2,"name":"Calculator","item":"https:\/\/elfsight.com\/es\/calculator-form-widget\/"},{"@type":"ListItem","position":3,"name":"calculator google sites"}]},{"@type":"WebSite","@id":"https:\/\/elfsight.com\/es\/#website","url":"https:\/\/elfsight.com\/es\/","name":"Elfsight ES","description":"Just another Elfsight Sites site","potentialAction":[{"@type":"SearchAction","target":{"@type":"EntryPoint","urlTemplate":"https:\/\/elfsight.com\/es\/?s={search_term_string}"},"query-input":{"@type":"PropertyValueSpecification","valueRequired":true,"valueName":"search_term_string"}}],"inLanguage":"es"}]}},"meta_box":{"industry":"","seo_heading":"","heading":"","description":"","cta_heading":"","cta_description":"","application":"16184","h1":"Complemento de calculadora de sitios de Google","h1_caption":"Proporcione una calculadora personalizada para sus visitantes, que ofrezca soluciones r\u00e1pidas para cosas como precios, descuentos o c\u00e1lculos de retorno de la inversi\u00f3n en sus sitios de Google sin esfuerzo.","application_category":[],"applications_title":"","applications_request_title":"","applications_request_button_text":"","hero_text":"","hero_video":"","hero_video_schema_markup":"","selling_points_title":"","selling_points_caption":"","selling_points":[],"selling_points_cta_text":"","features_title":"","features":"","ed_cta_examples_text":"","ed_cta_examples_hidden":"","ed_cta_demo_text":"","ed_cta_demo_hidden":"","why_caption":"","why_editor_title":"","why_editor_text":"","why_team_title":"","why_team_text":"","why_service_title":"","why_service_text":"","template_catalog_visible":"","template_catalog_title":"","template_catalog_text":"","template_catalog_categories_visible":"","demo_title":"Crea tu widget de Calculadora","demo_caption":"\u00a1Configure su Calculadora y agr\u00e9guela a su sitio web de Google Sites gratis!","default_faq_hidden":"","app_template_category":[],"platform":"67","template_public_id":"","codecanyon_url":"","codecanyon_item_id":"","codecanyon_price":"","pricing_caption":"","pricing_elfsight_apps_hide_column":"","pricing_elfsight_apps_url":"","pricing_codecanyon_price_caption":"","integration_category":[],"integration_request_title":"","integration_request_cta":"","integration_platform":"","integrations":[],"platform_category":[],"video_schema_markup":"","price":"desde $0 \/ mes","trial":"","benefits":[{"text":"Ayuda de instalaci\u00f3n gratuita"},{"text":"Servicio al cliente eficaz"},{"text":"Garant\u00eda de reembolso de 14 d\u00edas"},{"text":"Desarrollo continuo"}],"button_url":"#demo","button_target_blank":"","button_nofollow":"","attributes":[{"name":"Instalar","content":"50,000 - 100,000"},{"name":"Sensible","content":"S\u00ed"},{"name":"Navegadores compatibles","content":"Firefox, Safari, Opera, Chrome, Edge"}],"tags":[],"tags_disable_links":"","hide_more_platforms":"","video_object":"","demo_hide_cta":"","demo_hide_cloud_options":"","pricing_title":"","pricing":[{"pricing_icon":"platform","pricing_title":"Elfsight Apps","pricing_title_caption":"Soluci\u00f3n independiente de plataforma que se adapta a cualquier sitio","pricing_price":"desde $0 \/ mes","pricing_price_caption":"comienza con un plan gratuito","pricing_benefits":[{"text":"Sitios web ilimitados"},{"text":"Soporte empresarial 24 horas al d\u00eda, 7 d\u00edas a la semana y bien documentado."},{"text":"Ayuda de instalaci\u00f3n gratuita"},{"text":"100% personalizable"}],"pricing_button_text":"A\u00f1adir al sitio web","pricing_button_url":"#demo"}],"related_apps_title":"","related_apps_hidden":"","author":"","image":[],"title":"","job":"","social_networks":[]},"_links":{"self":[{"href":"https:\/\/elfsight.com\/es\/wp-json\/wp\/v2\/pages\/17387","targetHints":{"allow":["GET"]}}],"collection":[{"href":"https:\/\/elfsight.com\/es\/wp-json\/wp\/v2\/pages"}],"about":[{"href":"https:\/\/elfsight.com\/es\/wp-json\/wp\/v2\/types\/page"}],"author":[{"embeddable":true,"href":"https:\/\/elfsight.com\/es\/wp-json\/wp\/v2\/users\/9"}],"replies":[{"embeddable":true,"href":"https:\/\/elfsight.com\/es\/wp-json\/wp\/v2\/comments?post=17387"}],"version-history":[{"count":1,"href":"https:\/\/elfsight.com\/es\/wp-json\/wp\/v2\/pages\/17387\/revisions"}],"predecessor-version":[{"id":17391,"href":"https:\/\/elfsight.com\/es\/wp-json\/wp\/v2\/pages\/17387\/revisions\/17391"}],"up":[{"embeddable":true,"href":"https:\/\/elfsight.com\/es\/wp-json\/wp\/v2\/pages\/16205"}],"wp:attachment":[{"href":"https:\/\/elfsight.com\/es\/wp-json\/wp\/v2\/media?parent=17387"}],"curies":[{"name":"wp","href":"https:\/\/api.w.org\/{rel}","templated":true}]}}