{"id":17386,"date":"2024-09-30T18:27:29","date_gmt":"2024-09-30T18:27:29","guid":{"rendered":"https:\/\/elfsight.com\/es\/?page_id=17386"},"modified":"2025-02-06T14:53:49","modified_gmt":"2025-02-06T14:53:49","slug":"iframe","status":"publish","type":"page","link":"https:\/\/elfsight.com\/es\/calculator-form-widget\/iframe\/","title":{"rendered":"calculator  iframe"},"content":{"rendered":"<div class=\"application-platform-content-item-description application-platform-content-item\" id=\"description\" data-nav-section=\"description\"> <h2>Integre la Calculadora en iFrame con un complemento de Elfsight<\/h2> <p>El widget Calculadora brinda a sus clientes la oportunidad de planificar su presupuesto y su viaje. rutas, proporciones de cocci\u00f3n y mucho m\u00e1s dependiendo de su campo de negocio. Se pueden agregar varios campos y opciones adicionales a este widget en la p\u00e1gina, para que los visitantes puedan analizar sus ventajas sin moverse de la p\u00e1gina. La l\u00f3gica condicional le permite crear patrones universales para cada escenario y cada usuario.<\/p><p>Los elementos manejables como casillas de verificaci\u00f3n, controles deslizantes y men\u00fas desplegables le permiten incluir cualquier patr\u00f3n de precios para determinadas ofertas. Por ejemplo, se pueden calcular pr\u00e9stamos con un inter\u00e9s establecido durante un per\u00edodo de tiempo deseado. Puede promocionar un alquiler de autom\u00f3vil con muchas opciones adicionales para optar. Adem\u00e1s, la calculadora puede proyectar el viaje de sus sue\u00f1os donde se calculan el transporte, la residencia y los mejores eventos. <\/p><p><b>\u00a1Permita que sus clientes tengan una experiencia de c\u00e1lculo conveniente agregando el widget de conteo orientado al usuario! <\/b><\/p><\/div> <div class=\"application-platform-content-item-features application-platform-content-item\" id=\"features\" data-nav-section=\"features\"> <h2>Estas son s\u00f3lo algunas de las numerosas funciones del widget:<\/h2> <ul><li>Herramienta con interfaz f\u00e1cil de usar que permite cualquier tipo de conteo<\/li><li>Numerosas opciones de campos de c\u00e1lculo para varios objetivos<\/li><li>L\u00f3gica condicional para manejar incluso c\u00e1lculos complicados<\/li><li>Inicio r\u00e1pido plantillas para un comienzo sencillo<\/li><li>Herramienta en la p\u00e1gina que aumenta la toma de decisiones<\/li><\/ul><p><a href=\"#demo\">Simplemente pruebe esta demostraci\u00f3n para ver c\u00f3mo funciona el widget. vale la pena<\/a><\/p><\/div> <div class=\"application-platform-content-item-installation application-platform-content-item\" id=\"installation\" data-nav-section=\"installation\"> <h2>\u00bfC\u00f3mo incorporo Calculadora en mi p\u00e1gina web iFrame?<\/h2> <p>Simplemente realice Siga las pautas a continuaci\u00f3n para integrar la herramienta.<\/p> <ol><li><b>Emplee nuestra demostraci\u00f3n gratuita y comience a crear su widget \u00fanico. <\/b><br> Determine el dise\u00f1o y la funcionalidad adecuados del complemento y guarde las modificaciones. <\/li> <li><b>Reciba su c\u00f3digo individual que aparece en el formulario especial de Elfsight Apps. <\/b><br> Cuando finalice la configuraci\u00f3n de su complemento personal, copie el c\u00f3digo personal en la ventana emergente que aparece y gu\u00e1rdelo para futuras necesidades. <\/li> <li><b>Comience a usar el complemento en la p\u00e1gina de inicio de iFrame. <\/b><br>Incruste el c\u00f3digo guardado recientemente en su sitio web y guarde los ajustes. <\/li> <li><b>\u00a1Ya terminaste! La configuraci\u00f3n se realiza con \u00e9xito. <\/b><br>Visite su sitio para observar el funcionamiento de la herramienta. <\/li><\/ol> <p>Si tiene alguna complicaci\u00f3n, no dude en ponerse en contacto con nuestro personal de soporte. Nuestra gente desea ayudarle con todos los problemas que pueda tener con el producto. <\/p><\/div>","protected":false},"excerpt":{"rendered":"","protected":false},"author":9,"featured_media":0,"parent":16205,"menu_order":0,"comment_status":"closed","ping_status":"closed","template":"templates\/template-application-platform.php","meta":{"publish_to_discourse":"","publish_post_category":"","wpdc_auto_publish_overridden":"","wpdc_topic_tags":"","wpdc_pin_topic":"","wpdc_pin_until":"","discourse_post_id":"","discourse_permalink":"","wpdc_publishing_response":"","wpdc_publishing_error":"","footnotes":""},"class_list":["post-17386","page","type-page","status-publish","hentry"],"yoast_head":"<!-- This site is optimized with the Yoast SEO plugin v25.3.1 - https:\/\/yoast.com\/wordpress\/plugins\/seo\/ -->\n<title>Agregar calculadora a iFrame: proporcione una soluci\u00f3n de c\u00e1lculo en el sitio<\/title>\n<meta name=\"description\" content=\"Maneje incluso c\u00e1lculos detallados usando la Calculadora interactiva. Pruebe una pr\u00e1ctica demostraci\u00f3n de Elfsight para crear un widget vers\u00e1til.\" \/>\n<meta name=\"robots\" content=\"index, follow, max-snippet:-1, max-image-preview:large, max-video-preview:-1\" \/>\n<link rel=\"canonical\" href=\"https:\/\/elfsight.com\/es\/calculator-form-widget\/iframe\/\" \/>\n<meta property=\"og:locale\" content=\"es_ES\" \/>\n<meta property=\"og:type\" content=\"article\" \/>\n<meta property=\"og:title\" content=\"Agregar calculadora a iFrame: proporcione una soluci\u00f3n de c\u00e1lculo en el sitio\" \/>\n<meta property=\"og:description\" content=\"Maneje incluso c\u00e1lculos detallados usando la Calculadora interactiva. Pruebe una pr\u00e1ctica demostraci\u00f3n de Elfsight para crear un widget vers\u00e1til.\" \/>\n<meta property=\"og:url\" content=\"https:\/\/elfsight.com\/es\/calculator-form-widget\/iframe\/\" \/>\n<meta property=\"og:site_name\" content=\"Elfsight ES\" \/>\n<meta property=\"article:modified_time\" content=\"2025-02-06T14:53:49+00:00\" \/>\n<meta name=\"twitter:card\" content=\"summary_large_image\" \/>\n<meta name=\"twitter:label1\" content=\"Tiempo de lectura\" \/>\n\t<meta name=\"twitter:data1\" content=\"2 minutos\" \/>\n<!-- \/ Yoast SEO plugin. -->","yoast_head_json":{"title":"Agregar calculadora a iFrame: proporcione una soluci\u00f3n de c\u00e1lculo en el sitio","description":"Maneje incluso c\u00e1lculos detallados usando la Calculadora interactiva. Pruebe una pr\u00e1ctica demostraci\u00f3n de Elfsight para crear un widget vers\u00e1til.","robots":{"index":"index","follow":"follow","max-snippet":"max-snippet:-1","max-image-preview":"max-image-preview:large","max-video-preview":"max-video-preview:-1"},"canonical":"https:\/\/elfsight.com\/es\/calculator-form-widget\/iframe\/","og_locale":"es_ES","og_type":"article","og_title":"Agregar calculadora a iFrame: proporcione una soluci\u00f3n de c\u00e1lculo en el sitio","og_description":"Maneje incluso c\u00e1lculos detallados usando la Calculadora interactiva. Pruebe una pr\u00e1ctica demostraci\u00f3n de Elfsight para crear un widget vers\u00e1til.","og_url":"https:\/\/elfsight.com\/es\/calculator-form-widget\/iframe\/","og_site_name":"Elfsight ES","article_modified_time":"2025-02-06T14:53:49+00:00","twitter_card":"summary_large_image","twitter_misc":{"Tiempo de lectura":"2 minutos"},"schema":{"@context":"https:\/\/schema.org","@graph":[{"@type":"WebPage","@id":"https:\/\/elfsight.com\/es\/calculator-form-widget\/iframe\/","url":"https:\/\/elfsight.com\/es\/calculator-form-widget\/iframe\/","name":"Agregar calculadora a iFrame: proporcione una soluci\u00f3n de c\u00e1lculo en el sitio","isPartOf":{"@id":"https:\/\/elfsight.com\/es\/#website"},"datePublished":"2024-09-30T18:27:29+00:00","dateModified":"2025-02-06T14:53:49+00:00","description":"Maneje incluso c\u00e1lculos detallados usando la Calculadora interactiva. Pruebe una pr\u00e1ctica demostraci\u00f3n de Elfsight para crear un widget vers\u00e1til.","breadcrumb":{"@id":"https:\/\/elfsight.com\/es\/calculator-form-widget\/iframe\/#breadcrumb"},"inLanguage":"es","potentialAction":[{"@type":"ReadAction","target":["https:\/\/elfsight.com\/es\/calculator-form-widget\/iframe\/"]}]},{"@type":"BreadcrumbList","@id":"https:\/\/elfsight.com\/es\/calculator-form-widget\/iframe\/#breadcrumb","itemListElement":[{"@type":"ListItem","position":1,"name":"Home","item":"https:\/\/elfsight.com\/es\/"},{"@type":"ListItem","position":2,"name":"Calculator","item":"https:\/\/elfsight.com\/es\/calculator-form-widget\/"},{"@type":"ListItem","position":3,"name":"calculator iframe"}]},{"@type":"WebSite","@id":"https:\/\/elfsight.com\/es\/#website","url":"https:\/\/elfsight.com\/es\/","name":"Elfsight ES","description":"Just another Elfsight Sites site","potentialAction":[{"@type":"SearchAction","target":{"@type":"EntryPoint","urlTemplate":"https:\/\/elfsight.com\/es\/?s={search_term_string}"},"query-input":{"@type":"PropertyValueSpecification","valueRequired":true,"valueName":"search_term_string"}}],"inLanguage":"es"}]}},"meta_box":{"industry":"","seo_heading":"","heading":"","description":"","cta_heading":"","cta_description":"","application":"16184","h1":"Widget Calculadora de iFrame","h1_caption":"Proporcione una calculadora personalizada para sus visitantes, que ofrezca soluciones r\u00e1pidas para cosas como precios, descuentos o c\u00e1lculos de retorno de la inversi\u00f3n en su sitio web iFrame sin esfuerzo.","application_category":[],"applications_title":"","applications_request_title":"","applications_request_button_text":"","hero_text":"","hero_video":"","hero_video_schema_markup":"","selling_points_title":"","selling_points_caption":"","selling_points":[],"selling_points_cta_text":"","features_title":"","features":"","ed_cta_examples_text":"","ed_cta_examples_hidden":"","ed_cta_demo_text":"","ed_cta_demo_hidden":"","why_caption":"","why_editor_title":"","why_editor_text":"","why_team_title":"","why_team_text":"","why_service_title":"","why_service_text":"","template_catalog_visible":"","template_catalog_title":"","template_catalog_text":"","template_catalog_categories_visible":"","demo_title":"Crea tu widget de Calculadora","demo_caption":"\u00a1Configure su Calculadora y agr\u00e9guela a su sitio web iFrame gratis!","default_faq_hidden":"","app_template_category":[],"platform":"2192","template_public_id":"","codecanyon_url":"","codecanyon_item_id":"","codecanyon_price":"","pricing_caption":"","pricing_elfsight_apps_hide_column":"","pricing_elfsight_apps_url":"","pricing_codecanyon_price_caption":"","integration_category":[],"integration_request_title":"","integration_request_cta":"","integration_platform":"","integrations":[],"platform_category":[],"video_schema_markup":"","price":"desde $0 \/ mes","trial":"","benefits":[{"text":"Servicio de instalaci\u00f3n gratuito"},{"text":"Soporte premium"},{"text":"Garant\u00eda de reembolso de 14 d\u00edas"},{"text":"Mejoras peri\u00f3dicas"}],"button_url":"#demo","button_target_blank":"","button_nofollow":"","attributes":[{"name":"Instalar","content":"50,000 - 100,000"},{"name":"Sensible","content":"S\u00ed"},{"name":"Navegadores compatibles","content":"Firefox, Safari, Opera, Chrome, Edge"}],"tags":[],"tags_disable_links":"","hide_more_platforms":"","video_object":"","demo_hide_cta":"","demo_hide_cloud_options":"","pricing_title":"","pricing":[{"pricing_icon":"platform","pricing_title":"Elfsight Apps","pricing_title_caption":"Soluci\u00f3n digital multiplataforma","pricing_price":"desde $0 \/ mes","pricing_price_caption":"comienza con un plan gratuito","pricing_benefits":[{"text":"Dominios ilimitados"},{"text":"Soporte empresarial dedicado y bien documentado."},{"text":"Ayuda de instalaci\u00f3n gratuita"},{"text":"100% personalizable"}],"pricing_button_text":"A\u00f1adir al sitio web","pricing_button_url":"#demo"}],"related_apps_title":"","related_apps_hidden":"","author":"","image":[],"title":"","job":"","social_networks":[]},"_links":{"self":[{"href":"https:\/\/elfsight.com\/es\/wp-json\/wp\/v2\/pages\/17386","targetHints":{"allow":["GET"]}}],"collection":[{"href":"https:\/\/elfsight.com\/es\/wp-json\/wp\/v2\/pages"}],"about":[{"href":"https:\/\/elfsight.com\/es\/wp-json\/wp\/v2\/types\/page"}],"author":[{"embeddable":true,"href":"https:\/\/elfsight.com\/es\/wp-json\/wp\/v2\/users\/9"}],"replies":[{"embeddable":true,"href":"https:\/\/elfsight.com\/es\/wp-json\/wp\/v2\/comments?post=17386"}],"version-history":[{"count":1,"href":"https:\/\/elfsight.com\/es\/wp-json\/wp\/v2\/pages\/17386\/revisions"}],"predecessor-version":[{"id":17390,"href":"https:\/\/elfsight.com\/es\/wp-json\/wp\/v2\/pages\/17386\/revisions\/17390"}],"up":[{"embeddable":true,"href":"https:\/\/elfsight.com\/es\/wp-json\/wp\/v2\/pages\/16205"}],"wp:attachment":[{"href":"https:\/\/elfsight.com\/es\/wp-json\/wp\/v2\/media?parent=17386"}],"curies":[{"name":"wp","href":"https:\/\/api.w.org\/{rel}","templated":true}]}}