{"id":17381,"date":"2024-09-30T18:27:29","date_gmt":"2024-09-30T18:27:29","guid":{"rendered":"https:\/\/elfsight.com\/es\/?page_id=17381"},"modified":"2025-02-06T14:53:49","modified_gmt":"2025-02-06T14:53:49","slug":"godaddy","status":"publish","type":"page","link":"https:\/\/elfsight.com\/es\/calculator-form-widget\/godaddy\/","title":{"rendered":"calculator  godaddy"},"content":{"rendered":"<div class=\"application-platform-content-item-description application-platform-content-item\" id=\"description\" data-nav-section=\"description\"> <h2>Integre la Calculadora en GoDaddy con un complemento de Elfsight<\/h2> <p>El widget Calculadora proporciona a los visitantes de su sitio web una manera de planificar sus costos , rutas de viaje, proporciones de cocina y mucho m\u00e1s relacionado con su campo de actividad. Puede agregar campos obligatorios y opciones \u00fatiles a este widget integrado, para que los visitantes puedan inspeccionar las ventajas sin salir de la p\u00e1gina del sitio web. La l\u00f3gica condicional le ayuda a inventar patrones universales para cualquier escenario y cada cliente.<\/p><p>Los elementos variables como casillas de verificaci\u00f3n, controles deslizantes y listas desplegables le permiten incluir cualquier aspecto de la creaci\u00f3n de precios para diferentes ofertas. Por ejemplo, se pueden calcular pr\u00e9stamos con un porcentaje establecido para un per\u00edodo de tiempo requerido. Puede proporcionar un alquiler de autom\u00f3vil con muchos ajustes adicionales para elegir. Asimismo, la calculadora puede proyectar el viaje de sus sue\u00f1os siempre que se calcule el transporte, el alojamiento y las mejores excursiones. <\/p><p><b>\u00a1Ofrece a los visitantes de tu sitio web una experiencia de c\u00e1lculo amigable agregando el poderoso widget de conteo! <\/b><\/p><\/div> <div class=\"application-platform-content-item-features application-platform-content-item\" id=\"features\" data-nav-section=\"features\"> <h2>Estas son solo algunas de las funciones avanzadas del widget:<\/h2> <ul><li>Soluci\u00f3n con una interfaz sencilla que se adapta a cualquier operaci\u00f3n<\/li><li>M\u00faltiples opciones de campos de conteo para sus ideas<\/li><li>Funci\u00f3n de l\u00f3gica condicional que cubre incluso el conteo detallado<\/li><li>Plantillas ajustables para comenzar f\u00e1cilmente<\/li><li> Herramienta integrada que mejora la toma de decisiones<\/li><\/ul><p><a href=\"#demo\">Puedes descubrir la funcionalidad completa del widget en la demostraci\u00f3n aqu\u00ed mismo<\/a><\/p>[ \/application_platform_content_item] <div class=\"application-platform-content-item-installation application-platform-content-item\" id=\"installation\" data-nav-section=\"installation\"><\/div> <h2>\u00bfC\u00f3mo puedo insertar Calculadora en mi p\u00e1gina web de GoDaddy?<\/h2> <p>Simplemente aplique las instrucciones a continuaci\u00f3n para agregar el complemento.<\/p> <ol><li><b>Inicie nuestro editor gratuito y comience a crear su propio widget. <\/b><br> Encuentre el aspecto y la funcionalidad preferidos del complemento y aplique las modificaciones. <\/li> <li><b>Copia tu c\u00f3digo individual que se muestra en la ventana de Elfsight Apps. <\/b><br> Una vez finalizada la configuraci\u00f3n de su widget personal, copie el c\u00f3digo individual en la ventana emergente que aparece y gu\u00e1rdelo para futuras necesidades. <\/li> <li><b>Iniciar la aplicaci\u00f3n del widget en el sitio de GoDaddy. <\/b><br> Ingrese el c\u00f3digo que guard\u00f3 anteriormente en su sitio web y guarde las ediciones. <\/li> <li><b>La configuraci\u00f3n est\u00e1 completamente realizada. <\/b><br>Vaya a su sitio web para observar c\u00f3mo funciona el widget. <\/li><\/ol> <p>A condici\u00f3n de afrontar consultas o enfrentar algunas dificultades, no dude en dirigirse a nuestro equipo de soporte. Nuestros especialistas estar\u00e1n encantados de ayudarte con todas las dificultades que puedas tener con el producto. <\/p><\/div> ","protected":false},"excerpt":{"rendered":"","protected":false},"author":9,"featured_media":0,"parent":16205,"menu_order":0,"comment_status":"closed","ping_status":"closed","template":"templates\/template-application-platform.php","meta":{"publish_to_discourse":"","publish_post_category":"","wpdc_auto_publish_overridden":"","wpdc_topic_tags":"","wpdc_pin_topic":"","wpdc_pin_until":"","discourse_post_id":"","discourse_permalink":"","wpdc_publishing_response":"","wpdc_publishing_error":"","footnotes":""},"class_list":["post-17381","page","type-page","status-publish","hentry"],"yoast_head":"<!-- This site is optimized with the Yoast SEO plugin v25.3.1 - https:\/\/yoast.com\/wordpress\/plugins\/seo\/ -->\n<title>Calculadora GoDaddy - Incrustar calculadora en GoDaddy<\/title>\n<meta name=\"description\" content=\"Crea tu propia calculadora en un editor sencillo. Incorpore una calculadora GoDaddy en su sitio web para permitir contar directamente en la p\u00e1gina.\" \/>\n<meta name=\"robots\" content=\"index, follow, max-snippet:-1, max-image-preview:large, max-video-preview:-1\" \/>\n<link rel=\"canonical\" href=\"https:\/\/elfsight.com\/es\/calculator-form-widget\/godaddy\/\" \/>\n<meta property=\"og:locale\" content=\"es_ES\" \/>\n<meta property=\"og:type\" content=\"article\" \/>\n<meta property=\"og:title\" content=\"Calculadora GoDaddy - Incrustar calculadora en GoDaddy\" \/>\n<meta property=\"og:description\" content=\"Crea tu propia calculadora en un editor sencillo. Incorpore una calculadora GoDaddy en su sitio web para permitir contar directamente en la p\u00e1gina.\" \/>\n<meta property=\"og:url\" content=\"https:\/\/elfsight.com\/es\/calculator-form-widget\/godaddy\/\" \/>\n<meta property=\"og:site_name\" content=\"Elfsight ES\" \/>\n<meta property=\"article:modified_time\" content=\"2025-02-06T14:53:49+00:00\" \/>\n<meta name=\"twitter:card\" content=\"summary_large_image\" \/>\n<meta name=\"twitter:label1\" content=\"Tiempo de lectura\" \/>\n\t<meta name=\"twitter:data1\" content=\"2 minutos\" \/>\n<!-- \/ Yoast SEO plugin. -->","yoast_head_json":{"title":"Calculadora GoDaddy - Incrustar calculadora en GoDaddy","description":"Crea tu propia calculadora en un editor sencillo. Incorpore una calculadora GoDaddy en su sitio web para permitir contar directamente en la p\u00e1gina.","robots":{"index":"index","follow":"follow","max-snippet":"max-snippet:-1","max-image-preview":"max-image-preview:large","max-video-preview":"max-video-preview:-1"},"canonical":"https:\/\/elfsight.com\/es\/calculator-form-widget\/godaddy\/","og_locale":"es_ES","og_type":"article","og_title":"Calculadora GoDaddy - Incrustar calculadora en GoDaddy","og_description":"Crea tu propia calculadora en un editor sencillo. Incorpore una calculadora GoDaddy en su sitio web para permitir contar directamente en la p\u00e1gina.","og_url":"https:\/\/elfsight.com\/es\/calculator-form-widget\/godaddy\/","og_site_name":"Elfsight ES","article_modified_time":"2025-02-06T14:53:49+00:00","twitter_card":"summary_large_image","twitter_misc":{"Tiempo de lectura":"2 minutos"},"schema":{"@context":"https:\/\/schema.org","@graph":[{"@type":"WebPage","@id":"https:\/\/elfsight.com\/es\/calculator-form-widget\/godaddy\/","url":"https:\/\/elfsight.com\/es\/calculator-form-widget\/godaddy\/","name":"Calculadora GoDaddy - Incrustar calculadora en GoDaddy","isPartOf":{"@id":"https:\/\/elfsight.com\/es\/#website"},"datePublished":"2024-09-30T18:27:29+00:00","dateModified":"2025-02-06T14:53:49+00:00","description":"Crea tu propia calculadora en un editor sencillo. Incorpore una calculadora GoDaddy en su sitio web para permitir contar directamente en la p\u00e1gina.","breadcrumb":{"@id":"https:\/\/elfsight.com\/es\/calculator-form-widget\/godaddy\/#breadcrumb"},"inLanguage":"es","potentialAction":[{"@type":"ReadAction","target":["https:\/\/elfsight.com\/es\/calculator-form-widget\/godaddy\/"]}]},{"@type":"BreadcrumbList","@id":"https:\/\/elfsight.com\/es\/calculator-form-widget\/godaddy\/#breadcrumb","itemListElement":[{"@type":"ListItem","position":1,"name":"Home","item":"https:\/\/elfsight.com\/es\/"},{"@type":"ListItem","position":2,"name":"Calculator","item":"https:\/\/elfsight.com\/es\/calculator-form-widget\/"},{"@type":"ListItem","position":3,"name":"calculator godaddy"}]},{"@type":"WebSite","@id":"https:\/\/elfsight.com\/es\/#website","url":"https:\/\/elfsight.com\/es\/","name":"Elfsight ES","description":"Just another Elfsight Sites site","potentialAction":[{"@type":"SearchAction","target":{"@type":"EntryPoint","urlTemplate":"https:\/\/elfsight.com\/es\/?s={search_term_string}"},"query-input":{"@type":"PropertyValueSpecification","valueRequired":true,"valueName":"search_term_string"}}],"inLanguage":"es"}]}},"meta_box":{"industry":"","seo_heading":"","heading":"","description":"","cta_heading":"","cta_description":"","application":"16184","h1":"Insertar calculadora de GoDaddy","h1_caption":"Proporcione una calculadora personalizada para sus visitantes, ofreciendo soluciones r\u00e1pidas para cosas como precios, descuentos o c\u00e1lculos de retorno de la inversi\u00f3n en su sitio web GoDaddy sin esfuerzo.","application_category":[],"applications_title":"","applications_request_title":"","applications_request_button_text":"","hero_text":"","hero_video":"","hero_video_schema_markup":"","selling_points_title":"","selling_points_caption":"","selling_points":[],"selling_points_cta_text":"","features_title":"","features":"","ed_cta_examples_text":"","ed_cta_examples_hidden":"","ed_cta_demo_text":"","ed_cta_demo_hidden":"","why_caption":"","why_editor_title":"","why_editor_text":"","why_team_title":"","why_team_text":"","why_service_title":"","why_service_text":"","template_catalog_visible":"","template_catalog_title":"","template_catalog_text":"","template_catalog_categories_visible":"","demo_title":"Crea tu complemento de Calculadora","demo_caption":"\u00a1Configura tu Calculadora y agr\u00e9gala a tu sitio web de GoDaddy gratis!","default_faq_hidden":"","app_template_category":[],"platform":"2183","template_public_id":"","codecanyon_url":"","codecanyon_item_id":"","codecanyon_price":"","pricing_caption":"","pricing_elfsight_apps_hide_column":"","pricing_elfsight_apps_url":"","pricing_codecanyon_price_caption":"","integration_category":[],"integration_request_title":"","integration_request_cta":"","integration_platform":"","integrations":[],"platform_category":[],"video_schema_markup":"","price":"desde $0 \/ mes","trial":"","benefits":[{"text":"Ayuda de instalaci\u00f3n gratuita"},{"text":"Atenci\u00f3n al cliente experimentada"},{"text":"Garant\u00eda de devoluci\u00f3n de dinero de 14 d\u00edas"},{"text":"Mejoras peri\u00f3dicas"}],"button_url":"#demo","button_target_blank":"","button_nofollow":"","attributes":[{"name":"Instalar","content":"50,000 - 100,000"},{"name":"Sensible","content":"S\u00ed"},{"name":"Navegadores compatibles","content":"Firefox, Safari, Opera, Chrome, Edge"}],"tags":[],"tags_disable_links":"","hide_more_platforms":"","video_object":"","demo_hide_cta":"","demo_hide_cloud_options":"","pricing_title":"","pricing":[{"pricing_icon":"platform","pricing_title":"Elfsight Apps","pricing_title_caption":"Soluci\u00f3n multiplataforma que se adapta a cualquier sitio","pricing_price":"desde $0 \/ mes","pricing_price_caption":"comienza con un plan gratuito","pricing_benefits":[{"text":"Sitios web ilimitados"},{"text":"Soporte empresarial dedicado"},{"text":"Soporte de instalaci\u00f3n gratuito"},{"text":"100% personalizable"}],"pricing_button_text":"A\u00f1adir al sitio web","pricing_button_url":"#demo"}],"related_apps_title":"","related_apps_hidden":"","author":"","image":[],"title":"","job":"","social_networks":[]},"_links":{"self":[{"href":"https:\/\/elfsight.com\/es\/wp-json\/wp\/v2\/pages\/17381","targetHints":{"allow":["GET"]}}],"collection":[{"href":"https:\/\/elfsight.com\/es\/wp-json\/wp\/v2\/pages"}],"about":[{"href":"https:\/\/elfsight.com\/es\/wp-json\/wp\/v2\/types\/page"}],"author":[{"embeddable":true,"href":"https:\/\/elfsight.com\/es\/wp-json\/wp\/v2\/users\/9"}],"replies":[{"embeddable":true,"href":"https:\/\/elfsight.com\/es\/wp-json\/wp\/v2\/comments?post=17381"}],"version-history":[{"count":1,"href":"https:\/\/elfsight.com\/es\/wp-json\/wp\/v2\/pages\/17381\/revisions"}],"predecessor-version":[{"id":17385,"href":"https:\/\/elfsight.com\/es\/wp-json\/wp\/v2\/pages\/17381\/revisions\/17385"}],"up":[{"embeddable":true,"href":"https:\/\/elfsight.com\/es\/wp-json\/wp\/v2\/pages\/16205"}],"wp:attachment":[{"href":"https:\/\/elfsight.com\/es\/wp-json\/wp\/v2\/media?parent=17381"}],"curies":[{"name":"wp","href":"https:\/\/api.w.org\/{rel}","templated":true}]}}